{"id":34580,"date":"2025-11-24T17:08:35","date_gmt":"2025-11-24T22:08:35","guid":{"rendered":"https:\/\/www.mastercam.com\/solutions\/products\/mouvement-dynamique\/"},"modified":"2026-02-11T11:52:46","modified_gmt":"2026-02-11T16:52:46","slug":"mouvement-dynamique","status":"publish","type":"product","link":"https:\/\/www.mastercam.com\/fr\/solutions\/products\/mouvement-dynamique\/","title":{"rendered":"dynamic motion"},"content":{"rendered":"<div class=\"hero__breadcrumbs\">\n    <div class=\"container-fluid\">\n      <div class=\"row\">\n        <div class=\"col\">\n          <nav aria-label=\"breadcrumbs\"><ol class=\"breadcrumb\"><li><a href=\"https:\/\/www.mastercam.com\/fr\/\">Home<\/a><\/li><\/ol><\/nav>\n        <\/div>\n      <\/div>\n    <\/div>\n  <\/div>\n\n<div class=\"hero hero--minimal wp-block-acf-block-hero\">\n  <div class=\"container-fluid\">\n    <div class=\"row align-items-center\">\n      \n      \n      \n      <div class=\"col-12 col-lg-7 order-2 order-lg-2 hero__content-column\">\n        <div class=\"hero__content\">\n                      <h1 class=\"hero__heading\">\n              \n              Technologie dynamic motion\n            <\/h1>\n          \n          \n          \n          \n          \n                  <\/div>\n      <\/div>\n    <\/div>\n  <\/div>\n<\/div>\n\n<div class=\"wp-block-group is-style-light-gray-bg is-layout-constrained wp-block-group-is-layout-constrained\" style=\"padding-top:var(--wp--preset--spacing--6);padding-bottom:var(--wp--preset--spacing--6)\">\n<div class=\"wp-block-columns is-style-container is-layout-flex wp-container-core-columns-is-layout-28f84493 wp-block-columns-is-layout-flex\">\n<div class=\"wp-block-column is-layout-flow wp-block-column-is-layout-flow\">\n<h2 class=\"wp-block-heading has-text-align-left\">Pourquoi dynamic motion<\/h2>\n\n\n\n<p>La technologie dynamic motion transforme votre fa\u00e7on d\u2019usiner. Vos outils durent plus longtemps, vos pi\u00e8ces sont finies plus vite et vos machines fonctionnent avec plus de lissage \u2014 m\u00eame sur vos t\u00e2ches les plus difficiles. En optimisant les mouvements de coupe pour r\u00e9duire les forces sur vos \u00e9quipements, vous usinerez plus rapidement des composants complexes et des mat\u00e9riaux exigeants tout en prot\u00e9geant votre investissement en outils et machines. D\u00e9couvrez les avantages de dynamic motion en regardant ces courtes vid\u00e9os.   <\/p>\n\n\n<div class=\"container-fluid aligncenter wp-block-acf-block-cards\">\n  <div class=\"cards row g-4\">\n                                    <div class=\"col col-12 col-md-6 col-lg-4\">\n  <div class=\"card h-100 card--default\">\n          <img decoding=\"async\" src=\"https:\/\/www.mastercam.com\/wp-content\/uploads\/2025\/11\/icon-check-red.svg\" class=\"card-img-top\" alt=\"Mat\u00e9riaux difficiles, simplifi\u00e9s\" loading=\"lazy\" \/>\n    \n    <div class=\"card-body\">\n      \n      <h3 class=\"card-title\">Mat\u00e9riaux difficiles, simplifi\u00e9s<\/h3>\n\n              <p class=\"card-text\">Les mat\u00e9riaux durs posent des d\u00e9fis uniques \u2014 dynamic motion facilite l\u2019usinage des mat\u00e9riaux les plus difficiles.<\/p>\n      \n          <\/div>\n\n          \n      <div class=\"card-footer\">\n        <a class=\"btn btn-outline-secondary stretched-link\" href=\"https:\/\/youtu.be\/IxoAp_N7b3I\">\n          Regarder la vid\u00e9o<span class=\"sr-only\"> about Mat\u00e9riaux difficiles, simplifi\u00e9s<\/span>\n        <\/a>\n      <\/div>\n      <\/div>\n\n  <\/div>\n                                        <div class=\"col col-12 col-md-6 col-lg-4\">\n  <div class=\"card h-100 card--default\">\n          <img decoding=\"async\" src=\"https:\/\/www.mastercam.com\/wp-content\/uploads\/2025\/11\/icon-training.svg\" class=\"card-img-top\" alt=\"Optimisez chaque machine\" loading=\"lazy\" \/>\n    \n    <div class=\"card-body\">\n      \n      <h3 class=\"card-title\">Optimisez chaque machine<\/h3>\n\n              <p class=\"card-text\">Machines neuves, machines anciennes \u2014 dynamic motion am\u00e9liore les performances de toutes.<\/p>\n      \n          <\/div>\n\n          \n      <div class=\"card-footer\">\n        <a class=\"btn btn-outline-secondary stretched-link\" href=\"https:\/\/youtu.be\/U51ZO2Pb37U%5D\">\n          Regarder la vid\u00e9o<span class=\"sr-only\"> about Optimisez chaque machine<\/span>\n        <\/a>\n      <\/div>\n      <\/div>\n\n  <\/div>\n                                        <div class=\"col col-12 col-md-6 col-lg-4\">\n  <div class=\"card h-100 card--default\">\n          <img decoding=\"async\" src=\"https:\/\/www.mastercam.com\/wp-content\/uploads\/2025\/11\/icon-solution-arrow.svg\" class=\"card-img-top\" alt=\"R\u00e9duire le temps de cycle\" loading=\"lazy\" \/>\n    \n    <div class=\"card-body\">\n      \n      <h3 class=\"card-title\">R\u00e9duire le temps de cycle<\/h3>\n\n              <p class=\"card-text\">La technique dynamic motion, adapt\u00e9e au mat\u00e9riau, peut r\u00e9duire les temps de cycle de 25&amp;nbsp;% \u00e0 75&amp;nbsp;%.<\/p>\n      \n          <\/div>\n\n          \n      <div class=\"card-footer\">\n        <a class=\"btn btn-outline-secondary stretched-link\" href=\"https:\/\/youtu.be\/5WRE4jwnRE4?t=1\">\n          Regarder la vid\u00e9o<span class=\"sr-only\"> about R\u00e9duire le temps de cycle<\/span>\n        <\/a>\n      <\/div>\n      <\/div>\n\n  <\/div>\n                    <\/div>\n<\/div>\n\n\n<div class=\"container-fluid aligncenter wp-block-acf-block-cards\">\n  <div class=\"cards row g-4\">\n                                    <div class=\"col col-12 col-md-6 col-lg-4\">\n  <div class=\"card h-100 card--default\">\n          <img decoding=\"async\" src=\"https:\/\/www.mastercam.com\/wp-content\/uploads\/2025\/11\/icon-drivers.svg\" class=\"card-img-top\" alt=\"R\u00e9duire l\u2019usure des machines\" loading=\"lazy\" \/>\n    \n    <div class=\"card-body\">\n      \n      <h3 class=\"card-title\">R\u00e9duire l\u2019usure des machines<\/h3>\n\n              <p class=\"card-text\">Des mouvements avec plus de lissage et moins d\u2019inversions de trajectoire d\u2019outil r\u00e9duisent l\u2019usure de vos machines.<\/p>\n      \n          <\/div>\n\n          \n      <div class=\"card-footer\">\n        <a class=\"btn btn-outline-secondary stretched-link\" href=\"https:\/\/youtu.be\/lPv8_JxdHK01\">\n          Regarder la vid\u00e9o<span class=\"sr-only\"> about R\u00e9duire l\u2019usure des machines<\/span>\n        <\/a>\n      <\/div>\n      <\/div>\n\n  <\/div>\n                                        <div class=\"col col-12 col-md-6 col-lg-4\">\n  <div class=\"card h-100 card--default\">\n          <img decoding=\"async\" src=\"https:\/\/www.mastercam.com\/wp-content\/uploads\/2025\/11\/icon-results-chart.svg\" class=\"card-img-top\" alt=\"Prolonger la dur\u00e9e de vie des outils\" loading=\"lazy\" \/>\n    \n    <div class=\"card-body\">\n      \n      <h3 class=\"card-title\">Prolonger la dur\u00e9e de vie des outils<\/h3>\n\n              <p class=\"card-text\">Une dur\u00e9e de vie des outils nettement prolong\u00e9e, c\u2019est moins de changements d\u2019outil, plus de pi\u00e8ces et moins de d\u00e9penses.<\/p>\n      \n          <\/div>\n\n          \n      <div class=\"card-footer\">\n        <a class=\"btn btn-outline-secondary stretched-link\" href=\"https:\/\/www.youtube.com\/watch?v=kP9DcTABvXg\">\n          Regarder la vid\u00e9o<span class=\"sr-only\"> about Prolonger la dur\u00e9e de vie des outils<\/span>\n        <\/a>\n      <\/div>\n      <\/div>\n\n  <\/div>\n                    <\/div>\n<\/div>\n<\/div>\n<\/div>\n<\/div>\n","protected":false},"featured_media":34585,"parent":0,"menu_order":0,"template":"","meta":{"_acf_changed":false,"footnotes":""},"class_list":["post-34580","product","type-product","status-publish","has-post-thumbnail","hentry"],"acf":[],"yoast_head":"<!-- This site is optimized with the Yoast SEO plugin v27.3 - https:\/\/yoast.com\/product\/yoast-seo-wordpress\/ -->\n<title>dynamic motion - mastercam.com<\/title>\n<meta name=\"description\" content=\"D\u00e9couvrez la technologie dynamic motion pour am\u00e9liorer votre processus d\u2019usinage et r\u00e9duire les temps de cycle jusqu\u2019\u00e0 75\u00a0%.\" \/>\n<meta name=\"robots\" content=\"index, follow, max-snippet:-1, max-image-preview:large, max-video-preview:-1\" \/>\n<link rel=\"canonical\" href=\"https:\/\/www.mastercam.com\/fr\/solutions\/products\/mouvement-dynamique\/\" \/>\n<meta property=\"og:locale\" content=\"fr_FR\" \/>\n<meta property=\"og:type\" content=\"article\" \/>\n<meta property=\"og:title\" content=\"dynamic motion - mastercam.com\" \/>\n<meta property=\"og:description\" content=\"D\u00e9couvrez la technologie dynamic motion pour am\u00e9liorer votre processus d\u2019usinage et r\u00e9duire les temps de cycle jusqu\u2019\u00e0 75\u00a0%.\" \/>\n<meta property=\"og:url\" content=\"https:\/\/www.mastercam.com\/fr\/solutions\/products\/mouvement-dynamique\/\" \/>\n<meta property=\"og:site_name\" content=\"mastercam.com\" \/>\n<meta property=\"article:publisher\" content=\"https:\/\/www.facebook.com\/Mastercam\/\" \/>\n<meta property=\"article:modified_time\" content=\"2026-02-11T16:52:46+00:00\" \/>\n<meta property=\"og:image\" content=\"https:\/\/www.mastercam.com\/wp-content\/uploads\/2025\/11\/0161-1024x683.jpg\" \/>\n<meta name=\"twitter:card\" content=\"summary_large_image\" \/>\n<meta name=\"twitter:site\" content=\"@mastercam\" \/>\n<script type=\"application\/ld+json\" class=\"yoast-schema-graph\">{\"@context\":\"https:\\\/\\\/schema.org\",\"@graph\":[{\"@type\":\"WebPage\",\"@id\":\"https:\\\/\\\/www.mastercam.com\\\/fr\\\/solutions\\\/products\\\/mouvement-dynamique\\\/\",\"url\":\"https:\\\/\\\/www.mastercam.com\\\/fr\\\/solutions\\\/products\\\/mouvement-dynamique\\\/\",\"name\":\"dynamic motion - mastercam.com\",\"isPartOf\":{\"@id\":\"https:\\\/\\\/www.mastercam.com\\\/fr\\\/#website\"},\"primaryImageOfPage\":{\"@id\":\"https:\\\/\\\/www.mastercam.com\\\/fr\\\/solutions\\\/products\\\/mouvement-dynamique\\\/#primaryimage\"},\"image\":{\"@id\":\"https:\\\/\\\/www.mastercam.com\\\/fr\\\/solutions\\\/products\\\/mouvement-dynamique\\\/#primaryimage\"},\"thumbnailUrl\":\"https:\\\/\\\/www.mastercam.com\\\/wp-content\\\/uploads\\\/2025\\\/11\\\/Mastercam-Dynamic-Motion-web.png\",\"datePublished\":\"2025-11-24T22:08:35+00:00\",\"dateModified\":\"2026-02-11T16:52:46+00:00\",\"description\":\"D\u00e9couvrez la technologie dynamic motion pour am\u00e9liorer votre processus d\u2019usinage et r\u00e9duire les temps de cycle jusqu\u2019\u00e0 75\u00a0%.\",\"breadcrumb\":{\"@id\":\"https:\\\/\\\/www.mastercam.com\\\/fr\\\/solutions\\\/products\\\/mouvement-dynamique\\\/#breadcrumb\"},\"inLanguage\":\"fr-FR\",\"potentialAction\":[{\"@type\":\"ReadAction\",\"target\":[\"https:\\\/\\\/www.mastercam.com\\\/fr\\\/solutions\\\/products\\\/mouvement-dynamique\\\/\"]}]},{\"@type\":\"ImageObject\",\"inLanguage\":\"fr-FR\",\"@id\":\"https:\\\/\\\/www.mastercam.com\\\/fr\\\/solutions\\\/products\\\/mouvement-dynamique\\\/#primaryimage\",\"url\":\"https:\\\/\\\/www.mastercam.com\\\/wp-content\\\/uploads\\\/2025\\\/11\\\/Mastercam-Dynamic-Motion-web.png\",\"contentUrl\":\"https:\\\/\\\/www.mastercam.com\\\/wp-content\\\/uploads\\\/2025\\\/11\\\/Mastercam-Dynamic-Motion-web.png\",\"width\":1000,\"height\":1000},{\"@type\":\"BreadcrumbList\",\"@id\":\"https:\\\/\\\/www.mastercam.com\\\/fr\\\/solutions\\\/products\\\/mouvement-dynamique\\\/#breadcrumb\",\"itemListElement\":[{\"@type\":\"ListItem\",\"position\":1,\"name\":\"Home\",\"item\":\"https:\\\/\\\/www.mastercam.com\\\/fr\\\/\"},{\"@type\":\"ListItem\",\"position\":2,\"name\":\"dynamic motion\"}]},{\"@type\":\"WebSite\",\"@id\":\"https:\\\/\\\/www.mastercam.com\\\/fr\\\/#website\",\"url\":\"https:\\\/\\\/www.mastercam.com\\\/fr\\\/\",\"name\":\"Mastercam\",\"description\":\"Creating software and services that solve the world&#039;s manufacturing challenges\",\"publisher\":{\"@id\":\"https:\\\/\\\/www.mastercam.com\\\/fr\\\/#organization\"},\"potentialAction\":[{\"@type\":\"SearchAction\",\"target\":{\"@type\":\"EntryPoint\",\"urlTemplate\":\"https:\\\/\\\/www.mastercam.com\\\/fr\\\/?s={search_term_string}\"},\"query-input\":{\"@type\":\"PropertyValueSpecification\",\"valueRequired\":true,\"valueName\":\"search_term_string\"}}],\"inLanguage\":\"fr-FR\"},{\"@type\":\"Organization\",\"@id\":\"https:\\\/\\\/www.mastercam.com\\\/fr\\\/#organization\",\"name\":\"Mastercam\",\"url\":\"https:\\\/\\\/www.mastercam.com\\\/fr\\\/\",\"logo\":{\"@type\":\"ImageObject\",\"inLanguage\":\"fr-FR\",\"@id\":\"https:\\\/\\\/www.mastercam.com\\\/fr\\\/#\\\/schema\\\/logo\\\/image\\\/\",\"url\":\"https:\\\/\\\/www.mastercam.com\\\/wp-content\\\/uploads\\\/2023\\\/02\\\/MC_logo.svg\",\"contentUrl\":\"https:\\\/\\\/www.mastercam.com\\\/wp-content\\\/uploads\\\/2023\\\/02\\\/MC_logo.svg\",\"width\":230,\"height\":40,\"caption\":\"Mastercam\"},\"image\":{\"@id\":\"https:\\\/\\\/www.mastercam.com\\\/fr\\\/#\\\/schema\\\/logo\\\/image\\\/\"},\"sameAs\":[\"https:\\\/\\\/www.facebook.com\\\/Mastercam\\\/\",\"https:\\\/\\\/x.com\\\/mastercam\",\"https:\\\/\\\/www.linkedin.com\\\/company\\\/mastercam\",\"https:\\\/\\\/www.youtube.com\\\/channel\\\/UChJt5ruSkqnmFH44WsXVZLw\",\"https:\\\/\\\/www.instagram.com\\\/mastercam\\\/\"]}]}<\/script>\n<!-- \/ Yoast SEO plugin. -->","yoast_head_json":{"title":"dynamic motion - mastercam.com","description":"D\u00e9couvrez la technologie dynamic motion pour am\u00e9liorer votre processus d\u2019usinage et r\u00e9duire les temps de cycle jusqu\u2019\u00e0 75\u00a0%.","robots":{"index":"index","follow":"follow","max-snippet":"max-snippet:-1","max-image-preview":"max-image-preview:large","max-video-preview":"max-video-preview:-1"},"canonical":"https:\/\/www.mastercam.com\/fr\/solutions\/products\/mouvement-dynamique\/","og_locale":"fr_FR","og_type":"article","og_title":"dynamic motion - mastercam.com","og_description":"D\u00e9couvrez la technologie dynamic motion pour am\u00e9liorer votre processus d\u2019usinage et r\u00e9duire les temps de cycle jusqu\u2019\u00e0 75\u00a0%.","og_url":"https:\/\/www.mastercam.com\/fr\/solutions\/products\/mouvement-dynamique\/","og_site_name":"mastercam.com","article_publisher":"https:\/\/www.facebook.com\/Mastercam\/","article_modified_time":"2026-02-11T16:52:46+00:00","og_image":[{"url":"https:\/\/www.mastercam.com\/wp-content\/uploads\/2025\/11\/0161-1024x683.jpg","type":"","width":"","height":""}],"twitter_card":"summary_large_image","twitter_site":"@mastercam","schema":{"@context":"https:\/\/schema.org","@graph":[{"@type":"WebPage","@id":"https:\/\/www.mastercam.com\/fr\/solutions\/products\/mouvement-dynamique\/","url":"https:\/\/www.mastercam.com\/fr\/solutions\/products\/mouvement-dynamique\/","name":"dynamic motion - mastercam.com","isPartOf":{"@id":"https:\/\/www.mastercam.com\/fr\/#website"},"primaryImageOfPage":{"@id":"https:\/\/www.mastercam.com\/fr\/solutions\/products\/mouvement-dynamique\/#primaryimage"},"image":{"@id":"https:\/\/www.mastercam.com\/fr\/solutions\/products\/mouvement-dynamique\/#primaryimage"},"thumbnailUrl":"https:\/\/www.mastercam.com\/wp-content\/uploads\/2025\/11\/Mastercam-Dynamic-Motion-web.png","datePublished":"2025-11-24T22:08:35+00:00","dateModified":"2026-02-11T16:52:46+00:00","description":"D\u00e9couvrez la technologie dynamic motion pour am\u00e9liorer votre processus d\u2019usinage et r\u00e9duire les temps de cycle jusqu\u2019\u00e0 75\u00a0%.","breadcrumb":{"@id":"https:\/\/www.mastercam.com\/fr\/solutions\/products\/mouvement-dynamique\/#breadcrumb"},"inLanguage":"fr-FR","potentialAction":[{"@type":"ReadAction","target":["https:\/\/www.mastercam.com\/fr\/solutions\/products\/mouvement-dynamique\/"]}]},{"@type":"ImageObject","inLanguage":"fr-FR","@id":"https:\/\/www.mastercam.com\/fr\/solutions\/products\/mouvement-dynamique\/#primaryimage","url":"https:\/\/www.mastercam.com\/wp-content\/uploads\/2025\/11\/Mastercam-Dynamic-Motion-web.png","contentUrl":"https:\/\/www.mastercam.com\/wp-content\/uploads\/2025\/11\/Mastercam-Dynamic-Motion-web.png","width":1000,"height":1000},{"@type":"BreadcrumbList","@id":"https:\/\/www.mastercam.com\/fr\/solutions\/products\/mouvement-dynamique\/#breadcrumb","itemListElement":[{"@type":"ListItem","position":1,"name":"Home","item":"https:\/\/www.mastercam.com\/fr\/"},{"@type":"ListItem","position":2,"name":"dynamic motion"}]},{"@type":"WebSite","@id":"https:\/\/www.mastercam.com\/fr\/#website","url":"https:\/\/www.mastercam.com\/fr\/","name":"Mastercam","description":"Creating software and services that solve the world&#039;s manufacturing challenges","publisher":{"@id":"https:\/\/www.mastercam.com\/fr\/#organization"},"potentialAction":[{"@type":"SearchAction","target":{"@type":"EntryPoint","urlTemplate":"https:\/\/www.mastercam.com\/fr\/?s={search_term_string}"},"query-input":{"@type":"PropertyValueSpecification","valueRequired":true,"valueName":"search_term_string"}}],"inLanguage":"fr-FR"},{"@type":"Organization","@id":"https:\/\/www.mastercam.com\/fr\/#organization","name":"Mastercam","url":"https:\/\/www.mastercam.com\/fr\/","logo":{"@type":"ImageObject","inLanguage":"fr-FR","@id":"https:\/\/www.mastercam.com\/fr\/#\/schema\/logo\/image\/","url":"https:\/\/www.mastercam.com\/wp-content\/uploads\/2023\/02\/MC_logo.svg","contentUrl":"https:\/\/www.mastercam.com\/wp-content\/uploads\/2023\/02\/MC_logo.svg","width":230,"height":40,"caption":"Mastercam"},"image":{"@id":"https:\/\/www.mastercam.com\/fr\/#\/schema\/logo\/image\/"},"sameAs":["https:\/\/www.facebook.com\/Mastercam\/","https:\/\/x.com\/mastercam","https:\/\/www.linkedin.com\/company\/mastercam","https:\/\/www.youtube.com\/channel\/UChJt5ruSkqnmFH44WsXVZLw","https:\/\/www.instagram.com\/mastercam\/"]}]}},"_links":{"self":[{"href":"https:\/\/www.mastercam.com\/fr\/wp-json\/wp\/v2\/product\/34580","targetHints":{"allow":["GET"]}}],"collection":[{"href":"https:\/\/www.mastercam.com\/fr\/wp-json\/wp\/v2\/product"}],"about":[{"href":"https:\/\/www.mastercam.com\/fr\/wp-json\/wp\/v2\/types\/product"}],"version-history":[{"count":0,"href":"https:\/\/www.mastercam.com\/fr\/wp-json\/wp\/v2\/product\/34580\/revisions"}],"wp:featuredmedia":[{"embeddable":true,"href":"https:\/\/www.mastercam.com\/fr\/wp-json\/wp\/v2\/media\/34585"}],"wp:attachment":[{"href":"https:\/\/www.mastercam.com\/fr\/wp-json\/wp\/v2\/media?parent=34580"}],"curies":[{"name":"wp","href":"https:\/\/api.w.org\/{rel}","templated":true}]}}