{"id":36237,"date":"2026-01-02T08:04:10","date_gmt":"2026-01-02T13:04:10","guid":{"rendered":"https:\/\/www.mastercam.com\/communaute\/mastercam-suisse\/"},"modified":"2026-03-11T05:29:13","modified_gmt":"2026-03-11T09:29:13","slug":"mastercam-suisse","status":"publish","type":"page","link":"https:\/\/www.mastercam.com\/fr\/actualites\/mastercam-suisse\/","title":{"rendered":"Mastercam Su\u00e8de"},"content":{"rendered":"<figure class=\"wp-block-image size-large is-resized\"><img loading=\"lazy\" decoding=\"async\" width=\"1024\" height=\"768\" src=\"https:\/\/www.mastercam.com\/wp-content\/uploads\/2025\/10\/Picture1-1-1024x768.jpg\" alt=\"La banni&#xE8;re de l'&#xE9;v&#xE9;nement EuroSkills 2025 &#xE0; Herning, au Danemark, pr&#xE9;sente l'excellence professionnelle et la durabilit&#xE9;\" class=\"wp-image-33323\" style=\"width:721px;height:auto\" srcset=\"https:\/\/www.mastercam.com\/wp-content\/uploads\/2025\/10\/Picture1-1-1024x768.jpg 1024w, https:\/\/www.mastercam.com\/wp-content\/uploads\/2025\/10\/Picture1-1-300x225.jpg 300w, https:\/\/www.mastercam.com\/wp-content\/uploads\/2025\/10\/Picture1-1-768x576.jpg 768w, https:\/\/www.mastercam.com\/wp-content\/uploads\/2025\/10\/Picture1-1-120x90.jpg 120w, https:\/\/www.mastercam.com\/wp-content\/uploads\/2025\/10\/Picture1-1-240x180.jpg 240w, https:\/\/www.mastercam.com\/wp-content\/uploads\/2025\/10\/Picture1-1-320x240.jpg 320w\" sizes=\"auto, (max-width: 1024px) 100vw, 1024px\" \/><\/figure>\n\n<p>Herning, au Danemark, s&rsquo;est anim\u00e9e au d\u00e9but du mois de septembre pour accueillir EuroSkills 2025, un rassemblement qui est devenu le c\u0153ur battant de l&rsquo;Europe en mati\u00e8re d&rsquo;excellence professionnelle. Pendant cinq jours pleins d&rsquo;action, plus de 100 000 visiteurs ont &hellip;<\/p>","protected":false},"excerpt":{"rendered":"<figure class=\"wp-block-image size-large is-resized\"><img loading=\"lazy\" decoding=\"async\" width=\"1024\" height=\"768\" src=\"https:\/\/www.mastercam.com\/wp-content\/uploads\/2025\/10\/Picture1-1-1024x768.jpg\" alt=\"La banni&#xE8;re de l'&#xE9;v&#xE9;nement EuroSkills 2025 &#xE0; Herning, au Danemark, pr&#xE9;sente l'excellence professionnelle et la durabilit&#xE9;\" class=\"wp-image-33323\" style=\"width:721px;height:auto\" srcset=\"https:\/\/www.mastercam.com\/wp-content\/uploads\/2025\/10\/Picture1-1-1024x768.jpg 1024w, https:\/\/www.mastercam.com\/wp-content\/uploads\/2025\/10\/Picture1-1-300x225.jpg 300w, https:\/\/www.mastercam.com\/wp-content\/uploads\/2025\/10\/Picture1-1-768x576.jpg 768w, https:\/\/www.mastercam.com\/wp-content\/uploads\/2025\/10\/Picture1-1-120x90.jpg 120w, https:\/\/www.mastercam.com\/wp-content\/uploads\/2025\/10\/Picture1-1-240x180.jpg 240w, https:\/\/www.mastercam.com\/wp-content\/uploads\/2025\/10\/Picture1-1-320x240.jpg 320w\" sizes=\"auto, (max-width: 1024px) 100vw, 1024px\" \/><\/figure>\n\n<p>Herning, au Danemark, s&rsquo;est anim\u00e9e au d\u00e9but du mois de septembre pour accueillir EuroSkills 2025, un rassemblement qui est devenu le c\u0153ur battant de l&rsquo;Europe en mati\u00e8re d&rsquo;excellence professionnelle. Pendant cinq jours pleins d&rsquo;action, plus de 100 000 visiteurs ont &hellip;<\/p>","protected":false},"author":1,"featured_media":36239,"parent":34771,"menu_order":0,"comment_status":"closed","ping_status":"closed","template":"","meta":{"_acf_changed":true,"footnotes":""},"class_list":["post-36237","page","type-page","status-publish","has-post-thumbnail","hentry"],"acf":[],"yoast_head":"<!-- This site is optimized with the Yoast SEO plugin v27.3 - https:\/\/yoast.com\/product\/yoast-seo-wordpress\/ -->\n<title>Mastercam Sverige - mastercam.com<\/title>\n<meta name=\"description\" content=\"Advanced Mechanical Engineering AB (AME), le plus grand partenaire commercial en Su\u00e8de, est d\u00e9sormais un partenaire officiel de Mastercam et a obtenu le\" \/>\n<meta name=\"robots\" content=\"index, follow, max-snippet:-1, max-image-preview:large, max-video-preview:-1\" \/>\n<link rel=\"canonical\" href=\"https:\/\/www.mastercam.com\/fr\/actualites\/mastercam-suisse\/\" \/>\n<meta property=\"og:locale\" content=\"fr_FR\" \/>\n<meta property=\"og:type\" content=\"article\" \/>\n<meta property=\"og:title\" content=\"Mastercam Sverige - mastercam.com\" \/>\n<meta property=\"og:description\" content=\"Advanced Mechanical Engineering AB (AME), le plus grand partenaire commercial en Su\u00e8de, est d\u00e9sormais un partenaire officiel de Mastercam et a obtenu le\" \/>\n<meta property=\"og:url\" content=\"https:\/\/www.mastercam.com\/fr\/actualites\/mastercam-suisse\/\" \/>\n<meta property=\"og:site_name\" content=\"mastercam.com\" \/>\n<meta property=\"article:publisher\" content=\"https:\/\/www.facebook.com\/Mastercam\/\" \/>\n<meta property=\"article:modified_time\" content=\"2026-03-11T09:29:13+00:00\" \/>\n<meta property=\"og:image\" content=\"https:\/\/www.mastercam.com\/wp-content\/uploads\/2025\/12\/Sverige.png\" \/>\n\t<meta property=\"og:image:width\" content=\"960\" \/>\n\t<meta property=\"og:image:height\" content=\"540\" \/>\n\t<meta property=\"og:image:type\" content=\"image\/png\" \/>\n<meta name=\"twitter:card\" content=\"summary_large_image\" \/>\n<meta name=\"twitter:site\" content=\"@mastercam\" \/>\n<meta name=\"twitter:label1\" content=\"Est. reading time\" \/>\n\t<meta name=\"twitter:data1\" content=\"3 minutes\" \/>\n<script type=\"application\/ld+json\" class=\"yoast-schema-graph\">{\"@context\":\"https:\\\/\\\/schema.org\",\"@graph\":[{\"@type\":\"WebPage\",\"@id\":\"https:\\\/\\\/www.mastercam.com\\\/fr\\\/actualites\\\/mastercam-suisse\\\/\",\"url\":\"https:\\\/\\\/www.mastercam.com\\\/fr\\\/actualites\\\/mastercam-suisse\\\/\",\"name\":\"Mastercam Sverige - mastercam.com\",\"isPartOf\":{\"@id\":\"https:\\\/\\\/www.mastercam.com\\\/fr\\\/#website\"},\"primaryImageOfPage\":{\"@id\":\"https:\\\/\\\/www.mastercam.com\\\/fr\\\/actualites\\\/mastercam-suisse\\\/#primaryimage\"},\"image\":{\"@id\":\"https:\\\/\\\/www.mastercam.com\\\/fr\\\/actualites\\\/mastercam-suisse\\\/#primaryimage\"},\"thumbnailUrl\":\"https:\\\/\\\/www.mastercam.com\\\/wp-content\\\/uploads\\\/2025\\\/12\\\/Sverige.png\",\"datePublished\":\"2026-01-02T13:04:10+00:00\",\"dateModified\":\"2026-03-11T09:29:13+00:00\",\"description\":\"Advanced Mechanical Engineering AB (AME), le plus grand partenaire commercial en Su\u00e8de, est d\u00e9sormais un partenaire officiel de Mastercam et a obtenu le\",\"breadcrumb\":{\"@id\":\"https:\\\/\\\/www.mastercam.com\\\/fr\\\/actualites\\\/mastercam-suisse\\\/#breadcrumb\"},\"inLanguage\":\"fr-FR\",\"potentialAction\":[{\"@type\":\"ReadAction\",\"target\":[\"https:\\\/\\\/www.mastercam.com\\\/fr\\\/actualites\\\/mastercam-suisse\\\/\"]}]},{\"@type\":\"ImageObject\",\"inLanguage\":\"fr-FR\",\"@id\":\"https:\\\/\\\/www.mastercam.com\\\/fr\\\/actualites\\\/mastercam-suisse\\\/#primaryimage\",\"url\":\"https:\\\/\\\/www.mastercam.com\\\/wp-content\\\/uploads\\\/2025\\\/12\\\/Sverige.png\",\"contentUrl\":\"https:\\\/\\\/www.mastercam.com\\\/wp-content\\\/uploads\\\/2025\\\/12\\\/Sverige.png\",\"width\":960,\"height\":540,\"caption\":\"AME devient Mastercam Sverige\"},{\"@type\":\"BreadcrumbList\",\"@id\":\"https:\\\/\\\/www.mastercam.com\\\/fr\\\/actualites\\\/mastercam-suisse\\\/#breadcrumb\",\"itemListElement\":[{\"@type\":\"ListItem\",\"position\":1,\"name\":\"Home\",\"item\":\"https:\\\/\\\/www.mastercam.com\\\/fr\\\/\"},{\"@type\":\"ListItem\",\"position\":2,\"name\":\"Actualit\u00e9s\",\"item\":\"https:\\\/\\\/www.mastercam.com\\\/fr\\\/actualites\\\/\"},{\"@type\":\"ListItem\",\"position\":3,\"name\":\"Mastercam Su\u00e8de\"}]},{\"@type\":\"WebSite\",\"@id\":\"https:\\\/\\\/www.mastercam.com\\\/fr\\\/#website\",\"url\":\"https:\\\/\\\/www.mastercam.com\\\/fr\\\/\",\"name\":\"Mastercam\",\"description\":\"Creating software and services that solve the world&#039;s manufacturing challenges\",\"publisher\":{\"@id\":\"https:\\\/\\\/www.mastercam.com\\\/fr\\\/#organization\"},\"potentialAction\":[{\"@type\":\"SearchAction\",\"target\":{\"@type\":\"EntryPoint\",\"urlTemplate\":\"https:\\\/\\\/www.mastercam.com\\\/fr\\\/?s={search_term_string}\"},\"query-input\":{\"@type\":\"PropertyValueSpecification\",\"valueRequired\":true,\"valueName\":\"search_term_string\"}}],\"inLanguage\":\"fr-FR\"},{\"@type\":\"Organization\",\"@id\":\"https:\\\/\\\/www.mastercam.com\\\/fr\\\/#organization\",\"name\":\"Mastercam\",\"url\":\"https:\\\/\\\/www.mastercam.com\\\/fr\\\/\",\"logo\":{\"@type\":\"ImageObject\",\"inLanguage\":\"fr-FR\",\"@id\":\"https:\\\/\\\/www.mastercam.com\\\/fr\\\/#\\\/schema\\\/logo\\\/image\\\/\",\"url\":\"https:\\\/\\\/www.mastercam.com\\\/wp-content\\\/uploads\\\/2023\\\/02\\\/MC_logo.svg\",\"contentUrl\":\"https:\\\/\\\/www.mastercam.com\\\/wp-content\\\/uploads\\\/2023\\\/02\\\/MC_logo.svg\",\"width\":230,\"height\":40,\"caption\":\"Mastercam\"},\"image\":{\"@id\":\"https:\\\/\\\/www.mastercam.com\\\/fr\\\/#\\\/schema\\\/logo\\\/image\\\/\"},\"sameAs\":[\"https:\\\/\\\/www.facebook.com\\\/Mastercam\\\/\",\"https:\\\/\\\/x.com\\\/mastercam\",\"https:\\\/\\\/www.linkedin.com\\\/company\\\/mastercam\",\"https:\\\/\\\/www.youtube.com\\\/channel\\\/UChJt5ruSkqnmFH44WsXVZLw\",\"https:\\\/\\\/www.instagram.com\\\/mastercam\\\/\"]}]}<\/script>\n<!-- \/ Yoast SEO plugin. -->","yoast_head_json":{"title":"Mastercam Sverige - mastercam.com","description":"Advanced Mechanical Engineering AB (AME), le plus grand partenaire commercial en Su\u00e8de, est d\u00e9sormais un partenaire officiel de Mastercam et a obtenu le","robots":{"index":"index","follow":"follow","max-snippet":"max-snippet:-1","max-image-preview":"max-image-preview:large","max-video-preview":"max-video-preview:-1"},"canonical":"https:\/\/www.mastercam.com\/fr\/actualites\/mastercam-suisse\/","og_locale":"fr_FR","og_type":"article","og_title":"Mastercam Sverige - mastercam.com","og_description":"Advanced Mechanical Engineering AB (AME), le plus grand partenaire commercial en Su\u00e8de, est d\u00e9sormais un partenaire officiel de Mastercam et a obtenu le","og_url":"https:\/\/www.mastercam.com\/fr\/actualites\/mastercam-suisse\/","og_site_name":"mastercam.com","article_publisher":"https:\/\/www.facebook.com\/Mastercam\/","article_modified_time":"2026-03-11T09:29:13+00:00","og_image":[{"width":960,"height":540,"url":"https:\/\/www.mastercam.com\/wp-content\/uploads\/2025\/12\/Sverige.png","type":"image\/png"}],"twitter_card":"summary_large_image","twitter_site":"@mastercam","twitter_misc":{"Est. reading time":"3 minutes"},"schema":{"@context":"https:\/\/schema.org","@graph":[{"@type":"WebPage","@id":"https:\/\/www.mastercam.com\/fr\/actualites\/mastercam-suisse\/","url":"https:\/\/www.mastercam.com\/fr\/actualites\/mastercam-suisse\/","name":"Mastercam Sverige - mastercam.com","isPartOf":{"@id":"https:\/\/www.mastercam.com\/fr\/#website"},"primaryImageOfPage":{"@id":"https:\/\/www.mastercam.com\/fr\/actualites\/mastercam-suisse\/#primaryimage"},"image":{"@id":"https:\/\/www.mastercam.com\/fr\/actualites\/mastercam-suisse\/#primaryimage"},"thumbnailUrl":"https:\/\/www.mastercam.com\/wp-content\/uploads\/2025\/12\/Sverige.png","datePublished":"2026-01-02T13:04:10+00:00","dateModified":"2026-03-11T09:29:13+00:00","description":"Advanced Mechanical Engineering AB (AME), le plus grand partenaire commercial en Su\u00e8de, est d\u00e9sormais un partenaire officiel de Mastercam et a obtenu le","breadcrumb":{"@id":"https:\/\/www.mastercam.com\/fr\/actualites\/mastercam-suisse\/#breadcrumb"},"inLanguage":"fr-FR","potentialAction":[{"@type":"ReadAction","target":["https:\/\/www.mastercam.com\/fr\/actualites\/mastercam-suisse\/"]}]},{"@type":"ImageObject","inLanguage":"fr-FR","@id":"https:\/\/www.mastercam.com\/fr\/actualites\/mastercam-suisse\/#primaryimage","url":"https:\/\/www.mastercam.com\/wp-content\/uploads\/2025\/12\/Sverige.png","contentUrl":"https:\/\/www.mastercam.com\/wp-content\/uploads\/2025\/12\/Sverige.png","width":960,"height":540,"caption":"AME devient Mastercam Sverige"},{"@type":"BreadcrumbList","@id":"https:\/\/www.mastercam.com\/fr\/actualites\/mastercam-suisse\/#breadcrumb","itemListElement":[{"@type":"ListItem","position":1,"name":"Home","item":"https:\/\/www.mastercam.com\/fr\/"},{"@type":"ListItem","position":2,"name":"Actualit\u00e9s","item":"https:\/\/www.mastercam.com\/fr\/actualites\/"},{"@type":"ListItem","position":3,"name":"Mastercam Su\u00e8de"}]},{"@type":"WebSite","@id":"https:\/\/www.mastercam.com\/fr\/#website","url":"https:\/\/www.mastercam.com\/fr\/","name":"Mastercam","description":"Creating software and services that solve the world&#039;s manufacturing challenges","publisher":{"@id":"https:\/\/www.mastercam.com\/fr\/#organization"},"potentialAction":[{"@type":"SearchAction","target":{"@type":"EntryPoint","urlTemplate":"https:\/\/www.mastercam.com\/fr\/?s={search_term_string}"},"query-input":{"@type":"PropertyValueSpecification","valueRequired":true,"valueName":"search_term_string"}}],"inLanguage":"fr-FR"},{"@type":"Organization","@id":"https:\/\/www.mastercam.com\/fr\/#organization","name":"Mastercam","url":"https:\/\/www.mastercam.com\/fr\/","logo":{"@type":"ImageObject","inLanguage":"fr-FR","@id":"https:\/\/www.mastercam.com\/fr\/#\/schema\/logo\/image\/","url":"https:\/\/www.mastercam.com\/wp-content\/uploads\/2023\/02\/MC_logo.svg","contentUrl":"https:\/\/www.mastercam.com\/wp-content\/uploads\/2023\/02\/MC_logo.svg","width":230,"height":40,"caption":"Mastercam"},"image":{"@id":"https:\/\/www.mastercam.com\/fr\/#\/schema\/logo\/image\/"},"sameAs":["https:\/\/www.facebook.com\/Mastercam\/","https:\/\/x.com\/mastercam","https:\/\/www.linkedin.com\/company\/mastercam","https:\/\/www.youtube.com\/channel\/UChJt5ruSkqnmFH44WsXVZLw","https:\/\/www.instagram.com\/mastercam\/"]}]}},"_links":{"self":[{"href":"https:\/\/www.mastercam.com\/fr\/wp-json\/wp\/v2\/pages\/36237","targetHints":{"allow":["GET"]}}],"collection":[{"href":"https:\/\/www.mastercam.com\/fr\/wp-json\/wp\/v2\/pages"}],"about":[{"href":"https:\/\/www.mastercam.com\/fr\/wp-json\/wp\/v2\/types\/page"}],"author":[{"embeddable":true,"href":"https:\/\/www.mastercam.com\/fr\/wp-json\/wp\/v2\/users\/1"}],"replies":[{"embeddable":true,"href":"https:\/\/www.mastercam.com\/fr\/wp-json\/wp\/v2\/comments?post=36237"}],"version-history":[{"count":0,"href":"https:\/\/www.mastercam.com\/fr\/wp-json\/wp\/v2\/pages\/36237\/revisions"}],"up":[{"embeddable":true,"href":"https:\/\/www.mastercam.com\/fr\/wp-json\/wp\/v2\/pages\/34771"}],"wp:featuredmedia":[{"embeddable":true,"href":"https:\/\/www.mastercam.com\/fr\/wp-json\/wp\/v2\/media\/36239"}],"wp:attachment":[{"href":"https:\/\/www.mastercam.com\/fr\/wp-json\/wp\/v2\/media?parent=36237"}],"curies":[{"name":"wp","href":"https:\/\/api.w.org\/{rel}","templated":true}]}}