{"id":34806,"date":"2025-01-09T16:09:34","date_gmt":"2025-01-09T21:09:34","guid":{"rendered":"https:\/\/www.mastercam.com\/soutien\/formation-sur-les-produits\/description-des-cours\/lessentiel-du-moulin\/"},"modified":"2025-12-17T14:44:19","modified_gmt":"2025-12-17T19:44:19","slug":"lessentiel-du-moulin","status":"publish","type":"page","link":"https:\/\/www.mastercam.com\/fr\/soutien\/formation-sur-les-produits\/description-des-cours\/lessentiel-du-moulin\/","title":{"rendered":"L&rsquo;essentiel du moulin"},"content":{"rendered":"<div class=\"hero__breadcrumbs\">\n    <div class=\"container-fluid\">\n      <div class=\"row\">\n        <div class=\"col\">\n          <nav aria-label=\"breadcrumbs\"><ol class=\"breadcrumb\"><li><a href=\"https:\/\/www.mastercam.com\/fr\/\">Home<\/a><\/li><\/ol><\/nav>\n        <\/div>\n      <\/div>\n    <\/div>\n  <\/div>\n\n<div class=\"hero hero--minimal wp-block-acf-block-hero\">\n  <div class=\"container-fluid\">\n    <div class=\"row align-items-center\">\n      \n      \n      \n      <div class=\"col-12 col-lg-7 order-2 order-lg-2 hero__content-column\">\n        <div class=\"hero__content\">\n                      <h1 class=\"hero__heading\">\n              \n              L&rsquo;essentiel du moulin\n            <\/h1>\n          \n                      <p class=\"hero__text\">Apprenez les bases de Mastercam avec notre instructeur expert. Gr\u00e2ce \u00e0 des exercices pratiques, d\u00e9veloppez vos comp\u00e9tences dans les fonctions d&#039;ic\u00f4nes, la cr\u00e9ation de g\u00e9om\u00e9tries et les techniques d&#039;usinage avanc\u00e9es. Travaillez sur plus de 40 fichiers de pi\u00e8ces r\u00e9elles et am\u00e9liorez vos capacit\u00e9s de programmation CNC !  <\/p>\n          \n          \n          \n          \n                  <\/div>\n      <\/div>\n    <\/div>\n  <\/div>\n<\/div>\n\n<div class=\"wp-block-columns is-style-container is-layout-flex wp-container-core-columns-is-layout-28f84493 wp-block-columns-is-layout-flex\">\n<div class=\"wp-block-column is-layout-flow wp-block-column-is-layout-flow\" style=\"flex-basis:66%\">\n<h2 class=\"wp-block-heading h5\">Dur\u00e9e de l&rsquo;accord<\/h2>\n\n\n\n<p class=\"mb-4 mt-0\">4 jours<\/p>\n\n\n\n<h2 class=\"wp-block-heading h5\">Pr\u00e9requis<\/h2>\n\n\n\n<p class=\"mb-4 mt-0\">Comp\u00e9tences de base en informatique et connaissances g\u00e9n\u00e9rales de la configuration et de l&rsquo;op\u00e9ration d&rsquo;une fraiseuse \u00e0 commande num\u00e9rique.<\/p>\n\n\n\n<h2 class=\"wp-block-heading h5\">T\u00e9l\u00e9chargement de la pr\u00e9paration \u00e0 la classe<\/h2>\n\n\n\n<ul class=\"wp-block-list mb-4 mt-0\">\n<li><a href=\"https:\/\/downloads.mastercam.com\/public\/tutorials\/tutorial2025-mastercam-basics-pdf.pdf\">Didacticiel sur les Bases de Mastercam<\/a><\/li>\n\n\n\n<li><a href=\"https:\/\/downloads.mastercam.com\/public\/tutorials\/tutorial2021-solids.zip\">Didacticiel Mastercam Solids<\/a><\/li>\n\n\n\n<li><a href=\"https:\/\/downloads.mastercam.com\/public\/tutorials\/tutorial2018-wcs-intro.zip\">Didacticiel Mastercam RUD<\/a><\/li>\n<\/ul>\n\n\n\n<p>Les instructeurs vous apprendront les bases de Mastercam pour cr\u00e9er des parcours d&rsquo;outils 2.5D. Les \u00e9tudiants apprendront \u00e0 partir d&rsquo;exercices dirig\u00e9s par le formateur, puis effectueront des exercices couvrant les fonctions d&rsquo;ic\u00f4nes, la g\u00e9om\u00e9trie et la cr\u00e9ation de parcours d&rsquo;outils qui vous conduiront \u00e0 programmer de nombreuses pi\u00e8ces diff\u00e9rentes du d\u00e9but \u00e0 la fin. <\/p>\n\n\n\n<p>Les \u00e9tudiants s&rsquo;appuieront sur les principes fondamentaux en travaillant sur plus de 40 diff\u00e9rents fichiers de pi\u00e8ces r\u00e9elles pour d\u00e9velopper leurs comp\u00e9tences. Ils seront capables de cr\u00e9er et de travailler avec une g\u00e9om\u00e9trie filaire et d&rsquo;importer des mod\u00e8les Dynamiques pour la cr\u00e9ation de chemins d&rsquo;outils dans le per\u00e7age, la poche avanc\u00e9e, l&rsquo;Entry h\u00e9lico\u00efdale et les bases du fraisage dynamique. <\/p>\n\n\n\n<p>Enfin, vous serez en mesure de programmer les pi\u00e8ces de substitution des axes rotatifs et les unit\u00e9s d&rsquo;indexation.<\/p>\n<\/div>\n\n\n\n<div class=\"wp-block-column is-layout-flow wp-block-column-is-layout-flow\">\n<figure class=\"wp-block-image size-full\"><img loading=\"lazy\" decoding=\"async\" width=\"446\" height=\"446\" src=\"https:\/\/www.mastercam.com\/wp-content\/uploads\/2023\/01\/mc-product-mill.png\" alt=\"Usine Mastercam\" class=\"wp-image-25176\" srcset=\"https:\/\/www.mastercam.com\/wp-content\/uploads\/2023\/01\/mc-product-mill.png 446w, https:\/\/www.mastercam.com\/wp-content\/uploads\/2023\/01\/mc-product-mill-300x300.png 300w, https:\/\/www.mastercam.com\/wp-content\/uploads\/2023\/01\/mc-product-mill-150x150.png 150w, https:\/\/www.mastercam.com\/wp-content\/uploads\/2023\/01\/mc-product-mill-112x112.png 112w, https:\/\/www.mastercam.com\/wp-content\/uploads\/2023\/01\/mc-product-mill-224x224.png 224w\" sizes=\"auto, (max-width: 446px) 100vw, 446px\" \/><\/figure>\n<\/div>\n<\/div>\n\n<div class=\"wp-block-columns is-style-container is-layout-flex wp-container-core-columns-is-layout-28f84493 wp-block-columns-is-layout-flex\">\n<div class=\"wp-block-column is-layout-flow wp-block-column-is-layout-flow\">\n<h2 class=\"wp-block-heading h5\">Th\u00e8mes abord\u00e9s<\/h2>\n\n\n\n<ul class=\"wp-block-list horizontal-list\">\n<li>Interface Mastercam et mise en page<\/li>\n\n\n\n<li>Cr\u00e9ation\/modification de la g\u00e9om\u00e9trie filaire 2D<\/li>\n\n\n\n<li>Cotation 2D (notes, dimensions, etc.)<\/li>\n\n\n\n<li>Transformer la g\u00e9om\u00e9trie (tourner, mettre \u00e0 l&rsquo;\u00e9chelle, etc.)<\/li>\n\n\n\n<li>Contr\u00f4le des niveaux<\/li>\n\n\n\n<li>Pr\u00e9paration \u00e0 l&rsquo;usinage &#8211; d\u00e9finition de machine et propri\u00e9t\u00e9s<\/li>\n\n\n\n<li>Groupe de machine &#8211; pr\u00e9paration du stock, outils de maintien de la pi\u00e8ce<\/li>\n\n\n\n<li>Tool Path Utilities &#8211; Gestionnaire d&rsquo;outils, v\u00e9rification, trac\u00e9 arri\u00e8re et g\u00e9n\u00e9ration du code.<\/li>\n\n\n\n<li>Contournage, vider les poches et percer en 2D<\/li>\n\n\n\n<li>Les bases du cha\u00eenage<\/li>\n\n\n\n<li>Contr\u00f4le de l&rsquo;outil (rampe, entr\u00e9e\/sortie)<\/li>\n\n\n\n<li>Entry h\u00e9lico\u00efdale<\/li>\n\n\n\n<li>Fraisage dynamique &#8211; contournage et poche avanc\u00e9s<\/li>\n\n\n\n<li>Per\u00e7age avanc\u00e9<\/li>\n\n\n\n<li>D\u00e9calage d&rsquo;usinage<\/li>\n\n\n\n<li>Remplacement de l&rsquo;axe de rotation<\/li>\n\n\n\n<li>Indexation<\/li>\n<\/ul>\n\n\n\n<div style=\"height:47px\" aria-hidden=\"true\" class=\"wp-block-spacer\"><\/div>\n\n\n\n<h2 class=\"wp-block-heading h5\">Inscrivez-vous aux prochaines sessions de formation<\/h2>\n\n\n\n<script data-js='tribe-events-view-nonce-data' type='application\/json'>{\"tvn1\":\"e746a7cafa\",\"tvn2\":\"\"}<\/script>\n<\/div>\n<\/div>\n\n<div style=\"height:76px\" aria-hidden=\"true\" class=\"wp-block-spacer\"><\/div>\n<div class=\"cta-with-image-alt align wp-block-acf-block-cta-with-image-alt\">\n    <div class=\"container-fluid\">\n    <div class=\"cta-with-image-alt__content\">\n      <div class=\"cta-with-image-alt__text\">\n                <h2 class=\"cta-with-image-alt__heading\">Vous voulez en savoir plus sur les cours Mastercam ?<\/h2>\n                        <p class=\"mb-0\">Contactez Mastercam d\u00e8s aujourd&#039;hui pour franchir une nouvelle \u00e9tape dans votre \u00e9ducation.<\/p>\n              <\/div>\n            <ul class=\"list-inline mt-4\">\n        <li class=\"list-inline-item py-1\">\n          <a href=\"https:\/\/www.mastercam.com\/fr\/contactez-nous\/\" class=\"btn btn-light\">Contactez nous<\/a>\n        <\/li>\n      <\/ul>\n          <\/div>\n  <\/div>\n<\/div>\n","protected":false},"excerpt":{"rendered":"<p>Dur\u00e9e de l&rsquo;accord 4 jours Pr\u00e9requis Comp\u00e9tences de base en informatique et connaissances g\u00e9n\u00e9rales de [&hellip;]<\/p>\n","protected":false},"author":1,"featured_media":0,"parent":34721,"menu_order":0,"comment_status":"closed","ping_status":"closed","template":"","meta":{"_acf_changed":false,"footnotes":""},"class_list":["post-34806","page","type-page","status-publish","hentry"],"acf":[],"yoast_head":"<!-- This site is optimized with the Yoast SEO plugin v26.8 - https:\/\/yoast.com\/product\/yoast-seo-wordpress\/ -->\n<title>L&#039;essentiel du moulin - mastercam.com<\/title>\n<meta name=\"description\" content=\"Dur\u00e9e de l&#039;accord 4 jours Pr\u00e9requis Comp\u00e9tences de base en informatique et connaissances g\u00e9n\u00e9rales de la configuration et de l&#039;op\u00e9ration d&#039;une fraiseuse \u00e0\" \/>\n<meta name=\"robots\" content=\"index, follow, max-snippet:-1, max-image-preview:large, max-video-preview:-1\" \/>\n<link rel=\"canonical\" href=\"https:\/\/www.mastercam.com\/fr\/soutien\/formation-sur-les-produits\/description-des-cours\/lessentiel-du-moulin\/\" \/>\n<meta property=\"og:locale\" content=\"fr_FR\" \/>\n<meta property=\"og:type\" content=\"article\" \/>\n<meta property=\"og:title\" content=\"L&#039;essentiel du moulin - mastercam.com\" \/>\n<meta property=\"og:description\" content=\"Dur\u00e9e de l&#039;accord 4 jours Pr\u00e9requis Comp\u00e9tences de base en informatique et connaissances g\u00e9n\u00e9rales de la configuration et de l&#039;op\u00e9ration d&#039;une fraiseuse \u00e0\" \/>\n<meta property=\"og:url\" content=\"https:\/\/www.mastercam.com\/fr\/soutien\/formation-sur-les-produits\/description-des-cours\/lessentiel-du-moulin\/\" \/>\n<meta property=\"og:site_name\" content=\"mastercam.com\" \/>\n<meta property=\"article:publisher\" content=\"https:\/\/www.facebook.com\/Mastercam\/\" \/>\n<meta property=\"article:modified_time\" content=\"2025-12-17T19:44:19+00:00\" \/>\n<meta property=\"og:image\" content=\"https:\/\/www.mastercam.com\/wp-content\/uploads\/2023\/01\/mc-product-mill.png\" \/>\n<meta name=\"twitter:card\" content=\"summary_large_image\" \/>\n<meta name=\"twitter:site\" content=\"@mastercam\" \/>\n<meta name=\"twitter:label1\" content=\"Est. reading time\" \/>\n\t<meta name=\"twitter:data1\" content=\"2 minutes\" \/>\n<script type=\"application\/ld+json\" class=\"yoast-schema-graph\">{\"@context\":\"https:\/\/schema.org\",\"@graph\":[{\"@type\":\"WebPage\",\"@id\":\"https:\/\/www.mastercam.com\/fr\/soutien\/formation-sur-les-produits\/description-des-cours\/lessentiel-du-moulin\/\",\"url\":\"https:\/\/www.mastercam.com\/fr\/soutien\/formation-sur-les-produits\/description-des-cours\/lessentiel-du-moulin\/\",\"name\":\"L'essentiel du moulin - mastercam.com\",\"isPartOf\":{\"@id\":\"https:\/\/www.mastercam.com\/fr\/#website\"},\"primaryImageOfPage\":{\"@id\":\"https:\/\/www.mastercam.com\/fr\/soutien\/formation-sur-les-produits\/description-des-cours\/lessentiel-du-moulin\/#primaryimage\"},\"image\":{\"@id\":\"https:\/\/www.mastercam.com\/fr\/soutien\/formation-sur-les-produits\/description-des-cours\/lessentiel-du-moulin\/#primaryimage\"},\"thumbnailUrl\":\"https:\/\/www.mastercam.com\/wp-content\/uploads\/2023\/01\/mc-product-mill.png\",\"datePublished\":\"2025-01-09T21:09:34+00:00\",\"dateModified\":\"2025-12-17T19:44:19+00:00\",\"description\":\"Dur\u00e9e de l'accord 4 jours Pr\u00e9requis Comp\u00e9tences de base en informatique et connaissances g\u00e9n\u00e9rales de la configuration et de l'op\u00e9ration d'une fraiseuse \u00e0\",\"breadcrumb\":{\"@id\":\"https:\/\/www.mastercam.com\/fr\/soutien\/formation-sur-les-produits\/description-des-cours\/lessentiel-du-moulin\/#breadcrumb\"},\"inLanguage\":\"fr-FR\",\"potentialAction\":[{\"@type\":\"ReadAction\",\"target\":[\"https:\/\/www.mastercam.com\/fr\/soutien\/formation-sur-les-produits\/description-des-cours\/lessentiel-du-moulin\/\"]}]},{\"@type\":\"ImageObject\",\"inLanguage\":\"fr-FR\",\"@id\":\"https:\/\/www.mastercam.com\/fr\/soutien\/formation-sur-les-produits\/description-des-cours\/lessentiel-du-moulin\/#primaryimage\",\"url\":\"https:\/\/www.mastercam.com\/wp-content\/uploads\/2023\/01\/mc-product-mill.png\",\"contentUrl\":\"https:\/\/www.mastercam.com\/wp-content\/uploads\/2023\/01\/mc-product-mill.png\"},{\"@type\":\"BreadcrumbList\",\"@id\":\"https:\/\/www.mastercam.com\/fr\/soutien\/formation-sur-les-produits\/description-des-cours\/lessentiel-du-moulin\/#breadcrumb\",\"itemListElement\":[{\"@type\":\"ListItem\",\"position\":1,\"name\":\"Home\",\"item\":\"https:\/\/www.mastercam.com\/fr\/\"},{\"@type\":\"ListItem\",\"position\":2,\"name\":\"Soutien\",\"item\":\"https:\/\/www.mastercam.com\/fr\/soutien\/\"},{\"@type\":\"ListItem\",\"position\":3,\"name\":\"Formation sur les produits\",\"item\":\"https:\/\/www.mastercam.com\/fr\/soutien\/formation-sur-les-produits\/\"},{\"@type\":\"ListItem\",\"position\":4,\"name\":\"Description des cours\",\"item\":\"https:\/\/www.mastercam.com\/fr\/soutien\/formation-sur-les-produits\/description-des-cours\/\"},{\"@type\":\"ListItem\",\"position\":5,\"name\":\"L&#8217;essentiel du moulin\"}]},{\"@type\":\"WebSite\",\"@id\":\"https:\/\/www.mastercam.com\/fr\/#website\",\"url\":\"https:\/\/www.mastercam.com\/fr\/\",\"name\":\"Mastercam\",\"description\":\"Creating software and services that solve the world&#039;s manufacturing challenges\",\"publisher\":{\"@id\":\"https:\/\/www.mastercam.com\/fr\/#organization\"},\"potentialAction\":[{\"@type\":\"SearchAction\",\"target\":{\"@type\":\"EntryPoint\",\"urlTemplate\":\"https:\/\/www.mastercam.com\/fr\/?s={search_term_string}\"},\"query-input\":{\"@type\":\"PropertyValueSpecification\",\"valueRequired\":true,\"valueName\":\"search_term_string\"}}],\"inLanguage\":\"fr-FR\"},{\"@type\":\"Organization\",\"@id\":\"https:\/\/www.mastercam.com\/fr\/#organization\",\"name\":\"Mastercam\",\"url\":\"https:\/\/www.mastercam.com\/fr\/\",\"logo\":{\"@type\":\"ImageObject\",\"inLanguage\":\"fr-FR\",\"@id\":\"https:\/\/www.mastercam.com\/fr\/#\/schema\/logo\/image\/\",\"url\":\"https:\/\/www.mastercam.com\/wp-content\/uploads\/2023\/02\/MC_logo.svg\",\"contentUrl\":\"https:\/\/www.mastercam.com\/wp-content\/uploads\/2023\/02\/MC_logo.svg\",\"width\":230,\"height\":40,\"caption\":\"Mastercam\"},\"image\":{\"@id\":\"https:\/\/www.mastercam.com\/fr\/#\/schema\/logo\/image\/\"},\"sameAs\":[\"https:\/\/www.facebook.com\/Mastercam\/\",\"https:\/\/x.com\/mastercam\",\"https:\/\/www.linkedin.com\/company\/mastercam\",\"https:\/\/www.youtube.com\/channel\/UChJt5ruSkqnmFH44WsXVZLw\",\"https:\/\/www.instagram.com\/mastercam\/\"]}]}<\/script>\n<!-- \/ Yoast SEO plugin. -->","yoast_head_json":{"title":"L'essentiel du moulin - mastercam.com","description":"Dur\u00e9e de l'accord 4 jours Pr\u00e9requis Comp\u00e9tences de base en informatique et connaissances g\u00e9n\u00e9rales de la configuration et de l'op\u00e9ration d'une fraiseuse \u00e0","robots":{"index":"index","follow":"follow","max-snippet":"max-snippet:-1","max-image-preview":"max-image-preview:large","max-video-preview":"max-video-preview:-1"},"canonical":"https:\/\/www.mastercam.com\/fr\/soutien\/formation-sur-les-produits\/description-des-cours\/lessentiel-du-moulin\/","og_locale":"fr_FR","og_type":"article","og_title":"L'essentiel du moulin - mastercam.com","og_description":"Dur\u00e9e de l'accord 4 jours Pr\u00e9requis Comp\u00e9tences de base en informatique et connaissances g\u00e9n\u00e9rales de la configuration et de l'op\u00e9ration d'une fraiseuse \u00e0","og_url":"https:\/\/www.mastercam.com\/fr\/soutien\/formation-sur-les-produits\/description-des-cours\/lessentiel-du-moulin\/","og_site_name":"mastercam.com","article_publisher":"https:\/\/www.facebook.com\/Mastercam\/","article_modified_time":"2025-12-17T19:44:19+00:00","og_image":[{"url":"https:\/\/www.mastercam.com\/wp-content\/uploads\/2023\/01\/mc-product-mill.png","type":"","width":"","height":""}],"twitter_card":"summary_large_image","twitter_site":"@mastercam","twitter_misc":{"Est. reading time":"2 minutes"},"schema":{"@context":"https:\/\/schema.org","@graph":[{"@type":"WebPage","@id":"https:\/\/www.mastercam.com\/fr\/soutien\/formation-sur-les-produits\/description-des-cours\/lessentiel-du-moulin\/","url":"https:\/\/www.mastercam.com\/fr\/soutien\/formation-sur-les-produits\/description-des-cours\/lessentiel-du-moulin\/","name":"L'essentiel du moulin - mastercam.com","isPartOf":{"@id":"https:\/\/www.mastercam.com\/fr\/#website"},"primaryImageOfPage":{"@id":"https:\/\/www.mastercam.com\/fr\/soutien\/formation-sur-les-produits\/description-des-cours\/lessentiel-du-moulin\/#primaryimage"},"image":{"@id":"https:\/\/www.mastercam.com\/fr\/soutien\/formation-sur-les-produits\/description-des-cours\/lessentiel-du-moulin\/#primaryimage"},"thumbnailUrl":"https:\/\/www.mastercam.com\/wp-content\/uploads\/2023\/01\/mc-product-mill.png","datePublished":"2025-01-09T21:09:34+00:00","dateModified":"2025-12-17T19:44:19+00:00","description":"Dur\u00e9e de l'accord 4 jours Pr\u00e9requis Comp\u00e9tences de base en informatique et connaissances g\u00e9n\u00e9rales de la configuration et de l'op\u00e9ration d'une fraiseuse \u00e0","breadcrumb":{"@id":"https:\/\/www.mastercam.com\/fr\/soutien\/formation-sur-les-produits\/description-des-cours\/lessentiel-du-moulin\/#breadcrumb"},"inLanguage":"fr-FR","potentialAction":[{"@type":"ReadAction","target":["https:\/\/www.mastercam.com\/fr\/soutien\/formation-sur-les-produits\/description-des-cours\/lessentiel-du-moulin\/"]}]},{"@type":"ImageObject","inLanguage":"fr-FR","@id":"https:\/\/www.mastercam.com\/fr\/soutien\/formation-sur-les-produits\/description-des-cours\/lessentiel-du-moulin\/#primaryimage","url":"https:\/\/www.mastercam.com\/wp-content\/uploads\/2023\/01\/mc-product-mill.png","contentUrl":"https:\/\/www.mastercam.com\/wp-content\/uploads\/2023\/01\/mc-product-mill.png"},{"@type":"BreadcrumbList","@id":"https:\/\/www.mastercam.com\/fr\/soutien\/formation-sur-les-produits\/description-des-cours\/lessentiel-du-moulin\/#breadcrumb","itemListElement":[{"@type":"ListItem","position":1,"name":"Home","item":"https:\/\/www.mastercam.com\/fr\/"},{"@type":"ListItem","position":2,"name":"Soutien","item":"https:\/\/www.mastercam.com\/fr\/soutien\/"},{"@type":"ListItem","position":3,"name":"Formation sur les produits","item":"https:\/\/www.mastercam.com\/fr\/soutien\/formation-sur-les-produits\/"},{"@type":"ListItem","position":4,"name":"Description des cours","item":"https:\/\/www.mastercam.com\/fr\/soutien\/formation-sur-les-produits\/description-des-cours\/"},{"@type":"ListItem","position":5,"name":"L&#8217;essentiel du moulin"}]},{"@type":"WebSite","@id":"https:\/\/www.mastercam.com\/fr\/#website","url":"https:\/\/www.mastercam.com\/fr\/","name":"Mastercam","description":"Creating software and services that solve the world&#039;s manufacturing challenges","publisher":{"@id":"https:\/\/www.mastercam.com\/fr\/#organization"},"potentialAction":[{"@type":"SearchAction","target":{"@type":"EntryPoint","urlTemplate":"https:\/\/www.mastercam.com\/fr\/?s={search_term_string}"},"query-input":{"@type":"PropertyValueSpecification","valueRequired":true,"valueName":"search_term_string"}}],"inLanguage":"fr-FR"},{"@type":"Organization","@id":"https:\/\/www.mastercam.com\/fr\/#organization","name":"Mastercam","url":"https:\/\/www.mastercam.com\/fr\/","logo":{"@type":"ImageObject","inLanguage":"fr-FR","@id":"https:\/\/www.mastercam.com\/fr\/#\/schema\/logo\/image\/","url":"https:\/\/www.mastercam.com\/wp-content\/uploads\/2023\/02\/MC_logo.svg","contentUrl":"https:\/\/www.mastercam.com\/wp-content\/uploads\/2023\/02\/MC_logo.svg","width":230,"height":40,"caption":"Mastercam"},"image":{"@id":"https:\/\/www.mastercam.com\/fr\/#\/schema\/logo\/image\/"},"sameAs":["https:\/\/www.facebook.com\/Mastercam\/","https:\/\/x.com\/mastercam","https:\/\/www.linkedin.com\/company\/mastercam","https:\/\/www.youtube.com\/channel\/UChJt5ruSkqnmFH44WsXVZLw","https:\/\/www.instagram.com\/mastercam\/"]}]}},"_links":{"self":[{"href":"https:\/\/www.mastercam.com\/fr\/wp-json\/wp\/v2\/pages\/34806","targetHints":{"allow":["GET"]}}],"collection":[{"href":"https:\/\/www.mastercam.com\/fr\/wp-json\/wp\/v2\/pages"}],"about":[{"href":"https:\/\/www.mastercam.com\/fr\/wp-json\/wp\/v2\/types\/page"}],"author":[{"embeddable":true,"href":"https:\/\/www.mastercam.com\/fr\/wp-json\/wp\/v2\/users\/1"}],"replies":[{"embeddable":true,"href":"https:\/\/www.mastercam.com\/fr\/wp-json\/wp\/v2\/comments?post=34806"}],"version-history":[{"count":0,"href":"https:\/\/www.mastercam.com\/fr\/wp-json\/wp\/v2\/pages\/34806\/revisions"}],"up":[{"embeddable":true,"href":"https:\/\/www.mastercam.com\/fr\/wp-json\/wp\/v2\/pages\/34721"}],"wp:attachment":[{"href":"https:\/\/www.mastercam.com\/fr\/wp-json\/wp\/v2\/media?parent=34806"}],"curies":[{"name":"wp","href":"https:\/\/api.w.org\/{rel}","templated":true}]}}