{"id":34804,"date":"2025-01-21T09:51:13","date_gmt":"2025-01-21T14:51:13","guid":{"rendered":"https:\/\/www.mastercam.com\/a-propos-de-nous\/direction\/shannon-lesane\/"},"modified":"2025-12-17T14:44:19","modified_gmt":"2025-12-17T19:44:19","slug":"shannon-lesane","status":"publish","type":"page","link":"https:\/\/www.mastercam.com\/fr\/actualites\/a-propos-de-nous\/direction\/shannon-lesane\/","title":{"rendered":"Shannon Lesane"},"content":{"rendered":"\n<div class=\"wp-block-columns is-style-container is-layout-flex wp-container-core-columns-is-layout-a61e1d87 wp-block-columns-is-layout-flex\" style=\"padding-bottom:var(--wp--preset--spacing--6)\">\n<div class=\"wp-block-column is-layout-flow wp-block-column-is-layout-flow\">\n<div class=\"wp-block-media-text alignwide is-stacked-on-mobile is-vertically-aligned-top is-style-container\" style=\"grid-template-columns:20% auto\"><figure class=\"wp-block-media-text__media\"><img loading=\"lazy\" decoding=\"async\" width=\"1024\" height=\"1024\" src=\"https:\/\/www.mastercam.com\/wp-content\/uploads\/2025\/02\/ShannonLesaneHeadshot-1024x1024.jpg\" alt=\"Photo de Shannon Lesane\" class=\"wp-image-27451 size-medium\" srcset=\"https:\/\/www.mastercam.com\/wp-content\/uploads\/2025\/02\/ShannonLesaneHeadshot-1024x1024.jpg 1024w, https:\/\/www.mastercam.com\/wp-content\/uploads\/2025\/02\/ShannonLesaneHeadshot-300x300.jpg 300w, https:\/\/www.mastercam.com\/wp-content\/uploads\/2025\/02\/ShannonLesaneHeadshot-150x150.jpg 150w, https:\/\/www.mastercam.com\/wp-content\/uploads\/2025\/02\/ShannonLesaneHeadshot-768x768.jpg 768w, https:\/\/www.mastercam.com\/wp-content\/uploads\/2025\/02\/ShannonLesaneHeadshot-1536x1536.jpg 1536w, https:\/\/www.mastercam.com\/wp-content\/uploads\/2025\/02\/ShannonLesaneHeadshot-2048x2048.jpg 2048w, https:\/\/www.mastercam.com\/wp-content\/uploads\/2025\/02\/ShannonLesaneHeadshot-112x112.jpg 112w, https:\/\/www.mastercam.com\/wp-content\/uploads\/2025\/02\/ShannonLesaneHeadshot-224x224.jpg 224w, https:\/\/www.mastercam.com\/wp-content\/uploads\/2025\/02\/ShannonLesaneHeadshot-1600x1600.jpg 1600w\" sizes=\"auto, (max-width: 1024px) 100vw, 1024px\" \/><\/figure><div class=\"wp-block-media-text__content\">\n<p><strong>VICE-PRESIDENT, CUSTOMER SUCCESS &amp; PROGRAM DELIVERY<\/strong><\/p>\n\n\n\n<p>Shannon Lesane est vice-pr\u00e9sidente de la r\u00e9ussite des clients et de l&rsquo;ex\u00e9cution des programmes. Elle est charg\u00e9e de piloter des exp\u00e9riences clients exceptionnelles, la r\u00e9tention et la croissance en g\u00e9rant l&rsquo;ensemble du parcours client, du support avant-vente aux services apr\u00e8s-vente. <\/p>\n\n\n\n<p>En plus de diriger des initiatives ax\u00e9es sur le client, Shannon supervise le bureau de gestion des projets (PMO), en veillant \u00e0 ce que les projets des clients et les projets internes soient strat\u00e9giquement align\u00e9s sur les objectifs de Mastercam. Elle fournit une orientation strat\u00e9gique aux fonctions cl\u00e9s, encourageant une culture ax\u00e9e sur le client et offrant une valeur \u00e0 long terme aux clients et \u00e0 l&rsquo;organisation. <\/p>\n\n\n\n<p>Fi\u00e8re de l&rsquo;arm\u00e9e de l&rsquo;air des \u00c9tats-Unis, Shannon a obtenu un master en syst\u00e8mes technologiques \u00e0 l&rsquo;East Carolina University et d\u00e9tient des certifications en gestion de projet, agile et scrum. Elle vit actuellement en Caroline du Nord avec son mari et aime lire, \u00e9crire des romans et des po\u00e8mes, jardiner et d\u00e9couvrir de nouveaux endroits. <\/p>\n<\/div><\/div>\n<\/div>\n<\/div>\n","protected":false},"excerpt":{"rendered":"<p>VICE-PRESIDENT, CUSTOMER SUCCESS &amp; PROGRAM DELIVERY Shannon Lesane est vice-pr\u00e9sidente de la r\u00e9ussite des clients [&hellip;]<\/p>\n","protected":false},"author":1,"featured_media":27117,"parent":28807,"menu_order":0,"comment_status":"closed","ping_status":"closed","template":"","meta":{"_acf_changed":false,"footnotes":""},"class_list":["post-34804","page","type-page","status-publish","has-post-thumbnail","hentry"],"acf":[],"yoast_head":"<!-- This site is optimized with the Yoast SEO plugin v27.4 - https:\/\/yoast.com\/product\/yoast-seo-wordpress\/ -->\n<title>Shannon Lesane - mastercam.com<\/title>\n<meta name=\"description\" content=\"VICE-PRESIDENT, CUSTOMER SUCCESS &amp; PROGRAM DELIVERY Shannon Lesane est vice-pr\u00e9sidente de la r\u00e9ussite des clients et de l&#039;ex\u00e9cution des programmes.\" \/>\n<meta name=\"robots\" content=\"index, follow, max-snippet:-1, max-image-preview:large, max-video-preview:-1\" \/>\n<link rel=\"canonical\" href=\"https:\/\/www.mastercam.com\/fr\/actualites\/a-propos-de-nous\/direction\/shannon-lesane\/\" \/>\n<meta property=\"og:locale\" content=\"fr_FR\" \/>\n<meta property=\"og:type\" content=\"article\" \/>\n<meta property=\"og:title\" content=\"Shannon Lesane - mastercam.com\" \/>\n<meta property=\"og:description\" content=\"VICE-PRESIDENT, CUSTOMER SUCCESS &amp; PROGRAM DELIVERY Shannon Lesane est vice-pr\u00e9sidente de la r\u00e9ussite des clients et de l&#039;ex\u00e9cution des programmes.\" \/>\n<meta property=\"og:url\" content=\"https:\/\/www.mastercam.com\/fr\/actualites\/a-propos-de-nous\/direction\/shannon-lesane\/\" \/>\n<meta property=\"og:site_name\" content=\"mastercam.com\" \/>\n<meta property=\"article:publisher\" content=\"https:\/\/www.facebook.com\/Mastercam\/\" \/>\n<meta property=\"article:modified_time\" content=\"2025-12-17T19:44:19+00:00\" \/>\n<meta property=\"og:image\" content=\"https:\/\/www.mastercam.com\/wp-content\/uploads\/2025\/01\/lesane_shannon-square.jpg\" \/>\n\t<meta property=\"og:image:width\" content=\"1024\" \/>\n\t<meta property=\"og:image:height\" content=\"1024\" \/>\n\t<meta property=\"og:image:type\" content=\"image\/jpeg\" \/>\n<meta name=\"twitter:card\" content=\"summary_large_image\" \/>\n<meta name=\"twitter:site\" content=\"@mastercam\" \/>\n<meta name=\"twitter:label1\" content=\"Est. reading time\" \/>\n\t<meta name=\"twitter:data1\" content=\"1 minute\" \/>\n<script type=\"application\/ld+json\" class=\"yoast-schema-graph\">{\"@context\":\"https:\\\/\\\/schema.org\",\"@graph\":[{\"@type\":\"WebPage\",\"@id\":\"https:\\\/\\\/www.mastercam.com\\\/fr\\\/actualites\\\/a-propos-de-nous\\\/direction\\\/shannon-lesane\\\/\",\"url\":\"https:\\\/\\\/www.mastercam.com\\\/fr\\\/actualites\\\/a-propos-de-nous\\\/direction\\\/shannon-lesane\\\/\",\"name\":\"Shannon Lesane - mastercam.com\",\"isPartOf\":{\"@id\":\"https:\\\/\\\/www.mastercam.com\\\/fr\\\/#website\"},\"primaryImageOfPage\":{\"@id\":\"https:\\\/\\\/www.mastercam.com\\\/fr\\\/actualites\\\/a-propos-de-nous\\\/direction\\\/shannon-lesane\\\/#primaryimage\"},\"image\":{\"@id\":\"https:\\\/\\\/www.mastercam.com\\\/fr\\\/actualites\\\/a-propos-de-nous\\\/direction\\\/shannon-lesane\\\/#primaryimage\"},\"thumbnailUrl\":\"https:\\\/\\\/www.mastercam.com\\\/wp-content\\\/uploads\\\/2025\\\/01\\\/lesane_shannon-square.jpg\",\"datePublished\":\"2025-01-21T14:51:13+00:00\",\"dateModified\":\"2025-12-17T19:44:19+00:00\",\"description\":\"VICE-PRESIDENT, CUSTOMER SUCCESS &amp; PROGRAM DELIVERY Shannon Lesane est vice-pr\u00e9sidente de la r\u00e9ussite des clients et de l'ex\u00e9cution des programmes.\",\"breadcrumb\":{\"@id\":\"https:\\\/\\\/www.mastercam.com\\\/fr\\\/actualites\\\/a-propos-de-nous\\\/direction\\\/shannon-lesane\\\/#breadcrumb\"},\"inLanguage\":\"fr-FR\",\"potentialAction\":[{\"@type\":\"ReadAction\",\"target\":[\"https:\\\/\\\/www.mastercam.com\\\/fr\\\/actualites\\\/a-propos-de-nous\\\/direction\\\/shannon-lesane\\\/\"]}]},{\"@type\":\"ImageObject\",\"inLanguage\":\"fr-FR\",\"@id\":\"https:\\\/\\\/www.mastercam.com\\\/fr\\\/actualites\\\/a-propos-de-nous\\\/direction\\\/shannon-lesane\\\/#primaryimage\",\"url\":\"https:\\\/\\\/www.mastercam.com\\\/wp-content\\\/uploads\\\/2025\\\/01\\\/lesane_shannon-square.jpg\",\"contentUrl\":\"https:\\\/\\\/www.mastercam.com\\\/wp-content\\\/uploads\\\/2025\\\/01\\\/lesane_shannon-square.jpg\",\"width\":1024,\"height\":1024,\"caption\":\"Photo de Shannon Lesane\"},{\"@type\":\"BreadcrumbList\",\"@id\":\"https:\\\/\\\/www.mastercam.com\\\/fr\\\/actualites\\\/a-propos-de-nous\\\/direction\\\/shannon-lesane\\\/#breadcrumb\",\"itemListElement\":[{\"@type\":\"ListItem\",\"position\":1,\"name\":\"Home\",\"item\":\"https:\\\/\\\/www.mastercam.com\\\/fr\\\/\"},{\"@type\":\"ListItem\",\"position\":2,\"name\":\"Actualit\u00e9s\",\"item\":\"https:\\\/\\\/www.mastercam.com\\\/fr\\\/actualites\\\/\"},{\"@type\":\"ListItem\",\"position\":3,\"name\":\"A propos de nous\",\"item\":\"https:\\\/\\\/www.mastercam.com\\\/fr\\\/actualites\\\/a-propos-de-nous\\\/\"},{\"@type\":\"ListItem\",\"position\":4,\"name\":\"\u00c9quipe de direction\",\"item\":\"https:\\\/\\\/www.mastercam.com\\\/fr\\\/actualites\\\/a-propos-de-nous\\\/direction\\\/\"},{\"@type\":\"ListItem\",\"position\":5,\"name\":\"Shannon Lesane\"}]},{\"@type\":\"WebSite\",\"@id\":\"https:\\\/\\\/www.mastercam.com\\\/fr\\\/#website\",\"url\":\"https:\\\/\\\/www.mastercam.com\\\/fr\\\/\",\"name\":\"Mastercam\",\"description\":\"Creating software and services that solve the world&#039;s manufacturing challenges\",\"publisher\":{\"@id\":\"https:\\\/\\\/www.mastercam.com\\\/fr\\\/#organization\"},\"potentialAction\":[{\"@type\":\"SearchAction\",\"target\":{\"@type\":\"EntryPoint\",\"urlTemplate\":\"https:\\\/\\\/www.mastercam.com\\\/fr\\\/?s={search_term_string}\"},\"query-input\":{\"@type\":\"PropertyValueSpecification\",\"valueRequired\":true,\"valueName\":\"search_term_string\"}}],\"inLanguage\":\"fr-FR\"},{\"@type\":\"Organization\",\"@id\":\"https:\\\/\\\/www.mastercam.com\\\/fr\\\/#organization\",\"name\":\"Mastercam\",\"url\":\"https:\\\/\\\/www.mastercam.com\\\/fr\\\/\",\"logo\":{\"@type\":\"ImageObject\",\"inLanguage\":\"fr-FR\",\"@id\":\"https:\\\/\\\/www.mastercam.com\\\/fr\\\/#\\\/schema\\\/logo\\\/image\\\/\",\"url\":\"https:\\\/\\\/www.mastercam.com\\\/wp-content\\\/uploads\\\/2023\\\/02\\\/MC_logo.svg\",\"contentUrl\":\"https:\\\/\\\/www.mastercam.com\\\/wp-content\\\/uploads\\\/2023\\\/02\\\/MC_logo.svg\",\"width\":230,\"height\":40,\"caption\":\"Mastercam\"},\"image\":{\"@id\":\"https:\\\/\\\/www.mastercam.com\\\/fr\\\/#\\\/schema\\\/logo\\\/image\\\/\"},\"sameAs\":[\"https:\\\/\\\/www.facebook.com\\\/Mastercam\\\/\",\"https:\\\/\\\/x.com\\\/mastercam\",\"https:\\\/\\\/www.linkedin.com\\\/company\\\/mastercam\",\"https:\\\/\\\/www.youtube.com\\\/channel\\\/UChJt5ruSkqnmFH44WsXVZLw\",\"https:\\\/\\\/www.instagram.com\\\/mastercam\\\/\"]}]}<\/script>\n<!-- \/ Yoast SEO plugin. -->","yoast_head_json":{"title":"Shannon Lesane - mastercam.com","description":"VICE-PRESIDENT, CUSTOMER SUCCESS &amp; PROGRAM DELIVERY Shannon Lesane est vice-pr\u00e9sidente de la r\u00e9ussite des clients et de l'ex\u00e9cution des programmes.","robots":{"index":"index","follow":"follow","max-snippet":"max-snippet:-1","max-image-preview":"max-image-preview:large","max-video-preview":"max-video-preview:-1"},"canonical":"https:\/\/www.mastercam.com\/fr\/actualites\/a-propos-de-nous\/direction\/shannon-lesane\/","og_locale":"fr_FR","og_type":"article","og_title":"Shannon Lesane - mastercam.com","og_description":"VICE-PRESIDENT, CUSTOMER SUCCESS &amp; PROGRAM DELIVERY Shannon Lesane est vice-pr\u00e9sidente de la r\u00e9ussite des clients et de l'ex\u00e9cution des programmes.","og_url":"https:\/\/www.mastercam.com\/fr\/actualites\/a-propos-de-nous\/direction\/shannon-lesane\/","og_site_name":"mastercam.com","article_publisher":"https:\/\/www.facebook.com\/Mastercam\/","article_modified_time":"2025-12-17T19:44:19+00:00","og_image":[{"width":1024,"height":1024,"url":"https:\/\/www.mastercam.com\/wp-content\/uploads\/2025\/01\/lesane_shannon-square.jpg","type":"image\/jpeg"}],"twitter_card":"summary_large_image","twitter_site":"@mastercam","twitter_misc":{"Est. reading time":"1 minute"},"schema":{"@context":"https:\/\/schema.org","@graph":[{"@type":"WebPage","@id":"https:\/\/www.mastercam.com\/fr\/actualites\/a-propos-de-nous\/direction\/shannon-lesane\/","url":"https:\/\/www.mastercam.com\/fr\/actualites\/a-propos-de-nous\/direction\/shannon-lesane\/","name":"Shannon Lesane - mastercam.com","isPartOf":{"@id":"https:\/\/www.mastercam.com\/fr\/#website"},"primaryImageOfPage":{"@id":"https:\/\/www.mastercam.com\/fr\/actualites\/a-propos-de-nous\/direction\/shannon-lesane\/#primaryimage"},"image":{"@id":"https:\/\/www.mastercam.com\/fr\/actualites\/a-propos-de-nous\/direction\/shannon-lesane\/#primaryimage"},"thumbnailUrl":"https:\/\/www.mastercam.com\/wp-content\/uploads\/2025\/01\/lesane_shannon-square.jpg","datePublished":"2025-01-21T14:51:13+00:00","dateModified":"2025-12-17T19:44:19+00:00","description":"VICE-PRESIDENT, CUSTOMER SUCCESS &amp; PROGRAM DELIVERY Shannon Lesane est vice-pr\u00e9sidente de la r\u00e9ussite des clients et de l'ex\u00e9cution des programmes.","breadcrumb":{"@id":"https:\/\/www.mastercam.com\/fr\/actualites\/a-propos-de-nous\/direction\/shannon-lesane\/#breadcrumb"},"inLanguage":"fr-FR","potentialAction":[{"@type":"ReadAction","target":["https:\/\/www.mastercam.com\/fr\/actualites\/a-propos-de-nous\/direction\/shannon-lesane\/"]}]},{"@type":"ImageObject","inLanguage":"fr-FR","@id":"https:\/\/www.mastercam.com\/fr\/actualites\/a-propos-de-nous\/direction\/shannon-lesane\/#primaryimage","url":"https:\/\/www.mastercam.com\/wp-content\/uploads\/2025\/01\/lesane_shannon-square.jpg","contentUrl":"https:\/\/www.mastercam.com\/wp-content\/uploads\/2025\/01\/lesane_shannon-square.jpg","width":1024,"height":1024,"caption":"Photo de Shannon Lesane"},{"@type":"BreadcrumbList","@id":"https:\/\/www.mastercam.com\/fr\/actualites\/a-propos-de-nous\/direction\/shannon-lesane\/#breadcrumb","itemListElement":[{"@type":"ListItem","position":1,"name":"Home","item":"https:\/\/www.mastercam.com\/fr\/"},{"@type":"ListItem","position":2,"name":"Actualit\u00e9s","item":"https:\/\/www.mastercam.com\/fr\/actualites\/"},{"@type":"ListItem","position":3,"name":"A propos de nous","item":"https:\/\/www.mastercam.com\/fr\/actualites\/a-propos-de-nous\/"},{"@type":"ListItem","position":4,"name":"\u00c9quipe de direction","item":"https:\/\/www.mastercam.com\/fr\/actualites\/a-propos-de-nous\/direction\/"},{"@type":"ListItem","position":5,"name":"Shannon Lesane"}]},{"@type":"WebSite","@id":"https:\/\/www.mastercam.com\/fr\/#website","url":"https:\/\/www.mastercam.com\/fr\/","name":"Mastercam","description":"Creating software and services that solve the world&#039;s manufacturing challenges","publisher":{"@id":"https:\/\/www.mastercam.com\/fr\/#organization"},"potentialAction":[{"@type":"SearchAction","target":{"@type":"EntryPoint","urlTemplate":"https:\/\/www.mastercam.com\/fr\/?s={search_term_string}"},"query-input":{"@type":"PropertyValueSpecification","valueRequired":true,"valueName":"search_term_string"}}],"inLanguage":"fr-FR"},{"@type":"Organization","@id":"https:\/\/www.mastercam.com\/fr\/#organization","name":"Mastercam","url":"https:\/\/www.mastercam.com\/fr\/","logo":{"@type":"ImageObject","inLanguage":"fr-FR","@id":"https:\/\/www.mastercam.com\/fr\/#\/schema\/logo\/image\/","url":"https:\/\/www.mastercam.com\/wp-content\/uploads\/2023\/02\/MC_logo.svg","contentUrl":"https:\/\/www.mastercam.com\/wp-content\/uploads\/2023\/02\/MC_logo.svg","width":230,"height":40,"caption":"Mastercam"},"image":{"@id":"https:\/\/www.mastercam.com\/fr\/#\/schema\/logo\/image\/"},"sameAs":["https:\/\/www.facebook.com\/Mastercam\/","https:\/\/x.com\/mastercam","https:\/\/www.linkedin.com\/company\/mastercam","https:\/\/www.youtube.com\/channel\/UChJt5ruSkqnmFH44WsXVZLw","https:\/\/www.instagram.com\/mastercam\/"]}]}},"_links":{"self":[{"href":"https:\/\/www.mastercam.com\/fr\/wp-json\/wp\/v2\/pages\/34804","targetHints":{"allow":["GET"]}}],"collection":[{"href":"https:\/\/www.mastercam.com\/fr\/wp-json\/wp\/v2\/pages"}],"about":[{"href":"https:\/\/www.mastercam.com\/fr\/wp-json\/wp\/v2\/types\/page"}],"author":[{"embeddable":true,"href":"https:\/\/www.mastercam.com\/fr\/wp-json\/wp\/v2\/users\/1"}],"replies":[{"embeddable":true,"href":"https:\/\/www.mastercam.com\/fr\/wp-json\/wp\/v2\/comments?post=34804"}],"version-history":[{"count":0,"href":"https:\/\/www.mastercam.com\/fr\/wp-json\/wp\/v2\/pages\/34804\/revisions"}],"up":[{"embeddable":true,"href":"https:\/\/www.mastercam.com\/fr\/wp-json\/wp\/v2\/pages\/28807"}],"wp:featuredmedia":[{"embeddable":true,"href":"https:\/\/www.mastercam.com\/fr\/wp-json\/wp\/v2\/media\/27117"}],"wp:attachment":[{"href":"https:\/\/www.mastercam.com\/fr\/wp-json\/wp\/v2\/media?parent=34804"}],"curies":[{"name":"wp","href":"https:\/\/api.w.org\/{rel}","templated":true}]}}