{"id":34803,"date":"2025-01-09T16:09:23","date_gmt":"2025-01-09T21:09:23","guid":{"rendered":"https:\/\/www.mastercam.com\/soutien\/formation-sur-les-produits\/description-des-cours\/mastercam-mill-3d\/"},"modified":"2025-12-17T14:44:19","modified_gmt":"2025-12-17T19:44:19","slug":"mastercam-mill-3d","status":"publish","type":"page","link":"https:\/\/www.mastercam.com\/fr\/soutien\/formation-sur-les-produits\/description-des-cours\/mastercam-mill-3d\/","title":{"rendered":"Mastercam Mill 3D"},"content":{"rendered":"<div class=\"hero__breadcrumbs\">\n    <div class=\"container-fluid\">\n      <div class=\"row\">\n        <div class=\"col\">\n          <nav aria-label=\"breadcrumbs\"><ol class=\"breadcrumb\"><li><a href=\"https:\/\/www.mastercam.com\/fr\/\">Home<\/a><\/li><\/ol><\/nav>\n        <\/div>\n      <\/div>\n    <\/div>\n  <\/div>\n\n<div class=\"hero hero--minimal wp-block-acf-block-hero\">\n  <div class=\"container-fluid\">\n    <div class=\"row align-items-center\">\n      \n      \n      \n      <div class=\"col-12 col-lg-7 order-2 order-lg-2 hero__content-column\">\n        <div class=\"hero__content\">\n                      <h1 class=\"hero__heading\">\n              \n              Mastercam Mill 3D\n            <\/h1>\n          \n                      <p class=\"hero__text\">Apprenez la cr\u00e9ation de parcours d&#039;outils 3D avec nos formateurs experts. D\u00e9veloppez vos comp\u00e9tences en mati\u00e8re d&#039;\u00e9dition de surfaces, de programmation de parcours d&#039;outils grande vitesse et anciens, et d&#039;utilisation de mod\u00e8les bruts. Am\u00e9liorez votre usinage avec des techniques avanc\u00e9es dans les r\u00e9glages de tol\u00e9rance et les techniques de tra\u00e7age arri\u00e8re, le r\u00e9glage des limites de l&#039;outil et le contr\u00f4le des goujures !  <\/p>\n          \n          \n          \n          \n                  <\/div>\n      <\/div>\n    <\/div>\n  <\/div>\n<\/div>\n\n<div class=\"wp-block-columns is-style-container is-layout-flex wp-container-core-columns-is-layout-28f84493 wp-block-columns-is-layout-flex\">\n<div class=\"wp-block-column is-layout-flow wp-block-column-is-layout-flow\" style=\"flex-basis:66%\">\n<h2 class=\"wp-block-heading h5\">Dur\u00e9e de l&rsquo;accord<\/h2>\n\n\n\n<p class=\"mb-4 mt-0\">3 jours<\/p>\n\n\n\n<h2 class=\"wp-block-heading h5\">Pr\u00e9requis<\/h2>\n\n\n\n<p class=\"mb-4 mt-0\">Mastercam Mill Essentials<\/p>\n\n\n\n<p>Les instructeurs guideront les \u00e9tudiants dans la cr\u00e9ation de parcours d&rsquo;outils 3D. Les \u00e9tudiants apprendront \u00e0 partir d&rsquo;exercices dirig\u00e9s par le formateur, puis travailleront sur plus de 60 exercices d&rsquo;\u00e9tudiants pour cr\u00e9er et \u00e9diter des surfaces et des courbes complexes, puis les programmer \u00e0 l&rsquo;aide d&rsquo;une vari\u00e9t\u00e9 de parcours d&rsquo;outils 3D efficaces, en mettant l&rsquo;accent sur les parcours d&rsquo;outils de grande vitesse et les parcours d&rsquo;outils traditionnels. En outre, les \u00e9tudiants apprendront \u00e0 utiliser des mod\u00e8les de brut et \u00e0 appliquer diff\u00e9rents types de maintien de pi\u00e8ce, des param\u00e8tres d&rsquo;\u00e9cart, des limites d&rsquo;outil et des contr\u00f4les de gouge.  <\/p>\n<\/div>\n\n\n\n<div class=\"wp-block-column is-layout-flow wp-block-column-is-layout-flow\">\n<figure class=\"wp-block-image size-full\"><img loading=\"lazy\" decoding=\"async\" width=\"446\" height=\"446\" src=\"https:\/\/www.mastercam.com\/wp-content\/uploads\/2023\/01\/mc-product-mill.png\" alt=\"Usine Mastercam\" class=\"wp-image-25176\" srcset=\"https:\/\/www.mastercam.com\/wp-content\/uploads\/2023\/01\/mc-product-mill.png 446w, https:\/\/www.mastercam.com\/wp-content\/uploads\/2023\/01\/mc-product-mill-300x300.png 300w, https:\/\/www.mastercam.com\/wp-content\/uploads\/2023\/01\/mc-product-mill-150x150.png 150w, https:\/\/www.mastercam.com\/wp-content\/uploads\/2023\/01\/mc-product-mill-112x112.png 112w, https:\/\/www.mastercam.com\/wp-content\/uploads\/2023\/01\/mc-product-mill-224x224.png 224w\" sizes=\"auto, (max-width: 446px) 100vw, 446px\" \/><\/figure>\n<\/div>\n<\/div>\n\n<div class=\"wp-block-columns is-style-container is-layout-flex wp-container-core-columns-is-layout-28f84493 wp-block-columns-is-layout-flex\">\n<div class=\"wp-block-column is-layout-flow wp-block-column-is-layout-flow\">\n<h2 class=\"wp-block-heading h5\">Th\u00e8mes abord\u00e9s<\/h2>\n\n\n\n<ul class=\"wp-block-list horizontal-list\">\n<li>Cr\u00e9ation\/modification de surfaces<\/li>\n\n\n\n<li>Cr\u00e9ation de courbes 3D<\/li>\n\n\n\n<li>Services publics de surface<\/li>\n\n\n\n<li>Applications du mod\u00e8le de brut<\/li>\n\n\n\n<li>Applications de maintien de pi\u00e8ce<\/li>\n\n\n\n<li>Usinage de contournage de filaire en 3D<\/li>\n\n\n\n<li>L&rsquo;usinage de surface 3D en h\u00e9ritage<\/li>\n\n\n\n<li>Usinage UGV 3D \u00e0 grande vitesse<\/li>\n\n\n\n<li>Filtrage des parcours d&rsquo;outils et r\u00e9glages des tol\u00e9rances<\/li>\n\n\n\n<li>V\u00e9rification des gouges<\/li>\n\n\n\n<li>Limites de l&rsquo;outil<\/li>\n\n\n\n<li>Profondeurs de coupe<\/li>\n<\/ul>\n\n\n\n<div style=\"height:47px\" aria-hidden=\"true\" class=\"wp-block-spacer\"><\/div>\n\n\n\n<h2 class=\"wp-block-heading h5\">Inscrivez-vous aux prochaines sessions de formation<\/h2>\n\n\n\n<script data-js='tribe-events-view-nonce-data' type='application\/json'>{\"tvn1\":\"64132624d8\",\"tvn2\":\"\"}<\/script>\n\n\n\n<div style=\"height:76px\" aria-hidden=\"true\" class=\"wp-block-spacer\"><\/div>\n<\/div>\n<\/div>\n\n<div class=\"wp-block-group is-style-secondarybg flush-to-footer is-layout-constrained wp-block-group-is-layout-constrained\" style=\"margin-bottom:var(--wp--preset--spacing--6)\">\n<div class=\"wp-block-columns is-style-container is-layout-flex wp-container-core-columns-is-layout-28f84493 wp-block-columns-is-layout-flex\">\n<div class=\"wp-block-column is-layout-flow wp-block-column-is-layout-flow\"><div class=\"cta-with-image-alt align wp-block-acf-block-cta-with-image-alt\">\n    <div class=\"container-fluid\">\n    <div class=\"cta-with-image-alt__content\">\n      <div class=\"cta-with-image-alt__text\">\n                <h2 class=\"cta-with-image-alt__heading\">Vous voulez en savoir plus sur les cours Mastercam ?<\/h2>\n                        <p class=\"mb-0\">Contactez Mastercam d\u00e8s aujourd&#039;hui pour franchir une nouvelle \u00e9tape dans votre \u00e9ducation.<\/p>\n              <\/div>\n            <ul class=\"list-inline mt-4\">\n        <li class=\"list-inline-item py-1\">\n          <a href=\"https:\/\/www.mastercam.com\/fr\/contactez-nous\/\" class=\"btn btn-light\">Contactez nous<\/a>\n        <\/li>\n      <\/ul>\n          <\/div>\n  <\/div>\n<\/div>\n<\/div>\n<\/div>\n<\/div>\n","protected":false},"excerpt":{"rendered":"<p>Dur\u00e9e de l&rsquo;accord 3 jours Pr\u00e9requis Mastercam Mill Essentials Les instructeurs guideront les \u00e9tudiants dans [&hellip;]<\/p>\n","protected":false},"author":1,"featured_media":0,"parent":34721,"menu_order":0,"comment_status":"closed","ping_status":"closed","template":"","meta":{"_acf_changed":false,"footnotes":""},"class_list":["post-34803","page","type-page","status-publish","hentry"],"acf":[],"yoast_head":"<!-- This site is optimized with the Yoast SEO plugin v27.3 - https:\/\/yoast.com\/product\/yoast-seo-wordpress\/ -->\n<title>Mastercam Mill 3D - mastercam.com<\/title>\n<meta name=\"description\" content=\"Dur\u00e9e de l&#039;accord 3 jours Pr\u00e9requis Mastercam Mill Essentials Les instructeurs guideront les \u00e9tudiants dans la cr\u00e9ation de parcours d&#039;outils 3D. Les\" \/>\n<meta name=\"robots\" content=\"index, follow, max-snippet:-1, max-image-preview:large, max-video-preview:-1\" \/>\n<link rel=\"canonical\" href=\"https:\/\/www.mastercam.com\/fr\/soutien\/formation-sur-les-produits\/description-des-cours\/mastercam-mill-3d\/\" \/>\n<meta property=\"og:locale\" content=\"fr_FR\" \/>\n<meta property=\"og:type\" content=\"article\" \/>\n<meta property=\"og:title\" content=\"Mastercam Mill 3D - mastercam.com\" \/>\n<meta property=\"og:description\" content=\"Dur\u00e9e de l&#039;accord 3 jours Pr\u00e9requis Mastercam Mill Essentials Les instructeurs guideront les \u00e9tudiants dans la cr\u00e9ation de parcours d&#039;outils 3D. Les\" \/>\n<meta property=\"og:url\" content=\"https:\/\/www.mastercam.com\/fr\/soutien\/formation-sur-les-produits\/description-des-cours\/mastercam-mill-3d\/\" \/>\n<meta property=\"og:site_name\" content=\"mastercam.com\" \/>\n<meta property=\"article:publisher\" content=\"https:\/\/www.facebook.com\/Mastercam\/\" \/>\n<meta property=\"article:modified_time\" content=\"2025-12-17T19:44:19+00:00\" \/>\n<meta property=\"og:image\" content=\"https:\/\/www.mastercam.com\/wp-content\/uploads\/2023\/01\/mc-product-mill.png\" \/>\n<meta name=\"twitter:card\" content=\"summary_large_image\" \/>\n<meta name=\"twitter:site\" content=\"@mastercam\" \/>\n<meta name=\"twitter:label1\" content=\"Est. reading time\" \/>\n\t<meta name=\"twitter:data1\" content=\"1 minute\" \/>\n<script type=\"application\/ld+json\" class=\"yoast-schema-graph\">{\"@context\":\"https:\\\/\\\/schema.org\",\"@graph\":[{\"@type\":\"WebPage\",\"@id\":\"https:\\\/\\\/www.mastercam.com\\\/fr\\\/soutien\\\/formation-sur-les-produits\\\/description-des-cours\\\/mastercam-mill-3d\\\/\",\"url\":\"https:\\\/\\\/www.mastercam.com\\\/fr\\\/soutien\\\/formation-sur-les-produits\\\/description-des-cours\\\/mastercam-mill-3d\\\/\",\"name\":\"Mastercam Mill 3D - mastercam.com\",\"isPartOf\":{\"@id\":\"https:\\\/\\\/www.mastercam.com\\\/fr\\\/#website\"},\"primaryImageOfPage\":{\"@id\":\"https:\\\/\\\/www.mastercam.com\\\/fr\\\/soutien\\\/formation-sur-les-produits\\\/description-des-cours\\\/mastercam-mill-3d\\\/#primaryimage\"},\"image\":{\"@id\":\"https:\\\/\\\/www.mastercam.com\\\/fr\\\/soutien\\\/formation-sur-les-produits\\\/description-des-cours\\\/mastercam-mill-3d\\\/#primaryimage\"},\"thumbnailUrl\":\"https:\\\/\\\/www.mastercam.com\\\/wp-content\\\/uploads\\\/2023\\\/01\\\/mc-product-mill.png\",\"datePublished\":\"2025-01-09T21:09:23+00:00\",\"dateModified\":\"2025-12-17T19:44:19+00:00\",\"description\":\"Dur\u00e9e de l'accord 3 jours Pr\u00e9requis Mastercam Mill Essentials Les instructeurs guideront les \u00e9tudiants dans la cr\u00e9ation de parcours d'outils 3D. Les\",\"breadcrumb\":{\"@id\":\"https:\\\/\\\/www.mastercam.com\\\/fr\\\/soutien\\\/formation-sur-les-produits\\\/description-des-cours\\\/mastercam-mill-3d\\\/#breadcrumb\"},\"inLanguage\":\"fr-FR\",\"potentialAction\":[{\"@type\":\"ReadAction\",\"target\":[\"https:\\\/\\\/www.mastercam.com\\\/fr\\\/soutien\\\/formation-sur-les-produits\\\/description-des-cours\\\/mastercam-mill-3d\\\/\"]}]},{\"@type\":\"ImageObject\",\"inLanguage\":\"fr-FR\",\"@id\":\"https:\\\/\\\/www.mastercam.com\\\/fr\\\/soutien\\\/formation-sur-les-produits\\\/description-des-cours\\\/mastercam-mill-3d\\\/#primaryimage\",\"url\":\"https:\\\/\\\/www.mastercam.com\\\/wp-content\\\/uploads\\\/2023\\\/01\\\/mc-product-mill.png\",\"contentUrl\":\"https:\\\/\\\/www.mastercam.com\\\/wp-content\\\/uploads\\\/2023\\\/01\\\/mc-product-mill.png\"},{\"@type\":\"BreadcrumbList\",\"@id\":\"https:\\\/\\\/www.mastercam.com\\\/fr\\\/soutien\\\/formation-sur-les-produits\\\/description-des-cours\\\/mastercam-mill-3d\\\/#breadcrumb\",\"itemListElement\":[{\"@type\":\"ListItem\",\"position\":1,\"name\":\"Home\",\"item\":\"https:\\\/\\\/www.mastercam.com\\\/fr\\\/\"},{\"@type\":\"ListItem\",\"position\":2,\"name\":\"Soutien\",\"item\":\"https:\\\/\\\/www.mastercam.com\\\/fr\\\/soutien\\\/\"},{\"@type\":\"ListItem\",\"position\":3,\"name\":\"Formation sur les produits\",\"item\":\"https:\\\/\\\/www.mastercam.com\\\/fr\\\/soutien\\\/formation-sur-les-produits\\\/\"},{\"@type\":\"ListItem\",\"position\":4,\"name\":\"Description des cours\",\"item\":\"https:\\\/\\\/www.mastercam.com\\\/fr\\\/soutien\\\/formation-sur-les-produits\\\/description-des-cours\\\/\"},{\"@type\":\"ListItem\",\"position\":5,\"name\":\"Mastercam Mill 3D\"}]},{\"@type\":\"WebSite\",\"@id\":\"https:\\\/\\\/www.mastercam.com\\\/fr\\\/#website\",\"url\":\"https:\\\/\\\/www.mastercam.com\\\/fr\\\/\",\"name\":\"Mastercam\",\"description\":\"Creating software and services that solve the world&#039;s manufacturing challenges\",\"publisher\":{\"@id\":\"https:\\\/\\\/www.mastercam.com\\\/fr\\\/#organization\"},\"potentialAction\":[{\"@type\":\"SearchAction\",\"target\":{\"@type\":\"EntryPoint\",\"urlTemplate\":\"https:\\\/\\\/www.mastercam.com\\\/fr\\\/?s={search_term_string}\"},\"query-input\":{\"@type\":\"PropertyValueSpecification\",\"valueRequired\":true,\"valueName\":\"search_term_string\"}}],\"inLanguage\":\"fr-FR\"},{\"@type\":\"Organization\",\"@id\":\"https:\\\/\\\/www.mastercam.com\\\/fr\\\/#organization\",\"name\":\"Mastercam\",\"url\":\"https:\\\/\\\/www.mastercam.com\\\/fr\\\/\",\"logo\":{\"@type\":\"ImageObject\",\"inLanguage\":\"fr-FR\",\"@id\":\"https:\\\/\\\/www.mastercam.com\\\/fr\\\/#\\\/schema\\\/logo\\\/image\\\/\",\"url\":\"https:\\\/\\\/www.mastercam.com\\\/wp-content\\\/uploads\\\/2023\\\/02\\\/MC_logo.svg\",\"contentUrl\":\"https:\\\/\\\/www.mastercam.com\\\/wp-content\\\/uploads\\\/2023\\\/02\\\/MC_logo.svg\",\"width\":230,\"height\":40,\"caption\":\"Mastercam\"},\"image\":{\"@id\":\"https:\\\/\\\/www.mastercam.com\\\/fr\\\/#\\\/schema\\\/logo\\\/image\\\/\"},\"sameAs\":[\"https:\\\/\\\/www.facebook.com\\\/Mastercam\\\/\",\"https:\\\/\\\/x.com\\\/mastercam\",\"https:\\\/\\\/www.linkedin.com\\\/company\\\/mastercam\",\"https:\\\/\\\/www.youtube.com\\\/channel\\\/UChJt5ruSkqnmFH44WsXVZLw\",\"https:\\\/\\\/www.instagram.com\\\/mastercam\\\/\"]}]}<\/script>\n<!-- \/ Yoast SEO plugin. -->","yoast_head_json":{"title":"Mastercam Mill 3D - mastercam.com","description":"Dur\u00e9e de l'accord 3 jours Pr\u00e9requis Mastercam Mill Essentials Les instructeurs guideront les \u00e9tudiants dans la cr\u00e9ation de parcours d'outils 3D. Les","robots":{"index":"index","follow":"follow","max-snippet":"max-snippet:-1","max-image-preview":"max-image-preview:large","max-video-preview":"max-video-preview:-1"},"canonical":"https:\/\/www.mastercam.com\/fr\/soutien\/formation-sur-les-produits\/description-des-cours\/mastercam-mill-3d\/","og_locale":"fr_FR","og_type":"article","og_title":"Mastercam Mill 3D - mastercam.com","og_description":"Dur\u00e9e de l'accord 3 jours Pr\u00e9requis Mastercam Mill Essentials Les instructeurs guideront les \u00e9tudiants dans la cr\u00e9ation de parcours d'outils 3D. Les","og_url":"https:\/\/www.mastercam.com\/fr\/soutien\/formation-sur-les-produits\/description-des-cours\/mastercam-mill-3d\/","og_site_name":"mastercam.com","article_publisher":"https:\/\/www.facebook.com\/Mastercam\/","article_modified_time":"2025-12-17T19:44:19+00:00","og_image":[{"url":"https:\/\/www.mastercam.com\/wp-content\/uploads\/2023\/01\/mc-product-mill.png","type":"","width":"","height":""}],"twitter_card":"summary_large_image","twitter_site":"@mastercam","twitter_misc":{"Est. reading time":"1 minute"},"schema":{"@context":"https:\/\/schema.org","@graph":[{"@type":"WebPage","@id":"https:\/\/www.mastercam.com\/fr\/soutien\/formation-sur-les-produits\/description-des-cours\/mastercam-mill-3d\/","url":"https:\/\/www.mastercam.com\/fr\/soutien\/formation-sur-les-produits\/description-des-cours\/mastercam-mill-3d\/","name":"Mastercam Mill 3D - mastercam.com","isPartOf":{"@id":"https:\/\/www.mastercam.com\/fr\/#website"},"primaryImageOfPage":{"@id":"https:\/\/www.mastercam.com\/fr\/soutien\/formation-sur-les-produits\/description-des-cours\/mastercam-mill-3d\/#primaryimage"},"image":{"@id":"https:\/\/www.mastercam.com\/fr\/soutien\/formation-sur-les-produits\/description-des-cours\/mastercam-mill-3d\/#primaryimage"},"thumbnailUrl":"https:\/\/www.mastercam.com\/wp-content\/uploads\/2023\/01\/mc-product-mill.png","datePublished":"2025-01-09T21:09:23+00:00","dateModified":"2025-12-17T19:44:19+00:00","description":"Dur\u00e9e de l'accord 3 jours Pr\u00e9requis Mastercam Mill Essentials Les instructeurs guideront les \u00e9tudiants dans la cr\u00e9ation de parcours d'outils 3D. Les","breadcrumb":{"@id":"https:\/\/www.mastercam.com\/fr\/soutien\/formation-sur-les-produits\/description-des-cours\/mastercam-mill-3d\/#breadcrumb"},"inLanguage":"fr-FR","potentialAction":[{"@type":"ReadAction","target":["https:\/\/www.mastercam.com\/fr\/soutien\/formation-sur-les-produits\/description-des-cours\/mastercam-mill-3d\/"]}]},{"@type":"ImageObject","inLanguage":"fr-FR","@id":"https:\/\/www.mastercam.com\/fr\/soutien\/formation-sur-les-produits\/description-des-cours\/mastercam-mill-3d\/#primaryimage","url":"https:\/\/www.mastercam.com\/wp-content\/uploads\/2023\/01\/mc-product-mill.png","contentUrl":"https:\/\/www.mastercam.com\/wp-content\/uploads\/2023\/01\/mc-product-mill.png"},{"@type":"BreadcrumbList","@id":"https:\/\/www.mastercam.com\/fr\/soutien\/formation-sur-les-produits\/description-des-cours\/mastercam-mill-3d\/#breadcrumb","itemListElement":[{"@type":"ListItem","position":1,"name":"Home","item":"https:\/\/www.mastercam.com\/fr\/"},{"@type":"ListItem","position":2,"name":"Soutien","item":"https:\/\/www.mastercam.com\/fr\/soutien\/"},{"@type":"ListItem","position":3,"name":"Formation sur les produits","item":"https:\/\/www.mastercam.com\/fr\/soutien\/formation-sur-les-produits\/"},{"@type":"ListItem","position":4,"name":"Description des cours","item":"https:\/\/www.mastercam.com\/fr\/soutien\/formation-sur-les-produits\/description-des-cours\/"},{"@type":"ListItem","position":5,"name":"Mastercam Mill 3D"}]},{"@type":"WebSite","@id":"https:\/\/www.mastercam.com\/fr\/#website","url":"https:\/\/www.mastercam.com\/fr\/","name":"Mastercam","description":"Creating software and services that solve the world&#039;s manufacturing challenges","publisher":{"@id":"https:\/\/www.mastercam.com\/fr\/#organization"},"potentialAction":[{"@type":"SearchAction","target":{"@type":"EntryPoint","urlTemplate":"https:\/\/www.mastercam.com\/fr\/?s={search_term_string}"},"query-input":{"@type":"PropertyValueSpecification","valueRequired":true,"valueName":"search_term_string"}}],"inLanguage":"fr-FR"},{"@type":"Organization","@id":"https:\/\/www.mastercam.com\/fr\/#organization","name":"Mastercam","url":"https:\/\/www.mastercam.com\/fr\/","logo":{"@type":"ImageObject","inLanguage":"fr-FR","@id":"https:\/\/www.mastercam.com\/fr\/#\/schema\/logo\/image\/","url":"https:\/\/www.mastercam.com\/wp-content\/uploads\/2023\/02\/MC_logo.svg","contentUrl":"https:\/\/www.mastercam.com\/wp-content\/uploads\/2023\/02\/MC_logo.svg","width":230,"height":40,"caption":"Mastercam"},"image":{"@id":"https:\/\/www.mastercam.com\/fr\/#\/schema\/logo\/image\/"},"sameAs":["https:\/\/www.facebook.com\/Mastercam\/","https:\/\/x.com\/mastercam","https:\/\/www.linkedin.com\/company\/mastercam","https:\/\/www.youtube.com\/channel\/UChJt5ruSkqnmFH44WsXVZLw","https:\/\/www.instagram.com\/mastercam\/"]}]}},"_links":{"self":[{"href":"https:\/\/www.mastercam.com\/fr\/wp-json\/wp\/v2\/pages\/34803","targetHints":{"allow":["GET"]}}],"collection":[{"href":"https:\/\/www.mastercam.com\/fr\/wp-json\/wp\/v2\/pages"}],"about":[{"href":"https:\/\/www.mastercam.com\/fr\/wp-json\/wp\/v2\/types\/page"}],"author":[{"embeddable":true,"href":"https:\/\/www.mastercam.com\/fr\/wp-json\/wp\/v2\/users\/1"}],"replies":[{"embeddable":true,"href":"https:\/\/www.mastercam.com\/fr\/wp-json\/wp\/v2\/comments?post=34803"}],"version-history":[{"count":0,"href":"https:\/\/www.mastercam.com\/fr\/wp-json\/wp\/v2\/pages\/34803\/revisions"}],"up":[{"embeddable":true,"href":"https:\/\/www.mastercam.com\/fr\/wp-json\/wp\/v2\/pages\/34721"}],"wp:attachment":[{"href":"https:\/\/www.mastercam.com\/fr\/wp-json\/wp\/v2\/media?parent=34803"}],"curies":[{"name":"wp","href":"https:\/\/api.w.org\/{rel}","templated":true}]}}