{"id":34801,"date":"2025-01-09T16:08:51","date_gmt":"2025-01-09T21:08:51","guid":{"rendered":"https:\/\/www.mastercam.com\/soutien\/formation-sur-les-produits\/description-des-cours\/mastercam-mill-5-axes\/"},"modified":"2025-12-17T14:44:18","modified_gmt":"2025-12-17T19:44:18","slug":"mastercam-mill-5-axes","status":"publish","type":"page","link":"https:\/\/www.mastercam.com\/fr\/soutien\/formation-sur-les-produits\/description-des-cours\/mastercam-mill-5-axes\/","title":{"rendered":"Mastercam Mill 5 axes"},"content":{"rendered":"<div class=\"hero__breadcrumbs\">\n    <div class=\"container-fluid\">\n      <div class=\"row\">\n        <div class=\"col\">\n          <nav aria-label=\"breadcrumbs\"><ol class=\"breadcrumb\"><li><a href=\"https:\/\/www.mastercam.com\/fr\/\">Home<\/a><\/li><\/ol><\/nav>\n        <\/div>\n      <\/div>\n    <\/div>\n  <\/div>\n\n<div class=\"hero hero--minimal wp-block-acf-block-hero\">\n  <div class=\"container-fluid\">\n    <div class=\"row align-items-center\">\n      \n      \n      \n      <div class=\"col-12 col-lg-7 order-2 order-lg-2 hero__content-column\">\n        <div class=\"hero__content\">\n                      <h1 class=\"hero__heading\">\n              \n              Mastercam Mill 5 axes\n            <\/h1>\n          \n                      <p class=\"hero__text\">Explorez le monde de la programmation 4 et 5 axes avec nos instructeurs experts. Participez \u00e0 des exercices pratiques pour d\u00e9velopper vos comp\u00e9tences en mati\u00e8re de parcours d&#039;\u00e9bauche et de finition, de limites d&#039;usinage et de strat\u00e9gies d&#039;inclinaison.   <\/p>\n          \n          \n          \n          \n                  <\/div>\n      <\/div>\n    <\/div>\n  <\/div>\n<\/div>\n\n<div class=\"wp-block-columns is-style-container is-layout-flex wp-container-core-columns-is-layout-28f84493 wp-block-columns-is-layout-flex\">\n<div class=\"wp-block-column is-layout-flow wp-block-column-is-layout-flow\" style=\"flex-basis:66%\">\n<h2 class=\"wp-block-heading h5\">Dur\u00e9e de l&rsquo;accord<\/h2>\n\n\n\n<p class=\"mb-4 mt-0\">3 jours<\/p>\n\n\n\n<h2 class=\"wp-block-heading h5\">Pr\u00e9requis<\/h2>\n\n\n\n<p class=\"mb-4 mt-0\">Ma\u00eetrise de Mastercam Mill 3 axes ou formation compl\u00e8te \u00e0 Mastercam Mill 3 axes.<\/p>\n\n\n\n<p>Les instructeurs continueront \u00e0 encadrer les \u00e9tudiants en s&rsquo;appuyant sur notre cours Mill 3D, pour programmer les pi\u00e8ces 4-5 axes essentielles. Les \u00e9tudiants apprendront \u00e0 partir d&rsquo;exercices dirig\u00e9s par le formateur, puis travailleront sur 40 exercices diff\u00e9rents couvrant des parcours d&rsquo;outils d&rsquo;\u00e9bauche et de finition simples \u00e0 complexes. Les techniques importantes d&rsquo;utilisation des limites d&rsquo;usinage, les applications de g\u00e9om\u00e9trie et les strat\u00e9gies d&rsquo;inclinaison seront abord\u00e9es.  <\/p>\n<\/div>\n\n\n\n<div class=\"wp-block-column is-layout-flow wp-block-column-is-layout-flow\">\n<figure class=\"wp-block-image size-full\"><img loading=\"lazy\" decoding=\"async\" width=\"417\" height=\"450\" src=\"https:\/\/www.mastercam.com\/wp-content\/uploads\/2024\/12\/mill-5-axis.png\" alt=\"Module additionnel d'usinage de courbes sur 5 axes\" class=\"wp-image-26811\" srcset=\"https:\/\/www.mastercam.com\/wp-content\/uploads\/2024\/12\/mill-5-axis.png 417w, https:\/\/www.mastercam.com\/wp-content\/uploads\/2024\/12\/mill-5-axis-278x300.png 278w, https:\/\/www.mastercam.com\/wp-content\/uploads\/2024\/12\/mill-5-axis-104x112.png 104w, https:\/\/www.mastercam.com\/wp-content\/uploads\/2024\/12\/mill-5-axis-208x224.png 208w\" sizes=\"auto, (max-width: 417px) 100vw, 417px\" \/><\/figure>\n<\/div>\n<\/div>\n\n<div class=\"wp-block-columns is-style-container is-layout-flex wp-container-core-columns-is-layout-28f84493 wp-block-columns-is-layout-flex\">\n<div class=\"wp-block-column is-layout-flow wp-block-column-is-layout-flow\">\n<h2 class=\"wp-block-heading h5\">Th\u00e8mes abord\u00e9s<\/h2>\n\n\n\n<ul class=\"wp-block-list horizontal-list\">\n<li>Pr\u00e9sentation des 4 et 5 axes<\/li>\n\n\n\n<li>Types d&rsquo;usinage\/axes<\/li>\n\n\n\n<li>Courbe 5 axes<\/li>\n\n\n\n<li>En roulant<\/li>\n\n\n\n<li>Isoparam\u00e9trique<\/li>\n\n\n\n<li>Multi-surface<\/li>\n\n\n\n<li>Forage<\/li>\n\n\n\n<li>Parcours d&rsquo;outils unifi\u00e9s<\/li>\n\n\n\n<li>vider une poche<\/li>\n\n\n\n<li>Limitation au stock<\/li>\n\n\n\n<li>Rotary 4<\/li>\n\n\n\n<li>Ebavurer<\/li>\n\n\n\n<li>Segment de cercle<\/li>\n<\/ul>\n\n\n\n<div style=\"height:47px\" aria-hidden=\"true\" class=\"wp-block-spacer\"><\/div>\n\n\n\n<h2 class=\"wp-block-heading h5\">Inscrivez-vous aux prochaines sessions de formation<\/h2>\n\n\n\n<script data-js='tribe-events-view-nonce-data' type='application\/json'>{\"tvn1\":\"c6a063a13c\",\"tvn2\":\"\"}<\/script>\n\n\n\n<div style=\"height:76px\" aria-hidden=\"true\" class=\"wp-block-spacer\"><\/div>\n<\/div>\n<\/div>\n\n<div class=\"wp-block-group is-style-secondarybg flush-to-footer is-layout-constrained wp-block-group-is-layout-constrained\" style=\"margin-bottom:var(--wp--preset--spacing--6)\">\n<div class=\"wp-block-columns is-style-container is-layout-flex wp-container-core-columns-is-layout-28f84493 wp-block-columns-is-layout-flex\">\n<div class=\"wp-block-column is-layout-flow wp-block-column-is-layout-flow\"><div class=\"cta-with-image-alt align wp-block-acf-block-cta-with-image-alt\">\n    <div class=\"container-fluid\">\n    <div class=\"cta-with-image-alt__content\">\n      <div class=\"cta-with-image-alt__text\">\n                <h2 class=\"cta-with-image-alt__heading\">Vous voulez en savoir plus sur les cours Mastercam ?<\/h2>\n                        <p class=\"mb-0\">Contactez Mastercam d\u00e8s aujourd&#039;hui pour franchir une nouvelle \u00e9tape dans votre \u00e9ducation.<\/p>\n              <\/div>\n            <ul class=\"list-inline mt-4\">\n        <li class=\"list-inline-item py-1\">\n          <a href=\"https:\/\/www.mastercam.com\/fr\/contactez-nous\/\" class=\"btn btn-light\">Contactez nous<\/a>\n        <\/li>\n      <\/ul>\n          <\/div>\n  <\/div>\n<\/div>\n<\/div>\n<\/div>\n<\/div>\n","protected":false},"excerpt":{"rendered":"<p>Dur\u00e9e de l&rsquo;accord 3 jours Pr\u00e9requis Ma\u00eetrise de Mastercam Mill 3 axes ou formation compl\u00e8te [&hellip;]<\/p>\n","protected":false},"author":1,"featured_media":0,"parent":34721,"menu_order":0,"comment_status":"closed","ping_status":"closed","template":"","meta":{"_acf_changed":false,"footnotes":""},"class_list":["post-34801","page","type-page","status-publish","hentry"],"acf":[],"yoast_head":"<!-- This site is optimized with the Yoast SEO plugin v27.4 - https:\/\/yoast.com\/product\/yoast-seo-wordpress\/ -->\n<title>Mastercam Mill 5 axes - mastercam.com<\/title>\n<meta name=\"description\" content=\"Dur\u00e9e de l&#039;accord 3 jours Pr\u00e9requis Ma\u00eetrise de Mastercam Mill 3 axes ou formation compl\u00e8te \u00e0 Mastercam Mill 3 axes. Les instructeurs continueront \u00e0\" \/>\n<meta name=\"robots\" content=\"index, follow, max-snippet:-1, max-image-preview:large, max-video-preview:-1\" \/>\n<link rel=\"canonical\" href=\"https:\/\/www.mastercam.com\/fr\/soutien\/formation-sur-les-produits\/description-des-cours\/mastercam-mill-5-axes\/\" \/>\n<meta property=\"og:locale\" content=\"fr_FR\" \/>\n<meta property=\"og:type\" content=\"article\" \/>\n<meta property=\"og:title\" content=\"Mastercam Mill 5 axes - mastercam.com\" \/>\n<meta property=\"og:description\" content=\"Dur\u00e9e de l&#039;accord 3 jours Pr\u00e9requis Ma\u00eetrise de Mastercam Mill 3 axes ou formation compl\u00e8te \u00e0 Mastercam Mill 3 axes. Les instructeurs continueront \u00e0\" \/>\n<meta property=\"og:url\" content=\"https:\/\/www.mastercam.com\/fr\/soutien\/formation-sur-les-produits\/description-des-cours\/mastercam-mill-5-axes\/\" \/>\n<meta property=\"og:site_name\" content=\"mastercam.com\" \/>\n<meta property=\"article:publisher\" content=\"https:\/\/www.facebook.com\/Mastercam\/\" \/>\n<meta property=\"article:modified_time\" content=\"2025-12-17T19:44:18+00:00\" \/>\n<meta property=\"og:image\" content=\"https:\/\/www.mastercam.com\/wp-content\/uploads\/2024\/12\/mill-5-axis.png\" \/>\n<meta name=\"twitter:card\" content=\"summary_large_image\" \/>\n<meta name=\"twitter:site\" content=\"@mastercam\" \/>\n<meta name=\"twitter:label1\" content=\"Est. reading time\" \/>\n\t<meta name=\"twitter:data1\" content=\"1 minute\" \/>\n<script type=\"application\/ld+json\" class=\"yoast-schema-graph\">{\"@context\":\"https:\\\/\\\/schema.org\",\"@graph\":[{\"@type\":\"WebPage\",\"@id\":\"https:\\\/\\\/www.mastercam.com\\\/fr\\\/soutien\\\/formation-sur-les-produits\\\/description-des-cours\\\/mastercam-mill-5-axes\\\/\",\"url\":\"https:\\\/\\\/www.mastercam.com\\\/fr\\\/soutien\\\/formation-sur-les-produits\\\/description-des-cours\\\/mastercam-mill-5-axes\\\/\",\"name\":\"Mastercam Mill 5 axes - mastercam.com\",\"isPartOf\":{\"@id\":\"https:\\\/\\\/www.mastercam.com\\\/fr\\\/#website\"},\"primaryImageOfPage\":{\"@id\":\"https:\\\/\\\/www.mastercam.com\\\/fr\\\/soutien\\\/formation-sur-les-produits\\\/description-des-cours\\\/mastercam-mill-5-axes\\\/#primaryimage\"},\"image\":{\"@id\":\"https:\\\/\\\/www.mastercam.com\\\/fr\\\/soutien\\\/formation-sur-les-produits\\\/description-des-cours\\\/mastercam-mill-5-axes\\\/#primaryimage\"},\"thumbnailUrl\":\"https:\\\/\\\/www.mastercam.com\\\/wp-content\\\/uploads\\\/2024\\\/12\\\/mill-5-axis.png\",\"datePublished\":\"2025-01-09T21:08:51+00:00\",\"dateModified\":\"2025-12-17T19:44:18+00:00\",\"description\":\"Dur\u00e9e de l'accord 3 jours Pr\u00e9requis Ma\u00eetrise de Mastercam Mill 3 axes ou formation compl\u00e8te \u00e0 Mastercam Mill 3 axes. Les instructeurs continueront \u00e0\",\"breadcrumb\":{\"@id\":\"https:\\\/\\\/www.mastercam.com\\\/fr\\\/soutien\\\/formation-sur-les-produits\\\/description-des-cours\\\/mastercam-mill-5-axes\\\/#breadcrumb\"},\"inLanguage\":\"fr-FR\",\"potentialAction\":[{\"@type\":\"ReadAction\",\"target\":[\"https:\\\/\\\/www.mastercam.com\\\/fr\\\/soutien\\\/formation-sur-les-produits\\\/description-des-cours\\\/mastercam-mill-5-axes\\\/\"]}]},{\"@type\":\"ImageObject\",\"inLanguage\":\"fr-FR\",\"@id\":\"https:\\\/\\\/www.mastercam.com\\\/fr\\\/soutien\\\/formation-sur-les-produits\\\/description-des-cours\\\/mastercam-mill-5-axes\\\/#primaryimage\",\"url\":\"https:\\\/\\\/www.mastercam.com\\\/wp-content\\\/uploads\\\/2024\\\/12\\\/mill-5-axis.png\",\"contentUrl\":\"https:\\\/\\\/www.mastercam.com\\\/wp-content\\\/uploads\\\/2024\\\/12\\\/mill-5-axis.png\"},{\"@type\":\"BreadcrumbList\",\"@id\":\"https:\\\/\\\/www.mastercam.com\\\/fr\\\/soutien\\\/formation-sur-les-produits\\\/description-des-cours\\\/mastercam-mill-5-axes\\\/#breadcrumb\",\"itemListElement\":[{\"@type\":\"ListItem\",\"position\":1,\"name\":\"Home\",\"item\":\"https:\\\/\\\/www.mastercam.com\\\/fr\\\/\"},{\"@type\":\"ListItem\",\"position\":2,\"name\":\"Soutien\",\"item\":\"https:\\\/\\\/www.mastercam.com\\\/fr\\\/soutien\\\/\"},{\"@type\":\"ListItem\",\"position\":3,\"name\":\"Formation sur les produits\",\"item\":\"https:\\\/\\\/www.mastercam.com\\\/fr\\\/soutien\\\/formation-sur-les-produits\\\/\"},{\"@type\":\"ListItem\",\"position\":4,\"name\":\"Description des cours\",\"item\":\"https:\\\/\\\/www.mastercam.com\\\/fr\\\/soutien\\\/formation-sur-les-produits\\\/description-des-cours\\\/\"},{\"@type\":\"ListItem\",\"position\":5,\"name\":\"Mastercam Mill 5 axes\"}]},{\"@type\":\"WebSite\",\"@id\":\"https:\\\/\\\/www.mastercam.com\\\/fr\\\/#website\",\"url\":\"https:\\\/\\\/www.mastercam.com\\\/fr\\\/\",\"name\":\"Mastercam\",\"description\":\"Creating software and services that solve the world&#039;s manufacturing challenges\",\"publisher\":{\"@id\":\"https:\\\/\\\/www.mastercam.com\\\/fr\\\/#organization\"},\"potentialAction\":[{\"@type\":\"SearchAction\",\"target\":{\"@type\":\"EntryPoint\",\"urlTemplate\":\"https:\\\/\\\/www.mastercam.com\\\/fr\\\/?s={search_term_string}\"},\"query-input\":{\"@type\":\"PropertyValueSpecification\",\"valueRequired\":true,\"valueName\":\"search_term_string\"}}],\"inLanguage\":\"fr-FR\"},{\"@type\":\"Organization\",\"@id\":\"https:\\\/\\\/www.mastercam.com\\\/fr\\\/#organization\",\"name\":\"Mastercam\",\"url\":\"https:\\\/\\\/www.mastercam.com\\\/fr\\\/\",\"logo\":{\"@type\":\"ImageObject\",\"inLanguage\":\"fr-FR\",\"@id\":\"https:\\\/\\\/www.mastercam.com\\\/fr\\\/#\\\/schema\\\/logo\\\/image\\\/\",\"url\":\"https:\\\/\\\/www.mastercam.com\\\/wp-content\\\/uploads\\\/2023\\\/02\\\/MC_logo.svg\",\"contentUrl\":\"https:\\\/\\\/www.mastercam.com\\\/wp-content\\\/uploads\\\/2023\\\/02\\\/MC_logo.svg\",\"width\":230,\"height\":40,\"caption\":\"Mastercam\"},\"image\":{\"@id\":\"https:\\\/\\\/www.mastercam.com\\\/fr\\\/#\\\/schema\\\/logo\\\/image\\\/\"},\"sameAs\":[\"https:\\\/\\\/www.facebook.com\\\/Mastercam\\\/\",\"https:\\\/\\\/x.com\\\/mastercam\",\"https:\\\/\\\/www.linkedin.com\\\/company\\\/mastercam\",\"https:\\\/\\\/www.youtube.com\\\/channel\\\/UChJt5ruSkqnmFH44WsXVZLw\",\"https:\\\/\\\/www.instagram.com\\\/mastercam\\\/\"]}]}<\/script>\n<!-- \/ Yoast SEO plugin. -->","yoast_head_json":{"title":"Mastercam Mill 5 axes - mastercam.com","description":"Dur\u00e9e de l'accord 3 jours Pr\u00e9requis Ma\u00eetrise de Mastercam Mill 3 axes ou formation compl\u00e8te \u00e0 Mastercam Mill 3 axes. Les instructeurs continueront \u00e0","robots":{"index":"index","follow":"follow","max-snippet":"max-snippet:-1","max-image-preview":"max-image-preview:large","max-video-preview":"max-video-preview:-1"},"canonical":"https:\/\/www.mastercam.com\/fr\/soutien\/formation-sur-les-produits\/description-des-cours\/mastercam-mill-5-axes\/","og_locale":"fr_FR","og_type":"article","og_title":"Mastercam Mill 5 axes - mastercam.com","og_description":"Dur\u00e9e de l'accord 3 jours Pr\u00e9requis Ma\u00eetrise de Mastercam Mill 3 axes ou formation compl\u00e8te \u00e0 Mastercam Mill 3 axes. Les instructeurs continueront \u00e0","og_url":"https:\/\/www.mastercam.com\/fr\/soutien\/formation-sur-les-produits\/description-des-cours\/mastercam-mill-5-axes\/","og_site_name":"mastercam.com","article_publisher":"https:\/\/www.facebook.com\/Mastercam\/","article_modified_time":"2025-12-17T19:44:18+00:00","og_image":[{"url":"https:\/\/www.mastercam.com\/wp-content\/uploads\/2024\/12\/mill-5-axis.png","type":"","width":"","height":""}],"twitter_card":"summary_large_image","twitter_site":"@mastercam","twitter_misc":{"Est. reading time":"1 minute"},"schema":{"@context":"https:\/\/schema.org","@graph":[{"@type":"WebPage","@id":"https:\/\/www.mastercam.com\/fr\/soutien\/formation-sur-les-produits\/description-des-cours\/mastercam-mill-5-axes\/","url":"https:\/\/www.mastercam.com\/fr\/soutien\/formation-sur-les-produits\/description-des-cours\/mastercam-mill-5-axes\/","name":"Mastercam Mill 5 axes - mastercam.com","isPartOf":{"@id":"https:\/\/www.mastercam.com\/fr\/#website"},"primaryImageOfPage":{"@id":"https:\/\/www.mastercam.com\/fr\/soutien\/formation-sur-les-produits\/description-des-cours\/mastercam-mill-5-axes\/#primaryimage"},"image":{"@id":"https:\/\/www.mastercam.com\/fr\/soutien\/formation-sur-les-produits\/description-des-cours\/mastercam-mill-5-axes\/#primaryimage"},"thumbnailUrl":"https:\/\/www.mastercam.com\/wp-content\/uploads\/2024\/12\/mill-5-axis.png","datePublished":"2025-01-09T21:08:51+00:00","dateModified":"2025-12-17T19:44:18+00:00","description":"Dur\u00e9e de l'accord 3 jours Pr\u00e9requis Ma\u00eetrise de Mastercam Mill 3 axes ou formation compl\u00e8te \u00e0 Mastercam Mill 3 axes. Les instructeurs continueront \u00e0","breadcrumb":{"@id":"https:\/\/www.mastercam.com\/fr\/soutien\/formation-sur-les-produits\/description-des-cours\/mastercam-mill-5-axes\/#breadcrumb"},"inLanguage":"fr-FR","potentialAction":[{"@type":"ReadAction","target":["https:\/\/www.mastercam.com\/fr\/soutien\/formation-sur-les-produits\/description-des-cours\/mastercam-mill-5-axes\/"]}]},{"@type":"ImageObject","inLanguage":"fr-FR","@id":"https:\/\/www.mastercam.com\/fr\/soutien\/formation-sur-les-produits\/description-des-cours\/mastercam-mill-5-axes\/#primaryimage","url":"https:\/\/www.mastercam.com\/wp-content\/uploads\/2024\/12\/mill-5-axis.png","contentUrl":"https:\/\/www.mastercam.com\/wp-content\/uploads\/2024\/12\/mill-5-axis.png"},{"@type":"BreadcrumbList","@id":"https:\/\/www.mastercam.com\/fr\/soutien\/formation-sur-les-produits\/description-des-cours\/mastercam-mill-5-axes\/#breadcrumb","itemListElement":[{"@type":"ListItem","position":1,"name":"Home","item":"https:\/\/www.mastercam.com\/fr\/"},{"@type":"ListItem","position":2,"name":"Soutien","item":"https:\/\/www.mastercam.com\/fr\/soutien\/"},{"@type":"ListItem","position":3,"name":"Formation sur les produits","item":"https:\/\/www.mastercam.com\/fr\/soutien\/formation-sur-les-produits\/"},{"@type":"ListItem","position":4,"name":"Description des cours","item":"https:\/\/www.mastercam.com\/fr\/soutien\/formation-sur-les-produits\/description-des-cours\/"},{"@type":"ListItem","position":5,"name":"Mastercam Mill 5 axes"}]},{"@type":"WebSite","@id":"https:\/\/www.mastercam.com\/fr\/#website","url":"https:\/\/www.mastercam.com\/fr\/","name":"Mastercam","description":"Creating software and services that solve the world&#039;s manufacturing challenges","publisher":{"@id":"https:\/\/www.mastercam.com\/fr\/#organization"},"potentialAction":[{"@type":"SearchAction","target":{"@type":"EntryPoint","urlTemplate":"https:\/\/www.mastercam.com\/fr\/?s={search_term_string}"},"query-input":{"@type":"PropertyValueSpecification","valueRequired":true,"valueName":"search_term_string"}}],"inLanguage":"fr-FR"},{"@type":"Organization","@id":"https:\/\/www.mastercam.com\/fr\/#organization","name":"Mastercam","url":"https:\/\/www.mastercam.com\/fr\/","logo":{"@type":"ImageObject","inLanguage":"fr-FR","@id":"https:\/\/www.mastercam.com\/fr\/#\/schema\/logo\/image\/","url":"https:\/\/www.mastercam.com\/wp-content\/uploads\/2023\/02\/MC_logo.svg","contentUrl":"https:\/\/www.mastercam.com\/wp-content\/uploads\/2023\/02\/MC_logo.svg","width":230,"height":40,"caption":"Mastercam"},"image":{"@id":"https:\/\/www.mastercam.com\/fr\/#\/schema\/logo\/image\/"},"sameAs":["https:\/\/www.facebook.com\/Mastercam\/","https:\/\/x.com\/mastercam","https:\/\/www.linkedin.com\/company\/mastercam","https:\/\/www.youtube.com\/channel\/UChJt5ruSkqnmFH44WsXVZLw","https:\/\/www.instagram.com\/mastercam\/"]}]}},"_links":{"self":[{"href":"https:\/\/www.mastercam.com\/fr\/wp-json\/wp\/v2\/pages\/34801","targetHints":{"allow":["GET"]}}],"collection":[{"href":"https:\/\/www.mastercam.com\/fr\/wp-json\/wp\/v2\/pages"}],"about":[{"href":"https:\/\/www.mastercam.com\/fr\/wp-json\/wp\/v2\/types\/page"}],"author":[{"embeddable":true,"href":"https:\/\/www.mastercam.com\/fr\/wp-json\/wp\/v2\/users\/1"}],"replies":[{"embeddable":true,"href":"https:\/\/www.mastercam.com\/fr\/wp-json\/wp\/v2\/comments?post=34801"}],"version-history":[{"count":0,"href":"https:\/\/www.mastercam.com\/fr\/wp-json\/wp\/v2\/pages\/34801\/revisions"}],"up":[{"embeddable":true,"href":"https:\/\/www.mastercam.com\/fr\/wp-json\/wp\/v2\/pages\/34721"}],"wp:attachment":[{"href":"https:\/\/www.mastercam.com\/fr\/wp-json\/wp\/v2\/media?parent=34801"}],"curies":[{"name":"wp","href":"https:\/\/api.w.org\/{rel}","templated":true}]}}