{"id":34799,"date":"2025-01-09T16:08:08","date_gmt":"2025-01-09T21:08:08","guid":{"rendered":"https:\/\/www.mastercam.com\/soutien\/formation-sur-les-produits\/description-des-cours\/tournage-mastercam\/"},"modified":"2025-12-17T14:44:18","modified_gmt":"2025-12-17T19:44:18","slug":"tournage-mastercam","status":"publish","type":"page","link":"https:\/\/www.mastercam.com\/fr\/soutien\/formation-sur-les-produits\/description-des-cours\/tournage-mastercam\/","title":{"rendered":"Tournage Mastercam"},"content":{"rendered":"<div class=\"hero__breadcrumbs\">\n    <div class=\"container-fluid\">\n      <div class=\"row\">\n        <div class=\"col\">\n          <nav aria-label=\"breadcrumbs\"><ol class=\"breadcrumb\"><li><a href=\"https:\/\/www.mastercam.com\/fr\/\">Home<\/a><\/li><\/ol><\/nav>\n        <\/div>\n      <\/div>\n    <\/div>\n  <\/div>\n\n<div class=\"hero hero--minimal wp-block-acf-block-hero\">\n  <div class=\"container-fluid\">\n    <div class=\"row align-items-center\">\n      \n      \n      \n      <div class=\"col-12 col-lg-7 order-2 order-lg-2 hero__content-column\">\n        <div class=\"hero__content\">\n                      <h1 class=\"hero__heading\">\n              \n              Tournage Mastercam\n            <\/h1>\n          \n                      <p class=\"hero__text\">Plongez dans la cr\u00e9ation de parcours d&#039;outils de tournage avec notre instructeur expert. Participez \u00e0 des exercices de programmation pour le fraisage et la finition, puis programmez des pi\u00e8ces sur les axes C et Y avec des fraisages en tournage, g\u00e9n\u00e9rez du code G et v\u00e9rifiez chaque programme afin d&#039;am\u00e9liorer vos capacit\u00e9s d&#039;usinage !<\/p>\n          \n          \n          \n          \n                  <\/div>\n      <\/div>\n    <\/div>\n  <\/div>\n<\/div>\n\n<div class=\"wp-block-columns is-style-container is-layout-flex wp-container-core-columns-is-layout-28f84493 wp-block-columns-is-layout-flex\">\n<div class=\"wp-block-column is-layout-flow wp-block-column-is-layout-flow\" style=\"flex-basis:66%\">\n<h2 class=\"wp-block-heading h5\">Dur\u00e9e de l&rsquo;accord<\/h2>\n\n\n\n<p class=\"mb-4 mt-0\">2 \u00bdD<\/p>\n\n\n\n<h2 class=\"wp-block-heading h5\">Pr\u00e9requis<\/h2>\n\n\n\n<p class=\"mb-4 mt-0\">Comp\u00e9tences de base en informatique et connaissances g\u00e9n\u00e9rales de la configuration et de l&rsquo;op\u00e9ration d&rsquo;une fraiseuse \u00e0 commande num\u00e9rique.<\/p>\n\n\n\n<h2 class=\"wp-block-heading h5\">T\u00e9l\u00e9chargement de la pr\u00e9paration \u00e0 la classe<\/h2>\n\n\n\n<ul class=\"wp-block-list mb-4 mt-0\">\n<li><a href=\"https:\/\/downloads.mastercam.com\/tutorials\/mastercam\/2025\/tutorial2025-mastercam-basics-pdf.pdf\">Bases de Mastercam Tuto<\/a><a href=\"https:\/\/downloads.mastercam.com\/public\/tutorials\/tutorial2025-mastercam-basics-pdf.pdf\">rial<\/a><\/li>\n\n\n\n<li><a href=\"https:\/\/downloads.mastercam.com\/public\/tutorials\/tutorial2021-mastercam-lathe.zip\">Mastercam &#8211; Mise en route avec le Tournage<\/a><\/li>\n\n\n\n<li><a href=\"https:\/\/downloads.mastercam.com\/public\/tutorials\/tutorial2018-wcs-intro.zip\">Mastercam RUD Introduction<\/a><\/li>\n<\/ul>\n\n\n\n<p>Les instructeurs vous guideront dans la cr\u00e9ation de parcours d&rsquo;outils Mastercam pour le Tournage 2 axes et pour le Fraisage sur les axes C et Y. Les \u00e9tudiants apprendront \u00e0 partir d&rsquo;exercices dirig\u00e9s par le formateur puis travailleront sur plus de 30 exercices diff\u00e9rents couvrant le filaire 2D puis l&rsquo;importation et la manipulation de mod\u00e8les solides pour la cr\u00e9ation de chemin d&rsquo;outils pour le dressage, le per\u00e7age et le tournage d&rsquo;\u00e9bauche et de finition. Enfin, les \u00e9tudiants programmeront plusieurs pi\u00e8ces sur les axes C et Y avec des fraisages en tournage. Pour chaque programme cr\u00e9\u00e9, vous devrez g\u00e9n\u00e9rer du code G, faire un trac\u00e9 arri\u00e8re et v\u00e9rifier.<\/p>\n<\/div>\n\n\n\n<div class=\"wp-block-column is-layout-flow wp-block-column-is-layout-flow\">\n<figure class=\"wp-block-image size-full\"><img loading=\"lazy\" decoding=\"async\" width=\"446\" height=\"445\" src=\"https:\/\/www.mastercam.com\/wp-content\/uploads\/2023\/01\/mc-product-lathe.png\" alt=\"Tournage Mastercam\" class=\"wp-image-25187\" srcset=\"https:\/\/www.mastercam.com\/wp-content\/uploads\/2023\/01\/mc-product-lathe.png 446w, https:\/\/www.mastercam.com\/wp-content\/uploads\/2023\/01\/mc-product-lathe-300x300.png 300w, https:\/\/www.mastercam.com\/wp-content\/uploads\/2023\/01\/mc-product-lathe-150x150.png 150w, https:\/\/www.mastercam.com\/wp-content\/uploads\/2023\/01\/mc-product-lathe-112x112.png 112w, https:\/\/www.mastercam.com\/wp-content\/uploads\/2023\/01\/mc-product-lathe-224x224.png 224w\" sizes=\"auto, (max-width: 446px) 100vw, 446px\" \/><\/figure>\n<\/div>\n<\/div>\n\n<div class=\"wp-block-columns is-style-container is-layout-flex wp-container-core-columns-is-layout-28f84493 wp-block-columns-is-layout-flex\">\n<div class=\"wp-block-column is-layout-flow wp-block-column-is-layout-flow\">\n<h2 class=\"wp-block-heading h5\">Th\u00e8mes abord\u00e9s<\/h2>\n\n\n\n<ul class=\"wp-block-list horizontal-list\">\n<li>Bases de la navigation dans l&rsquo;interface Mastercam<\/li>\n\n\n\n<li>Tournage des plans et alignement sur Z<\/li>\n\n\n\n<li>Cha\u00eenage<\/li>\n\n\n\n<li>Cr\u00e9ation et importation de g\u00e9om\u00e9tries<\/li>\n\n\n\n<li>Cr\u00e9ation d&rsquo;un profil de tournage<\/li>\n\n\n\n<li>Parcours d&rsquo;outils d&rsquo;usage courant : surfa\u00e7age, per\u00e7age, tournage \u00e9bauche et finition.<\/li>\n\n\n\n<li>Biblioth\u00e8ques d&rsquo;outils<\/li>\n\n\n\n<li>Configuration de l&rsquo;avion<\/li>\n\n\n\n<li>Parcours dynamique de tournage<\/li>\n\n\n\n<li>Trajectoires d&rsquo;outils de tournage d&rsquo;origine<\/li>\n\n\n\n<li>Parcours d&rsquo;outils d&rsquo;Axe C<\/li>\n\n\n\n<li>Filaire \/ Outils 3D personnalis\u00e9s<\/li>\n<\/ul>\n\n\n\n<div style=\"height:47px\" aria-hidden=\"true\" class=\"wp-block-spacer\"><\/div>\n\n\n\n<h2 class=\"wp-block-heading h5\">Inscrivez-vous aux prochaines sessions de formation<\/h2>\n\n\n\n<script data-js='tribe-events-view-nonce-data' type='application\/json'>{\"tvn1\":\"8e0abaef82\",\"tvn2\":\"\"}<\/script>\n\n\n\n<div style=\"height:76px\" aria-hidden=\"true\" class=\"wp-block-spacer\"><\/div>\n<\/div>\n<\/div>\n\n<div class=\"wp-block-group is-style-secondarybg flush-to-footer is-layout-constrained wp-block-group-is-layout-constrained\" style=\"margin-bottom:var(--wp--preset--spacing--6)\">\n<div class=\"wp-block-columns is-style-container is-layout-flex wp-container-core-columns-is-layout-28f84493 wp-block-columns-is-layout-flex\">\n<div class=\"wp-block-column is-layout-flow wp-block-column-is-layout-flow\"><div class=\"cta-with-image-alt align wp-block-acf-block-cta-with-image-alt\">\n    <div class=\"container-fluid\">\n    <div class=\"cta-with-image-alt__content\">\n      <div class=\"cta-with-image-alt__text\">\n                <h2 class=\"cta-with-image-alt__heading\">Vous voulez en savoir plus sur les cours Mastercam ?<\/h2>\n                        <p class=\"mb-0\">Contactez Mastercam d\u00e8s aujourd&#039;hui pour franchir une nouvelle \u00e9tape dans votre \u00e9ducation.<\/p>\n              <\/div>\n            <ul class=\"list-inline mt-4\">\n        <li class=\"list-inline-item py-1\">\n          <a href=\"https:\/\/www.mastercam.com\/fr\/contactez-nous\/\" class=\"btn btn-light\">Contactez nous<\/a>\n        <\/li>\n      <\/ul>\n          <\/div>\n  <\/div>\n<\/div>\n<\/div>\n<\/div>\n<\/div>\n","protected":false},"excerpt":{"rendered":"<p>Dur\u00e9e de l&rsquo;accord 2 \u00bdD Pr\u00e9requis Comp\u00e9tences de base en informatique et connaissances g\u00e9n\u00e9rales de [&hellip;]<\/p>\n","protected":false},"author":1,"featured_media":0,"parent":34721,"menu_order":0,"comment_status":"closed","ping_status":"closed","template":"","meta":{"_acf_changed":false,"footnotes":""},"class_list":["post-34799","page","type-page","status-publish","hentry"],"acf":[],"yoast_head":"<!-- This site is optimized with the Yoast SEO plugin v26.8 - https:\/\/yoast.com\/product\/yoast-seo-wordpress\/ -->\n<title>Tournage Mastercam - mastercam.com<\/title>\n<meta name=\"description\" content=\"Dur\u00e9e de l&#039;accord 2 \u00bdD Pr\u00e9requis Comp\u00e9tences de base en informatique et connaissances g\u00e9n\u00e9rales de la configuration et de l&#039;op\u00e9ration d&#039;une fraiseuse \u00e0\" \/>\n<meta name=\"robots\" content=\"index, follow, max-snippet:-1, max-image-preview:large, max-video-preview:-1\" \/>\n<link rel=\"canonical\" href=\"https:\/\/www.mastercam.com\/fr\/soutien\/formation-sur-les-produits\/description-des-cours\/tournage-mastercam\/\" \/>\n<meta property=\"og:locale\" content=\"fr_FR\" \/>\n<meta property=\"og:type\" content=\"article\" \/>\n<meta property=\"og:title\" content=\"Tournage Mastercam - mastercam.com\" \/>\n<meta property=\"og:description\" content=\"Dur\u00e9e de l&#039;accord 2 \u00bdD Pr\u00e9requis Comp\u00e9tences de base en informatique et connaissances g\u00e9n\u00e9rales de la configuration et de l&#039;op\u00e9ration d&#039;une fraiseuse \u00e0\" \/>\n<meta property=\"og:url\" content=\"https:\/\/www.mastercam.com\/fr\/soutien\/formation-sur-les-produits\/description-des-cours\/tournage-mastercam\/\" \/>\n<meta property=\"og:site_name\" content=\"mastercam.com\" \/>\n<meta property=\"article:publisher\" content=\"https:\/\/www.facebook.com\/Mastercam\/\" \/>\n<meta property=\"article:modified_time\" content=\"2025-12-17T19:44:18+00:00\" \/>\n<meta property=\"og:image\" content=\"https:\/\/www.mastercam.com\/wp-content\/uploads\/2023\/01\/mc-product-lathe.png\" \/>\n<meta name=\"twitter:card\" content=\"summary_large_image\" \/>\n<meta name=\"twitter:site\" content=\"@mastercam\" \/>\n<meta name=\"twitter:label1\" content=\"Est. reading time\" \/>\n\t<meta name=\"twitter:data1\" content=\"1 minute\" \/>\n<script type=\"application\/ld+json\" class=\"yoast-schema-graph\">{\"@context\":\"https:\/\/schema.org\",\"@graph\":[{\"@type\":\"WebPage\",\"@id\":\"https:\/\/www.mastercam.com\/fr\/soutien\/formation-sur-les-produits\/description-des-cours\/tournage-mastercam\/\",\"url\":\"https:\/\/www.mastercam.com\/fr\/soutien\/formation-sur-les-produits\/description-des-cours\/tournage-mastercam\/\",\"name\":\"Tournage Mastercam - mastercam.com\",\"isPartOf\":{\"@id\":\"https:\/\/www.mastercam.com\/fr\/#website\"},\"primaryImageOfPage\":{\"@id\":\"https:\/\/www.mastercam.com\/fr\/soutien\/formation-sur-les-produits\/description-des-cours\/tournage-mastercam\/#primaryimage\"},\"image\":{\"@id\":\"https:\/\/www.mastercam.com\/fr\/soutien\/formation-sur-les-produits\/description-des-cours\/tournage-mastercam\/#primaryimage\"},\"thumbnailUrl\":\"https:\/\/www.mastercam.com\/wp-content\/uploads\/2023\/01\/mc-product-lathe.png\",\"datePublished\":\"2025-01-09T21:08:08+00:00\",\"dateModified\":\"2025-12-17T19:44:18+00:00\",\"description\":\"Dur\u00e9e de l'accord 2 \u00bdD Pr\u00e9requis Comp\u00e9tences de base en informatique et connaissances g\u00e9n\u00e9rales de la configuration et de l'op\u00e9ration d'une fraiseuse \u00e0\",\"breadcrumb\":{\"@id\":\"https:\/\/www.mastercam.com\/fr\/soutien\/formation-sur-les-produits\/description-des-cours\/tournage-mastercam\/#breadcrumb\"},\"inLanguage\":\"fr-FR\",\"potentialAction\":[{\"@type\":\"ReadAction\",\"target\":[\"https:\/\/www.mastercam.com\/fr\/soutien\/formation-sur-les-produits\/description-des-cours\/tournage-mastercam\/\"]}]},{\"@type\":\"ImageObject\",\"inLanguage\":\"fr-FR\",\"@id\":\"https:\/\/www.mastercam.com\/fr\/soutien\/formation-sur-les-produits\/description-des-cours\/tournage-mastercam\/#primaryimage\",\"url\":\"https:\/\/www.mastercam.com\/wp-content\/uploads\/2023\/01\/mc-product-lathe.png\",\"contentUrl\":\"https:\/\/www.mastercam.com\/wp-content\/uploads\/2023\/01\/mc-product-lathe.png\"},{\"@type\":\"BreadcrumbList\",\"@id\":\"https:\/\/www.mastercam.com\/fr\/soutien\/formation-sur-les-produits\/description-des-cours\/tournage-mastercam\/#breadcrumb\",\"itemListElement\":[{\"@type\":\"ListItem\",\"position\":1,\"name\":\"Home\",\"item\":\"https:\/\/www.mastercam.com\/fr\/\"},{\"@type\":\"ListItem\",\"position\":2,\"name\":\"Soutien\",\"item\":\"https:\/\/www.mastercam.com\/fr\/soutien\/\"},{\"@type\":\"ListItem\",\"position\":3,\"name\":\"Formation sur les produits\",\"item\":\"https:\/\/www.mastercam.com\/fr\/soutien\/formation-sur-les-produits\/\"},{\"@type\":\"ListItem\",\"position\":4,\"name\":\"Description des cours\",\"item\":\"https:\/\/www.mastercam.com\/fr\/soutien\/formation-sur-les-produits\/description-des-cours\/\"},{\"@type\":\"ListItem\",\"position\":5,\"name\":\"Tournage Mastercam\"}]},{\"@type\":\"WebSite\",\"@id\":\"https:\/\/www.mastercam.com\/fr\/#website\",\"url\":\"https:\/\/www.mastercam.com\/fr\/\",\"name\":\"Mastercam\",\"description\":\"Creating software and services that solve the world&#039;s manufacturing challenges\",\"publisher\":{\"@id\":\"https:\/\/www.mastercam.com\/fr\/#organization\"},\"potentialAction\":[{\"@type\":\"SearchAction\",\"target\":{\"@type\":\"EntryPoint\",\"urlTemplate\":\"https:\/\/www.mastercam.com\/fr\/?s={search_term_string}\"},\"query-input\":{\"@type\":\"PropertyValueSpecification\",\"valueRequired\":true,\"valueName\":\"search_term_string\"}}],\"inLanguage\":\"fr-FR\"},{\"@type\":\"Organization\",\"@id\":\"https:\/\/www.mastercam.com\/fr\/#organization\",\"name\":\"Mastercam\",\"url\":\"https:\/\/www.mastercam.com\/fr\/\",\"logo\":{\"@type\":\"ImageObject\",\"inLanguage\":\"fr-FR\",\"@id\":\"https:\/\/www.mastercam.com\/fr\/#\/schema\/logo\/image\/\",\"url\":\"https:\/\/www.mastercam.com\/wp-content\/uploads\/2023\/02\/MC_logo.svg\",\"contentUrl\":\"https:\/\/www.mastercam.com\/wp-content\/uploads\/2023\/02\/MC_logo.svg\",\"width\":230,\"height\":40,\"caption\":\"Mastercam\"},\"image\":{\"@id\":\"https:\/\/www.mastercam.com\/fr\/#\/schema\/logo\/image\/\"},\"sameAs\":[\"https:\/\/www.facebook.com\/Mastercam\/\",\"https:\/\/x.com\/mastercam\",\"https:\/\/www.linkedin.com\/company\/mastercam\",\"https:\/\/www.youtube.com\/channel\/UChJt5ruSkqnmFH44WsXVZLw\",\"https:\/\/www.instagram.com\/mastercam\/\"]}]}<\/script>\n<!-- \/ Yoast SEO plugin. -->","yoast_head_json":{"title":"Tournage Mastercam - mastercam.com","description":"Dur\u00e9e de l'accord 2 \u00bdD Pr\u00e9requis Comp\u00e9tences de base en informatique et connaissances g\u00e9n\u00e9rales de la configuration et de l'op\u00e9ration d'une fraiseuse \u00e0","robots":{"index":"index","follow":"follow","max-snippet":"max-snippet:-1","max-image-preview":"max-image-preview:large","max-video-preview":"max-video-preview:-1"},"canonical":"https:\/\/www.mastercam.com\/fr\/soutien\/formation-sur-les-produits\/description-des-cours\/tournage-mastercam\/","og_locale":"fr_FR","og_type":"article","og_title":"Tournage Mastercam - mastercam.com","og_description":"Dur\u00e9e de l'accord 2 \u00bdD Pr\u00e9requis Comp\u00e9tences de base en informatique et connaissances g\u00e9n\u00e9rales de la configuration et de l'op\u00e9ration d'une fraiseuse \u00e0","og_url":"https:\/\/www.mastercam.com\/fr\/soutien\/formation-sur-les-produits\/description-des-cours\/tournage-mastercam\/","og_site_name":"mastercam.com","article_publisher":"https:\/\/www.facebook.com\/Mastercam\/","article_modified_time":"2025-12-17T19:44:18+00:00","og_image":[{"url":"https:\/\/www.mastercam.com\/wp-content\/uploads\/2023\/01\/mc-product-lathe.png","type":"","width":"","height":""}],"twitter_card":"summary_large_image","twitter_site":"@mastercam","twitter_misc":{"Est. reading time":"1 minute"},"schema":{"@context":"https:\/\/schema.org","@graph":[{"@type":"WebPage","@id":"https:\/\/www.mastercam.com\/fr\/soutien\/formation-sur-les-produits\/description-des-cours\/tournage-mastercam\/","url":"https:\/\/www.mastercam.com\/fr\/soutien\/formation-sur-les-produits\/description-des-cours\/tournage-mastercam\/","name":"Tournage Mastercam - mastercam.com","isPartOf":{"@id":"https:\/\/www.mastercam.com\/fr\/#website"},"primaryImageOfPage":{"@id":"https:\/\/www.mastercam.com\/fr\/soutien\/formation-sur-les-produits\/description-des-cours\/tournage-mastercam\/#primaryimage"},"image":{"@id":"https:\/\/www.mastercam.com\/fr\/soutien\/formation-sur-les-produits\/description-des-cours\/tournage-mastercam\/#primaryimage"},"thumbnailUrl":"https:\/\/www.mastercam.com\/wp-content\/uploads\/2023\/01\/mc-product-lathe.png","datePublished":"2025-01-09T21:08:08+00:00","dateModified":"2025-12-17T19:44:18+00:00","description":"Dur\u00e9e de l'accord 2 \u00bdD Pr\u00e9requis Comp\u00e9tences de base en informatique et connaissances g\u00e9n\u00e9rales de la configuration et de l'op\u00e9ration d'une fraiseuse \u00e0","breadcrumb":{"@id":"https:\/\/www.mastercam.com\/fr\/soutien\/formation-sur-les-produits\/description-des-cours\/tournage-mastercam\/#breadcrumb"},"inLanguage":"fr-FR","potentialAction":[{"@type":"ReadAction","target":["https:\/\/www.mastercam.com\/fr\/soutien\/formation-sur-les-produits\/description-des-cours\/tournage-mastercam\/"]}]},{"@type":"ImageObject","inLanguage":"fr-FR","@id":"https:\/\/www.mastercam.com\/fr\/soutien\/formation-sur-les-produits\/description-des-cours\/tournage-mastercam\/#primaryimage","url":"https:\/\/www.mastercam.com\/wp-content\/uploads\/2023\/01\/mc-product-lathe.png","contentUrl":"https:\/\/www.mastercam.com\/wp-content\/uploads\/2023\/01\/mc-product-lathe.png"},{"@type":"BreadcrumbList","@id":"https:\/\/www.mastercam.com\/fr\/soutien\/formation-sur-les-produits\/description-des-cours\/tournage-mastercam\/#breadcrumb","itemListElement":[{"@type":"ListItem","position":1,"name":"Home","item":"https:\/\/www.mastercam.com\/fr\/"},{"@type":"ListItem","position":2,"name":"Soutien","item":"https:\/\/www.mastercam.com\/fr\/soutien\/"},{"@type":"ListItem","position":3,"name":"Formation sur les produits","item":"https:\/\/www.mastercam.com\/fr\/soutien\/formation-sur-les-produits\/"},{"@type":"ListItem","position":4,"name":"Description des cours","item":"https:\/\/www.mastercam.com\/fr\/soutien\/formation-sur-les-produits\/description-des-cours\/"},{"@type":"ListItem","position":5,"name":"Tournage Mastercam"}]},{"@type":"WebSite","@id":"https:\/\/www.mastercam.com\/fr\/#website","url":"https:\/\/www.mastercam.com\/fr\/","name":"Mastercam","description":"Creating software and services that solve the world&#039;s manufacturing challenges","publisher":{"@id":"https:\/\/www.mastercam.com\/fr\/#organization"},"potentialAction":[{"@type":"SearchAction","target":{"@type":"EntryPoint","urlTemplate":"https:\/\/www.mastercam.com\/fr\/?s={search_term_string}"},"query-input":{"@type":"PropertyValueSpecification","valueRequired":true,"valueName":"search_term_string"}}],"inLanguage":"fr-FR"},{"@type":"Organization","@id":"https:\/\/www.mastercam.com\/fr\/#organization","name":"Mastercam","url":"https:\/\/www.mastercam.com\/fr\/","logo":{"@type":"ImageObject","inLanguage":"fr-FR","@id":"https:\/\/www.mastercam.com\/fr\/#\/schema\/logo\/image\/","url":"https:\/\/www.mastercam.com\/wp-content\/uploads\/2023\/02\/MC_logo.svg","contentUrl":"https:\/\/www.mastercam.com\/wp-content\/uploads\/2023\/02\/MC_logo.svg","width":230,"height":40,"caption":"Mastercam"},"image":{"@id":"https:\/\/www.mastercam.com\/fr\/#\/schema\/logo\/image\/"},"sameAs":["https:\/\/www.facebook.com\/Mastercam\/","https:\/\/x.com\/mastercam","https:\/\/www.linkedin.com\/company\/mastercam","https:\/\/www.youtube.com\/channel\/UChJt5ruSkqnmFH44WsXVZLw","https:\/\/www.instagram.com\/mastercam\/"]}]}},"_links":{"self":[{"href":"https:\/\/www.mastercam.com\/fr\/wp-json\/wp\/v2\/pages\/34799","targetHints":{"allow":["GET"]}}],"collection":[{"href":"https:\/\/www.mastercam.com\/fr\/wp-json\/wp\/v2\/pages"}],"about":[{"href":"https:\/\/www.mastercam.com\/fr\/wp-json\/wp\/v2\/types\/page"}],"author":[{"embeddable":true,"href":"https:\/\/www.mastercam.com\/fr\/wp-json\/wp\/v2\/users\/1"}],"replies":[{"embeddable":true,"href":"https:\/\/www.mastercam.com\/fr\/wp-json\/wp\/v2\/comments?post=34799"}],"version-history":[{"count":0,"href":"https:\/\/www.mastercam.com\/fr\/wp-json\/wp\/v2\/pages\/34799\/revisions"}],"up":[{"embeddable":true,"href":"https:\/\/www.mastercam.com\/fr\/wp-json\/wp\/v2\/pages\/34721"}],"wp:attachment":[{"href":"https:\/\/www.mastercam.com\/fr\/wp-json\/wp\/v2\/media?parent=34799"}],"curies":[{"name":"wp","href":"https:\/\/api.w.org\/{rel}","templated":true}]}}