{"id":34798,"date":"2025-01-10T10:59:37","date_gmt":"2025-01-10T15:59:37","guid":{"rendered":"https:\/\/www.mastercam.com\/soutien\/formation-sur-les-produits\/description-des-cours\/mastercam-solids-design\/"},"modified":"2025-12-17T14:44:18","modified_gmt":"2025-12-17T19:44:18","slug":"mastercam-solids-design","status":"publish","type":"page","link":"https:\/\/www.mastercam.com\/fr\/soutien\/formation-sur-les-produits\/description-des-cours\/mastercam-solids-design\/","title":{"rendered":"Mastercam Solids Design"},"content":{"rendered":"<div class=\"hero__breadcrumbs\">\n    <div class=\"container-fluid\">\n      <div class=\"row\">\n        <div class=\"col\">\n          <nav aria-label=\"breadcrumbs\"><ol class=\"breadcrumb\"><li><a href=\"https:\/\/www.mastercam.com\/fr\/\">Home<\/a><\/li><\/ol><\/nav>\n        <\/div>\n      <\/div>\n    <\/div>\n  <\/div>\n\n<div class=\"hero hero--minimal wp-block-acf-block-hero\">\n  <div class=\"container-fluid\">\n    <div class=\"row align-items-center\">\n      \n      \n      \n      <div class=\"col-12 col-lg-7 order-2 order-lg-2 hero__content-column\">\n        <div class=\"hero__content\">\n                      <h1 class=\"hero__heading\">\n              \n              Mastercam Solids Design\n            <\/h1>\n          \n                      <p class=\"hero__text\">Cr\u00e9ez et modifiez des filaires, des solides et des surfaces avec nos instructeurs experts. D\u00e9veloppez vos comp\u00e9tences dans la mod\u00e9lisation des montages de pi\u00e8ces, des m\u00e2choires souples et des pi\u00e8ces pour les parcours d&#039;outils ou l&#039;impression 3D. Apprenez les vues en coupe et les vues auxiliaires, r\u00e9solvez les probl\u00e8mes de g\u00e9om\u00e9trie et appliquez les m\u00e9thodes de dimensionnement appropri\u00e9es.  <\/p>\n          \n          \n          \n          \n                  <\/div>\n      <\/div>\n    <\/div>\n  <\/div>\n<\/div>\n\n<div class=\"wp-block-columns is-style-container is-layout-flex wp-container-core-columns-is-layout-28f84493 wp-block-columns-is-layout-flex\">\n<div class=\"wp-block-column is-layout-flow wp-block-column-is-layout-flow\" style=\"flex-basis:66%\">\n<h2 class=\"wp-block-heading h5\">Dur\u00e9e de l&rsquo;accord<\/h2>\n\n\n\n<p class=\"mb-4 mt-0\">2 jours avec le pr\u00e9requis Mill Essential<\/p>\n\n\n\n<h2 class=\"wp-block-heading h5\">Pr\u00e9requis<\/h2>\n\n\n\n<p class=\"mb-4 mt-0\">Compr\u00e9hension et lecture de base des dessins m\u00e9caniques. Cours de formation Mastercam Mill Essentials. <\/p>\n\n\n\n<p>Le cours Mastercam Solids Design vous permet de cr\u00e9er et de modifier diff\u00e9rents types de g\u00e9om\u00e9trie, notamment les filaires, les solides et les surfaces. Ensuite, cr\u00e9ez des montages de pi\u00e8ces, des m\u00e2choires souples et des pi\u00e8ces de travail \u00e0 travers de multiples exercices d&rsquo;\u00e9tudiants afin de les pr\u00e9parer pour les parcours d&rsquo;outils ou de les enregistrer en tant que fichier pour l&rsquo;impression 3D. En outre, vous apprendrez \u00e0 cr\u00e9er des vues en coupe et des vues auxiliaires de base, puis \u00e0 identifier et \u00e0 r\u00e9soudre des probl\u00e8mes de g\u00e9om\u00e9trie. Enfin, vous passerez en revue les m\u00e9thodes de dimensionnement appropri\u00e9es et appliquerez les dimensions \u00e0 plusieurs exercices.   <\/p>\n<\/div>\n\n\n\n<div class=\"wp-block-column is-layout-flow wp-block-column-is-layout-flow\">\n<figure class=\"wp-block-image size-full\"><img loading=\"lazy\" decoding=\"async\" width=\"446\" height=\"446\" src=\"https:\/\/www.mastercam.com\/wp-content\/uploads\/2023\/01\/mc-product-design.png\" alt=\"\" class=\"wp-image-25182\" srcset=\"https:\/\/www.mastercam.com\/wp-content\/uploads\/2023\/01\/mc-product-design.png 446w, https:\/\/www.mastercam.com\/wp-content\/uploads\/2023\/01\/mc-product-design-300x300.png 300w, https:\/\/www.mastercam.com\/wp-content\/uploads\/2023\/01\/mc-product-design-150x150.png 150w, https:\/\/www.mastercam.com\/wp-content\/uploads\/2023\/01\/mc-product-design-112x112.png 112w, https:\/\/www.mastercam.com\/wp-content\/uploads\/2023\/01\/mc-product-design-224x224.png 224w\" sizes=\"auto, (max-width: 446px) 100vw, 446px\" \/><\/figure>\n<\/div>\n<\/div>\n\n<div class=\"wp-block-columns is-style-container is-layout-flex wp-container-core-columns-is-layout-28f84493 wp-block-columns-is-layout-flex\">\n<div class=\"wp-block-column is-layout-flow wp-block-column-is-layout-flow\">\n<h2 class=\"wp-block-heading h5\">Th\u00e8mes abord\u00e9s<\/h2>\n\n\n\n<ul class=\"wp-block-list horizontal-list\">\n<li>Niveaux  <\/li>\n\n\n\n<li>Cr\u00e9ation de solides<\/li>\n\n\n\n<li>Solides \u00e9diter\/modifier<\/li>\n\n\n\n<li>Mod\u00e8le\/impressions des solides<\/li>\n\n\n\n<li>Fonctions de pr\u00e9paration des mod\u00e8les<\/li>\n\n\n\n<li>Surface des solides<\/li>\n\n\n\n<li>Analyse et attributs<\/li>\n\n\n\n<li>Transformer la g\u00e9om\u00e9trie<\/li>\n\n\n\n<li>Fusionner<\/li>\n\n\n\n<li>Sauvegarde pour les parcours d&rsquo;outils ou l&rsquo;impression 3D<\/li>\n\n\n\n<li>Identifier et r\u00e9soudre les probl\u00e8mes de g\u00e9om\u00e9trie<\/li>\n\n\n\n<li>Dimensionnement<\/li>\n<\/ul>\n\n\n\n<div style=\"height:47px\" aria-hidden=\"true\" class=\"wp-block-spacer\"><\/div>\n\n\n\n<h2 class=\"wp-block-heading h5\">Inscrivez-vous aux prochaines sessions de formation<\/h2>\n\n\n\n<script data-js='tribe-events-view-nonce-data' type='application\/json'>{\"tvn1\":\"eb31c93fa9\",\"tvn2\":\"\"}<\/script>\n\n\n\n<div style=\"height:76px\" aria-hidden=\"true\" class=\"wp-block-spacer\"><\/div>\n<\/div>\n<\/div>\n\n<div class=\"wp-block-group is-style-secondarybg flush-to-footer is-layout-constrained wp-block-group-is-layout-constrained\" style=\"margin-bottom:var(--wp--preset--spacing--6)\">\n<div class=\"wp-block-columns is-style-container is-layout-flex wp-container-core-columns-is-layout-28f84493 wp-block-columns-is-layout-flex\">\n<div class=\"wp-block-column is-layout-flow wp-block-column-is-layout-flow\"><div class=\"cta-with-image-alt align wp-block-acf-block-cta-with-image-alt\">\n    <div class=\"container-fluid\">\n    <div class=\"cta-with-image-alt__content\">\n      <div class=\"cta-with-image-alt__text\">\n                <h2 class=\"cta-with-image-alt__heading\">Vous voulez en savoir plus sur les cours Mastercam ?<\/h2>\n                        <p class=\"mb-0\">Contactez Mastercam d\u00e8s aujourd&#039;hui pour franchir une nouvelle \u00e9tape dans votre \u00e9ducation.<\/p>\n              <\/div>\n            <ul class=\"list-inline mt-4\">\n        <li class=\"list-inline-item py-1\">\n          <a href=\"https:\/\/www.mastercam.com\/fr\/contactez-nous\/\" class=\"btn btn-light\">Contactez nous<\/a>\n        <\/li>\n      <\/ul>\n          <\/div>\n  <\/div>\n<\/div>\n<\/div>\n<\/div>\n<\/div>\n","protected":false},"excerpt":{"rendered":"<p>Dur\u00e9e de l&rsquo;accord 2 jours avec le pr\u00e9requis Mill Essential Pr\u00e9requis Compr\u00e9hension et lecture de [&hellip;]<\/p>\n","protected":false},"author":1,"featured_media":0,"parent":34721,"menu_order":0,"comment_status":"closed","ping_status":"closed","template":"","meta":{"_acf_changed":false,"footnotes":""},"class_list":["post-34798","page","type-page","status-publish","hentry"],"acf":[],"yoast_head":"<!-- This site is optimized with the Yoast SEO plugin v26.8 - https:\/\/yoast.com\/product\/yoast-seo-wordpress\/ -->\n<title>Mastercam Solids Design - mastercam.com<\/title>\n<meta name=\"description\" content=\"Dur\u00e9e de l&#039;accord 2 jours avec le pr\u00e9requis Mill Essential Pr\u00e9requis Compr\u00e9hension et lecture de base des dessins m\u00e9caniques. Cours de formation Mastercam\" \/>\n<meta name=\"robots\" content=\"index, follow, max-snippet:-1, max-image-preview:large, max-video-preview:-1\" \/>\n<link rel=\"canonical\" href=\"https:\/\/www.mastercam.com\/fr\/soutien\/formation-sur-les-produits\/description-des-cours\/mastercam-solids-design\/\" \/>\n<meta property=\"og:locale\" content=\"fr_FR\" \/>\n<meta property=\"og:type\" content=\"article\" \/>\n<meta property=\"og:title\" content=\"Mastercam Solids Design - mastercam.com\" \/>\n<meta property=\"og:description\" content=\"Dur\u00e9e de l&#039;accord 2 jours avec le pr\u00e9requis Mill Essential Pr\u00e9requis Compr\u00e9hension et lecture de base des dessins m\u00e9caniques. Cours de formation Mastercam\" \/>\n<meta property=\"og:url\" content=\"https:\/\/www.mastercam.com\/fr\/soutien\/formation-sur-les-produits\/description-des-cours\/mastercam-solids-design\/\" \/>\n<meta property=\"og:site_name\" content=\"mastercam.com\" \/>\n<meta property=\"article:publisher\" content=\"https:\/\/www.facebook.com\/Mastercam\/\" \/>\n<meta property=\"article:modified_time\" content=\"2025-12-17T19:44:18+00:00\" \/>\n<meta property=\"og:image\" content=\"https:\/\/www.mastercam.com\/wp-content\/uploads\/2023\/01\/mc-product-design.png\" \/>\n<meta name=\"twitter:card\" content=\"summary_large_image\" \/>\n<meta name=\"twitter:site\" content=\"@mastercam\" \/>\n<meta name=\"twitter:label1\" content=\"Est. reading time\" \/>\n\t<meta name=\"twitter:data1\" content=\"1 minute\" \/>\n<script type=\"application\/ld+json\" class=\"yoast-schema-graph\">{\"@context\":\"https:\/\/schema.org\",\"@graph\":[{\"@type\":\"WebPage\",\"@id\":\"https:\/\/www.mastercam.com\/fr\/soutien\/formation-sur-les-produits\/description-des-cours\/mastercam-solids-design\/\",\"url\":\"https:\/\/www.mastercam.com\/fr\/soutien\/formation-sur-les-produits\/description-des-cours\/mastercam-solids-design\/\",\"name\":\"Mastercam Solids Design - mastercam.com\",\"isPartOf\":{\"@id\":\"https:\/\/www.mastercam.com\/fr\/#website\"},\"primaryImageOfPage\":{\"@id\":\"https:\/\/www.mastercam.com\/fr\/soutien\/formation-sur-les-produits\/description-des-cours\/mastercam-solids-design\/#primaryimage\"},\"image\":{\"@id\":\"https:\/\/www.mastercam.com\/fr\/soutien\/formation-sur-les-produits\/description-des-cours\/mastercam-solids-design\/#primaryimage\"},\"thumbnailUrl\":\"https:\/\/www.mastercam.com\/wp-content\/uploads\/2023\/01\/mc-product-design.png\",\"datePublished\":\"2025-01-10T15:59:37+00:00\",\"dateModified\":\"2025-12-17T19:44:18+00:00\",\"description\":\"Dur\u00e9e de l'accord 2 jours avec le pr\u00e9requis Mill Essential Pr\u00e9requis Compr\u00e9hension et lecture de base des dessins m\u00e9caniques. Cours de formation Mastercam\",\"breadcrumb\":{\"@id\":\"https:\/\/www.mastercam.com\/fr\/soutien\/formation-sur-les-produits\/description-des-cours\/mastercam-solids-design\/#breadcrumb\"},\"inLanguage\":\"fr-FR\",\"potentialAction\":[{\"@type\":\"ReadAction\",\"target\":[\"https:\/\/www.mastercam.com\/fr\/soutien\/formation-sur-les-produits\/description-des-cours\/mastercam-solids-design\/\"]}]},{\"@type\":\"ImageObject\",\"inLanguage\":\"fr-FR\",\"@id\":\"https:\/\/www.mastercam.com\/fr\/soutien\/formation-sur-les-produits\/description-des-cours\/mastercam-solids-design\/#primaryimage\",\"url\":\"https:\/\/www.mastercam.com\/wp-content\/uploads\/2023\/01\/mc-product-design.png\",\"contentUrl\":\"https:\/\/www.mastercam.com\/wp-content\/uploads\/2023\/01\/mc-product-design.png\"},{\"@type\":\"BreadcrumbList\",\"@id\":\"https:\/\/www.mastercam.com\/fr\/soutien\/formation-sur-les-produits\/description-des-cours\/mastercam-solids-design\/#breadcrumb\",\"itemListElement\":[{\"@type\":\"ListItem\",\"position\":1,\"name\":\"Home\",\"item\":\"https:\/\/www.mastercam.com\/fr\/\"},{\"@type\":\"ListItem\",\"position\":2,\"name\":\"Soutien\",\"item\":\"https:\/\/www.mastercam.com\/fr\/soutien\/\"},{\"@type\":\"ListItem\",\"position\":3,\"name\":\"Formation sur les produits\",\"item\":\"https:\/\/www.mastercam.com\/fr\/soutien\/formation-sur-les-produits\/\"},{\"@type\":\"ListItem\",\"position\":4,\"name\":\"Description des cours\",\"item\":\"https:\/\/www.mastercam.com\/fr\/soutien\/formation-sur-les-produits\/description-des-cours\/\"},{\"@type\":\"ListItem\",\"position\":5,\"name\":\"Mastercam Solids Design\"}]},{\"@type\":\"WebSite\",\"@id\":\"https:\/\/www.mastercam.com\/fr\/#website\",\"url\":\"https:\/\/www.mastercam.com\/fr\/\",\"name\":\"Mastercam\",\"description\":\"Creating software and services that solve the world&#039;s manufacturing challenges\",\"publisher\":{\"@id\":\"https:\/\/www.mastercam.com\/fr\/#organization\"},\"potentialAction\":[{\"@type\":\"SearchAction\",\"target\":{\"@type\":\"EntryPoint\",\"urlTemplate\":\"https:\/\/www.mastercam.com\/fr\/?s={search_term_string}\"},\"query-input\":{\"@type\":\"PropertyValueSpecification\",\"valueRequired\":true,\"valueName\":\"search_term_string\"}}],\"inLanguage\":\"fr-FR\"},{\"@type\":\"Organization\",\"@id\":\"https:\/\/www.mastercam.com\/fr\/#organization\",\"name\":\"Mastercam\",\"url\":\"https:\/\/www.mastercam.com\/fr\/\",\"logo\":{\"@type\":\"ImageObject\",\"inLanguage\":\"fr-FR\",\"@id\":\"https:\/\/www.mastercam.com\/fr\/#\/schema\/logo\/image\/\",\"url\":\"https:\/\/www.mastercam.com\/wp-content\/uploads\/2023\/02\/MC_logo.svg\",\"contentUrl\":\"https:\/\/www.mastercam.com\/wp-content\/uploads\/2023\/02\/MC_logo.svg\",\"width\":230,\"height\":40,\"caption\":\"Mastercam\"},\"image\":{\"@id\":\"https:\/\/www.mastercam.com\/fr\/#\/schema\/logo\/image\/\"},\"sameAs\":[\"https:\/\/www.facebook.com\/Mastercam\/\",\"https:\/\/x.com\/mastercam\",\"https:\/\/www.linkedin.com\/company\/mastercam\",\"https:\/\/www.youtube.com\/channel\/UChJt5ruSkqnmFH44WsXVZLw\",\"https:\/\/www.instagram.com\/mastercam\/\"]}]}<\/script>\n<!-- \/ Yoast SEO plugin. -->","yoast_head_json":{"title":"Mastercam Solids Design - mastercam.com","description":"Dur\u00e9e de l'accord 2 jours avec le pr\u00e9requis Mill Essential Pr\u00e9requis Compr\u00e9hension et lecture de base des dessins m\u00e9caniques. Cours de formation Mastercam","robots":{"index":"index","follow":"follow","max-snippet":"max-snippet:-1","max-image-preview":"max-image-preview:large","max-video-preview":"max-video-preview:-1"},"canonical":"https:\/\/www.mastercam.com\/fr\/soutien\/formation-sur-les-produits\/description-des-cours\/mastercam-solids-design\/","og_locale":"fr_FR","og_type":"article","og_title":"Mastercam Solids Design - mastercam.com","og_description":"Dur\u00e9e de l'accord 2 jours avec le pr\u00e9requis Mill Essential Pr\u00e9requis Compr\u00e9hension et lecture de base des dessins m\u00e9caniques. Cours de formation Mastercam","og_url":"https:\/\/www.mastercam.com\/fr\/soutien\/formation-sur-les-produits\/description-des-cours\/mastercam-solids-design\/","og_site_name":"mastercam.com","article_publisher":"https:\/\/www.facebook.com\/Mastercam\/","article_modified_time":"2025-12-17T19:44:18+00:00","og_image":[{"url":"https:\/\/www.mastercam.com\/wp-content\/uploads\/2023\/01\/mc-product-design.png","type":"","width":"","height":""}],"twitter_card":"summary_large_image","twitter_site":"@mastercam","twitter_misc":{"Est. reading time":"1 minute"},"schema":{"@context":"https:\/\/schema.org","@graph":[{"@type":"WebPage","@id":"https:\/\/www.mastercam.com\/fr\/soutien\/formation-sur-les-produits\/description-des-cours\/mastercam-solids-design\/","url":"https:\/\/www.mastercam.com\/fr\/soutien\/formation-sur-les-produits\/description-des-cours\/mastercam-solids-design\/","name":"Mastercam Solids Design - mastercam.com","isPartOf":{"@id":"https:\/\/www.mastercam.com\/fr\/#website"},"primaryImageOfPage":{"@id":"https:\/\/www.mastercam.com\/fr\/soutien\/formation-sur-les-produits\/description-des-cours\/mastercam-solids-design\/#primaryimage"},"image":{"@id":"https:\/\/www.mastercam.com\/fr\/soutien\/formation-sur-les-produits\/description-des-cours\/mastercam-solids-design\/#primaryimage"},"thumbnailUrl":"https:\/\/www.mastercam.com\/wp-content\/uploads\/2023\/01\/mc-product-design.png","datePublished":"2025-01-10T15:59:37+00:00","dateModified":"2025-12-17T19:44:18+00:00","description":"Dur\u00e9e de l'accord 2 jours avec le pr\u00e9requis Mill Essential Pr\u00e9requis Compr\u00e9hension et lecture de base des dessins m\u00e9caniques. Cours de formation Mastercam","breadcrumb":{"@id":"https:\/\/www.mastercam.com\/fr\/soutien\/formation-sur-les-produits\/description-des-cours\/mastercam-solids-design\/#breadcrumb"},"inLanguage":"fr-FR","potentialAction":[{"@type":"ReadAction","target":["https:\/\/www.mastercam.com\/fr\/soutien\/formation-sur-les-produits\/description-des-cours\/mastercam-solids-design\/"]}]},{"@type":"ImageObject","inLanguage":"fr-FR","@id":"https:\/\/www.mastercam.com\/fr\/soutien\/formation-sur-les-produits\/description-des-cours\/mastercam-solids-design\/#primaryimage","url":"https:\/\/www.mastercam.com\/wp-content\/uploads\/2023\/01\/mc-product-design.png","contentUrl":"https:\/\/www.mastercam.com\/wp-content\/uploads\/2023\/01\/mc-product-design.png"},{"@type":"BreadcrumbList","@id":"https:\/\/www.mastercam.com\/fr\/soutien\/formation-sur-les-produits\/description-des-cours\/mastercam-solids-design\/#breadcrumb","itemListElement":[{"@type":"ListItem","position":1,"name":"Home","item":"https:\/\/www.mastercam.com\/fr\/"},{"@type":"ListItem","position":2,"name":"Soutien","item":"https:\/\/www.mastercam.com\/fr\/soutien\/"},{"@type":"ListItem","position":3,"name":"Formation sur les produits","item":"https:\/\/www.mastercam.com\/fr\/soutien\/formation-sur-les-produits\/"},{"@type":"ListItem","position":4,"name":"Description des cours","item":"https:\/\/www.mastercam.com\/fr\/soutien\/formation-sur-les-produits\/description-des-cours\/"},{"@type":"ListItem","position":5,"name":"Mastercam Solids Design"}]},{"@type":"WebSite","@id":"https:\/\/www.mastercam.com\/fr\/#website","url":"https:\/\/www.mastercam.com\/fr\/","name":"Mastercam","description":"Creating software and services that solve the world&#039;s manufacturing challenges","publisher":{"@id":"https:\/\/www.mastercam.com\/fr\/#organization"},"potentialAction":[{"@type":"SearchAction","target":{"@type":"EntryPoint","urlTemplate":"https:\/\/www.mastercam.com\/fr\/?s={search_term_string}"},"query-input":{"@type":"PropertyValueSpecification","valueRequired":true,"valueName":"search_term_string"}}],"inLanguage":"fr-FR"},{"@type":"Organization","@id":"https:\/\/www.mastercam.com\/fr\/#organization","name":"Mastercam","url":"https:\/\/www.mastercam.com\/fr\/","logo":{"@type":"ImageObject","inLanguage":"fr-FR","@id":"https:\/\/www.mastercam.com\/fr\/#\/schema\/logo\/image\/","url":"https:\/\/www.mastercam.com\/wp-content\/uploads\/2023\/02\/MC_logo.svg","contentUrl":"https:\/\/www.mastercam.com\/wp-content\/uploads\/2023\/02\/MC_logo.svg","width":230,"height":40,"caption":"Mastercam"},"image":{"@id":"https:\/\/www.mastercam.com\/fr\/#\/schema\/logo\/image\/"},"sameAs":["https:\/\/www.facebook.com\/Mastercam\/","https:\/\/x.com\/mastercam","https:\/\/www.linkedin.com\/company\/mastercam","https:\/\/www.youtube.com\/channel\/UChJt5ruSkqnmFH44WsXVZLw","https:\/\/www.instagram.com\/mastercam\/"]}]}},"_links":{"self":[{"href":"https:\/\/www.mastercam.com\/fr\/wp-json\/wp\/v2\/pages\/34798","targetHints":{"allow":["GET"]}}],"collection":[{"href":"https:\/\/www.mastercam.com\/fr\/wp-json\/wp\/v2\/pages"}],"about":[{"href":"https:\/\/www.mastercam.com\/fr\/wp-json\/wp\/v2\/types\/page"}],"author":[{"embeddable":true,"href":"https:\/\/www.mastercam.com\/fr\/wp-json\/wp\/v2\/users\/1"}],"replies":[{"embeddable":true,"href":"https:\/\/www.mastercam.com\/fr\/wp-json\/wp\/v2\/comments?post=34798"}],"version-history":[{"count":0,"href":"https:\/\/www.mastercam.com\/fr\/wp-json\/wp\/v2\/pages\/34798\/revisions"}],"up":[{"embeddable":true,"href":"https:\/\/www.mastercam.com\/fr\/wp-json\/wp\/v2\/pages\/34721"}],"wp:attachment":[{"href":"https:\/\/www.mastercam.com\/fr\/wp-json\/wp\/v2\/media?parent=34798"}],"curies":[{"name":"wp","href":"https:\/\/api.w.org\/{rel}","templated":true}]}}