{"id":34794,"date":"2023-01-31T18:58:35","date_gmt":"2023-01-31T23:58:35","guid":{"rendered":"https:\/\/www.mastercam.com\/soutien\/formation-sur-les-produits\/outils-dapprentissage-supplementaires\/"},"modified":"2025-12-17T14:44:09","modified_gmt":"2025-12-17T19:44:09","slug":"outils-dapprentissage-supplementaires","status":"publish","type":"page","link":"https:\/\/www.mastercam.com\/fr\/soutien\/formation-sur-les-produits\/outils-dapprentissage-supplementaires\/","title":{"rendered":"Outils d&rsquo;apprentissage suppl\u00e9mentaires"},"content":{"rendered":"<div class=\"hero__breadcrumbs\">\n    <div class=\"container-fluid\">\n      <div class=\"row\">\n        <div class=\"col\">\n          <nav aria-label=\"breadcrumbs\"><ol class=\"breadcrumb\"><li><a href=\"https:\/\/www.mastercam.com\/fr\/\">Home<\/a><\/li><\/ol><\/nav>\n        <\/div>\n      <\/div>\n    <\/div>\n  <\/div>\n\n<div class=\"hero hero--minimal wp-block-acf-block-hero\">\n  <div class=\"container-fluid\">\n    <div class=\"row align-items-center\">\n      \n      \n      \n      <div class=\"col-12 col-lg-7 order-2 order-lg-2 hero__content-column\">\n        <div class=\"hero__content\">\n                      <h1 class=\"hero__heading\">\n              \n              Outils d&rsquo;apprentissage suppl\u00e9mentaires\n            <\/h1>\n          \n                      <p class=\"hero__text\">Nous avons mis en \u00e9vidence une s\u00e9rie d&#039;outils, de ressources, de vid\u00e9os et de mat\u00e9riaux imprim\u00e9s cr\u00e9\u00e9s par Mastercam et par des tiers hautement recommand\u00e9s. Nous savons que ces outils sont parmi les meilleurs pour apprendre Mastercam et nous les recommandons pour commencer votre voyage avec Mastercam. <\/p>\n          \n          \n          \n          \n                  <\/div>\n      <\/div>\n    <\/div>\n  <\/div>\n<\/div>\n\n<div class=\"wp-block-group is-style-container is-layout-flow wp-block-group-is-layout-flow\">\n<div style=\"height:60px\" aria-hidden=\"true\" class=\"wp-block-spacer\"><\/div>\n\n\n\n<div class=\"wp-block-group is-layout-flow wp-block-group-is-layout-flow\">\n<div class=\"wp-block-group is-style-container is-layout-flow wp-block-group-is-layout-flow\">\n<h2 class=\"wp-block-heading\">Outils d&rsquo;apprentissage en ligne<\/h2>\n\n\n\n<figure class=\"wp-block-table is-style-stripes\"><table class=\"has-fixed-layout\"><thead><tr><th>Nom du produit<\/th><th>Description<\/th><\/tr><\/thead><tbody><tr><td><a href=\"http:\/\/university.mastercam.com\/\" target=\"_blank\" rel=\"noreferrer noopener\">Mastercam University<\/a> par Mastercam<\/td><td>D\u00e9veloppez vos comp\u00e9tences et vos qualifications Mastercam \u00e0 votre rythme gr\u00e2ce \u00e0 des formations et des certifications en ligne, bas\u00e9es sur des vid\u00e9os et disponibles 24 heures sur 24, 7 jours sur 7.<\/td><\/tr><tr><td><a href=\"https:\/\/caminstructor.com\/\" target=\"_blank\" rel=\"noreferrer noopener\">Cours en ligne Mastercam<\/a> par camInstructor<\/td><td>Apprenez Mastercam en acc\u00e9dant \u00e0 plus de 40 heures de le\u00e7ons compos\u00e9es de d\u00e9monstrations en direct sur l&rsquo;utilisation de Mastercam.<\/td><\/tr><tr><td><a href=\"https:\/\/www.emastercam.com\/store\/product\/1184-emastercam-sitewide-subscription\/\" target=\"_blank\" rel=\"noreferrer noopener\">Cours en ligne Mastercam<\/a> par In-House Solutions<\/td><td>Abonnez-vous pour acc\u00e9der \u00e0 toutes les vid\u00e9os et \u00e0 tous les livres \u00e9lectroniques eMastercam.<\/td><\/tr><tr><td><a href=\"https:\/\/streamingteacher.com\/\" target=\"_blank\" rel=\"noreferrer noopener\">Streamingteacher<\/a> par Streamingteacher.com<\/td><td>Un contenu consultable, abordable et en constante expansion. De nouvelles fonctionnalit\u00e9s approfondies, des d\u00e9fis hebdomadaires, b\u00e9n\u00e9ficiant \u00e0 tous les niveaux de comp\u00e9tence Mastercam. <\/td><\/tr><\/tbody><\/table><\/figure>\n<\/div>\n<\/div>\n\n\n\n<div style=\"height:60px\" aria-hidden=\"true\" class=\"wp-block-spacer\"><\/div>\n\n\n\n<div class=\"wp-block-group is-layout-flow wp-block-group-is-layout-flow\">\n<div class=\"wp-block-group is-style-container is-layout-flow wp-block-group-is-layout-flow\">\n<h2 class=\"wp-block-heading\">Outils d&rsquo;apprentissage<\/h2>\n\n\n\n<figure class=\"wp-block-table is-style-stripes\"><table class=\"has-fixed-layout\"><thead><tr><th>Nom du produit<\/th><th>Description<\/th><\/tr><\/thead><tbody><tr><td><a href=\"http:\/\/university.mastercam.com\/\" target=\"_blank\" rel=\"noreferrer noopener\"><\/a><a href=\"https:\/\/www.emastercam.com\/store\/category\/3-multimedia\/\" target=\"_blank\" rel=\"noreferrer noopener\">Vid\u00e9os de formation Mastercam<\/a> par In-House Solutions<\/td><td>Acc\u00e9dez \u00e0 des exercices de formation intuitifs et \u00e0 des didacticiels pour d\u00e9velopper votre expertise Mastercam.<\/td><\/tr><tr><td><a href=\"https:\/\/caminstructor.com\/mastercam-textbooks\" target=\"_blank\" rel=\"noreferrer noopener\">camInstructor<\/a> par camInstructor<\/td><td>Apprenez Mastercam avec le guide de formation camInstructor avec des vid\u00e9os p\u00e9dagogiques.<\/td><\/tr><\/tbody><\/table><\/figure>\n<\/div>\n<\/div>\n\n\n\n<div style=\"height:60px\" aria-hidden=\"true\" class=\"wp-block-spacer\"><\/div>\n\n\n\n<div class=\"wp-block-group is-layout-flow wp-block-group-is-layout-flow\">\n<div class=\"wp-block-group is-style-container is-layout-flow wp-block-group-is-layout-flow\">\n<h2 class=\"wp-block-heading\">Livres de texte<\/h2>\n\n\n\n<figure class=\"wp-block-table is-style-stripes\"><table class=\"has-fixed-layout\"><thead><tr><th>Nom du produit<\/th><th>Description<\/th><\/tr><\/thead><tbody><tr><td><a href=\"http:\/\/university.mastercam.com\/\" target=\"_blank\" rel=\"noreferrer noopener\"><\/a><a href=\"https:\/\/caminstructor.com\/\" target=\"_blank\" rel=\"noreferrer noopener\">Guides de formation Mastercam<\/a> par camInstructor<\/td><td>Pr\u00e9sente des informations dans un format de le\u00e7on facile \u00e0 comprendre qui inclut des explications d\u00e9taill\u00e9es sur l&rsquo;apprentissage de Mastercam.<\/td><\/tr><tr><td><a href=\"https:\/\/www.emastercam.com\/store\/category\/2-books\/\" target=\"_blank\" rel=\"noreferrer noopener\">Solutions de formation Mastercam<\/a> par In-House Solutions<\/td><td>Explorez plus de vingt-cinq titres couvrant quatre lignes de produits pour tous les niveaux de complexit\u00e9 et tous les styles d&rsquo;apprentissage. La formation multim\u00e9dia se compose de didacticiels et d&rsquo;exercices de formation intuitifs. <\/td><\/tr><\/tbody><\/table><\/figure>\n<\/div>\n<\/div>\n<\/div>\n","protected":false},"excerpt":{"rendered":"<p>Outils d&rsquo;apprentissage en ligne Nom du produit Description Mastercam University par Mastercam D\u00e9veloppez vos comp\u00e9tences [&hellip;]<\/p>\n","protected":false},"author":1,"featured_media":0,"parent":28805,"menu_order":0,"comment_status":"closed","ping_status":"closed","template":"","meta":{"_acf_changed":false,"footnotes":""},"class_list":["post-34794","page","type-page","status-publish","hentry"],"acf":[],"yoast_head":"<!-- This site is optimized with the Yoast SEO plugin v27.3 - https:\/\/yoast.com\/product\/yoast-seo-wordpress\/ -->\n<title>Outils d&#039;apprentissage suppl\u00e9mentaires | Mastercam<\/title>\n<meta name=\"description\" content=\"Mastercam dispose d&#039;excellentes ressources suppl\u00e9mentaires pour apprendre efficacement les logiciels de CAO\/FAO. Cliquez pour en savoir plus sur nos outils d&#039;apprentissage en ligne.\" \/>\n<meta name=\"robots\" content=\"index, follow, max-snippet:-1, max-image-preview:large, max-video-preview:-1\" \/>\n<link rel=\"canonical\" href=\"https:\/\/www.mastercam.com\/fr\/soutien\/formation-sur-les-produits\/outils-dapprentissage-supplementaires\/\" \/>\n<meta property=\"og:locale\" content=\"fr_FR\" \/>\n<meta property=\"og:type\" content=\"article\" \/>\n<meta property=\"og:title\" content=\"Outils d&#039;apprentissage suppl\u00e9mentaires | Mastercam\" \/>\n<meta property=\"og:description\" content=\"Mastercam dispose d&#039;excellentes ressources suppl\u00e9mentaires pour apprendre efficacement les logiciels de CAO\/FAO. Cliquez pour en savoir plus sur nos outils d&#039;apprentissage en ligne.\" \/>\n<meta property=\"og:url\" content=\"https:\/\/www.mastercam.com\/fr\/soutien\/formation-sur-les-produits\/outils-dapprentissage-supplementaires\/\" \/>\n<meta property=\"og:site_name\" content=\"mastercam.com\" \/>\n<meta property=\"article:publisher\" content=\"https:\/\/www.facebook.com\/Mastercam\/\" \/>\n<meta property=\"article:modified_time\" content=\"2025-12-17T19:44:09+00:00\" \/>\n<meta property=\"og:image\" content=\"https:\/\/www.mastercam.com\/wp-content\/uploads\/2024\/02\/drill-wide-photo-1200x675-1.jpg\" \/>\n\t<meta property=\"og:image:width\" content=\"1200\" \/>\n\t<meta property=\"og:image:height\" content=\"675\" \/>\n\t<meta property=\"og:image:type\" content=\"image\/jpeg\" \/>\n<meta name=\"twitter:card\" content=\"summary_large_image\" \/>\n<meta name=\"twitter:site\" content=\"@mastercam\" \/>\n<meta name=\"twitter:label1\" content=\"Est. reading time\" \/>\n\t<meta name=\"twitter:data1\" content=\"1 minute\" \/>\n<script type=\"application\/ld+json\" class=\"yoast-schema-graph\">{\"@context\":\"https:\\\/\\\/schema.org\",\"@graph\":[{\"@type\":\"WebPage\",\"@id\":\"https:\\\/\\\/www.mastercam.com\\\/fr\\\/soutien\\\/formation-sur-les-produits\\\/outils-dapprentissage-supplementaires\\\/\",\"url\":\"https:\\\/\\\/www.mastercam.com\\\/fr\\\/soutien\\\/formation-sur-les-produits\\\/outils-dapprentissage-supplementaires\\\/\",\"name\":\"Outils d'apprentissage suppl\u00e9mentaires | Mastercam\",\"isPartOf\":{\"@id\":\"https:\\\/\\\/www.mastercam.com\\\/fr\\\/#website\"},\"datePublished\":\"2023-01-31T23:58:35+00:00\",\"dateModified\":\"2025-12-17T19:44:09+00:00\",\"description\":\"Mastercam dispose d'excellentes ressources suppl\u00e9mentaires pour apprendre efficacement les logiciels de CAO\\\/FAO. Cliquez pour en savoir plus sur nos outils d'apprentissage en ligne.\",\"breadcrumb\":{\"@id\":\"https:\\\/\\\/www.mastercam.com\\\/fr\\\/soutien\\\/formation-sur-les-produits\\\/outils-dapprentissage-supplementaires\\\/#breadcrumb\"},\"inLanguage\":\"fr-FR\",\"potentialAction\":[{\"@type\":\"ReadAction\",\"target\":[\"https:\\\/\\\/www.mastercam.com\\\/fr\\\/soutien\\\/formation-sur-les-produits\\\/outils-dapprentissage-supplementaires\\\/\"]}]},{\"@type\":\"BreadcrumbList\",\"@id\":\"https:\\\/\\\/www.mastercam.com\\\/fr\\\/soutien\\\/formation-sur-les-produits\\\/outils-dapprentissage-supplementaires\\\/#breadcrumb\",\"itemListElement\":[{\"@type\":\"ListItem\",\"position\":1,\"name\":\"Home\",\"item\":\"https:\\\/\\\/www.mastercam.com\\\/fr\\\/\"},{\"@type\":\"ListItem\",\"position\":2,\"name\":\"Soutien\",\"item\":\"https:\\\/\\\/www.mastercam.com\\\/fr\\\/soutien\\\/\"},{\"@type\":\"ListItem\",\"position\":3,\"name\":\"Formation sur les produits\",\"item\":\"https:\\\/\\\/www.mastercam.com\\\/fr\\\/soutien\\\/formation-sur-les-produits\\\/\"},{\"@type\":\"ListItem\",\"position\":4,\"name\":\"Outils d&rsquo;apprentissage suppl\u00e9mentaires\"}]},{\"@type\":\"WebSite\",\"@id\":\"https:\\\/\\\/www.mastercam.com\\\/fr\\\/#website\",\"url\":\"https:\\\/\\\/www.mastercam.com\\\/fr\\\/\",\"name\":\"Mastercam\",\"description\":\"Creating software and services that solve the world&#039;s manufacturing challenges\",\"publisher\":{\"@id\":\"https:\\\/\\\/www.mastercam.com\\\/fr\\\/#organization\"},\"potentialAction\":[{\"@type\":\"SearchAction\",\"target\":{\"@type\":\"EntryPoint\",\"urlTemplate\":\"https:\\\/\\\/www.mastercam.com\\\/fr\\\/?s={search_term_string}\"},\"query-input\":{\"@type\":\"PropertyValueSpecification\",\"valueRequired\":true,\"valueName\":\"search_term_string\"}}],\"inLanguage\":\"fr-FR\"},{\"@type\":\"Organization\",\"@id\":\"https:\\\/\\\/www.mastercam.com\\\/fr\\\/#organization\",\"name\":\"Mastercam\",\"url\":\"https:\\\/\\\/www.mastercam.com\\\/fr\\\/\",\"logo\":{\"@type\":\"ImageObject\",\"inLanguage\":\"fr-FR\",\"@id\":\"https:\\\/\\\/www.mastercam.com\\\/fr\\\/#\\\/schema\\\/logo\\\/image\\\/\",\"url\":\"https:\\\/\\\/www.mastercam.com\\\/wp-content\\\/uploads\\\/2023\\\/02\\\/MC_logo.svg\",\"contentUrl\":\"https:\\\/\\\/www.mastercam.com\\\/wp-content\\\/uploads\\\/2023\\\/02\\\/MC_logo.svg\",\"width\":230,\"height\":40,\"caption\":\"Mastercam\"},\"image\":{\"@id\":\"https:\\\/\\\/www.mastercam.com\\\/fr\\\/#\\\/schema\\\/logo\\\/image\\\/\"},\"sameAs\":[\"https:\\\/\\\/www.facebook.com\\\/Mastercam\\\/\",\"https:\\\/\\\/x.com\\\/mastercam\",\"https:\\\/\\\/www.linkedin.com\\\/company\\\/mastercam\",\"https:\\\/\\\/www.youtube.com\\\/channel\\\/UChJt5ruSkqnmFH44WsXVZLw\",\"https:\\\/\\\/www.instagram.com\\\/mastercam\\\/\"]}]}<\/script>\n<!-- \/ Yoast SEO plugin. -->","yoast_head_json":{"title":"Outils d'apprentissage suppl\u00e9mentaires | Mastercam","description":"Mastercam dispose d'excellentes ressources suppl\u00e9mentaires pour apprendre efficacement les logiciels de CAO\/FAO. Cliquez pour en savoir plus sur nos outils d'apprentissage en ligne.","robots":{"index":"index","follow":"follow","max-snippet":"max-snippet:-1","max-image-preview":"max-image-preview:large","max-video-preview":"max-video-preview:-1"},"canonical":"https:\/\/www.mastercam.com\/fr\/soutien\/formation-sur-les-produits\/outils-dapprentissage-supplementaires\/","og_locale":"fr_FR","og_type":"article","og_title":"Outils d'apprentissage suppl\u00e9mentaires | Mastercam","og_description":"Mastercam dispose d'excellentes ressources suppl\u00e9mentaires pour apprendre efficacement les logiciels de CAO\/FAO. Cliquez pour en savoir plus sur nos outils d'apprentissage en ligne.","og_url":"https:\/\/www.mastercam.com\/fr\/soutien\/formation-sur-les-produits\/outils-dapprentissage-supplementaires\/","og_site_name":"mastercam.com","article_publisher":"https:\/\/www.facebook.com\/Mastercam\/","article_modified_time":"2025-12-17T19:44:09+00:00","og_image":[{"width":1200,"height":675,"url":"https:\/\/www.mastercam.com\/wp-content\/uploads\/2024\/02\/drill-wide-photo-1200x675-1.jpg","type":"image\/jpeg"}],"twitter_card":"summary_large_image","twitter_site":"@mastercam","twitter_misc":{"Est. reading time":"1 minute"},"schema":{"@context":"https:\/\/schema.org","@graph":[{"@type":"WebPage","@id":"https:\/\/www.mastercam.com\/fr\/soutien\/formation-sur-les-produits\/outils-dapprentissage-supplementaires\/","url":"https:\/\/www.mastercam.com\/fr\/soutien\/formation-sur-les-produits\/outils-dapprentissage-supplementaires\/","name":"Outils d'apprentissage suppl\u00e9mentaires | Mastercam","isPartOf":{"@id":"https:\/\/www.mastercam.com\/fr\/#website"},"datePublished":"2023-01-31T23:58:35+00:00","dateModified":"2025-12-17T19:44:09+00:00","description":"Mastercam dispose d'excellentes ressources suppl\u00e9mentaires pour apprendre efficacement les logiciels de CAO\/FAO. Cliquez pour en savoir plus sur nos outils d'apprentissage en ligne.","breadcrumb":{"@id":"https:\/\/www.mastercam.com\/fr\/soutien\/formation-sur-les-produits\/outils-dapprentissage-supplementaires\/#breadcrumb"},"inLanguage":"fr-FR","potentialAction":[{"@type":"ReadAction","target":["https:\/\/www.mastercam.com\/fr\/soutien\/formation-sur-les-produits\/outils-dapprentissage-supplementaires\/"]}]},{"@type":"BreadcrumbList","@id":"https:\/\/www.mastercam.com\/fr\/soutien\/formation-sur-les-produits\/outils-dapprentissage-supplementaires\/#breadcrumb","itemListElement":[{"@type":"ListItem","position":1,"name":"Home","item":"https:\/\/www.mastercam.com\/fr\/"},{"@type":"ListItem","position":2,"name":"Soutien","item":"https:\/\/www.mastercam.com\/fr\/soutien\/"},{"@type":"ListItem","position":3,"name":"Formation sur les produits","item":"https:\/\/www.mastercam.com\/fr\/soutien\/formation-sur-les-produits\/"},{"@type":"ListItem","position":4,"name":"Outils d&rsquo;apprentissage suppl\u00e9mentaires"}]},{"@type":"WebSite","@id":"https:\/\/www.mastercam.com\/fr\/#website","url":"https:\/\/www.mastercam.com\/fr\/","name":"Mastercam","description":"Creating software and services that solve the world&#039;s manufacturing challenges","publisher":{"@id":"https:\/\/www.mastercam.com\/fr\/#organization"},"potentialAction":[{"@type":"SearchAction","target":{"@type":"EntryPoint","urlTemplate":"https:\/\/www.mastercam.com\/fr\/?s={search_term_string}"},"query-input":{"@type":"PropertyValueSpecification","valueRequired":true,"valueName":"search_term_string"}}],"inLanguage":"fr-FR"},{"@type":"Organization","@id":"https:\/\/www.mastercam.com\/fr\/#organization","name":"Mastercam","url":"https:\/\/www.mastercam.com\/fr\/","logo":{"@type":"ImageObject","inLanguage":"fr-FR","@id":"https:\/\/www.mastercam.com\/fr\/#\/schema\/logo\/image\/","url":"https:\/\/www.mastercam.com\/wp-content\/uploads\/2023\/02\/MC_logo.svg","contentUrl":"https:\/\/www.mastercam.com\/wp-content\/uploads\/2023\/02\/MC_logo.svg","width":230,"height":40,"caption":"Mastercam"},"image":{"@id":"https:\/\/www.mastercam.com\/fr\/#\/schema\/logo\/image\/"},"sameAs":["https:\/\/www.facebook.com\/Mastercam\/","https:\/\/x.com\/mastercam","https:\/\/www.linkedin.com\/company\/mastercam","https:\/\/www.youtube.com\/channel\/UChJt5ruSkqnmFH44WsXVZLw","https:\/\/www.instagram.com\/mastercam\/"]}]}},"_links":{"self":[{"href":"https:\/\/www.mastercam.com\/fr\/wp-json\/wp\/v2\/pages\/34794","targetHints":{"allow":["GET"]}}],"collection":[{"href":"https:\/\/www.mastercam.com\/fr\/wp-json\/wp\/v2\/pages"}],"about":[{"href":"https:\/\/www.mastercam.com\/fr\/wp-json\/wp\/v2\/types\/page"}],"author":[{"embeddable":true,"href":"https:\/\/www.mastercam.com\/fr\/wp-json\/wp\/v2\/users\/1"}],"replies":[{"embeddable":true,"href":"https:\/\/www.mastercam.com\/fr\/wp-json\/wp\/v2\/comments?post=34794"}],"version-history":[{"count":0,"href":"https:\/\/www.mastercam.com\/fr\/wp-json\/wp\/v2\/pages\/34794\/revisions"}],"up":[{"embeddable":true,"href":"https:\/\/www.mastercam.com\/fr\/wp-json\/wp\/v2\/pages\/28805"}],"wp:attachment":[{"href":"https:\/\/www.mastercam.com\/fr\/wp-json\/wp\/v2\/media?parent=34794"}],"curies":[{"name":"wp","href":"https:\/\/api.w.org\/{rel}","templated":true}]}}