{"id":34788,"date":"2023-01-31T18:25:29","date_gmt":"2023-01-31T23:25:29","guid":{"rendered":"https:\/\/www.mastercam.com\/industrie\/transport\/"},"modified":"2026-02-05T13:04:57","modified_gmt":"2026-02-05T18:04:57","slug":"transport","status":"publish","type":"page","link":"https:\/\/www.mastercam.com\/fr\/solutions\/industrie\/transport\/","title":{"rendered":"Transport"},"content":{"rendered":"<div class=\"hero__breadcrumbs\">\n    <div class=\"container-fluid\">\n      <div class=\"row\">\n        <div class=\"col\">\n          <nav aria-label=\"breadcrumbs\"><ol class=\"breadcrumb\"><li><a href=\"https:\/\/www.mastercam.com\/fr\/\">Home<\/a><\/li><\/ol><\/nav>\n        <\/div>\n      <\/div>\n    <\/div>\n  <\/div>\n\n<div class=\"hero hero--minimal wp-block-acf-block-hero\">\n  <div class=\"container-fluid\">\n    <div class=\"row align-items-center\">\n      \n      \n      \n      <div class=\"col-12 col-lg-7 order-2 order-lg-2 hero__content-column\">\n        <div class=\"hero__content\">\n                      <h1 class=\"hero__heading\">\n              \n              Transport\n            <\/h1>\n          \n                      <p class=\"hero__text\">Solutions Mastercam pour la fabrication dans le secteur des transports<\/p>\n          \n          \n          \n          \n                  <\/div>\n      <\/div>\n    <\/div>\n  <\/div>\n<\/div>\n\n<div class=\"wp-block-group is-style-light-gray-bg is-layout-constrained wp-block-group-is-layout-constrained\" style=\"padding-top:var(--wp--preset--spacing--6);padding-bottom:var(--wp--preset--spacing--6)\">\n<div class=\"wp-block-columns is-style-container is-layout-flex wp-container-core-columns-is-layout-28f84493 wp-block-columns-is-layout-flex\">\n<div class=\"wp-block-column is-layout-flow wp-block-column-is-layout-flow\" style=\"flex-basis:50%\">\n<p>Les constructeurs automobiles et de transport cherchent \u00e0 am\u00e9liorer leur productivit\u00e9 dans diverses applications.<\/p>\n\n\n\n<p>Quelle meilleure fa\u00e7on d&rsquo;y parvenir qu&rsquo;avec les derniers logiciels du num\u00e9ro un mondial de la FAO ? Faites confiance \u00e0 Mastercam pour apporter une pr\u00e9cision fiable \u00e0 vos pi\u00e8ces finies gr\u00e2ce \u00e0 nos solutions compl\u00e8tes de CAO\/FAO pour les fabricants et fournisseurs des secteurs de l&rsquo;automobile et du transport. <\/p>\n<\/div>\n\n\n\n<div class=\"wp-block-column is-layout-flow wp-block-column-is-layout-flow\" style=\"flex-basis:50%\">\n<p>Dans le domaine des transports, le succ\u00e8s d\u00e9pend de la pr\u00e9cision, de la fiabilit\u00e9 et de la rapidit\u00e9. Mastercam est un leader \u00e9tabli dans cette industrie, fournissant des solutions CAO\/FAO pour r\u00e9pondre \u00e0 une large gamme de demandes de productivit\u00e9 sur le terrain. <\/p>\n\n\n\n<ul class=\"wp-block-list\">\n<li>Vous disposez d&rsquo;une large gamme d&rsquo;outils FAO pour r\u00e9soudre les probl\u00e8mes d&rsquo;usinage complexes.<\/li>\n\n\n\n<li>Mastercam est utilis\u00e9 par la plupart des grands constructeurs et \u00e9quipementiers automobiles.<\/li>\n\n\n\n<li>L&rsquo;industrie automobile et les sports motoris\u00e9s pour l&rsquo;un de nos plus grands segments industriels.<\/li>\n\n\n\n<li>Dynamic Motion\u2122 ajuste les avances, les vitesses, les points d&rsquo;entr\u00e9e et la temporisation pour une coupe plus rapide avec moins d&rsquo;usure de l&rsquo;outil.<\/li>\n\n\n\n<li>\u00c9limine le besoin d&rsquo;un PLM co\u00fbteux ou s&rsquo;int\u00e8gre au PLM existant.<\/li>\n\n\n\n<li>Des strat\u00e9gies exclusives am\u00e9liorent la production de moules, de mod\u00e8les et d&rsquo;autres \u00e9l\u00e9ments cruciaux.<\/li>\n\n\n\n<li>Accelerated Finishing\u2122 r\u00e9duit le temps de travail \u00e0 l&rsquo;\u00e9tabli.<\/li>\n\n\n\n<li>De nombreuses solutions tierces s&rsquo;int\u00e8grent \u00e0 Mastercam pour le suivi de l&rsquo;atelier et du processus.<\/li>\n<\/ul>\n<\/div>\n<\/div>\n<\/div>\n\n<div class=\"wp-block-columns is-style-medium is-layout-flex wp-container-core-columns-is-layout-b9053888 wp-block-columns-is-layout-flex\" style=\"padding-top:var(--wp--preset--spacing--5)\">\n<div class=\"wp-block-column is-layout-flow wp-block-column-is-layout-flow\">\n<h2 class=\"wp-block-heading\">Solutions Mastercam pour la fabrication dans le secteur des transports<\/h2>\n\n\n\n<p>Le logiciel id\u00e9al pour la fabrication de moyens de transport n&rsquo;est qu&rsquo;un ingr\u00e9dient du succ\u00e8s. Collectivement, notre communaut\u00e9 mondiale d&rsquo;utilisateurs, d&rsquo;experts, d&rsquo;\u00e9ducateurs et de passionn\u00e9s de Mastercam forme une ressource pr\u00e9cieuse de connaissances et d&rsquo;innovation. Et nos repr\u00e9sentants Mastercam apportent des ann\u00e9es d&rsquo;exp\u00e9rience pratique dans diverses industries et march\u00e9s locaux, vous aidant \u00e0 vous assurer que vous avez toujours le soutien dont vous avez besoin pour tirer le meilleur parti de votre investissement dans la CAO\/FAO.  <\/p>\n\n\n\n<p>Nous avons d\u00e9velopp\u00e9 le plus grand r\u00e9seau mondial de partenaires FAO afin d&rsquo;offrir \u00e0 nos utilisateurs des secteurs de l&rsquo;automobile et des transports un \u00e9ventail d&rsquo;options permettant de relever les d\u00e9fis de la production. Nos solutions tirent parti des derni\u00e8res technologies d\u00e9velopp\u00e9es par les fabricants d&rsquo;outils, de logiciels et de machines-outils du monde entier. <\/p>\n\n\n\n<p>Notre capacit\u00e9 5 axes et nos strat\u00e9gies exclusives d&rsquo;enl\u00e8vement de m\u00e9tal sont la norme dans l&rsquo;Industrie et les sports m\u00e9caniques. Avec l&rsquo;outillage ad\u00e9quat, aucun autre logiciel de CAO\/FAO ne permet d&rsquo;enlever autant de mati\u00e8re d&rsquo;une pi\u00e8ce en aussi peu de temps et de prolonger la dur\u00e9e de vie de l&rsquo;outil. <\/p>\n\n\n\n<p>In Transportation manufacturing, speed is nothing without an accurate result, and we offer tools to complement the precision needs of your shop, from design to turning to multitasking, wire EDM, and more. Check out the full array of <a href=\"http:\/\/www.mastercam.com\/solutions\/products\/\">Mastercam products<\/a> to find the right solutions for your manufacturing challenges. If your shop does it, we will help you do it better.  <\/p>\n\n\n\n<div class=\"wp-block-buttons is-layout-flex wp-block-buttons-is-layout-flex\">\n<div class=\"wp-block-button is-style-secondary\"><a class=\"wp-block-button__link wp-element-button\" href=\"https:\/\/www.mastercam.com\/fr\/solutions\/produits\/\">Voir les produits<\/a><\/div>\n<\/div>\n<\/div>\n<\/div>\n\n<div class=\"wp-block-columns is-style-container is-layout-flex wp-container-core-columns-is-layout-28f84493 wp-block-columns-is-layout-flex\">\n<div class=\"wp-block-column is-layout-flow wp-block-column-is-layout-flow\">\n<h2 class=\"wp-block-heading\" style=\"padding-top:var(--wp--preset--spacing--6)\">Modules compl\u00e9mentaires<\/h2>\n\n\n<div class=\"aligncenter wp-block-acf-block-add-ons\">\n  <div class=\"row block-addons\">\n                                        <div class=\"block-addons__item col-xs-12 col-sm-6 col-md-4 col-lg-3\">\n              <a href=\"https:\/\/www.mastercam.com\/fr\/solutions\/add-ons\/port-expert\/\" class=\"btn btn-outline-secondary w-100\">\n                Port Expert\n              <\/a>\n            <\/div>\n                                                                <div class=\"block-addons__item col-xs-12 col-sm-6 col-md-4 col-lg-3\">\n              <a href=\"https:\/\/www.mastercam.com\/fr\/solutions\/add-ons\/aube-expert\/\" class=\"btn btn-outline-secondary w-100\">\n                Blade Expert\n              <\/a>\n            <\/div>\n                                                                <div class=\"block-addons__item col-xs-12 col-sm-6 col-md-4 col-lg-3\">\n              <a href=\"https:\/\/www.mastercam.com\/fr\/solutions\/add-ons\/multiaxis\/\" class=\"btn btn-outline-secondary w-100\">\n                Usinage Multiaxes\n              <\/a>\n            <\/div>\n                                                                <div class=\"block-addons__item col-xs-12 col-sm-6 col-md-4 col-lg-3\">\n              <a href=\"https:\/\/www.mastercam.com\/?post_type=addon&amp;p=6173\" class=\"btn btn-outline-secondary w-100\">\n                Productivity+\n              <\/a>\n            <\/div>\n                              <\/div>\n<\/div>\n<\/div>\n<\/div>\n<div style=\"padding-bottom:var(--wp--preset--spacing--6);\" class=\"container-fluid align wp-block-acf-block-media-object\">\n  <div class=\"row\">\n    <div class=\"col\">\n      <div class=\"d-flex flex-column flex-lg-row media-object media-object--shaded\">\n        <div class=\"flex-shrink-0 media-object__image order-1  order-lg-3 \">\n                                    \n              <a href=\"https:\/\/www.mastercam.com\/fr\/?page_id=34718\" tabindex=\"-1\">\n                <img decoding=\"async\" src=\"https:\/\/www.mastercam.com\/wp-content\/uploads\/2023\/01\/Rectangle-2.jpg\" alt=\"man wearing a headset typing on a desktop computer\" loading=\"lazy\">\n              <\/a>\n                              <\/div>\n        <div class=\"media-object__body flex-grow-1 d-lg-flex flex-column order-2 justify-content-lg-center\">\n                                <h2 class=\"media-object__header h3\">Contacter Mastercam<\/h2>\n                                <div class=\"media-object__content\">\n              <p>Contactez-nous pour d\u00e9couvrir les solutions logicielles de CAO\/FAO pour la fabrication de produits de transport.<\/p>\n\n            <\/div>\n                                <div class=\"media-object__cta\">\n              <a href=\"https:\/\/www.mastercam.com\/fr\/?page_id=34718\" class=\"btn btn-outline-secondary\">Contacter Mastercam<\/a>\n            <\/div>\n                  <\/div>\n      <\/div>\n    <\/div>\n  <\/div>\n<\/div>\n\n<div class=\"wp-block-group is-style-light-gray-bg is-layout-constrained wp-block-group-is-layout-constrained\" style=\"margin-top:0;margin-bottom:0;padding-top:var(--wp--preset--spacing--6);padding-bottom:var(--wp--preset--spacing--6)\"><div class=\"container-fluid aligncenter wp-block-acf-block-case-studies\">\n  <div id=\"case-studies\" class=\"row\">\n    <div class=\"col-12 col-md-8\">\n      <h2>Success Stories<\/h2>\n          <\/div>\n    <div class=\"col-12 col-md-4 mt-5 mt-md-0 text-md-end\">\n      <a href=\"https:\/\/www.mastercam.com\/fr\/success-stories\/\" class=\"btn btn-outline-secondary btn-view-all\">View all<\/a>\n    <\/div>\n  <\/div>\n  <div class=\"cards mt-5\">\n          \n              <div class=\"col col-12 col-md-6 col-lg-6\">\n  <div class=\"card h-100 case-studies card--linked\">\n          \n      <a href=\"https:\/\/www.mastercam.com\/fr\/success-stories\/alimentation-achates\/\" aria-hidden=\"true\" tabindex=\"-1\">\n        <div class=\"skeleton-image card-img-top\" style=\"--skeleton-aspect-ratio: 375 \/ 236;\">\n          <img decoding=\"async\" src=\"https:\/\/www.mastercam.com\/wp-content\/uploads\/2023\/04\/AchatesGroupShot-1024x341.jpeg\" alt=\"\" loading=\"lazy\" onload=\"this.classList.add('loaded')\" \/>\n        <\/div>\n      <\/a>\n    \n    <div class=\"card-body\">\n              <span class=\"card-category card-category--static\">Success Stories<\/span>\n      \n      <h3 class=\"card-title\">Alimentation Achates<\/h3>\n\n              <p class=\"card-text\">L&#039;entreprise Achates Power de San Diego, en Californie, utilise Mastercam pour cr\u00e9er des pi\u00e8ces prototypes pour un moteur \u00e0 essence \u00e0 allumage par compression et \u00e0 pistons oppos\u00e9s, respectueux de l&#039;environnement. Cette recherche collaborative est le fruit du travail d&#039;Achates, de l&#039;Argonne National Laboratory et de Delphi Technologies. Elle a \u00e9t\u00e9 r\u00e9alis\u00e9e gr\u00e2ce au financement\u2026<\/p>\n      \n          <\/div>\n\n          \n      <div class=\"card-footer\">\n        <a class=\"btn btn-outline-secondary\" href=\"https:\/\/www.mastercam.com\/fr\/success-stories\/alimentation-achates\/\">\n          Read more<span class=\"sr-only\"> about Alimentation Achates<\/span>\n        <\/a>\n      <\/div>\n      <\/div>\n\n  <\/div>\n                \n              <div class=\"col col-12 col-md-6 col-lg-6\">\n  <div class=\"card h-100 case-studies card--linked\">\n          \n      <a href=\"https:\/\/www.mastercam.com\/fr\/success-stories\/histoire-dune-reussite-avec-allstrap\/\" aria-hidden=\"true\" tabindex=\"-1\">\n        <div class=\"skeleton-image card-img-top\" style=\"--skeleton-aspect-ratio: 375 \/ 236;\">\n          <img decoding=\"async\" src=\"https:\/\/www.mastercam.com\/wp-content\/uploads\/2023\/04\/Allstrap-1400x420-1-1024x356.jpeg\" alt=\"\" loading=\"lazy\" onload=\"this.classList.add('loaded')\" \/>\n        <\/div>\n      <\/a>\n    \n    <div class=\"card-body\">\n              <span class=\"card-category card-category--static\">Success Stories<\/span>\n      \n      <h3 class=\"card-title\">Histoire d&rsquo;une r\u00e9ussite avec Allstrap<\/h3>\n\n              <p class=\"card-text\">Allstrap, Inc., (Upper Arlington, OH) specializes in the manufacture of the steel and poly straps that hold sizeable loads together, as well as the pneumatic and battery-operated tensioning tools that keep the straps taut. The company has seen an increase in demand for the battery-operated tools which perform cutting, tensioning, and sealing operations 30 to\u2026<\/p>\n      \n          <\/div>\n\n          \n      <div class=\"card-footer\">\n        <a class=\"btn btn-outline-secondary\" href=\"https:\/\/www.mastercam.com\/fr\/success-stories\/histoire-dune-reussite-avec-allstrap\/\">\n          Read more<span class=\"sr-only\"> about Histoire d&amp;rsquo;une r\u00e9ussite avec Allstrap<\/span>\n        <\/a>\n      <\/div>\n      <\/div>\n\n  <\/div>\n            <\/div>\n<\/div>\n<\/div>\n","protected":false},"excerpt":{"rendered":"<p>Les constructeurs automobiles et de transport cherchent \u00e0 am\u00e9liorer leur productivit\u00e9 dans diverses applications. Quelle [&hellip;]<\/p>\n","protected":false},"author":1,"featured_media":0,"parent":34770,"menu_order":0,"comment_status":"closed","ping_status":"closed","template":"","meta":{"_acf_changed":false,"footnotes":""},"class_list":["post-34788","page","type-page","status-publish","hentry"],"acf":[],"yoast_head":"<!-- This site is optimized with the Yoast SEO plugin v27.5 - https:\/\/yoast.com\/product\/yoast-seo-wordpress\/ -->\n<title>Logiciel CAO\/FAO pour l&#039;industrie des transports | Mastercam<\/title>\n<meta name=\"description\" content=\"Nos solutions CAO\/FAO aident les fabricants de l&#039;industrie du transport \u00e0 produire des v\u00e9hicules automobiles, ferroviaires et maritimes, des pi\u00e8ces, des prototypes, etc.\" \/>\n<meta name=\"robots\" content=\"index, follow, max-snippet:-1, max-image-preview:large, max-video-preview:-1\" \/>\n<link rel=\"canonical\" href=\"https:\/\/www.mastercam.com\/fr\/solutions\/industrie\/transport\/\" \/>\n<meta property=\"og:locale\" content=\"fr_FR\" \/>\n<meta property=\"og:type\" content=\"article\" \/>\n<meta property=\"og:title\" content=\"Logiciel CAO\/FAO pour l&#039;industrie des transports | Mastercam\" \/>\n<meta property=\"og:description\" content=\"Nos solutions CAO\/FAO aident les fabricants de l&#039;industrie du transport \u00e0 produire des v\u00e9hicules automobiles, ferroviaires et maritimes, des pi\u00e8ces, des prototypes, etc.\" \/>\n<meta property=\"og:url\" content=\"https:\/\/www.mastercam.com\/fr\/solutions\/industrie\/transport\/\" \/>\n<meta property=\"og:site_name\" content=\"mastercam.com\" \/>\n<meta property=\"article:publisher\" content=\"https:\/\/www.facebook.com\/Mastercam\/\" \/>\n<meta property=\"article:modified_time\" content=\"2026-02-05T18:04:57+00:00\" \/>\n<meta property=\"og:image\" content=\"https:\/\/www.mastercam.com\/wp-content\/uploads\/2024\/02\/drill-wide-photo-1200x675-1.jpg\" \/>\n\t<meta property=\"og:image:width\" content=\"1200\" \/>\n\t<meta property=\"og:image:height\" content=\"675\" \/>\n\t<meta property=\"og:image:type\" content=\"image\/jpeg\" \/>\n<meta name=\"twitter:card\" content=\"summary_large_image\" \/>\n<meta name=\"twitter:site\" content=\"@mastercam\" \/>\n<meta name=\"twitter:label1\" content=\"Est. reading time\" \/>\n\t<meta name=\"twitter:data1\" content=\"3 minutes\" \/>\n<script type=\"application\/ld+json\" class=\"yoast-schema-graph\">{\"@context\":\"https:\\\/\\\/schema.org\",\"@graph\":[{\"@type\":\"WebPage\",\"@id\":\"https:\\\/\\\/www.mastercam.com\\\/fr\\\/solutions\\\/industrie\\\/transport\\\/\",\"url\":\"https:\\\/\\\/www.mastercam.com\\\/fr\\\/solutions\\\/industrie\\\/transport\\\/\",\"name\":\"Logiciel CAO\\\/FAO pour l'industrie des transports | Mastercam\",\"isPartOf\":{\"@id\":\"https:\\\/\\\/www.mastercam.com\\\/fr\\\/#website\"},\"datePublished\":\"2023-01-31T23:25:29+00:00\",\"dateModified\":\"2026-02-05T18:04:57+00:00\",\"description\":\"Nos solutions CAO\\\/FAO aident les fabricants de l'industrie du transport \u00e0 produire des v\u00e9hicules automobiles, ferroviaires et maritimes, des pi\u00e8ces, des prototypes, etc.\",\"breadcrumb\":{\"@id\":\"https:\\\/\\\/www.mastercam.com\\\/fr\\\/solutions\\\/industrie\\\/transport\\\/#breadcrumb\"},\"inLanguage\":\"fr-FR\",\"potentialAction\":[{\"@type\":\"ReadAction\",\"target\":[\"https:\\\/\\\/www.mastercam.com\\\/fr\\\/solutions\\\/industrie\\\/transport\\\/\"]}]},{\"@type\":\"BreadcrumbList\",\"@id\":\"https:\\\/\\\/www.mastercam.com\\\/fr\\\/solutions\\\/industrie\\\/transport\\\/#breadcrumb\",\"itemListElement\":[{\"@type\":\"ListItem\",\"position\":1,\"name\":\"Home\",\"item\":\"https:\\\/\\\/www.mastercam.com\\\/fr\\\/\"},{\"@type\":\"ListItem\",\"position\":2,\"name\":\"Solutions\",\"item\":\"https:\\\/\\\/www.mastercam.com\\\/fr\\\/solutions\\\/\"},{\"@type\":\"ListItem\",\"position\":3,\"name\":\"Industrie\",\"item\":\"https:\\\/\\\/www.mastercam.com\\\/fr\\\/solutions\\\/industrie\\\/\"},{\"@type\":\"ListItem\",\"position\":4,\"name\":\"Transport\"}]},{\"@type\":\"WebSite\",\"@id\":\"https:\\\/\\\/www.mastercam.com\\\/fr\\\/#website\",\"url\":\"https:\\\/\\\/www.mastercam.com\\\/fr\\\/\",\"name\":\"Mastercam\",\"description\":\"Creating software and services that solve the world&#039;s manufacturing challenges\",\"publisher\":{\"@id\":\"https:\\\/\\\/www.mastercam.com\\\/fr\\\/#organization\"},\"potentialAction\":[{\"@type\":\"SearchAction\",\"target\":{\"@type\":\"EntryPoint\",\"urlTemplate\":\"https:\\\/\\\/www.mastercam.com\\\/fr\\\/?s={search_term_string}\"},\"query-input\":{\"@type\":\"PropertyValueSpecification\",\"valueRequired\":true,\"valueName\":\"search_term_string\"}}],\"inLanguage\":\"fr-FR\"},{\"@type\":\"Organization\",\"@id\":\"https:\\\/\\\/www.mastercam.com\\\/fr\\\/#organization\",\"name\":\"Mastercam\",\"url\":\"https:\\\/\\\/www.mastercam.com\\\/fr\\\/\",\"logo\":{\"@type\":\"ImageObject\",\"inLanguage\":\"fr-FR\",\"@id\":\"https:\\\/\\\/www.mastercam.com\\\/fr\\\/#\\\/schema\\\/logo\\\/image\\\/\",\"url\":\"https:\\\/\\\/www.mastercam.com\\\/wp-content\\\/uploads\\\/2023\\\/02\\\/MC_logo.svg\",\"contentUrl\":\"https:\\\/\\\/www.mastercam.com\\\/wp-content\\\/uploads\\\/2023\\\/02\\\/MC_logo.svg\",\"width\":230,\"height\":40,\"caption\":\"Mastercam\"},\"image\":{\"@id\":\"https:\\\/\\\/www.mastercam.com\\\/fr\\\/#\\\/schema\\\/logo\\\/image\\\/\"},\"sameAs\":[\"https:\\\/\\\/www.facebook.com\\\/Mastercam\\\/\",\"https:\\\/\\\/x.com\\\/mastercam\",\"https:\\\/\\\/www.linkedin.com\\\/company\\\/mastercam\",\"https:\\\/\\\/www.youtube.com\\\/channel\\\/UChJt5ruSkqnmFH44WsXVZLw\",\"https:\\\/\\\/www.instagram.com\\\/mastercam\\\/\"]}]}<\/script>\n<!-- \/ Yoast SEO plugin. -->","yoast_head_json":{"title":"Logiciel CAO\/FAO pour l'industrie des transports | Mastercam","description":"Nos solutions CAO\/FAO aident les fabricants de l'industrie du transport \u00e0 produire des v\u00e9hicules automobiles, ferroviaires et maritimes, des pi\u00e8ces, des prototypes, etc.","robots":{"index":"index","follow":"follow","max-snippet":"max-snippet:-1","max-image-preview":"max-image-preview:large","max-video-preview":"max-video-preview:-1"},"canonical":"https:\/\/www.mastercam.com\/fr\/solutions\/industrie\/transport\/","og_locale":"fr_FR","og_type":"article","og_title":"Logiciel CAO\/FAO pour l'industrie des transports | Mastercam","og_description":"Nos solutions CAO\/FAO aident les fabricants de l'industrie du transport \u00e0 produire des v\u00e9hicules automobiles, ferroviaires et maritimes, des pi\u00e8ces, des prototypes, etc.","og_url":"https:\/\/www.mastercam.com\/fr\/solutions\/industrie\/transport\/","og_site_name":"mastercam.com","article_publisher":"https:\/\/www.facebook.com\/Mastercam\/","article_modified_time":"2026-02-05T18:04:57+00:00","og_image":[{"width":1200,"height":675,"url":"https:\/\/www.mastercam.com\/wp-content\/uploads\/2024\/02\/drill-wide-photo-1200x675-1.jpg","type":"image\/jpeg"}],"twitter_card":"summary_large_image","twitter_site":"@mastercam","twitter_misc":{"Est. reading time":"3 minutes"},"schema":{"@context":"https:\/\/schema.org","@graph":[{"@type":"WebPage","@id":"https:\/\/www.mastercam.com\/fr\/solutions\/industrie\/transport\/","url":"https:\/\/www.mastercam.com\/fr\/solutions\/industrie\/transport\/","name":"Logiciel CAO\/FAO pour l'industrie des transports | Mastercam","isPartOf":{"@id":"https:\/\/www.mastercam.com\/fr\/#website"},"datePublished":"2023-01-31T23:25:29+00:00","dateModified":"2026-02-05T18:04:57+00:00","description":"Nos solutions CAO\/FAO aident les fabricants de l'industrie du transport \u00e0 produire des v\u00e9hicules automobiles, ferroviaires et maritimes, des pi\u00e8ces, des prototypes, etc.","breadcrumb":{"@id":"https:\/\/www.mastercam.com\/fr\/solutions\/industrie\/transport\/#breadcrumb"},"inLanguage":"fr-FR","potentialAction":[{"@type":"ReadAction","target":["https:\/\/www.mastercam.com\/fr\/solutions\/industrie\/transport\/"]}]},{"@type":"BreadcrumbList","@id":"https:\/\/www.mastercam.com\/fr\/solutions\/industrie\/transport\/#breadcrumb","itemListElement":[{"@type":"ListItem","position":1,"name":"Home","item":"https:\/\/www.mastercam.com\/fr\/"},{"@type":"ListItem","position":2,"name":"Solutions","item":"https:\/\/www.mastercam.com\/fr\/solutions\/"},{"@type":"ListItem","position":3,"name":"Industrie","item":"https:\/\/www.mastercam.com\/fr\/solutions\/industrie\/"},{"@type":"ListItem","position":4,"name":"Transport"}]},{"@type":"WebSite","@id":"https:\/\/www.mastercam.com\/fr\/#website","url":"https:\/\/www.mastercam.com\/fr\/","name":"Mastercam","description":"Creating software and services that solve the world&#039;s manufacturing challenges","publisher":{"@id":"https:\/\/www.mastercam.com\/fr\/#organization"},"potentialAction":[{"@type":"SearchAction","target":{"@type":"EntryPoint","urlTemplate":"https:\/\/www.mastercam.com\/fr\/?s={search_term_string}"},"query-input":{"@type":"PropertyValueSpecification","valueRequired":true,"valueName":"search_term_string"}}],"inLanguage":"fr-FR"},{"@type":"Organization","@id":"https:\/\/www.mastercam.com\/fr\/#organization","name":"Mastercam","url":"https:\/\/www.mastercam.com\/fr\/","logo":{"@type":"ImageObject","inLanguage":"fr-FR","@id":"https:\/\/www.mastercam.com\/fr\/#\/schema\/logo\/image\/","url":"https:\/\/www.mastercam.com\/wp-content\/uploads\/2023\/02\/MC_logo.svg","contentUrl":"https:\/\/www.mastercam.com\/wp-content\/uploads\/2023\/02\/MC_logo.svg","width":230,"height":40,"caption":"Mastercam"},"image":{"@id":"https:\/\/www.mastercam.com\/fr\/#\/schema\/logo\/image\/"},"sameAs":["https:\/\/www.facebook.com\/Mastercam\/","https:\/\/x.com\/mastercam","https:\/\/www.linkedin.com\/company\/mastercam","https:\/\/www.youtube.com\/channel\/UChJt5ruSkqnmFH44WsXVZLw","https:\/\/www.instagram.com\/mastercam\/"]}]}},"_links":{"self":[{"href":"https:\/\/www.mastercam.com\/fr\/wp-json\/wp\/v2\/pages\/34788","targetHints":{"allow":["GET"]}}],"collection":[{"href":"https:\/\/www.mastercam.com\/fr\/wp-json\/wp\/v2\/pages"}],"about":[{"href":"https:\/\/www.mastercam.com\/fr\/wp-json\/wp\/v2\/types\/page"}],"author":[{"embeddable":true,"href":"https:\/\/www.mastercam.com\/fr\/wp-json\/wp\/v2\/users\/1"}],"replies":[{"embeddable":true,"href":"https:\/\/www.mastercam.com\/fr\/wp-json\/wp\/v2\/comments?post=34788"}],"version-history":[{"count":0,"href":"https:\/\/www.mastercam.com\/fr\/wp-json\/wp\/v2\/pages\/34788\/revisions"}],"up":[{"embeddable":true,"href":"https:\/\/www.mastercam.com\/fr\/wp-json\/wp\/v2\/pages\/34770"}],"wp:attachment":[{"href":"https:\/\/www.mastercam.com\/fr\/wp-json\/wp\/v2\/media?parent=34788"}],"curies":[{"name":"wp","href":"https:\/\/api.w.org\/{rel}","templated":true}]}}