{"id":34785,"date":"2023-01-31T18:25:11","date_gmt":"2023-01-31T23:25:11","guid":{"rendered":"https:\/\/www.mastercam.com\/industrie\/numero-doutil\/"},"modified":"2026-02-05T13:03:42","modified_gmt":"2026-02-05T18:03:42","slug":"numero-doutil","status":"publish","type":"page","link":"https:\/\/www.mastercam.com\/fr\/solutions\/industrie\/numero-doutil\/","title":{"rendered":"Num\u00e9ro d&rsquo;outil"},"content":{"rendered":"<div class=\"hero__breadcrumbs\">\n    <div class=\"container-fluid\">\n      <div class=\"row\">\n        <div class=\"col\">\n          <nav aria-label=\"breadcrumbs\"><ol class=\"breadcrumb\"><li><a href=\"https:\/\/www.mastercam.com\/fr\/\">Home<\/a><\/li><\/ol><\/nav>\n        <\/div>\n      <\/div>\n    <\/div>\n  <\/div>\n\n<div class=\"hero hero--minimal wp-block-acf-block-hero\">\n  <div class=\"container-fluid\">\n    <div class=\"row align-items-center\">\n      \n      \n      \n      <div class=\"col-12 col-lg-7 order-2 order-lg-2 hero__content-column\">\n        <div class=\"hero__content\">\n                      <h1 class=\"hero__heading\">\n              \n              Num\u00e9ro d&rsquo;outil \n            <\/h1>\n          \n                      <p class=\"hero__text\">Tool &amp;amp; Die manufacturers seek shorter cycle times and precision finish for productivity and profit. What better way to achieve this than with the latest die manufacturing software from the world\u2019s number one CAM system? Trust Mastercam to bring precision and efficiency to your finished parts with our high material removal rates in even the toughest materials used in the Tool &amp;amp; Die industry.  <\/p>\n          \n          \n          \n          \n                  <\/div>\n      <\/div>\n    <\/div>\n  <\/div>\n<\/div>\n\n<div class=\"wp-block-group is-style-light-gray-bg is-layout-constrained wp-block-group-is-layout-constrained\" style=\"padding-top:var(--wp--preset--spacing--6);padding-bottom:var(--wp--preset--spacing--6)\">\n<div class=\"wp-block-columns is-style-container is-layout-flex wp-container-core-columns-is-layout-28f84493 wp-block-columns-is-layout-flex\">\n<div class=\"wp-block-column is-layout-flow wp-block-column-is-layout-flow\">\n<p><strong>In Tool &amp; Die manufacturing, success depends on flexibility, speed, and superior finish. Mastercam provides CAD\/CAM die manufacturing software solutions to meet the rigorous demands of industry in this field, including: <\/strong><\/p>\n\n\n\n<ul id=\"block-a8f469fe-f22e-4f45-a2bc-e34307b1f311\" class=\"wp-block-list\">\n<li>Possibilit\u00e9 d&rsquo;importer, de cr\u00e9er ou de d\u00e9couper pratiquement n&rsquo;importe quel mod\u00e8le CAO.<\/li>\n\n\n\n<li>Large gamme d&rsquo;outils FAO pour r\u00e9soudre les probl\u00e8mes d&rsquo;usinage complexes.<\/li>\n\n\n\n<li>Dynamic Motion\u2122 ajuste les avances, les vitesses, les points d&rsquo;entr\u00e9e et la temporisation pour une coupe plus rapide avec moins d&rsquo;usure de l&rsquo;outil.<\/li>\n\n\n\n<li>Parcours d&rsquo;outils de haute pr\u00e9cision pour la d\u00e9coupe de pi\u00e8ces extr\u00eamement petites.<\/li>\n\n\n\n<li>D\u00e9coupe, limitation et per\u00e7age 5 axes rationalis\u00e9s.<\/li>\n\n\n\n<li>Accelerated Finishing\u2122 r\u00e9duit le temps de travail \u00e0 l&rsquo;\u00e9tabli.<\/li>\n\n\n\n<li>Des solutions tierces qui s&rsquo;int\u00e8grent \u00e0 Mastercam pour le suivi de l&rsquo;atelier et du processus.<\/li>\n<\/ul>\n<\/div>\n<\/div>\n<\/div>\n\n<div class=\"wp-block-columns is-style-medium is-layout-flex wp-container-core-columns-is-layout-b9053888 wp-block-columns-is-layout-flex\" style=\"padding-top:var(--wp--preset--spacing--5)\">\n<div class=\"wp-block-column is-layout-flow wp-block-column-is-layout-flow\">\n<h2 class=\"wp-block-heading has-text-align-left\">Solutions Mastercam pour la fabrication d&rsquo;outils et de matrices<\/h2>\n\n\n\n<p class=\"has-text-align-left\">Software that is ideal for Tool &amp; Die manufacturing is only one ingredient for success. Collectively, our global community of Mastercam users, experts, educators and enthusiasts form a valuable resource of knowledge and innovation. And our Mastercam Representatives bring years of practical experience in various industries and local markets, helping to ensure that you have everything you need today and are prepared for tomorrow.  <\/p>\n\n\n\n<p class=\"has-text-align-left\">We have developed the largest global network of CAM partners to give Tool &amp; Die manufacturers an array of options to make production challenges disappear. Our CAM solutions implement the latest technologies developed by tooling, software, and machine tool manufacturers worldwide. <\/p>\n\n\n\n<p>Our 5-axis capability and material removal strategies are the industry standard for Tool &amp; Die manufacturing. Attention to detail, along with superior, high-quality surface finish makes Mastercam the definitive tool for the production of everything from dies, molds, jigs, and fixtures to machine tools, cutting tools, hand tools, and gauges. <\/p>\n\n\n\n<p>In Tool &amp; Die manufacturing, speed is nothing without an accurate result, and we offer the tools to support the precision needs of your shop, from design to turning to multitasking, <a href=\"http:\/\/www.mastercam.com\/solutions\/products\/wire\/\">wire EDM<\/a>, and more. Check out the full array of <a href=\"http:\/\/www.mastercam.com\/solutions\/products\/\">Mastercam software products<\/a> to find the right solutions for your manufacturing challenges. If your shop does it, we can support it.<\/p>\n\n\n\n<div class=\"wp-block-buttons is-layout-flex wp-block-buttons-is-layout-flex\">\n<div class=\"wp-block-button is-style-secondary\"><a class=\"wp-block-button__link wp-element-button\" href=\"https:\/\/www.mastercam.com\/fr\/solutions\/produits\/\">Voir les produits<\/a><\/div>\n<\/div>\n<\/div>\n<\/div>\n\n<div class=\"wp-block-columns is-style-container is-layout-flex wp-container-core-columns-is-layout-28f84493 wp-block-columns-is-layout-flex\">\n<div class=\"wp-block-column is-layout-flow wp-block-column-is-layout-flow\">\n<h2 class=\"wp-block-heading\" style=\"padding-top:var(--wp--preset--spacing--6)\">Modules compl\u00e9mentaires<\/h2>\n\n\n<div class=\"aligncenter wp-block-acf-block-add-ons\">\n  <div class=\"row block-addons\">\n                                        <div class=\"block-addons__item col-xs-12 col-sm-6 col-md-4 col-lg-3\">\n              <a href=\"https:\/\/www.mastercam.com\/fr\/solutions\/add-ons\/multiaxis\/\" class=\"btn btn-outline-secondary w-100\">\n                Usinage Multiaxes\n              <\/a>\n            <\/div>\n                                                                <div class=\"block-addons__item col-xs-12 col-sm-6 col-md-4 col-lg-3\">\n              <a href=\"https:\/\/www.mastercam.com\/?post_type=addon&amp;p=6173\" class=\"btn btn-outline-secondary w-100\">\n                Productivity+\n              <\/a>\n            <\/div>\n                              <\/div>\n<\/div>\n<\/div>\n<\/div>\n<div style=\"padding-bottom:var(--wp--preset--spacing--6);\" class=\"container-fluid align wp-block-acf-block-media-object\">\n  <div class=\"row\">\n    <div class=\"col\">\n      <div class=\"d-flex flex-column flex-lg-row media-object media-object--shaded\">\n        <div class=\"flex-shrink-0 media-object__image order-1  order-lg-3 \">\n                                    \n              <a href=\"https:\/\/www.mastercam.com\/fr\/?page_id=34718\" tabindex=\"-1\">\n                <img decoding=\"async\" src=\"https:\/\/www.mastercam.com\/wp-content\/uploads\/2023\/01\/Rectangle-2.jpg\" alt=\"man wearing a headset typing on a desktop computer\" loading=\"lazy\">\n              <\/a>\n                              <\/div>\n        <div class=\"media-object__body flex-grow-1 d-lg-flex flex-column order-2 justify-content-lg-center\">\n                                <h2 class=\"media-object__header h3\">Contacter Mastercam<\/h2>\n                                <div class=\"media-object__content\">\n              <p>Contactez-nous pour d\u00e9couvrir les solutions logicielles de CAO\/FAO permettant d&rsquo;am\u00e9liorer la fabrication d&rsquo;outils et de matrices.<\/p>\n\n            <\/div>\n                                <div class=\"media-object__cta\">\n              <a href=\"https:\/\/www.mastercam.com\/fr\/?page_id=34718\" class=\"btn btn-outline-secondary\">Contacter Mastercam<\/a>\n            <\/div>\n                  <\/div>\n      <\/div>\n    <\/div>\n  <\/div>\n<\/div>\n\n<div class=\"wp-block-group is-style-light-gray-bg is-layout-constrained wp-block-group-is-layout-constrained\" style=\"margin-top:0;margin-bottom:0;padding-top:var(--wp--preset--spacing--6);padding-bottom:var(--wp--preset--spacing--6)\"><div class=\"container-fluid aligncenter wp-block-acf-block-case-studies\">\n  <div id=\"case-studies\" class=\"row\">\n    <div class=\"col-12 col-md-8\">\n      <h2>Success Stories<\/h2>\n          <\/div>\n    <div class=\"col-12 col-md-4 mt-5 mt-md-0 text-md-end\">\n      <a href=\"https:\/\/www.mastercam.com\/fr\/success-stories\/\" class=\"btn btn-outline-secondary btn-view-all\">View all<\/a>\n    <\/div>\n  <\/div>\n  <div class=\"cards mt-5\">\n          \n              <div class=\"col col-12 col-md-6 col-lg-6\">\n  <div class=\"card h-100 case-studies card--linked\">\n          <div class=\"skeleton-image card-img-top\" style=\"--skeleton-aspect-ratio: 375 \/ 236;\">\n        <img decoding=\"async\" src=\"https:\/\/www.mastercam.com\/wp-content\/uploads\/2023\/04\/Amada13.jpeg\" alt=\"AMADA TOOL AMERICA, INC.\" loading=\"lazy\" onload=\"this.classList.add('loaded')\" \/>\n      <\/div>\n    \n    <div class=\"card-body\">\n              <span class=\"card-category card-category--static\">Success Stories<\/span>\n      \n      <h3 class=\"card-title\">AMADA TOOL AMERICA, INC.<\/h3>\n\n              <p class=\"card-text\">AMADA TOOL AMERICA, INC. a d\u00e9verrouill\u00e9 le potentiel de son logiciel de FAO en am\u00e9liorant ses processus sous l&#039;impulsion de ses employ\u00e9s. Le r\u00e9sultat est que le temps total du cycle de production et de l&#039;\u00e9bavurage a \u00e9t\u00e9 r\u00e9duit de moiti\u00e9 et que le fabricant d&#039;outillage dispose d\u00e9sormais de la souplesse n\u00e9cessaire pour s&#039;adapter rapidement\u2026<\/p>\n      \n          <\/div>\n\n          \n      <div class=\"card-footer\">\n        <a class=\"btn btn-outline-secondary stretched-link\" href=\"https:\/\/www.mastercam.com\/fr\/success-stories\/amada-tool-america-inc\/\">\n          Read more<span class=\"sr-only\"> about AMADA TOOL AMERICA, INC.<\/span>\n        <\/a>\n      <\/div>\n      <\/div>\n\n  <\/div>\n                \n              <div class=\"col col-12 col-md-6 col-lg-6\">\n  <div class=\"card h-100 case-studies card--linked\">\n          <div class=\"skeleton-image card-img-top\" style=\"--skeleton-aspect-ratio: 375 \/ 236;\">\n        <img decoding=\"async\" src=\"https:\/\/www.mastercam.com\/wp-content\/uploads\/2023\/04\/HoistdrumMachine-1024x356.jpeg\" alt=\"3D-Machine, Inc.\" loading=\"lazy\" onload=\"this.classList.add('loaded')\" \/>\n      <\/div>\n    \n    <div class=\"card-body\">\n              <span class=\"card-category card-category--static\">Success Stories<\/span>\n      \n      <h3 class=\"card-title\">3D-Machine, Inc.<\/h3>\n\n              <p class=\"card-text\">Before using Mastercam Lathe Custom Thread toolpath, producing a hoist drum\u2014including machine set up, tooling, and machining\u2014took at least 40 hours. With the CAM toolpath, 3D-Machine, Inc. produced the part in just seven hours.<\/p>\n      \n          <\/div>\n\n          \n      <div class=\"card-footer\">\n        <a class=\"btn btn-outline-secondary stretched-link\" href=\"https:\/\/www.mastercam.com\/fr\/success-stories\/3d-machine-inc\/\">\n          Read more<span class=\"sr-only\"> about 3D-Machine, Inc.<\/span>\n        <\/a>\n      <\/div>\n      <\/div>\n\n  <\/div>\n            <\/div>\n<\/div>\n<\/div>\n","protected":false},"excerpt":{"rendered":"<p>In Tool &amp; Die manufacturing, success depends on flexibility, speed, and superior finish. Mastercam provides [&hellip;]<\/p>\n","protected":false},"author":1,"featured_media":0,"parent":34770,"menu_order":0,"comment_status":"closed","ping_status":"closed","template":"","meta":{"_acf_changed":false,"footnotes":""},"class_list":["post-34785","page","type-page","status-publish","hentry"],"acf":[],"yoast_head":"<!-- This site is optimized with the Yoast SEO plugin v27.4 - https:\/\/yoast.com\/product\/yoast-seo-wordpress\/ -->\n<title>Logiciel CAO\/FAO de fabrication d&#039;outils et de matrices | Mastercam<\/title>\n<meta name=\"description\" content=\"Nos solutions logicielles CAO\/FAO pour la fabrication d&#039;outils et de matrices permettent de fabriquer des gabarits, des montages, des matrices, des machines-outils et d&#039;autres outils. Cliquez pour en savoir plus.\" \/>\n<meta name=\"robots\" content=\"index, follow, max-snippet:-1, max-image-preview:large, max-video-preview:-1\" \/>\n<link rel=\"canonical\" href=\"https:\/\/www.mastercam.com\/fr\/solutions\/industrie\/numero-doutil\/\" \/>\n<meta property=\"og:locale\" content=\"fr_FR\" \/>\n<meta property=\"og:type\" content=\"article\" \/>\n<meta property=\"og:title\" content=\"Logiciel CAO\/FAO de fabrication d&#039;outils et de matrices | Mastercam\" \/>\n<meta property=\"og:description\" content=\"Nos solutions logicielles CAO\/FAO pour la fabrication d&#039;outils et de matrices permettent de fabriquer des gabarits, des montages, des matrices, des machines-outils et d&#039;autres outils. Cliquez pour en savoir plus.\" \/>\n<meta property=\"og:url\" content=\"https:\/\/www.mastercam.com\/fr\/solutions\/industrie\/numero-doutil\/\" \/>\n<meta property=\"og:site_name\" content=\"mastercam.com\" \/>\n<meta property=\"article:publisher\" content=\"https:\/\/www.facebook.com\/Mastercam\/\" \/>\n<meta property=\"article:modified_time\" content=\"2026-02-05T18:03:42+00:00\" \/>\n<meta property=\"og:image\" content=\"https:\/\/www.mastercam.com\/wp-content\/uploads\/2024\/02\/drill-wide-photo-1200x675-1.jpg\" \/>\n\t<meta property=\"og:image:width\" content=\"1200\" \/>\n\t<meta property=\"og:image:height\" content=\"675\" \/>\n\t<meta property=\"og:image:type\" content=\"image\/jpeg\" \/>\n<meta name=\"twitter:card\" content=\"summary_large_image\" \/>\n<meta name=\"twitter:site\" content=\"@mastercam\" \/>\n<meta name=\"twitter:label1\" content=\"Est. reading time\" \/>\n\t<meta name=\"twitter:data1\" content=\"2 minutes\" \/>\n<script type=\"application\/ld+json\" class=\"yoast-schema-graph\">{\"@context\":\"https:\\\/\\\/schema.org\",\"@graph\":[{\"@type\":\"WebPage\",\"@id\":\"https:\\\/\\\/www.mastercam.com\\\/fr\\\/solutions\\\/industrie\\\/numero-doutil\\\/\",\"url\":\"https:\\\/\\\/www.mastercam.com\\\/fr\\\/solutions\\\/industrie\\\/numero-doutil\\\/\",\"name\":\"Logiciel CAO\\\/FAO de fabrication d'outils et de matrices | Mastercam\",\"isPartOf\":{\"@id\":\"https:\\\/\\\/www.mastercam.com\\\/fr\\\/#website\"},\"datePublished\":\"2023-01-31T23:25:11+00:00\",\"dateModified\":\"2026-02-05T18:03:42+00:00\",\"description\":\"Nos solutions logicielles CAO\\\/FAO pour la fabrication d'outils et de matrices permettent de fabriquer des gabarits, des montages, des matrices, des machines-outils et d'autres outils. Cliquez pour en savoir plus.\",\"breadcrumb\":{\"@id\":\"https:\\\/\\\/www.mastercam.com\\\/fr\\\/solutions\\\/industrie\\\/numero-doutil\\\/#breadcrumb\"},\"inLanguage\":\"fr-FR\",\"potentialAction\":[{\"@type\":\"ReadAction\",\"target\":[\"https:\\\/\\\/www.mastercam.com\\\/fr\\\/solutions\\\/industrie\\\/numero-doutil\\\/\"]}]},{\"@type\":\"BreadcrumbList\",\"@id\":\"https:\\\/\\\/www.mastercam.com\\\/fr\\\/solutions\\\/industrie\\\/numero-doutil\\\/#breadcrumb\",\"itemListElement\":[{\"@type\":\"ListItem\",\"position\":1,\"name\":\"Home\",\"item\":\"https:\\\/\\\/www.mastercam.com\\\/fr\\\/\"},{\"@type\":\"ListItem\",\"position\":2,\"name\":\"Solutions\",\"item\":\"https:\\\/\\\/www.mastercam.com\\\/fr\\\/solutions\\\/\"},{\"@type\":\"ListItem\",\"position\":3,\"name\":\"Industrie\",\"item\":\"https:\\\/\\\/www.mastercam.com\\\/fr\\\/solutions\\\/industrie\\\/\"},{\"@type\":\"ListItem\",\"position\":4,\"name\":\"Num\u00e9ro d&rsquo;outil\"}]},{\"@type\":\"WebSite\",\"@id\":\"https:\\\/\\\/www.mastercam.com\\\/fr\\\/#website\",\"url\":\"https:\\\/\\\/www.mastercam.com\\\/fr\\\/\",\"name\":\"Mastercam\",\"description\":\"Creating software and services that solve the world&#039;s manufacturing challenges\",\"publisher\":{\"@id\":\"https:\\\/\\\/www.mastercam.com\\\/fr\\\/#organization\"},\"potentialAction\":[{\"@type\":\"SearchAction\",\"target\":{\"@type\":\"EntryPoint\",\"urlTemplate\":\"https:\\\/\\\/www.mastercam.com\\\/fr\\\/?s={search_term_string}\"},\"query-input\":{\"@type\":\"PropertyValueSpecification\",\"valueRequired\":true,\"valueName\":\"search_term_string\"}}],\"inLanguage\":\"fr-FR\"},{\"@type\":\"Organization\",\"@id\":\"https:\\\/\\\/www.mastercam.com\\\/fr\\\/#organization\",\"name\":\"Mastercam\",\"url\":\"https:\\\/\\\/www.mastercam.com\\\/fr\\\/\",\"logo\":{\"@type\":\"ImageObject\",\"inLanguage\":\"fr-FR\",\"@id\":\"https:\\\/\\\/www.mastercam.com\\\/fr\\\/#\\\/schema\\\/logo\\\/image\\\/\",\"url\":\"https:\\\/\\\/www.mastercam.com\\\/wp-content\\\/uploads\\\/2023\\\/02\\\/MC_logo.svg\",\"contentUrl\":\"https:\\\/\\\/www.mastercam.com\\\/wp-content\\\/uploads\\\/2023\\\/02\\\/MC_logo.svg\",\"width\":230,\"height\":40,\"caption\":\"Mastercam\"},\"image\":{\"@id\":\"https:\\\/\\\/www.mastercam.com\\\/fr\\\/#\\\/schema\\\/logo\\\/image\\\/\"},\"sameAs\":[\"https:\\\/\\\/www.facebook.com\\\/Mastercam\\\/\",\"https:\\\/\\\/x.com\\\/mastercam\",\"https:\\\/\\\/www.linkedin.com\\\/company\\\/mastercam\",\"https:\\\/\\\/www.youtube.com\\\/channel\\\/UChJt5ruSkqnmFH44WsXVZLw\",\"https:\\\/\\\/www.instagram.com\\\/mastercam\\\/\"]}]}<\/script>\n<!-- \/ Yoast SEO plugin. -->","yoast_head_json":{"title":"Logiciel CAO\/FAO de fabrication d'outils et de matrices | Mastercam","description":"Nos solutions logicielles CAO\/FAO pour la fabrication d'outils et de matrices permettent de fabriquer des gabarits, des montages, des matrices, des machines-outils et d'autres outils. Cliquez pour en savoir plus.","robots":{"index":"index","follow":"follow","max-snippet":"max-snippet:-1","max-image-preview":"max-image-preview:large","max-video-preview":"max-video-preview:-1"},"canonical":"https:\/\/www.mastercam.com\/fr\/solutions\/industrie\/numero-doutil\/","og_locale":"fr_FR","og_type":"article","og_title":"Logiciel CAO\/FAO de fabrication d'outils et de matrices | Mastercam","og_description":"Nos solutions logicielles CAO\/FAO pour la fabrication d'outils et de matrices permettent de fabriquer des gabarits, des montages, des matrices, des machines-outils et d'autres outils. Cliquez pour en savoir plus.","og_url":"https:\/\/www.mastercam.com\/fr\/solutions\/industrie\/numero-doutil\/","og_site_name":"mastercam.com","article_publisher":"https:\/\/www.facebook.com\/Mastercam\/","article_modified_time":"2026-02-05T18:03:42+00:00","og_image":[{"width":1200,"height":675,"url":"https:\/\/www.mastercam.com\/wp-content\/uploads\/2024\/02\/drill-wide-photo-1200x675-1.jpg","type":"image\/jpeg"}],"twitter_card":"summary_large_image","twitter_site":"@mastercam","twitter_misc":{"Est. reading time":"2 minutes"},"schema":{"@context":"https:\/\/schema.org","@graph":[{"@type":"WebPage","@id":"https:\/\/www.mastercam.com\/fr\/solutions\/industrie\/numero-doutil\/","url":"https:\/\/www.mastercam.com\/fr\/solutions\/industrie\/numero-doutil\/","name":"Logiciel CAO\/FAO de fabrication d'outils et de matrices | Mastercam","isPartOf":{"@id":"https:\/\/www.mastercam.com\/fr\/#website"},"datePublished":"2023-01-31T23:25:11+00:00","dateModified":"2026-02-05T18:03:42+00:00","description":"Nos solutions logicielles CAO\/FAO pour la fabrication d'outils et de matrices permettent de fabriquer des gabarits, des montages, des matrices, des machines-outils et d'autres outils. Cliquez pour en savoir plus.","breadcrumb":{"@id":"https:\/\/www.mastercam.com\/fr\/solutions\/industrie\/numero-doutil\/#breadcrumb"},"inLanguage":"fr-FR","potentialAction":[{"@type":"ReadAction","target":["https:\/\/www.mastercam.com\/fr\/solutions\/industrie\/numero-doutil\/"]}]},{"@type":"BreadcrumbList","@id":"https:\/\/www.mastercam.com\/fr\/solutions\/industrie\/numero-doutil\/#breadcrumb","itemListElement":[{"@type":"ListItem","position":1,"name":"Home","item":"https:\/\/www.mastercam.com\/fr\/"},{"@type":"ListItem","position":2,"name":"Solutions","item":"https:\/\/www.mastercam.com\/fr\/solutions\/"},{"@type":"ListItem","position":3,"name":"Industrie","item":"https:\/\/www.mastercam.com\/fr\/solutions\/industrie\/"},{"@type":"ListItem","position":4,"name":"Num\u00e9ro d&rsquo;outil"}]},{"@type":"WebSite","@id":"https:\/\/www.mastercam.com\/fr\/#website","url":"https:\/\/www.mastercam.com\/fr\/","name":"Mastercam","description":"Creating software and services that solve the world&#039;s manufacturing challenges","publisher":{"@id":"https:\/\/www.mastercam.com\/fr\/#organization"},"potentialAction":[{"@type":"SearchAction","target":{"@type":"EntryPoint","urlTemplate":"https:\/\/www.mastercam.com\/fr\/?s={search_term_string}"},"query-input":{"@type":"PropertyValueSpecification","valueRequired":true,"valueName":"search_term_string"}}],"inLanguage":"fr-FR"},{"@type":"Organization","@id":"https:\/\/www.mastercam.com\/fr\/#organization","name":"Mastercam","url":"https:\/\/www.mastercam.com\/fr\/","logo":{"@type":"ImageObject","inLanguage":"fr-FR","@id":"https:\/\/www.mastercam.com\/fr\/#\/schema\/logo\/image\/","url":"https:\/\/www.mastercam.com\/wp-content\/uploads\/2023\/02\/MC_logo.svg","contentUrl":"https:\/\/www.mastercam.com\/wp-content\/uploads\/2023\/02\/MC_logo.svg","width":230,"height":40,"caption":"Mastercam"},"image":{"@id":"https:\/\/www.mastercam.com\/fr\/#\/schema\/logo\/image\/"},"sameAs":["https:\/\/www.facebook.com\/Mastercam\/","https:\/\/x.com\/mastercam","https:\/\/www.linkedin.com\/company\/mastercam","https:\/\/www.youtube.com\/channel\/UChJt5ruSkqnmFH44WsXVZLw","https:\/\/www.instagram.com\/mastercam\/"]}]}},"_links":{"self":[{"href":"https:\/\/www.mastercam.com\/fr\/wp-json\/wp\/v2\/pages\/34785","targetHints":{"allow":["GET"]}}],"collection":[{"href":"https:\/\/www.mastercam.com\/fr\/wp-json\/wp\/v2\/pages"}],"about":[{"href":"https:\/\/www.mastercam.com\/fr\/wp-json\/wp\/v2\/types\/page"}],"author":[{"embeddable":true,"href":"https:\/\/www.mastercam.com\/fr\/wp-json\/wp\/v2\/users\/1"}],"replies":[{"embeddable":true,"href":"https:\/\/www.mastercam.com\/fr\/wp-json\/wp\/v2\/comments?post=34785"}],"version-history":[{"count":0,"href":"https:\/\/www.mastercam.com\/fr\/wp-json\/wp\/v2\/pages\/34785\/revisions"}],"up":[{"embeddable":true,"href":"https:\/\/www.mastercam.com\/fr\/wp-json\/wp\/v2\/pages\/34770"}],"wp:attachment":[{"href":"https:\/\/www.mastercam.com\/fr\/wp-json\/wp\/v2\/media?parent=34785"}],"curies":[{"name":"wp","href":"https:\/\/api.w.org\/{rel}","templated":true}]}}