{"id":34784,"date":"2023-01-31T18:24:52","date_gmt":"2023-01-31T23:24:52","guid":{"rendered":"https:\/\/www.mastercam.com\/industrie\/medical\/"},"modified":"2026-02-05T13:02:07","modified_gmt":"2026-02-05T18:02:07","slug":"medical","status":"publish","type":"page","link":"https:\/\/www.mastercam.com\/fr\/solutions\/industrie\/medical\/","title":{"rendered":"M\u00e9dical"},"content":{"rendered":"<div class=\"hero__breadcrumbs\">\n    <div class=\"container-fluid\">\n      <div class=\"row\">\n        <div class=\"col\">\n          <nav aria-label=\"breadcrumbs\"><ol class=\"breadcrumb\"><li><a href=\"https:\/\/www.mastercam.com\/fr\/\">Home<\/a><\/li><\/ol><\/nav>\n        <\/div>\n      <\/div>\n    <\/div>\n  <\/div>\n\n<div class=\"hero hero--minimal wp-block-acf-block-hero\">\n  <div class=\"container-fluid\">\n    <div class=\"row align-items-center\">\n      \n      \n      \n      <div class=\"col-12 col-lg-7 order-2 order-lg-2 hero__content-column\">\n        <div class=\"hero__content\">\n                      <h1 class=\"hero__heading\">\n              \n              M\u00e9dical\n            <\/h1>\n          \n                      <p class=\"hero__text\">Solutions Mastercam pour la fabrication m\u00e9dicale<\/p>\n          \n          \n          \n          \n                  <\/div>\n      <\/div>\n    <\/div>\n  <\/div>\n<\/div>\n\n<div class=\"wp-block-group is-style-light-gray-bg is-layout-constrained wp-block-group-is-layout-constrained\" style=\"padding-top:var(--wp--preset--spacing--6);padding-bottom:var(--wp--preset--spacing--6)\">\n<div class=\"wp-block-columns is-style-container is-layout-flex wp-container-core-columns-is-layout-28f84493 wp-block-columns-is-layout-flex\">\n<div class=\"wp-block-column is-layout-flow wp-block-column-is-layout-flow\" style=\"flex-basis:50%\">\n<p>Les fabricants de l&rsquo;industrie m\u00e9dicale exigent une qualit\u00e9 et une pr\u00e9cision du plus haut niveau.<\/p>\n\n\n\n<p>Quel meilleur moyen d&rsquo;y parvenir qu&rsquo;avec le dernier logiciel de fabrication m\u00e9dicale du num\u00e9ro un mondial des syst\u00e8mes de FAO ? La fabrication d&rsquo;\u00e9quipements m\u00e9dicaux est l&rsquo;une des disciplines les plus exigeantes. Des soci\u00e9t\u00e9s de recherche et d\u00e9veloppement et de prototypage aux fournisseurs et sous-traitants m\u00e9dicaux, les fabricants font confiance \u00e0 Mastercam pour apporter pr\u00e9cision et r\u00e9p\u00e9tabilit\u00e9 aux pi\u00e8ces finies, avec des processus d&rsquo;enl\u00e8vement de mati\u00e8re in\u00e9gal\u00e9s, m\u00eame sur les pi\u00e8ces m\u00e9dicales les plus d\u00e9licates ou complexes.Les fabricants de l&rsquo;Industrie lourde visent \u00e0 maximiser la capacit\u00e9 de production sans sacrifier la qualit\u00e9. Quelle meilleure fa\u00e7on d&rsquo;y parvenir qu&rsquo;avec le dernier logiciel du syst\u00e8me de FAO num\u00e9ro un dans le monde ? Faites confiance \u00e0 Mastercam pour apporter pr\u00e9cision et efficacit\u00e9 \u00e0 vos pi\u00e8ces finies avec des processus d&rsquo;enl\u00e8vement de m\u00e9tal in\u00e9gal\u00e9s, m\u00eame pour les mat\u00e9riaux les plus durs de l&rsquo;Industrie lourde.    <\/p>\n<\/div>\n\n\n\n<div class=\"wp-block-column is-layout-flow wp-block-column-is-layout-flow\" style=\"flex-basis:50%\">\n<p>Dans le domaine de la fabrication m\u00e9dicale, la vitesse n&rsquo;est rien sans la pr\u00e9cision et la fiabilit\u00e9. Mastercam propose des solutions logicielles de CAO\/FAO pour r\u00e9pondre aux exigences rigoureuses de l&rsquo;industrie dans ce domaine, notamment : <\/p>\n\n\n\n<ul class=\"wp-block-list\">\n<li>Possibilit\u00e9 d&rsquo;importer, de cr\u00e9er ou de d\u00e9couper pratiquement n&rsquo;importe quel mod\u00e8le CAO.<\/li>\n\n\n\n<li>Large gamme d&rsquo;outils FAO pour r\u00e9soudre les probl\u00e8mes d&rsquo;usinage complexes.<\/li>\n\n\n\n<li>Dynamic Motion\u2122 ajuste les avances, les vitesses, les points d&rsquo;entr\u00e9e et la temporisation pour une coupe plus rapide avec moins d&rsquo;usure de l&rsquo;outil.<\/li>\n\n\n\n<li>Parcours d&rsquo;outils de haute pr\u00e9cision pour la d\u00e9coupe de pi\u00e8ces extr\u00eamement petites.<\/li>\n\n\n\n<li>D\u00e9coupe, limitation et per\u00e7age 5 axes rationalis\u00e9s.<\/li>\n\n\n\n<li>La limitation est un outil rapide pour \u00e9liminer les bavures sur les pi\u00e8ces m\u00e9dicales critiques.<\/li>\n\n\n\n<li>La simulation permet de v\u00e9rifier que l&rsquo;enl\u00e8vement de mati\u00e8re est conforme aux sp\u00e9cifications et de d\u00e9tecter les interf\u00e9rences.<\/li>\n\n\n\n<li>STL Compare v\u00e9rifie la pr\u00e9cision et la qualit\u00e9 d&rsquo;un programme d&rsquo;usinage par rapport au mod\u00e8le CAO.<\/li>\n<\/ul>\n<\/div>\n<\/div>\n<\/div>\n\n<div class=\"wp-block-columns is-style-medium is-layout-flex wp-container-core-columns-is-layout-b9053888 wp-block-columns-is-layout-flex\" style=\"padding-top:var(--wp--preset--spacing--5)\">\n<div class=\"wp-block-column is-layout-flow wp-block-column-is-layout-flow\">\n<h2 class=\"wp-block-heading\">Solutions Mastercam pour la fabrication m\u00e9dicale<\/h2>\n\n\n\n<p>Le logiciel id\u00e9al pour la fabrication de composants m\u00e9dicaux n&rsquo;est qu&rsquo;un ingr\u00e9dient du succ\u00e8s. Collectivement, notre communaut\u00e9 mondiale d&rsquo;utilisateurs, d&rsquo;experts, d&rsquo;\u00e9ducateurs et de passionn\u00e9s de Mastercam forme une ressource pr\u00e9cieuse de connaissances et d&rsquo;innovation. Et nos repr\u00e9sentants Mastercam apportent des ann\u00e9es d&rsquo;exp\u00e9rience pratique dans diverses industries et march\u00e9s locaux, contribuant \u00e0 garantir que vous avez tout ce dont vous avez besoin aujourd&rsquo;hui et que vous \u00eates pr\u00eat pour demain.  <\/p>\n\n\n\n<p>Nous avons d\u00e9velopp\u00e9 le plus grand r\u00e9seau mondial de partenaires FAO afin d&rsquo;offrir \u00e0 nos utilisateurs dans le domaine de la fabrication m\u00e9dicale un \u00e9ventail d&rsquo;options pour faire dispara\u00eetre les d\u00e9fis de la production. Nos solutions tirent parti des derni\u00e8res technologies d\u00e9velopp\u00e9es par les fabricants d&rsquo;outils, de logiciels et de machines-outils du monde entier. <\/p>\n\n\n\n<p>Mastercam est la r\u00e9f\u00e9rence en mati\u00e8re de programmation CNC avec des options flexibles pour la fabrication m\u00e9dicale. L&rsquo;attention port\u00e9e aux d\u00e9tails, ainsi qu&rsquo;une finition de surface sup\u00e9rieure et de haute qualit\u00e9 font de Mastercam l&rsquo;outil d\u00e9finitif pour la production de pi\u00e8ces de pr\u00e9cision \u00e0 usage m\u00e9dical. <\/p>\n\n\n\n<p>In the production of medical devices and components, speed and reliability are paramount, and we offer the tools to support the precision needs of your shop, from design to turning to multitasking, <a href=\"http:\/\/www.mastercam.com\/solutions\/products\/wire\/\">wire EDM<\/a>, and more. Check out the full array of <a href=\"http:\/\/www.mastercam.com\/solutions\/products\/\">Mastercam products<\/a> to find the right solutions for your manufacturing challenges. If your shop does it, we can support it.<\/p>\n\n\n\n<div class=\"wp-block-buttons is-layout-flex wp-block-buttons-is-layout-flex\">\n<div class=\"wp-block-button is-style-secondary\"><a class=\"wp-block-button__link wp-element-button\" href=\"http:\/\/www.mastercam.com\/solutions\/products\/\">VOIR LES PRODUITS<\/a><\/div>\n<\/div>\n<\/div>\n<\/div>\n\n<div class=\"wp-block-columns is-style-container is-layout-flex wp-container-core-columns-is-layout-28f84493 wp-block-columns-is-layout-flex\">\n<div class=\"wp-block-column is-layout-flow wp-block-column-is-layout-flow\">\n<h2 class=\"wp-block-heading\" style=\"padding-top:var(--wp--preset--spacing--6)\">Modules compl\u00e9mentaires<\/h2>\n\n\n<div class=\"aligncenter wp-block-acf-block-add-ons\">\n  <div class=\"row block-addons\">\n                                        <div class=\"block-addons__item col-xs-12 col-sm-6 col-md-4 col-lg-3\">\n              <a href=\"https:\/\/www.mastercam.com\/fr\/solutions\/add-ons\/multiaxis\/\" class=\"btn btn-outline-secondary w-100\">\n                Usinage Multiaxes\n              <\/a>\n            <\/div>\n                                                                <div class=\"block-addons__item col-xs-12 col-sm-6 col-md-4 col-lg-3\">\n              <a href=\"https:\/\/www.mastercam.com\/fr\/solutions\/add-ons\/aube-expert\/\" class=\"btn btn-outline-secondary w-100\">\n                Blade Expert\n              <\/a>\n            <\/div>\n                              <\/div>\n<\/div>\n<\/div>\n<\/div>\n<div style=\"padding-bottom:var(--wp--preset--spacing--6);\" class=\"container-fluid align wp-block-acf-block-media-object\">\n  <div class=\"row\">\n    <div class=\"col\">\n      <div class=\"d-flex flex-column flex-lg-row media-object media-object--shaded\">\n        <div class=\"flex-shrink-0 media-object__image order-1  order-lg-3 \">\n                                    \n              <a href=\"https:\/\/www.mastercam.com\/fr\/?page_id=34718\" tabindex=\"-1\">\n                <img decoding=\"async\" src=\"https:\/\/www.mastercam.com\/wp-content\/uploads\/2023\/01\/Rectangle-2.jpg\" alt=\"man wearing a headset typing on a desktop computer\" loading=\"lazy\">\n              <\/a>\n                              <\/div>\n        <div class=\"media-object__body flex-grow-1 d-lg-flex flex-column order-2 justify-content-lg-center\">\n                                <h2 class=\"media-object__header h3\">Contacter Mastercam<\/h2>\n                                <div class=\"media-object__content\">\n              <p>Contactez-nous pour d\u00e9couvrir les solutions logicielles de fabrication m\u00e9dicale CAO\/FAO.<\/p>\n\n            <\/div>\n                                <div class=\"media-object__cta\">\n              <a href=\"https:\/\/www.mastercam.com\/fr\/?page_id=34718\" class=\"btn btn-outline-secondary\">Contacter Mastercam<\/a>\n            <\/div>\n                  <\/div>\n      <\/div>\n    <\/div>\n  <\/div>\n<\/div>\n\n<div class=\"wp-block-group is-style-light-gray-bg is-layout-constrained wp-block-group-is-layout-constrained\" style=\"margin-top:0;margin-bottom:0;padding-top:var(--wp--preset--spacing--6);padding-bottom:var(--wp--preset--spacing--6)\"><div class=\"container-fluid aligncenter wp-block-acf-block-case-studies\">\n  <div id=\"case-studies\" class=\"row\">\n    <div class=\"col-12 col-md-8\">\n      <h2>Success Stories<\/h2>\n          <\/div>\n    <div class=\"col-12 col-md-4 mt-5 mt-md-0 text-md-end\">\n      <a href=\"https:\/\/www.mastercam.com\/fr\/success-stories\/\" class=\"btn btn-outline-secondary btn-view-all\">View all<\/a>\n    <\/div>\n  <\/div>\n  <div class=\"cards mt-5\">\n          \n              <div class=\"col col-12 col-md-6 col-lg-6\">\n  <div class=\"card h-100 case-studies card--linked\">\n          \n      <a href=\"https:\/\/www.mastercam.com\/fr\/success-stories\/diversified-metals-services-inc\/\" aria-hidden=\"true\" tabindex=\"-1\">\n        <div class=\"skeleton-image card-img-top\" style=\"--skeleton-aspect-ratio: 375 \/ 236;\">\n          <img decoding=\"async\" src=\"https:\/\/www.mastercam.com\/wp-content\/uploads\/2023\/04\/DiversifiedMetalsShopCrew-1024x356.jpeg\" alt=\"\" loading=\"lazy\" onload=\"this.classList.add('loaded')\" \/>\n        <\/div>\n      <\/a>\n    \n    <div class=\"card-body\">\n              <span class=\"card-category card-category--static\">Success Stories<\/span>\n      \n      <h3 class=\"card-title\">Diversified Metals Services, Inc.<\/h3>\n\n              <p class=\"card-text\">En combinant la flexibilit\u00e9 offerte par l&#039;ajout d&#039;un sixi\u00e8me et d&#039;un septi\u00e8me axe \u00e0 une d\u00e9fonceuse, Diversified Metals Services, Inc. (DMSI) \u00e0 Salt Lake City, dans l&#039;Utah, a pu \u00e9tendre ses capacit\u00e9s de d\u00e9coupe au jet d&#039;eau et \u00e0 la d\u00e9fonceuse pour s&#039;adapter \u00e0 une large gamme de tailles et de mat\u00e9riaux, en coupant plus\u2026<\/p>\n      \n          <\/div>\n\n          \n      <div class=\"card-footer\">\n        <a class=\"btn btn-outline-secondary\" href=\"https:\/\/www.mastercam.com\/fr\/success-stories\/diversified-metals-services-inc\/\">\n          Read more<span class=\"sr-only\"> about Diversified Metals Services, Inc.<\/span>\n        <\/a>\n      <\/div>\n      <\/div>\n\n  <\/div>\n                \n              <div class=\"col col-12 col-md-6 col-lg-6\">\n  <div class=\"card h-100 case-studies card--linked\">\n          \n      <a href=\"https:\/\/www.mastercam.com\/fr\/success-stories\/grayco-machine-ltd\/\" aria-hidden=\"true\" tabindex=\"-1\">\n        <div class=\"skeleton-image card-img-top\" style=\"--skeleton-aspect-ratio: 375 \/ 236;\">\n          <img decoding=\"async\" src=\"https:\/\/www.mastercam.com\/wp-content\/uploads\/2023\/04\/GraycoMachine-1-1024x356.jpeg\" alt=\"\" loading=\"lazy\" onload=\"this.classList.add('loaded')\" \/>\n        <\/div>\n      <\/a>\n    \n    <div class=\"card-body\">\n              <span class=\"card-category card-category--static\">Success Stories<\/span>\n      \n      <h3 class=\"card-title\">Grayco Machine Ltd.<\/h3>\n\n              <p class=\"card-text\">Established in 1997, Grayco Machine Ltd., in Leduc, Alberta, Canada, manufactures parts for the agricultural and oil industries. Using Mastercam as a robust CAD\/CAM platform for manufacturing efforts, the company specializes in producing pinions and gears for pump jacks as well as wireline winches for oil drilling rigs.<\/p>\n      \n          <\/div>\n\n          \n      <div class=\"card-footer\">\n        <a class=\"btn btn-outline-secondary\" href=\"https:\/\/www.mastercam.com\/fr\/success-stories\/grayco-machine-ltd\/\">\n          Read more<span class=\"sr-only\"> about Grayco Machine Ltd.<\/span>\n        <\/a>\n      <\/div>\n      <\/div>\n\n  <\/div>\n            <\/div>\n<\/div>\n<\/div>\n","protected":false},"excerpt":{"rendered":"<p>Les fabricants de l&rsquo;industrie m\u00e9dicale exigent une qualit\u00e9 et une pr\u00e9cision du plus haut niveau. [&hellip;]<\/p>\n","protected":false},"author":1,"featured_media":0,"parent":34770,"menu_order":0,"comment_status":"closed","ping_status":"closed","template":"","meta":{"_acf_changed":false,"footnotes":""},"class_list":["post-34784","page","type-page","status-publish","hentry"],"acf":[],"yoast_head":"<!-- This site is optimized with the Yoast SEO plugin v26.8 - https:\/\/yoast.com\/product\/yoast-seo-wordpress\/ -->\n<title>Logiciel CAO\/FAO pour la fabrication de produits m\u00e9dicaux | Mastercam<\/title>\n<meta name=\"description\" content=\"Notre logiciel de CAO\/FAO pour les \u00e9quipements m\u00e9dicaux aide les entreprises \u00e0 concevoir et \u00e0 fabriquer des produits fiables et de haute qualit\u00e9 pour l&#039;industrie des soins de sant\u00e9. Apprenez-en plus d\u00e8s aujourd&#039;hui.\" \/>\n<meta name=\"robots\" content=\"index, follow, max-snippet:-1, max-image-preview:large, max-video-preview:-1\" \/>\n<link rel=\"canonical\" href=\"https:\/\/www.mastercam.com\/fr\/solutions\/industrie\/medical\/\" \/>\n<meta property=\"og:locale\" content=\"fr_FR\" \/>\n<meta property=\"og:type\" content=\"article\" \/>\n<meta property=\"og:title\" content=\"Logiciel CAO\/FAO pour la fabrication de produits m\u00e9dicaux | Mastercam\" \/>\n<meta property=\"og:description\" content=\"Notre logiciel de CAO\/FAO pour les \u00e9quipements m\u00e9dicaux aide les entreprises \u00e0 concevoir et \u00e0 fabriquer des produits fiables et de haute qualit\u00e9 pour l&#039;industrie des soins de sant\u00e9. Apprenez-en plus d\u00e8s aujourd&#039;hui.\" \/>\n<meta property=\"og:url\" content=\"https:\/\/www.mastercam.com\/fr\/solutions\/industrie\/medical\/\" \/>\n<meta property=\"og:site_name\" content=\"mastercam.com\" \/>\n<meta property=\"article:publisher\" content=\"https:\/\/www.facebook.com\/Mastercam\/\" \/>\n<meta property=\"article:modified_time\" content=\"2026-02-05T18:02:07+00:00\" \/>\n<meta property=\"og:image\" content=\"https:\/\/www.mastercam.com\/wp-content\/uploads\/2024\/02\/drill-wide-photo-1200x675-1.jpg\" \/>\n\t<meta property=\"og:image:width\" content=\"1200\" \/>\n\t<meta property=\"og:image:height\" content=\"675\" \/>\n\t<meta property=\"og:image:type\" content=\"image\/jpeg\" \/>\n<meta name=\"twitter:card\" content=\"summary_large_image\" \/>\n<meta name=\"twitter:site\" content=\"@mastercam\" \/>\n<meta name=\"twitter:label1\" content=\"Est. reading time\" \/>\n\t<meta name=\"twitter:data1\" content=\"3 minutes\" \/>\n<script type=\"application\/ld+json\" class=\"yoast-schema-graph\">{\"@context\":\"https:\/\/schema.org\",\"@graph\":[{\"@type\":\"WebPage\",\"@id\":\"https:\/\/www.mastercam.com\/fr\/solutions\/industrie\/medical\/\",\"url\":\"https:\/\/www.mastercam.com\/fr\/solutions\/industrie\/medical\/\",\"name\":\"Logiciel CAO\/FAO pour la fabrication de produits m\u00e9dicaux | Mastercam\",\"isPartOf\":{\"@id\":\"https:\/\/www.mastercam.com\/fr\/#website\"},\"datePublished\":\"2023-01-31T23:24:52+00:00\",\"dateModified\":\"2026-02-05T18:02:07+00:00\",\"description\":\"Notre logiciel de CAO\/FAO pour les \u00e9quipements m\u00e9dicaux aide les entreprises \u00e0 concevoir et \u00e0 fabriquer des produits fiables et de haute qualit\u00e9 pour l'industrie des soins de sant\u00e9. Apprenez-en plus d\u00e8s aujourd'hui.\",\"breadcrumb\":{\"@id\":\"https:\/\/www.mastercam.com\/fr\/solutions\/industrie\/medical\/#breadcrumb\"},\"inLanguage\":\"fr-FR\",\"potentialAction\":[{\"@type\":\"ReadAction\",\"target\":[\"https:\/\/www.mastercam.com\/fr\/solutions\/industrie\/medical\/\"]}]},{\"@type\":\"BreadcrumbList\",\"@id\":\"https:\/\/www.mastercam.com\/fr\/solutions\/industrie\/medical\/#breadcrumb\",\"itemListElement\":[{\"@type\":\"ListItem\",\"position\":1,\"name\":\"Home\",\"item\":\"https:\/\/www.mastercam.com\/fr\/\"},{\"@type\":\"ListItem\",\"position\":2,\"name\":\"Solutions\",\"item\":\"https:\/\/www.mastercam.com\/fr\/solutions\/\"},{\"@type\":\"ListItem\",\"position\":3,\"name\":\"Industrie\",\"item\":\"https:\/\/www.mastercam.com\/fr\/solutions\/industrie\/\"},{\"@type\":\"ListItem\",\"position\":4,\"name\":\"M\u00e9dical\"}]},{\"@type\":\"WebSite\",\"@id\":\"https:\/\/www.mastercam.com\/fr\/#website\",\"url\":\"https:\/\/www.mastercam.com\/fr\/\",\"name\":\"Mastercam\",\"description\":\"Creating software and services that solve the world&#039;s manufacturing challenges\",\"publisher\":{\"@id\":\"https:\/\/www.mastercam.com\/fr\/#organization\"},\"potentialAction\":[{\"@type\":\"SearchAction\",\"target\":{\"@type\":\"EntryPoint\",\"urlTemplate\":\"https:\/\/www.mastercam.com\/fr\/?s={search_term_string}\"},\"query-input\":{\"@type\":\"PropertyValueSpecification\",\"valueRequired\":true,\"valueName\":\"search_term_string\"}}],\"inLanguage\":\"fr-FR\"},{\"@type\":\"Organization\",\"@id\":\"https:\/\/www.mastercam.com\/fr\/#organization\",\"name\":\"Mastercam\",\"url\":\"https:\/\/www.mastercam.com\/fr\/\",\"logo\":{\"@type\":\"ImageObject\",\"inLanguage\":\"fr-FR\",\"@id\":\"https:\/\/www.mastercam.com\/fr\/#\/schema\/logo\/image\/\",\"url\":\"https:\/\/www.mastercam.com\/wp-content\/uploads\/2023\/02\/MC_logo.svg\",\"contentUrl\":\"https:\/\/www.mastercam.com\/wp-content\/uploads\/2023\/02\/MC_logo.svg\",\"width\":230,\"height\":40,\"caption\":\"Mastercam\"},\"image\":{\"@id\":\"https:\/\/www.mastercam.com\/fr\/#\/schema\/logo\/image\/\"},\"sameAs\":[\"https:\/\/www.facebook.com\/Mastercam\/\",\"https:\/\/x.com\/mastercam\",\"https:\/\/www.linkedin.com\/company\/mastercam\",\"https:\/\/www.youtube.com\/channel\/UChJt5ruSkqnmFH44WsXVZLw\",\"https:\/\/www.instagram.com\/mastercam\/\"]}]}<\/script>\n<!-- \/ Yoast SEO plugin. -->","yoast_head_json":{"title":"Logiciel CAO\/FAO pour la fabrication de produits m\u00e9dicaux | Mastercam","description":"Notre logiciel de CAO\/FAO pour les \u00e9quipements m\u00e9dicaux aide les entreprises \u00e0 concevoir et \u00e0 fabriquer des produits fiables et de haute qualit\u00e9 pour l'industrie des soins de sant\u00e9. Apprenez-en plus d\u00e8s aujourd'hui.","robots":{"index":"index","follow":"follow","max-snippet":"max-snippet:-1","max-image-preview":"max-image-preview:large","max-video-preview":"max-video-preview:-1"},"canonical":"https:\/\/www.mastercam.com\/fr\/solutions\/industrie\/medical\/","og_locale":"fr_FR","og_type":"article","og_title":"Logiciel CAO\/FAO pour la fabrication de produits m\u00e9dicaux | Mastercam","og_description":"Notre logiciel de CAO\/FAO pour les \u00e9quipements m\u00e9dicaux aide les entreprises \u00e0 concevoir et \u00e0 fabriquer des produits fiables et de haute qualit\u00e9 pour l'industrie des soins de sant\u00e9. Apprenez-en plus d\u00e8s aujourd'hui.","og_url":"https:\/\/www.mastercam.com\/fr\/solutions\/industrie\/medical\/","og_site_name":"mastercam.com","article_publisher":"https:\/\/www.facebook.com\/Mastercam\/","article_modified_time":"2026-02-05T18:02:07+00:00","og_image":[{"width":1200,"height":675,"url":"https:\/\/www.mastercam.com\/wp-content\/uploads\/2024\/02\/drill-wide-photo-1200x675-1.jpg","type":"image\/jpeg"}],"twitter_card":"summary_large_image","twitter_site":"@mastercam","twitter_misc":{"Est. reading time":"3 minutes"},"schema":{"@context":"https:\/\/schema.org","@graph":[{"@type":"WebPage","@id":"https:\/\/www.mastercam.com\/fr\/solutions\/industrie\/medical\/","url":"https:\/\/www.mastercam.com\/fr\/solutions\/industrie\/medical\/","name":"Logiciel CAO\/FAO pour la fabrication de produits m\u00e9dicaux | Mastercam","isPartOf":{"@id":"https:\/\/www.mastercam.com\/fr\/#website"},"datePublished":"2023-01-31T23:24:52+00:00","dateModified":"2026-02-05T18:02:07+00:00","description":"Notre logiciel de CAO\/FAO pour les \u00e9quipements m\u00e9dicaux aide les entreprises \u00e0 concevoir et \u00e0 fabriquer des produits fiables et de haute qualit\u00e9 pour l'industrie des soins de sant\u00e9. Apprenez-en plus d\u00e8s aujourd'hui.","breadcrumb":{"@id":"https:\/\/www.mastercam.com\/fr\/solutions\/industrie\/medical\/#breadcrumb"},"inLanguage":"fr-FR","potentialAction":[{"@type":"ReadAction","target":["https:\/\/www.mastercam.com\/fr\/solutions\/industrie\/medical\/"]}]},{"@type":"BreadcrumbList","@id":"https:\/\/www.mastercam.com\/fr\/solutions\/industrie\/medical\/#breadcrumb","itemListElement":[{"@type":"ListItem","position":1,"name":"Home","item":"https:\/\/www.mastercam.com\/fr\/"},{"@type":"ListItem","position":2,"name":"Solutions","item":"https:\/\/www.mastercam.com\/fr\/solutions\/"},{"@type":"ListItem","position":3,"name":"Industrie","item":"https:\/\/www.mastercam.com\/fr\/solutions\/industrie\/"},{"@type":"ListItem","position":4,"name":"M\u00e9dical"}]},{"@type":"WebSite","@id":"https:\/\/www.mastercam.com\/fr\/#website","url":"https:\/\/www.mastercam.com\/fr\/","name":"Mastercam","description":"Creating software and services that solve the world&#039;s manufacturing challenges","publisher":{"@id":"https:\/\/www.mastercam.com\/fr\/#organization"},"potentialAction":[{"@type":"SearchAction","target":{"@type":"EntryPoint","urlTemplate":"https:\/\/www.mastercam.com\/fr\/?s={search_term_string}"},"query-input":{"@type":"PropertyValueSpecification","valueRequired":true,"valueName":"search_term_string"}}],"inLanguage":"fr-FR"},{"@type":"Organization","@id":"https:\/\/www.mastercam.com\/fr\/#organization","name":"Mastercam","url":"https:\/\/www.mastercam.com\/fr\/","logo":{"@type":"ImageObject","inLanguage":"fr-FR","@id":"https:\/\/www.mastercam.com\/fr\/#\/schema\/logo\/image\/","url":"https:\/\/www.mastercam.com\/wp-content\/uploads\/2023\/02\/MC_logo.svg","contentUrl":"https:\/\/www.mastercam.com\/wp-content\/uploads\/2023\/02\/MC_logo.svg","width":230,"height":40,"caption":"Mastercam"},"image":{"@id":"https:\/\/www.mastercam.com\/fr\/#\/schema\/logo\/image\/"},"sameAs":["https:\/\/www.facebook.com\/Mastercam\/","https:\/\/x.com\/mastercam","https:\/\/www.linkedin.com\/company\/mastercam","https:\/\/www.youtube.com\/channel\/UChJt5ruSkqnmFH44WsXVZLw","https:\/\/www.instagram.com\/mastercam\/"]}]}},"_links":{"self":[{"href":"https:\/\/www.mastercam.com\/fr\/wp-json\/wp\/v2\/pages\/34784","targetHints":{"allow":["GET"]}}],"collection":[{"href":"https:\/\/www.mastercam.com\/fr\/wp-json\/wp\/v2\/pages"}],"about":[{"href":"https:\/\/www.mastercam.com\/fr\/wp-json\/wp\/v2\/types\/page"}],"author":[{"embeddable":true,"href":"https:\/\/www.mastercam.com\/fr\/wp-json\/wp\/v2\/users\/1"}],"replies":[{"embeddable":true,"href":"https:\/\/www.mastercam.com\/fr\/wp-json\/wp\/v2\/comments?post=34784"}],"version-history":[{"count":0,"href":"https:\/\/www.mastercam.com\/fr\/wp-json\/wp\/v2\/pages\/34784\/revisions"}],"up":[{"embeddable":true,"href":"https:\/\/www.mastercam.com\/fr\/wp-json\/wp\/v2\/pages\/34770"}],"wp:attachment":[{"href":"https:\/\/www.mastercam.com\/fr\/wp-json\/wp\/v2\/media?parent=34784"}],"curies":[{"name":"wp","href":"https:\/\/api.w.org\/{rel}","templated":true}]}}