{"id":34780,"date":"2023-01-31T18:24:20","date_gmt":"2023-01-31T23:24:20","guid":{"rendered":"https:\/\/www.mastercam.com\/industrie\/lenergie\/"},"modified":"2026-02-05T13:00:54","modified_gmt":"2026-02-05T18:00:54","slug":"lenergie","status":"publish","type":"page","link":"https:\/\/www.mastercam.com\/fr\/solutions\/industrie\/lenergie\/","title":{"rendered":"L&rsquo;\u00e9nergie"},"content":{"rendered":"<div class=\"hero__breadcrumbs\">\n    <div class=\"container-fluid\">\n      <div class=\"row\">\n        <div class=\"col\">\n          <nav aria-label=\"breadcrumbs\"><ol class=\"breadcrumb\"><li><a href=\"https:\/\/www.mastercam.com\/fr\/\">Home<\/a><\/li><\/ol><\/nav>\n        <\/div>\n      <\/div>\n    <\/div>\n  <\/div>\n\n<div class=\"hero hero--minimal wp-block-acf-block-hero\">\n  <div class=\"container-fluid\">\n    <div class=\"row align-items-center\">\n      \n      \n      \n      <div class=\"col-12 col-lg-7 order-2 order-lg-2 hero__content-column\">\n        <div class=\"hero__content\">\n                      <h1 class=\"hero__heading\">\n              \n              L&rsquo;\u00e9nergie\n            <\/h1>\n          \n                      <p class=\"hero__text\">Logiciel Mastercam pour les solutions de fabrication d&#039;\u00e9nergie<\/p>\n          \n          \n          \n          \n                  <\/div>\n      <\/div>\n    <\/div>\n  <\/div>\n<\/div>\n\n<div class=\"wp-block-group is-style-light-gray-bg is-layout-constrained wp-block-group-is-layout-constrained\" style=\"padding-top:var(--wp--preset--spacing--6);padding-bottom:var(--wp--preset--spacing--6)\">\n<div class=\"wp-block-columns is-style-container is-layout-flex wp-container-core-columns-is-layout-28f84493 wp-block-columns-is-layout-flex\">\n<div class=\"wp-block-column is-layout-flow wp-block-column-is-layout-flow\" style=\"flex-basis:50%\">\n<p>Les fabricants de l&rsquo;industrie de l&rsquo;\u00e9nergie ont besoin de pr\u00e9cision, de flexibilit\u00e9 et d&rsquo;innovation. Quelle meilleure fa\u00e7on d&rsquo;y parvenir qu&rsquo;avec le dernier logiciel CNC pour l&rsquo;industrie de l&rsquo;\u00e9nergie du num\u00e9ro un mondial de la FAO ? Des soci\u00e9t\u00e9s \u00e9nerg\u00e9tiques du Fortune 500 aux startups dans le domaine des \u00e9nergies renouvelables et aux fournisseurs des producteurs d&rsquo;\u00e9oliennes et de tr\u00e9pans p\u00e9troliers, les fabricants font confiance \u00e0 Mastercam pour r\u00e9pondre aux exigences de productivit\u00e9 et de pr\u00e9cision dans tous les secteurs de l&rsquo;industrie de l&rsquo;\u00e9nergie.  <\/p>\n<\/div>\n\n\n\n<div class=\"wp-block-column is-layout-flow wp-block-column-is-layout-flow\" style=\"flex-basis:50%\">\n<p><strong>Dans l&rsquo;industrie de la fabrication d&rsquo;\u00e9nergie, le succ\u00e8s d\u00e9pend de la rapidit\u00e9 et de la qualit\u00e9 de la production de pi\u00e8ces et de composants. Mastercam fournit des logiciels de CAO\/FAO pour r\u00e9pondre aux exigences rigoureuses de la production d&rsquo;\u00e9nergie et de la g\u00e9n\u00e9ration d&rsquo;\u00e9lectricit\u00e9, notamment : <\/strong><\/p>\n\n\n\n<ul id=\"block-37b89dbd-524b-4ae6-92bb-be62941cde3e\" class=\"wp-block-list\">\n<li>Les derniers outils de FAO pour r\u00e9soudre les probl\u00e8mes d&rsquo;usinage complexes.<\/li>\n\n\n\n<li>Des parcours d&rsquo;outils efficaces qui s&rsquo;adaptent aux pi\u00e8ces forg\u00e9es et moul\u00e9es.<\/li>\n\n\n\n<li>D\u00e9coupe, limitation et per\u00e7age 5 axes rationalis\u00e9s.<\/li>\n\n\n\n<li>Le mouvement dynamique\u2122 augmente la dur\u00e9e de vie de l&rsquo;outil et diminue le temps de coupe.<\/li>\n\n\n\n<li>Des parcours d&rsquo;outils intelligents qui ciblent efficacement les zones non coup\u00e9es.<\/li>\n<\/ul>\n<\/div>\n<\/div>\n<\/div>\n\n<div class=\"wp-block-columns is-style-medium is-layout-flex wp-container-core-columns-is-layout-b9053888 wp-block-columns-is-layout-flex\" style=\"padding-top:var(--wp--preset--spacing--5)\">\n<div class=\"wp-block-column is-layout-flow wp-block-column-is-layout-flow\">\n<h2 class=\"wp-block-heading\">Logiciel Mastercam pour les solutions de fabrication d&rsquo;\u00e9nergie<\/h2>\n\n\n\n<p>Nous avons d\u00e9velopp\u00e9 le plus grand r\u00e9seau mondial de partenaires FAO pour donner \u00e0 nos utilisateurs dans les secteurs de l&rsquo;\u00e9nergie les outils dont ils ont besoin pour faire dispara\u00eetre leurs d\u00e9fis de production. Nos solutions tirent parti des derni\u00e8res technologies d\u00e9velopp\u00e9es par les fabricants d&rsquo;outils, de logiciels et de machines-outils du monde entier. <\/p>\n\n\n\n<p>Mastercam \u00e9tablit la norme en mati\u00e8re de programmation CNC avec des options flexibles pour la fabrication d&rsquo;\u00e9nergie. Vous trouverez une vari\u00e9t\u00e9 de solutions compl\u00e8tes de CAO\/FAO pour importer, concevoir et programmer des pi\u00e8ces sur une gamme de machines selon des sp\u00e9cifications rigoureuses et des calendriers de production exigeants. <\/p>\n\n\n\n<p>In the Energy industry, manufacturers have diverse machining requirements, and we offer the software tools to complement the precision needs of your shop, from design to turning to multitasking, wire EDM, and more. Check out the full array of <a href=\"http:\/\/www.mastercam.com\/solutions\/products\/\">Mastercam products<\/a> to find the right solutions for your manufacturing challenges. If your shop does it, we can support it.  <\/p>\n\n\n\n<div class=\"wp-block-buttons is-layout-flex wp-block-buttons-is-layout-flex\">\n<div class=\"wp-block-button is-style-secondary\"><a class=\"wp-block-button__link wp-element-button\" href=\"https:\/\/www.mastercam.com\/fr\/solutions\/produits\/\">Voir les produits<\/a><\/div>\n<\/div>\n<\/div>\n<\/div>\n\n<div class=\"wp-block-columns is-style-container is-layout-flex wp-container-core-columns-is-layout-28f84493 wp-block-columns-is-layout-flex\">\n<div class=\"wp-block-column is-layout-flow wp-block-column-is-layout-flow\">\n<h2 class=\"wp-block-heading\" style=\"padding-top:var(--wp--preset--spacing--6)\">Modules compl\u00e9mentaires<\/h2>\n\n\n<div class=\"aligncenter wp-block-acf-block-add-ons\">\n  <div class=\"row block-addons\">\n                                        <div class=\"block-addons__item col-xs-12 col-sm-6 col-md-4 col-lg-3\">\n              <a href=\"https:\/\/www.mastercam.com\/fr\/solutions\/add-ons\/multiaxis\/\" class=\"btn btn-outline-secondary w-100\">\n                Usinage Multiaxes\n              <\/a>\n            <\/div>\n                                                                <div class=\"block-addons__item col-xs-12 col-sm-6 col-md-4 col-lg-3\">\n              <a href=\"https:\/\/www.mastercam.com\/?post_type=addon&amp;p=6173\" class=\"btn btn-outline-secondary w-100\">\n                Productivity+\n              <\/a>\n            <\/div>\n                              <\/div>\n<\/div>\n<\/div>\n<\/div>\n<div style=\"padding-bottom:var(--wp--preset--spacing--6);\" class=\"container-fluid align wp-block-acf-block-media-object\">\n  <div class=\"row\">\n    <div class=\"col\">\n      <div class=\"d-flex flex-column flex-lg-row media-object media-object--shaded\">\n        <div class=\"flex-shrink-0 media-object__image order-1  order-lg-3 \">\n                                    \n              <a href=\"https:\/\/www.mastercam.com\/fr\/?page_id=34718\" tabindex=\"-1\">\n                <img decoding=\"async\" src=\"https:\/\/www.mastercam.com\/wp-content\/uploads\/2023\/01\/Rectangle-2.jpg\" alt=\"man wearing a headset typing on a desktop computer\" loading=\"lazy\">\n              <\/a>\n                              <\/div>\n        <div class=\"media-object__body flex-grow-1 d-lg-flex flex-column order-2 justify-content-lg-center\">\n                                <h2 class=\"media-object__header h3\">Contacter Mastercam<\/h2>\n                                <div class=\"media-object__content\">\n              <p>Contactez-nous pour d\u00e9couvrir les logiciels de CAO\/FAO permettant d&rsquo;am\u00e9liorer les solutions de fabrication d&rsquo;\u00e9nergie.<\/p>\n\n            <\/div>\n                                <div class=\"media-object__cta\">\n              <a href=\"https:\/\/www.mastercam.com\/fr\/?page_id=34718\" class=\"btn btn-outline-secondary\">Contacter Mastercam<\/a>\n            <\/div>\n                  <\/div>\n      <\/div>\n    <\/div>\n  <\/div>\n<\/div>\n\n<div class=\"wp-block-group is-style-light-gray-bg is-layout-constrained wp-block-group-is-layout-constrained\" style=\"margin-top:0;margin-bottom:0;padding-top:var(--wp--preset--spacing--6);padding-bottom:var(--wp--preset--spacing--6)\"><div class=\"container-fluid aligncenter wp-block-acf-block-case-studies\">\n  <div id=\"case-studies\" class=\"row\">\n    <div class=\"col-12 col-md-8\">\n      <h2>Success Stories<\/h2>\n          <\/div>\n    <div class=\"col-12 col-md-4 mt-5 mt-md-0 text-md-end\">\n      <a href=\"https:\/\/www.mastercam.com\/fr\/success-stories\/\" class=\"btn btn-outline-secondary btn-view-all\">View all<\/a>\n    <\/div>\n  <\/div>\n  <div class=\"cards mt-5\">\n          \n              <div class=\"col col-12 col-md-6 col-lg-6\">\n  <div class=\"card h-100 case-studies card--linked\">\n          \n      <a href=\"https:\/\/www.mastercam.com\/fr\/success-stories\/alimentation-achates\/\" aria-hidden=\"true\" tabindex=\"-1\">\n        <div class=\"skeleton-image card-img-top\" style=\"--skeleton-aspect-ratio: 375 \/ 236;\">\n          <img decoding=\"async\" src=\"https:\/\/www.mastercam.com\/wp-content\/uploads\/2023\/04\/AchatesGroupShot-1024x341.jpeg\" alt=\"\" loading=\"lazy\" onload=\"this.classList.add('loaded')\" \/>\n        <\/div>\n      <\/a>\n    \n    <div class=\"card-body\">\n              <span class=\"card-category card-category--static\">Success Stories<\/span>\n      \n      <h3 class=\"card-title\">Alimentation Achates<\/h3>\n\n              <p class=\"card-text\">L&#039;entreprise Achates Power de San Diego, en Californie, utilise Mastercam pour cr\u00e9er des pi\u00e8ces prototypes pour un moteur \u00e0 essence \u00e0 allumage par compression et \u00e0 pistons oppos\u00e9s, respectueux de l&#039;environnement. Cette recherche collaborative est le fruit du travail d&#039;Achates, de l&#039;Argonne National Laboratory et de Delphi Technologies. Elle a \u00e9t\u00e9 r\u00e9alis\u00e9e gr\u00e2ce au financement\u2026<\/p>\n      \n          <\/div>\n\n          \n      <div class=\"card-footer\">\n        <a class=\"btn btn-outline-secondary\" href=\"https:\/\/www.mastercam.com\/fr\/success-stories\/alimentation-achates\/\">\n          Read more<span class=\"sr-only\"> about Alimentation Achates<\/span>\n        <\/a>\n      <\/div>\n      <\/div>\n\n  <\/div>\n                \n              <div class=\"col col-12 col-md-6 col-lg-6\">\n  <div class=\"card h-100 case-studies card--linked\">\n          \n      <a href=\"https:\/\/www.mastercam.com\/fr\/success-stories\/lycee-de-la-region-de-bloomsburg\/\" aria-hidden=\"true\" tabindex=\"-1\">\n        <div class=\"skeleton-image card-img-top\" style=\"--skeleton-aspect-ratio: 375 \/ 236;\">\n          <img decoding=\"async\" src=\"https:\/\/www.mastercam.com\/wp-content\/uploads\/2023\/04\/BloomsburgHSMachineShop-1024x356.jpeg\" alt=\"\" loading=\"lazy\" onload=\"this.classList.add('loaded')\" \/>\n        <\/div>\n      <\/a>\n    \n    <div class=\"card-body\">\n              <span class=\"card-category card-category--static\">Success Stories<\/span>\n      \n      <h3 class=\"card-title\">Lyc\u00e9e de la r\u00e9gion de Bloomsburg<\/h3>\n\n              <p class=\"card-text\">Depuis de nombreuses ann\u00e9es, la classe d&#039;\u00e9ducation technologique de l&#039;\u00c9ducation Kirk Marshal \u00e0 la Bloomsburg Area High School de Bloomsburg, en Pennsylvanie, inscrit ses robots de combat aux \u00e9v\u00e9nements nationaux BattleBots\u00ae IQ et \u00e0 ceux de la National Robotics League. Ces concours de survie des plus forts se d\u00e9roulent dans diff\u00e9rents endroits du pays. Non\u2026<\/p>\n      \n          <\/div>\n\n          \n      <div class=\"card-footer\">\n        <a class=\"btn btn-outline-secondary\" href=\"https:\/\/www.mastercam.com\/fr\/success-stories\/lycee-de-la-region-de-bloomsburg\/\">\n          Read more<span class=\"sr-only\"> about Lyc\u00e9e de la r\u00e9gion de Bloomsburg<\/span>\n        <\/a>\n      <\/div>\n      <\/div>\n\n  <\/div>\n            <\/div>\n<\/div>\n<\/div>\n","protected":false},"excerpt":{"rendered":"<p>Les fabricants de l&rsquo;industrie de l&rsquo;\u00e9nergie ont besoin de pr\u00e9cision, de flexibilit\u00e9 et d&rsquo;innovation. Quelle [&hellip;]<\/p>\n","protected":false},"author":1,"featured_media":0,"parent":34770,"menu_order":0,"comment_status":"closed","ping_status":"closed","template":"","meta":{"_acf_changed":false,"footnotes":""},"class_list":["post-34780","page","type-page","status-publish","hentry"],"acf":[],"yoast_head":"<!-- This site is optimized with the Yoast SEO plugin v27.5 - https:\/\/yoast.com\/product\/yoast-seo-wordpress\/ -->\n<title>Logiciel CAO\/FAO pour l&#039;Industrie de l&#039;\u00c9ducation | Mastercam<\/title>\n<meta name=\"description\" content=\"Nos logiciels de CAO\/FAO permettent de concevoir et de fabriquer des syst\u00e8mes complexes pour l&#039;industrie de l&#039;\u00e9nergie. D\u00e9couvrez comment nos logiciels cr\u00e9ent des solutions fiables.\" \/>\n<meta name=\"robots\" content=\"index, follow, max-snippet:-1, max-image-preview:large, max-video-preview:-1\" \/>\n<link rel=\"canonical\" href=\"https:\/\/www.mastercam.com\/fr\/solutions\/industrie\/lenergie\/\" \/>\n<meta property=\"og:locale\" content=\"fr_FR\" \/>\n<meta property=\"og:type\" content=\"article\" \/>\n<meta property=\"og:title\" content=\"Logiciel CAO\/FAO pour l&#039;Industrie de l&#039;\u00c9ducation | Mastercam\" \/>\n<meta property=\"og:description\" content=\"Nos logiciels de CAO\/FAO permettent de concevoir et de fabriquer des syst\u00e8mes complexes pour l&#039;industrie de l&#039;\u00e9nergie. D\u00e9couvrez comment nos logiciels cr\u00e9ent des solutions fiables.\" \/>\n<meta property=\"og:url\" content=\"https:\/\/www.mastercam.com\/fr\/solutions\/industrie\/lenergie\/\" \/>\n<meta property=\"og:site_name\" content=\"mastercam.com\" \/>\n<meta property=\"article:publisher\" content=\"https:\/\/www.facebook.com\/Mastercam\/\" \/>\n<meta property=\"article:modified_time\" content=\"2026-02-05T18:00:54+00:00\" \/>\n<meta property=\"og:image\" content=\"https:\/\/www.mastercam.com\/wp-content\/uploads\/2024\/02\/drill-wide-photo-1200x675-1.jpg\" \/>\n\t<meta property=\"og:image:width\" content=\"1200\" \/>\n\t<meta property=\"og:image:height\" content=\"675\" \/>\n\t<meta property=\"og:image:type\" content=\"image\/jpeg\" \/>\n<meta name=\"twitter:card\" content=\"summary_large_image\" \/>\n<meta name=\"twitter:site\" content=\"@mastercam\" \/>\n<meta name=\"twitter:label1\" content=\"Est. reading time\" \/>\n\t<meta name=\"twitter:data1\" content=\"2 minutes\" \/>\n<script type=\"application\/ld+json\" class=\"yoast-schema-graph\">{\"@context\":\"https:\\\/\\\/schema.org\",\"@graph\":[{\"@type\":\"WebPage\",\"@id\":\"https:\\\/\\\/www.mastercam.com\\\/fr\\\/solutions\\\/industrie\\\/lenergie\\\/\",\"url\":\"https:\\\/\\\/www.mastercam.com\\\/fr\\\/solutions\\\/industrie\\\/lenergie\\\/\",\"name\":\"Logiciel CAO\\\/FAO pour l'Industrie de l'\u00c9ducation | Mastercam\",\"isPartOf\":{\"@id\":\"https:\\\/\\\/www.mastercam.com\\\/fr\\\/#website\"},\"datePublished\":\"2023-01-31T23:24:20+00:00\",\"dateModified\":\"2026-02-05T18:00:54+00:00\",\"description\":\"Nos logiciels de CAO\\\/FAO permettent de concevoir et de fabriquer des syst\u00e8mes complexes pour l'industrie de l'\u00e9nergie. D\u00e9couvrez comment nos logiciels cr\u00e9ent des solutions fiables.\",\"breadcrumb\":{\"@id\":\"https:\\\/\\\/www.mastercam.com\\\/fr\\\/solutions\\\/industrie\\\/lenergie\\\/#breadcrumb\"},\"inLanguage\":\"fr-FR\",\"potentialAction\":[{\"@type\":\"ReadAction\",\"target\":[\"https:\\\/\\\/www.mastercam.com\\\/fr\\\/solutions\\\/industrie\\\/lenergie\\\/\"]}]},{\"@type\":\"BreadcrumbList\",\"@id\":\"https:\\\/\\\/www.mastercam.com\\\/fr\\\/solutions\\\/industrie\\\/lenergie\\\/#breadcrumb\",\"itemListElement\":[{\"@type\":\"ListItem\",\"position\":1,\"name\":\"Home\",\"item\":\"https:\\\/\\\/www.mastercam.com\\\/fr\\\/\"},{\"@type\":\"ListItem\",\"position\":2,\"name\":\"Solutions\",\"item\":\"https:\\\/\\\/www.mastercam.com\\\/fr\\\/solutions\\\/\"},{\"@type\":\"ListItem\",\"position\":3,\"name\":\"Industrie\",\"item\":\"https:\\\/\\\/www.mastercam.com\\\/fr\\\/solutions\\\/industrie\\\/\"},{\"@type\":\"ListItem\",\"position\":4,\"name\":\"L&rsquo;\u00e9nergie\"}]},{\"@type\":\"WebSite\",\"@id\":\"https:\\\/\\\/www.mastercam.com\\\/fr\\\/#website\",\"url\":\"https:\\\/\\\/www.mastercam.com\\\/fr\\\/\",\"name\":\"Mastercam\",\"description\":\"Creating software and services that solve the world&#039;s manufacturing challenges\",\"publisher\":{\"@id\":\"https:\\\/\\\/www.mastercam.com\\\/fr\\\/#organization\"},\"potentialAction\":[{\"@type\":\"SearchAction\",\"target\":{\"@type\":\"EntryPoint\",\"urlTemplate\":\"https:\\\/\\\/www.mastercam.com\\\/fr\\\/?s={search_term_string}\"},\"query-input\":{\"@type\":\"PropertyValueSpecification\",\"valueRequired\":true,\"valueName\":\"search_term_string\"}}],\"inLanguage\":\"fr-FR\"},{\"@type\":\"Organization\",\"@id\":\"https:\\\/\\\/www.mastercam.com\\\/fr\\\/#organization\",\"name\":\"Mastercam\",\"url\":\"https:\\\/\\\/www.mastercam.com\\\/fr\\\/\",\"logo\":{\"@type\":\"ImageObject\",\"inLanguage\":\"fr-FR\",\"@id\":\"https:\\\/\\\/www.mastercam.com\\\/fr\\\/#\\\/schema\\\/logo\\\/image\\\/\",\"url\":\"https:\\\/\\\/www.mastercam.com\\\/wp-content\\\/uploads\\\/2023\\\/02\\\/MC_logo.svg\",\"contentUrl\":\"https:\\\/\\\/www.mastercam.com\\\/wp-content\\\/uploads\\\/2023\\\/02\\\/MC_logo.svg\",\"width\":230,\"height\":40,\"caption\":\"Mastercam\"},\"image\":{\"@id\":\"https:\\\/\\\/www.mastercam.com\\\/fr\\\/#\\\/schema\\\/logo\\\/image\\\/\"},\"sameAs\":[\"https:\\\/\\\/www.facebook.com\\\/Mastercam\\\/\",\"https:\\\/\\\/x.com\\\/mastercam\",\"https:\\\/\\\/www.linkedin.com\\\/company\\\/mastercam\",\"https:\\\/\\\/www.youtube.com\\\/channel\\\/UChJt5ruSkqnmFH44WsXVZLw\",\"https:\\\/\\\/www.instagram.com\\\/mastercam\\\/\"]}]}<\/script>\n<!-- \/ Yoast SEO plugin. -->","yoast_head_json":{"title":"Logiciel CAO\/FAO pour l'Industrie de l'\u00c9ducation | Mastercam","description":"Nos logiciels de CAO\/FAO permettent de concevoir et de fabriquer des syst\u00e8mes complexes pour l'industrie de l'\u00e9nergie. D\u00e9couvrez comment nos logiciels cr\u00e9ent des solutions fiables.","robots":{"index":"index","follow":"follow","max-snippet":"max-snippet:-1","max-image-preview":"max-image-preview:large","max-video-preview":"max-video-preview:-1"},"canonical":"https:\/\/www.mastercam.com\/fr\/solutions\/industrie\/lenergie\/","og_locale":"fr_FR","og_type":"article","og_title":"Logiciel CAO\/FAO pour l'Industrie de l'\u00c9ducation | Mastercam","og_description":"Nos logiciels de CAO\/FAO permettent de concevoir et de fabriquer des syst\u00e8mes complexes pour l'industrie de l'\u00e9nergie. D\u00e9couvrez comment nos logiciels cr\u00e9ent des solutions fiables.","og_url":"https:\/\/www.mastercam.com\/fr\/solutions\/industrie\/lenergie\/","og_site_name":"mastercam.com","article_publisher":"https:\/\/www.facebook.com\/Mastercam\/","article_modified_time":"2026-02-05T18:00:54+00:00","og_image":[{"width":1200,"height":675,"url":"https:\/\/www.mastercam.com\/wp-content\/uploads\/2024\/02\/drill-wide-photo-1200x675-1.jpg","type":"image\/jpeg"}],"twitter_card":"summary_large_image","twitter_site":"@mastercam","twitter_misc":{"Est. reading time":"2 minutes"},"schema":{"@context":"https:\/\/schema.org","@graph":[{"@type":"WebPage","@id":"https:\/\/www.mastercam.com\/fr\/solutions\/industrie\/lenergie\/","url":"https:\/\/www.mastercam.com\/fr\/solutions\/industrie\/lenergie\/","name":"Logiciel CAO\/FAO pour l'Industrie de l'\u00c9ducation | Mastercam","isPartOf":{"@id":"https:\/\/www.mastercam.com\/fr\/#website"},"datePublished":"2023-01-31T23:24:20+00:00","dateModified":"2026-02-05T18:00:54+00:00","description":"Nos logiciels de CAO\/FAO permettent de concevoir et de fabriquer des syst\u00e8mes complexes pour l'industrie de l'\u00e9nergie. D\u00e9couvrez comment nos logiciels cr\u00e9ent des solutions fiables.","breadcrumb":{"@id":"https:\/\/www.mastercam.com\/fr\/solutions\/industrie\/lenergie\/#breadcrumb"},"inLanguage":"fr-FR","potentialAction":[{"@type":"ReadAction","target":["https:\/\/www.mastercam.com\/fr\/solutions\/industrie\/lenergie\/"]}]},{"@type":"BreadcrumbList","@id":"https:\/\/www.mastercam.com\/fr\/solutions\/industrie\/lenergie\/#breadcrumb","itemListElement":[{"@type":"ListItem","position":1,"name":"Home","item":"https:\/\/www.mastercam.com\/fr\/"},{"@type":"ListItem","position":2,"name":"Solutions","item":"https:\/\/www.mastercam.com\/fr\/solutions\/"},{"@type":"ListItem","position":3,"name":"Industrie","item":"https:\/\/www.mastercam.com\/fr\/solutions\/industrie\/"},{"@type":"ListItem","position":4,"name":"L&rsquo;\u00e9nergie"}]},{"@type":"WebSite","@id":"https:\/\/www.mastercam.com\/fr\/#website","url":"https:\/\/www.mastercam.com\/fr\/","name":"Mastercam","description":"Creating software and services that solve the world&#039;s manufacturing challenges","publisher":{"@id":"https:\/\/www.mastercam.com\/fr\/#organization"},"potentialAction":[{"@type":"SearchAction","target":{"@type":"EntryPoint","urlTemplate":"https:\/\/www.mastercam.com\/fr\/?s={search_term_string}"},"query-input":{"@type":"PropertyValueSpecification","valueRequired":true,"valueName":"search_term_string"}}],"inLanguage":"fr-FR"},{"@type":"Organization","@id":"https:\/\/www.mastercam.com\/fr\/#organization","name":"Mastercam","url":"https:\/\/www.mastercam.com\/fr\/","logo":{"@type":"ImageObject","inLanguage":"fr-FR","@id":"https:\/\/www.mastercam.com\/fr\/#\/schema\/logo\/image\/","url":"https:\/\/www.mastercam.com\/wp-content\/uploads\/2023\/02\/MC_logo.svg","contentUrl":"https:\/\/www.mastercam.com\/wp-content\/uploads\/2023\/02\/MC_logo.svg","width":230,"height":40,"caption":"Mastercam"},"image":{"@id":"https:\/\/www.mastercam.com\/fr\/#\/schema\/logo\/image\/"},"sameAs":["https:\/\/www.facebook.com\/Mastercam\/","https:\/\/x.com\/mastercam","https:\/\/www.linkedin.com\/company\/mastercam","https:\/\/www.youtube.com\/channel\/UChJt5ruSkqnmFH44WsXVZLw","https:\/\/www.instagram.com\/mastercam\/"]}]}},"_links":{"self":[{"href":"https:\/\/www.mastercam.com\/fr\/wp-json\/wp\/v2\/pages\/34780","targetHints":{"allow":["GET"]}}],"collection":[{"href":"https:\/\/www.mastercam.com\/fr\/wp-json\/wp\/v2\/pages"}],"about":[{"href":"https:\/\/www.mastercam.com\/fr\/wp-json\/wp\/v2\/types\/page"}],"author":[{"embeddable":true,"href":"https:\/\/www.mastercam.com\/fr\/wp-json\/wp\/v2\/users\/1"}],"replies":[{"embeddable":true,"href":"https:\/\/www.mastercam.com\/fr\/wp-json\/wp\/v2\/comments?post=34780"}],"version-history":[{"count":0,"href":"https:\/\/www.mastercam.com\/fr\/wp-json\/wp\/v2\/pages\/34780\/revisions"}],"up":[{"embeddable":true,"href":"https:\/\/www.mastercam.com\/fr\/wp-json\/wp\/v2\/pages\/34770"}],"wp:attachment":[{"href":"https:\/\/www.mastercam.com\/fr\/wp-json\/wp\/v2\/media?parent=34780"}],"curies":[{"name":"wp","href":"https:\/\/api.w.org\/{rel}","templated":true}]}}