{"id":34778,"date":"2023-01-13T18:25:59","date_gmt":"2023-01-13T23:25:59","guid":{"rendered":"https:\/\/www.mastercam.com\/vie-privee\/"},"modified":"2025-12-17T14:43:45","modified_gmt":"2025-12-17T19:43:45","slug":"vie-privee","status":"publish","type":"page","link":"https:\/\/www.mastercam.com\/fr\/vie-privee\/","title":{"rendered":"Vie priv\u00e9e"},"content":{"rendered":"\n<div class=\"wp-block-columns is-style-container is-layout-flex wp-container-core-columns-is-layout-a61e1d87 wp-block-columns-is-layout-flex\" style=\"padding-bottom:var(--wp--preset--spacing--6)\">\n<div class=\"wp-block-column is-layout-flow wp-block-column-is-layout-flow\">\n<p>Mastercam prend tr\u00e8s au s\u00e9rieux la confidentialit\u00e9 des utilisateurs du site et la s\u00e9curit\u00e9 de vos informations personnelles. Notre objectif est que vous ayez la certitude que votre vie priv\u00e9e est respect\u00e9e et que vos informations personnelles sont trait\u00e9es avec soin. Le logiciel Mastercam comprend un contrat de licence complet. <\/p>\n\n\n\n<h2 class=\"wp-block-heading\">D\u00e9claration de confidentialit\u00e9<\/h2>\n\n\n\n<p class=\"mt-1\">La d\u00e9claration de confidentialit\u00e9 de Mastercam pour les clients, fournisseurs, partenaires et autres, d\u00e9crit les informations personnelles que Mastercam recueille, les raisons, et donne \u00e0 d&rsquo;autres des informations utiles concernant l&rsquo;utilisation des donn\u00e9es personnelles par Mastercam.<br\/><a href=\"http:\/\/www.mastercam.com\/privacy\/privacy-statement\/\">Lire la d\u00e9claration de confidentialit\u00e9<\/a><\/p>\n\n\n\n<h3 class=\"wp-block-heading\">Consentement \u00e0 l&rsquo;\u00e9tablissement de liens<\/h3>\n\n\n\n<p class=\"mt-1\">Conditions d&rsquo;\u00e9tablissement de liens vers le site web de Mastercam.<br\/><a href=\"http:\/\/www.mastercam.com\/privacy\/consent-for-linking\/\">Lire le Consentement \u00e0 l&rsquo;\u00e9tablissement de liens<\/a><\/p>\n\n\n\n<h3 class=\"wp-block-heading\">Informations sur les cookies<\/h3>\n\n\n\n<p class=\"mt-1\">Informations sur la mani\u00e8re dont nous utilisons les cookies et sur les raisons pour lesquelles nous les utilisons.<br\/><a href=\"http:\/\/www.mastercam.com\/privacy\/cookie-policy\/\">En savoir plus sur la mani\u00e8re dont nous utilisons les cookies<\/a><\/p>\n\n\n\n<h3 class=\"wp-block-heading\">Contrat de licence utilisateur final Mastercam<\/h3>\n\n\n\n<p>Veuillez lire attentivement le contrat de licence de l&rsquo;utilisateur final, les conditions d&rsquo;utilisation de Mastercam Copilot et la politique de niveau de service avant d&rsquo;utiliser notre logiciel.<\/p>\n\n\n\n<ul class=\"wp-block-list\">\n<li>Lisez l&rsquo;<a href=\"https:\/\/www.mastercam.com\/fr\/vie-privee\/accord-de-licence-pour-lutilisateur-final\/\">accord de licence de l&rsquo;utilisateur final<\/a><\/li>\n\n\n\n<li>Lisez la <a href=\"https:\/\/www.mastercam.com\/fr\/vie-privee\/politique-de-niveau-de-service\/\" target=\"_blank\" rel=\"noreferrer noopener\">politique de niveau de service<\/a><\/li>\n\n\n\n<li>Lire l&rsquo;<a href=\"https:\/\/www.mastercam.com\/fr\/vie-privee\/avis-de-confidentialite-du-logiciel-mastercam-copilot\/\" target=\"_blank\" rel=\"noreferrer noopener\">avis de confidentialit\u00e9<\/a><\/li>\n\n\n\n<li>Lisez les <a href=\"https:\/\/www.mastercam.com\/fr\/vie-privee\/conditions-dutilisation-de-mastercam-copilot\/\" target=\"_blank\" rel=\"noreferrer noopener\">conditions d&rsquo;utilisation<\/a> et l&rsquo;<a href=\"https:\/\/www.mastercam.com\/fr\/vie-privee\/mastercam-copilot-avis-de-transparence\/\" target=\"_blank\" rel=\"noreferrer noopener\">avis de transparence de<\/a> Mastercam Copilot<\/li>\n<\/ul>\n\n\n\n<h3 class=\"wp-block-heading\">Formation et conseil Mastercam <br\/>Conditions g\u00e9n\u00e9rales d&rsquo;utilisation<\/h3>\n\n\n\n<p><a href=\"\/privacy\/training-terms-and-conditions\">En savoir plus sur les conditions g\u00e9n\u00e9rales de formation et de conseil<\/a><\/p>\n\n\n\n<h3 class=\"wp-block-heading\">Formulaire d&rsquo;attestation de d\u00e9veloppement de logiciels s\u00e9curis\u00e9s CISA<\/h3>\n\n\n\n<p class=\"mt-1\">Mastercam r\u00e9pond aux exigences de d\u00e9veloppement s\u00e9curis\u00e9 des agences f\u00e9d\u00e9rales.<\/p>\n\n\n\n<h3 class=\"wp-block-heading\">Utilisation de la marque Mastercam<\/h3>\n\n\n\n<p class=\"mt-1\">Informations sur la marque Mastercam et son utilisation.<br\/><a href=\"http:\/\/www.mastercam.com\/privacy\/mastercam-trademarks\/\">Utilisation de la marque Mastercam<\/a><\/p>\n\n\n\n<h3 class=\"wp-block-heading\">Pr\u00e9vention du piratage<\/h3>\n\n\n\n<p class=\"mt-1\">Nous nous engageons \u00e0 prot\u00e9ger l&rsquo;investissement de nos clients licenci\u00e9s en ne tol\u00e9rant pas le piratage des logiciels Mastercam.<br\/><a href=\"http:\/\/www.mastercam.com\/privacy\/piracy\/\">D\u00e9couvrez notre politique de pr\u00e9vention du piratage<\/a>.<\/p>\n\n\n\n<h3 class=\"wp-block-heading\">Conditions d&rsquo;utilisation<\/h3>\n\n\n\n<p class=\"mt-1\">CNC Software, LLC offre au public l&rsquo;acc\u00e8s \u00e0 ce site Web pour des raisons de commodit\u00e9, mais sous r\u00e9serve des pr\u00e9sentes conditions d&rsquo;utilisation.<br\/><a href=\"http:\/\/www.mastercam.com\/privacy\/terms-of-use\/\">En savoir plus sur nos conditions d&rsquo;utilisation<\/a><\/p>\n\n\n\n<h3 class=\"wp-block-heading\">Mod\u00e8le volontaire d&rsquo;accessibilit\u00e9 des produits (VPAT), Section 508<\/h3>\n\n\n\n<p class=\"mt-0\">CNC Software, LLC Accessibility Conformance Report Revised Section 508 Edition.<br\/><a href=\"https:\/\/www.mastercam.com\/wp-content\/uploads\/2025\/06\/CNC-Software-VPAT-Mastercam-2026.pdf\">Voluntary Product Accessibility Template (VPAT), Section 50<\/a><\/p>\n\n\n\n<h3 class=\"wp-block-heading\">Formulaire de conformit\u00e9 et de rem\u00e9diation<\/h3>\n\n\n\n<p>Ce formulaire permet aux auditeurs et aux vendeurs de documenter les lacunes en mati\u00e8re d&rsquo;accessibilit\u00e9 associ\u00e9es aux produits AIMT et d&rsquo;indiquer les plans visant \u00e0 combler ces lacunes \u00e0 l&rsquo;avenir.<br\/><a href=\"https:\/\/www.mastercam.com\/wp-content\/uploads\/2025\/09\/Mastercam-2026-Accessibility-Conformance-and-Remediation-Form-1.pdf\">Formulaire de conformit\u00e9 et de rem\u00e9diation<\/a><\/p>\n\n\n\n<h3 class=\"wp-block-heading\">Demande de donn\u00e9es personnelles<\/h3>\n\n\n\n<p class=\"mt-0\">Remplissez ce formulaire pour exercer votre droit d&rsquo;acc\u00e8s, de rectification ou nous demander de cesser le traitement de vos donn\u00e9es personnelles.<br\/><a href=\"http:\/\/www.mastercam.com\/privacy\/personal-data-request\/\">Aller au formulaire de demande de donn\u00e9es personnelles<\/a><\/p>\n\n\n\n<h3 class=\"wp-block-heading\">Divulgation des vuln\u00e9rabilit\u00e9s<\/h3>\n\n\n\n<p class=\"mt-0\">Informations sur la divulgation de la vuln\u00e9rabilit\u00e9 <br\/><a href=\"https:\/\/www.mastercam.com\/fr\/vie-privee\/divulgation-de-la-vulnerabilite-de-mastercam\/\">En savoir plus sur la divulgation de la vuln\u00e9rabilit\u00e9<\/a><\/p>\n<\/div>\n<\/div>\n","protected":false},"excerpt":{"rendered":"<p>Mastercam prend tr\u00e8s au s\u00e9rieux la confidentialit\u00e9 des utilisateurs du site et la s\u00e9curit\u00e9 de [&hellip;]<\/p>\n","protected":false},"author":1,"featured_media":0,"parent":0,"menu_order":0,"comment_status":"closed","ping_status":"closed","template":"","meta":{"_acf_changed":false,"footnotes":""},"class_list":["post-34778","page","type-page","status-publish","hentry"],"acf":[],"yoast_head":"<!-- This site is optimized with the Yoast SEO plugin v27.3 - https:\/\/yoast.com\/product\/yoast-seo-wordpress\/ -->\n<title>Vie priv\u00e9e - mastercam.com<\/title>\n<meta name=\"description\" content=\"Mastercam prend tr\u00e8s au s\u00e9rieux la confidentialit\u00e9 des utilisateurs du site et la s\u00e9curit\u00e9 de vos informations personnelles. Notre objectif est que vous\" \/>\n<meta name=\"robots\" content=\"index, follow, max-snippet:-1, max-image-preview:large, max-video-preview:-1\" \/>\n<link rel=\"canonical\" href=\"https:\/\/www.mastercam.com\/fr\/vie-privee\/\" \/>\n<meta property=\"og:locale\" content=\"fr_FR\" \/>\n<meta property=\"og:type\" content=\"article\" \/>\n<meta property=\"og:title\" content=\"Vie priv\u00e9e - mastercam.com\" \/>\n<meta property=\"og:description\" content=\"Mastercam prend tr\u00e8s au s\u00e9rieux la confidentialit\u00e9 des utilisateurs du site et la s\u00e9curit\u00e9 de vos informations personnelles. Notre objectif est que vous\" \/>\n<meta property=\"og:url\" content=\"https:\/\/www.mastercam.com\/fr\/vie-privee\/\" \/>\n<meta property=\"og:site_name\" content=\"mastercam.com\" \/>\n<meta property=\"article:publisher\" content=\"https:\/\/www.facebook.com\/Mastercam\/\" \/>\n<meta property=\"article:modified_time\" content=\"2025-12-17T19:43:45+00:00\" \/>\n<meta property=\"og:image\" content=\"https:\/\/www.mastercam.com\/wp-content\/uploads\/2024\/02\/drill-wide-photo-1200x675-1.jpg\" \/>\n\t<meta property=\"og:image:width\" content=\"1200\" \/>\n\t<meta property=\"og:image:height\" content=\"675\" \/>\n\t<meta property=\"og:image:type\" content=\"image\/jpeg\" \/>\n<meta name=\"twitter:card\" content=\"summary_large_image\" \/>\n<meta name=\"twitter:site\" content=\"@mastercam\" \/>\n<meta name=\"twitter:label1\" content=\"Est. reading time\" \/>\n\t<meta name=\"twitter:data1\" content=\"2 minutes\" \/>\n<script type=\"application\/ld+json\" class=\"yoast-schema-graph\">{\"@context\":\"https:\\\/\\\/schema.org\",\"@graph\":[{\"@type\":\"WebPage\",\"@id\":\"https:\\\/\\\/www.mastercam.com\\\/fr\\\/vie-privee\\\/\",\"url\":\"https:\\\/\\\/www.mastercam.com\\\/fr\\\/vie-privee\\\/\",\"name\":\"Vie priv\u00e9e - mastercam.com\",\"isPartOf\":{\"@id\":\"https:\\\/\\\/www.mastercam.com\\\/fr\\\/#website\"},\"datePublished\":\"2023-01-13T23:25:59+00:00\",\"dateModified\":\"2025-12-17T19:43:45+00:00\",\"description\":\"Mastercam prend tr\u00e8s au s\u00e9rieux la confidentialit\u00e9 des utilisateurs du site et la s\u00e9curit\u00e9 de vos informations personnelles. Notre objectif est que vous\",\"breadcrumb\":{\"@id\":\"https:\\\/\\\/www.mastercam.com\\\/fr\\\/vie-privee\\\/#breadcrumb\"},\"inLanguage\":\"fr-FR\",\"potentialAction\":[{\"@type\":\"ReadAction\",\"target\":[\"https:\\\/\\\/www.mastercam.com\\\/fr\\\/vie-privee\\\/\"]}]},{\"@type\":\"BreadcrumbList\",\"@id\":\"https:\\\/\\\/www.mastercam.com\\\/fr\\\/vie-privee\\\/#breadcrumb\",\"itemListElement\":[{\"@type\":\"ListItem\",\"position\":1,\"name\":\"Home\",\"item\":\"https:\\\/\\\/www.mastercam.com\\\/fr\\\/\"},{\"@type\":\"ListItem\",\"position\":2,\"name\":\"Vie priv\u00e9e\"}]},{\"@type\":\"WebSite\",\"@id\":\"https:\\\/\\\/www.mastercam.com\\\/fr\\\/#website\",\"url\":\"https:\\\/\\\/www.mastercam.com\\\/fr\\\/\",\"name\":\"Mastercam\",\"description\":\"Creating software and services that solve the world&#039;s manufacturing challenges\",\"publisher\":{\"@id\":\"https:\\\/\\\/www.mastercam.com\\\/fr\\\/#organization\"},\"potentialAction\":[{\"@type\":\"SearchAction\",\"target\":{\"@type\":\"EntryPoint\",\"urlTemplate\":\"https:\\\/\\\/www.mastercam.com\\\/fr\\\/?s={search_term_string}\"},\"query-input\":{\"@type\":\"PropertyValueSpecification\",\"valueRequired\":true,\"valueName\":\"search_term_string\"}}],\"inLanguage\":\"fr-FR\"},{\"@type\":\"Organization\",\"@id\":\"https:\\\/\\\/www.mastercam.com\\\/fr\\\/#organization\",\"name\":\"Mastercam\",\"url\":\"https:\\\/\\\/www.mastercam.com\\\/fr\\\/\",\"logo\":{\"@type\":\"ImageObject\",\"inLanguage\":\"fr-FR\",\"@id\":\"https:\\\/\\\/www.mastercam.com\\\/fr\\\/#\\\/schema\\\/logo\\\/image\\\/\",\"url\":\"https:\\\/\\\/www.mastercam.com\\\/wp-content\\\/uploads\\\/2023\\\/02\\\/MC_logo.svg\",\"contentUrl\":\"https:\\\/\\\/www.mastercam.com\\\/wp-content\\\/uploads\\\/2023\\\/02\\\/MC_logo.svg\",\"width\":230,\"height\":40,\"caption\":\"Mastercam\"},\"image\":{\"@id\":\"https:\\\/\\\/www.mastercam.com\\\/fr\\\/#\\\/schema\\\/logo\\\/image\\\/\"},\"sameAs\":[\"https:\\\/\\\/www.facebook.com\\\/Mastercam\\\/\",\"https:\\\/\\\/x.com\\\/mastercam\",\"https:\\\/\\\/www.linkedin.com\\\/company\\\/mastercam\",\"https:\\\/\\\/www.youtube.com\\\/channel\\\/UChJt5ruSkqnmFH44WsXVZLw\",\"https:\\\/\\\/www.instagram.com\\\/mastercam\\\/\"]}]}<\/script>\n<!-- \/ Yoast SEO plugin. -->","yoast_head_json":{"title":"Vie priv\u00e9e - mastercam.com","description":"Mastercam prend tr\u00e8s au s\u00e9rieux la confidentialit\u00e9 des utilisateurs du site et la s\u00e9curit\u00e9 de vos informations personnelles. Notre objectif est que vous","robots":{"index":"index","follow":"follow","max-snippet":"max-snippet:-1","max-image-preview":"max-image-preview:large","max-video-preview":"max-video-preview:-1"},"canonical":"https:\/\/www.mastercam.com\/fr\/vie-privee\/","og_locale":"fr_FR","og_type":"article","og_title":"Vie priv\u00e9e - mastercam.com","og_description":"Mastercam prend tr\u00e8s au s\u00e9rieux la confidentialit\u00e9 des utilisateurs du site et la s\u00e9curit\u00e9 de vos informations personnelles. Notre objectif est que vous","og_url":"https:\/\/www.mastercam.com\/fr\/vie-privee\/","og_site_name":"mastercam.com","article_publisher":"https:\/\/www.facebook.com\/Mastercam\/","article_modified_time":"2025-12-17T19:43:45+00:00","og_image":[{"width":1200,"height":675,"url":"https:\/\/www.mastercam.com\/wp-content\/uploads\/2024\/02\/drill-wide-photo-1200x675-1.jpg","type":"image\/jpeg"}],"twitter_card":"summary_large_image","twitter_site":"@mastercam","twitter_misc":{"Est. reading time":"2 minutes"},"schema":{"@context":"https:\/\/schema.org","@graph":[{"@type":"WebPage","@id":"https:\/\/www.mastercam.com\/fr\/vie-privee\/","url":"https:\/\/www.mastercam.com\/fr\/vie-privee\/","name":"Vie priv\u00e9e - mastercam.com","isPartOf":{"@id":"https:\/\/www.mastercam.com\/fr\/#website"},"datePublished":"2023-01-13T23:25:59+00:00","dateModified":"2025-12-17T19:43:45+00:00","description":"Mastercam prend tr\u00e8s au s\u00e9rieux la confidentialit\u00e9 des utilisateurs du site et la s\u00e9curit\u00e9 de vos informations personnelles. Notre objectif est que vous","breadcrumb":{"@id":"https:\/\/www.mastercam.com\/fr\/vie-privee\/#breadcrumb"},"inLanguage":"fr-FR","potentialAction":[{"@type":"ReadAction","target":["https:\/\/www.mastercam.com\/fr\/vie-privee\/"]}]},{"@type":"BreadcrumbList","@id":"https:\/\/www.mastercam.com\/fr\/vie-privee\/#breadcrumb","itemListElement":[{"@type":"ListItem","position":1,"name":"Home","item":"https:\/\/www.mastercam.com\/fr\/"},{"@type":"ListItem","position":2,"name":"Vie priv\u00e9e"}]},{"@type":"WebSite","@id":"https:\/\/www.mastercam.com\/fr\/#website","url":"https:\/\/www.mastercam.com\/fr\/","name":"Mastercam","description":"Creating software and services that solve the world&#039;s manufacturing challenges","publisher":{"@id":"https:\/\/www.mastercam.com\/fr\/#organization"},"potentialAction":[{"@type":"SearchAction","target":{"@type":"EntryPoint","urlTemplate":"https:\/\/www.mastercam.com\/fr\/?s={search_term_string}"},"query-input":{"@type":"PropertyValueSpecification","valueRequired":true,"valueName":"search_term_string"}}],"inLanguage":"fr-FR"},{"@type":"Organization","@id":"https:\/\/www.mastercam.com\/fr\/#organization","name":"Mastercam","url":"https:\/\/www.mastercam.com\/fr\/","logo":{"@type":"ImageObject","inLanguage":"fr-FR","@id":"https:\/\/www.mastercam.com\/fr\/#\/schema\/logo\/image\/","url":"https:\/\/www.mastercam.com\/wp-content\/uploads\/2023\/02\/MC_logo.svg","contentUrl":"https:\/\/www.mastercam.com\/wp-content\/uploads\/2023\/02\/MC_logo.svg","width":230,"height":40,"caption":"Mastercam"},"image":{"@id":"https:\/\/www.mastercam.com\/fr\/#\/schema\/logo\/image\/"},"sameAs":["https:\/\/www.facebook.com\/Mastercam\/","https:\/\/x.com\/mastercam","https:\/\/www.linkedin.com\/company\/mastercam","https:\/\/www.youtube.com\/channel\/UChJt5ruSkqnmFH44WsXVZLw","https:\/\/www.instagram.com\/mastercam\/"]}]}},"_links":{"self":[{"href":"https:\/\/www.mastercam.com\/fr\/wp-json\/wp\/v2\/pages\/34778","targetHints":{"allow":["GET"]}}],"collection":[{"href":"https:\/\/www.mastercam.com\/fr\/wp-json\/wp\/v2\/pages"}],"about":[{"href":"https:\/\/www.mastercam.com\/fr\/wp-json\/wp\/v2\/types\/page"}],"author":[{"embeddable":true,"href":"https:\/\/www.mastercam.com\/fr\/wp-json\/wp\/v2\/users\/1"}],"replies":[{"embeddable":true,"href":"https:\/\/www.mastercam.com\/fr\/wp-json\/wp\/v2\/comments?post=34778"}],"version-history":[{"count":0,"href":"https:\/\/www.mastercam.com\/fr\/wp-json\/wp\/v2\/pages\/34778\/revisions"}],"wp:attachment":[{"href":"https:\/\/www.mastercam.com\/fr\/wp-json\/wp\/v2\/media?parent=34778"}],"curies":[{"name":"wp","href":"https:\/\/api.w.org\/{rel}","templated":true}]}}