{"id":34777,"date":"2023-01-31T18:22:49","date_gmt":"2023-01-31T23:22:49","guid":{"rendered":"https:\/\/www.mastercam.com\/industrie\/biens-de-consommation\/"},"modified":"2025-12-17T14:43:40","modified_gmt":"2025-12-17T19:43:40","slug":"biens-de-consommation","status":"publish","type":"page","link":"https:\/\/www.mastercam.com\/fr\/solutions\/industrie\/biens-de-consommation\/","title":{"rendered":"Biens de consommation"},"content":{"rendered":"<div class=\"hero__breadcrumbs\">\n    <div class=\"container-fluid\">\n      <div class=\"row\">\n        <div class=\"col\">\n          <nav aria-label=\"breadcrumbs\"><ol class=\"breadcrumb\"><li><a href=\"https:\/\/www.mastercam.com\/fr\/\">Home<\/a><\/li><\/ol><\/nav>\n        <\/div>\n      <\/div>\n    <\/div>\n  <\/div>\n\n<div class=\"hero hero--minimal wp-block-acf-block-hero\">\n  <div class=\"container-fluid\">\n    <div class=\"row align-items-center\">\n      \n      \n      \n      <div class=\"col-12 col-lg-7 order-2 order-lg-2 hero__content-column\">\n        <div class=\"hero__content\">\n                      <h1 class=\"hero__heading\">\n              \n              Biens de consommation\n            <\/h1>\n          \n                      <p class=\"hero__text\">Logiciel Mastercam pour la fabrication de biens de consommation<\/p>\n          \n          \n          \n          \n                  <\/div>\n      <\/div>\n    <\/div>\n  <\/div>\n<\/div>\n\n<div class=\"wp-block-group is-style-light-gray-bg is-layout-constrained wp-block-group-is-layout-constrained\" style=\"padding-top:var(--wp--preset--spacing--6);padding-bottom:var(--wp--preset--spacing--6)\">\n<div class=\"wp-block-columns is-style-container is-layout-flex wp-container-core-columns-is-layout-28f84493 wp-block-columns-is-layout-flex\">\n<div class=\"wp-block-column is-layout-flow wp-block-column-is-layout-flow\" style=\"flex-basis:50%\">\n<p>Les fabricants de biens de consommation cherchent \u00e0 am\u00e9liorer la conception des produits et la productivit\u00e9 de la fabrication tout en r\u00e9duisant les co\u00fbts et en maintenant la qualit\u00e9.  <\/p>\n\n\n\n<p>La conception de biens de consommation emball\u00e9s recoupe la plus large gamme d&rsquo;applications d&rsquo;usinage. C&rsquo;est pourquoi tant de fabricants de biens de consommation se tournent vers le logiciel de fabrication Mastercam. De notre gamme compl\u00e8te d&rsquo;outils de design pour la fabrication, aux applications couvrant l&rsquo;<a href=\"http:\/\/mastercamcodev.wpenginepowered.com\/solutions\/add-ons\/multiaxis\/\">usinage 2D \u00e0 multiaxes<\/a>, le <a href=\"http:\/\/mastercamcodev.wpenginepowered.com\/solutions\/products\/lathe\/\">tournage<\/a>, le <a href=\"http:\/\/mastercamcodev.wpenginepowered.com\/solutions\/products\/mill-turn\/\">fraisage-tournage<\/a> et l&rsquo;<a href=\"http:\/\/mastercamcodev.wpenginepowered.com\/solutions\/products\/wire\/\">\u00e9lectro\u00e9rosion \u00e0 fil<\/a>, il n&rsquo;y a pratiquement rien que Mastercam ne puisse automatiser.Les fabricants de l&rsquo;a\u00e9rospatiale et de la d\u00e9fense recherchent une technologie de fabrication pour une qualit\u00e9 et une pr\u00e9cision d&rsquo;un niveau exceptionnellement \u00e9lev\u00e9. Quelle meilleure fa\u00e7on d&rsquo;y parvenir qu&rsquo;avec le dernier logiciel de fabrication pour la d\u00e9fense et l&rsquo;a\u00e9rospatiale du num\u00e9ro un mondial des syst\u00e8mes de FAO ? Faites confiance \u00e0 Mastercam pour apporter pr\u00e9cision et efficacit\u00e9 \u00e0 vos pi\u00e8ces finies, avec des processus d&rsquo;enl\u00e8vement de m\u00e9tal in\u00e9gal\u00e9s, m\u00eame pour les mat\u00e9riaux les plus durs de l&rsquo;a\u00e9rospatiale et de la d\u00e9fense.    <\/p>\n<\/div>\n\n\n\n<div class=\"wp-block-column is-layout-flow wp-block-column-is-layout-flow\" style=\"flex-basis:50%\">\n<p><strong>Dans la fabrication de biens de consommation, le succ\u00e8s d\u00e9pend de la pr\u00e9cision, de la fiabilit\u00e9 et de la rapidit\u00e9. Mastercam fournit des solutions logicielles CAO\/FAO pour r\u00e9pondre aux exigences rigoureuses de l&rsquo;industrie dans ce domaine, notamment : <\/strong><\/p>\n\n\n\n<ul class=\"wp-block-list\">\n<li>Possibilit\u00e9 d&rsquo;importer, de cr\u00e9er ou de d\u00e9couper pratiquement n&rsquo;importe quel mod\u00e8le CAO.<\/li>\n\n\n\n<li>Large gamme d&rsquo;outils FAO pour r\u00e9soudre les probl\u00e8mes d&rsquo;usinage complexes.<\/li>\n\n\n\n<li>Le mouvement dynamique\u2122 augmente la dur\u00e9e de vie de l&rsquo;outil et diminue le temps de coupe.<\/li>\n\n\n\n<li>Des parcours d&rsquo;outils intelligents qui ciblent efficacement les zones non coup\u00e9es.<\/li>\n\n\n\n<li>Interface simplifi\u00e9e et chemin d&rsquo;acc\u00e8s facile.<\/li>\n\n\n\n<li>Capacit\u00e9 \u00e0 usiner des aciers \u00e0 outils tremp\u00e9s selon des sp\u00e9cifications pr\u00e9cises.<\/li>\n\n\n\n<li>Tournage de pi\u00e8ces \u00e0 haut rendement.<\/li>\n\n\n\n<li>Cr\u00e9ation de matrices\/moules complexes utilis\u00e9s dans la fabrication de produits de consommation.<\/li>\n<\/ul>\n<\/div>\n<\/div>\n<\/div>\n\n<div class=\"wp-block-columns is-style-medium is-layout-flex wp-container-core-columns-is-layout-b9053888 wp-block-columns-is-layout-flex\" style=\"padding-top:var(--wp--preset--spacing--5)\">\n<div class=\"wp-block-column is-layout-flow wp-block-column-is-layout-flow\">\n<h2 class=\"wp-block-heading\">Logiciel Mastercam pour la fabrication de biens de consommation<\/h2>\n\n\n\n<p>Les consommateurs attendent ce qu&rsquo;il y a de mieux, et les fabricants de biens de consommation recherchent des moyens abordables d&rsquo;optimiser la productivit\u00e9 et de r\u00e9pondre \u00e0 cette attente. La fabrication de biens de consommation d\u00e9pend d&rsquo;une pr\u00e9cision fiable, de la flexibilit\u00e9 et d&rsquo;une finition parfaite. Qu&rsquo;il s&rsquo;agisse de petits ateliers produisant des pi\u00e8ces sp\u00e9cialis\u00e9es ou de grandes entreprises produisant en masse des articles populaires, toutes les parties concern\u00e9es ont besoin d&rsquo;un logiciel de CAO\/FAO capable de r\u00e9pondre aux exigences croissantes de l&rsquo;industrie.  <\/p>\n\n\n\n<p>Le logiciel id\u00e9al pour les biens de consommation n&rsquo;est qu&rsquo;un ingr\u00e9dient du succ\u00e8s. Collectivement, notre communaut\u00e9 mondiale d&rsquo;utilisateurs, d&rsquo;experts, d&rsquo;\u00e9ducateurs et de passionn\u00e9s de Mastercam forme une ressource pr\u00e9cieuse de connaissances et d&rsquo;innovation. Et nos repr\u00e9sentants Mastercam apportent des ann\u00e9es d&rsquo;exp\u00e9rience pratique dans diverses industries et march\u00e9s locaux, contribuant \u00e0 vous assurer que vous avez toujours le soutien dont vous avez besoin pour tirer le meilleur parti de votre investissement dans la CAO\/FAO.  <\/p>\n\n\n\n<p>Notre gamme de solutions d&rsquo;usinage et de parcours d&rsquo;outils propri\u00e9taires est la norme de l&rsquo;industrie des biens de consommation. L&rsquo;attention port\u00e9e aux d\u00e9tails, ainsi qu&rsquo;une finition de surface sup\u00e9rieure et de haute qualit\u00e9 font de Mastercam l&rsquo;outil incontournable pour la production de pi\u00e8ces et de moules. <\/p>\n\n\n\n<p>Dans le secteur des biens de consommation, la vitesse et la fiabilit\u00e9 sont primordiales, et nous offrons les outils n\u00e9cessaires pour r\u00e9pondre aux besoins de pr\u00e9cision de votre atelier, du Design au tournage en passant par le multit\u00e2che, l&rsquo;\u00e9lectrorosion \u00e0 fil, et bien plus encore. Consultez la gamme compl\u00e8te des <g id=\"gid_0\">produits Mastercam<\/g> pour trouver les bonnes solutions \u00e0 vos d\u00e9fis de fabrication. Si votre atelier le fait, nous pouvons le supporter.  <\/p>\n\n\n\n<div class=\"wp-block-buttons is-layout-flex wp-block-buttons-is-layout-flex\">\n<div class=\"wp-block-button is-style-secondary\"><a class=\"wp-block-button__link wp-element-button\" href=\"https:\/\/www.mastercam.com\/fr\/produits\/\">Voir les produits<\/a><\/div>\n<\/div>\n<\/div>\n<\/div>\n\n<div class=\"wp-block-columns is-style-container is-layout-flex wp-container-core-columns-is-layout-28f84493 wp-block-columns-is-layout-flex\">\n<div class=\"wp-block-column is-layout-flow wp-block-column-is-layout-flow\">\n<h2 class=\"wp-block-heading\" style=\"padding-top:var(--wp--preset--spacing--6)\">Modules compl\u00e9mentaires<\/h2>\n\n\n<div class=\"aligncenter wp-block-acf-block-add-ons\">\n  <div class=\"row block-addons\">\n                                        <div class=\"block-addons__item col-xs-12 col-sm-6 col-md-4 col-lg-3\">\n              <a href=\"https:\/\/www.mastercam.com\/fr\/solutions\/add-ons\/multiaxis\/\" class=\"btn btn-outline-secondary w-100\">\n                Usinage Multiaxes\n              <\/a>\n            <\/div>\n                              <\/div>\n<\/div>\n<\/div>\n<\/div>\n<div class=\"container-fluid align wp-block-acf-block-media-object\">\n  <div class=\"row\">\n    <div class=\"col\">\n      <div class=\"d-flex flex-column flex-lg-row media-object media-object--shaded\">\n        <div class=\"flex-shrink-0 media-object__image order-1  order-lg-3 \">\n                                    \n              <a href=\"https:\/\/www.mastercam.com\/fr\/?page_id=34718\" tabindex=\"-1\">\n                <img decoding=\"async\" src=\"https:\/\/www.mastercam.com\/wp-content\/uploads\/2023\/01\/Rectangle-2.jpg\" alt=\"man wearing a headset typing on a desktop computer\" loading=\"lazy\">\n              <\/a>\n                              <\/div>\n        <div class=\"media-object__body flex-grow-1 d-lg-flex flex-column order-2 justify-content-lg-center\">\n                                <h2 class=\"media-object__header h3\">Contacter Mastercam<\/h2>\n                                <div class=\"media-object__content\">\n              <div class=\"wp-block-media-text__content\"><!-- wp:acf\/block-media-object {\"name\":\"acf\/block-media-object\",\"data\":{\"mo_image\":215,\"_mo_image\":\"field_657731058bab2\",\"mo_youtube_id\":\"\",\"_mo_youtube_id\":\"field_659d952daebdd\",\"mo_heading\":\"Contact Mastercam\",\"_mo_heading\":\"field_6577301a8baad\",\"mo_heading_style\":\"h2\",\"_mo_heading_style\":\"field_6577303f8baae\",\"mo_body\":\"Contact us to explore CAD\/CAM solutions for improved Consumer Goods manufacturing.\",\"_mo_body\":\"field_657730878baaf\",\"mo_body_style\":\"1\",\"_mo_body_style\":\"field_66c6023051edb\",\"mo_button\":{\"title\":\"Contact Mastercam\",\"url\":\"https:\/\/www.mastercam.com\/find-a-partner\/\",\"target\":\"\"},\"_mo_button\":\"field_657730c68bab0\",\"mo_button_style\":\"secondary\",\"_mo_button_style\":\"field_657730dc8bab1\",\"mo_layout\":\"align-right\",\"_mo_layout\":\"field_657742c048488\",\"mo_background\":\"1\",\"_mo_background\":\"field_66c5fe37bff36\"},\"align\":\"\",\"mode\":\"auto\"} \/-->Contactez-nous pour d\u00e9couvrir les solutions logicielles de fabrication CAO\/FAO pour l&rsquo;a\u00e9rospatiale et la d\u00e9fense.<\/p>\n<\/div>\n\n            <\/div>\n                                <div class=\"media-object__cta\">\n              <a href=\"https:\/\/www.mastercam.com\/fr\/?page_id=34718\" class=\"btn btn-outline-secondary\">Contacter Mastercam<\/a>\n            <\/div>\n                  <\/div>\n      <\/div>\n    <\/div>\n  <\/div>\n<\/div>\n\n<div class=\"wp-block-group is-style-light-gray-bg is-layout-constrained wp-block-group-is-layout-constrained\" style=\"margin-top:0;margin-bottom:0;padding-top:var(--wp--preset--spacing--6);padding-bottom:var(--wp--preset--spacing--6)\"><div class=\"container-fluid aligncenter wp-block-acf-block-case-studies\">\n  <div id=\"case-studies\" class=\"row\">\n    <div class=\"col-12 col-md-8\">\n      <h2>Success Stories<\/h2>\n          <\/div>\n    <div class=\"col-12 col-md-4 mt-5 mt-md-0 text-md-end\">\n      <a href=\"https:\/\/www.mastercam.com\/fr\/success-stories\/\" class=\"btn btn-outline-secondary btn-view-all\">View all<\/a>\n    <\/div>\n  <\/div>\n  <div class=\"cards mt-5\">\n          \n              <div class=\"col col-12 col-md-6 col-lg-6\">\n  <div class=\"card h-100 case-studies card--linked\">\n          <div class=\"skeleton-image card-img-top\" style=\"--skeleton-aspect-ratio: 375 \/ 236;\">\n        <img decoding=\"async\" src=\"https:\/\/www.mastercam.com\/wp-content\/uploads\/2023\/04\/HoistdrumMachine-1024x356.jpeg\" alt=\"3D-Machine, Inc.\" loading=\"lazy\" onload=\"this.classList.add('loaded')\" \/>\n      <\/div>\n    \n    <div class=\"card-body\">\n              <span class=\"card-category card-category--static\">Success Stories<\/span>\n      \n      <h3 class=\"card-title\">3D-Machine, Inc.<\/h3>\n\n              <p class=\"card-text\">Before using Mastercam Lathe Custom Thread toolpath, producing a hoist drum\u2014including machine set up, tooling, and machining\u2014took at least 40 hours. With the CAM toolpath, 3D-Machine, Inc. produced the part in just seven hours.<\/p>\n      \n          <\/div>\n\n          \n      <div class=\"card-footer\">\n        <a class=\"btn btn-outline-secondary stretched-link\" href=\"https:\/\/www.mastercam.com\/fr\/success-stories\/3d-machine-inc\/\">\n          Read more<span class=\"sr-only\"> about 3D-Machine, Inc.<\/span>\n        <\/a>\n      <\/div>\n      <\/div>\n\n  <\/div>\n                \n              <div class=\"col col-12 col-md-6 col-lg-6\">\n  <div class=\"card h-100 case-studies card--linked\">\n          <div class=\"skeleton-image card-img-top\" style=\"--skeleton-aspect-ratio: 375 \/ 236;\">\n        <img decoding=\"async\" src=\"https:\/\/www.mastercam.com\/wp-content\/uploads\/2023\/04\/APS-1440x500-1-1024x356.jpeg\" alt=\"L&amp;rsquo;histoire de la r\u00e9ussite d&amp;rsquo;APS Plastics\" loading=\"lazy\" onload=\"this.classList.add('loaded')\" \/>\n      <\/div>\n    \n    <div class=\"card-body\">\n              <span class=\"card-category card-category--static\">Success Stories<\/span>\n      \n      <h3 class=\"card-title\">L&rsquo;histoire de la r\u00e9ussite d&rsquo;APS Plastics<\/h3>\n\n              <p class=\"card-text\">APS Plastics &amp; Manufacturing (Tomball, TX) usine des composants composites sur mesure depuis 2006. En 2016, l&#039;entreprise a \u00e9t\u00e9 rachet\u00e9e par Framework Capital Partners, une soci\u00e9t\u00e9 d&#039;investissement qui s&#039;est engag\u00e9e \u00e0 optimiser les pratiques de fabrication. Dirig\u00e9e par le PDG Mushahid (Mush) Khan, APS est sp\u00e9cialis\u00e9e dans les petits composants de haute pr\u00e9cision en composites\u2026<\/p>\n      \n          <\/div>\n\n          \n      <div class=\"card-footer\">\n        <a class=\"btn btn-outline-secondary stretched-link\" href=\"https:\/\/www.mastercam.com\/fr\/success-stories\/lhistoire-de-la-reussite-daps-plastics\/\">\n          Read more<span class=\"sr-only\"> about L&amp;rsquo;histoire de la r\u00e9ussite d&amp;rsquo;APS Plastics<\/span>\n        <\/a>\n      <\/div>\n      <\/div>\n\n  <\/div>\n            <\/div>\n<\/div>\n<\/div>\n","protected":false},"excerpt":{"rendered":"<p>Les fabricants de biens de consommation cherchent \u00e0 am\u00e9liorer la conception des produits et la [&hellip;]<\/p>\n","protected":false},"author":1,"featured_media":0,"parent":34770,"menu_order":0,"comment_status":"closed","ping_status":"closed","template":"","meta":{"_acf_changed":false,"footnotes":""},"class_list":["post-34777","page","type-page","status-publish","hentry"],"acf":[],"yoast_head":"<!-- This site is optimized with the Yoast SEO plugin v27.4 - https:\/\/yoast.com\/product\/yoast-seo-wordpress\/ -->\n<title>Logiciel de fabrication de biens de consommation | Mastercam<\/title>\n<meta name=\"description\" content=\"Le logiciel CAO\/FAO de Mastercam pour la fabrication de biens de consommation aide les entreprises \u00e0 produire des produits de haute qualit\u00e9 avec pr\u00e9cision et facilit\u00e9. Cliquez ici pour en savoir plus.\" \/>\n<meta name=\"robots\" content=\"index, follow, max-snippet:-1, max-image-preview:large, max-video-preview:-1\" \/>\n<link rel=\"canonical\" href=\"https:\/\/www.mastercam.com\/fr\/solutions\/industrie\/biens-de-consommation\/\" \/>\n<meta property=\"og:locale\" content=\"fr_FR\" \/>\n<meta property=\"og:type\" content=\"article\" \/>\n<meta property=\"og:title\" content=\"Logiciel de fabrication de biens de consommation | Mastercam\" \/>\n<meta property=\"og:description\" content=\"Le logiciel CAO\/FAO de Mastercam pour la fabrication de biens de consommation aide les entreprises \u00e0 produire des produits de haute qualit\u00e9 avec pr\u00e9cision et facilit\u00e9. Cliquez ici pour en savoir plus.\" \/>\n<meta property=\"og:url\" content=\"https:\/\/www.mastercam.com\/fr\/solutions\/industrie\/biens-de-consommation\/\" \/>\n<meta property=\"og:site_name\" content=\"mastercam.com\" \/>\n<meta property=\"article:publisher\" content=\"https:\/\/www.facebook.com\/Mastercam\/\" \/>\n<meta property=\"article:modified_time\" content=\"2025-12-17T19:43:40+00:00\" \/>\n<meta property=\"og:image\" content=\"https:\/\/www.mastercam.com\/wp-content\/uploads\/2024\/02\/drill-wide-photo-1200x675-1.jpg\" \/>\n\t<meta property=\"og:image:width\" content=\"1200\" \/>\n\t<meta property=\"og:image:height\" content=\"675\" \/>\n\t<meta property=\"og:image:type\" content=\"image\/jpeg\" \/>\n<meta name=\"twitter:card\" content=\"summary_large_image\" \/>\n<meta name=\"twitter:site\" content=\"@mastercam\" \/>\n<meta name=\"twitter:label1\" content=\"Est. reading time\" \/>\n\t<meta name=\"twitter:data1\" content=\"3 minutes\" \/>\n<script type=\"application\/ld+json\" class=\"yoast-schema-graph\">{\"@context\":\"https:\\\/\\\/schema.org\",\"@graph\":[{\"@type\":\"WebPage\",\"@id\":\"https:\\\/\\\/www.mastercam.com\\\/fr\\\/solutions\\\/industrie\\\/biens-de-consommation\\\/\",\"url\":\"https:\\\/\\\/www.mastercam.com\\\/fr\\\/solutions\\\/industrie\\\/biens-de-consommation\\\/\",\"name\":\"Logiciel de fabrication de biens de consommation | Mastercam\",\"isPartOf\":{\"@id\":\"https:\\\/\\\/www.mastercam.com\\\/fr\\\/#website\"},\"datePublished\":\"2023-01-31T23:22:49+00:00\",\"dateModified\":\"2025-12-17T19:43:40+00:00\",\"description\":\"Le logiciel CAO\\\/FAO de Mastercam pour la fabrication de biens de consommation aide les entreprises \u00e0 produire des produits de haute qualit\u00e9 avec pr\u00e9cision et facilit\u00e9. Cliquez ici pour en savoir plus.\",\"breadcrumb\":{\"@id\":\"https:\\\/\\\/www.mastercam.com\\\/fr\\\/solutions\\\/industrie\\\/biens-de-consommation\\\/#breadcrumb\"},\"inLanguage\":\"fr-FR\",\"potentialAction\":[{\"@type\":\"ReadAction\",\"target\":[\"https:\\\/\\\/www.mastercam.com\\\/fr\\\/solutions\\\/industrie\\\/biens-de-consommation\\\/\"]}]},{\"@type\":\"BreadcrumbList\",\"@id\":\"https:\\\/\\\/www.mastercam.com\\\/fr\\\/solutions\\\/industrie\\\/biens-de-consommation\\\/#breadcrumb\",\"itemListElement\":[{\"@type\":\"ListItem\",\"position\":1,\"name\":\"Home\",\"item\":\"https:\\\/\\\/www.mastercam.com\\\/fr\\\/\"},{\"@type\":\"ListItem\",\"position\":2,\"name\":\"Solutions\",\"item\":\"https:\\\/\\\/www.mastercam.com\\\/fr\\\/solutions\\\/\"},{\"@type\":\"ListItem\",\"position\":3,\"name\":\"Industrie\",\"item\":\"https:\\\/\\\/www.mastercam.com\\\/fr\\\/solutions\\\/industrie\\\/\"},{\"@type\":\"ListItem\",\"position\":4,\"name\":\"Biens de consommation\"}]},{\"@type\":\"WebSite\",\"@id\":\"https:\\\/\\\/www.mastercam.com\\\/fr\\\/#website\",\"url\":\"https:\\\/\\\/www.mastercam.com\\\/fr\\\/\",\"name\":\"Mastercam\",\"description\":\"Creating software and services that solve the world&#039;s manufacturing challenges\",\"publisher\":{\"@id\":\"https:\\\/\\\/www.mastercam.com\\\/fr\\\/#organization\"},\"potentialAction\":[{\"@type\":\"SearchAction\",\"target\":{\"@type\":\"EntryPoint\",\"urlTemplate\":\"https:\\\/\\\/www.mastercam.com\\\/fr\\\/?s={search_term_string}\"},\"query-input\":{\"@type\":\"PropertyValueSpecification\",\"valueRequired\":true,\"valueName\":\"search_term_string\"}}],\"inLanguage\":\"fr-FR\"},{\"@type\":\"Organization\",\"@id\":\"https:\\\/\\\/www.mastercam.com\\\/fr\\\/#organization\",\"name\":\"Mastercam\",\"url\":\"https:\\\/\\\/www.mastercam.com\\\/fr\\\/\",\"logo\":{\"@type\":\"ImageObject\",\"inLanguage\":\"fr-FR\",\"@id\":\"https:\\\/\\\/www.mastercam.com\\\/fr\\\/#\\\/schema\\\/logo\\\/image\\\/\",\"url\":\"https:\\\/\\\/www.mastercam.com\\\/wp-content\\\/uploads\\\/2023\\\/02\\\/MC_logo.svg\",\"contentUrl\":\"https:\\\/\\\/www.mastercam.com\\\/wp-content\\\/uploads\\\/2023\\\/02\\\/MC_logo.svg\",\"width\":230,\"height\":40,\"caption\":\"Mastercam\"},\"image\":{\"@id\":\"https:\\\/\\\/www.mastercam.com\\\/fr\\\/#\\\/schema\\\/logo\\\/image\\\/\"},\"sameAs\":[\"https:\\\/\\\/www.facebook.com\\\/Mastercam\\\/\",\"https:\\\/\\\/x.com\\\/mastercam\",\"https:\\\/\\\/www.linkedin.com\\\/company\\\/mastercam\",\"https:\\\/\\\/www.youtube.com\\\/channel\\\/UChJt5ruSkqnmFH44WsXVZLw\",\"https:\\\/\\\/www.instagram.com\\\/mastercam\\\/\"]}]}<\/script>\n<!-- \/ Yoast SEO plugin. -->","yoast_head_json":{"title":"Logiciel de fabrication de biens de consommation | Mastercam","description":"Le logiciel CAO\/FAO de Mastercam pour la fabrication de biens de consommation aide les entreprises \u00e0 produire des produits de haute qualit\u00e9 avec pr\u00e9cision et facilit\u00e9. Cliquez ici pour en savoir plus.","robots":{"index":"index","follow":"follow","max-snippet":"max-snippet:-1","max-image-preview":"max-image-preview:large","max-video-preview":"max-video-preview:-1"},"canonical":"https:\/\/www.mastercam.com\/fr\/solutions\/industrie\/biens-de-consommation\/","og_locale":"fr_FR","og_type":"article","og_title":"Logiciel de fabrication de biens de consommation | Mastercam","og_description":"Le logiciel CAO\/FAO de Mastercam pour la fabrication de biens de consommation aide les entreprises \u00e0 produire des produits de haute qualit\u00e9 avec pr\u00e9cision et facilit\u00e9. Cliquez ici pour en savoir plus.","og_url":"https:\/\/www.mastercam.com\/fr\/solutions\/industrie\/biens-de-consommation\/","og_site_name":"mastercam.com","article_publisher":"https:\/\/www.facebook.com\/Mastercam\/","article_modified_time":"2025-12-17T19:43:40+00:00","og_image":[{"width":1200,"height":675,"url":"https:\/\/www.mastercam.com\/wp-content\/uploads\/2024\/02\/drill-wide-photo-1200x675-1.jpg","type":"image\/jpeg"}],"twitter_card":"summary_large_image","twitter_site":"@mastercam","twitter_misc":{"Est. reading time":"3 minutes"},"schema":{"@context":"https:\/\/schema.org","@graph":[{"@type":"WebPage","@id":"https:\/\/www.mastercam.com\/fr\/solutions\/industrie\/biens-de-consommation\/","url":"https:\/\/www.mastercam.com\/fr\/solutions\/industrie\/biens-de-consommation\/","name":"Logiciel de fabrication de biens de consommation | Mastercam","isPartOf":{"@id":"https:\/\/www.mastercam.com\/fr\/#website"},"datePublished":"2023-01-31T23:22:49+00:00","dateModified":"2025-12-17T19:43:40+00:00","description":"Le logiciel CAO\/FAO de Mastercam pour la fabrication de biens de consommation aide les entreprises \u00e0 produire des produits de haute qualit\u00e9 avec pr\u00e9cision et facilit\u00e9. Cliquez ici pour en savoir plus.","breadcrumb":{"@id":"https:\/\/www.mastercam.com\/fr\/solutions\/industrie\/biens-de-consommation\/#breadcrumb"},"inLanguage":"fr-FR","potentialAction":[{"@type":"ReadAction","target":["https:\/\/www.mastercam.com\/fr\/solutions\/industrie\/biens-de-consommation\/"]}]},{"@type":"BreadcrumbList","@id":"https:\/\/www.mastercam.com\/fr\/solutions\/industrie\/biens-de-consommation\/#breadcrumb","itemListElement":[{"@type":"ListItem","position":1,"name":"Home","item":"https:\/\/www.mastercam.com\/fr\/"},{"@type":"ListItem","position":2,"name":"Solutions","item":"https:\/\/www.mastercam.com\/fr\/solutions\/"},{"@type":"ListItem","position":3,"name":"Industrie","item":"https:\/\/www.mastercam.com\/fr\/solutions\/industrie\/"},{"@type":"ListItem","position":4,"name":"Biens de consommation"}]},{"@type":"WebSite","@id":"https:\/\/www.mastercam.com\/fr\/#website","url":"https:\/\/www.mastercam.com\/fr\/","name":"Mastercam","description":"Creating software and services that solve the world&#039;s manufacturing challenges","publisher":{"@id":"https:\/\/www.mastercam.com\/fr\/#organization"},"potentialAction":[{"@type":"SearchAction","target":{"@type":"EntryPoint","urlTemplate":"https:\/\/www.mastercam.com\/fr\/?s={search_term_string}"},"query-input":{"@type":"PropertyValueSpecification","valueRequired":true,"valueName":"search_term_string"}}],"inLanguage":"fr-FR"},{"@type":"Organization","@id":"https:\/\/www.mastercam.com\/fr\/#organization","name":"Mastercam","url":"https:\/\/www.mastercam.com\/fr\/","logo":{"@type":"ImageObject","inLanguage":"fr-FR","@id":"https:\/\/www.mastercam.com\/fr\/#\/schema\/logo\/image\/","url":"https:\/\/www.mastercam.com\/wp-content\/uploads\/2023\/02\/MC_logo.svg","contentUrl":"https:\/\/www.mastercam.com\/wp-content\/uploads\/2023\/02\/MC_logo.svg","width":230,"height":40,"caption":"Mastercam"},"image":{"@id":"https:\/\/www.mastercam.com\/fr\/#\/schema\/logo\/image\/"},"sameAs":["https:\/\/www.facebook.com\/Mastercam\/","https:\/\/x.com\/mastercam","https:\/\/www.linkedin.com\/company\/mastercam","https:\/\/www.youtube.com\/channel\/UChJt5ruSkqnmFH44WsXVZLw","https:\/\/www.instagram.com\/mastercam\/"]}]}},"_links":{"self":[{"href":"https:\/\/www.mastercam.com\/fr\/wp-json\/wp\/v2\/pages\/34777","targetHints":{"allow":["GET"]}}],"collection":[{"href":"https:\/\/www.mastercam.com\/fr\/wp-json\/wp\/v2\/pages"}],"about":[{"href":"https:\/\/www.mastercam.com\/fr\/wp-json\/wp\/v2\/types\/page"}],"author":[{"embeddable":true,"href":"https:\/\/www.mastercam.com\/fr\/wp-json\/wp\/v2\/users\/1"}],"replies":[{"embeddable":true,"href":"https:\/\/www.mastercam.com\/fr\/wp-json\/wp\/v2\/comments?post=34777"}],"version-history":[{"count":0,"href":"https:\/\/www.mastercam.com\/fr\/wp-json\/wp\/v2\/pages\/34777\/revisions"}],"up":[{"embeddable":true,"href":"https:\/\/www.mastercam.com\/fr\/wp-json\/wp\/v2\/pages\/34770"}],"wp:attachment":[{"href":"https:\/\/www.mastercam.com\/fr\/wp-json\/wp\/v2\/media?parent=34777"}],"curies":[{"name":"wp","href":"https:\/\/api.w.org\/{rel}","templated":true}]}}