{"id":34776,"date":"2023-01-31T18:22:32","date_gmt":"2023-01-31T23:22:32","guid":{"rendered":"https:\/\/www.mastercam.com\/industrie\/aerospatiale-et-defense\/"},"modified":"2025-12-17T14:43:40","modified_gmt":"2025-12-17T19:43:40","slug":"aerospatiale-et-defense","status":"publish","type":"page","link":"https:\/\/www.mastercam.com\/fr\/solutions\/industrie\/aerospatiale-et-defense\/","title":{"rendered":"A\u00e9rospatiale et d\u00e9fense"},"content":{"rendered":"<div class=\"hero__breadcrumbs\">\n    <div class=\"container-fluid\">\n      <div class=\"row\">\n        <div class=\"col\">\n          <nav aria-label=\"breadcrumbs\"><ol class=\"breadcrumb\"><li><a href=\"https:\/\/www.mastercam.com\/fr\/\">Home<\/a><\/li><\/ol><\/nav>\n        <\/div>\n      <\/div>\n    <\/div>\n  <\/div>\n\n<div class=\"hero hero--minimal wp-block-acf-block-hero\">\n  <div class=\"container-fluid\">\n    <div class=\"row align-items-center\">\n      \n      \n      \n      <div class=\"col-12 col-lg-7 order-2 order-lg-2 hero__content-column\">\n        <div class=\"hero__content\">\n                      <h1 class=\"hero__heading\">\n              \n              A\u00e9rospatiale et d\u00e9fense\n            <\/h1>\n          \n                      <p class=\"hero__text\">Solutions logicielles CAO\/FAO pour l&#039;industrie a\u00e9rospatiale et de la d\u00e9fense<\/p>\n          \n          \n          \n          \n                  <\/div>\n      <\/div>\n    <\/div>\n  <\/div>\n<\/div>\n\n<div class=\"wp-block-group is-style-light-gray-bg is-layout-constrained wp-block-group-is-layout-constrained\" style=\"padding-top:var(--wp--preset--spacing--6);padding-bottom:var(--wp--preset--spacing--6)\">\n<div class=\"wp-block-columns is-style-container is-layout-flex wp-container-core-columns-is-layout-28f84493 wp-block-columns-is-layout-flex\">\n<div class=\"wp-block-column is-layout-flow wp-block-column-is-layout-flow\" style=\"flex-basis:50%\">\n<p>Les fabricants des secteurs de l&rsquo;a\u00e9rospatiale et de la d\u00e9fense recherchent une technologie de fabrication qui leur permette d&rsquo;atteindre un niveau de qualit\u00e9 et de pr\u00e9cision exceptionnellement \u00e9lev\u00e9. Quelle meilleure fa\u00e7on d&rsquo;y parvenir qu&rsquo;avec le dernier logiciel de fabrication pour la d\u00e9fense et l&rsquo;a\u00e9rospatiale du num\u00e9ro un mondial des syst\u00e8mes de FAO ? Faites confiance \u00e0 Mastercam pour apporter pr\u00e9cision et efficacit\u00e9 \u00e0 vos pi\u00e8ces finies, avec des processus d&rsquo;enl\u00e8vement de m\u00e9tal in\u00e9gal\u00e9s, m\u00eame pour les mat\u00e9riaux les plus durs de l&rsquo;a\u00e9rospatiale et de la d\u00e9fense.  <\/p>\n<\/div>\n\n\n\n<div class=\"wp-block-column is-layout-flow wp-block-column-is-layout-flow\" style=\"flex-basis:50%\">\n<p><strong><strong>Dans le domaine de l&rsquo;a\u00e9rospatiale et de la d\u00e9fense, le succ\u00e8s d\u00e9pend de la pr\u00e9cision, de la fiabilit\u00e9 et de la rapidit\u00e9. Mastercam fournit des solutions CAO\/FAO pour l&rsquo;a\u00e9rospatiale afin de r\u00e9pondre aux exigences rigoureuses de l&rsquo;industrie dans ces domaines, notamment : <\/strong><\/strong><\/p>\n\n\n\n<ul id=\"block-d50c2abc-3def-4685-9d5c-6a402d83165d\" class=\"wp-block-list\">\n<li>Strat\u00e9gies logicielles pour relever les d\u00e9fis de l&rsquo;usinage complexe.<\/li>\n\n\n\n<li>Des parcours d&rsquo;outils efficaces qui s&rsquo;adaptent aux pi\u00e8ces forg\u00e9es et moul\u00e9es.<\/li>\n\n\n\n<li>D\u00e9coupe, limitation et per\u00e7age rationalis\u00e9s sur 5 axes.<\/li>\n\n\n\n<li>Mouvement d&rsquo;outil sp\u00e9cialis\u00e9 pour une dur\u00e9e totale de l&rsquo;outil et une r\u00e9duction du temps de coupe.<\/li>\n\n\n\n<li>Des solutions tierces qui s&rsquo;int\u00e8grent \u00e0 Mastercam pour le suivi de l&rsquo;atelier et du processus.<\/li>\n\n\n\n<li>Des parcours d&rsquo;outils intelligents qui ciblent efficacement les zones non coup\u00e9es.<\/li>\n<\/ul>\n<\/div>\n<\/div>\n<\/div>\n\n<div class=\"wp-block-columns is-style-medium is-layout-flex wp-container-core-columns-is-layout-b9053888 wp-block-columns-is-layout-flex\" style=\"padding-top:var(--wp--preset--spacing--5)\">\n<div class=\"wp-block-column is-layout-flow wp-block-column-is-layout-flow\">\n<h2 class=\"wp-block-heading\">Solutions logicielles CAO\/FAO pour l&rsquo;industrie a\u00e9rospatiale et de la d\u00e9fense<\/h2>\n\n\n\n<p>Le logiciel de FAO pour l&rsquo;a\u00e9rospatiale n&rsquo;est qu&rsquo;un ingr\u00e9dient du succ\u00e8s. Collectivement, notre communaut\u00e9 mondiale d&rsquo;utilisateurs, d&rsquo;experts, d&rsquo;\u00e9ducateurs et de passionn\u00e9s de Mastercam forme une ressource pr\u00e9cieuse de connaissances et d&rsquo;innovation. Et nos repr\u00e9sentants Mastercam apportent des ann\u00e9es d&rsquo;exp\u00e9rience pratique dans diverses <a href=\"https:\/\/www.mastercam.com\/fr\/industrie\/\">industries<\/a> et march\u00e9s locaux, vous aidant \u00e0 vous assurer que vous avez toujours le soutien dont vous avez besoin pour tirer le meilleur parti de votre investissement dans la CAO\/FAO.  <\/p>\n\n\n\n<p>Nous avons d\u00e9velopp\u00e9 le plus grand r\u00e9seau mondial de partenaires FAO afin d&rsquo;offrir \u00e0 nos utilisateurs des secteurs de l&rsquo;a\u00e9rospatiale et de la d\u00e9fense un \u00e9ventail d&rsquo;options permettant de relever les d\u00e9fis de la production. Nos solutions logicielles de CAO\/FAO tirent parti des derni\u00e8res technologies d\u00e9velopp\u00e9es par les fabricants d&rsquo;outils, de logiciels et de machines-outils du monde entier. <\/p>\n\n\n\n<p>Notre capacit\u00e9 5 axes et nos strat\u00e9gies propri\u00e9taires d&rsquo;enl\u00e8vement de m\u00e9tal sont la norme dans l&rsquo;industrie a\u00e9rospatiale. Avec l&rsquo;outillage ad\u00e9quat, aucun autre logiciel de CAO\/FAO ne permet d&rsquo;enlever autant de mati\u00e8re d&rsquo;une pi\u00e8ce en aussi peu de temps et de prolonger la dur\u00e9e de vie de l&rsquo;outil. <\/p>\n\n\n\n<p>Dans l&rsquo;a\u00e9rospatiale et la d\u00e9fense, il n&rsquo;y a pas que le fraisage, et nous offrons les outils pour compl\u00e9ter les besoins de pr\u00e9cision de votre atelier, du design au tournage en passant par l&rsquo;\u00e9rosion-tournage, l&rsquo;\u00e9lectro\u00e9rosion \u00e0 fil, et bien plus encore. Consultez la gamme compl\u00e8te des <a href=\"https:\/\/www.mastercam.com\/fr\/produits\/\">logiciels Mastercam<\/a> pour trouver les bonnes solutions \u00e0 vos d\u00e9fis de fabrication. Si votre atelier le fait, nous pouvons le supporter.  <\/p>\n\n\n\n<div class=\"wp-block-buttons is-layout-flex wp-block-buttons-is-layout-flex\">\n<div class=\"wp-block-button is-style-secondary\"><a class=\"wp-block-button__link wp-element-button\" href=\"https:\/\/www.mastercam.com\/fr\/produits\/\">Voir les produits<\/a><\/div>\n<\/div>\n<\/div>\n<\/div>\n\n<div class=\"wp-block-columns is-style-container is-layout-flex wp-container-core-columns-is-layout-28f84493 wp-block-columns-is-layout-flex\">\n<div class=\"wp-block-column is-layout-flow wp-block-column-is-layout-flow\">\n<h2 class=\"wp-block-heading\" style=\"padding-top:var(--wp--preset--spacing--6)\">Modules compl\u00e9mentaires<\/h2>\n\n\n<div class=\"aligncenter wp-block-acf-block-add-ons\">\n  <div class=\"row block-addons\">\n                                        <div class=\"block-addons__item col-xs-12 col-sm-6 col-md-4 col-lg-3\">\n              <a href=\"https:\/\/www.mastercam.com\/fr\/solutions\/add-ons\/port-expert\/\" class=\"btn btn-outline-secondary w-100\">\n                Port Expert\n              <\/a>\n            <\/div>\n                                                                <div class=\"block-addons__item col-xs-12 col-sm-6 col-md-4 col-lg-3\">\n              <a href=\"https:\/\/www.mastercam.com\/fr\/solutions\/add-ons\/multiaxis\/\" class=\"btn btn-outline-secondary w-100\">\n                Usinage Multiaxes\n              <\/a>\n            <\/div>\n                              <\/div>\n<\/div>\n<\/div>\n<\/div>\n<div style=\"padding-bottom:var(--wp--preset--spacing--6);\" class=\"container-fluid align wp-block-acf-block-media-object\">\n  <div class=\"row\">\n    <div class=\"col\">\n      <div class=\"d-flex flex-column flex-lg-row media-object media-object--shaded\">\n        <div class=\"flex-shrink-0 media-object__image order-1  order-lg-3 \">\n                                    \n              <a href=\"https:\/\/www.mastercam.com\/fr\/?page_id=34718\" tabindex=\"-1\">\n                <img decoding=\"async\" src=\"https:\/\/www.mastercam.com\/wp-content\/uploads\/2023\/01\/Rectangle-2.jpg\" alt=\"man wearing a headset typing on a desktop computer\" loading=\"lazy\">\n              <\/a>\n                              <\/div>\n        <div class=\"media-object__body flex-grow-1 d-lg-flex flex-column order-2 justify-content-lg-center\">\n                                <h2 class=\"media-object__header h3\">Contacter Mastercam<\/h2>\n                                <div class=\"media-object__content\">\n              <div class=\"wp-block-media-text__content\">\n<p>Contactez-nous pour d\u00e9couvrir les solutions logicielles de fabrication CAO\/FAO pour l&rsquo;a\u00e9rospatiale et la d\u00e9fense.<\/p>\n<\/div>\n\n            <\/div>\n                                <div class=\"media-object__cta\">\n              <a href=\"https:\/\/www.mastercam.com\/fr\/?page_id=34718\" class=\"btn btn-outline-secondary\">Contacter Mastercam<\/a>\n            <\/div>\n                  <\/div>\n      <\/div>\n    <\/div>\n  <\/div>\n<\/div>\n\n<div class=\"wp-block-group is-style-light-gray-bg is-layout-constrained wp-block-group-is-layout-constrained\" style=\"margin-top:0;margin-bottom:0;padding-top:var(--wp--preset--spacing--6);padding-bottom:var(--wp--preset--spacing--6)\"><div class=\"container-fluid aligncenter wp-block-acf-block-case-studies\">\n  <div id=\"case-studies\" class=\"row\">\n    <div class=\"col-12 col-md-8\">\n      <h2>Success Stories<\/h2>\n          <\/div>\n    <div class=\"col-12 col-md-4 mt-5 mt-md-0 text-md-end\">\n      <a href=\"https:\/\/www.mastercam.com\/fr\/success-stories\/\" class=\"btn btn-outline-secondary btn-view-all\">View all<\/a>\n    <\/div>\n  <\/div>\n  <div class=\"cards mt-5\">\n          \n              <div class=\"col col-12 col-md-6 col-lg-6\">\n  <div class=\"card h-100 case-studies\">\n          <img decoding=\"async\" src=\"https:\/\/www.mastercam.com\/wp-content\/uploads\/2023\/04\/KentTeachers-1024x356.jpeg\" class=\"card-img-top\" alt=\"CADET \u00e0 l&amp;rsquo;\u00e9cole secondaire Kent Theodore Roosevelt\" loading=\"lazy\" \/>\n    \n    <div class=\"card-body\">\n              <span class=\"card-category card-category--static\">Success Stories<\/span>\n      \n      <h3 class=\"card-title\">CADET \u00e0 l&rsquo;\u00e9cole secondaire Kent Theodore Roosevelt<\/h3>\n\n              <p class=\"card-text\">Computer Aided Design and Engineering Technologies (CADET) is one of 26 College Tech Prep Initiatives available to students at Kent Theodore Roosevelt High School in Kent, Ohio, under Ohio\u2019s Six-District Educational Compact. The Compact engages nearly 25,000 students in rigorous, project-based courses designed to prepare them for college and careers.<\/p>\n      \n          <\/div>\n\n          \n      <div class=\"card-footer\">\n        <a class=\"btn btn-outline-secondary stretched-link\" href=\"https:\/\/www.mastercam.com\/fr\/success-stories\/cadet-a-lecole-secondaire-kent-theodore-roosevelt\/\">\n          Read more<span class=\"sr-only\"> about CADET \u00e0 l&amp;rsquo;\u00e9cole secondaire Kent Theodore Roosevelt<\/span>\n        <\/a>\n      <\/div>\n      <\/div>\n\n  <\/div>\n                \n              <div class=\"col col-12 col-md-6 col-lg-6\">\n  <div class=\"card h-100 case-studies\">\n          <img decoding=\"async\" src=\"https:\/\/www.mastercam.com\/wp-content\/uploads\/2023\/04\/AchatesGroupShot-1024x341.jpeg\" class=\"card-img-top\" alt=\"Alimentation Achates\" loading=\"lazy\" \/>\n    \n    <div class=\"card-body\">\n              <span class=\"card-category card-category--static\">Success Stories<\/span>\n      \n      <h3 class=\"card-title\">Alimentation Achates<\/h3>\n\n              <p class=\"card-text\">L&#039;entreprise Achates Power de San Diego, en Californie, utilise Mastercam pour cr\u00e9er des pi\u00e8ces prototypes pour un moteur \u00e0 essence \u00e0 allumage par compression et \u00e0 pistons oppos\u00e9s, respectueux de l&#039;environnement. Cette recherche collaborative est le fruit du travail d&#039;Achates, de l&#039;Argonne National Laboratory et de Delphi Technologies. Elle a \u00e9t\u00e9 r\u00e9alis\u00e9e gr\u00e2ce au financement\u2026<\/p>\n      \n          <\/div>\n\n          \n      <div class=\"card-footer\">\n        <a class=\"btn btn-outline-secondary stretched-link\" href=\"https:\/\/www.mastercam.com\/fr\/success-stories\/alimentation-achates\/\">\n          Read more<span class=\"sr-only\"> about Alimentation Achates<\/span>\n        <\/a>\n      <\/div>\n      <\/div>\n\n  <\/div>\n            <\/div>\n<\/div>\n<\/div>\n","protected":false},"excerpt":{"rendered":"<p>Les fabricants des secteurs de l&rsquo;a\u00e9rospatiale et de la d\u00e9fense recherchent une technologie de fabrication [&hellip;]<\/p>\n","protected":false},"author":1,"featured_media":0,"parent":34770,"menu_order":0,"comment_status":"closed","ping_status":"closed","template":"","meta":{"_acf_changed":false,"footnotes":""},"class_list":["post-34776","page","type-page","status-publish","hentry"],"acf":[],"yoast_head":"<!-- This site is optimized with the Yoast SEO plugin v27.3 - https:\/\/yoast.com\/product\/yoast-seo-wordpress\/ -->\n<title>Logiciel de fabrication pour l&#039;a\u00e9rospatiale et la d\u00e9fense | Mastercam<\/title>\n<meta name=\"description\" content=\"Nos logiciels de CAO\/FAO offrent une technologie de pointe pour la fabrication dans les secteurs de l&#039;a\u00e9rospatiale et de la d\u00e9fense. D\u00e9couvrez comment nous r\u00e9pondons \u00e0 vos besoins complexes dans le domaine de l&#039;a\u00e9rospatiale.\" \/>\n<meta name=\"robots\" content=\"index, follow, max-snippet:-1, max-image-preview:large, max-video-preview:-1\" \/>\n<link rel=\"canonical\" href=\"https:\/\/www.mastercam.com\/fr\/solutions\/industrie\/aerospatiale-et-defense\/\" \/>\n<meta property=\"og:locale\" content=\"fr_FR\" \/>\n<meta property=\"og:type\" content=\"article\" \/>\n<meta property=\"og:title\" content=\"Logiciel de fabrication pour l&#039;a\u00e9rospatiale et la d\u00e9fense | Mastercam\" \/>\n<meta property=\"og:description\" content=\"Nos logiciels de CAO\/FAO offrent une technologie de pointe pour la fabrication dans les secteurs de l&#039;a\u00e9rospatiale et de la d\u00e9fense. D\u00e9couvrez comment nous r\u00e9pondons \u00e0 vos besoins complexes dans le domaine de l&#039;a\u00e9rospatiale.\" \/>\n<meta property=\"og:url\" content=\"https:\/\/www.mastercam.com\/fr\/solutions\/industrie\/aerospatiale-et-defense\/\" \/>\n<meta property=\"og:site_name\" content=\"mastercam.com\" \/>\n<meta property=\"article:publisher\" content=\"https:\/\/www.facebook.com\/Mastercam\/\" \/>\n<meta property=\"article:modified_time\" content=\"2025-12-17T19:43:40+00:00\" \/>\n<meta property=\"og:image\" content=\"https:\/\/www.mastercam.com\/wp-content\/uploads\/2024\/02\/drill-wide-photo-1200x675-1.jpg\" \/>\n\t<meta property=\"og:image:width\" content=\"1200\" \/>\n\t<meta property=\"og:image:height\" content=\"675\" \/>\n\t<meta property=\"og:image:type\" content=\"image\/jpeg\" \/>\n<meta name=\"twitter:card\" content=\"summary_large_image\" \/>\n<meta name=\"twitter:site\" content=\"@mastercam\" \/>\n<meta name=\"twitter:label1\" content=\"Est. reading time\" \/>\n\t<meta name=\"twitter:data1\" content=\"3 minutes\" \/>\n<script type=\"application\/ld+json\" class=\"yoast-schema-graph\">{\"@context\":\"https:\\\/\\\/schema.org\",\"@graph\":[{\"@type\":\"WebPage\",\"@id\":\"https:\\\/\\\/www.mastercam.com\\\/fr\\\/solutions\\\/industrie\\\/aerospatiale-et-defense\\\/\",\"url\":\"https:\\\/\\\/www.mastercam.com\\\/fr\\\/solutions\\\/industrie\\\/aerospatiale-et-defense\\\/\",\"name\":\"Logiciel de fabrication pour l'a\u00e9rospatiale et la d\u00e9fense | Mastercam\",\"isPartOf\":{\"@id\":\"https:\\\/\\\/www.mastercam.com\\\/fr\\\/#website\"},\"datePublished\":\"2023-01-31T23:22:32+00:00\",\"dateModified\":\"2025-12-17T19:43:40+00:00\",\"description\":\"Nos logiciels de CAO\\\/FAO offrent une technologie de pointe pour la fabrication dans les secteurs de l'a\u00e9rospatiale et de la d\u00e9fense. D\u00e9couvrez comment nous r\u00e9pondons \u00e0 vos besoins complexes dans le domaine de l'a\u00e9rospatiale.\",\"breadcrumb\":{\"@id\":\"https:\\\/\\\/www.mastercam.com\\\/fr\\\/solutions\\\/industrie\\\/aerospatiale-et-defense\\\/#breadcrumb\"},\"inLanguage\":\"fr-FR\",\"potentialAction\":[{\"@type\":\"ReadAction\",\"target\":[\"https:\\\/\\\/www.mastercam.com\\\/fr\\\/solutions\\\/industrie\\\/aerospatiale-et-defense\\\/\"]}]},{\"@type\":\"BreadcrumbList\",\"@id\":\"https:\\\/\\\/www.mastercam.com\\\/fr\\\/solutions\\\/industrie\\\/aerospatiale-et-defense\\\/#breadcrumb\",\"itemListElement\":[{\"@type\":\"ListItem\",\"position\":1,\"name\":\"Home\",\"item\":\"https:\\\/\\\/www.mastercam.com\\\/fr\\\/\"},{\"@type\":\"ListItem\",\"position\":2,\"name\":\"Solutions\",\"item\":\"https:\\\/\\\/www.mastercam.com\\\/fr\\\/solutions\\\/\"},{\"@type\":\"ListItem\",\"position\":3,\"name\":\"Industrie\",\"item\":\"https:\\\/\\\/www.mastercam.com\\\/fr\\\/solutions\\\/industrie\\\/\"},{\"@type\":\"ListItem\",\"position\":4,\"name\":\"A\u00e9rospatiale et d\u00e9fense\"}]},{\"@type\":\"WebSite\",\"@id\":\"https:\\\/\\\/www.mastercam.com\\\/fr\\\/#website\",\"url\":\"https:\\\/\\\/www.mastercam.com\\\/fr\\\/\",\"name\":\"Mastercam\",\"description\":\"Creating software and services that solve the world&#039;s manufacturing challenges\",\"publisher\":{\"@id\":\"https:\\\/\\\/www.mastercam.com\\\/fr\\\/#organization\"},\"potentialAction\":[{\"@type\":\"SearchAction\",\"target\":{\"@type\":\"EntryPoint\",\"urlTemplate\":\"https:\\\/\\\/www.mastercam.com\\\/fr\\\/?s={search_term_string}\"},\"query-input\":{\"@type\":\"PropertyValueSpecification\",\"valueRequired\":true,\"valueName\":\"search_term_string\"}}],\"inLanguage\":\"fr-FR\"},{\"@type\":\"Organization\",\"@id\":\"https:\\\/\\\/www.mastercam.com\\\/fr\\\/#organization\",\"name\":\"Mastercam\",\"url\":\"https:\\\/\\\/www.mastercam.com\\\/fr\\\/\",\"logo\":{\"@type\":\"ImageObject\",\"inLanguage\":\"fr-FR\",\"@id\":\"https:\\\/\\\/www.mastercam.com\\\/fr\\\/#\\\/schema\\\/logo\\\/image\\\/\",\"url\":\"https:\\\/\\\/www.mastercam.com\\\/wp-content\\\/uploads\\\/2023\\\/02\\\/MC_logo.svg\",\"contentUrl\":\"https:\\\/\\\/www.mastercam.com\\\/wp-content\\\/uploads\\\/2023\\\/02\\\/MC_logo.svg\",\"width\":230,\"height\":40,\"caption\":\"Mastercam\"},\"image\":{\"@id\":\"https:\\\/\\\/www.mastercam.com\\\/fr\\\/#\\\/schema\\\/logo\\\/image\\\/\"},\"sameAs\":[\"https:\\\/\\\/www.facebook.com\\\/Mastercam\\\/\",\"https:\\\/\\\/x.com\\\/mastercam\",\"https:\\\/\\\/www.linkedin.com\\\/company\\\/mastercam\",\"https:\\\/\\\/www.youtube.com\\\/channel\\\/UChJt5ruSkqnmFH44WsXVZLw\",\"https:\\\/\\\/www.instagram.com\\\/mastercam\\\/\"]}]}<\/script>\n<!-- \/ Yoast SEO plugin. -->","yoast_head_json":{"title":"Logiciel de fabrication pour l'a\u00e9rospatiale et la d\u00e9fense | Mastercam","description":"Nos logiciels de CAO\/FAO offrent une technologie de pointe pour la fabrication dans les secteurs de l'a\u00e9rospatiale et de la d\u00e9fense. D\u00e9couvrez comment nous r\u00e9pondons \u00e0 vos besoins complexes dans le domaine de l'a\u00e9rospatiale.","robots":{"index":"index","follow":"follow","max-snippet":"max-snippet:-1","max-image-preview":"max-image-preview:large","max-video-preview":"max-video-preview:-1"},"canonical":"https:\/\/www.mastercam.com\/fr\/solutions\/industrie\/aerospatiale-et-defense\/","og_locale":"fr_FR","og_type":"article","og_title":"Logiciel de fabrication pour l'a\u00e9rospatiale et la d\u00e9fense | Mastercam","og_description":"Nos logiciels de CAO\/FAO offrent une technologie de pointe pour la fabrication dans les secteurs de l'a\u00e9rospatiale et de la d\u00e9fense. D\u00e9couvrez comment nous r\u00e9pondons \u00e0 vos besoins complexes dans le domaine de l'a\u00e9rospatiale.","og_url":"https:\/\/www.mastercam.com\/fr\/solutions\/industrie\/aerospatiale-et-defense\/","og_site_name":"mastercam.com","article_publisher":"https:\/\/www.facebook.com\/Mastercam\/","article_modified_time":"2025-12-17T19:43:40+00:00","og_image":[{"width":1200,"height":675,"url":"https:\/\/www.mastercam.com\/wp-content\/uploads\/2024\/02\/drill-wide-photo-1200x675-1.jpg","type":"image\/jpeg"}],"twitter_card":"summary_large_image","twitter_site":"@mastercam","twitter_misc":{"Est. reading time":"3 minutes"},"schema":{"@context":"https:\/\/schema.org","@graph":[{"@type":"WebPage","@id":"https:\/\/www.mastercam.com\/fr\/solutions\/industrie\/aerospatiale-et-defense\/","url":"https:\/\/www.mastercam.com\/fr\/solutions\/industrie\/aerospatiale-et-defense\/","name":"Logiciel de fabrication pour l'a\u00e9rospatiale et la d\u00e9fense | Mastercam","isPartOf":{"@id":"https:\/\/www.mastercam.com\/fr\/#website"},"datePublished":"2023-01-31T23:22:32+00:00","dateModified":"2025-12-17T19:43:40+00:00","description":"Nos logiciels de CAO\/FAO offrent une technologie de pointe pour la fabrication dans les secteurs de l'a\u00e9rospatiale et de la d\u00e9fense. D\u00e9couvrez comment nous r\u00e9pondons \u00e0 vos besoins complexes dans le domaine de l'a\u00e9rospatiale.","breadcrumb":{"@id":"https:\/\/www.mastercam.com\/fr\/solutions\/industrie\/aerospatiale-et-defense\/#breadcrumb"},"inLanguage":"fr-FR","potentialAction":[{"@type":"ReadAction","target":["https:\/\/www.mastercam.com\/fr\/solutions\/industrie\/aerospatiale-et-defense\/"]}]},{"@type":"BreadcrumbList","@id":"https:\/\/www.mastercam.com\/fr\/solutions\/industrie\/aerospatiale-et-defense\/#breadcrumb","itemListElement":[{"@type":"ListItem","position":1,"name":"Home","item":"https:\/\/www.mastercam.com\/fr\/"},{"@type":"ListItem","position":2,"name":"Solutions","item":"https:\/\/www.mastercam.com\/fr\/solutions\/"},{"@type":"ListItem","position":3,"name":"Industrie","item":"https:\/\/www.mastercam.com\/fr\/solutions\/industrie\/"},{"@type":"ListItem","position":4,"name":"A\u00e9rospatiale et d\u00e9fense"}]},{"@type":"WebSite","@id":"https:\/\/www.mastercam.com\/fr\/#website","url":"https:\/\/www.mastercam.com\/fr\/","name":"Mastercam","description":"Creating software and services that solve the world&#039;s manufacturing challenges","publisher":{"@id":"https:\/\/www.mastercam.com\/fr\/#organization"},"potentialAction":[{"@type":"SearchAction","target":{"@type":"EntryPoint","urlTemplate":"https:\/\/www.mastercam.com\/fr\/?s={search_term_string}"},"query-input":{"@type":"PropertyValueSpecification","valueRequired":true,"valueName":"search_term_string"}}],"inLanguage":"fr-FR"},{"@type":"Organization","@id":"https:\/\/www.mastercam.com\/fr\/#organization","name":"Mastercam","url":"https:\/\/www.mastercam.com\/fr\/","logo":{"@type":"ImageObject","inLanguage":"fr-FR","@id":"https:\/\/www.mastercam.com\/fr\/#\/schema\/logo\/image\/","url":"https:\/\/www.mastercam.com\/wp-content\/uploads\/2023\/02\/MC_logo.svg","contentUrl":"https:\/\/www.mastercam.com\/wp-content\/uploads\/2023\/02\/MC_logo.svg","width":230,"height":40,"caption":"Mastercam"},"image":{"@id":"https:\/\/www.mastercam.com\/fr\/#\/schema\/logo\/image\/"},"sameAs":["https:\/\/www.facebook.com\/Mastercam\/","https:\/\/x.com\/mastercam","https:\/\/www.linkedin.com\/company\/mastercam","https:\/\/www.youtube.com\/channel\/UChJt5ruSkqnmFH44WsXVZLw","https:\/\/www.instagram.com\/mastercam\/"]}]}},"_links":{"self":[{"href":"https:\/\/www.mastercam.com\/fr\/wp-json\/wp\/v2\/pages\/34776","targetHints":{"allow":["GET"]}}],"collection":[{"href":"https:\/\/www.mastercam.com\/fr\/wp-json\/wp\/v2\/pages"}],"about":[{"href":"https:\/\/www.mastercam.com\/fr\/wp-json\/wp\/v2\/types\/page"}],"author":[{"embeddable":true,"href":"https:\/\/www.mastercam.com\/fr\/wp-json\/wp\/v2\/users\/1"}],"replies":[{"embeddable":true,"href":"https:\/\/www.mastercam.com\/fr\/wp-json\/wp\/v2\/comments?post=34776"}],"version-history":[{"count":0,"href":"https:\/\/www.mastercam.com\/fr\/wp-json\/wp\/v2\/pages\/34776\/revisions"}],"up":[{"embeddable":true,"href":"https:\/\/www.mastercam.com\/fr\/wp-json\/wp\/v2\/pages\/34770"}],"wp:attachment":[{"href":"https:\/\/www.mastercam.com\/fr\/wp-json\/wp\/v2\/media?parent=34776"}],"curies":[{"name":"wp","href":"https:\/\/api.w.org\/{rel}","templated":true}]}}