{"id":34772,"date":"2023-01-13T18:23:14","date_gmt":"2023-01-13T23:23:14","guid":{"rendered":"https:\/\/www.mastercam.com\/actualites\/communiques-de-presse\/"},"modified":"2025-12-17T14:42:15","modified_gmt":"2025-12-17T19:42:15","slug":"communiques-de-presse","status":"publish","type":"page","link":"https:\/\/www.mastercam.com\/fr\/actualites\/communiques-de-presse\/","title":{"rendered":"Communiqu\u00e9s de presse"},"content":{"rendered":"\n<div class=\"wp-block-group listing-page-content is-style-pattern-blue-light-10 is-layout-constrained wp-block-group-is-layout-constrained\" style=\"padding-top:var(--wp--preset--spacing--6);padding-bottom:var(--wp--preset--spacing--6)\">\n<div class=\"wp-block-columns is-style-container is-layout-flex wp-container-core-columns-is-layout-9c5289ec wp-block-columns-is-layout-flex\" style=\"padding-top:var(--wp--preset--spacing--0);padding-bottom:var(--wp--preset--spacing--4)\">\n<div class=\"wp-block-column is-layout-flow wp-block-column-is-layout-flow\">\n<p>Restez inform\u00e9 des derni\u00e8res nouvelles, des mises \u00e0 jour de produits, des partenariats industriels et des d\u00e9veloppements de la communaut\u00e9 CAO\/FAO gr\u00e2ce \u00e0 nos communiqu\u00e9s de presse.<\/p>\n\n\n\n<p><strong>Renseignements pour les m\u00e9dias :<\/strong><br\/>Melanie Frenkel, Berkeley Communications for Mastercam<br\/>+1-760-421-7719 | <a href=\"mailto:Melanie.Frenkel@berkeleypr.com\">Melanie.Frenkel@berkeleypr.com<\/a><\/p>\n<\/div>\n<\/div>\n<\/div>\n\n<p><\/p>\n","protected":false},"excerpt":{"rendered":"<p>Restez inform\u00e9 des derni\u00e8res nouvelles, des mises \u00e0 jour de produits, des partenariats industriels et [&hellip;]<\/p>\n","protected":false},"author":1,"featured_media":43976,"parent":34771,"menu_order":0,"comment_status":"closed","ping_status":"closed","template":"press-releases.blade.php","meta":{"_acf_changed":false,"footnotes":""},"class_list":["post-34772","page","type-page","status-publish","has-post-thumbnail","hentry"],"acf":[],"yoast_head":"<!-- This site is optimized with the Yoast SEO plugin v26.8 - https:\/\/yoast.com\/product\/yoast-seo-wordpress\/ -->\n<title>Communiqu\u00e9s de presse - mastercam.com<\/title>\n<meta name=\"description\" content=\"Restez inform\u00e9 des derni\u00e8res nouvelles, des mises \u00e0 jour de produits, des partenariats industriels et des d\u00e9veloppements de la communaut\u00e9 CAO\/FAO gr\u00e2ce \u00e0\" \/>\n<meta name=\"robots\" content=\"index, follow, max-snippet:-1, max-image-preview:large, max-video-preview:-1\" \/>\n<link rel=\"canonical\" href=\"https:\/\/www.mastercam.com\/fr\/actualites\/communiques-de-presse\/\" \/>\n<meta property=\"og:locale\" content=\"fr_FR\" \/>\n<meta property=\"og:type\" content=\"article\" \/>\n<meta property=\"og:title\" content=\"Communiqu\u00e9s de presse - mastercam.com\" \/>\n<meta property=\"og:description\" content=\"Restez inform\u00e9 des derni\u00e8res nouvelles, des mises \u00e0 jour de produits, des partenariats industriels et des d\u00e9veloppements de la communaut\u00e9 CAO\/FAO gr\u00e2ce \u00e0\" \/>\n<meta property=\"og:url\" content=\"https:\/\/www.mastercam.com\/fr\/actualites\/communiques-de-presse\/\" \/>\n<meta property=\"og:site_name\" content=\"mastercam.com\" \/>\n<meta property=\"article:publisher\" content=\"https:\/\/www.facebook.com\/Mastercam\/\" \/>\n<meta property=\"article:modified_time\" content=\"2025-12-17T19:42:15+00:00\" \/>\n<meta property=\"og:image\" content=\"https:\/\/www.mastercam.com\/wp-content\/uploads\/2026\/02\/Mastercam-NEW-Icon-Red-1.png\" \/>\n\t<meta property=\"og:image:width\" content=\"1581\" \/>\n\t<meta property=\"og:image:height\" content=\"1262\" \/>\n\t<meta property=\"og:image:type\" content=\"image\/png\" \/>\n<meta name=\"twitter:card\" content=\"summary_large_image\" \/>\n<meta name=\"twitter:site\" content=\"@mastercam\" \/>\n<script type=\"application\/ld+json\" class=\"yoast-schema-graph\">{\"@context\":\"https:\/\/schema.org\",\"@graph\":[{\"@type\":\"WebPage\",\"@id\":\"https:\/\/www.mastercam.com\/fr\/actualites\/communiques-de-presse\/\",\"url\":\"https:\/\/www.mastercam.com\/fr\/actualites\/communiques-de-presse\/\",\"name\":\"Communiqu\u00e9s de presse - mastercam.com\",\"isPartOf\":{\"@id\":\"https:\/\/www.mastercam.com\/fr\/#website\"},\"primaryImageOfPage\":{\"@id\":\"https:\/\/www.mastercam.com\/fr\/actualites\/communiques-de-presse\/#primaryimage\"},\"image\":{\"@id\":\"https:\/\/www.mastercam.com\/fr\/actualites\/communiques-de-presse\/#primaryimage\"},\"thumbnailUrl\":\"https:\/\/www.mastercam.com\/wp-content\/uploads\/2026\/02\/Mastercam-NEW-Icon-Red-1.png\",\"datePublished\":\"2023-01-13T23:23:14+00:00\",\"dateModified\":\"2025-12-17T19:42:15+00:00\",\"description\":\"Restez inform\u00e9 des derni\u00e8res nouvelles, des mises \u00e0 jour de produits, des partenariats industriels et des d\u00e9veloppements de la communaut\u00e9 CAO\/FAO gr\u00e2ce \u00e0\",\"breadcrumb\":{\"@id\":\"https:\/\/www.mastercam.com\/fr\/actualites\/communiques-de-presse\/#breadcrumb\"},\"inLanguage\":\"fr-FR\",\"potentialAction\":[{\"@type\":\"ReadAction\",\"target\":[\"https:\/\/www.mastercam.com\/fr\/actualites\/communiques-de-presse\/\"]}]},{\"@type\":\"ImageObject\",\"inLanguage\":\"fr-FR\",\"@id\":\"https:\/\/www.mastercam.com\/fr\/actualites\/communiques-de-presse\/#primaryimage\",\"url\":\"https:\/\/www.mastercam.com\/wp-content\/uploads\/2026\/02\/Mastercam-NEW-Icon-Red-1.png\",\"contentUrl\":\"https:\/\/www.mastercam.com\/wp-content\/uploads\/2026\/02\/Mastercam-NEW-Icon-Red-1.png\",\"width\":1581,\"height\":1262,\"caption\":\"Mastercam logo mark\"},{\"@type\":\"BreadcrumbList\",\"@id\":\"https:\/\/www.mastercam.com\/fr\/actualites\/communiques-de-presse\/#breadcrumb\",\"itemListElement\":[{\"@type\":\"ListItem\",\"position\":1,\"name\":\"Home\",\"item\":\"https:\/\/www.mastercam.com\/fr\/\"},{\"@type\":\"ListItem\",\"position\":2,\"name\":\"Actualit\u00e9s\",\"item\":\"https:\/\/www.mastercam.com\/fr\/actualites\/\"},{\"@type\":\"ListItem\",\"position\":3,\"name\":\"Communiqu\u00e9s de presse\"}]},{\"@type\":\"WebSite\",\"@id\":\"https:\/\/www.mastercam.com\/fr\/#website\",\"url\":\"https:\/\/www.mastercam.com\/fr\/\",\"name\":\"Mastercam\",\"description\":\"Creating software and services that solve the world&#039;s manufacturing challenges\",\"publisher\":{\"@id\":\"https:\/\/www.mastercam.com\/fr\/#organization\"},\"potentialAction\":[{\"@type\":\"SearchAction\",\"target\":{\"@type\":\"EntryPoint\",\"urlTemplate\":\"https:\/\/www.mastercam.com\/fr\/?s={search_term_string}\"},\"query-input\":{\"@type\":\"PropertyValueSpecification\",\"valueRequired\":true,\"valueName\":\"search_term_string\"}}],\"inLanguage\":\"fr-FR\"},{\"@type\":\"Organization\",\"@id\":\"https:\/\/www.mastercam.com\/fr\/#organization\",\"name\":\"Mastercam\",\"url\":\"https:\/\/www.mastercam.com\/fr\/\",\"logo\":{\"@type\":\"ImageObject\",\"inLanguage\":\"fr-FR\",\"@id\":\"https:\/\/www.mastercam.com\/fr\/#\/schema\/logo\/image\/\",\"url\":\"https:\/\/www.mastercam.com\/wp-content\/uploads\/2023\/02\/MC_logo.svg\",\"contentUrl\":\"https:\/\/www.mastercam.com\/wp-content\/uploads\/2023\/02\/MC_logo.svg\",\"width\":230,\"height\":40,\"caption\":\"Mastercam\"},\"image\":{\"@id\":\"https:\/\/www.mastercam.com\/fr\/#\/schema\/logo\/image\/\"},\"sameAs\":[\"https:\/\/www.facebook.com\/Mastercam\/\",\"https:\/\/x.com\/mastercam\",\"https:\/\/www.linkedin.com\/company\/mastercam\",\"https:\/\/www.youtube.com\/channel\/UChJt5ruSkqnmFH44WsXVZLw\",\"https:\/\/www.instagram.com\/mastercam\/\"]}]}<\/script>\n<!-- \/ Yoast SEO plugin. -->","yoast_head_json":{"title":"Communiqu\u00e9s de presse - mastercam.com","description":"Restez inform\u00e9 des derni\u00e8res nouvelles, des mises \u00e0 jour de produits, des partenariats industriels et des d\u00e9veloppements de la communaut\u00e9 CAO\/FAO gr\u00e2ce \u00e0","robots":{"index":"index","follow":"follow","max-snippet":"max-snippet:-1","max-image-preview":"max-image-preview:large","max-video-preview":"max-video-preview:-1"},"canonical":"https:\/\/www.mastercam.com\/fr\/actualites\/communiques-de-presse\/","og_locale":"fr_FR","og_type":"article","og_title":"Communiqu\u00e9s de presse - mastercam.com","og_description":"Restez inform\u00e9 des derni\u00e8res nouvelles, des mises \u00e0 jour de produits, des partenariats industriels et des d\u00e9veloppements de la communaut\u00e9 CAO\/FAO gr\u00e2ce \u00e0","og_url":"https:\/\/www.mastercam.com\/fr\/actualites\/communiques-de-presse\/","og_site_name":"mastercam.com","article_publisher":"https:\/\/www.facebook.com\/Mastercam\/","article_modified_time":"2025-12-17T19:42:15+00:00","og_image":[{"width":1581,"height":1262,"url":"https:\/\/www.mastercam.com\/wp-content\/uploads\/2026\/02\/Mastercam-NEW-Icon-Red-1.png","type":"image\/png"}],"twitter_card":"summary_large_image","twitter_site":"@mastercam","schema":{"@context":"https:\/\/schema.org","@graph":[{"@type":"WebPage","@id":"https:\/\/www.mastercam.com\/fr\/actualites\/communiques-de-presse\/","url":"https:\/\/www.mastercam.com\/fr\/actualites\/communiques-de-presse\/","name":"Communiqu\u00e9s de presse - mastercam.com","isPartOf":{"@id":"https:\/\/www.mastercam.com\/fr\/#website"},"primaryImageOfPage":{"@id":"https:\/\/www.mastercam.com\/fr\/actualites\/communiques-de-presse\/#primaryimage"},"image":{"@id":"https:\/\/www.mastercam.com\/fr\/actualites\/communiques-de-presse\/#primaryimage"},"thumbnailUrl":"https:\/\/www.mastercam.com\/wp-content\/uploads\/2026\/02\/Mastercam-NEW-Icon-Red-1.png","datePublished":"2023-01-13T23:23:14+00:00","dateModified":"2025-12-17T19:42:15+00:00","description":"Restez inform\u00e9 des derni\u00e8res nouvelles, des mises \u00e0 jour de produits, des partenariats industriels et des d\u00e9veloppements de la communaut\u00e9 CAO\/FAO gr\u00e2ce \u00e0","breadcrumb":{"@id":"https:\/\/www.mastercam.com\/fr\/actualites\/communiques-de-presse\/#breadcrumb"},"inLanguage":"fr-FR","potentialAction":[{"@type":"ReadAction","target":["https:\/\/www.mastercam.com\/fr\/actualites\/communiques-de-presse\/"]}]},{"@type":"ImageObject","inLanguage":"fr-FR","@id":"https:\/\/www.mastercam.com\/fr\/actualites\/communiques-de-presse\/#primaryimage","url":"https:\/\/www.mastercam.com\/wp-content\/uploads\/2026\/02\/Mastercam-NEW-Icon-Red-1.png","contentUrl":"https:\/\/www.mastercam.com\/wp-content\/uploads\/2026\/02\/Mastercam-NEW-Icon-Red-1.png","width":1581,"height":1262,"caption":"Mastercam logo mark"},{"@type":"BreadcrumbList","@id":"https:\/\/www.mastercam.com\/fr\/actualites\/communiques-de-presse\/#breadcrumb","itemListElement":[{"@type":"ListItem","position":1,"name":"Home","item":"https:\/\/www.mastercam.com\/fr\/"},{"@type":"ListItem","position":2,"name":"Actualit\u00e9s","item":"https:\/\/www.mastercam.com\/fr\/actualites\/"},{"@type":"ListItem","position":3,"name":"Communiqu\u00e9s de presse"}]},{"@type":"WebSite","@id":"https:\/\/www.mastercam.com\/fr\/#website","url":"https:\/\/www.mastercam.com\/fr\/","name":"Mastercam","description":"Creating software and services that solve the world&#039;s manufacturing challenges","publisher":{"@id":"https:\/\/www.mastercam.com\/fr\/#organization"},"potentialAction":[{"@type":"SearchAction","target":{"@type":"EntryPoint","urlTemplate":"https:\/\/www.mastercam.com\/fr\/?s={search_term_string}"},"query-input":{"@type":"PropertyValueSpecification","valueRequired":true,"valueName":"search_term_string"}}],"inLanguage":"fr-FR"},{"@type":"Organization","@id":"https:\/\/www.mastercam.com\/fr\/#organization","name":"Mastercam","url":"https:\/\/www.mastercam.com\/fr\/","logo":{"@type":"ImageObject","inLanguage":"fr-FR","@id":"https:\/\/www.mastercam.com\/fr\/#\/schema\/logo\/image\/","url":"https:\/\/www.mastercam.com\/wp-content\/uploads\/2023\/02\/MC_logo.svg","contentUrl":"https:\/\/www.mastercam.com\/wp-content\/uploads\/2023\/02\/MC_logo.svg","width":230,"height":40,"caption":"Mastercam"},"image":{"@id":"https:\/\/www.mastercam.com\/fr\/#\/schema\/logo\/image\/"},"sameAs":["https:\/\/www.facebook.com\/Mastercam\/","https:\/\/x.com\/mastercam","https:\/\/www.linkedin.com\/company\/mastercam","https:\/\/www.youtube.com\/channel\/UChJt5ruSkqnmFH44WsXVZLw","https:\/\/www.instagram.com\/mastercam\/"]}]}},"_links":{"self":[{"href":"https:\/\/www.mastercam.com\/fr\/wp-json\/wp\/v2\/pages\/34772","targetHints":{"allow":["GET"]}}],"collection":[{"href":"https:\/\/www.mastercam.com\/fr\/wp-json\/wp\/v2\/pages"}],"about":[{"href":"https:\/\/www.mastercam.com\/fr\/wp-json\/wp\/v2\/types\/page"}],"author":[{"embeddable":true,"href":"https:\/\/www.mastercam.com\/fr\/wp-json\/wp\/v2\/users\/1"}],"replies":[{"embeddable":true,"href":"https:\/\/www.mastercam.com\/fr\/wp-json\/wp\/v2\/comments?post=34772"}],"version-history":[{"count":0,"href":"https:\/\/www.mastercam.com\/fr\/wp-json\/wp\/v2\/pages\/34772\/revisions"}],"up":[{"embeddable":true,"href":"https:\/\/www.mastercam.com\/fr\/wp-json\/wp\/v2\/pages\/34771"}],"wp:featuredmedia":[{"embeddable":true,"href":"https:\/\/www.mastercam.com\/fr\/wp-json\/wp\/v2\/media\/43976"}],"wp:attachment":[{"href":"https:\/\/www.mastercam.com\/fr\/wp-json\/wp\/v2\/media?parent=34772"}],"curies":[{"name":"wp","href":"https:\/\/api.w.org\/{rel}","templated":true}]}}