{"id":34771,"date":"2023-01-13T18:22:42","date_gmt":"2023-01-13T23:22:42","guid":{"rendered":"https:\/\/www.mastercam.com\/actualites\/"},"modified":"2025-12-17T14:42:15","modified_gmt":"2025-12-17T19:42:15","slug":"actualites","status":"publish","type":"page","link":"https:\/\/www.mastercam.com\/fr\/actualites\/","title":{"rendered":"Actualit\u00e9s"},"content":{"rendered":"\n<div class=\"wp-block-columns is-style-container is-layout-flex wp-container-core-columns-is-layout-28f84493 wp-block-columns-is-layout-flex\">\n<div class=\"wp-block-column is-layout-flow wp-block-column-is-layout-flow\" style=\"flex-basis:66.66%\">\n<h1 class=\"wp-block-heading\">Mastercam dans l&rsquo;actualit\u00e9<\/h1>\n\n\n\n<p>Consultez les derniers communiqu\u00e9s de presse, abonnez-vous \u00e0 nos communications num\u00e9riques et visitez notre blog pour obtenir des nouvelles et des informations sur Mastercam et CNC Software, Inc. Ces communications sont un excellent moyen de se tenir au courant des r\u00e9alisations de notre communaut\u00e9 mondiale d&rsquo;utilisateurs et de repr\u00e9sentants Mastercam, des tendances de la fabrication, des d\u00e9veloppements de produits, et de bien d&rsquo;autres choses encore. <\/p>\n<\/div>\n\n\n\n<div class=\"wp-block-column is-layout-flow wp-block-column-is-layout-flow\" style=\"flex-basis:33.33%\"><\/div>\n<\/div>\n\n<div style=\"height:50px\" aria-hidden=\"true\" class=\"wp-block-spacer\"><\/div>\n\n<div class=\"wp-block-columns is-layout-flex wp-container-core-columns-is-layout-28f84493 wp-block-columns-is-layout-flex\">\n<div class=\"wp-block-column is-layout-flow wp-block-column-is-layout-flow\"><div class=\"container-fluid align wp-block-acf-block-icon-ctas\">\n  \n      <div class=\"row icon-ctas\">\n              \n                  <div class=\"icon-ctas__item col-12 col-md-4 icon-ctas__item--horizontal\">\n            <div class=\"card h-100\">\n\n              \n                              <div class=\"icon-image-container\">\n                  <img decoding=\"async\"\n                    src=\"https:\/\/www.mastercam.com\/wp-content\/uploads\/2024\/02\/icon_blog.svg\"\n                    alt=\"Blog icon\"\n                  >\n                <\/div>\n              \n              <div class=\"card-content\">\n                \n                <div class=\"card-title h3\">\n                  Blog Mastercam\n                <\/div>\n\n                \n                                  <div class=\"card-text lead\">\n                    <p>Visitez notre blog pour les nouvelles et les \u00e9v\u00e9nements Mastercam, les informations sur les produits, les trucs et astuces, les histoires de r\u00e9ussite de notre communaut\u00e9 mondiale, et bien plus encore.<\/p>\n\n                  <\/div>\n                \n                \n                                  <div class=\"card-footer\">\n                    <a href=\"http:\/\/www.mastercam.com\/fr\/news\/blog\/\" class=\"btn btn-outline-secondary mb-5 mb-lg-0\" target=\"\">\n                      Voir le blog\n                    <\/a>\n                  <\/div>\n                              <\/div>\n\n            <\/div>\n          <\/div>\n                      \n                  <div class=\"icon-ctas__item col-12 col-md-4 icon-ctas__item--horizontal\">\n            <div class=\"card h-100\">\n\n              \n                              <div class=\"icon-image-container\">\n                  <img decoding=\"async\"\n                    src=\"https:\/\/www.mastercam.com\/wp-content\/uploads\/2024\/02\/icon_news.svg\"\n                    alt=\"News icon\"\n                  >\n                <\/div>\n              \n              <div class=\"card-content\">\n                \n                <div class=\"card-title h3\">\n                  Communiqu\u00e9s de presse Mastercam\n                <\/div>\n\n                \n                                  <div class=\"card-text lead\">\n                    <p>Consultez les derniers communiqu\u00e9s de presse pour conna\u00eetre les nouveaut\u00e9s et les d\u00e9veloppements relatifs \u00e0 Mastercam, \u00e0 CNC Software, Inc. et \u00e0 notre communaut\u00e9 CAO\/FAO.<\/p>\n\n                  <\/div>\n                \n                \n                                  <div class=\"card-footer\">\n                    <a href=\"http:\/\/www.mastercam.com\/fr\/news\/press-releases\/\" class=\"btn btn-outline-secondary mb-5 mb-lg-0\" target=\"\">\n                      Voir les communiqu\u00e9s de presse\n                    <\/a>\n                  <\/div>\n                              <\/div>\n\n            <\/div>\n          <\/div>\n                  <\/div>\n  <\/div>\n<\/div>\n<\/div>\n","protected":false},"excerpt":{"rendered":"<p>Mastercam dans l&rsquo;actualit\u00e9 Consultez les derniers communiqu\u00e9s de presse, abonnez-vous \u00e0 nos communications num\u00e9riques et [&hellip;]<\/p>\n","protected":false},"author":1,"featured_media":0,"parent":0,"menu_order":0,"comment_status":"closed","ping_status":"closed","template":"","meta":{"_acf_changed":false,"footnotes":""},"class_list":["post-34771","page","type-page","status-publish","hentry"],"acf":[],"yoast_head":"<!-- This site is optimized with the Yoast SEO plugin v27.5 - https:\/\/yoast.com\/product\/yoast-seo-wordpress\/ -->\n<title>Actualit\u00e9s - mastercam.com<\/title>\n<meta name=\"description\" content=\"Mastercam dans l&#039;actualit\u00e9 Consultez les derniers communiqu\u00e9s de presse, abonnez-vous \u00e0 nos communications num\u00e9riques et visitez notre blog pour obtenir\" \/>\n<meta name=\"robots\" content=\"index, follow, max-snippet:-1, max-image-preview:large, max-video-preview:-1\" \/>\n<link rel=\"canonical\" href=\"https:\/\/www.mastercam.com\/fr\/actualites\/\" \/>\n<meta property=\"og:locale\" content=\"fr_FR\" \/>\n<meta property=\"og:type\" content=\"article\" \/>\n<meta property=\"og:title\" content=\"Actualit\u00e9s - mastercam.com\" \/>\n<meta property=\"og:description\" content=\"Mastercam dans l&#039;actualit\u00e9 Consultez les derniers communiqu\u00e9s de presse, abonnez-vous \u00e0 nos communications num\u00e9riques et visitez notre blog pour obtenir\" \/>\n<meta property=\"og:url\" content=\"https:\/\/www.mastercam.com\/fr\/actualites\/\" \/>\n<meta property=\"og:site_name\" content=\"mastercam.com\" \/>\n<meta property=\"article:publisher\" content=\"https:\/\/www.facebook.com\/Mastercam\/\" \/>\n<meta property=\"article:modified_time\" content=\"2025-12-17T19:42:15+00:00\" \/>\n<meta property=\"og:image\" content=\"https:\/\/www.mastercam.com\/wp-content\/uploads\/2024\/02\/drill-wide-photo-1200x675-1.jpg\" \/>\n\t<meta property=\"og:image:width\" content=\"1200\" \/>\n\t<meta property=\"og:image:height\" content=\"675\" \/>\n\t<meta property=\"og:image:type\" content=\"image\/jpeg\" \/>\n<meta name=\"twitter:card\" content=\"summary_large_image\" \/>\n<meta name=\"twitter:site\" content=\"@mastercam\" \/>\n<script type=\"application\/ld+json\" class=\"yoast-schema-graph\">{\"@context\":\"https:\\\/\\\/schema.org\",\"@graph\":[{\"@type\":\"WebPage\",\"@id\":\"https:\\\/\\\/www.mastercam.com\\\/fr\\\/actualites\\\/\",\"url\":\"https:\\\/\\\/www.mastercam.com\\\/fr\\\/actualites\\\/\",\"name\":\"Actualit\u00e9s - mastercam.com\",\"isPartOf\":{\"@id\":\"https:\\\/\\\/www.mastercam.com\\\/fr\\\/#website\"},\"datePublished\":\"2023-01-13T23:22:42+00:00\",\"dateModified\":\"2025-12-17T19:42:15+00:00\",\"description\":\"Mastercam dans l'actualit\u00e9 Consultez les derniers communiqu\u00e9s de presse, abonnez-vous \u00e0 nos communications num\u00e9riques et visitez notre blog pour obtenir\",\"breadcrumb\":{\"@id\":\"https:\\\/\\\/www.mastercam.com\\\/fr\\\/actualites\\\/#breadcrumb\"},\"inLanguage\":\"fr-FR\",\"potentialAction\":[{\"@type\":\"ReadAction\",\"target\":[\"https:\\\/\\\/www.mastercam.com\\\/fr\\\/actualites\\\/\"]}]},{\"@type\":\"BreadcrumbList\",\"@id\":\"https:\\\/\\\/www.mastercam.com\\\/fr\\\/actualites\\\/#breadcrumb\",\"itemListElement\":[{\"@type\":\"ListItem\",\"position\":1,\"name\":\"Home\",\"item\":\"https:\\\/\\\/www.mastercam.com\\\/fr\\\/\"},{\"@type\":\"ListItem\",\"position\":2,\"name\":\"Actualit\u00e9s\"}]},{\"@type\":\"WebSite\",\"@id\":\"https:\\\/\\\/www.mastercam.com\\\/fr\\\/#website\",\"url\":\"https:\\\/\\\/www.mastercam.com\\\/fr\\\/\",\"name\":\"Mastercam\",\"description\":\"Creating software and services that solve the world&#039;s manufacturing challenges\",\"publisher\":{\"@id\":\"https:\\\/\\\/www.mastercam.com\\\/fr\\\/#organization\"},\"potentialAction\":[{\"@type\":\"SearchAction\",\"target\":{\"@type\":\"EntryPoint\",\"urlTemplate\":\"https:\\\/\\\/www.mastercam.com\\\/fr\\\/?s={search_term_string}\"},\"query-input\":{\"@type\":\"PropertyValueSpecification\",\"valueRequired\":true,\"valueName\":\"search_term_string\"}}],\"inLanguage\":\"fr-FR\"},{\"@type\":\"Organization\",\"@id\":\"https:\\\/\\\/www.mastercam.com\\\/fr\\\/#organization\",\"name\":\"Mastercam\",\"url\":\"https:\\\/\\\/www.mastercam.com\\\/fr\\\/\",\"logo\":{\"@type\":\"ImageObject\",\"inLanguage\":\"fr-FR\",\"@id\":\"https:\\\/\\\/www.mastercam.com\\\/fr\\\/#\\\/schema\\\/logo\\\/image\\\/\",\"url\":\"https:\\\/\\\/www.mastercam.com\\\/wp-content\\\/uploads\\\/2023\\\/02\\\/MC_logo.svg\",\"contentUrl\":\"https:\\\/\\\/www.mastercam.com\\\/wp-content\\\/uploads\\\/2023\\\/02\\\/MC_logo.svg\",\"width\":230,\"height\":40,\"caption\":\"Mastercam\"},\"image\":{\"@id\":\"https:\\\/\\\/www.mastercam.com\\\/fr\\\/#\\\/schema\\\/logo\\\/image\\\/\"},\"sameAs\":[\"https:\\\/\\\/www.facebook.com\\\/Mastercam\\\/\",\"https:\\\/\\\/x.com\\\/mastercam\",\"https:\\\/\\\/www.linkedin.com\\\/company\\\/mastercam\",\"https:\\\/\\\/www.youtube.com\\\/channel\\\/UChJt5ruSkqnmFH44WsXVZLw\",\"https:\\\/\\\/www.instagram.com\\\/mastercam\\\/\"]}]}<\/script>\n<!-- \/ Yoast SEO plugin. -->","yoast_head_json":{"title":"Actualit\u00e9s - mastercam.com","description":"Mastercam dans l'actualit\u00e9 Consultez les derniers communiqu\u00e9s de presse, abonnez-vous \u00e0 nos communications num\u00e9riques et visitez notre blog pour obtenir","robots":{"index":"index","follow":"follow","max-snippet":"max-snippet:-1","max-image-preview":"max-image-preview:large","max-video-preview":"max-video-preview:-1"},"canonical":"https:\/\/www.mastercam.com\/fr\/actualites\/","og_locale":"fr_FR","og_type":"article","og_title":"Actualit\u00e9s - mastercam.com","og_description":"Mastercam dans l'actualit\u00e9 Consultez les derniers communiqu\u00e9s de presse, abonnez-vous \u00e0 nos communications num\u00e9riques et visitez notre blog pour obtenir","og_url":"https:\/\/www.mastercam.com\/fr\/actualites\/","og_site_name":"mastercam.com","article_publisher":"https:\/\/www.facebook.com\/Mastercam\/","article_modified_time":"2025-12-17T19:42:15+00:00","og_image":[{"width":1200,"height":675,"url":"https:\/\/www.mastercam.com\/wp-content\/uploads\/2024\/02\/drill-wide-photo-1200x675-1.jpg","type":"image\/jpeg"}],"twitter_card":"summary_large_image","twitter_site":"@mastercam","schema":{"@context":"https:\/\/schema.org","@graph":[{"@type":"WebPage","@id":"https:\/\/www.mastercam.com\/fr\/actualites\/","url":"https:\/\/www.mastercam.com\/fr\/actualites\/","name":"Actualit\u00e9s - mastercam.com","isPartOf":{"@id":"https:\/\/www.mastercam.com\/fr\/#website"},"datePublished":"2023-01-13T23:22:42+00:00","dateModified":"2025-12-17T19:42:15+00:00","description":"Mastercam dans l'actualit\u00e9 Consultez les derniers communiqu\u00e9s de presse, abonnez-vous \u00e0 nos communications num\u00e9riques et visitez notre blog pour obtenir","breadcrumb":{"@id":"https:\/\/www.mastercam.com\/fr\/actualites\/#breadcrumb"},"inLanguage":"fr-FR","potentialAction":[{"@type":"ReadAction","target":["https:\/\/www.mastercam.com\/fr\/actualites\/"]}]},{"@type":"BreadcrumbList","@id":"https:\/\/www.mastercam.com\/fr\/actualites\/#breadcrumb","itemListElement":[{"@type":"ListItem","position":1,"name":"Home","item":"https:\/\/www.mastercam.com\/fr\/"},{"@type":"ListItem","position":2,"name":"Actualit\u00e9s"}]},{"@type":"WebSite","@id":"https:\/\/www.mastercam.com\/fr\/#website","url":"https:\/\/www.mastercam.com\/fr\/","name":"Mastercam","description":"Creating software and services that solve the world&#039;s manufacturing challenges","publisher":{"@id":"https:\/\/www.mastercam.com\/fr\/#organization"},"potentialAction":[{"@type":"SearchAction","target":{"@type":"EntryPoint","urlTemplate":"https:\/\/www.mastercam.com\/fr\/?s={search_term_string}"},"query-input":{"@type":"PropertyValueSpecification","valueRequired":true,"valueName":"search_term_string"}}],"inLanguage":"fr-FR"},{"@type":"Organization","@id":"https:\/\/www.mastercam.com\/fr\/#organization","name":"Mastercam","url":"https:\/\/www.mastercam.com\/fr\/","logo":{"@type":"ImageObject","inLanguage":"fr-FR","@id":"https:\/\/www.mastercam.com\/fr\/#\/schema\/logo\/image\/","url":"https:\/\/www.mastercam.com\/wp-content\/uploads\/2023\/02\/MC_logo.svg","contentUrl":"https:\/\/www.mastercam.com\/wp-content\/uploads\/2023\/02\/MC_logo.svg","width":230,"height":40,"caption":"Mastercam"},"image":{"@id":"https:\/\/www.mastercam.com\/fr\/#\/schema\/logo\/image\/"},"sameAs":["https:\/\/www.facebook.com\/Mastercam\/","https:\/\/x.com\/mastercam","https:\/\/www.linkedin.com\/company\/mastercam","https:\/\/www.youtube.com\/channel\/UChJt5ruSkqnmFH44WsXVZLw","https:\/\/www.instagram.com\/mastercam\/"]}]}},"_links":{"self":[{"href":"https:\/\/www.mastercam.com\/fr\/wp-json\/wp\/v2\/pages\/34771","targetHints":{"allow":["GET"]}}],"collection":[{"href":"https:\/\/www.mastercam.com\/fr\/wp-json\/wp\/v2\/pages"}],"about":[{"href":"https:\/\/www.mastercam.com\/fr\/wp-json\/wp\/v2\/types\/page"}],"author":[{"embeddable":true,"href":"https:\/\/www.mastercam.com\/fr\/wp-json\/wp\/v2\/users\/1"}],"replies":[{"embeddable":true,"href":"https:\/\/www.mastercam.com\/fr\/wp-json\/wp\/v2\/comments?post=34771"}],"version-history":[{"count":0,"href":"https:\/\/www.mastercam.com\/fr\/wp-json\/wp\/v2\/pages\/34771\/revisions"}],"wp:attachment":[{"href":"https:\/\/www.mastercam.com\/fr\/wp-json\/wp\/v2\/media?parent=34771"}],"curies":[{"name":"wp","href":"https:\/\/api.w.org\/{rel}","templated":true}]}}