{"id":34768,"date":"2023-01-13T18:22:04","date_gmt":"2023-01-13T23:22:04","guid":{"rendered":"https:\/\/www.mastercam.com\/communaute\/concours\/"},"modified":"2025-12-17T14:42:15","modified_gmt":"2025-12-17T19:42:15","slug":"concours","status":"publish","type":"page","link":"https:\/\/www.mastercam.com\/fr\/communaute\/concours\/","title":{"rendered":"Concours"},"content":{"rendered":"<div class=\"hero__breadcrumbs\">\n    <div class=\"container-fluid\">\n      <div class=\"row\">\n        <div class=\"col\">\n          <nav aria-label=\"breadcrumbs\"><ol class=\"breadcrumb\"><li><a href=\"https:\/\/www.mastercam.com\/fr\/\">Home<\/a><\/li><\/ol><\/nav>\n        <\/div>\n      <\/div>\n    <\/div>\n  <\/div>\n\n<div class=\"hero hero--minimal wp-block-acf-block-hero\">\n  <div class=\"container-fluid\">\n    <div class=\"row align-items-center\">\n      \n      \n      \n      <div class=\"col-12 col-lg-7 order-2 order-lg-2 hero__content-column\">\n        <div class=\"hero__content\">\n                      <h1 class=\"hero__heading\">\n              \n              Concours\n            <\/h1>\n          \n                      <p class=\"hero__text\">Mastercam sponsorise et soutient de nombreuses comp\u00e9titions pour donner aux \u00e9tudiants et aux professionnels des opportunit\u00e9s d&#039;acqu\u00e9rir des comp\u00e9tences et de gagner des prix en utilisant la CAO\/FAO.<\/p>\n          \n          \n          \n          \n                  <\/div>\n      <\/div>\n    <\/div>\n  <\/div>\n<\/div>\n\n<div class=\"wp-block-columns is-style-container is-layout-flex wp-container-core-columns-is-layout-28f84493 wp-block-columns-is-layout-flex\">\n<div class=\"wp-block-column is-layout-flow wp-block-column-is-layout-flow\"><div class=\"container-fluid align wp-block-acf-block-media-object\">\n  <div class=\"row\">\n    <div class=\"col\">\n      <div class=\"d-flex flex-column flex-lg-row media-object media-object--shaded\">\n        <div class=\"flex-shrink-0 media-object__image order-1  order-lg-3 \">\n                      <div class=\"video\">\n      <lite-youtube\n      videoid=\"WUoyPzcepZo\"\n            params=\"modestbranding=2&#038;rel=0&#038;enablejsapi=1\">\n    <\/lite-youtube>\n  <\/div>\n                  <\/div>\n        <div class=\"media-object__body flex-grow-1 d-lg-flex flex-column order-2 justify-content-lg-center\">\n                                          <div class=\"media-object__content\">\n              <p><img loading=\"lazy\" decoding=\"async\" class=\"alignnone size-medium wp-image-6310\" src=\"https:\/\/www.mastercam.com\/wp-content\/uploads\/2023\/04\/Worldskills_logo-300x189.png\" alt=\"Logo Worldskills\" width=\"300\" height=\"189\" srcset=\"https:\/\/www.mastercam.com\/wp-content\/uploads\/2023\/04\/Worldskills_logo-300x189.png 300w, https:\/\/www.mastercam.com\/wp-content\/uploads\/2023\/04\/Worldskills_logo-112x70.png 112w, https:\/\/www.mastercam.com\/wp-content\/uploads\/2023\/04\/Worldskills_logo-224x141.png 224w, https:\/\/www.mastercam.com\/wp-content\/uploads\/2023\/04\/Worldskills_logo.png 350w\" sizes=\"auto, (max-width: 300px) 100vw, 300px\" \/><\/p>\n<p>Mastercam est un partenaire mondial de <a href=\"https:\/\/worldskills.org\/\" target=\"_blank\" rel=\"noreferrer noopener\">WorldSkills<\/a>, un mouvement mondial qui change la vie des jeunes en cr\u00e9ant des opportunit\u00e9s et en connectant les soci\u00e9t\u00e9s.<\/p>\n<p>Nous sommes fiers de parrainer les comp\u00e9titions de tournage en fraisage fraisage-tournage.<\/p>\n\n            <\/div>\n                                <div class=\"media-object__cta\">\n              <a href=\"https:\/\/www.mastercam.com\/fr\/communaute\/programme-mastercam-worldskills\/\" class=\"btn btn-outline-secondary\">Obtenez votre licence Mastercam<\/a>\n            <\/div>\n                  <\/div>\n      <\/div>\n    <\/div>\n  <\/div>\n<\/div>\n\n\n<div class=\"container-fluid align wp-block-acf-block-media-object\">\n  <div class=\"row\">\n    <div class=\"col\">\n      <div class=\"d-flex flex-column flex-lg-row media-object media-object--shaded\">\n        <div class=\"flex-shrink-0 media-object__image order-1  order-lg-3 \">\n                      <div class=\"video\">\n      <lite-youtube\n      videoid=\"Onk93ZrUrxA\"\n            params=\"modestbranding=2&#038;rel=0&#038;enablejsapi=1\">\n    <\/lite-youtube>\n  <\/div>\n                  <\/div>\n        <div class=\"media-object__body flex-grow-1 d-lg-flex flex-column order-2 justify-content-lg-center\">\n                                          <div class=\"media-object__content\">\n              <p><img loading=\"lazy\" decoding=\"async\" class=\"alignnone wp-image-5229 size-full\" src=\"https:\/\/www.mastercam.com\/wp-content\/uploads\/2023\/02\/SAE_logo.jpg\" alt=\"sae international\" width=\"194\" height=\"120\" srcset=\"https:\/\/www.mastercam.com\/wp-content\/uploads\/2023\/02\/SAE_logo.jpg 194w, https:\/\/www.mastercam.com\/wp-content\/uploads\/2023\/02\/SAE_logo-112x69.jpg 112w\" sizes=\"auto, (max-width: 194px) 100vw, 194px\" \/><\/p>\n<p>SAE International est une association mondiale regroupant plus de 128 000 ing\u00e9nieurs et experts techniques connexes des secteurs de l&rsquo;a\u00e9rospatiale, de l&rsquo;automobile et des v\u00e9hicules commerciaux. SAE <a href=\"https:\/\/www.sae.org\/attend\/student-events\" target=\"_blank\" rel=\"noreferrer noopener\">International<\/a> a une branche caritative, la Fondation SAE, qui soutient de nombreux programmes, notamment A World In <sup>Motion\u00ae <\/sup>et la Collegiate Design Series.<\/p>\n\n            <\/div>\n                                <div class=\"media-object__cta\">\n              <a href=\"https:\/\/www.mastercam.com\/fr\/communaute\/concours\/sae-international\/\" class=\"btn btn-outline-secondary\">Inscrivez-vous \u00e0 SAE International<\/a>\n            <\/div>\n                  <\/div>\n      <\/div>\n    <\/div>\n  <\/div>\n<\/div>\n\n\n<div class=\"container-fluid align wp-block-acf-block-media-object\">\n  <div class=\"row\">\n    <div class=\"col\">\n      <div class=\"d-flex flex-column flex-lg-row media-object media-object--shaded\">\n        <div class=\"flex-shrink-0 media-object__image order-1  order-lg-3 \">\n                      <div class=\"video\">\n      <lite-youtube\n      videoid=\"P41IrM3h38I\"\n            params=\"modestbranding=2&#038;rel=0&#038;enablejsapi=1\">\n    <\/lite-youtube>\n  <\/div>\n                  <\/div>\n        <div class=\"media-object__body flex-grow-1 d-lg-flex flex-column order-2 justify-content-lg-center\">\n                                          <div class=\"media-object__content\">\n              <p><img loading=\"lazy\" decoding=\"async\" class=\"alignnone wp-image-23570 size-medium\" src=\"https:\/\/www.mastercam.com\/wp-content\/uploads\/2023\/09\/mastercam-nasa-hunch-300x191.jpg\" alt=\"\" width=\"300\" height=\"191\" srcset=\"https:\/\/www.mastercam.com\/wp-content\/uploads\/2023\/09\/mastercam-nasa-hunch-300x191.jpg 300w, https:\/\/www.mastercam.com\/wp-content\/uploads\/2023\/09\/mastercam-nasa-hunch-768x488.jpg 768w, https:\/\/www.mastercam.com\/wp-content\/uploads\/2023\/09\/mastercam-nasa-hunch-112x71.jpg 112w, https:\/\/www.mastercam.com\/wp-content\/uploads\/2023\/09\/mastercam-nasa-hunch-224x142.jpg 224w, https:\/\/www.mastercam.com\/wp-content\/uploads\/2023\/09\/mastercam-nasa-hunch.jpg 912w\" sizes=\"auto, (max-width: 300px) 100vw, 300px\" \/><\/p>\n<p>Le programme<a href=\"https:\/\/www.nasahunch.com\/\" target=\"_blank\" rel=\"noreferrer noopener\">HUNCH (<\/a>High Schools United with NASA to Create Hardware) est un effort de sensibilisation aux STIM visant \u00e0 apporter aux \u00e9tudiants de nouvelles exp\u00e9riences \u00e9ducatives avec les projets de la NASA. Mastercam est un fier sponsor FAO du programme HUNCH. <\/p>\n\n            <\/div>\n                                <div class=\"media-object__cta\">\n              <a href=\"https:\/\/www.mastercam.com\/fr\/communaute\/concours\/mastercam-programme-hunch-de-la-nasa\/\" class=\"btn btn-outline-secondary\">S&#039;inscrire \u00e0 Hunch<\/a>\n            <\/div>\n                  <\/div>\n      <\/div>\n    <\/div>\n  <\/div>\n<\/div>\n\n\n<div class=\"container-fluid align wp-block-acf-block-media-object\">\n  <div class=\"row\">\n    <div class=\"col\">\n      <div class=\"d-flex flex-column flex-lg-row media-object media-object--shaded\">\n        <div class=\"flex-shrink-0 media-object__image order-1  order-lg-3 \">\n                      <div class=\"video\">\n      <lite-youtube\n      videoid=\"V31lmnNXarY\"\n            params=\"modestbranding=2&#038;rel=0&#038;enablejsapi=1\">\n    <\/lite-youtube>\n  <\/div>\n                  <\/div>\n        <div class=\"media-object__body flex-grow-1 d-lg-flex flex-column order-2 justify-content-lg-center\">\n                                          <div class=\"media-object__content\">\n              <p><img loading=\"lazy\" decoding=\"async\" class=\"alignnone wp-image-5234 size-medium\" src=\"https:\/\/www.mastercam.com\/wp-content\/uploads\/2023\/02\/TMS-Banner-Logo-768x157-1-300x61.jpg\" alt=\"Logo de la Mars Society\" width=\"300\" height=\"61\" srcset=\"https:\/\/www.mastercam.com\/wp-content\/uploads\/2023\/02\/TMS-Banner-Logo-768x157-1-300x61.jpg 300w, https:\/\/www.mastercam.com\/wp-content\/uploads\/2023\/02\/TMS-Banner-Logo-768x157-1-112x23.jpg 112w, https:\/\/www.mastercam.com\/wp-content\/uploads\/2023\/02\/TMS-Banner-Logo-768x157-1-224x46.jpg 224w, https:\/\/www.mastercam.com\/wp-content\/uploads\/2023\/02\/TMS-Banner-Logo-768x157-1.jpg 768w\" sizes=\"auto, (max-width: 300px) 100vw, 300px\" \/><\/p>\n<p>Les <a href=\"https:\/\/www.marssociety.org\/\" target=\"_blank\" rel=\"noreferrer noopener\">Mars Society Rover Challenge<\/a> Series sont des comp\u00e9titions de robotique organis\u00e9es chaque ann\u00e9e au niveau coll\u00e9gial, dont l&rsquo;objectif est de concevoir des robots pour la prochaine g\u00e9n\u00e9ration d&rsquo;explorateurs de Mars. La Mars Society est l&rsquo;organisation de d\u00e9fense de l&rsquo;espace la plus importante et la plus influente au monde, qui se consacre \u00e0 l&rsquo;exploration humaine et \u00e0 la colonisation de la plan\u00e8te Mars. <\/p>\n\n            <\/div>\n                                <div class=\"media-object__cta\">\n              <a href=\"https:\/\/www.mastercam.com\/fr\/communaute\/concours\/mastercam-mars-society-rover-challenge-series\/\" class=\"btn btn-outline-secondary\">S&#039;inscrire au Rover Challenge<\/a>\n            <\/div>\n                  <\/div>\n      <\/div>\n    <\/div>\n  <\/div>\n<\/div>\n\n\n<div class=\"container-fluid align wp-block-acf-block-media-object\">\n  <div class=\"row\">\n    <div class=\"col\">\n      <div class=\"d-flex flex-column flex-lg-row media-object media-object--shaded\">\n        <div class=\"flex-shrink-0 media-object__image order-1  order-lg-3 \">\n                      <div class=\"video\">\n      <lite-youtube\n      videoid=\"uAyPnTCRiyQ\"\n            params=\"modestbranding=2&#038;rel=0&#038;enablejsapi=1\">\n    <\/lite-youtube>\n  <\/div>\n                  <\/div>\n        <div class=\"media-object__body flex-grow-1 d-lg-flex flex-column order-2 justify-content-lg-center\">\n                                          <div class=\"media-object__content\">\n              <p><img loading=\"lazy\" decoding=\"async\" class=\"alignnone size-medium wp-image-26335\" src=\"https:\/\/www.mastercam.com\/wp-content\/uploads\/2024\/10\/Project-MFG-logo-300x202.png\" alt=\"Logo de Projection MFG.\" width=\"300\" height=\"202\" srcset=\"https:\/\/www.mastercam.com\/wp-content\/uploads\/2024\/10\/Project-MFG-logo-300x202.png 300w, https:\/\/www.mastercam.com\/wp-content\/uploads\/2024\/10\/Project-MFG-logo-112x75.png 112w, https:\/\/www.mastercam.com\/wp-content\/uploads\/2024\/10\/Project-MFG-logo-224x151.png 224w, https:\/\/www.mastercam.com\/wp-content\/uploads\/2024\/10\/Project-MFG-logo.png 424w\" sizes=\"auto, (max-width: 300px) 100vw, 300px\" \/><\/p>\n<p>Le Projection MFG est un catalyseur qui contribue \u00e0 \u00e9lever la prochaine g\u00e9n\u00e9ration de professionnels hautement qualifi\u00e9s en changeant les mentalit\u00e9s, en encourageant la pr\u00e9paration de la communaut\u00e9 et en remettant en question la mani\u00e8re dont sont enseign\u00e9es les comp\u00e9tences essentielles n\u00e9cessaires pour r\u00e9ussir dans la fabrication moderne de pointe.<\/p>\n\n            <\/div>\n                                <div class=\"media-object__cta\">\n              <a href=\"https:\/\/www.mastercam.com\/fr\/communaute\/concours\/projection-mfg\/\" class=\"btn btn-outline-secondary\">S&#039;inscrire au Projection MFG<\/a>\n            <\/div>\n                  <\/div>\n      <\/div>\n    <\/div>\n  <\/div>\n<\/div>\n\n\n\n<h2 class=\"wp-block-heading\">Autres concours<\/h2>\n\n\n<div class=\"container-fluid aligncenter wp-block-acf-block-cards\">\n  <div class=\"cards row g-4\">\n                                    <div class=\"col col-12 col-md-6 col-lg-4\">\n  <div class=\"card h-100 card--default\">\n          <img decoding=\"async\" src=\"https:\/\/www.mastercam.com\/wp-content\/uploads\/2024\/10\/first_logo.png\" class=\"card-img-top\" alt=\"Concours de robotique FIRST\" loading=\"lazy\" \/>\n    \n    <div class=\"card-body\">\n      \n      <h3 class=\"card-title\">Concours de robotique FIRST<\/h3>\n\n              <p class=\"card-text\">La mission de FIRST\u00ae est d&#039;inspirer les jeunes \u00e0 devenir des leaders et des innovateurs dans les domaines de la science et de la technologie, en les engageant dans des programmes passionnants bas\u00e9s sur le mentorat qui d\u00e9veloppent des comp\u00e9tences en science, ing\u00e9nierie et technologie, inspirent l&#039;innovation et favorisent des capacit\u00e9s de vie bien \u00e9quilibr\u00e9es, y compris la confiance en soi, la communication et le leadership. Mastercam est un fier sponsor FAO de la comp\u00e9tition FIRST Robotics. <\/p>\n      \n          <\/div>\n\n          \n      <div class=\"card-footer\">\n        <a class=\"btn btn-outline-secondary stretched-link\" href=\"https:\/\/www.mastercam.com\/fr\/communaute\/concours\/concours-de-robotique-first\/\">\n          Inscrivez votre \u00e9quipe<span class=\"sr-only\"> about Concours de robotique FIRST<\/span>\n        <\/a>\n      <\/div>\n      <\/div>\n\n  <\/div>\n                                        <div class=\"col col-12 col-md-6 col-lg-4\">\n  <div class=\"card h-100 card--default\">\n          <img decoding=\"async\" src=\"https:\/\/www.mastercam.com\/wp-content\/uploads\/2023\/04\/NationalRoboticsLeague_logo.png\" class=\"card-img-top\" alt=\"Ligue nationale de robotique\" loading=\"lazy\" \/>\n    \n    <div class=\"card-body\">\n      \n      <h3 class=\"card-title\">Ligue nationale de robotique<\/h3>\n\n              <p class=\"card-text\">La mission de la National Robotics League (NRL) est de fournir des exp\u00e9riences d&#039;apprentissage STEM passionnantes et pratiques par le biais de partenariats entreprises\/\u00e9ducation qui susciteront l&#039;int\u00e9r\u00eat et formeront la main-d&#039;\u0153uvre actuelle et future dont l&#039;industrie manufacturi\u00e8re a besoin.<\/p>\n      \n          <\/div>\n\n          \n      <div class=\"card-footer\">\n        <a class=\"btn btn-outline-secondary stretched-link\" href=\"https:\/\/www.mastercam.com\/fr\/communaute\/concours\/programme-mastercam-national-robotics-league-botsiq\/\">\n          Inscrivez votre \u00e9quipe<span class=\"sr-only\"> about Ligue nationale de robotique<\/span>\n        <\/a>\n      <\/div>\n      <\/div>\n\n  <\/div>\n                                        <div class=\"col col-12 col-md-6 col-lg-4\">\n  <div class=\"card h-100 card--default\">\n          <img decoding=\"async\" src=\"https:\/\/www.mastercam.com\/wp-content\/uploads\/2023\/04\/SkillsUSA_logo.png\" class=\"card-img-top\" alt=\"SkillsUSA\" loading=\"lazy\" \/>\n    \n    <div class=\"card-body\">\n      \n      <h3 class=\"card-title\">SkillsUSA<\/h3>\n\n              <p class=\"card-text\">Nous sommes fiers d&#039;\u00eatre un sponsor de la FAO pour SkillsUSA. Les championnats SkillsUSA sont des \u00e9v\u00e9nements comp\u00e9titifs qui mettent en valeur les meilleurs \u00e9tudiants en formation professionnelle et technique du pays. Les concours commencent au niveau local et se poursuivent au niveau de l&#039;\u00c9tat et au niveau national.  <\/p>\n      \n          <\/div>\n\n          \n      <div class=\"card-footer\">\n        <a class=\"btn btn-outline-secondary stretched-link\" href=\"https:\/\/www.mastercam.com\/fr\/communaute\/concours\/programme-mastercam-skillsusa\/\">\n          Demandez votre logiciel<span class=\"sr-only\"> about SkillsUSA<\/span>\n        <\/a>\n      <\/div>\n      <\/div>\n\n  <\/div>\n                    <\/div>\n<\/div>\n<\/div>\n<\/div>\n","protected":false},"excerpt":{"rendered":"<p>Autres concours<\/p>\n","protected":false},"author":1,"featured_media":0,"parent":34749,"menu_order":0,"comment_status":"closed","ping_status":"closed","template":"","meta":{"_acf_changed":false,"footnotes":""},"class_list":["post-34768","page","type-page","status-publish","hentry"],"acf":[],"yoast_head":"<!-- This site is optimized with the Yoast SEO plugin v27.3 - https:\/\/yoast.com\/product\/yoast-seo-wordpress\/ -->\n<title>Concours - mastercam.com<\/title>\n<meta name=\"description\" content=\"Autres concours\" \/>\n<meta name=\"robots\" content=\"index, follow, max-snippet:-1, max-image-preview:large, max-video-preview:-1\" \/>\n<link rel=\"canonical\" href=\"https:\/\/www.mastercam.com\/fr\/communaute\/concours\/\" \/>\n<meta property=\"og:locale\" content=\"fr_FR\" \/>\n<meta property=\"og:type\" content=\"article\" \/>\n<meta property=\"og:title\" content=\"Concours - mastercam.com\" \/>\n<meta property=\"og:description\" content=\"Autres concours\" \/>\n<meta property=\"og:url\" content=\"https:\/\/www.mastercam.com\/fr\/communaute\/concours\/\" \/>\n<meta property=\"og:site_name\" content=\"mastercam.com\" \/>\n<meta property=\"article:publisher\" content=\"https:\/\/www.facebook.com\/Mastercam\/\" \/>\n<meta property=\"article:modified_time\" content=\"2025-12-17T19:42:15+00:00\" \/>\n<meta property=\"og:image\" content=\"https:\/\/www.mastercam.com\/wp-content\/uploads\/2024\/02\/drill-wide-photo-1200x675-1.jpg\" \/>\n\t<meta property=\"og:image:width\" content=\"1200\" \/>\n\t<meta property=\"og:image:height\" content=\"675\" \/>\n\t<meta property=\"og:image:type\" content=\"image\/jpeg\" \/>\n<meta name=\"twitter:card\" content=\"summary_large_image\" \/>\n<meta name=\"twitter:site\" content=\"@mastercam\" \/>\n<script type=\"application\/ld+json\" class=\"yoast-schema-graph\">{\"@context\":\"https:\\\/\\\/schema.org\",\"@graph\":[{\"@type\":\"WebPage\",\"@id\":\"https:\\\/\\\/www.mastercam.com\\\/fr\\\/communaute\\\/concours\\\/\",\"url\":\"https:\\\/\\\/www.mastercam.com\\\/fr\\\/communaute\\\/concours\\\/\",\"name\":\"Concours - mastercam.com\",\"isPartOf\":{\"@id\":\"https:\\\/\\\/www.mastercam.com\\\/fr\\\/#website\"},\"datePublished\":\"2023-01-13T23:22:04+00:00\",\"dateModified\":\"2025-12-17T19:42:15+00:00\",\"description\":\"Autres concours\",\"breadcrumb\":{\"@id\":\"https:\\\/\\\/www.mastercam.com\\\/fr\\\/communaute\\\/concours\\\/#breadcrumb\"},\"inLanguage\":\"fr-FR\",\"potentialAction\":[{\"@type\":\"ReadAction\",\"target\":[\"https:\\\/\\\/www.mastercam.com\\\/fr\\\/communaute\\\/concours\\\/\"]}]},{\"@type\":\"BreadcrumbList\",\"@id\":\"https:\\\/\\\/www.mastercam.com\\\/fr\\\/communaute\\\/concours\\\/#breadcrumb\",\"itemListElement\":[{\"@type\":\"ListItem\",\"position\":1,\"name\":\"Home\",\"item\":\"https:\\\/\\\/www.mastercam.com\\\/fr\\\/\"},{\"@type\":\"ListItem\",\"position\":2,\"name\":\"Communaut\u00e9\",\"item\":\"https:\\\/\\\/www.mastercam.com\\\/fr\\\/communaute\\\/\"},{\"@type\":\"ListItem\",\"position\":3,\"name\":\"Concours\"}]},{\"@type\":\"WebSite\",\"@id\":\"https:\\\/\\\/www.mastercam.com\\\/fr\\\/#website\",\"url\":\"https:\\\/\\\/www.mastercam.com\\\/fr\\\/\",\"name\":\"Mastercam\",\"description\":\"Creating software and services that solve the world&#039;s manufacturing challenges\",\"publisher\":{\"@id\":\"https:\\\/\\\/www.mastercam.com\\\/fr\\\/#organization\"},\"potentialAction\":[{\"@type\":\"SearchAction\",\"target\":{\"@type\":\"EntryPoint\",\"urlTemplate\":\"https:\\\/\\\/www.mastercam.com\\\/fr\\\/?s={search_term_string}\"},\"query-input\":{\"@type\":\"PropertyValueSpecification\",\"valueRequired\":true,\"valueName\":\"search_term_string\"}}],\"inLanguage\":\"fr-FR\"},{\"@type\":\"Organization\",\"@id\":\"https:\\\/\\\/www.mastercam.com\\\/fr\\\/#organization\",\"name\":\"Mastercam\",\"url\":\"https:\\\/\\\/www.mastercam.com\\\/fr\\\/\",\"logo\":{\"@type\":\"ImageObject\",\"inLanguage\":\"fr-FR\",\"@id\":\"https:\\\/\\\/www.mastercam.com\\\/fr\\\/#\\\/schema\\\/logo\\\/image\\\/\",\"url\":\"https:\\\/\\\/www.mastercam.com\\\/wp-content\\\/uploads\\\/2023\\\/02\\\/MC_logo.svg\",\"contentUrl\":\"https:\\\/\\\/www.mastercam.com\\\/wp-content\\\/uploads\\\/2023\\\/02\\\/MC_logo.svg\",\"width\":230,\"height\":40,\"caption\":\"Mastercam\"},\"image\":{\"@id\":\"https:\\\/\\\/www.mastercam.com\\\/fr\\\/#\\\/schema\\\/logo\\\/image\\\/\"},\"sameAs\":[\"https:\\\/\\\/www.facebook.com\\\/Mastercam\\\/\",\"https:\\\/\\\/x.com\\\/mastercam\",\"https:\\\/\\\/www.linkedin.com\\\/company\\\/mastercam\",\"https:\\\/\\\/www.youtube.com\\\/channel\\\/UChJt5ruSkqnmFH44WsXVZLw\",\"https:\\\/\\\/www.instagram.com\\\/mastercam\\\/\"]}]}<\/script>\n<!-- \/ Yoast SEO plugin. -->","yoast_head_json":{"title":"Concours - mastercam.com","description":"Autres concours","robots":{"index":"index","follow":"follow","max-snippet":"max-snippet:-1","max-image-preview":"max-image-preview:large","max-video-preview":"max-video-preview:-1"},"canonical":"https:\/\/www.mastercam.com\/fr\/communaute\/concours\/","og_locale":"fr_FR","og_type":"article","og_title":"Concours - mastercam.com","og_description":"Autres concours","og_url":"https:\/\/www.mastercam.com\/fr\/communaute\/concours\/","og_site_name":"mastercam.com","article_publisher":"https:\/\/www.facebook.com\/Mastercam\/","article_modified_time":"2025-12-17T19:42:15+00:00","og_image":[{"width":1200,"height":675,"url":"https:\/\/www.mastercam.com\/wp-content\/uploads\/2024\/02\/drill-wide-photo-1200x675-1.jpg","type":"image\/jpeg"}],"twitter_card":"summary_large_image","twitter_site":"@mastercam","schema":{"@context":"https:\/\/schema.org","@graph":[{"@type":"WebPage","@id":"https:\/\/www.mastercam.com\/fr\/communaute\/concours\/","url":"https:\/\/www.mastercam.com\/fr\/communaute\/concours\/","name":"Concours - mastercam.com","isPartOf":{"@id":"https:\/\/www.mastercam.com\/fr\/#website"},"datePublished":"2023-01-13T23:22:04+00:00","dateModified":"2025-12-17T19:42:15+00:00","description":"Autres concours","breadcrumb":{"@id":"https:\/\/www.mastercam.com\/fr\/communaute\/concours\/#breadcrumb"},"inLanguage":"fr-FR","potentialAction":[{"@type":"ReadAction","target":["https:\/\/www.mastercam.com\/fr\/communaute\/concours\/"]}]},{"@type":"BreadcrumbList","@id":"https:\/\/www.mastercam.com\/fr\/communaute\/concours\/#breadcrumb","itemListElement":[{"@type":"ListItem","position":1,"name":"Home","item":"https:\/\/www.mastercam.com\/fr\/"},{"@type":"ListItem","position":2,"name":"Communaut\u00e9","item":"https:\/\/www.mastercam.com\/fr\/communaute\/"},{"@type":"ListItem","position":3,"name":"Concours"}]},{"@type":"WebSite","@id":"https:\/\/www.mastercam.com\/fr\/#website","url":"https:\/\/www.mastercam.com\/fr\/","name":"Mastercam","description":"Creating software and services that solve the world&#039;s manufacturing challenges","publisher":{"@id":"https:\/\/www.mastercam.com\/fr\/#organization"},"potentialAction":[{"@type":"SearchAction","target":{"@type":"EntryPoint","urlTemplate":"https:\/\/www.mastercam.com\/fr\/?s={search_term_string}"},"query-input":{"@type":"PropertyValueSpecification","valueRequired":true,"valueName":"search_term_string"}}],"inLanguage":"fr-FR"},{"@type":"Organization","@id":"https:\/\/www.mastercam.com\/fr\/#organization","name":"Mastercam","url":"https:\/\/www.mastercam.com\/fr\/","logo":{"@type":"ImageObject","inLanguage":"fr-FR","@id":"https:\/\/www.mastercam.com\/fr\/#\/schema\/logo\/image\/","url":"https:\/\/www.mastercam.com\/wp-content\/uploads\/2023\/02\/MC_logo.svg","contentUrl":"https:\/\/www.mastercam.com\/wp-content\/uploads\/2023\/02\/MC_logo.svg","width":230,"height":40,"caption":"Mastercam"},"image":{"@id":"https:\/\/www.mastercam.com\/fr\/#\/schema\/logo\/image\/"},"sameAs":["https:\/\/www.facebook.com\/Mastercam\/","https:\/\/x.com\/mastercam","https:\/\/www.linkedin.com\/company\/mastercam","https:\/\/www.youtube.com\/channel\/UChJt5ruSkqnmFH44WsXVZLw","https:\/\/www.instagram.com\/mastercam\/"]}]}},"_links":{"self":[{"href":"https:\/\/www.mastercam.com\/fr\/wp-json\/wp\/v2\/pages\/34768","targetHints":{"allow":["GET"]}}],"collection":[{"href":"https:\/\/www.mastercam.com\/fr\/wp-json\/wp\/v2\/pages"}],"about":[{"href":"https:\/\/www.mastercam.com\/fr\/wp-json\/wp\/v2\/types\/page"}],"author":[{"embeddable":true,"href":"https:\/\/www.mastercam.com\/fr\/wp-json\/wp\/v2\/users\/1"}],"replies":[{"embeddable":true,"href":"https:\/\/www.mastercam.com\/fr\/wp-json\/wp\/v2\/comments?post=34768"}],"version-history":[{"count":0,"href":"https:\/\/www.mastercam.com\/fr\/wp-json\/wp\/v2\/pages\/34768\/revisions"}],"up":[{"embeddable":true,"href":"https:\/\/www.mastercam.com\/fr\/wp-json\/wp\/v2\/pages\/34749"}],"wp:attachment":[{"href":"https:\/\/www.mastercam.com\/fr\/wp-json\/wp\/v2\/media?parent=34768"}],"curies":[{"name":"wp","href":"https:\/\/api.w.org\/{rel}","templated":true}]}}