{"id":34747,"date":"2023-01-12T19:56:55","date_gmt":"2023-01-13T00:56:55","guid":{"rendered":"https:\/\/www.mastercam.com\/modules-complementaires-mastercam\/"},"modified":"2026-03-30T11:01:31","modified_gmt":"2026-03-30T15:01:31","slug":"modules-complementaires-mastercam","status":"publish","type":"page","link":"https:\/\/www.mastercam.com\/fr\/solutions\/modules-complementaires-mastercam\/","title":{"rendered":"Modules additionnels Mastercam"},"content":{"rendered":"<div class=\"hero__breadcrumbs\">\n    <div class=\"container-fluid\">\n      <div class=\"row\">\n        <div class=\"col\">\n          <nav aria-label=\"breadcrumbs\"><ol class=\"breadcrumb\"><li><a href=\"https:\/\/www.mastercam.com\/fr\/\">Home<\/a><\/li><\/ol><\/nav>\n        <\/div>\n      <\/div>\n    <\/div>\n  <\/div>\n\n<div class=\"hero hero--minimal wp-block-acf-block-hero\">\n  <div class=\"container-fluid\">\n    <div class=\"row align-items-center\">\n      \n      \n      \n      <div class=\"col-12 col-lg-7 order-2 order-lg-2 hero__content-column\">\n        <div class=\"hero__content\">\n                      <h1 class=\"hero__heading\">\n              \n              <span class=\"text-nowrap\">Modules additionnels<\/span> Mastercam\n            <\/h1>\n          \n                      <p class=\"hero__text\">Cr\u00e9ez votre solution CAO\/FAO compl\u00e8te avec Mastercam. Am\u00e9liorez votre productivit\u00e9 gr\u00e2ce \u00e0 une gamme de modules additionnels sp\u00e9cialis\u00e9s pour vos besoins d&#039;usinage sp\u00e9cifiques.<\/p>\n          \n          \n          \n          \n                  <\/div>\n      <\/div>\n    <\/div>\n  <\/div>\n<\/div>\n\n<div class=\"wp-block-group is-style-light-gray-bg is-layout-constrained wp-block-group-is-layout-constrained\" style=\"padding-top:var(--wp--preset--spacing--0);padding-bottom:var(--wp--preset--spacing--0)\">\n<div class=\"wp-block-columns is-style-container is-layout-flex wp-container-core-columns-is-layout-299ef634 wp-block-columns-is-layout-flex\" style=\"padding-top:var(--wp--preset--spacing--0);padding-bottom:var(--wp--preset--spacing--6)\">\n<div class=\"wp-block-column is-layout-flow wp-block-column-is-layout-flow\">\n<h2 class=\"wp-block-heading\" style=\"margin-top:0;margin-bottom:var(--wp--preset--spacing--5)\">Modules additionnels<\/h2>\n\n\n<div style=\"margin-bottom:var(--wp--preset--spacing--6);\" class=\"container-fluid aligncenter wp-block-acf-block-featured-items\">\r\n  <div class=\"cards row g-4\">\r\n                  \r\n                  \r\n                      <div class=\"col col-12 col-md-6 col-lg-4\">\n  <div class=\"card h-100  card--linked\">\n          <img decoding=\"async\" src=\"https:\/\/www.mastercam.com\/wp-content\/uploads\/2025\/06\/Probing-Still-2-1024x576.png\" class=\"card-img-top\" alt=\"Palpage\" loading=\"lazy\" \/>\n    \n    <div class=\"card-body\">\n      \n      <h3 class=\"card-title\">Palpage<\/h3>\n\n              <p class=\"card-text\">Mastercam Palpage g\u00e9n\u00e8re de mani\u00e8re transparente du Code G ind\u00e9pendant de la machine et l&#039;int\u00e8gre directement dans votre programme CN. Programmez sans effort le palpage mont\u00e9 sur la broche de votre centre d&#039;usinage, comme vous le feriez pour les parcours d&#039;outils.<\/p>\n      \n          <\/div>\n\n          \n      <div class=\"card-footer\">\n        <a class=\"btn btn-outline-secondary stretched-link\" href=\"https:\/\/www.mastercam.com\/fr\/solutions\/add-ons\/palpage-mastercam\/\">\n          Explore<span class=\"sr-only\"> about Palpage<\/span>\n        <\/a>\n      <\/div>\n      <\/div>\n\n  <\/div>\n                                \r\n                  \r\n                      <div class=\"col col-12 col-md-6 col-lg-4\">\n  <div class=\"card h-100  card--linked\">\n          <img decoding=\"async\" src=\"https:\/\/www.mastercam.com\/wp-content\/uploads\/2024\/06\/Deburr-Background_Wrapped-1024x588.jpg\" class=\"card-img-top\" alt=\"\u00c9bavurage\" loading=\"lazy\" \/>\n    \n    <div class=\"card-body\">\n      \n      <h3 class=\"card-title\">\u00c9bavurage<\/h3>\n\n              <p class=\"card-text\">Mastercam \u00c9bavurage pour 3 axes, une solution avanc\u00e9e qui r\u00e9volutionne l&#039;op\u00e9ration d&#039;\u00e9bavurage pour Mastercam Fraisage, Mastercam Fraisage 3D, Mastercam Router et Mastercam Fraisage-Tournage.<\/p>\n      \n          <\/div>\n\n          \n      <div class=\"card-footer\">\n        <a class=\"btn btn-outline-secondary stretched-link\" href=\"https:\/\/www.mastercam.com\/fr\/solutions\/add-ons\/mastercam-deburr\/\">\n          Explore<span class=\"sr-only\"> about \u00c9bavurage<\/span>\n        <\/a>\n      <\/div>\n      <\/div>\n\n  <\/div>\n                                \r\n                  \r\n                      <div class=\"col col-12 col-md-6 col-lg-4\">\n  <div class=\"card h-100  card--linked\">\n          <img decoding=\"async\" src=\"https:\/\/www.mastercam.com\/wp-content\/uploads\/2023\/03\/Multiaxis-1024x683.jpg\" class=\"card-img-top\" alt=\"Usinage Multiaxes\" loading=\"lazy\" \/>\n    \n    <div class=\"card-body\">\n      \n      <h3 class=\"card-title\">Usinage Multiaxes<\/h3>\n\n              <p class=\"card-text\">Mastercam Multiaxes offre une large gamme de strat\u00e9gies d&#039;usinage multiaxes, \u00e0 la fois basiques et avanc\u00e9es.<\/p>\n      \n          <\/div>\n\n          \n      <div class=\"card-footer\">\n        <a class=\"btn btn-outline-secondary stretched-link\" href=\"https:\/\/www.mastercam.com\/fr\/solutions\/add-ons\/multiaxis\/\">\n          Explore<span class=\"sr-only\"> about Usinage Multiaxes<\/span>\n        <\/a>\n      <\/div>\n      <\/div>\n\n  <\/div>\n                                \r\n                  \r\n                      <div class=\"col col-12 col-md-6 col-lg-4\">\n  <div class=\"card h-100  card--linked\">\n          <img decoding=\"async\" src=\"https:\/\/www.mastercam.com\/wp-content\/uploads\/2023\/03\/Group-73.jpg\" class=\"card-img-top\" alt=\"Port Expert\" loading=\"lazy\" \/>\n    \n    <div class=\"card-body\">\n      \n      <h3 class=\"card-title\">Port Expert<\/h3>\n\n              <p class=\"card-text\">Mastercam Port Expert facilite la g\u00e9n\u00e9ration de parcours d&#039;outil pour le portage de culasses CNC.<\/p>\n      \n          <\/div>\n\n          \n      <div class=\"card-footer\">\n        <a class=\"btn btn-outline-secondary stretched-link\" href=\"https:\/\/www.mastercam.com\/fr\/solutions\/add-ons\/port-expert\/\">\n          Explore<span class=\"sr-only\"> about Port Expert<\/span>\n        <\/a>\n      <\/div>\n      <\/div>\n\n  <\/div>\n                                \r\n                  \r\n                      <div class=\"col col-12 col-md-6 col-lg-4\">\n  <div class=\"card h-100  card--linked\">\n          <img decoding=\"async\" src=\"https:\/\/www.mastercam.com\/wp-content\/uploads\/2023\/03\/3.jpg\" class=\"card-img-top\" alt=\"Blade Expert\" loading=\"lazy\" \/>\n    \n    <div class=\"card-body\">\n      \n      <h3 class=\"card-title\">Blade Expert<\/h3>\n\n              <p class=\"card-text\">Mastercam Blade Expert offre une solution compl\u00e8te pour diff\u00e9rentes configurations d&#039;aubes.<\/p>\n      \n          <\/div>\n\n          \n      <div class=\"card-footer\">\n        <a class=\"btn btn-outline-secondary stretched-link\" href=\"https:\/\/www.mastercam.com\/fr\/solutions\/add-ons\/aube-expert\/\">\n          Explore<span class=\"sr-only\"> about Blade Expert<\/span>\n        <\/a>\n      <\/div>\n      <\/div>\n\n  <\/div>\n                                \r\n                  \r\n                      <div class=\"col col-12 col-md-6 col-lg-4\">\n  <div class=\"card h-100  card--linked\">\n          <img decoding=\"async\" src=\"https:\/\/www.mastercam.com\/wp-content\/uploads\/2023\/02\/ProdrillExample-1024x792-2.jpeg\" class=\"card-img-top\" alt=\"ProDrill\" loading=\"lazy\" \/>\n    \n    <div class=\"card-body\">\n      \n      <h3 class=\"card-title\">ProDrill<\/h3>\n\n              <p class=\"card-text\">Mastercam ProDrill est un module additionnel de per\u00e7age hautement personnalisable pour Mastercam.<\/p>\n      \n          <\/div>\n\n          \n      <div class=\"card-footer\">\n        <a class=\"btn btn-outline-secondary stretched-link\" href=\"https:\/\/www.mastercam.com\/fr\/solutions\/add-ons\/prodrill\/\">\n          Explore<span class=\"sr-only\"> about ProDrill<\/span>\n        <\/a>\n      <\/div>\n      <\/div>\n\n  <\/div>\n                                \r\n                  \r\n                      <div class=\"col col-12 col-md-6 col-lg-4\">\n  <div class=\"card h-100  card--linked\">\n          <img decoding=\"async\" src=\"https:\/\/www.mastercam.com\/wp-content\/uploads\/2023\/03\/5-axis.jpg\" class=\"card-img-top\" alt=\"Usinage en courbe 5\u00a0axes\" loading=\"lazy\" \/>\n    \n    <div class=\"card-body\">\n      \n      <h3 class=\"card-title\">Usinage en courbe 5\u00a0axes<\/h3>\n\n              <p class=\"card-text\">L&#039;usinage en courbe 5 axes vous permet d&#039;optimiser les capacit\u00e9s offertes par les machines 5 axes.<\/p>\n      \n          <\/div>\n\n          \n      <div class=\"card-footer\">\n        <a class=\"btn btn-outline-secondary stretched-link\" href=\"https:\/\/www.mastercam.com\/fr\/solutions\/add-ons\/usinage-en-courbe-5-axes\/\">\n          Explore<span class=\"sr-only\"> about Usinage en courbe 5\u00a0axes<\/span>\n        <\/a>\n      <\/div>\n      <\/div>\n\n  <\/div>\n                                \r\n                  \r\n                      <div class=\"col col-12 col-md-6 col-lg-4\">\n  <div class=\"card h-100  card--linked\">\n          <img decoding=\"async\" src=\"https:\/\/www.mastercam.com\/wp-content\/uploads\/2023\/02\/TranslatorHero-1024x632.jpeg\" class=\"card-img-top\" alt=\"Convertisseurs de fichiers\" loading=\"lazy\" \/>\n    \n    <div class=\"card-body\">\n      \n      <h3 class=\"card-title\">Convertisseurs de fichiers<\/h3>\n\n              <p class=\"card-text\">Les convertisseurs de fichiers permettent d&#039;importer et d&#039;exporter des fichiers de pi\u00e8ces entre les programmes.<\/p>\n      \n          <\/div>\n\n          \n      <div class=\"card-footer\">\n        <a class=\"btn btn-outline-secondary stretched-link\" href=\"https:\/\/www.mastercam.com\/fr\/solutions\/add-ons\/convertisseurs-de-fichiers\/\">\n          Explore<span class=\"sr-only\"> about Convertisseurs de fichiers<\/span>\n        <\/a>\n      <\/div>\n      <\/div>\n\n  <\/div>\n                                \r\n                  \r\n                      <div class=\"col col-12 col-md-6 col-lg-4\">\n  <div class=\"card h-100  card--linked\">\n          <img decoding=\"async\" src=\"https:\/\/www.mastercam.com\/wp-content\/uploads\/2024\/02\/aplus.jpeg\" class=\"card-img-top\" alt=\"APlus\" loading=\"lazy\" \/>\n    \n    <div class=\"card-body\">\n      \n      <h3 class=\"card-title\">APlus<\/h3>\n\n              <p class=\"card-text\">En partenariat avec CAMufacturing Solutions, Inc., Mastercam propose un module additionnel pour la fabrication additive (AM) dans Mastercam.<\/p>\n      \n          <\/div>\n\n          \n      <div class=\"card-footer\">\n        <a class=\"btn btn-outline-secondary stretched-link\" href=\"https:\/\/www.mastercam.com\/fr\/solutions\/add-ons\/aplus\/\">\n          Explore<span class=\"sr-only\"> about APlus<\/span>\n        <\/a>\n      <\/div>\n      <\/div>\n\n  <\/div>\n                              <\/div>\r\n<\/div>\r\n<\/div>\n<\/div>\n<\/div>\n","protected":false},"excerpt":{"rendered":"<p>Modules additionnels<\/p>\n","protected":false},"author":1,"featured_media":34748,"parent":34885,"menu_order":0,"comment_status":"closed","ping_status":"closed","template":"addons.blade.php","meta":{"_acf_changed":false,"footnotes":""},"class_list":["post-34747","page","type-page","status-publish","has-post-thumbnail","hentry"],"acf":[],"yoast_head":"<!-- This site is optimized with the Yoast SEO plugin v26.8 - https:\/\/yoast.com\/product\/yoast-seo-wordpress\/ -->\n<title>Modules additionnels pour logiciels CAO\/FAO | Mastercam<\/title>\n<meta name=\"description\" content=\"D\u00e9couvrez une large gamme de modules compl\u00e9mentaires et de plugins pour logiciels CAO\/FAO, con\u00e7us pour \u00e9tendre les capacit\u00e9s de votre logiciel de fabrication. Cliquez pour en savoir plus.\" \/>\n<meta name=\"robots\" content=\"index, follow, max-snippet:-1, max-image-preview:large, max-video-preview:-1\" \/>\n<link rel=\"canonical\" href=\"https:\/\/www.mastercam.com\/fr\/solutions\/modules-complementaires-mastercam\/\" \/>\n<meta property=\"og:locale\" content=\"fr_FR\" \/>\n<meta property=\"og:type\" content=\"article\" \/>\n<meta property=\"og:title\" content=\"Modules additionnels pour logiciels CAO\/FAO | Mastercam\" \/>\n<meta property=\"og:description\" content=\"D\u00e9couvrez une large gamme de modules compl\u00e9mentaires et de plugins pour logiciels CAO\/FAO, con\u00e7us pour \u00e9tendre les capacit\u00e9s de votre logiciel de fabrication. Cliquez pour en savoir plus.\" \/>\n<meta property=\"og:url\" content=\"https:\/\/www.mastercam.com\/fr\/solutions\/modules-complementaires-mastercam\/\" \/>\n<meta property=\"og:site_name\" content=\"mastercam.com\" \/>\n<meta property=\"article:publisher\" content=\"https:\/\/www.facebook.com\/Mastercam\/\" \/>\n<meta property=\"article:modified_time\" content=\"2026-03-30T15:01:31+00:00\" \/>\n<meta property=\"og:image\" content=\"https:\/\/www.mastercam.com\/wp-content\/uploads\/2025\/11\/IMG_8318-scaled.jpg\" \/>\n\t<meta property=\"og:image:width\" content=\"2560\" \/>\n\t<meta property=\"og:image:height\" content=\"1707\" \/>\n\t<meta property=\"og:image:type\" content=\"image\/jpeg\" \/>\n<meta name=\"twitter:card\" content=\"summary_large_image\" \/>\n<meta name=\"twitter:site\" content=\"@mastercam\" \/>\n<script type=\"application\/ld+json\" class=\"yoast-schema-graph\">{\"@context\":\"https:\/\/schema.org\",\"@graph\":[{\"@type\":\"WebPage\",\"@id\":\"https:\/\/www.mastercam.com\/fr\/solutions\/modules-complementaires-mastercam\/\",\"url\":\"https:\/\/www.mastercam.com\/fr\/solutions\/modules-complementaires-mastercam\/\",\"name\":\"Modules additionnels pour logiciels CAO\/FAO | Mastercam\",\"isPartOf\":{\"@id\":\"https:\/\/www.mastercam.com\/fr\/#website\"},\"primaryImageOfPage\":{\"@id\":\"https:\/\/www.mastercam.com\/fr\/solutions\/modules-complementaires-mastercam\/#primaryimage\"},\"image\":{\"@id\":\"https:\/\/www.mastercam.com\/fr\/solutions\/modules-complementaires-mastercam\/#primaryimage\"},\"thumbnailUrl\":\"https:\/\/www.mastercam.com\/wp-content\/uploads\/2025\/11\/IMG_8318-scaled.jpg\",\"datePublished\":\"2023-01-13T00:56:55+00:00\",\"dateModified\":\"2026-03-30T15:01:31+00:00\",\"description\":\"D\u00e9couvrez une large gamme de modules compl\u00e9mentaires et de plugins pour logiciels CAO\/FAO, con\u00e7us pour \u00e9tendre les capacit\u00e9s de votre logiciel de fabrication. Cliquez pour en savoir plus.\",\"breadcrumb\":{\"@id\":\"https:\/\/www.mastercam.com\/fr\/solutions\/modules-complementaires-mastercam\/#breadcrumb\"},\"inLanguage\":\"fr-FR\",\"potentialAction\":[{\"@type\":\"ReadAction\",\"target\":[\"https:\/\/www.mastercam.com\/fr\/solutions\/modules-complementaires-mastercam\/\"]}]},{\"@type\":\"ImageObject\",\"inLanguage\":\"fr-FR\",\"@id\":\"https:\/\/www.mastercam.com\/fr\/solutions\/modules-complementaires-mastercam\/#primaryimage\",\"url\":\"https:\/\/www.mastercam.com\/wp-content\/uploads\/2025\/11\/IMG_8318-scaled.jpg\",\"contentUrl\":\"https:\/\/www.mastercam.com\/wp-content\/uploads\/2025\/11\/IMG_8318-scaled.jpg\",\"width\":2560,\"height\":1707,\"caption\":\"\u00e9cran avec rendu de produit r\u00e9alis\u00e9 \u00e0 l'aide du logiciel Mastercam\"},{\"@type\":\"BreadcrumbList\",\"@id\":\"https:\/\/www.mastercam.com\/fr\/solutions\/modules-complementaires-mastercam\/#breadcrumb\",\"itemListElement\":[{\"@type\":\"ListItem\",\"position\":1,\"name\":\"Home\",\"item\":\"https:\/\/www.mastercam.com\/fr\/\"},{\"@type\":\"ListItem\",\"position\":2,\"name\":\"Solutions\",\"item\":\"https:\/\/www.mastercam.com\/fr\/solutions\/\"},{\"@type\":\"ListItem\",\"position\":3,\"name\":\"Modules additionnels Mastercam\"}]},{\"@type\":\"WebSite\",\"@id\":\"https:\/\/www.mastercam.com\/fr\/#website\",\"url\":\"https:\/\/www.mastercam.com\/fr\/\",\"name\":\"Mastercam\",\"description\":\"Creating software and services that solve the world&#039;s manufacturing challenges\",\"publisher\":{\"@id\":\"https:\/\/www.mastercam.com\/fr\/#organization\"},\"potentialAction\":[{\"@type\":\"SearchAction\",\"target\":{\"@type\":\"EntryPoint\",\"urlTemplate\":\"https:\/\/www.mastercam.com\/fr\/?s={search_term_string}\"},\"query-input\":{\"@type\":\"PropertyValueSpecification\",\"valueRequired\":true,\"valueName\":\"search_term_string\"}}],\"inLanguage\":\"fr-FR\"},{\"@type\":\"Organization\",\"@id\":\"https:\/\/www.mastercam.com\/fr\/#organization\",\"name\":\"Mastercam\",\"url\":\"https:\/\/www.mastercam.com\/fr\/\",\"logo\":{\"@type\":\"ImageObject\",\"inLanguage\":\"fr-FR\",\"@id\":\"https:\/\/www.mastercam.com\/fr\/#\/schema\/logo\/image\/\",\"url\":\"https:\/\/www.mastercam.com\/wp-content\/uploads\/2023\/02\/MC_logo.svg\",\"contentUrl\":\"https:\/\/www.mastercam.com\/wp-content\/uploads\/2023\/02\/MC_logo.svg\",\"width\":230,\"height\":40,\"caption\":\"Mastercam\"},\"image\":{\"@id\":\"https:\/\/www.mastercam.com\/fr\/#\/schema\/logo\/image\/\"},\"sameAs\":[\"https:\/\/www.facebook.com\/Mastercam\/\",\"https:\/\/x.com\/mastercam\",\"https:\/\/www.linkedin.com\/company\/mastercam\",\"https:\/\/www.youtube.com\/channel\/UChJt5ruSkqnmFH44WsXVZLw\",\"https:\/\/www.instagram.com\/mastercam\/\"]}]}<\/script>\n<!-- \/ Yoast SEO plugin. -->","yoast_head_json":{"title":"Modules additionnels pour logiciels CAO\/FAO | Mastercam","description":"D\u00e9couvrez une large gamme de modules compl\u00e9mentaires et de plugins pour logiciels CAO\/FAO, con\u00e7us pour \u00e9tendre les capacit\u00e9s de votre logiciel de fabrication. Cliquez pour en savoir plus.","robots":{"index":"index","follow":"follow","max-snippet":"max-snippet:-1","max-image-preview":"max-image-preview:large","max-video-preview":"max-video-preview:-1"},"canonical":"https:\/\/www.mastercam.com\/fr\/solutions\/modules-complementaires-mastercam\/","og_locale":"fr_FR","og_type":"article","og_title":"Modules additionnels pour logiciels CAO\/FAO | Mastercam","og_description":"D\u00e9couvrez une large gamme de modules compl\u00e9mentaires et de plugins pour logiciels CAO\/FAO, con\u00e7us pour \u00e9tendre les capacit\u00e9s de votre logiciel de fabrication. Cliquez pour en savoir plus.","og_url":"https:\/\/www.mastercam.com\/fr\/solutions\/modules-complementaires-mastercam\/","og_site_name":"mastercam.com","article_publisher":"https:\/\/www.facebook.com\/Mastercam\/","article_modified_time":"2026-03-30T15:01:31+00:00","og_image":[{"width":2560,"height":1707,"url":"https:\/\/www.mastercam.com\/wp-content\/uploads\/2025\/11\/IMG_8318-scaled.jpg","type":"image\/jpeg"}],"twitter_card":"summary_large_image","twitter_site":"@mastercam","schema":{"@context":"https:\/\/schema.org","@graph":[{"@type":"WebPage","@id":"https:\/\/www.mastercam.com\/fr\/solutions\/modules-complementaires-mastercam\/","url":"https:\/\/www.mastercam.com\/fr\/solutions\/modules-complementaires-mastercam\/","name":"Modules additionnels pour logiciels CAO\/FAO | Mastercam","isPartOf":{"@id":"https:\/\/www.mastercam.com\/fr\/#website"},"primaryImageOfPage":{"@id":"https:\/\/www.mastercam.com\/fr\/solutions\/modules-complementaires-mastercam\/#primaryimage"},"image":{"@id":"https:\/\/www.mastercam.com\/fr\/solutions\/modules-complementaires-mastercam\/#primaryimage"},"thumbnailUrl":"https:\/\/www.mastercam.com\/wp-content\/uploads\/2025\/11\/IMG_8318-scaled.jpg","datePublished":"2023-01-13T00:56:55+00:00","dateModified":"2026-03-30T15:01:31+00:00","description":"D\u00e9couvrez une large gamme de modules compl\u00e9mentaires et de plugins pour logiciels CAO\/FAO, con\u00e7us pour \u00e9tendre les capacit\u00e9s de votre logiciel de fabrication. Cliquez pour en savoir plus.","breadcrumb":{"@id":"https:\/\/www.mastercam.com\/fr\/solutions\/modules-complementaires-mastercam\/#breadcrumb"},"inLanguage":"fr-FR","potentialAction":[{"@type":"ReadAction","target":["https:\/\/www.mastercam.com\/fr\/solutions\/modules-complementaires-mastercam\/"]}]},{"@type":"ImageObject","inLanguage":"fr-FR","@id":"https:\/\/www.mastercam.com\/fr\/solutions\/modules-complementaires-mastercam\/#primaryimage","url":"https:\/\/www.mastercam.com\/wp-content\/uploads\/2025\/11\/IMG_8318-scaled.jpg","contentUrl":"https:\/\/www.mastercam.com\/wp-content\/uploads\/2025\/11\/IMG_8318-scaled.jpg","width":2560,"height":1707,"caption":"\u00e9cran avec rendu de produit r\u00e9alis\u00e9 \u00e0 l'aide du logiciel Mastercam"},{"@type":"BreadcrumbList","@id":"https:\/\/www.mastercam.com\/fr\/solutions\/modules-complementaires-mastercam\/#breadcrumb","itemListElement":[{"@type":"ListItem","position":1,"name":"Home","item":"https:\/\/www.mastercam.com\/fr\/"},{"@type":"ListItem","position":2,"name":"Solutions","item":"https:\/\/www.mastercam.com\/fr\/solutions\/"},{"@type":"ListItem","position":3,"name":"Modules additionnels Mastercam"}]},{"@type":"WebSite","@id":"https:\/\/www.mastercam.com\/fr\/#website","url":"https:\/\/www.mastercam.com\/fr\/","name":"Mastercam","description":"Creating software and services that solve the world&#039;s manufacturing challenges","publisher":{"@id":"https:\/\/www.mastercam.com\/fr\/#organization"},"potentialAction":[{"@type":"SearchAction","target":{"@type":"EntryPoint","urlTemplate":"https:\/\/www.mastercam.com\/fr\/?s={search_term_string}"},"query-input":{"@type":"PropertyValueSpecification","valueRequired":true,"valueName":"search_term_string"}}],"inLanguage":"fr-FR"},{"@type":"Organization","@id":"https:\/\/www.mastercam.com\/fr\/#organization","name":"Mastercam","url":"https:\/\/www.mastercam.com\/fr\/","logo":{"@type":"ImageObject","inLanguage":"fr-FR","@id":"https:\/\/www.mastercam.com\/fr\/#\/schema\/logo\/image\/","url":"https:\/\/www.mastercam.com\/wp-content\/uploads\/2023\/02\/MC_logo.svg","contentUrl":"https:\/\/www.mastercam.com\/wp-content\/uploads\/2023\/02\/MC_logo.svg","width":230,"height":40,"caption":"Mastercam"},"image":{"@id":"https:\/\/www.mastercam.com\/fr\/#\/schema\/logo\/image\/"},"sameAs":["https:\/\/www.facebook.com\/Mastercam\/","https:\/\/x.com\/mastercam","https:\/\/www.linkedin.com\/company\/mastercam","https:\/\/www.youtube.com\/channel\/UChJt5ruSkqnmFH44WsXVZLw","https:\/\/www.instagram.com\/mastercam\/"]}]}},"_links":{"self":[{"href":"https:\/\/www.mastercam.com\/fr\/wp-json\/wp\/v2\/pages\/34747","targetHints":{"allow":["GET"]}}],"collection":[{"href":"https:\/\/www.mastercam.com\/fr\/wp-json\/wp\/v2\/pages"}],"about":[{"href":"https:\/\/www.mastercam.com\/fr\/wp-json\/wp\/v2\/types\/page"}],"author":[{"embeddable":true,"href":"https:\/\/www.mastercam.com\/fr\/wp-json\/wp\/v2\/users\/1"}],"replies":[{"embeddable":true,"href":"https:\/\/www.mastercam.com\/fr\/wp-json\/wp\/v2\/comments?post=34747"}],"version-history":[{"count":0,"href":"https:\/\/www.mastercam.com\/fr\/wp-json\/wp\/v2\/pages\/34747\/revisions"}],"up":[{"embeddable":true,"href":"https:\/\/www.mastercam.com\/fr\/wp-json\/wp\/v2\/pages\/34885"}],"wp:featuredmedia":[{"embeddable":true,"href":"https:\/\/www.mastercam.com\/fr\/wp-json\/wp\/v2\/media\/34748"}],"wp:attachment":[{"href":"https:\/\/www.mastercam.com\/fr\/wp-json\/wp\/v2\/media?parent=34747"}],"curies":[{"name":"wp","href":"https:\/\/api.w.org\/{rel}","templated":true}]}}