{"id":34740,"date":"2025-11-03T09:10:14","date_gmt":"2025-11-03T14:10:14","guid":{"rendered":"https:\/\/www.mastercam.com\/soutien-a-la-commande\/"},"modified":"2025-12-17T14:19:17","modified_gmt":"2025-12-17T19:19:17","slug":"soutien-a-la-commande","status":"publish","type":"page","link":"https:\/\/www.mastercam.com\/fr\/soutien-a-la-commande\/","title":{"rendered":"Soutien \u00e0 la commande"},"content":{"rendered":"<div class=\"hero__breadcrumbs\">\n    <div class=\"container-fluid\">\n      <div class=\"row\">\n        <div class=\"col\">\n          <nav aria-label=\"breadcrumbs\"><ol class=\"breadcrumb\"><li><a href=\"https:\/\/www.mastercam.com\/fr\/\">Home<\/a><\/li><\/ol><\/nav>\n        <\/div>\n      <\/div>\n    <\/div>\n  <\/div>\n\n<div class=\"hero wp-block-acf-block-hero\">\n  <div class=\"container-fluid\">\n    <div class=\"row align-items-center\">\n      \n              <div class=\"col-12 col-lg-6 order-1 order-lg-1 hero__media-column\">\n          <div class=\"hero__media-wrapper\">\n                          \n              <div class=\"hero__image-container\">\n                <img decoding=\"async\" src=\"https:\/\/www.mastercam.com\/wp-content\/uploads\/2025\/10\/header-1.png\"\n                     srcset=\"https:\/\/www.mastercam.com\/wp-content\/uploads\/2025\/10\/header-1.png 896w,\n                             https:\/\/www.mastercam.com\/wp-content\/uploads\/2025\/10\/header-1-768x315.png 768w,\n                             https:\/\/www.mastercam.com\/wp-content\/uploads\/2025\/10\/header-1-300x123.png 600w\"\n                     sizes=\"(min-width: 992px) 50vw, 100vw\"\n                     alt=\"\"\n                      role=\"presentation\" aria-hidden=\"true\"                      class=\"hero__image\"\n                     loading=\"eager\"\n                     fetchpriority=\"high\"\n                     width=\"896\"\n                     height=\"504\">\n              <\/div>\n                      <\/div>\n        <\/div>\n      \n      \n      <div class=\"col-12 col-lg-6 order-2 order-lg-2 hero__content-column\">\n        <div class=\"hero__content\">\n                      <h1 class=\"hero__heading\">\n              \n              Ressources d&rsquo;aide \u00e0 la commande\n            <\/h1>\n          \n          \n          \n          \n          \n                  <\/div>\n      <\/div>\n    <\/div>\n  <\/div>\n<\/div>\n\n<div class=\"wp-block-columns is-style-container is-layout-flex wp-container-core-columns-is-layout-28f84493 wp-block-columns-is-layout-flex\">\n<div class=\"wp-block-column is-layout-flow wp-block-column-is-layout-flow\">\n<h2 class=\"wp-block-heading\">Bienvenue \u00e0 Mastercam<\/h2>\n\n\n\n<p>Nous sommes l\u00e0 pour faciliter au maximum la mise en route de Mastercam.<\/p>\n\n\n\n<p>Besoin d&rsquo;aide pour activer votre licence ? T\u00e9l\u00e9charger votre logiciel ? Vous avez une question sur la facturation ? Pas de probl\u00e8me, notre sympathique \u00e9quipe d&rsquo;assistance est l\u00e0 pour vous aider.   <\/p>\n\n\n\n<p>Alors que Mastercam grandit et s&rsquo;am\u00e9liore, une chose reste inchang\u00e9e : nous sommes toujours l\u00e0 pour vous aider. Que vous ayez des probl\u00e8mes avec une commande ou que vous ayez simplement besoin de quelqu&rsquo;un pour vous guider dans notre processus, vous \u00eates exactement l\u00e0 o\u00f9 vous devez \u00eatre. <\/p>\n\n\n\n<hr class=\"wp-block-separator has-alpha-channel-opacity\"\/>\n\n\n\n<h2 class=\"wp-block-heading h2--underline\">Ressources utiles<\/h2>\n\n\n<div class=\"container-fluid align wp-block-acf-block-icon-ctas\">\n  \n      <div class=\"row icon-ctas\">\n              \n                  <div class=\"icon-ctas__item col-12 col-md-3 icon-ctas__item--horizontal\">\n            <div class=\"card h-100\">\n\n              \n                              <div class=\"icon-image-container\">\n                  <img decoding=\"async\"\n                    src=\"https:\/\/www.mastercam.com\/wp-content\/uploads\/2024\/08\/settings-2-icon.svg\"\n                    alt=\"Settings icon\"\n                  >\n                <\/div>\n              \n              <div class=\"card-content\">\n                \n                <div class=\"card-title h3\">\n                  Nouveau client\n                <\/div>\n\n                \n                                  <div class=\"card-text lead\">\n                    <p>T\u00e9l\u00e9chargez le dossier d&rsquo;information important pour les nouveaux clients<\/p>\n\n                  <\/div>\n                \n                \n                                  <div class=\"card-footer\">\n                    <a href=\"https:\/\/www.mastercam.com\/fr\/wp-content\/uploads\/2025\/10\/Onboarding-Welcome-Packet-New-Customer-Version.pdf\" class=\"btn btn-outline-secondary mb-5 mb-lg-0\" target=\"_blank\">\n                      T\u00e9l\u00e9charger\n                    <\/a>\n                  <\/div>\n                              <\/div>\n\n            <\/div>\n          <\/div>\n                      \n                  <div class=\"icon-ctas__item col-12 col-md-3 icon-ctas__item--horizontal\">\n            <div class=\"card h-100\">\n\n              \n                              <div class=\"icon-image-container\">\n                  <img decoding=\"async\"\n                    src=\"https:\/\/www.mastercam.com\/wp-content\/uploads\/2024\/08\/settings-icon-1.svg\"\n                    alt=\"Settings icon\"\n                  >\n                <\/div>\n              \n              <div class=\"card-content\">\n                \n                <div class=\"card-title h3\">\n                  Informations fiscales  \n                <\/div>\n\n                \n                                  <div class=\"card-text lead\">\n                    <p>Remplissez et envoyez votre formulaire W-9 et d&rsquo;autres informations fiscales.<\/p>\n\n                  <\/div>\n                \n                \n                                  <div class=\"card-footer\">\n                    <a href=\"https:\/\/www.mastercam.com\/fr\/wp-content\/uploads\/2025\/10\/W9-CNC-Software-LLC-2025.pdf\" class=\"btn btn-outline-secondary mb-5 mb-lg-0\" target=\"_blank\">\n                      T\u00e9l\u00e9charger\n                    <\/a>\n                  <\/div>\n                              <\/div>\n\n            <\/div>\n          <\/div>\n                      \n                  <div class=\"icon-ctas__item col-12 col-md-3 icon-ctas__item--horizontal\">\n            <div class=\"card h-100\">\n\n              \n                              <div class=\"icon-image-container\">\n                  <img decoding=\"async\"\n                    src=\"https:\/\/www.mastercam.com\/wp-content\/uploads\/2024\/08\/computer-icon.svg\"\n                    alt=\"\"\n                  >\n                <\/div>\n              \n              <div class=\"card-content\">\n                \n                <div class=\"card-title h3\">\n                  CLUF\n                <\/div>\n\n                \n                                  <div class=\"card-text lead\">\n                    <p>T\u00e9l\u00e9chargez et lisez le contrat de licence de l&rsquo;utilisateur final.  <\/p>\n\n                  <\/div>\n                \n                \n                                  <div class=\"card-footer\">\n                    <a href=\"https:\/\/www.mastercam.com\/fr\/wp-content\/uploads\/2025\/05\/Mastercam-EULA-2025-05-02.pdf\" class=\"btn btn-outline-secondary mb-5 mb-lg-0\" target=\"_blank\">\n                      T\u00e9l\u00e9charger\n                    <\/a>\n                  <\/div>\n                              <\/div>\n\n            <\/div>\n          <\/div>\n                      \n                  <div class=\"icon-ctas__item col-12 col-md-3 icon-ctas__item--horizontal\">\n            <div class=\"card h-100\">\n\n              \n                              <div class=\"icon-image-container\">\n                  <img decoding=\"async\"\n                    src=\"https:\/\/www.mastercam.com\/wp-content\/uploads\/2024\/08\/connection-icon.svg\"\n                    alt=\"Connections icon\"\n                  >\n                <\/div>\n              \n              <div class=\"card-content\">\n                \n                <div class=\"card-title h3\">\n                  Soutien \u00e0 la commande\n                <\/div>\n\n                \n                                  <div class=\"card-text lead\">\n                    <p>Contactez notre \u00e9quipe d&rsquo;assistance pour toute question relative aux commandes.<\/p>\n\n                  <\/div>\n                \n                \n                                  <div class=\"card-footer\">\n                    <a href=\"mailto:onboardingrequests@mastercam.com\/?subject=Order%20Support%20Request\" class=\"btn btn-outline-secondary mb-5 mb-lg-0\" target=\"\">\n                      Contact\n                    <\/a>\n                  <\/div>\n                              <\/div>\n\n            <\/div>\n          <\/div>\n                  <\/div>\n  <\/div>\n\n\n\n<div style=\"height:72px\" aria-hidden=\"true\" class=\"wp-block-spacer\"><\/div>\n\n\n<div class=\"container-fluid align wp-block-acf-block-media-object\">\n  <div class=\"row\">\n    <div class=\"col\">\n      <div class=\"d-flex flex-column flex-lg-row media-object media-object--shaded\">\n        <div class=\"flex-shrink-0 media-object__image order-1  order-lg-3 \">\n                                    <img decoding=\"async\" src=\"https:\/\/www.mastercam.com\/wp-content\/uploads\/2023\/01\/Rectangle-2.jpg\" alt=\"man wearing a headset typing on a desktop computer\" loading=\"lazy\">\n                              <\/div>\n        <div class=\"media-object__body flex-grow-1 d-lg-flex flex-column order-2 justify-content-lg-center\">\n                                <h2 class=\"media-object__header h3\">Informations sur les paiements<\/h2>\n                                <div class=\"media-object__content\">\n              <p><!-- wp:paragraph -->Afin d&rsquo;assurer un traitement rapide des commandes futures, veuillez mettre \u00e0 jour vos donn\u00e9es. Tous les paiements &#8211; y compris les factures en suspens &#8211; doivent \u00eatre adress\u00e9s \u00e0 <strong>Mastercam<\/strong> en utilisant les informations de paiement suivantes : <\/p>\n<p><!-- \/wp:paragraph --><!-- wp:paragraph --><strong>Informations importantes concernant le paiement :<\/strong><\/p>\n<p><!-- \/wp:paragraph --> <!-- wp:list-item --><\/p>\n<ul class=\"wp-block-list\">\n<li style=\"list-style-type: none\">\n<ul class=\"wp-block-list\">\n<li><strong>Code SWIFT\/BIC :<\/strong>NDEAUS3N (pour les paiements internationaux)<\/li>\n<\/ul>\n<\/li>\n<\/ul>\n<!-- \/wp:list-item --><!-- wp:list --><\/p>\n<ul class=\"wp-block-list\">\n<li style=\"list-style-type: none\">\n<ul class=\"wp-block-list\"><!-- wp:list-item --><\/p>\n<li><strong>Nom du b\u00e9n\u00e9ficiaire<\/strong>:CNC Software, LLC<\/li>\n<\/ul>\n<\/li>\n<\/ul>\n<p><!-- \/wp:list-item --> <!-- wp:list-item --><\/p>\n<ul class=\"wp-block-list\">\n<li style=\"list-style-type: none\">\n<ul class=\"wp-block-list\">\n<li><strong>Nom de la banque :<\/strong>Nordea Bank Abp<\/li>\n<\/ul>\n<\/li>\n<\/ul>\n<p><!-- \/wp:list-item --> <!-- wp:list-item --><\/p>\n<ul class=\"wp-block-list\">\n<li style=\"list-style-type: none\">\n<ul class=\"wp-block-list\">\n<li><strong>Num\u00e9ro de compte :<\/strong>4179493001<\/li>\n<\/ul>\n<\/li>\n<\/ul>\n<p><!-- \/wp:list-item --> <!-- wp:list-item --><\/p>\n<ul class=\"wp-block-list\">\n<li style=\"list-style-type: none\">\n<ul class=\"wp-block-list\">\n<li><strong>Num\u00e9ro de d\u00e9foncage :<\/strong>026010786<\/li>\n<\/ul>\n<\/li>\n<\/ul>\n<p><!-- \/wp:list-item --> <!-- wp:list-item --><\/p>\n<ul class=\"wp-block-list\">\n<li style=\"list-style-type: none\">\n<ul class=\"wp-block-list\">\n<li><strong>Code SWIFT\/BIC :<\/strong>NDEAUS3N (pour les paiements internationaux)<\/li>\n<\/ul>\n<\/li>\n<\/ul>\n<!-- \/wp:list -->\n            <\/div>\n                            <\/div>\n      <\/div>\n    <\/div>\n  <\/div>\n<\/div>\n\n\n\n<div style=\"height:100px\" aria-hidden=\"true\" class=\"wp-block-spacer\"><\/div>\n\n\n\n<h2 class=\"wp-block-heading h2--underline\">FAQ<\/h2>\n\n\n<div class=\"accordion aligncenter wp-block-acf-block-accordion\" id=\"blockAccordion\">\n          <div class=\"accordion-item\">\n      <h2 class=\"accordion-header\" id=\"heading-0\">\n        <button class=\"accordion-button collapsed\" type=\"button\" data-bs-toggle=\"collapse\" data-bs-target=\"#collapse-0\" aria-expanded=\"false\" aria-controls=\"collapse-0\" aria-label=\"Toggle accordion for Que contient le dossier d&#039;accueil des nouveaux clients et des clients existants ?\">\n          Que contient le dossier d&#039;accueil des nouveaux clients et des clients existants ?\n        <\/button>\n      <\/h2>\n      <div id=\"collapse-0\" class=\"accordion-collapse collapse\" aria-labelledby=\"heading-0\" data-bs-parent=\"#blockAccordion\">\n        <div class=\"accordion-body\">\n                      <p>Le pack d&rsquo;int\u00e9gration contient tout ce qui est n\u00e9cessaire pour configurer Mastercam en tant que fournisseur et commencer \u00e0 passer des commandes :<\/p>\n<ul>\n<li>Contacts cl\u00e9s, informations bancaires, fiscales et juridiques<\/li>\n<li>Termes et conditions de Mastercam et contrat de licence utilisateur final (EULA)<\/li>\n<li>Liens de soumission pour les mises \u00e0 jour des entreprises et les certificats d&rsquo;exon\u00e9ration fiscale<\/li>\n<\/ul>\n<p>Il est Design\u00e9 pour soutenir \u00e0 la fois les nouveaux clients et ceux qui sont en transition \u00e0 partir des relations pr\u00e9c\u00e9dentes avec les revendeurs.<\/p>\n\n                    <button type=\"button\" class=\"close\" data-bs-toggle=\"effondrement\" data-bs-target=\"#collapse-0\" aria-label=\"Close Que contient le dossier d&amp;#039;accueil des nouveaux clients et des clients existants ?\">\n            Close\n          <\/button>\n        <\/div>\n      <\/div>\n    <\/div>\n              <div class=\"accordion-item\">\n      <h2 class=\"accordion-header\" id=\"heading-1\">\n        <button class=\"accordion-button collapsed\" type=\"button\" data-bs-toggle=\"collapse\" data-bs-target=\"#collapse-1\" aria-expanded=\"false\" aria-controls=\"collapse-1\" aria-label=\"Toggle accordion for Comment puis-je soumettre ma commande et les documents requis ?\">\n          Comment puis-je soumettre ma commande et les documents requis ?\n        <\/button>\n      <\/h2>\n      <div id=\"collapse-1\" class=\"accordion-collapse collapse\" aria-labelledby=\"heading-1\" data-bs-parent=\"#blockAccordion\">\n        <div class=\"accordion-body\">\n                      <p>Pour passer une commande, votre gestionnaire de compte ou votre sp\u00e9cialiste des renouvellements vous enverra le formulaire de commande standard Mastercam via DocuSign. Ce formulaire doit \u00eatre sign\u00e9 avant d&rsquo;\u00eatre ex\u00e9cut\u00e9. Les documents justificatifs, tels que les certificats d&rsquo;exon\u00e9ration fiscale, peuvent \u00eatre soumis directement par le biais du paquet. L&rsquo;installation est g\u00e9n\u00e9ralement confirm\u00e9e dans les 3 \u00e0 5 jours ouvrables.   <\/p>\n\n                    <button type=\"button\" class=\"close\" data-bs-toggle=\"effondrement\" data-bs-target=\"#collapse-1\" aria-label=\"Close Comment puis-je soumettre ma commande et les documents requis ?\">\n            Close\n          <\/button>\n        <\/div>\n      <\/div>\n    <\/div>\n              <div class=\"accordion-item\">\n      <h2 class=\"accordion-header\" id=\"heading-2\">\n        <button class=\"accordion-button collapsed\" type=\"button\" data-bs-toggle=\"collapse\" data-bs-target=\"#collapse-2\" aria-expanded=\"false\" aria-controls=\"collapse-2\" aria-label=\"Toggle accordion for Pourquoi Mastercam standardise-t-il son processus d&#039;int\u00e9gration et de commande ?\">\n          Pourquoi Mastercam standardise-t-il son processus d&#039;int\u00e9gration et de commande ?\n        <\/button>\n      <\/h2>\n      <div id=\"collapse-2\" class=\"accordion-collapse collapse\" aria-labelledby=\"heading-2\" data-bs-parent=\"#blockAccordion\">\n        <div class=\"accordion-body\">\n                      <p>Au fur et \u00e0 mesure que Mastercam s&rsquo;est d\u00e9velopp\u00e9 par le biais d&rsquo;acquisitions, nous avons h\u00e9rit\u00e9 de pratiques commerciales vari\u00e9es qui ont caus\u00e9 des retards et des incoh\u00e9rences. Pour mieux servir notre client\u00e8le croissante, nous avons introduit le cadre d&rsquo;int\u00e9gration des clients et de normalisation des contrats &#8211; un processus unifi\u00e9 qui assure un traitement plus rapide des commandes, un service coh\u00e9rent et des op\u00e9rations \u00e9volutives. <\/p>\n\n                    <button type=\"button\" class=\"close\" data-bs-toggle=\"effondrement\" data-bs-target=\"#collapse-2\" aria-label=\"Close Pourquoi Mastercam standardise-t-il son processus d&amp;#039;int\u00e9gration et de commande ?\">\n            Close\n          <\/button>\n        <\/div>\n      <\/div>\n    <\/div>\n      <\/div>\n<\/div>\n<\/div>\n\n<p><\/p>\n","protected":false},"excerpt":{"rendered":"<p>Bienvenue \u00e0 Mastercam Nous sommes l\u00e0 pour faciliter au maximum la mise en route de [&hellip;]<\/p>\n","protected":false},"author":1,"featured_media":0,"parent":0,"menu_order":0,"comment_status":"closed","ping_status":"closed","template":"","meta":{"_acf_changed":false,"footnotes":""},"class_list":["post-34740","page","type-page","status-publish","hentry"],"acf":[],"yoast_head":"<!-- This site is optimized with the Yoast SEO plugin v27.3 - https:\/\/yoast.com\/product\/yoast-seo-wordpress\/ -->\n<title>Soutien \u00e0 la commande - mastercam.com<\/title>\n<meta name=\"description\" content=\"Bienvenue \u00e0 Mastercam Nous sommes l\u00e0 pour faciliter au maximum la mise en route de Mastercam. Besoin d&#039;aide pour activer votre licence ? T\u00e9l\u00e9charger votre\" \/>\n<meta name=\"robots\" content=\"noindex, nofollow\" \/>\n<meta property=\"og:locale\" content=\"fr_FR\" \/>\n<meta property=\"og:type\" content=\"article\" \/>\n<meta property=\"og:title\" content=\"Soutien \u00e0 la commande - mastercam.com\" \/>\n<meta property=\"og:description\" content=\"Bienvenue \u00e0 Mastercam Nous sommes l\u00e0 pour faciliter au maximum la mise en route de Mastercam. Besoin d&#039;aide pour activer votre licence ? T\u00e9l\u00e9charger votre\" \/>\n<meta property=\"og:url\" content=\"https:\/\/www.mastercam.com\/fr\/soutien-a-la-commande\/\" \/>\n<meta property=\"og:site_name\" content=\"mastercam.com\" \/>\n<meta property=\"article:publisher\" content=\"https:\/\/www.facebook.com\/Mastercam\/\" \/>\n<meta property=\"article:modified_time\" content=\"2025-12-17T19:19:17+00:00\" \/>\n<meta property=\"og:image\" content=\"https:\/\/www.mastercam.com\/wp-content\/uploads\/2024\/02\/drill-wide-photo-1200x675-1.jpg\" \/>\n\t<meta property=\"og:image:width\" content=\"1200\" \/>\n\t<meta property=\"og:image:height\" content=\"675\" \/>\n\t<meta property=\"og:image:type\" content=\"image\/jpeg\" \/>\n<meta name=\"twitter:card\" content=\"summary_large_image\" \/>\n<meta name=\"twitter:site\" content=\"@mastercam\" \/>\n<script type=\"application\/ld+json\" class=\"yoast-schema-graph\">{\"@context\":\"https:\\\/\\\/schema.org\",\"@graph\":[{\"@type\":\"WebPage\",\"@id\":\"https:\\\/\\\/www.mastercam.com\\\/fr\\\/soutien-a-la-commande\\\/\",\"url\":\"https:\\\/\\\/www.mastercam.com\\\/fr\\\/soutien-a-la-commande\\\/\",\"name\":\"Soutien \u00e0 la commande - mastercam.com\",\"isPartOf\":{\"@id\":\"https:\\\/\\\/www.mastercam.com\\\/fr\\\/#website\"},\"datePublished\":\"2025-11-03T14:10:14+00:00\",\"dateModified\":\"2025-12-17T19:19:17+00:00\",\"description\":\"Bienvenue \u00e0 Mastercam Nous sommes l\u00e0 pour faciliter au maximum la mise en route de Mastercam. Besoin d'aide pour activer votre licence ? T\u00e9l\u00e9charger votre\",\"breadcrumb\":{\"@id\":\"https:\\\/\\\/www.mastercam.com\\\/fr\\\/soutien-a-la-commande\\\/#breadcrumb\"},\"inLanguage\":\"fr-FR\",\"potentialAction\":[{\"@type\":\"ReadAction\",\"target\":[\"https:\\\/\\\/www.mastercam.com\\\/fr\\\/soutien-a-la-commande\\\/\"]}]},{\"@type\":\"BreadcrumbList\",\"@id\":\"https:\\\/\\\/www.mastercam.com\\\/fr\\\/soutien-a-la-commande\\\/#breadcrumb\",\"itemListElement\":[{\"@type\":\"ListItem\",\"position\":1,\"name\":\"Home\",\"item\":\"https:\\\/\\\/www.mastercam.com\\\/fr\\\/\"},{\"@type\":\"ListItem\",\"position\":2,\"name\":\"Soutien \u00e0 la commande\"}]},{\"@type\":\"WebSite\",\"@id\":\"https:\\\/\\\/www.mastercam.com\\\/fr\\\/#website\",\"url\":\"https:\\\/\\\/www.mastercam.com\\\/fr\\\/\",\"name\":\"Mastercam\",\"description\":\"Creating software and services that solve the world&#039;s manufacturing challenges\",\"publisher\":{\"@id\":\"https:\\\/\\\/www.mastercam.com\\\/fr\\\/#organization\"},\"potentialAction\":[{\"@type\":\"SearchAction\",\"target\":{\"@type\":\"EntryPoint\",\"urlTemplate\":\"https:\\\/\\\/www.mastercam.com\\\/fr\\\/?s={search_term_string}\"},\"query-input\":{\"@type\":\"PropertyValueSpecification\",\"valueRequired\":true,\"valueName\":\"search_term_string\"}}],\"inLanguage\":\"fr-FR\"},{\"@type\":\"Organization\",\"@id\":\"https:\\\/\\\/www.mastercam.com\\\/fr\\\/#organization\",\"name\":\"Mastercam\",\"url\":\"https:\\\/\\\/www.mastercam.com\\\/fr\\\/\",\"logo\":{\"@type\":\"ImageObject\",\"inLanguage\":\"fr-FR\",\"@id\":\"https:\\\/\\\/www.mastercam.com\\\/fr\\\/#\\\/schema\\\/logo\\\/image\\\/\",\"url\":\"https:\\\/\\\/www.mastercam.com\\\/wp-content\\\/uploads\\\/2023\\\/02\\\/MC_logo.svg\",\"contentUrl\":\"https:\\\/\\\/www.mastercam.com\\\/wp-content\\\/uploads\\\/2023\\\/02\\\/MC_logo.svg\",\"width\":230,\"height\":40,\"caption\":\"Mastercam\"},\"image\":{\"@id\":\"https:\\\/\\\/www.mastercam.com\\\/fr\\\/#\\\/schema\\\/logo\\\/image\\\/\"},\"sameAs\":[\"https:\\\/\\\/www.facebook.com\\\/Mastercam\\\/\",\"https:\\\/\\\/x.com\\\/mastercam\",\"https:\\\/\\\/www.linkedin.com\\\/company\\\/mastercam\",\"https:\\\/\\\/www.youtube.com\\\/channel\\\/UChJt5ruSkqnmFH44WsXVZLw\",\"https:\\\/\\\/www.instagram.com\\\/mastercam\\\/\"]}]}<\/script>\n<!-- \/ Yoast SEO plugin. -->","yoast_head_json":{"title":"Soutien \u00e0 la commande - mastercam.com","description":"Bienvenue \u00e0 Mastercam Nous sommes l\u00e0 pour faciliter au maximum la mise en route de Mastercam. Besoin d'aide pour activer votre licence ? T\u00e9l\u00e9charger votre","robots":{"index":"noindex","follow":"nofollow"},"og_locale":"fr_FR","og_type":"article","og_title":"Soutien \u00e0 la commande - mastercam.com","og_description":"Bienvenue \u00e0 Mastercam Nous sommes l\u00e0 pour faciliter au maximum la mise en route de Mastercam. Besoin d'aide pour activer votre licence ? T\u00e9l\u00e9charger votre","og_url":"https:\/\/www.mastercam.com\/fr\/soutien-a-la-commande\/","og_site_name":"mastercam.com","article_publisher":"https:\/\/www.facebook.com\/Mastercam\/","article_modified_time":"2025-12-17T19:19:17+00:00","og_image":[{"width":1200,"height":675,"url":"https:\/\/www.mastercam.com\/wp-content\/uploads\/2024\/02\/drill-wide-photo-1200x675-1.jpg","type":"image\/jpeg"}],"twitter_card":"summary_large_image","twitter_site":"@mastercam","schema":{"@context":"https:\/\/schema.org","@graph":[{"@type":"WebPage","@id":"https:\/\/www.mastercam.com\/fr\/soutien-a-la-commande\/","url":"https:\/\/www.mastercam.com\/fr\/soutien-a-la-commande\/","name":"Soutien \u00e0 la commande - mastercam.com","isPartOf":{"@id":"https:\/\/www.mastercam.com\/fr\/#website"},"datePublished":"2025-11-03T14:10:14+00:00","dateModified":"2025-12-17T19:19:17+00:00","description":"Bienvenue \u00e0 Mastercam Nous sommes l\u00e0 pour faciliter au maximum la mise en route de Mastercam. Besoin d'aide pour activer votre licence ? T\u00e9l\u00e9charger votre","breadcrumb":{"@id":"https:\/\/www.mastercam.com\/fr\/soutien-a-la-commande\/#breadcrumb"},"inLanguage":"fr-FR","potentialAction":[{"@type":"ReadAction","target":["https:\/\/www.mastercam.com\/fr\/soutien-a-la-commande\/"]}]},{"@type":"BreadcrumbList","@id":"https:\/\/www.mastercam.com\/fr\/soutien-a-la-commande\/#breadcrumb","itemListElement":[{"@type":"ListItem","position":1,"name":"Home","item":"https:\/\/www.mastercam.com\/fr\/"},{"@type":"ListItem","position":2,"name":"Soutien \u00e0 la commande"}]},{"@type":"WebSite","@id":"https:\/\/www.mastercam.com\/fr\/#website","url":"https:\/\/www.mastercam.com\/fr\/","name":"Mastercam","description":"Creating software and services that solve the world&#039;s manufacturing challenges","publisher":{"@id":"https:\/\/www.mastercam.com\/fr\/#organization"},"potentialAction":[{"@type":"SearchAction","target":{"@type":"EntryPoint","urlTemplate":"https:\/\/www.mastercam.com\/fr\/?s={search_term_string}"},"query-input":{"@type":"PropertyValueSpecification","valueRequired":true,"valueName":"search_term_string"}}],"inLanguage":"fr-FR"},{"@type":"Organization","@id":"https:\/\/www.mastercam.com\/fr\/#organization","name":"Mastercam","url":"https:\/\/www.mastercam.com\/fr\/","logo":{"@type":"ImageObject","inLanguage":"fr-FR","@id":"https:\/\/www.mastercam.com\/fr\/#\/schema\/logo\/image\/","url":"https:\/\/www.mastercam.com\/wp-content\/uploads\/2023\/02\/MC_logo.svg","contentUrl":"https:\/\/www.mastercam.com\/wp-content\/uploads\/2023\/02\/MC_logo.svg","width":230,"height":40,"caption":"Mastercam"},"image":{"@id":"https:\/\/www.mastercam.com\/fr\/#\/schema\/logo\/image\/"},"sameAs":["https:\/\/www.facebook.com\/Mastercam\/","https:\/\/x.com\/mastercam","https:\/\/www.linkedin.com\/company\/mastercam","https:\/\/www.youtube.com\/channel\/UChJt5ruSkqnmFH44WsXVZLw","https:\/\/www.instagram.com\/mastercam\/"]}]}},"_links":{"self":[{"href":"https:\/\/www.mastercam.com\/fr\/wp-json\/wp\/v2\/pages\/34740","targetHints":{"allow":["GET"]}}],"collection":[{"href":"https:\/\/www.mastercam.com\/fr\/wp-json\/wp\/v2\/pages"}],"about":[{"href":"https:\/\/www.mastercam.com\/fr\/wp-json\/wp\/v2\/types\/page"}],"author":[{"embeddable":true,"href":"https:\/\/www.mastercam.com\/fr\/wp-json\/wp\/v2\/users\/1"}],"replies":[{"embeddable":true,"href":"https:\/\/www.mastercam.com\/fr\/wp-json\/wp\/v2\/comments?post=34740"}],"version-history":[{"count":0,"href":"https:\/\/www.mastercam.com\/fr\/wp-json\/wp\/v2\/pages\/34740\/revisions"}],"wp:attachment":[{"href":"https:\/\/www.mastercam.com\/fr\/wp-json\/wp\/v2\/media?parent=34740"}],"curies":[{"name":"wp","href":"https:\/\/api.w.org\/{rel}","templated":true}]}}