{"id":34726,"date":"2025-04-25T16:19:01","date_gmt":"2025-04-25T20:19:01","guid":{"rendered":"https:\/\/www.mastercam.com\/contacter-les-ventes\/"},"modified":"2025-12-17T14:43:33","modified_gmt":"2025-12-17T19:43:33","slug":"contacter-les-ventes","status":"publish","type":"page","link":"https:\/\/www.mastercam.com\/fr\/contactez-nous\/contacter-les-ventes\/","title":{"rendered":"Contacter les ventes"},"content":{"rendered":"<div class=\"hero__breadcrumbs\">\n    <div class=\"container-fluid\">\n      <div class=\"row\">\n        <div class=\"col\">\n          <nav aria-label=\"breadcrumbs\"><ol class=\"breadcrumb\"><li><a href=\"https:\/\/www.mastercam.com\/fr\/\">Home<\/a><\/li><\/ol><\/nav>\n        <\/div>\n      <\/div>\n    <\/div>\n  <\/div>\n\n<div class=\"hero hero--minimal wp-block-acf-block-hero\">\n  <div class=\"container-fluid\">\n    <div class=\"row align-items-center\">\n      \n      \n      \n      <div class=\"col-12 col-lg-7 order-2 order-lg-2 hero__content-column\">\n        <div class=\"hero__content\">\n                      <h1 class=\"hero__heading\">\n              \n              Contacter les ventes\n            <\/h1>\n          \n          \n          \n          \n          \n                  <\/div>\n      <\/div>\n    <\/div>\n  <\/div>\n<\/div>\n\n<div class=\"wp-block-columns is-style-container is-layout-flex wp-container-core-columns-is-layout-f5a44f5b wp-block-columns-is-layout-flex\">\n<div class=\"wp-block-column is-layout-flow wp-block-column-is-layout-flow\">\n<h2 class=\"wp-block-heading h2--underline\">Prenez contact avec nous<\/h2>\n\n\n\n<script charset=\"utf-8\" type=\"text\/javascript\" src=\"\/\/js.hsforms.net\/forms\/embed\/v2.js\"><\/script><script>hbspt.forms.create({\n    portalId: \"3375755\",\n    formId: \"e5ea729e-48d3-47e6-b43c-e60f51db2a43\"\n  });\n<\/script>\n<\/div>\n\n\n\n<div class=\"wp-block-column is-layout-flow wp-block-column-is-layout-flow\">\n<h2 class=\"wp-block-heading h2--underline\">L&rsquo;alimentation de votre production<\/h2>\n\n\n\n<p style=\"margin-bottom:var(--wp--preset--spacing--5)\">D\u00e9verrouillez tout le potentiel de vos Projections d&rsquo;usinage avec Mastercam, le logiciel de CAO\/FAO leader de l&rsquo;industrie. Nous proposons des licences personnalisables pour r\u00e9pondre aux besoins de votre entreprise, y compris des options d&rsquo;abonnement et des options perp\u00e9tuelles. Choisissez le plan qui vous convient le mieux.  <\/p>\n\n\n\n<h2 class=\"wp-block-heading\">Pourquoi choisir Mastercam ?<\/h2>\n\n\n<div class=\"container-fluid align wp-block-acf-block-icon-ctas\">\n  \n      <div class=\"row icon-ctas\">\n              \n                  <div class=\"icon-ctas__item col-12 col-12 icon-ctas__item--vertical\">\n            <div class=\"card h-100\">\n\n              \n                              <div class=\"icon-image-container\">\n                  <img decoding=\"async\"\n                    src=\"https:\/\/www.mastercam.com\/wp-content\/uploads\/2025\/11\/icon-check-red.svg\"\n                    alt=\"Checkmark icon\"\n                  >\n                <\/div>\n              \n              <div class=\"card-content\">\n                \n                <div class=\"card-title h3\">\n                  Une technologie \u00e0 la pointe de l&#039;industrie\n                <\/div>\n\n                \n                                  <div class=\"card-text lead\">\n                    <p>Des professionnels du monde entier lui font confiance<\/p>\n\n                  <\/div>\n                \n                \n                              <\/div>\n\n            <\/div>\n          <\/div>\n                      \n                  <div class=\"icon-ctas__item col-12 col-12 icon-ctas__item--vertical\">\n            <div class=\"card h-100\">\n\n              \n                              <div class=\"icon-image-container\">\n                  <img decoding=\"async\"\n                    src=\"https:\/\/www.mastercam.com\/wp-content\/uploads\/2025\/11\/icon-check-red.svg\"\n                    alt=\"Checkmark icon\"\n                  >\n                <\/div>\n              \n              <div class=\"card-content\">\n                \n                <div class=\"card-title h3\">\n                  Une flexibilit\u00e9 in\u00e9gal\u00e9e\n                <\/div>\n\n                \n                                  <div class=\"card-text lead\">\n                    <p>Travaillez selon vos conditions gr\u00e2ce \u00e0 des solutions \u00e9volutives.<\/p>\n\n                  <\/div>\n                \n                \n                              <\/div>\n\n            <\/div>\n          <\/div>\n                      \n                  <div class=\"icon-ctas__item col-12 col-12 icon-ctas__item--vertical\">\n            <div class=\"card h-100\">\n\n              \n                              <div class=\"icon-image-container\">\n                  <img decoding=\"async\"\n                    src=\"https:\/\/www.mastercam.com\/wp-content\/uploads\/2025\/11\/icon-check-red.svg\"\n                    alt=\"Checkmark icon\"\n                  >\n                <\/div>\n              \n              <div class=\"card-content\">\n                \n                <div class=\"card-title h3\">\n                  Soutien complet\n                <\/div>\n\n                \n                                  <div class=\"card-text lead\">\n                    <p>Acc\u00e9dez \u00e0 des conseils d&rsquo;experts chaque fois que vous en avez besoin.<\/p>\n\n                  <\/div>\n                \n                \n                              <\/div>\n\n            <\/div>\n          <\/div>\n                      \n                  <div class=\"icon-ctas__item col-12 col-12 icon-ctas__item--vertical\">\n            <div class=\"card h-100\">\n\n              \n                              <div class=\"icon-image-container\">\n                  <img decoding=\"async\"\n                    src=\"https:\/\/www.mastercam.com\/wp-content\/uploads\/2025\/11\/icon-check-red.svg\"\n                    alt=\"Checkmark icon\"\n                  >\n                <\/div>\n              \n              <div class=\"card-content\">\n                \n                <div class=\"card-title h3\">\n                  Licences personnalisables\n                <\/div>\n\n                \n                                  <div class=\"card-text lead\">\n                    <p>Choisissez le plan qui vous convient le mieux. Des plans d&rsquo;abonnement et des plans perp\u00e9tuels sont disponibles. <\/p>\n\n                  <\/div>\n                \n                \n                              <\/div>\n\n            <\/div>\n          <\/div>\n                  <\/div>\n  <\/div>\n<\/div>\n<\/div>\n\n<div class=\"wp-block-columns is-style-container is-layout-flex wp-container-core-columns-is-layout-28f84493 wp-block-columns-is-layout-flex\">\n<div class=\"wp-block-column is-layout-flow wp-block-column-is-layout-flow\" style=\"padding-bottom:var(--wp--preset--spacing--5)\">\n<h2 class=\"wp-block-heading\">Localisation des sites<\/h2>\n\n\n\n<div class=\"wp-block-columns is-layout-flex wp-container-core-columns-is-layout-28f84493 wp-block-columns-is-layout-flex\">\n<div class=\"wp-block-column is-layout-flow wp-block-column-is-layout-flow\">\n<h3 class=\"wp-block-heading h4\">Si\u00e8ge de Mastercam<\/h3>\n\n\n\n<p><strong>\u00c9tats-Unis et Canada : <\/strong>(800) 228-2877<br\/><strong>Royaume-Uni : <\/strong>+44-0121-504-5200<br\/><\/p>\n<\/div>\n\n\n\n<div class=\"wp-block-column is-layout-flow wp-block-column-is-layout-flow\"><\/div>\n<\/div>\n\n\n\n<div class=\"wp-block-columns is-layout-flex wp-container-core-columns-is-layout-28f84493 wp-block-columns-is-layout-flex\">\n<div class=\"wp-block-column is-layout-flow wp-block-column-is-layout-flow\">\n<h3 class=\"wp-block-heading h4\">Nord-Est, \u00c9tats-Unis<\/h3>\n\n\n\n<p><strong>Heures d&rsquo;ouverture<\/strong>: 8 heures &#8211; 17 heures ET<br\/><strong>T\u00e9l\u00e9phone<\/strong>: (888) 396-0836<br\/><br\/><strong>Soutien<\/strong>:  <a href=\"Support:%C2%A0Northeast.Support@Mastercam.com,%20%C2%A0Sales:%C2%A0Northeast.Sales@Mastercam.com,%C2%A0Customer%20Service:%C2%A0Northeast.CustomerService@Mastercam.com\"><\/a><a href=\"mailto:Northeast.Support@Mastercam.com\" target=\"_blank\" rel=\"noreferrer noopener\">Northeast.Support@Mastercam.com<\/a><br\/><strong>Les ventes :  <\/strong><a href=\"Support:%C2%A0Northeast.Support@Mastercam.com,%20%C2%A0Sales:%C2%A0Northeast.Sales@Mastercam.com,%C2%A0Customer%20Service:%C2%A0Northeast.CustomerService@Mastercam.com\"><\/a><a href=\"mailto:Northeast.Sales@Mastercam.com\" target=\"_blank\" rel=\"noreferrer noopener\">Northeast.Sales@Mastercam.com<\/a><br\/><strong>Service \u00e0 la client\u00e8le :<\/strong> <a href=\"Support:%C2%A0Northeast.Support@Mastercam.com,%20%C2%A0Sales:%C2%A0Northeast.Sales@Mastercam.com,%C2%A0Customer%20Service:%C2%A0Northeast.CustomerService@Mastercam.com\"><\/a><a href=\"mailto:Northeast.CustomerService@Mastercam.com\" target=\"_blank\" rel=\"noreferrer noopener\">Northeast.CustomerService@Mastercam.com<\/a><\/p>\n<\/div>\n\n\n\n<div class=\"wp-block-column is-layout-flow wp-block-column-is-layout-flow\">\n<h3 class=\"wp-block-heading h4\">Sud-est, \u00c9tats-Unis<\/h3>\n\n\n\n<p><strong>Heures d&rsquo;ouverture<\/strong>: 7 h &#8211; 17 h CT<br\/><strong>T\u00e9l\u00e9phone<\/strong>: (888) 396-1880<br\/><br\/><strong>Support<\/strong>: Southeast.Support@Mastercam.com<br\/><strong>Ventes<\/strong>: Southeast.Sales@Mastercam.com<br\/><strong>Service client\u00e8le :<\/strong> <a href=\"mailto:Southeast.CustomerService@Mastercam.com\" target=\"_blank\" rel=\"noreferrer noopener\">Southeast.CustomerService@Mastercam.com<\/a><\/p>\n<\/div>\n<\/div>\n\n\n\n<div class=\"wp-block-columns is-layout-flex wp-container-core-columns-is-layout-28f84493 wp-block-columns-is-layout-flex\">\n<div class=\"wp-block-column is-layout-flow wp-block-column-is-layout-flow\">\n<h3 class=\"wp-block-heading h4\">Midwest, \u00c9tats-Unis<\/h3>\n\n\n\n<p><strong>Heures d&rsquo;ouverture<\/strong>: 7 h &#8211; 17 h CT<br\/><strong>T\u00e9l\u00e9phone<\/strong>: (888) 396-4870<br\/><br\/><strong>Support<\/strong>: Midwest.Support@Mastercam.com<br\/><strong>Ventes<\/strong>: Midwest.Sales@Mastercam.com<br\/><strong>Service client\u00e8le<\/strong>: <a href=\"mailto:Midwest.CustomerService@Mastercam.com\">Midwest.CustomerService@Mastercam.com<\/a><\/p>\n<\/div>\n\n\n\n<div class=\"wp-block-column is-layout-flow wp-block-column-is-layout-flow\">\n<h3 class=\"wp-block-heading h4\">Ouest, \u00c9tats-Unis<\/h3>\n\n\n\n<p><strong>Heures d&rsquo;ouverture<\/strong>: 8 h &#8211; 17 h PT<br\/><strong>T\u00e9l\u00e9phone<\/strong>: (888) 396-4834<br\/><br\/><strong>Support<\/strong>: West.Support@Mastercam.com<br\/><strong>Ventes<\/strong>: West.Sales@Mastercam.com<br\/><strong>Service client\u00e8le<\/strong>: <a href=\"mailto:West.CustomerService@Mastercam.com\" target=\"_blank\" rel=\"noreferrer noopener\">West.CustomerService@Mastercam.com<\/a><\/p>\n<\/div>\n<\/div>\n<\/div>\n<\/div>\n","protected":false},"excerpt":{"rendered":"<p>Prenez contact avec nous L&rsquo;alimentation de votre production D\u00e9verrouillez tout le potentiel de vos Projections [&hellip;]<\/p>\n","protected":false},"author":1,"featured_media":0,"parent":34775,"menu_order":0,"comment_status":"closed","ping_status":"closed","template":"","meta":{"_acf_changed":false,"footnotes":""},"class_list":["post-34726","page","type-page","status-publish","hentry"],"acf":[],"yoast_head":"<!-- This site is optimized with the Yoast SEO plugin v26.8 - https:\/\/yoast.com\/product\/yoast-seo-wordpress\/ -->\n<title>Contacter les ventes - mastercam.com<\/title>\n<meta name=\"description\" content=\"Prenez contact avec nous L&#039;alimentation de votre production D\u00e9verrouillez tout le potentiel de vos Projections d&#039;usinage avec Mastercam, le logiciel de\" \/>\n<meta name=\"robots\" content=\"index, follow, max-snippet:-1, max-image-preview:large, max-video-preview:-1\" \/>\n<link rel=\"canonical\" href=\"https:\/\/www.mastercam.com\/fr\/contactez-nous\/contacter-les-ventes\/\" \/>\n<meta property=\"og:locale\" content=\"fr_FR\" \/>\n<meta property=\"og:type\" content=\"article\" \/>\n<meta property=\"og:title\" content=\"Contacter les ventes - mastercam.com\" \/>\n<meta property=\"og:description\" content=\"Prenez contact avec nous L&#039;alimentation de votre production D\u00e9verrouillez tout le potentiel de vos Projections d&#039;usinage avec Mastercam, le logiciel de\" \/>\n<meta property=\"og:url\" content=\"https:\/\/www.mastercam.com\/fr\/contactez-nous\/contacter-les-ventes\/\" \/>\n<meta property=\"og:site_name\" content=\"mastercam.com\" \/>\n<meta property=\"article:publisher\" content=\"https:\/\/www.facebook.com\/Mastercam\/\" \/>\n<meta property=\"article:modified_time\" content=\"2025-12-17T19:43:33+00:00\" \/>\n<meta property=\"og:image\" content=\"https:\/\/www.mastercam.com\/wp-content\/uploads\/2024\/02\/drill-wide-photo-1200x675-1.jpg\" \/>\n\t<meta property=\"og:image:width\" content=\"1200\" \/>\n\t<meta property=\"og:image:height\" content=\"675\" \/>\n\t<meta property=\"og:image:type\" content=\"image\/jpeg\" \/>\n<meta name=\"twitter:card\" content=\"summary_large_image\" \/>\n<meta name=\"twitter:site\" content=\"@mastercam\" \/>\n<meta name=\"twitter:label1\" content=\"Est. reading time\" \/>\n\t<meta name=\"twitter:data1\" content=\"1 minute\" \/>\n<script type=\"application\/ld+json\" class=\"yoast-schema-graph\">{\"@context\":\"https:\/\/schema.org\",\"@graph\":[{\"@type\":\"WebPage\",\"@id\":\"https:\/\/www.mastercam.com\/fr\/contactez-nous\/contacter-les-ventes\/\",\"url\":\"https:\/\/www.mastercam.com\/fr\/contactez-nous\/contacter-les-ventes\/\",\"name\":\"Contacter les ventes - mastercam.com\",\"isPartOf\":{\"@id\":\"https:\/\/www.mastercam.com\/fr\/#website\"},\"datePublished\":\"2025-04-25T20:19:01+00:00\",\"dateModified\":\"2025-12-17T19:43:33+00:00\",\"description\":\"Prenez contact avec nous L'alimentation de votre production D\u00e9verrouillez tout le potentiel de vos Projections d'usinage avec Mastercam, le logiciel de\",\"breadcrumb\":{\"@id\":\"https:\/\/www.mastercam.com\/fr\/contactez-nous\/contacter-les-ventes\/#breadcrumb\"},\"inLanguage\":\"fr-FR\",\"potentialAction\":[{\"@type\":\"ReadAction\",\"target\":[\"https:\/\/www.mastercam.com\/fr\/contactez-nous\/contacter-les-ventes\/\"]}]},{\"@type\":\"BreadcrumbList\",\"@id\":\"https:\/\/www.mastercam.com\/fr\/contactez-nous\/contacter-les-ventes\/#breadcrumb\",\"itemListElement\":[{\"@type\":\"ListItem\",\"position\":1,\"name\":\"Home\",\"item\":\"https:\/\/www.mastercam.com\/fr\/\"},{\"@type\":\"ListItem\",\"position\":2,\"name\":\"Contactez nous\",\"item\":\"https:\/\/www.mastercam.com\/fr\/contactez-nous\/\"},{\"@type\":\"ListItem\",\"position\":3,\"name\":\"Contacter les ventes\"}]},{\"@type\":\"WebSite\",\"@id\":\"https:\/\/www.mastercam.com\/fr\/#website\",\"url\":\"https:\/\/www.mastercam.com\/fr\/\",\"name\":\"Mastercam\",\"description\":\"Creating software and services that solve the world&#039;s manufacturing challenges\",\"publisher\":{\"@id\":\"https:\/\/www.mastercam.com\/fr\/#organization\"},\"potentialAction\":[{\"@type\":\"SearchAction\",\"target\":{\"@type\":\"EntryPoint\",\"urlTemplate\":\"https:\/\/www.mastercam.com\/fr\/?s={search_term_string}\"},\"query-input\":{\"@type\":\"PropertyValueSpecification\",\"valueRequired\":true,\"valueName\":\"search_term_string\"}}],\"inLanguage\":\"fr-FR\"},{\"@type\":\"Organization\",\"@id\":\"https:\/\/www.mastercam.com\/fr\/#organization\",\"name\":\"Mastercam\",\"url\":\"https:\/\/www.mastercam.com\/fr\/\",\"logo\":{\"@type\":\"ImageObject\",\"inLanguage\":\"fr-FR\",\"@id\":\"https:\/\/www.mastercam.com\/fr\/#\/schema\/logo\/image\/\",\"url\":\"https:\/\/www.mastercam.com\/wp-content\/uploads\/2023\/02\/MC_logo.svg\",\"contentUrl\":\"https:\/\/www.mastercam.com\/wp-content\/uploads\/2023\/02\/MC_logo.svg\",\"width\":230,\"height\":40,\"caption\":\"Mastercam\"},\"image\":{\"@id\":\"https:\/\/www.mastercam.com\/fr\/#\/schema\/logo\/image\/\"},\"sameAs\":[\"https:\/\/www.facebook.com\/Mastercam\/\",\"https:\/\/x.com\/mastercam\",\"https:\/\/www.linkedin.com\/company\/mastercam\",\"https:\/\/www.youtube.com\/channel\/UChJt5ruSkqnmFH44WsXVZLw\",\"https:\/\/www.instagram.com\/mastercam\/\"]}]}<\/script>\n<!-- \/ Yoast SEO plugin. -->","yoast_head_json":{"title":"Contacter les ventes - mastercam.com","description":"Prenez contact avec nous L'alimentation de votre production D\u00e9verrouillez tout le potentiel de vos Projections d'usinage avec Mastercam, le logiciel de","robots":{"index":"index","follow":"follow","max-snippet":"max-snippet:-1","max-image-preview":"max-image-preview:large","max-video-preview":"max-video-preview:-1"},"canonical":"https:\/\/www.mastercam.com\/fr\/contactez-nous\/contacter-les-ventes\/","og_locale":"fr_FR","og_type":"article","og_title":"Contacter les ventes - mastercam.com","og_description":"Prenez contact avec nous L'alimentation de votre production D\u00e9verrouillez tout le potentiel de vos Projections d'usinage avec Mastercam, le logiciel de","og_url":"https:\/\/www.mastercam.com\/fr\/contactez-nous\/contacter-les-ventes\/","og_site_name":"mastercam.com","article_publisher":"https:\/\/www.facebook.com\/Mastercam\/","article_modified_time":"2025-12-17T19:43:33+00:00","og_image":[{"width":1200,"height":675,"url":"https:\/\/www.mastercam.com\/wp-content\/uploads\/2024\/02\/drill-wide-photo-1200x675-1.jpg","type":"image\/jpeg"}],"twitter_card":"summary_large_image","twitter_site":"@mastercam","twitter_misc":{"Est. reading time":"1 minute"},"schema":{"@context":"https:\/\/schema.org","@graph":[{"@type":"WebPage","@id":"https:\/\/www.mastercam.com\/fr\/contactez-nous\/contacter-les-ventes\/","url":"https:\/\/www.mastercam.com\/fr\/contactez-nous\/contacter-les-ventes\/","name":"Contacter les ventes - mastercam.com","isPartOf":{"@id":"https:\/\/www.mastercam.com\/fr\/#website"},"datePublished":"2025-04-25T20:19:01+00:00","dateModified":"2025-12-17T19:43:33+00:00","description":"Prenez contact avec nous L'alimentation de votre production D\u00e9verrouillez tout le potentiel de vos Projections d'usinage avec Mastercam, le logiciel de","breadcrumb":{"@id":"https:\/\/www.mastercam.com\/fr\/contactez-nous\/contacter-les-ventes\/#breadcrumb"},"inLanguage":"fr-FR","potentialAction":[{"@type":"ReadAction","target":["https:\/\/www.mastercam.com\/fr\/contactez-nous\/contacter-les-ventes\/"]}]},{"@type":"BreadcrumbList","@id":"https:\/\/www.mastercam.com\/fr\/contactez-nous\/contacter-les-ventes\/#breadcrumb","itemListElement":[{"@type":"ListItem","position":1,"name":"Home","item":"https:\/\/www.mastercam.com\/fr\/"},{"@type":"ListItem","position":2,"name":"Contactez nous","item":"https:\/\/www.mastercam.com\/fr\/contactez-nous\/"},{"@type":"ListItem","position":3,"name":"Contacter les ventes"}]},{"@type":"WebSite","@id":"https:\/\/www.mastercam.com\/fr\/#website","url":"https:\/\/www.mastercam.com\/fr\/","name":"Mastercam","description":"Creating software and services that solve the world&#039;s manufacturing challenges","publisher":{"@id":"https:\/\/www.mastercam.com\/fr\/#organization"},"potentialAction":[{"@type":"SearchAction","target":{"@type":"EntryPoint","urlTemplate":"https:\/\/www.mastercam.com\/fr\/?s={search_term_string}"},"query-input":{"@type":"PropertyValueSpecification","valueRequired":true,"valueName":"search_term_string"}}],"inLanguage":"fr-FR"},{"@type":"Organization","@id":"https:\/\/www.mastercam.com\/fr\/#organization","name":"Mastercam","url":"https:\/\/www.mastercam.com\/fr\/","logo":{"@type":"ImageObject","inLanguage":"fr-FR","@id":"https:\/\/www.mastercam.com\/fr\/#\/schema\/logo\/image\/","url":"https:\/\/www.mastercam.com\/wp-content\/uploads\/2023\/02\/MC_logo.svg","contentUrl":"https:\/\/www.mastercam.com\/wp-content\/uploads\/2023\/02\/MC_logo.svg","width":230,"height":40,"caption":"Mastercam"},"image":{"@id":"https:\/\/www.mastercam.com\/fr\/#\/schema\/logo\/image\/"},"sameAs":["https:\/\/www.facebook.com\/Mastercam\/","https:\/\/x.com\/mastercam","https:\/\/www.linkedin.com\/company\/mastercam","https:\/\/www.youtube.com\/channel\/UChJt5ruSkqnmFH44WsXVZLw","https:\/\/www.instagram.com\/mastercam\/"]}]}},"_links":{"self":[{"href":"https:\/\/www.mastercam.com\/fr\/wp-json\/wp\/v2\/pages\/34726","targetHints":{"allow":["GET"]}}],"collection":[{"href":"https:\/\/www.mastercam.com\/fr\/wp-json\/wp\/v2\/pages"}],"about":[{"href":"https:\/\/www.mastercam.com\/fr\/wp-json\/wp\/v2\/types\/page"}],"author":[{"embeddable":true,"href":"https:\/\/www.mastercam.com\/fr\/wp-json\/wp\/v2\/users\/1"}],"replies":[{"embeddable":true,"href":"https:\/\/www.mastercam.com\/fr\/wp-json\/wp\/v2\/comments?post=34726"}],"version-history":[{"count":0,"href":"https:\/\/www.mastercam.com\/fr\/wp-json\/wp\/v2\/pages\/34726\/revisions"}],"up":[{"embeddable":true,"href":"https:\/\/www.mastercam.com\/fr\/wp-json\/wp\/v2\/pages\/34775"}],"wp:attachment":[{"href":"https:\/\/www.mastercam.com\/fr\/wp-json\/wp\/v2\/media?parent=34726"}],"curies":[{"name":"wp","href":"https:\/\/api.w.org\/{rel}","templated":true}]}}