{"id":34723,"date":"2024-08-29T16:04:24","date_gmt":"2024-08-29T20:04:24","guid":{"rendered":"https:\/\/www.mastercam.com\/divulgation-de-la-vulnerabilite-de-mastercam\/"},"modified":"2025-12-17T14:43:36","modified_gmt":"2025-12-17T19:43:36","slug":"divulgation-de-la-vulnerabilite-de-mastercam","status":"publish","type":"page","link":"https:\/\/www.mastercam.com\/fr\/vie-privee\/divulgation-de-la-vulnerabilite-de-mastercam\/","title":{"rendered":"Divulgation de la vuln\u00e9rabilit\u00e9 de Mastercam"},"content":{"rendered":"<div class=\"hero__breadcrumbs\">\n    <div class=\"container-fluid\">\n      <div class=\"row\">\n        <div class=\"col\">\n          <nav aria-label=\"breadcrumbs\"><ol class=\"breadcrumb\"><li><a href=\"https:\/\/www.mastercam.com\/fr\/\">Home<\/a><\/li><\/ol><\/nav>\n        <\/div>\n      <\/div>\n    <\/div>\n  <\/div>\n\n<div class=\"hero hero--minimal wp-block-acf-block-hero\">\n  <div class=\"container-fluid\">\n    <div class=\"row align-items-center\">\n      \n      \n      \n      <div class=\"col-12 col-lg-7 order-2 order-lg-2 hero__content-column\">\n        <div class=\"hero__content\">\n                      <h1 class=\"hero__heading\">\n              \n              Divulgation de la vuln\u00e9rabilit\u00e9 de Mastercam\n            <\/h1>\n          \n          \n          \n          \n          \n                  <\/div>\n      <\/div>\n    <\/div>\n  <\/div>\n<\/div>\n\n<div class=\"wp-block-columns is-style-container is-layout-flex wp-container-core-columns-is-layout-28f84493 wp-block-columns-is-layout-flex\">\n<div class=\"wp-block-column is-layout-flow wp-block-column-is-layout-flow\">\n<h2 class=\"wp-block-heading\">Pr\u00e9sentation<\/h2>\n\n\n\n<p>Mastercam s&rsquo;engage \u00e0 corriger toutes les vuln\u00e9rabilit\u00e9s de ses produits. Nous accueillons favorablement la collaboration avec les chercheurs qui d\u00e9couvrent ces probl\u00e8mes et nous nous efforcerons de les r\u00e9soudre rapidement. Nous accordons \u00e9galement une grande importance \u00e0 la reconnaissance et \u00e0 l&rsquo;appr\u00e9ciation des contributions des chercheurs qui s&rsquo;associent \u00e0 nous pour am\u00e9liorer la s\u00e9curit\u00e9 de Mastercam.  <\/p>\n\n\n\n<h2 class=\"wp-block-heading\">Domaines<\/h2>\n\n\n\n<ul class=\"wp-block-list\">\n<li>Mastercam.com<\/li>\n\n\n\n<li>my.Mastercam.com<\/li>\n<\/ul>\n\n\n\n<h2 class=\"wp-block-heading\">Objectifs de r\u00e9ponse<\/h2>\n\n\n\n<p>Mastercam s&rsquo;efforcera de respecter les accords de niveau de service suivants pour les participants \u00e0 notre programme :<\/p>\n\n\n\n<figure class=\"wp-block-table\"><table class=\"has-fixed-layout\"><tbody><tr><td><strong>Type de r\u00e9ponse<\/strong><\/td><td><strong>SLA en jours ouvrables<\/strong><\/td><\/tr><tr><td>Premi\u00e8re r\u00e9ponse<\/td><td>2 \u00bdD<\/td><\/tr><tr><td>D\u00e9lai de triage<\/td><td>5 jours<\/td><\/tr><tr><td>D\u00e9lai de r\u00e9solution<\/td><td>En fonction de la gravit\u00e9 et de la complexit\u00e9<\/td><\/tr><\/tbody><\/table><\/figure>\n\n\n\n<p><em>Nous nous efforcerons de vous tenir inform\u00e9 de nos progr\u00e8s tout au long du processus.<\/em><\/p>\n\n\n\n<h2 class=\"wp-block-heading\">R\u00e8gles du programme<\/h2>\n\n\n\n<ul class=\"wp-block-list\">\n<li>Il est interdit aux employ\u00e9s ou aux parents d&#8217;employ\u00e9s de participer.<\/li>\n\n\n\n<li>Veuillez fournir des rapports d\u00e9taill\u00e9s avec des \u00e9tapes reproductibles ou une preuve de concept op\u00e9rationnelle.<\/li>\n\n\n\n<li>Soumettez une seule vuln\u00e9rabilit\u00e9 par rapport, sauf si vous devez encha\u00eener les vuln\u00e9rabilit\u00e9s pour obtenir un impact.<\/li>\n\n\n\n<li>Ne divulguez pas publiquement un probl\u00e8me de s\u00e9curit\u00e9 avant qu&rsquo;il n&rsquo;ait \u00e9t\u00e9 r\u00e9solu.<\/li>\n<\/ul>\n\n\n\n<h2 class=\"wp-block-heading\">Priorit\u00e9<\/h2>\n\n\n\n<p>Nous nous concentrons principalement sur les vuln\u00e9rabilit\u00e9s critiques et de haute gravit\u00e9 qui mettent en p\u00e9ril la confidentialit\u00e9, la disponibilit\u00e9 et l&rsquo;int\u00e9grit\u00e9 d&rsquo;une application, en mettant l&rsquo;accent sur le <a href=\"https:\/\/owasp.org\/www-project-desktop-app-security-top-10\/\">Top 10 des risques de s\u00e9curit\u00e9 des applications de bureau de l&rsquo;OWASP<\/a>. Nous donnons la priorit\u00e9 aux types de vuln\u00e9rabilit\u00e9s suivants :   <\/p>\n\n\n\n<ul class=\"wp-block-list\">\n<li>Exposition aux donn\u00e9es sensibles<\/li>\n\n\n\n<li>Mauvaise utilisation de la cryptographie  <\/li>\n\n\n\n<li>Utilisation de composants dont les vuln\u00e9rabilit\u00e9s sont connues<\/li>\n\n\n\n<li>Insuffisance de la journalisation et de la surveillance<\/li>\n\n\n\n<li>Qualit\u00e9 m\u00e9diocre du code<\/li>\n\n\n\n<li>Ex\u00e9cution de code \u00e0 distance<\/li>\n\n\n\n<li>Contournement de l&rsquo;authentification<\/li>\n\n\n\n<li>Pr\u00e9chargement de DLL<\/li>\n\n\n\n<li>Questions relatives \u00e0 la s\u00e9rialisation<\/li>\n\n\n\n<li>D\u00e9bordements du tampon de la pile et du tas et \u00e9crasements de la m\u00e9moire<\/li>\n\n\n\n<li>Utilisation apr\u00e8s Gratuit<\/li>\n\n\n\n<li>Traitement des entit\u00e9s externes XML dans les actions critiques<\/li>\n<\/ul>\n\n\n\n<h2 class=\"wp-block-heading\">Champ d&rsquo;application<\/h2>\n\n\n\n<h3 class=\"wp-block-heading\">Dans le champ d&rsquo;application<\/h3>\n\n\n\n<p>\u00c0 l&rsquo;heure actuelle, nous recherchons uniquement des informations sur les vuln\u00e9rabilit\u00e9s pour les versions prises en charge des applications et services suivants :  <\/p>\n\n\n\n<ul class=\"wp-block-list\">\n<li>Produits Mastercam<\/li>\n<\/ul>\n\n\n\n<h3 class=\"wp-block-heading\">Hors champ d&rsquo;application<\/h3>\n\n\n\n<ul class=\"wp-block-list\">\n<li>Les rapports concernant les CVE ou les vuln\u00e9rabilit\u00e9s connues dans les applications de bureau et les versions non prises en charge seront class\u00e9s comme informationnels, \u00e0 moins qu&rsquo;ils ne soient jug\u00e9s critiques ou de haute s\u00e9v\u00e9rit\u00e9. Les rapports critiques et de haute gravit\u00e9 seront \u00e9valu\u00e9s au cas par cas. <\/li>\n\n\n\n<li>Rapports provenant d&rsquo;outils automatis\u00e9s ou d&rsquo;analyses.<\/li>\n\n\n\n<li>Chemin d&rsquo;acc\u00e8s r\u00e9sultant de messages d&rsquo;erreur.<\/li>\n\n\n\n<li>Sites tiers (sites qui font r\u00e9f\u00e9rence \u00e0 la marque Mastercam mais qui ne sont pas des propri\u00e9t\u00e9s de la soci\u00e9t\u00e9, des marchandises de marque, etc.)  <\/li>\n<\/ul>\n\n\n\n<h3 class=\"wp-block-heading\">Vuln\u00e9rabilit\u00e9s hors du champ d&rsquo;application<\/h3>\n\n\n\n<p>Lorsque vous signalez des vuln\u00e9rabilit\u00e9s, veuillez prendre en compte (1) le sc\u00e9nario d&rsquo;attaque\/l&rsquo;exploitabilit\u00e9 et (2) l&rsquo;impact du bogue sur la s\u00e9curit\u00e9. Les probl\u00e8mes suivants sont consid\u00e9r\u00e9s comme hors du champ d&rsquo;application : <\/p>\n\n\n\n<ul class=\"wp-block-list\">\n<li>Attaques n\u00e9cessitant un MITM ou un acc\u00e8s physique \u00e0 l&rsquo;appareil d&rsquo;un utilisateur.<\/li>\n\n\n\n<li>Biblioth\u00e8ques vuln\u00e9rables pr\u00e9c\u00e9demment connues sans preuve de concept op\u00e9rationnelle.<\/li>\n\n\n\n<li>Toute activit\u00e9 susceptible d&rsquo;entra\u00eener une interruption de notre service (DoS).<\/li>\n<\/ul>\n\n\n\n<h2 class=\"wp-block-heading\">Exclusions<\/h2>\n\n\n\n<p>Lors de vos recherches, veuillez vous abstenir de :<\/p>\n\n\n\n<ul class=\"wp-block-list\">\n<li>D\u00e9ni de service (y compris DoS, DDoS).<\/li>\n\n\n\n<li>Spamming.<\/li>\n\n\n\n<li>Ing\u00e9nierie sociale (y compris l&rsquo;hame\u00e7onnage) du personnel, des sous-traitants ou des clients de Mastercam.<\/li>\n\n\n\n<li>Toute tentative physique contre les biens ou les centres de donn\u00e9es de Mastercam.<\/li>\n<\/ul>\n\n\n\n<h2 class=\"wp-block-heading\">Politique d&rsquo;\u00e9ligibilit\u00e9 et de divulgation<\/h2>\n\n\n\n<ul class=\"wp-block-list\">\n<li>Informez-nous d\u00e8s que possible de la d\u00e9couverte d&rsquo;une vuln\u00e9rabilit\u00e9 potentielle et nous ferons tout notre possible pour r\u00e9soudre rapidement le probl\u00e8me.<\/li>\n\n\n\n<li>Accordez-nous un d\u00e9lai raisonnable pour r\u00e9soudre le probl\u00e8me avant toute divulgation au public ou \u00e0 des tiers.<\/li>\n\n\n\n<li>Veuillez fournir des rapports d\u00e9taill\u00e9s avec des marches reproductibles.<\/li>\n\n\n\n<li>Soumettez une seule vuln\u00e9rabilit\u00e9 par rapport, sauf si vous devez encha\u00eener les vuln\u00e9rabilit\u00e9s pour obtenir un impact.<\/li>\n<\/ul>\n\n\n\n<h2 class=\"wp-block-heading\">La sph\u00e8re de s\u00e9curit\u00e9<\/h2>\n\n\n\n<p><a href=\"https:\/\/www.hackerone.com\/policies\/code-of-conduct\">Code de conduite<\/a> de HackerOne  <\/p>\n\n\n\n<p>Les activit\u00e9s conformes \u00e0 cette politique et au code de conduite de HackerOne seront consid\u00e9r\u00e9es comme autoris\u00e9es et nous n&rsquo;engagerons pas de poursuites judiciaires \u00e0 votre encontre. Si une tierce partie entame une proc\u00e9dure judiciaire relative \u00e0 des actions entreprises dans le cadre de cette politique, nous travaillerons activement \u00e0 d\u00e9montrer que vos activit\u00e9s \u00e9taient conformes. Nous appr\u00e9cions vos efforts pour contribuer \u00e0 la s\u00e9curit\u00e9 de Mastercam et de ses utilisateurs.  <\/p>\n\n\n\n<h2 class=\"wp-block-heading\">Formulaire de divulgation de la vuln\u00e9rabilit\u00e9<\/h2>\n\n\n\n<div class=\"wp-block-columns is-style-container is-layout-flex wp-container-core-columns-is-layout-28f84493 wp-block-columns-is-layout-flex\">\n<div class=\"wp-block-column is-layout-flow wp-block-column-is-layout-flow\" style=\"flex-basis:66.66%\">\n<script charset=\"utf-8\" type=\"text\/javascript\" src=\"\/\/js.hsforms.net\/forms\/embed\/v2.js\"><\/script><script>hbspt.forms.create({\n    region: \"na1\",\n    portalId: \"3375755\",\n    formId: \"227a2bad-bfc7-4221-9474-a65effa9b361\"\n  });\n<\/script>\n<\/div>\n\n\n\n<div class=\"wp-block-column is-layout-flow wp-block-column-is-layout-flow\" style=\"flex-basis:33.33%\"><\/div>\n<\/div>\n<\/div>\n<\/div>\n","protected":false},"excerpt":{"rendered":"<p>Pr\u00e9sentation Mastercam s&rsquo;engage \u00e0 corriger toutes les vuln\u00e9rabilit\u00e9s de ses produits. Nous accueillons favorablement la [&hellip;]<\/p>\n","protected":false},"author":1,"featured_media":0,"parent":34778,"menu_order":0,"comment_status":"closed","ping_status":"closed","template":"","meta":{"_acf_changed":false,"footnotes":""},"class_list":["post-34723","page","type-page","status-publish","hentry"],"acf":[],"yoast_head":"<!-- This site is optimized with the Yoast SEO plugin v27.3 - https:\/\/yoast.com\/product\/yoast-seo-wordpress\/ -->\n<title>Divulgation de la vuln\u00e9rabilit\u00e9 de Mastercam - mastercam.com<\/title>\n<meta name=\"description\" content=\"Pr\u00e9sentation Mastercam s&#039;engage \u00e0 corriger toutes les vuln\u00e9rabilit\u00e9s de ses produits. Nous accueillons favorablement la collaboration avec les chercheurs\" \/>\n<meta name=\"robots\" content=\"index, follow, max-snippet:-1, max-image-preview:large, max-video-preview:-1\" \/>\n<link rel=\"canonical\" href=\"https:\/\/www.mastercam.com\/fr\/vie-privee\/divulgation-de-la-vulnerabilite-de-mastercam\/\" \/>\n<meta property=\"og:locale\" content=\"fr_FR\" \/>\n<meta property=\"og:type\" content=\"article\" \/>\n<meta property=\"og:title\" content=\"Divulgation de la vuln\u00e9rabilit\u00e9 de Mastercam - mastercam.com\" \/>\n<meta property=\"og:description\" content=\"Pr\u00e9sentation Mastercam s&#039;engage \u00e0 corriger toutes les vuln\u00e9rabilit\u00e9s de ses produits. Nous accueillons favorablement la collaboration avec les chercheurs\" \/>\n<meta property=\"og:url\" content=\"https:\/\/www.mastercam.com\/fr\/vie-privee\/divulgation-de-la-vulnerabilite-de-mastercam\/\" \/>\n<meta property=\"og:site_name\" content=\"mastercam.com\" \/>\n<meta property=\"article:publisher\" content=\"https:\/\/www.facebook.com\/Mastercam\/\" \/>\n<meta property=\"article:modified_time\" content=\"2025-12-17T19:43:36+00:00\" \/>\n<meta property=\"og:image\" content=\"https:\/\/www.mastercam.com\/wp-content\/uploads\/2024\/02\/drill-wide-photo-1200x675-1.jpg\" \/>\n\t<meta property=\"og:image:width\" content=\"1200\" \/>\n\t<meta property=\"og:image:height\" content=\"675\" \/>\n\t<meta property=\"og:image:type\" content=\"image\/jpeg\" \/>\n<meta name=\"twitter:card\" content=\"summary_large_image\" \/>\n<meta name=\"twitter:site\" content=\"@mastercam\" \/>\n<meta name=\"twitter:label1\" content=\"Est. reading time\" \/>\n\t<meta name=\"twitter:data1\" content=\"4 minutes\" \/>\n<script type=\"application\/ld+json\" class=\"yoast-schema-graph\">{\"@context\":\"https:\\\/\\\/schema.org\",\"@graph\":[{\"@type\":\"WebPage\",\"@id\":\"https:\\\/\\\/www.mastercam.com\\\/fr\\\/vie-privee\\\/divulgation-de-la-vulnerabilite-de-mastercam\\\/\",\"url\":\"https:\\\/\\\/www.mastercam.com\\\/fr\\\/vie-privee\\\/divulgation-de-la-vulnerabilite-de-mastercam\\\/\",\"name\":\"Divulgation de la vuln\u00e9rabilit\u00e9 de Mastercam - mastercam.com\",\"isPartOf\":{\"@id\":\"https:\\\/\\\/www.mastercam.com\\\/fr\\\/#website\"},\"datePublished\":\"2024-08-29T20:04:24+00:00\",\"dateModified\":\"2025-12-17T19:43:36+00:00\",\"description\":\"Pr\u00e9sentation Mastercam s'engage \u00e0 corriger toutes les vuln\u00e9rabilit\u00e9s de ses produits. Nous accueillons favorablement la collaboration avec les chercheurs\",\"breadcrumb\":{\"@id\":\"https:\\\/\\\/www.mastercam.com\\\/fr\\\/vie-privee\\\/divulgation-de-la-vulnerabilite-de-mastercam\\\/#breadcrumb\"},\"inLanguage\":\"fr-FR\",\"potentialAction\":[{\"@type\":\"ReadAction\",\"target\":[\"https:\\\/\\\/www.mastercam.com\\\/fr\\\/vie-privee\\\/divulgation-de-la-vulnerabilite-de-mastercam\\\/\"]}]},{\"@type\":\"BreadcrumbList\",\"@id\":\"https:\\\/\\\/www.mastercam.com\\\/fr\\\/vie-privee\\\/divulgation-de-la-vulnerabilite-de-mastercam\\\/#breadcrumb\",\"itemListElement\":[{\"@type\":\"ListItem\",\"position\":1,\"name\":\"Home\",\"item\":\"https:\\\/\\\/www.mastercam.com\\\/fr\\\/\"},{\"@type\":\"ListItem\",\"position\":2,\"name\":\"Vie priv\u00e9e\",\"item\":\"https:\\\/\\\/www.mastercam.com\\\/fr\\\/vie-privee\\\/\"},{\"@type\":\"ListItem\",\"position\":3,\"name\":\"Divulgation de la vuln\u00e9rabilit\u00e9 de Mastercam\"}]},{\"@type\":\"WebSite\",\"@id\":\"https:\\\/\\\/www.mastercam.com\\\/fr\\\/#website\",\"url\":\"https:\\\/\\\/www.mastercam.com\\\/fr\\\/\",\"name\":\"Mastercam\",\"description\":\"Creating software and services that solve the world&#039;s manufacturing challenges\",\"publisher\":{\"@id\":\"https:\\\/\\\/www.mastercam.com\\\/fr\\\/#organization\"},\"potentialAction\":[{\"@type\":\"SearchAction\",\"target\":{\"@type\":\"EntryPoint\",\"urlTemplate\":\"https:\\\/\\\/www.mastercam.com\\\/fr\\\/?s={search_term_string}\"},\"query-input\":{\"@type\":\"PropertyValueSpecification\",\"valueRequired\":true,\"valueName\":\"search_term_string\"}}],\"inLanguage\":\"fr-FR\"},{\"@type\":\"Organization\",\"@id\":\"https:\\\/\\\/www.mastercam.com\\\/fr\\\/#organization\",\"name\":\"Mastercam\",\"url\":\"https:\\\/\\\/www.mastercam.com\\\/fr\\\/\",\"logo\":{\"@type\":\"ImageObject\",\"inLanguage\":\"fr-FR\",\"@id\":\"https:\\\/\\\/www.mastercam.com\\\/fr\\\/#\\\/schema\\\/logo\\\/image\\\/\",\"url\":\"https:\\\/\\\/www.mastercam.com\\\/wp-content\\\/uploads\\\/2023\\\/02\\\/MC_logo.svg\",\"contentUrl\":\"https:\\\/\\\/www.mastercam.com\\\/wp-content\\\/uploads\\\/2023\\\/02\\\/MC_logo.svg\",\"width\":230,\"height\":40,\"caption\":\"Mastercam\"},\"image\":{\"@id\":\"https:\\\/\\\/www.mastercam.com\\\/fr\\\/#\\\/schema\\\/logo\\\/image\\\/\"},\"sameAs\":[\"https:\\\/\\\/www.facebook.com\\\/Mastercam\\\/\",\"https:\\\/\\\/x.com\\\/mastercam\",\"https:\\\/\\\/www.linkedin.com\\\/company\\\/mastercam\",\"https:\\\/\\\/www.youtube.com\\\/channel\\\/UChJt5ruSkqnmFH44WsXVZLw\",\"https:\\\/\\\/www.instagram.com\\\/mastercam\\\/\"]}]}<\/script>\n<!-- \/ Yoast SEO plugin. -->","yoast_head_json":{"title":"Divulgation de la vuln\u00e9rabilit\u00e9 de Mastercam - mastercam.com","description":"Pr\u00e9sentation Mastercam s'engage \u00e0 corriger toutes les vuln\u00e9rabilit\u00e9s de ses produits. Nous accueillons favorablement la collaboration avec les chercheurs","robots":{"index":"index","follow":"follow","max-snippet":"max-snippet:-1","max-image-preview":"max-image-preview:large","max-video-preview":"max-video-preview:-1"},"canonical":"https:\/\/www.mastercam.com\/fr\/vie-privee\/divulgation-de-la-vulnerabilite-de-mastercam\/","og_locale":"fr_FR","og_type":"article","og_title":"Divulgation de la vuln\u00e9rabilit\u00e9 de Mastercam - mastercam.com","og_description":"Pr\u00e9sentation Mastercam s'engage \u00e0 corriger toutes les vuln\u00e9rabilit\u00e9s de ses produits. Nous accueillons favorablement la collaboration avec les chercheurs","og_url":"https:\/\/www.mastercam.com\/fr\/vie-privee\/divulgation-de-la-vulnerabilite-de-mastercam\/","og_site_name":"mastercam.com","article_publisher":"https:\/\/www.facebook.com\/Mastercam\/","article_modified_time":"2025-12-17T19:43:36+00:00","og_image":[{"width":1200,"height":675,"url":"https:\/\/www.mastercam.com\/wp-content\/uploads\/2024\/02\/drill-wide-photo-1200x675-1.jpg","type":"image\/jpeg"}],"twitter_card":"summary_large_image","twitter_site":"@mastercam","twitter_misc":{"Est. reading time":"4 minutes"},"schema":{"@context":"https:\/\/schema.org","@graph":[{"@type":"WebPage","@id":"https:\/\/www.mastercam.com\/fr\/vie-privee\/divulgation-de-la-vulnerabilite-de-mastercam\/","url":"https:\/\/www.mastercam.com\/fr\/vie-privee\/divulgation-de-la-vulnerabilite-de-mastercam\/","name":"Divulgation de la vuln\u00e9rabilit\u00e9 de Mastercam - mastercam.com","isPartOf":{"@id":"https:\/\/www.mastercam.com\/fr\/#website"},"datePublished":"2024-08-29T20:04:24+00:00","dateModified":"2025-12-17T19:43:36+00:00","description":"Pr\u00e9sentation Mastercam s'engage \u00e0 corriger toutes les vuln\u00e9rabilit\u00e9s de ses produits. Nous accueillons favorablement la collaboration avec les chercheurs","breadcrumb":{"@id":"https:\/\/www.mastercam.com\/fr\/vie-privee\/divulgation-de-la-vulnerabilite-de-mastercam\/#breadcrumb"},"inLanguage":"fr-FR","potentialAction":[{"@type":"ReadAction","target":["https:\/\/www.mastercam.com\/fr\/vie-privee\/divulgation-de-la-vulnerabilite-de-mastercam\/"]}]},{"@type":"BreadcrumbList","@id":"https:\/\/www.mastercam.com\/fr\/vie-privee\/divulgation-de-la-vulnerabilite-de-mastercam\/#breadcrumb","itemListElement":[{"@type":"ListItem","position":1,"name":"Home","item":"https:\/\/www.mastercam.com\/fr\/"},{"@type":"ListItem","position":2,"name":"Vie priv\u00e9e","item":"https:\/\/www.mastercam.com\/fr\/vie-privee\/"},{"@type":"ListItem","position":3,"name":"Divulgation de la vuln\u00e9rabilit\u00e9 de Mastercam"}]},{"@type":"WebSite","@id":"https:\/\/www.mastercam.com\/fr\/#website","url":"https:\/\/www.mastercam.com\/fr\/","name":"Mastercam","description":"Creating software and services that solve the world&#039;s manufacturing challenges","publisher":{"@id":"https:\/\/www.mastercam.com\/fr\/#organization"},"potentialAction":[{"@type":"SearchAction","target":{"@type":"EntryPoint","urlTemplate":"https:\/\/www.mastercam.com\/fr\/?s={search_term_string}"},"query-input":{"@type":"PropertyValueSpecification","valueRequired":true,"valueName":"search_term_string"}}],"inLanguage":"fr-FR"},{"@type":"Organization","@id":"https:\/\/www.mastercam.com\/fr\/#organization","name":"Mastercam","url":"https:\/\/www.mastercam.com\/fr\/","logo":{"@type":"ImageObject","inLanguage":"fr-FR","@id":"https:\/\/www.mastercam.com\/fr\/#\/schema\/logo\/image\/","url":"https:\/\/www.mastercam.com\/wp-content\/uploads\/2023\/02\/MC_logo.svg","contentUrl":"https:\/\/www.mastercam.com\/wp-content\/uploads\/2023\/02\/MC_logo.svg","width":230,"height":40,"caption":"Mastercam"},"image":{"@id":"https:\/\/www.mastercam.com\/fr\/#\/schema\/logo\/image\/"},"sameAs":["https:\/\/www.facebook.com\/Mastercam\/","https:\/\/x.com\/mastercam","https:\/\/www.linkedin.com\/company\/mastercam","https:\/\/www.youtube.com\/channel\/UChJt5ruSkqnmFH44WsXVZLw","https:\/\/www.instagram.com\/mastercam\/"]}]}},"_links":{"self":[{"href":"https:\/\/www.mastercam.com\/fr\/wp-json\/wp\/v2\/pages\/34723","targetHints":{"allow":["GET"]}}],"collection":[{"href":"https:\/\/www.mastercam.com\/fr\/wp-json\/wp\/v2\/pages"}],"about":[{"href":"https:\/\/www.mastercam.com\/fr\/wp-json\/wp\/v2\/types\/page"}],"author":[{"embeddable":true,"href":"https:\/\/www.mastercam.com\/fr\/wp-json\/wp\/v2\/users\/1"}],"replies":[{"embeddable":true,"href":"https:\/\/www.mastercam.com\/fr\/wp-json\/wp\/v2\/comments?post=34723"}],"version-history":[{"count":0,"href":"https:\/\/www.mastercam.com\/fr\/wp-json\/wp\/v2\/pages\/34723\/revisions"}],"up":[{"embeddable":true,"href":"https:\/\/www.mastercam.com\/fr\/wp-json\/wp\/v2\/pages\/34778"}],"wp:attachment":[{"href":"https:\/\/www.mastercam.com\/fr\/wp-json\/wp\/v2\/media?parent=34723"}],"curies":[{"name":"wp","href":"https:\/\/api.w.org\/{rel}","templated":true}]}}