{"id":34714,"date":"2024-02-27T20:55:35","date_gmt":"2024-02-28T01:55:35","guid":{"rendered":"https:\/\/www.mastercam.com\/a-propos-de-nous\/direction\/meghan-west\/"},"modified":"2025-12-17T14:18:29","modified_gmt":"2025-12-17T19:18:29","slug":"meghan-west","status":"publish","type":"page","link":"https:\/\/www.mastercam.com\/fr\/actualites\/a-propos-de-nous\/direction\/meghan-west\/","title":{"rendered":"Meghan West"},"content":{"rendered":"\n<div class=\"wp-block-group alignwide is-layout-flow wp-block-group-is-layout-flow\">\n<div class=\"wp-block-media-text alignwide is-stacked-on-mobile is-style-container\" style=\"grid-template-columns:20% auto\"><figure class=\"wp-block-media-text__media\"><img loading=\"lazy\" decoding=\"async\" width=\"1024\" height=\"1024\" src=\"https:\/\/www.mastercam.com\/wp-content\/uploads\/2024\/02\/Meghan-West-Square-1024x1024.jpg\" alt=\"Photo d&#039;identit\u00e9 de Meghan West\" class=\"wp-image-22844 size-medium\" srcset=\"https:\/\/www.mastercam.com\/wp-content\/uploads\/2024\/02\/Meghan-West-Square-1024x1024.jpg 1024w, https:\/\/www.mastercam.com\/wp-content\/uploads\/2024\/02\/Meghan-West-Square-300x300.jpg 300w, https:\/\/www.mastercam.com\/wp-content\/uploads\/2024\/02\/Meghan-West-Square-150x150.jpg 150w, https:\/\/www.mastercam.com\/wp-content\/uploads\/2024\/02\/Meghan-West-Square-768x768.jpg 768w, https:\/\/www.mastercam.com\/wp-content\/uploads\/2024\/02\/Meghan-West-Square-1536x1536.jpg 1536w, https:\/\/www.mastercam.com\/wp-content\/uploads\/2024\/02\/Meghan-West-Square-2048x2048.jpg 2048w, https:\/\/www.mastercam.com\/wp-content\/uploads\/2024\/02\/Meghan-West-Square-112x112.jpg 112w, https:\/\/www.mastercam.com\/wp-content\/uploads\/2024\/02\/Meghan-West-Square-224x224.jpg 224w\" sizes=\"auto, (max-width: 1024px) 100vw, 1024px\" \/><\/figure><div class=\"wp-block-media-text__content\">\n<div class=\"wp-block-group is-layout-flow wp-block-group-is-layout-flow\">\n<h2 class=\"wp-block-heading\">Meghan West<\/h2>\n\n\n\n<div class=\"wp-block-group is-layout-flow wp-block-group-is-layout-flow\">\n<p>CONSULTANT<\/p>\n\n\n\n<div style=\"height:20px\" aria-hidden=\"true\" class=\"wp-block-spacer\"><\/div>\n\n\n\n<p>Meghan est titulaire d&rsquo;une licence en commerce du Bentley College et d&rsquo;un MBA en gestion de l&rsquo;universit\u00e9 Hawaii Pacific. Elle a grandi autour de la CAO\/FAO, acqu\u00e9rant une exp\u00e9rience professionnelle pr\u00e9cieuse \u00e0 l&rsquo;int\u00e9rieur et \u00e0 l&rsquo;ext\u00e9rieur de l&rsquo;industrie manufacturi\u00e8re avant de rejoindre officiellement CNC Software en 2009, en tant que responsable des op\u00e9rations. En 2014, la Society of Manufacturing Engineers a nomm\u00e9 Meghan parmi les \u00ab\u00a030 Under 30 Future Leaders of Manufacturing\u00a0\u00bb. En 2015, elle a \u00e9t\u00e9 nomm\u00e9e pr\u00e9sidente de CNC Software. Meghan r\u00e9side \u00e0 Hawa\u00ef avec son mari et ses deux enfants.    <\/p>\n<\/div>\n<\/div>\n<\/div><\/div>\n<\/div>\n","protected":false},"excerpt":{"rendered":"<p>Meghan West CONSULTANT Meghan est titulaire d&rsquo;une licence en commerce du Bentley College et d&rsquo;un [&hellip;]<\/p>\n","protected":false},"author":1,"featured_media":22839,"parent":28807,"menu_order":0,"comment_status":"closed","ping_status":"closed","template":"","meta":{"_acf_changed":false,"footnotes":""},"class_list":["post-34714","page","type-page","status-publish","has-post-thumbnail","hentry"],"acf":[],"yoast_head":"<!-- This site is optimized with the Yoast SEO plugin v27.5 - https:\/\/yoast.com\/product\/yoast-seo-wordpress\/ -->\n<title>Meghan West - mastercam.com<\/title>\n<meta name=\"description\" content=\"Meghan West CONSULTANT Meghan est titulaire d&#039;une licence en commerce du Bentley College et d&#039;un MBA en gestion de l&#039;universit\u00e9 Hawaii Pacific. Elle a\" \/>\n<meta name=\"robots\" content=\"index, follow, max-snippet:-1, max-image-preview:large, max-video-preview:-1\" \/>\n<link rel=\"canonical\" href=\"https:\/\/www.mastercam.com\/fr\/actualites\/a-propos-de-nous\/direction\/meghan-west\/\" \/>\n<meta property=\"og:locale\" content=\"fr_FR\" \/>\n<meta property=\"og:type\" content=\"article\" \/>\n<meta property=\"og:title\" content=\"Meghan West - mastercam.com\" \/>\n<meta property=\"og:description\" content=\"Meghan West CONSULTANT Meghan est titulaire d&#039;une licence en commerce du Bentley College et d&#039;un MBA en gestion de l&#039;universit\u00e9 Hawaii Pacific. Elle a\" \/>\n<meta property=\"og:url\" content=\"https:\/\/www.mastercam.com\/fr\/actualites\/a-propos-de-nous\/direction\/meghan-west\/\" \/>\n<meta property=\"og:site_name\" content=\"mastercam.com\" \/>\n<meta property=\"article:publisher\" content=\"https:\/\/www.facebook.com\/Mastercam\/\" \/>\n<meta property=\"article:modified_time\" content=\"2025-12-17T19:18:29+00:00\" \/>\n<meta property=\"og:image\" content=\"https:\/\/www.mastercam.com\/wp-content\/uploads\/2024\/02\/crop-Meghan-West-Headshot_RGZ0140-1-scaled.jpg\" \/>\n\t<meta property=\"og:image:width\" content=\"1707\" \/>\n\t<meta property=\"og:image:height\" content=\"2560\" \/>\n\t<meta property=\"og:image:type\" content=\"image\/jpeg\" \/>\n<meta name=\"twitter:card\" content=\"summary_large_image\" \/>\n<meta name=\"twitter:site\" content=\"@mastercam\" \/>\n<script type=\"application\/ld+json\" class=\"yoast-schema-graph\">{\"@context\":\"https:\\\/\\\/schema.org\",\"@graph\":[{\"@type\":\"WebPage\",\"@id\":\"https:\\\/\\\/www.mastercam.com\\\/fr\\\/actualites\\\/a-propos-de-nous\\\/direction\\\/meghan-west\\\/\",\"url\":\"https:\\\/\\\/www.mastercam.com\\\/fr\\\/actualites\\\/a-propos-de-nous\\\/direction\\\/meghan-west\\\/\",\"name\":\"Meghan West - mastercam.com\",\"isPartOf\":{\"@id\":\"https:\\\/\\\/www.mastercam.com\\\/fr\\\/#website\"},\"primaryImageOfPage\":{\"@id\":\"https:\\\/\\\/www.mastercam.com\\\/fr\\\/actualites\\\/a-propos-de-nous\\\/direction\\\/meghan-west\\\/#primaryimage\"},\"image\":{\"@id\":\"https:\\\/\\\/www.mastercam.com\\\/fr\\\/actualites\\\/a-propos-de-nous\\\/direction\\\/meghan-west\\\/#primaryimage\"},\"thumbnailUrl\":\"https:\\\/\\\/www.mastercam.com\\\/wp-content\\\/uploads\\\/2024\\\/02\\\/crop-Meghan-West-Headshot_RGZ0140-1-scaled.jpg\",\"datePublished\":\"2024-02-28T01:55:35+00:00\",\"dateModified\":\"2025-12-17T19:18:29+00:00\",\"description\":\"Meghan West CONSULTANT Meghan est titulaire d'une licence en commerce du Bentley College et d'un MBA en gestion de l'universit\u00e9 Hawaii Pacific. Elle a\",\"breadcrumb\":{\"@id\":\"https:\\\/\\\/www.mastercam.com\\\/fr\\\/actualites\\\/a-propos-de-nous\\\/direction\\\/meghan-west\\\/#breadcrumb\"},\"inLanguage\":\"fr-FR\",\"potentialAction\":[{\"@type\":\"ReadAction\",\"target\":[\"https:\\\/\\\/www.mastercam.com\\\/fr\\\/actualites\\\/a-propos-de-nous\\\/direction\\\/meghan-west\\\/\"]}]},{\"@type\":\"ImageObject\",\"inLanguage\":\"fr-FR\",\"@id\":\"https:\\\/\\\/www.mastercam.com\\\/fr\\\/actualites\\\/a-propos-de-nous\\\/direction\\\/meghan-west\\\/#primaryimage\",\"url\":\"https:\\\/\\\/www.mastercam.com\\\/wp-content\\\/uploads\\\/2024\\\/02\\\/crop-Meghan-West-Headshot_RGZ0140-1-scaled.jpg\",\"contentUrl\":\"https:\\\/\\\/www.mastercam.com\\\/wp-content\\\/uploads\\\/2024\\\/02\\\/crop-Meghan-West-Headshot_RGZ0140-1-scaled.jpg\",\"width\":1707,\"height\":2560,\"caption\":\"Business portraits and headshots for professionals on Oahu by Hawaii Headshot Photos based in Honolulu.\"},{\"@type\":\"BreadcrumbList\",\"@id\":\"https:\\\/\\\/www.mastercam.com\\\/fr\\\/actualites\\\/a-propos-de-nous\\\/direction\\\/meghan-west\\\/#breadcrumb\",\"itemListElement\":[{\"@type\":\"ListItem\",\"position\":1,\"name\":\"Home\",\"item\":\"https:\\\/\\\/www.mastercam.com\\\/fr\\\/\"},{\"@type\":\"ListItem\",\"position\":2,\"name\":\"Actualit\u00e9s\",\"item\":\"https:\\\/\\\/www.mastercam.com\\\/fr\\\/actualites\\\/\"},{\"@type\":\"ListItem\",\"position\":3,\"name\":\"A propos de nous\",\"item\":\"https:\\\/\\\/www.mastercam.com\\\/fr\\\/actualites\\\/a-propos-de-nous\\\/\"},{\"@type\":\"ListItem\",\"position\":4,\"name\":\"\u00c9quipe de direction\",\"item\":\"https:\\\/\\\/www.mastercam.com\\\/fr\\\/actualites\\\/a-propos-de-nous\\\/direction\\\/\"},{\"@type\":\"ListItem\",\"position\":5,\"name\":\"Meghan West\"}]},{\"@type\":\"WebSite\",\"@id\":\"https:\\\/\\\/www.mastercam.com\\\/fr\\\/#website\",\"url\":\"https:\\\/\\\/www.mastercam.com\\\/fr\\\/\",\"name\":\"Mastercam\",\"description\":\"Creating software and services that solve the world&#039;s manufacturing challenges\",\"publisher\":{\"@id\":\"https:\\\/\\\/www.mastercam.com\\\/fr\\\/#organization\"},\"potentialAction\":[{\"@type\":\"SearchAction\",\"target\":{\"@type\":\"EntryPoint\",\"urlTemplate\":\"https:\\\/\\\/www.mastercam.com\\\/fr\\\/?s={search_term_string}\"},\"query-input\":{\"@type\":\"PropertyValueSpecification\",\"valueRequired\":true,\"valueName\":\"search_term_string\"}}],\"inLanguage\":\"fr-FR\"},{\"@type\":\"Organization\",\"@id\":\"https:\\\/\\\/www.mastercam.com\\\/fr\\\/#organization\",\"name\":\"Mastercam\",\"url\":\"https:\\\/\\\/www.mastercam.com\\\/fr\\\/\",\"logo\":{\"@type\":\"ImageObject\",\"inLanguage\":\"fr-FR\",\"@id\":\"https:\\\/\\\/www.mastercam.com\\\/fr\\\/#\\\/schema\\\/logo\\\/image\\\/\",\"url\":\"https:\\\/\\\/www.mastercam.com\\\/wp-content\\\/uploads\\\/2023\\\/02\\\/MC_logo.svg\",\"contentUrl\":\"https:\\\/\\\/www.mastercam.com\\\/wp-content\\\/uploads\\\/2023\\\/02\\\/MC_logo.svg\",\"width\":230,\"height\":40,\"caption\":\"Mastercam\"},\"image\":{\"@id\":\"https:\\\/\\\/www.mastercam.com\\\/fr\\\/#\\\/schema\\\/logo\\\/image\\\/\"},\"sameAs\":[\"https:\\\/\\\/www.facebook.com\\\/Mastercam\\\/\",\"https:\\\/\\\/x.com\\\/mastercam\",\"https:\\\/\\\/www.linkedin.com\\\/company\\\/mastercam\",\"https:\\\/\\\/www.youtube.com\\\/channel\\\/UChJt5ruSkqnmFH44WsXVZLw\",\"https:\\\/\\\/www.instagram.com\\\/mastercam\\\/\"]}]}<\/script>\n<!-- \/ Yoast SEO plugin. -->","yoast_head_json":{"title":"Meghan West - mastercam.com","description":"Meghan West CONSULTANT Meghan est titulaire d'une licence en commerce du Bentley College et d'un MBA en gestion de l'universit\u00e9 Hawaii Pacific. Elle a","robots":{"index":"index","follow":"follow","max-snippet":"max-snippet:-1","max-image-preview":"max-image-preview:large","max-video-preview":"max-video-preview:-1"},"canonical":"https:\/\/www.mastercam.com\/fr\/actualites\/a-propos-de-nous\/direction\/meghan-west\/","og_locale":"fr_FR","og_type":"article","og_title":"Meghan West - mastercam.com","og_description":"Meghan West CONSULTANT Meghan est titulaire d'une licence en commerce du Bentley College et d'un MBA en gestion de l'universit\u00e9 Hawaii Pacific. Elle a","og_url":"https:\/\/www.mastercam.com\/fr\/actualites\/a-propos-de-nous\/direction\/meghan-west\/","og_site_name":"mastercam.com","article_publisher":"https:\/\/www.facebook.com\/Mastercam\/","article_modified_time":"2025-12-17T19:18:29+00:00","og_image":[{"width":1707,"height":2560,"url":"https:\/\/www.mastercam.com\/wp-content\/uploads\/2024\/02\/crop-Meghan-West-Headshot_RGZ0140-1-scaled.jpg","type":"image\/jpeg"}],"twitter_card":"summary_large_image","twitter_site":"@mastercam","schema":{"@context":"https:\/\/schema.org","@graph":[{"@type":"WebPage","@id":"https:\/\/www.mastercam.com\/fr\/actualites\/a-propos-de-nous\/direction\/meghan-west\/","url":"https:\/\/www.mastercam.com\/fr\/actualites\/a-propos-de-nous\/direction\/meghan-west\/","name":"Meghan West - mastercam.com","isPartOf":{"@id":"https:\/\/www.mastercam.com\/fr\/#website"},"primaryImageOfPage":{"@id":"https:\/\/www.mastercam.com\/fr\/actualites\/a-propos-de-nous\/direction\/meghan-west\/#primaryimage"},"image":{"@id":"https:\/\/www.mastercam.com\/fr\/actualites\/a-propos-de-nous\/direction\/meghan-west\/#primaryimage"},"thumbnailUrl":"https:\/\/www.mastercam.com\/wp-content\/uploads\/2024\/02\/crop-Meghan-West-Headshot_RGZ0140-1-scaled.jpg","datePublished":"2024-02-28T01:55:35+00:00","dateModified":"2025-12-17T19:18:29+00:00","description":"Meghan West CONSULTANT Meghan est titulaire d'une licence en commerce du Bentley College et d'un MBA en gestion de l'universit\u00e9 Hawaii Pacific. Elle a","breadcrumb":{"@id":"https:\/\/www.mastercam.com\/fr\/actualites\/a-propos-de-nous\/direction\/meghan-west\/#breadcrumb"},"inLanguage":"fr-FR","potentialAction":[{"@type":"ReadAction","target":["https:\/\/www.mastercam.com\/fr\/actualites\/a-propos-de-nous\/direction\/meghan-west\/"]}]},{"@type":"ImageObject","inLanguage":"fr-FR","@id":"https:\/\/www.mastercam.com\/fr\/actualites\/a-propos-de-nous\/direction\/meghan-west\/#primaryimage","url":"https:\/\/www.mastercam.com\/wp-content\/uploads\/2024\/02\/crop-Meghan-West-Headshot_RGZ0140-1-scaled.jpg","contentUrl":"https:\/\/www.mastercam.com\/wp-content\/uploads\/2024\/02\/crop-Meghan-West-Headshot_RGZ0140-1-scaled.jpg","width":1707,"height":2560,"caption":"Business portraits and headshots for professionals on Oahu by Hawaii Headshot Photos based in Honolulu."},{"@type":"BreadcrumbList","@id":"https:\/\/www.mastercam.com\/fr\/actualites\/a-propos-de-nous\/direction\/meghan-west\/#breadcrumb","itemListElement":[{"@type":"ListItem","position":1,"name":"Home","item":"https:\/\/www.mastercam.com\/fr\/"},{"@type":"ListItem","position":2,"name":"Actualit\u00e9s","item":"https:\/\/www.mastercam.com\/fr\/actualites\/"},{"@type":"ListItem","position":3,"name":"A propos de nous","item":"https:\/\/www.mastercam.com\/fr\/actualites\/a-propos-de-nous\/"},{"@type":"ListItem","position":4,"name":"\u00c9quipe de direction","item":"https:\/\/www.mastercam.com\/fr\/actualites\/a-propos-de-nous\/direction\/"},{"@type":"ListItem","position":5,"name":"Meghan West"}]},{"@type":"WebSite","@id":"https:\/\/www.mastercam.com\/fr\/#website","url":"https:\/\/www.mastercam.com\/fr\/","name":"Mastercam","description":"Creating software and services that solve the world&#039;s manufacturing challenges","publisher":{"@id":"https:\/\/www.mastercam.com\/fr\/#organization"},"potentialAction":[{"@type":"SearchAction","target":{"@type":"EntryPoint","urlTemplate":"https:\/\/www.mastercam.com\/fr\/?s={search_term_string}"},"query-input":{"@type":"PropertyValueSpecification","valueRequired":true,"valueName":"search_term_string"}}],"inLanguage":"fr-FR"},{"@type":"Organization","@id":"https:\/\/www.mastercam.com\/fr\/#organization","name":"Mastercam","url":"https:\/\/www.mastercam.com\/fr\/","logo":{"@type":"ImageObject","inLanguage":"fr-FR","@id":"https:\/\/www.mastercam.com\/fr\/#\/schema\/logo\/image\/","url":"https:\/\/www.mastercam.com\/wp-content\/uploads\/2023\/02\/MC_logo.svg","contentUrl":"https:\/\/www.mastercam.com\/wp-content\/uploads\/2023\/02\/MC_logo.svg","width":230,"height":40,"caption":"Mastercam"},"image":{"@id":"https:\/\/www.mastercam.com\/fr\/#\/schema\/logo\/image\/"},"sameAs":["https:\/\/www.facebook.com\/Mastercam\/","https:\/\/x.com\/mastercam","https:\/\/www.linkedin.com\/company\/mastercam","https:\/\/www.youtube.com\/channel\/UChJt5ruSkqnmFH44WsXVZLw","https:\/\/www.instagram.com\/mastercam\/"]}]}},"_links":{"self":[{"href":"https:\/\/www.mastercam.com\/fr\/wp-json\/wp\/v2\/pages\/34714","targetHints":{"allow":["GET"]}}],"collection":[{"href":"https:\/\/www.mastercam.com\/fr\/wp-json\/wp\/v2\/pages"}],"about":[{"href":"https:\/\/www.mastercam.com\/fr\/wp-json\/wp\/v2\/types\/page"}],"author":[{"embeddable":true,"href":"https:\/\/www.mastercam.com\/fr\/wp-json\/wp\/v2\/users\/1"}],"replies":[{"embeddable":true,"href":"https:\/\/www.mastercam.com\/fr\/wp-json\/wp\/v2\/comments?post=34714"}],"version-history":[{"count":0,"href":"https:\/\/www.mastercam.com\/fr\/wp-json\/wp\/v2\/pages\/34714\/revisions"}],"up":[{"embeddable":true,"href":"https:\/\/www.mastercam.com\/fr\/wp-json\/wp\/v2\/pages\/28807"}],"wp:featuredmedia":[{"embeddable":true,"href":"https:\/\/www.mastercam.com\/fr\/wp-json\/wp\/v2\/media\/22839"}],"wp:attachment":[{"href":"https:\/\/www.mastercam.com\/fr\/wp-json\/wp\/v2\/media?parent=34714"}],"curies":[{"name":"wp","href":"https:\/\/api.w.org\/{rel}","templated":true}]}}