{"id":34710,"date":"2024-02-12T15:55:50","date_gmt":"2024-02-12T20:55:50","guid":{"rendered":"https:\/\/www.mastercam.com\/a-propos-de-nous\/direction\/karen-gibbs\/"},"modified":"2025-12-17T14:18:29","modified_gmt":"2025-12-17T19:18:29","slug":"karen-gibbs","status":"publish","type":"page","link":"https:\/\/www.mastercam.com\/fr\/actualites\/a-propos-de-nous\/direction\/karen-gibbs\/","title":{"rendered":"Karen Gibbs"},"content":{"rendered":"\n<div class=\"wp-block-columns is-style-container is-layout-flex wp-container-core-columns-is-layout-a61e1d87 wp-block-columns-is-layout-flex\" style=\"padding-bottom:var(--wp--preset--spacing--6)\">\n<div class=\"wp-block-column is-layout-flow wp-block-column-is-layout-flow\">\n<div class=\"wp-block-media-text alignwide is-stacked-on-mobile is-vertically-aligned-top is-style-container\" style=\"grid-template-columns:20% auto\"><figure class=\"wp-block-media-text__media\"><img loading=\"lazy\" decoding=\"async\" width=\"1024\" height=\"819\" src=\"https:\/\/www.mastercam.com\/wp-content\/uploads\/2025\/04\/Gibbs_Karen-1-1024x819.png\" alt=\"Karen Gibbs, directrice financi\u00e8re\" class=\"wp-image-27935 size-medium\" srcset=\"https:\/\/www.mastercam.com\/wp-content\/uploads\/2025\/04\/Gibbs_Karen-1-1024x819.png 1024w, https:\/\/www.mastercam.com\/wp-content\/uploads\/2025\/04\/Gibbs_Karen-1-300x240.png 300w, https:\/\/www.mastercam.com\/wp-content\/uploads\/2025\/04\/Gibbs_Karen-1-768x614.png 768w, https:\/\/www.mastercam.com\/wp-content\/uploads\/2025\/04\/Gibbs_Karen-1-1536x1229.png 1536w\" sizes=\"auto, (max-width: 1024px) 100vw, 1024px\" \/><\/figure><div class=\"wp-block-media-text__content\">\n<p><strong>DIRECTEUR FINANCIER<\/strong><\/p>\n\n\n\n<p>Karen a rejoint Mastercam en janvier 2024 avec des responsabilit\u00e9s dans les domaines de la finance et du service \u00e0 la client\u00e8le.  <\/p>\n\n\n\n<p>Karen a plus de 25 ans d&rsquo;exp\u00e9rience dans la finance. Avant de rejoindre Mastercam, elle \u00e9tait directrice financi\u00e8re adjointe de Lectra, la soci\u00e9t\u00e9 m\u00e8re de Gerber Technology, LLC. Elle a travaill\u00e9 pour Gerber Technology pendant 20 ans, en commen\u00e7ant comme gestionnaire des rapports financiers, occupant des postes \u00e0 responsabilit\u00e9 croissante jusqu&rsquo;\u00e0 celui de directeur financier et de vice-pr\u00e9sident, avant que Gerber Technology ne soit rachet\u00e9 par Lectra en 2021. Karen a \u00e9galement travaill\u00e9 pour Deloitte, o\u00f9 elle a atteint le niveau de Gestionnaire d&rsquo;audit, avant de quitter pour rejoindre Gerber Technology.     <\/p>\n\n\n\n<p>Karen est titulaire d&rsquo;une licence en comptabilit\u00e9 de l&rsquo;universit\u00e9 du Connecticut. Elle vit dans le Connecticut avec son mari et sa fille Maggie et aime passer du temps \u00e0 l&rsquo;ext\u00e9rieur pour marcher et explorer. <\/p>\n<\/div><\/div>\n<\/div>\n<\/div>\n","protected":false},"excerpt":{"rendered":"<p>DIRECTEUR FINANCIER Karen a rejoint Mastercam en janvier 2024 avec des responsabilit\u00e9s dans les domaines [&hellip;]<\/p>\n","protected":false},"author":6,"featured_media":0,"parent":28807,"menu_order":0,"comment_status":"closed","ping_status":"closed","template":"","meta":{"_acf_changed":false,"footnotes":""},"class_list":["post-34710","page","type-page","status-publish","hentry"],"acf":[],"yoast_head":"<!-- This site is optimized with the Yoast SEO plugin v26.8 - https:\/\/yoast.com\/product\/yoast-seo-wordpress\/ -->\n<title>Karen Gibbs - mastercam.com<\/title>\n<meta name=\"description\" content=\"DIRECTEUR FINANCIER Karen a rejoint Mastercam en janvier 2024 avec des responsabilit\u00e9s dans les domaines de la finance et du service \u00e0 la client\u00e8le. Karen\" \/>\n<meta name=\"robots\" content=\"index, follow, max-snippet:-1, max-image-preview:large, max-video-preview:-1\" \/>\n<link rel=\"canonical\" href=\"https:\/\/www.mastercam.com\/fr\/actualites\/a-propos-de-nous\/direction\/karen-gibbs\/\" \/>\n<meta property=\"og:locale\" content=\"fr_FR\" \/>\n<meta property=\"og:type\" content=\"article\" \/>\n<meta property=\"og:title\" content=\"Karen Gibbs - mastercam.com\" \/>\n<meta property=\"og:description\" content=\"DIRECTEUR FINANCIER Karen a rejoint Mastercam en janvier 2024 avec des responsabilit\u00e9s dans les domaines de la finance et du service \u00e0 la client\u00e8le. Karen\" \/>\n<meta property=\"og:url\" content=\"https:\/\/www.mastercam.com\/fr\/actualites\/a-propos-de-nous\/direction\/karen-gibbs\/\" \/>\n<meta property=\"og:site_name\" content=\"mastercam.com\" \/>\n<meta property=\"article:publisher\" content=\"https:\/\/www.facebook.com\/Mastercam\/\" \/>\n<meta property=\"article:modified_time\" content=\"2025-12-17T19:18:29+00:00\" \/>\n<meta property=\"og:image\" content=\"https:\/\/www.mastercam.com\/wp-content\/uploads\/2025\/04\/Gibbs_Karen-1-1024x819.png\" \/>\n<meta name=\"twitter:card\" content=\"summary_large_image\" \/>\n<meta name=\"twitter:site\" content=\"@mastercam\" \/>\n<meta name=\"twitter:label1\" content=\"Est. reading time\" \/>\n\t<meta name=\"twitter:data1\" content=\"1 minute\" \/>\n<script type=\"application\/ld+json\" class=\"yoast-schema-graph\">{\"@context\":\"https:\/\/schema.org\",\"@graph\":[{\"@type\":\"WebPage\",\"@id\":\"https:\/\/www.mastercam.com\/fr\/actualites\/a-propos-de-nous\/direction\/karen-gibbs\/\",\"url\":\"https:\/\/www.mastercam.com\/fr\/actualites\/a-propos-de-nous\/direction\/karen-gibbs\/\",\"name\":\"Karen Gibbs - mastercam.com\",\"isPartOf\":{\"@id\":\"https:\/\/www.mastercam.com\/fr\/#website\"},\"primaryImageOfPage\":{\"@id\":\"https:\/\/www.mastercam.com\/fr\/actualites\/a-propos-de-nous\/direction\/karen-gibbs\/#primaryimage\"},\"image\":{\"@id\":\"https:\/\/www.mastercam.com\/fr\/actualites\/a-propos-de-nous\/direction\/karen-gibbs\/#primaryimage\"},\"thumbnailUrl\":\"https:\/\/www.mastercam.com\/wp-content\/uploads\/2025\/04\/Gibbs_Karen-1-1024x819.png\",\"datePublished\":\"2024-02-12T20:55:50+00:00\",\"dateModified\":\"2025-12-17T19:18:29+00:00\",\"description\":\"DIRECTEUR FINANCIER Karen a rejoint Mastercam en janvier 2024 avec des responsabilit\u00e9s dans les domaines de la finance et du service \u00e0 la client\u00e8le. Karen\",\"breadcrumb\":{\"@id\":\"https:\/\/www.mastercam.com\/fr\/actualites\/a-propos-de-nous\/direction\/karen-gibbs\/#breadcrumb\"},\"inLanguage\":\"fr-FR\",\"potentialAction\":[{\"@type\":\"ReadAction\",\"target\":[\"https:\/\/www.mastercam.com\/fr\/actualites\/a-propos-de-nous\/direction\/karen-gibbs\/\"]}]},{\"@type\":\"ImageObject\",\"inLanguage\":\"fr-FR\",\"@id\":\"https:\/\/www.mastercam.com\/fr\/actualites\/a-propos-de-nous\/direction\/karen-gibbs\/#primaryimage\",\"url\":\"https:\/\/www.mastercam.com\/wp-content\/uploads\/2025\/04\/Gibbs_Karen-1-1024x819.png\",\"contentUrl\":\"https:\/\/www.mastercam.com\/wp-content\/uploads\/2025\/04\/Gibbs_Karen-1-1024x819.png\"},{\"@type\":\"BreadcrumbList\",\"@id\":\"https:\/\/www.mastercam.com\/fr\/actualites\/a-propos-de-nous\/direction\/karen-gibbs\/#breadcrumb\",\"itemListElement\":[{\"@type\":\"ListItem\",\"position\":1,\"name\":\"Home\",\"item\":\"https:\/\/www.mastercam.com\/fr\/\"},{\"@type\":\"ListItem\",\"position\":2,\"name\":\"Actualit\u00e9s\",\"item\":\"https:\/\/www.mastercam.com\/fr\/actualites\/\"},{\"@type\":\"ListItem\",\"position\":3,\"name\":\"A propos de nous\",\"item\":\"https:\/\/www.mastercam.com\/fr\/actualites\/a-propos-de-nous\/\"},{\"@type\":\"ListItem\",\"position\":4,\"name\":\"\u00c9quipe de direction\",\"item\":\"https:\/\/www.mastercam.com\/fr\/actualites\/a-propos-de-nous\/direction\/\"},{\"@type\":\"ListItem\",\"position\":5,\"name\":\"Karen Gibbs\"}]},{\"@type\":\"WebSite\",\"@id\":\"https:\/\/www.mastercam.com\/fr\/#website\",\"url\":\"https:\/\/www.mastercam.com\/fr\/\",\"name\":\"Mastercam\",\"description\":\"Creating software and services that solve the world&#039;s manufacturing challenges\",\"publisher\":{\"@id\":\"https:\/\/www.mastercam.com\/fr\/#organization\"},\"potentialAction\":[{\"@type\":\"SearchAction\",\"target\":{\"@type\":\"EntryPoint\",\"urlTemplate\":\"https:\/\/www.mastercam.com\/fr\/?s={search_term_string}\"},\"query-input\":{\"@type\":\"PropertyValueSpecification\",\"valueRequired\":true,\"valueName\":\"search_term_string\"}}],\"inLanguage\":\"fr-FR\"},{\"@type\":\"Organization\",\"@id\":\"https:\/\/www.mastercam.com\/fr\/#organization\",\"name\":\"Mastercam\",\"url\":\"https:\/\/www.mastercam.com\/fr\/\",\"logo\":{\"@type\":\"ImageObject\",\"inLanguage\":\"fr-FR\",\"@id\":\"https:\/\/www.mastercam.com\/fr\/#\/schema\/logo\/image\/\",\"url\":\"https:\/\/www.mastercam.com\/wp-content\/uploads\/2023\/02\/MC_logo.svg\",\"contentUrl\":\"https:\/\/www.mastercam.com\/wp-content\/uploads\/2023\/02\/MC_logo.svg\",\"width\":230,\"height\":40,\"caption\":\"Mastercam\"},\"image\":{\"@id\":\"https:\/\/www.mastercam.com\/fr\/#\/schema\/logo\/image\/\"},\"sameAs\":[\"https:\/\/www.facebook.com\/Mastercam\/\",\"https:\/\/x.com\/mastercam\",\"https:\/\/www.linkedin.com\/company\/mastercam\",\"https:\/\/www.youtube.com\/channel\/UChJt5ruSkqnmFH44WsXVZLw\",\"https:\/\/www.instagram.com\/mastercam\/\"]}]}<\/script>\n<!-- \/ Yoast SEO plugin. -->","yoast_head_json":{"title":"Karen Gibbs - mastercam.com","description":"DIRECTEUR FINANCIER Karen a rejoint Mastercam en janvier 2024 avec des responsabilit\u00e9s dans les domaines de la finance et du service \u00e0 la client\u00e8le. Karen","robots":{"index":"index","follow":"follow","max-snippet":"max-snippet:-1","max-image-preview":"max-image-preview:large","max-video-preview":"max-video-preview:-1"},"canonical":"https:\/\/www.mastercam.com\/fr\/actualites\/a-propos-de-nous\/direction\/karen-gibbs\/","og_locale":"fr_FR","og_type":"article","og_title":"Karen Gibbs - mastercam.com","og_description":"DIRECTEUR FINANCIER Karen a rejoint Mastercam en janvier 2024 avec des responsabilit\u00e9s dans les domaines de la finance et du service \u00e0 la client\u00e8le. Karen","og_url":"https:\/\/www.mastercam.com\/fr\/actualites\/a-propos-de-nous\/direction\/karen-gibbs\/","og_site_name":"mastercam.com","article_publisher":"https:\/\/www.facebook.com\/Mastercam\/","article_modified_time":"2025-12-17T19:18:29+00:00","og_image":[{"url":"https:\/\/www.mastercam.com\/wp-content\/uploads\/2025\/04\/Gibbs_Karen-1-1024x819.png","type":"","width":"","height":""}],"twitter_card":"summary_large_image","twitter_site":"@mastercam","twitter_misc":{"Est. reading time":"1 minute"},"schema":{"@context":"https:\/\/schema.org","@graph":[{"@type":"WebPage","@id":"https:\/\/www.mastercam.com\/fr\/actualites\/a-propos-de-nous\/direction\/karen-gibbs\/","url":"https:\/\/www.mastercam.com\/fr\/actualites\/a-propos-de-nous\/direction\/karen-gibbs\/","name":"Karen Gibbs - mastercam.com","isPartOf":{"@id":"https:\/\/www.mastercam.com\/fr\/#website"},"primaryImageOfPage":{"@id":"https:\/\/www.mastercam.com\/fr\/actualites\/a-propos-de-nous\/direction\/karen-gibbs\/#primaryimage"},"image":{"@id":"https:\/\/www.mastercam.com\/fr\/actualites\/a-propos-de-nous\/direction\/karen-gibbs\/#primaryimage"},"thumbnailUrl":"https:\/\/www.mastercam.com\/wp-content\/uploads\/2025\/04\/Gibbs_Karen-1-1024x819.png","datePublished":"2024-02-12T20:55:50+00:00","dateModified":"2025-12-17T19:18:29+00:00","description":"DIRECTEUR FINANCIER Karen a rejoint Mastercam en janvier 2024 avec des responsabilit\u00e9s dans les domaines de la finance et du service \u00e0 la client\u00e8le. Karen","breadcrumb":{"@id":"https:\/\/www.mastercam.com\/fr\/actualites\/a-propos-de-nous\/direction\/karen-gibbs\/#breadcrumb"},"inLanguage":"fr-FR","potentialAction":[{"@type":"ReadAction","target":["https:\/\/www.mastercam.com\/fr\/actualites\/a-propos-de-nous\/direction\/karen-gibbs\/"]}]},{"@type":"ImageObject","inLanguage":"fr-FR","@id":"https:\/\/www.mastercam.com\/fr\/actualites\/a-propos-de-nous\/direction\/karen-gibbs\/#primaryimage","url":"https:\/\/www.mastercam.com\/wp-content\/uploads\/2025\/04\/Gibbs_Karen-1-1024x819.png","contentUrl":"https:\/\/www.mastercam.com\/wp-content\/uploads\/2025\/04\/Gibbs_Karen-1-1024x819.png"},{"@type":"BreadcrumbList","@id":"https:\/\/www.mastercam.com\/fr\/actualites\/a-propos-de-nous\/direction\/karen-gibbs\/#breadcrumb","itemListElement":[{"@type":"ListItem","position":1,"name":"Home","item":"https:\/\/www.mastercam.com\/fr\/"},{"@type":"ListItem","position":2,"name":"Actualit\u00e9s","item":"https:\/\/www.mastercam.com\/fr\/actualites\/"},{"@type":"ListItem","position":3,"name":"A propos de nous","item":"https:\/\/www.mastercam.com\/fr\/actualites\/a-propos-de-nous\/"},{"@type":"ListItem","position":4,"name":"\u00c9quipe de direction","item":"https:\/\/www.mastercam.com\/fr\/actualites\/a-propos-de-nous\/direction\/"},{"@type":"ListItem","position":5,"name":"Karen Gibbs"}]},{"@type":"WebSite","@id":"https:\/\/www.mastercam.com\/fr\/#website","url":"https:\/\/www.mastercam.com\/fr\/","name":"Mastercam","description":"Creating software and services that solve the world&#039;s manufacturing challenges","publisher":{"@id":"https:\/\/www.mastercam.com\/fr\/#organization"},"potentialAction":[{"@type":"SearchAction","target":{"@type":"EntryPoint","urlTemplate":"https:\/\/www.mastercam.com\/fr\/?s={search_term_string}"},"query-input":{"@type":"PropertyValueSpecification","valueRequired":true,"valueName":"search_term_string"}}],"inLanguage":"fr-FR"},{"@type":"Organization","@id":"https:\/\/www.mastercam.com\/fr\/#organization","name":"Mastercam","url":"https:\/\/www.mastercam.com\/fr\/","logo":{"@type":"ImageObject","inLanguage":"fr-FR","@id":"https:\/\/www.mastercam.com\/fr\/#\/schema\/logo\/image\/","url":"https:\/\/www.mastercam.com\/wp-content\/uploads\/2023\/02\/MC_logo.svg","contentUrl":"https:\/\/www.mastercam.com\/wp-content\/uploads\/2023\/02\/MC_logo.svg","width":230,"height":40,"caption":"Mastercam"},"image":{"@id":"https:\/\/www.mastercam.com\/fr\/#\/schema\/logo\/image\/"},"sameAs":["https:\/\/www.facebook.com\/Mastercam\/","https:\/\/x.com\/mastercam","https:\/\/www.linkedin.com\/company\/mastercam","https:\/\/www.youtube.com\/channel\/UChJt5ruSkqnmFH44WsXVZLw","https:\/\/www.instagram.com\/mastercam\/"]}]}},"_links":{"self":[{"href":"https:\/\/www.mastercam.com\/fr\/wp-json\/wp\/v2\/pages\/34710","targetHints":{"allow":["GET"]}}],"collection":[{"href":"https:\/\/www.mastercam.com\/fr\/wp-json\/wp\/v2\/pages"}],"about":[{"href":"https:\/\/www.mastercam.com\/fr\/wp-json\/wp\/v2\/types\/page"}],"author":[{"embeddable":true,"href":"https:\/\/www.mastercam.com\/fr\/wp-json\/wp\/v2\/users\/6"}],"replies":[{"embeddable":true,"href":"https:\/\/www.mastercam.com\/fr\/wp-json\/wp\/v2\/comments?post=34710"}],"version-history":[{"count":0,"href":"https:\/\/www.mastercam.com\/fr\/wp-json\/wp\/v2\/pages\/34710\/revisions"}],"up":[{"embeddable":true,"href":"https:\/\/www.mastercam.com\/fr\/wp-json\/wp\/v2\/pages\/28807"}],"wp:attachment":[{"href":"https:\/\/www.mastercam.com\/fr\/wp-json\/wp\/v2\/media?parent=34710"}],"curies":[{"name":"wp","href":"https:\/\/api.w.org\/{rel}","templated":true}]}}