{"id":34705,"date":"2024-03-19T17:31:31","date_gmt":"2024-03-19T21:31:31","guid":{"rendered":"https:\/\/www.mastercam.com\/rendez-le-multiaxes\/"},"modified":"2025-12-17T14:18:22","modified_gmt":"2025-12-17T19:18:22","slug":"rendez-le-multiaxes","status":"publish","type":"page","link":"https:\/\/www.mastercam.com\/fr\/rendez-le-multiaxes\/","title":{"rendered":"Rendez-le Multiaxes"},"content":{"rendered":"\n<div class=\"wp-block-columns is-style-container is-layout-flex wp-container-core-columns-is-layout-a61e1d87 wp-block-columns-is-layout-flex\" style=\"padding-bottom:var(--wp--preset--spacing--6)\">\n<div class=\"wp-block-column is-layout-flow wp-block-column-is-layout-flow\">\n<figure class=\"wp-block-image aligncenter size-large\"><img loading=\"lazy\" decoding=\"async\" width=\"1024\" height=\"312\" src=\"https:\/\/www.mastercam.com\/wp-content\/uploads\/2024\/03\/MiM_WebBanner-01-1024x312.png\" alt=\"Rendez-le Multiaxes\" class=\"wp-image-23425\" srcset=\"https:\/\/www.mastercam.com\/wp-content\/uploads\/2024\/03\/MiM_WebBanner-01-1024x312.png 1024w, https:\/\/www.mastercam.com\/wp-content\/uploads\/2024\/03\/MiM_WebBanner-01-300x92.png 300w, https:\/\/www.mastercam.com\/wp-content\/uploads\/2024\/03\/MiM_WebBanner-01-768x234.png 768w, https:\/\/www.mastercam.com\/wp-content\/uploads\/2024\/03\/MiM_WebBanner-01-1536x469.png 1536w, https:\/\/www.mastercam.com\/wp-content\/uploads\/2024\/03\/MiM_WebBanner-01-2048x625.png 2048w, https:\/\/www.mastercam.com\/wp-content\/uploads\/2024\/03\/MiM_WebBanner-01-112x34.png 112w, https:\/\/www.mastercam.com\/wp-content\/uploads\/2024\/03\/MiM_WebBanner-01-224x68.png 224w, https:\/\/www.mastercam.com\/wp-content\/uploads\/2024\/03\/MiM_WebBanner-01-1600x488.png 1600w\" sizes=\"auto, (max-width: 1024px) 100vw, 1024px\" \/><\/figure>\n\n\n\n<p>L&rsquo;usinage Multiaxes vous permet d&rsquo;usiner aussi loin que vos id\u00e9es peuvent vous mener. \u00cates-vous pr\u00eat \u00e0 passer moins de temps \u00e0 programmer et plus de temps \u00e0 usiner ? T\u00e9l\u00e9chargez notre guide gratuit sur l&rsquo;usinage multiaxes et explorez nos ressources multiaxes pour commencer.  <\/p>\n\n\n\n<div style=\"height:50px\" aria-hidden=\"true\" class=\"wp-block-spacer\"><\/div>\n\n\n\n<h2 class=\"wp-block-heading h2--underline\">T\u00e9l\u00e9chargez votre guide GRATUIT sur l&rsquo;usinage de 3 axes \u00e0 Multiaxes<em> <\/em><\/h2>\n\n\n\n<p>Saisissez votre email et votre nom pour recevoir le lien de t\u00e9l\u00e9chargement de votre guide gratuit sur l&rsquo;usinage de 3 axes \u00e0 Multiaxes.<\/p>\n\n\n\n<script charset=\"utf-8\" type=\"text\/javascript\" src=\"\/\/js.hsforms.net\/forms\/v2.js\"><\/script><script>hbspt.forms.create({\n    region: \"na1\",\n    portalId: \"3375755\",\n    formId: \"0632f2c2-97e4-4f46-9640-1d4d1c7bff97\",\n    version: \"V2_PRERELEASE\"\n  });\n<\/script>\n\n\n\n<div style=\"height:50px\" aria-hidden=\"true\" class=\"wp-block-spacer\"><\/div>\n\n\n<div class=\"container-fluid align wp-block-acf-block-media-object\">\n  <div class=\"row\">\n    <div class=\"col\">\n      <div class=\"d-flex flex-column flex-lg-row media-object media-object--shaded\">\n        <div class=\"flex-shrink-0 media-object__image order-1 \">\n                                    \n              <a href=\"https:\/\/www.mastercam.com\/fr\/about-us\/case-studies\/mcafee-tool-die\/\" tabindex=\"-1\">\n                <img decoding=\"async\" src=\"https:\/\/www.mastercam.com\/wp-content\/uploads\/2023\/04\/PunchFormsideA.jpeg\" alt=\"\" loading=\"lazy\">\n              <\/a>\n                              <\/div>\n        <div class=\"media-object__body flex-grow-1 d-lg-flex flex-column order-2 justify-content-lg-center\">\n                                <h2 class=\"media-object__header h3\">Des parcours d&#039;outils multiaxes aussi puissants que les machinistes qui les utilisent<\/h2>\n                                <div class=\"media-object__content\">\n              <blockquote><p>\u00ab\u00a0L&rsquo;am\u00e9lioration de la programmation et l&rsquo;\u00e9volution constante du logiciel nous aident \u00e0 garder une longueur d&rsquo;avance et \u00e0 r\u00e9pondre \u00e0 la demande de nos clients\u00a0\u00bb<br \/>\n&#8211; Joseph Lysiak, Gestionnaire d&rsquo;outils, McAfee Tool &amp; Die, Uniontown, Ohio<\/p><\/blockquote>\n\n            <\/div>\n                                <div class=\"media-object__cta\">\n              <a href=\"https:\/\/www.mastercam.com\/fr\/about-us\/case-studies\/mcafee-tool-die\/\" class=\"btn btn-outline-secondary\">Comment les 5 axes ont ouvert de nouvelles portes \u00e0 McAfee Tool &amp;amp; Die.<\/a>\n            <\/div>\n                  <\/div>\n      <\/div>\n    <\/div>\n  <\/div>\n<\/div>\n\n\n\n<div style=\"height:50px\" aria-hidden=\"true\" class=\"wp-block-spacer\"><\/div>\n\n\n\n<h2 class=\"wp-block-heading h2--underline\">Fonctionnement de l&rsquo;usinage Multiaxes<\/h2>\n\n\n\n<p>Mastercam Multiaxes est un module additionnel pour Mastercam Mill 3D, Router 3D et Fraisage-Tournage. Il am\u00e9liore la productivit\u00e9 de votre atelier gr\u00e2ce \u00e0 la capacit\u00e9 d&rsquo;usinage 4-5 axes simultan\u00e9s pour Mastercam. Bases de Mastercam Multiaxes offre une large gamme de strat\u00e9gies d&rsquo;usinage Multiaxes, \u00e0 la fois basiques et avanc\u00e9es.  <\/p>\n\n\n\n<div style=\"height:50px\" aria-hidden=\"true\" class=\"wp-block-spacer\"><\/div>\n\n\n<div class=\"container-fluid aligncenter wp-block-acf-block-cards\">\n  <div class=\"cards row g-4\">\n                                    <div class=\"col col-12 col-md-6 col-lg-4\">\n  <div class=\"card h-100 card--default card--linked\">\n          \n      <a href=\"https:\/\/www.mastercam.com\/fr\/community\/blog\/usinage-multiaxes-101-son-fonctionnement-et-ses-avantages\/\" aria-hidden=\"true\" tabindex=\"-1\">\n        <div class=\"skeleton-image card-img-top\" style=\"--skeleton-aspect-ratio: 375 \/ 236;\">\n          <img decoding=\"async\" src=\"https:\/\/www.mastercam.com\/wp-content\/uploads\/2024\/03\/multiaxismachining-1.jpg\" alt=\"\" loading=\"lazy\" onload=\"this.classList.add('loaded')\" \/>\n        <\/div>\n      <\/a>\n    \n    <div class=\"card-body\">\n      \n      <h3 class=\"card-title\">Usinage Multiaxes 101 : son fonctionnement et ses avantages<\/h3>\n\n              <p class=\"card-text\">L&#039;usinage Multiaxes permet un usinage plus rapide et plus complexe avec moins de travail humain.<\/p>\n      \n          <\/div>\n\n          \n      <div class=\"card-footer\">\n        <a class=\"btn btn-outline-secondary\" href=\"https:\/\/www.mastercam.com\/fr\/community\/blog\/usinage-multiaxes-101-son-fonctionnement-et-ses-avantages\/\">\n          Lire la suite<span class=\"sr-only\"> about Usinage Multiaxes 101 : son fonctionnement et ses avantages<\/span>\n        <\/a>\n      <\/div>\n      <\/div>\n\n  <\/div>\n                                        <div class=\"col col-12 col-md-6 col-lg-4\">\n  <div class=\"card h-100 card--default card--linked\">\n          \n      <a href=\"https:\/\/www.mastercam.com\/fr\/community\/blog\/5-concepts-multiaxes-de-mastercam-que-vous-devez-connaitre\/\" aria-hidden=\"true\" tabindex=\"-1\">\n        <div class=\"skeleton-image card-img-top\" style=\"--skeleton-aspect-ratio: 375 \/ 236;\">\n          <img decoding=\"async\" src=\"https:\/\/www.mastercam.com\/wp-content\/uploads\/2024\/03\/multiaxismachiningconcepts.jpg\" alt=\"\" loading=\"lazy\" onload=\"this.classList.add('loaded')\" \/>\n        <\/div>\n      <\/a>\n    \n    <div class=\"card-body\">\n      \n      <h3 class=\"card-title\">Les concepts Multiaxes de Mastercam que vous devez conna\u00eetre<\/h3>\n\n              <p class=\"card-text\">Notre module additionnel est con\u00e7u pour fournir des strat\u00e9gies pratiques d&#039;usinage multiaxes pour l&#039;usinage 4 axes et 5 axes simultan\u00e9s.<\/p>\n      \n          <\/div>\n\n          \n      <div class=\"card-footer\">\n        <a class=\"btn btn-outline-secondary\" href=\"https:\/\/www.mastercam.com\/fr\/community\/blog\/5-concepts-multiaxes-de-mastercam-que-vous-devez-connaitre\/\">\n          Lire la suite<span class=\"sr-only\"> about Les concepts Multiaxes de Mastercam que vous devez conna\u00eetre<\/span>\n        <\/a>\n      <\/div>\n      <\/div>\n\n  <\/div>\n                                        <div class=\"col col-12 col-md-6 col-lg-4\">\n  <div class=\"card h-100 card--default card--linked\">\n          \n      <a href=\"https:\/\/www.mastercam.com\/fr\/community\/blog\/faq-multiaxes-avec-dylan-gondyke-product-owner-multiaxes\/\" aria-hidden=\"true\" tabindex=\"-1\">\n        <div class=\"skeleton-image card-img-top\" style=\"--skeleton-aspect-ratio: 375 \/ 236;\">\n          <img decoding=\"async\" src=\"https:\/\/www.mastercam.com\/wp-content\/uploads\/2024\/03\/Dylan-02.png\" alt=\"\" loading=\"lazy\" onload=\"this.classList.add('loaded')\" \/>\n        <\/div>\n      <\/a>\n    \n    <div class=\"card-body\">\n      \n      <h3 class=\"card-title\">Multiaxes FAQs avec Dylan Gondyke, Product Owner  <\/h3>\n\n              <p class=\"card-text\">Trouvez les r\u00e9ponses aux quatre questions les plus fr\u00e9quemment pos\u00e9es sur les Multiaxes aupr\u00e8s de notre product owner Dylan Gondyke.  <\/p>\n      \n          <\/div>\n\n          \n      <div class=\"card-footer\">\n        <a class=\"btn btn-outline-secondary\" href=\"https:\/\/www.mastercam.com\/fr\/community\/blog\/faq-multiaxes-avec-dylan-gondyke-product-owner-multiaxes\/\">\n          Lire la suite<span class=\"sr-only\"> about Multiaxes FAQs avec Dylan Gondyke, Product Owner  <\/span>\n        <\/a>\n      <\/div>\n      <\/div>\n\n  <\/div>\n                    <\/div>\n<\/div>\n\n\n\n<h2 class=\"wp-block-heading has-text-align-center has-white-color has-black-background-color has-text-color has-background\"><em>Rendez-le plus rapide. Rendez-le plus facile. Faites-le v\u00f4tre.    <strong>Rendez-le Multiaxes.<\/strong><\/em><\/h2>\n\n\n\n<div style=\"height:50px\" aria-hidden=\"true\" class=\"wp-block-spacer\"><\/div>\n\n\n\n<h2 class=\"wp-block-heading h2--underline\">Mastercam Multiaxes vous offre la productivit\u00e9 dont vous avez besoin<\/h2>\n\n\n\n<p>Mastercam Multiaxes assure des usinages multiaxes pr\u00e9cis et des d\u00e9lais d&rsquo;ex\u00e9cution rapides, m\u00eame pour les travaux les plus difficiles, avec une programmation Multiaxes rationalis\u00e9e pour une productivit\u00e9 optimale. Voici quelques avantages suppl\u00e9mentaires : <\/p>\n\n\n\n<ul class=\"wp-block-list\">\n<li>R\u00e9duction du travail d&rsquo;installation<\/li>\n\n\n\n<li>Am\u00e9lioration de la pr\u00e9cision<\/li>\n\n\n\n<li>Meilleures finitions de surface<\/li>\n\n\n\n<li>Capacit\u00e9 \u00e0 usiner des pi\u00e8ces nouvelles et complexes<\/li>\n\n\n\n<li>Acc\u00e8s \u00e0 des parcours d&rsquo;outils avanc\u00e9s<\/li>\n<\/ul>\n\n\n\n<p>Avec Mastercam, vous avez un contr\u00f4le total sur trois \u00e9l\u00e9ments cruciaux de l&rsquo;usinage multiaxes : le mod\u00e8le de coupe, le contr\u00f4le de l&rsquo;axe de l&rsquo;outil et l&rsquo;\u00e9vitement des collisions. Choisir Mastercam pour vos besoins multiaxes est donc une d\u00e9cision que vous pouvez prendre en toute confiance. <\/p>\n\n\n\n<div style=\"height:50px\" aria-hidden=\"true\" class=\"wp-block-spacer\"><\/div>\n\n\n\n<h2 class=\"wp-block-heading h2--underline\">Commencez votre voyage vers l&rsquo;usinage Multiaxes<\/h2>\n\n\n\n<p>Pr\u00eat pour la mise en route ? Repoussez les limites de votre programmation et commencez \u00e0 apprendre l&rsquo;usinage Multiaxes d\u00e8s aujourd&rsquo;hui. <a href=\"https:\/\/university.mastercam.com\/\">Mastercam University<\/a> propose un cours Multiaxes en ligne, de bout en bout, sur tous nos parcours d&rsquo;outils et les concepts standards d&rsquo;usinage Multiaxes. <\/p>\n\n\n\n<p>Vous cherchez une formation en personne ? La plupart de nos <a href=\"https:\/\/www.mastercam.com\/?page_id=26546\">repr\u00e9sentants Mastercam<\/a> proposent des formations dans leurs locaux ou se rendent dans votre atelier. <\/p>\n<\/div>\n<\/div>\n","protected":false},"excerpt":{"rendered":"<p>L&rsquo;usinage Multiaxes vous permet d&rsquo;usiner aussi loin que vos id\u00e9es peuvent vous mener. \u00cates-vous pr\u00eat [&hellip;]<\/p>\n","protected":false},"author":1,"featured_media":0,"parent":0,"menu_order":0,"comment_status":"closed","ping_status":"closed","template":"","meta":{"_acf_changed":false,"footnotes":""},"class_list":["post-34705","page","type-page","status-publish","hentry"],"acf":[],"yoast_head":"<!-- This site is optimized with the Yoast SEO plugin v27.5 - https:\/\/yoast.com\/product\/yoast-seo-wordpress\/ -->\n<title>Rendez-le Multiaxes - mastercam.com<\/title>\n<meta name=\"description\" content=\"L&#039;usinage Multiaxes vous permet d&#039;usiner aussi loin que vos id\u00e9es peuvent vous mener. \u00cates-vous pr\u00eat \u00e0 passer moins de temps \u00e0 programmer et plus de temps\" \/>\n<meta name=\"robots\" content=\"index, follow, max-snippet:-1, max-image-preview:large, max-video-preview:-1\" \/>\n<link rel=\"canonical\" href=\"https:\/\/www.mastercam.com\/fr\/rendez-le-multiaxes\/\" \/>\n<meta property=\"og:locale\" content=\"fr_FR\" \/>\n<meta property=\"og:type\" content=\"article\" \/>\n<meta property=\"og:title\" content=\"Rendez-le Multiaxes - mastercam.com\" \/>\n<meta property=\"og:description\" content=\"L&#039;usinage Multiaxes vous permet d&#039;usiner aussi loin que vos id\u00e9es peuvent vous mener. \u00cates-vous pr\u00eat \u00e0 passer moins de temps \u00e0 programmer et plus de temps\" \/>\n<meta property=\"og:url\" content=\"https:\/\/www.mastercam.com\/fr\/rendez-le-multiaxes\/\" \/>\n<meta property=\"og:site_name\" content=\"mastercam.com\" \/>\n<meta property=\"article:publisher\" content=\"https:\/\/www.facebook.com\/Mastercam\/\" \/>\n<meta property=\"article:modified_time\" content=\"2025-12-17T19:18:22+00:00\" \/>\n<meta property=\"og:image\" content=\"https:\/\/www.mastercam.com\/wp-content\/uploads\/2024\/03\/MiM_WebBanner-01-1024x312.png\" \/>\n<meta name=\"twitter:card\" content=\"summary_large_image\" \/>\n<meta name=\"twitter:site\" content=\"@mastercam\" \/>\n<meta name=\"twitter:label1\" content=\"Est. reading time\" \/>\n\t<meta name=\"twitter:data1\" content=\"2 minutes\" \/>\n<script type=\"application\/ld+json\" class=\"yoast-schema-graph\">{\"@context\":\"https:\\\/\\\/schema.org\",\"@graph\":[{\"@type\":\"WebPage\",\"@id\":\"https:\\\/\\\/www.mastercam.com\\\/fr\\\/rendez-le-multiaxes\\\/\",\"url\":\"https:\\\/\\\/www.mastercam.com\\\/fr\\\/rendez-le-multiaxes\\\/\",\"name\":\"Rendez-le Multiaxes - mastercam.com\",\"isPartOf\":{\"@id\":\"https:\\\/\\\/www.mastercam.com\\\/fr\\\/#website\"},\"primaryImageOfPage\":{\"@id\":\"https:\\\/\\\/www.mastercam.com\\\/fr\\\/rendez-le-multiaxes\\\/#primaryimage\"},\"image\":{\"@id\":\"https:\\\/\\\/www.mastercam.com\\\/fr\\\/rendez-le-multiaxes\\\/#primaryimage\"},\"thumbnailUrl\":\"https:\\\/\\\/www.mastercam.com\\\/wp-content\\\/uploads\\\/2024\\\/03\\\/MiM_WebBanner-01-1024x312.png\",\"datePublished\":\"2024-03-19T21:31:31+00:00\",\"dateModified\":\"2025-12-17T19:18:22+00:00\",\"description\":\"L'usinage Multiaxes vous permet d'usiner aussi loin que vos id\u00e9es peuvent vous mener. \u00cates-vous pr\u00eat \u00e0 passer moins de temps \u00e0 programmer et plus de temps\",\"breadcrumb\":{\"@id\":\"https:\\\/\\\/www.mastercam.com\\\/fr\\\/rendez-le-multiaxes\\\/#breadcrumb\"},\"inLanguage\":\"fr-FR\",\"potentialAction\":[{\"@type\":\"ReadAction\",\"target\":[\"https:\\\/\\\/www.mastercam.com\\\/fr\\\/rendez-le-multiaxes\\\/\"]}]},{\"@type\":\"ImageObject\",\"inLanguage\":\"fr-FR\",\"@id\":\"https:\\\/\\\/www.mastercam.com\\\/fr\\\/rendez-le-multiaxes\\\/#primaryimage\",\"url\":\"https:\\\/\\\/www.mastercam.com\\\/wp-content\\\/uploads\\\/2024\\\/03\\\/MiM_WebBanner-01-1024x312.png\",\"contentUrl\":\"https:\\\/\\\/www.mastercam.com\\\/wp-content\\\/uploads\\\/2024\\\/03\\\/MiM_WebBanner-01-1024x312.png\"},{\"@type\":\"BreadcrumbList\",\"@id\":\"https:\\\/\\\/www.mastercam.com\\\/fr\\\/rendez-le-multiaxes\\\/#breadcrumb\",\"itemListElement\":[{\"@type\":\"ListItem\",\"position\":1,\"name\":\"Home\",\"item\":\"https:\\\/\\\/www.mastercam.com\\\/fr\\\/\"},{\"@type\":\"ListItem\",\"position\":2,\"name\":\"Rendez-le Multiaxes\"}]},{\"@type\":\"WebSite\",\"@id\":\"https:\\\/\\\/www.mastercam.com\\\/fr\\\/#website\",\"url\":\"https:\\\/\\\/www.mastercam.com\\\/fr\\\/\",\"name\":\"Mastercam\",\"description\":\"Creating software and services that solve the world&#039;s manufacturing challenges\",\"publisher\":{\"@id\":\"https:\\\/\\\/www.mastercam.com\\\/fr\\\/#organization\"},\"potentialAction\":[{\"@type\":\"SearchAction\",\"target\":{\"@type\":\"EntryPoint\",\"urlTemplate\":\"https:\\\/\\\/www.mastercam.com\\\/fr\\\/?s={search_term_string}\"},\"query-input\":{\"@type\":\"PropertyValueSpecification\",\"valueRequired\":true,\"valueName\":\"search_term_string\"}}],\"inLanguage\":\"fr-FR\"},{\"@type\":\"Organization\",\"@id\":\"https:\\\/\\\/www.mastercam.com\\\/fr\\\/#organization\",\"name\":\"Mastercam\",\"url\":\"https:\\\/\\\/www.mastercam.com\\\/fr\\\/\",\"logo\":{\"@type\":\"ImageObject\",\"inLanguage\":\"fr-FR\",\"@id\":\"https:\\\/\\\/www.mastercam.com\\\/fr\\\/#\\\/schema\\\/logo\\\/image\\\/\",\"url\":\"https:\\\/\\\/www.mastercam.com\\\/wp-content\\\/uploads\\\/2023\\\/02\\\/MC_logo.svg\",\"contentUrl\":\"https:\\\/\\\/www.mastercam.com\\\/wp-content\\\/uploads\\\/2023\\\/02\\\/MC_logo.svg\",\"width\":230,\"height\":40,\"caption\":\"Mastercam\"},\"image\":{\"@id\":\"https:\\\/\\\/www.mastercam.com\\\/fr\\\/#\\\/schema\\\/logo\\\/image\\\/\"},\"sameAs\":[\"https:\\\/\\\/www.facebook.com\\\/Mastercam\\\/\",\"https:\\\/\\\/x.com\\\/mastercam\",\"https:\\\/\\\/www.linkedin.com\\\/company\\\/mastercam\",\"https:\\\/\\\/www.youtube.com\\\/channel\\\/UChJt5ruSkqnmFH44WsXVZLw\",\"https:\\\/\\\/www.instagram.com\\\/mastercam\\\/\"]}]}<\/script>\n<!-- \/ Yoast SEO plugin. -->","yoast_head_json":{"title":"Rendez-le Multiaxes - mastercam.com","description":"L'usinage Multiaxes vous permet d'usiner aussi loin que vos id\u00e9es peuvent vous mener. \u00cates-vous pr\u00eat \u00e0 passer moins de temps \u00e0 programmer et plus de temps","robots":{"index":"index","follow":"follow","max-snippet":"max-snippet:-1","max-image-preview":"max-image-preview:large","max-video-preview":"max-video-preview:-1"},"canonical":"https:\/\/www.mastercam.com\/fr\/rendez-le-multiaxes\/","og_locale":"fr_FR","og_type":"article","og_title":"Rendez-le Multiaxes - mastercam.com","og_description":"L'usinage Multiaxes vous permet d'usiner aussi loin que vos id\u00e9es peuvent vous mener. \u00cates-vous pr\u00eat \u00e0 passer moins de temps \u00e0 programmer et plus de temps","og_url":"https:\/\/www.mastercam.com\/fr\/rendez-le-multiaxes\/","og_site_name":"mastercam.com","article_publisher":"https:\/\/www.facebook.com\/Mastercam\/","article_modified_time":"2025-12-17T19:18:22+00:00","og_image":[{"url":"https:\/\/www.mastercam.com\/wp-content\/uploads\/2024\/03\/MiM_WebBanner-01-1024x312.png","type":"","width":"","height":""}],"twitter_card":"summary_large_image","twitter_site":"@mastercam","twitter_misc":{"Est. reading time":"2 minutes"},"schema":{"@context":"https:\/\/schema.org","@graph":[{"@type":"WebPage","@id":"https:\/\/www.mastercam.com\/fr\/rendez-le-multiaxes\/","url":"https:\/\/www.mastercam.com\/fr\/rendez-le-multiaxes\/","name":"Rendez-le Multiaxes - mastercam.com","isPartOf":{"@id":"https:\/\/www.mastercam.com\/fr\/#website"},"primaryImageOfPage":{"@id":"https:\/\/www.mastercam.com\/fr\/rendez-le-multiaxes\/#primaryimage"},"image":{"@id":"https:\/\/www.mastercam.com\/fr\/rendez-le-multiaxes\/#primaryimage"},"thumbnailUrl":"https:\/\/www.mastercam.com\/wp-content\/uploads\/2024\/03\/MiM_WebBanner-01-1024x312.png","datePublished":"2024-03-19T21:31:31+00:00","dateModified":"2025-12-17T19:18:22+00:00","description":"L'usinage Multiaxes vous permet d'usiner aussi loin que vos id\u00e9es peuvent vous mener. \u00cates-vous pr\u00eat \u00e0 passer moins de temps \u00e0 programmer et plus de temps","breadcrumb":{"@id":"https:\/\/www.mastercam.com\/fr\/rendez-le-multiaxes\/#breadcrumb"},"inLanguage":"fr-FR","potentialAction":[{"@type":"ReadAction","target":["https:\/\/www.mastercam.com\/fr\/rendez-le-multiaxes\/"]}]},{"@type":"ImageObject","inLanguage":"fr-FR","@id":"https:\/\/www.mastercam.com\/fr\/rendez-le-multiaxes\/#primaryimage","url":"https:\/\/www.mastercam.com\/wp-content\/uploads\/2024\/03\/MiM_WebBanner-01-1024x312.png","contentUrl":"https:\/\/www.mastercam.com\/wp-content\/uploads\/2024\/03\/MiM_WebBanner-01-1024x312.png"},{"@type":"BreadcrumbList","@id":"https:\/\/www.mastercam.com\/fr\/rendez-le-multiaxes\/#breadcrumb","itemListElement":[{"@type":"ListItem","position":1,"name":"Home","item":"https:\/\/www.mastercam.com\/fr\/"},{"@type":"ListItem","position":2,"name":"Rendez-le Multiaxes"}]},{"@type":"WebSite","@id":"https:\/\/www.mastercam.com\/fr\/#website","url":"https:\/\/www.mastercam.com\/fr\/","name":"Mastercam","description":"Creating software and services that solve the world&#039;s manufacturing challenges","publisher":{"@id":"https:\/\/www.mastercam.com\/fr\/#organization"},"potentialAction":[{"@type":"SearchAction","target":{"@type":"EntryPoint","urlTemplate":"https:\/\/www.mastercam.com\/fr\/?s={search_term_string}"},"query-input":{"@type":"PropertyValueSpecification","valueRequired":true,"valueName":"search_term_string"}}],"inLanguage":"fr-FR"},{"@type":"Organization","@id":"https:\/\/www.mastercam.com\/fr\/#organization","name":"Mastercam","url":"https:\/\/www.mastercam.com\/fr\/","logo":{"@type":"ImageObject","inLanguage":"fr-FR","@id":"https:\/\/www.mastercam.com\/fr\/#\/schema\/logo\/image\/","url":"https:\/\/www.mastercam.com\/wp-content\/uploads\/2023\/02\/MC_logo.svg","contentUrl":"https:\/\/www.mastercam.com\/wp-content\/uploads\/2023\/02\/MC_logo.svg","width":230,"height":40,"caption":"Mastercam"},"image":{"@id":"https:\/\/www.mastercam.com\/fr\/#\/schema\/logo\/image\/"},"sameAs":["https:\/\/www.facebook.com\/Mastercam\/","https:\/\/x.com\/mastercam","https:\/\/www.linkedin.com\/company\/mastercam","https:\/\/www.youtube.com\/channel\/UChJt5ruSkqnmFH44WsXVZLw","https:\/\/www.instagram.com\/mastercam\/"]}]}},"_links":{"self":[{"href":"https:\/\/www.mastercam.com\/fr\/wp-json\/wp\/v2\/pages\/34705","targetHints":{"allow":["GET"]}}],"collection":[{"href":"https:\/\/www.mastercam.com\/fr\/wp-json\/wp\/v2\/pages"}],"about":[{"href":"https:\/\/www.mastercam.com\/fr\/wp-json\/wp\/v2\/types\/page"}],"author":[{"embeddable":true,"href":"https:\/\/www.mastercam.com\/fr\/wp-json\/wp\/v2\/users\/1"}],"replies":[{"embeddable":true,"href":"https:\/\/www.mastercam.com\/fr\/wp-json\/wp\/v2\/comments?post=34705"}],"version-history":[{"count":0,"href":"https:\/\/www.mastercam.com\/fr\/wp-json\/wp\/v2\/pages\/34705\/revisions"}],"wp:attachment":[{"href":"https:\/\/www.mastercam.com\/fr\/wp-json\/wp\/v2\/media?parent=34705"}],"curies":[{"name":"wp","href":"https:\/\/api.w.org\/{rel}","templated":true}]}}