{"id":34704,"date":"2024-01-10T21:28:50","date_gmt":"2024-01-11T02:28:50","guid":{"rendered":"https:\/\/www.mastercam.com\/programme-mastercam-worldskills\/"},"modified":"2025-12-17T14:42:02","modified_gmt":"2025-12-17T19:42:02","slug":"programme-mastercam-worldskills","status":"publish","type":"page","link":"https:\/\/www.mastercam.com\/fr\/communaute\/programme-mastercam-worldskills\/","title":{"rendered":"Programme Mastercam WorldSkills"},"content":{"rendered":"<div class=\"hero__breadcrumbs\">\n    <div class=\"container-fluid\">\n      <div class=\"row\">\n        <div class=\"col\">\n          <nav aria-label=\"breadcrumbs\"><ol class=\"breadcrumb\"><li><a href=\"https:\/\/www.mastercam.com\/fr\/\">Home<\/a><\/li><\/ol><\/nav>\n        <\/div>\n      <\/div>\n    <\/div>\n  <\/div>\n\n<div class=\"hero hero--minimal wp-block-acf-block-hero\">\n  <div class=\"container-fluid\">\n    <div class=\"row align-items-center\">\n      \n      \n      \n      <div class=\"col-12 col-lg-7 order-2 order-lg-2 hero__content-column\">\n        <div class=\"hero__content\">\n                      <h1 class=\"hero__heading\">\n              \n              Programme Mastercam WorldSkills\n            <\/h1>\n          \n          \n          \n          \n          \n                  <\/div>\n      <\/div>\n    <\/div>\n  <\/div>\n<\/div>\n\n<div class=\"wp-block-columns is-style-container is-layout-flex wp-container-core-columns-is-layout-28f84493 wp-block-columns-is-layout-flex\">\n<div class=\"wp-block-column is-layout-flow wp-block-column-is-layout-flow\"><div class=\"container-fluid align wp-block-acf-block-media-object\">\n  <div class=\"row\">\n    <div class=\"col\">\n      <div class=\"d-flex flex-column flex-lg-row media-object media-object--shaded\">\n        <div class=\"flex-shrink-0 media-object__image order-1  order-lg-3 \">\n                                    <img decoding=\"async\" src=\"https:\/\/www.mastercam.com\/wp-content\/uploads\/2024\/01\/WS_Logo_DarkBlue_RGB-1024x677.png\" alt=\"WorldSkills\" loading=\"lazy\">\n                              <\/div>\n        <div class=\"media-object__body flex-grow-1 d-lg-flex flex-column order-2 justify-content-lg-center\">\n                                <h2 class=\"media-object__header h3\">Promouvoir les comp\u00e9tences \u00e0 travers le monde<\/h2>\n                                <div class=\"media-object__content\">\n              <p>Mastercam est un partenaire mondial de WorldSkills, un mouvement mondial qui change la vie des jeunes en cr\u00e9ant des opportunit\u00e9s et en connectant les soci\u00e9t\u00e9s. Nous sommes fiers de sponsoriser les concours de tournage en fraisage-tournage-tournage et de fraisage-tournage-tournage. <\/p>\n<p>Les \u00e9tablissements d&rsquo;\u00c9ducation choisissent Mastercam pour pr\u00e9parer leurs \u00e9tudiants aux concours CNC WorldSkills ainsi qu&rsquo;\u00e0 des carri\u00e8res passionnantes dans la fabrication. En ma\u00eetrisant le logiciel de FAO le plus utilis\u00e9 au monde, les \u00e9tudiants am\u00e9liorent consid\u00e9rablement leurs chances de trouver un emploi apr\u00e8s l&rsquo;obtention de leur dipl\u00f4me. <\/p>\n<p>Veuillez lire l&rsquo;<a href=\"https:\/\/www.mastercam.com\/wp-content\/uploads\/2024\/02\/WorldSkills-Sponsorship-Agreement1.pdf\">accord de parrainage Mastercam<\/a> pour les participants \u00e0 WorldSkills, puis remplissez le formulaire d&rsquo;inscription pour commencer.<\/p>\n\n            <\/div>\n                            <\/div>\n      <\/div>\n    <\/div>\n  <\/div>\n<\/div>\n\n\n\n<div style=\"height:100px\" aria-hidden=\"true\" class=\"wp-block-spacer\"><\/div>\n\n\n\n<div class=\"wp-block-columns is-layout-flex wp-container-core-columns-is-layout-28f84493 wp-block-columns-is-layout-flex\">\n<div class=\"wp-block-column is-layout-flow wp-block-column-is-layout-flow\" style=\"padding-right:var(--wp--preset--spacing--80);padding-left:var(--wp--preset--spacing--80)\">\n<figure class=\"wp-block-embed is-type-video is-provider-youtube wp-block-embed-youtube wp-embed-aspect-16-9 wp-has-aspect-ratio\"><div class=\"wp-block-embed__wrapper\">\n<iframe loading=\"lazy\" title=\"Mastercam Education | WorldSkills\" width=\"500\" height=\"281\" src=\"https:\/\/www.youtube.com\/embed\/WUoyPzcepZo?feature=oembed\" frameborder=\"0\" allow=\"accelerometer; autoplay; clipboard-write; encrypted-media; gyroscope; picture-in-picture; web-share\" referrerpolicy=\"strict-origin-when-cross-origin\" allowfullscreen><\/iframe>\n<\/div><\/figure>\n<\/div>\n<\/div>\n\n\n\n<div style=\"height:100px\" aria-hidden=\"true\" class=\"wp-block-spacer\"><\/div>\n\n\n\n<script charset=\"utf-8\" type=\"text\/javascript\" src=\"\/\/js.hsforms.net\/forms\/embed\/v2.js\"><\/script><script>hbspt.forms.create({\n    portalId: \"3375755\",\n    formId: \"a81c1d5e-5d4b-4f91-84ff-ea236074a4aa\",\n    region: \"na1\"\n  });\n<\/script>\n\n\n\n<div style=\"height:100px\" aria-hidden=\"true\" class=\"wp-block-spacer\"><\/div>\n\n\n\n<h2 class=\"wp-block-heading\">Questions fr\u00e9quemment pos\u00e9es<\/h2>\n\n\n<div class=\"accordion aligncenter wp-block-acf-block-accordion\" id=\"blockAccordion\">\n          <div class=\"accordion-item\">\n      <h2 class=\"accordion-header\" id=\"heading-0\">\n        <button class=\"accordion-button collapsed\" type=\"button\" data-bs-toggle=\"collapse\" data-bs-target=\"#collapse-0\" aria-expanded=\"false\" aria-controls=\"collapse-0\" aria-label=\"Toggle accordion for Qui dois-je contacter pour obtenir de l&#039;aide sur Mastercam ?\">\n          Qui dois-je contacter pour obtenir de l&#039;aide sur Mastercam ?\n        <\/button>\n      <\/h2>\n      <div id=\"collapse-0\" class=\"accordion-collapse collapse\" aria-labelledby=\"heading-0\" data-bs-parent=\"#blockAccordion\">\n        <div class=\"accordion-body\">\n                      <p>Votre repr\u00e9sentant local Mastercam devrait toujours \u00eatre votre premier point de contact pour l&rsquo;information et le support technique. Localisez votre <a href=\"https:\/\/www.mastercam.com\/?page_id=26546\">repr\u00e9sentant Mastercam<\/a> <\/p>\n<p>Si votre repr\u00e9sentant Mastercam n&rsquo;est pas disponible, vous pouvez appeler Mastercam du lundi au vendredi de 8h00 \u00e0 17h00, ET.<\/p>\n<p>Veuillez suivre les lignes directrices suivantes :<\/p>\n<ul>\n<li>Assurez-vous d&rsquo;avoir d\u00e9j\u00e0 essay\u00e9 de contacter votre repr\u00e9sentant Mastercam.<\/li>\n<li>Indiquez vos coordonn\u00e9es, la version de Mastercam que vous utilisez et le num\u00e9ro de s\u00e9rie de votre licence.<\/li>\n<li>Soyez pr\u00eat \u00e0 d\u00e9crire le probl\u00e8me en d\u00e9tail.<\/li>\n<li>Soyez devant votre ordinateur lorsque vous appelez.<\/li>\n<li>Essayez de reproduire le probl\u00e8me avant d&rsquo;appeler. Notre technicien peut vous demander de reproduire le probl\u00e8me pendant que vous \u00eates au t\u00e9l\u00e9phone. <\/li>\n<li>Pr\u00e9parez une description compl\u00e8te de votre mat\u00e9riel, y compris votre syst\u00e8me d&rsquo;exploitation (OS), votre unit\u00e9 centrale de traitement (CPU), votre souris et votre m\u00e9moire.<\/li>\n<\/ul>\n\n                    <button type=\"button\" class=\"close\" data-bs-toggle=\"effondrement\" data-bs-target=\"#collapse-0\" aria-label=\"Close Qui dois-je contacter pour obtenir de l&amp;#039;aide sur Mastercam ?\">\n            Close\n          <\/button>\n        <\/div>\n      <\/div>\n    <\/div>\n              <div class=\"accordion-item\">\n      <h2 class=\"accordion-header\" id=\"heading-1\">\n        <button class=\"accordion-button collapsed\" type=\"button\" data-bs-toggle=\"collapse\" data-bs-target=\"#collapse-1\" aria-expanded=\"false\" aria-controls=\"collapse-1\" aria-label=\"Toggle accordion for Quels sont les concours sponsoris\u00e9s par Mastercam dans le cadre de la WorldSkills Competition ?  \">\n          Quels sont les concours sponsoris\u00e9s par Mastercam dans le cadre de la WorldSkills Competition ?  \n        <\/button>\n      <\/h2>\n      <div id=\"collapse-1\" class=\"accordion-collapse collapse\" aria-labelledby=\"heading-1\" data-bs-parent=\"#blockAccordion\">\n        <div class=\"accordion-body\">\n                      <p><span class=\"TextRun SCXW232916845 BCX8\" lang=\"EN-US\" data-contrast=\"auto\" xml:lang=\"EN-US\"><span class=\"NormalTextRun SCXW232916845 BCX8\" data-ccp-parastyle=\"Mastercam Header\">Mastercam est un partenaire mondial de WorldSkills et fournit exclusivement des services de formation. <\/span><span class=\"NormalTextRun SCXW232916845 BCX8\" data-ccp-parastyle=\"Mastercam Header\">fournit<\/span><span class=\"NormalTextRun SCXW232916845 BCX8\" data-ccp-parastyle=\"Mastercam Header\"> logiciel pour ces concours.<\/span><span class=\"NormalTextRun SCXW232916845 BCX8\" data-ccp-parastyle=\"Mastercam Header\">ti<\/span><span class=\"NormalTextRun SCXW232916845 BCX8\" data-ccp-parastyle=\"Mastercam Header\">ons : Fraisage en fraisage fraisage-tournage.<\/span><\/span><\/p>\n\n                    <button type=\"button\" class=\"close\" data-bs-toggle=\"effondrement\" data-bs-target=\"#collapse-1\" aria-label=\"Close Quels sont les concours sponsoris\u00e9s par Mastercam dans le cadre de la WorldSkills Competition ?  \">\n            Close\n          <\/button>\n        <\/div>\n      <\/div>\n    <\/div>\n              <div class=\"accordion-item\">\n      <h2 class=\"accordion-header\" id=\"heading-2\">\n        <button class=\"accordion-button collapsed\" type=\"button\" data-bs-toggle=\"collapse\" data-bs-target=\"#collapse-2\" aria-expanded=\"false\" aria-controls=\"collapse-2\" aria-label=\"Toggle accordion for Quel type de Mastercam puis-je obtenir en tant que concurrent de WorldSkills ?  \">\n          Quel type de Mastercam puis-je obtenir en tant que concurrent de WorldSkills ?  \n        <\/button>\n      <\/h2>\n      <div id=\"collapse-2\" class=\"accordion-collapse collapse\" aria-labelledby=\"heading-2\" data-bs-parent=\"#blockAccordion\">\n        <div class=\"accordion-body\">\n                      <p><span data-contrast=\"auto\">Les concurrents de WorldSkills re\u00e7oivent la version actuelle de Mastercam ou la version qui sera utilis\u00e9e \u00e0 WorldSkills (si elle est diff\u00e9rente de la version actuelle). Cette version est programm\u00e9e pour expirer apr\u00e8s la fin du concours ou \u00e0 une autre date convenue d&rsquo;un commun accord. <\/span><span> <\/span><\/p>\n<p><span data-contrast=\"auto\">La version que vous recevrez est notre Mastercam \u00c9ducation Suite, qui est enti\u00e8rement fonctionnelle, mais incompatible avec nos licences industrielles. La Suite \u00c9ducation comprend les fonctions Fraisage en fraisage en fraisage-tournage et Design. Cette licence est gratuite.  <\/span><span> <\/span><\/p>\n\n                    <button type=\"button\" class=\"close\" data-bs-toggle=\"effondrement\" data-bs-target=\"#collapse-2\" aria-label=\"Close Quel type de Mastercam puis-je obtenir en tant que concurrent de WorldSkills ?  \">\n            Close\n          <\/button>\n        <\/div>\n      <\/div>\n    <\/div>\n              <div class=\"accordion-item\">\n      <h2 class=\"accordion-header\" id=\"heading-3\">\n        <button class=\"accordion-button collapsed\" type=\"button\" data-bs-toggle=\"collapse\" data-bs-target=\"#collapse-3\" aria-expanded=\"false\" aria-controls=\"collapse-3\" aria-label=\"Toggle accordion for J&#039;ai Mastercam pour WorldSkills, mais il a expir\u00e9. Que dois-je faire ? \">\n          J&#039;ai Mastercam pour WorldSkills, mais il a expir\u00e9. Que dois-je faire ? \n        <\/button>\n      <\/h2>\n      <div id=\"collapse-3\" class=\"accordion-collapse collapse\" aria-labelledby=\"heading-3\" data-bs-parent=\"#blockAccordion\">\n        <div class=\"accordion-body\">\n                      <p>Pour renouveler votre licence, adressez-vous \u00e0 education@mastercam.com.<\/p>\n\n                    <button type=\"button\" class=\"close\" data-bs-toggle=\"effondrement\" data-bs-target=\"#collapse-3\" aria-label=\"Close J&amp;#039;ai Mastercam pour WorldSkills, mais il a expir\u00e9. Que dois-je faire ? \">\n            Close\n          <\/button>\n        <\/div>\n      <\/div>\n    <\/div>\n              <div class=\"accordion-item\">\n      <h2 class=\"accordion-header\" id=\"heading-4\">\n        <button class=\"accordion-button collapsed\" type=\"button\" data-bs-toggle=\"collapse\" data-bs-target=\"#collapse-4\" aria-expanded=\"false\" aria-controls=\"collapse-4\" aria-label=\"Toggle accordion for Quelle est la fr\u00e9quence des WorldSkills et o\u00f9 se d\u00e9roulent-ils ?  \">\n          Quelle est la fr\u00e9quence des WorldSkills et o\u00f9 se d\u00e9roulent-ils ?  \n        <\/button>\n      <\/h2>\n      <div id=\"collapse-4\" class=\"accordion-collapse collapse\" aria-labelledby=\"heading-4\" data-bs-parent=\"#blockAccordion\">\n        <div class=\"accordion-body\">\n                      <p>WorldSkills a lieu tous les deux ans. Avant l&rsquo;\u00e9pid\u00e9mie de Covid, WorldSkills se d\u00e9roulait les ann\u00e9es impaires. Les prochains concours de WorldSkills auront lieu en 2024 \u00e0 Lyon, en France, et en 2026 \u00e0 Shanghai, en Chine.  <\/p>\n\n                    <button type=\"button\" class=\"close\" data-bs-toggle=\"effondrement\" data-bs-target=\"#collapse-4\" aria-label=\"Close Quelle est la fr\u00e9quence des WorldSkills et o\u00f9 se d\u00e9roulent-ils ?  \">\n            Close\n          <\/button>\n        <\/div>\n      <\/div>\n    <\/div>\n              <div class=\"accordion-item\">\n      <h2 class=\"accordion-header\" id=\"heading-5\">\n        <button class=\"accordion-button collapsed\" type=\"button\" data-bs-toggle=\"collapse\" data-bs-target=\"#collapse-5\" aria-expanded=\"false\" aria-controls=\"collapse-5\" aria-label=\"Toggle accordion for Puis-je obtenir une licence chronom\u00e9tr\u00e9e de Mastercam pour les concours de comp\u00e9tences de mon pays ou pour un concours de comp\u00e9tences r\u00e9gional tel que les EuroSkills ?  \">\n          Puis-je obtenir une licence chronom\u00e9tr\u00e9e de Mastercam pour les concours de comp\u00e9tences de mon pays ou pour un concours de comp\u00e9tences r\u00e9gional tel que les EuroSkills ?  \n        <\/button>\n      <\/h2>\n      <div id=\"collapse-5\" class=\"accordion-collapse collapse\" aria-labelledby=\"heading-5\" data-bs-parent=\"#blockAccordion\">\n        <div class=\"accordion-body\">\n                      <p>Oui, pour obtenir une licence chronom\u00e9tr\u00e9e de Mastercam, consultez toutes les comp\u00e9titions que nous soutenons ici : <a href=\"https:\/\/www.mastercam.com\/community\/competitions\/\">Mastercam sponsorise les concours \u00e9tudiants et professionnels de CAO\/FAO<\/a><\/p>\n\n                    <button type=\"button\" class=\"close\" data-bs-toggle=\"effondrement\" data-bs-target=\"#collapse-5\" aria-label=\"Close Puis-je obtenir une licence chronom\u00e9tr\u00e9e de Mastercam pour les concours de comp\u00e9tences de mon pays ou pour un concours de comp\u00e9tences r\u00e9gional tel que les EuroSkills ?  \">\n            Close\n          <\/button>\n        <\/div>\n      <\/div>\n    <\/div>\n      <\/div>\n<\/div>\n<\/div>\n","protected":false},"excerpt":{"rendered":"<p>Questions fr\u00e9quemment pos\u00e9es<\/p>\n","protected":false},"author":1,"featured_media":0,"parent":34749,"menu_order":0,"comment_status":"closed","ping_status":"closed","template":"","meta":{"_acf_changed":false,"footnotes":""},"class_list":["post-34704","page","type-page","status-publish","hentry"],"acf":[],"yoast_head":"<!-- This site is optimized with the Yoast SEO plugin v27.3 - https:\/\/yoast.com\/product\/yoast-seo-wordpress\/ -->\n<title>Programme Mastercam WorldSkills - mastercam.com<\/title>\n<meta name=\"description\" content=\"https:\/\/www.youtube.com\/watch?v=WUoyPzcepZo          Questions fr\u00e9quemment pos\u00e9es\" \/>\n<meta name=\"robots\" content=\"index, follow, max-snippet:-1, max-image-preview:large, max-video-preview:-1\" \/>\n<link rel=\"canonical\" href=\"https:\/\/www.mastercam.com\/fr\/communaute\/programme-mastercam-worldskills\/\" \/>\n<meta property=\"og:locale\" content=\"fr_FR\" \/>\n<meta property=\"og:type\" content=\"article\" \/>\n<meta property=\"og:title\" content=\"Programme Mastercam WorldSkills - mastercam.com\" \/>\n<meta property=\"og:description\" content=\"https:\/\/www.youtube.com\/watch?v=WUoyPzcepZo          Questions fr\u00e9quemment pos\u00e9es\" \/>\n<meta property=\"og:url\" content=\"https:\/\/www.mastercam.com\/fr\/communaute\/programme-mastercam-worldskills\/\" \/>\n<meta property=\"og:site_name\" content=\"mastercam.com\" \/>\n<meta property=\"article:publisher\" content=\"https:\/\/www.facebook.com\/Mastercam\/\" \/>\n<meta property=\"article:modified_time\" content=\"2025-12-17T19:42:02+00:00\" \/>\n<meta property=\"og:image\" content=\"https:\/\/www.mastercam.com\/wp-content\/uploads\/2024\/02\/drill-wide-photo-1200x675-1.jpg\" \/>\n\t<meta property=\"og:image:width\" content=\"1200\" \/>\n\t<meta property=\"og:image:height\" content=\"675\" \/>\n\t<meta property=\"og:image:type\" content=\"image\/jpeg\" \/>\n<meta name=\"twitter:card\" content=\"summary_large_image\" \/>\n<meta name=\"twitter:site\" content=\"@mastercam\" \/>\n<script type=\"application\/ld+json\" class=\"yoast-schema-graph\">{\"@context\":\"https:\\\/\\\/schema.org\",\"@graph\":[{\"@type\":\"WebPage\",\"@id\":\"https:\\\/\\\/www.mastercam.com\\\/fr\\\/communaute\\\/programme-mastercam-worldskills\\\/\",\"url\":\"https:\\\/\\\/www.mastercam.com\\\/fr\\\/communaute\\\/programme-mastercam-worldskills\\\/\",\"name\":\"Programme Mastercam WorldSkills - mastercam.com\",\"isPartOf\":{\"@id\":\"https:\\\/\\\/www.mastercam.com\\\/fr\\\/#website\"},\"datePublished\":\"2024-01-11T02:28:50+00:00\",\"dateModified\":\"2025-12-17T19:42:02+00:00\",\"description\":\"https:\\\/\\\/www.youtube.com\\\/watch?v=WUoyPzcepZo Questions fr\u00e9quemment pos\u00e9es\",\"breadcrumb\":{\"@id\":\"https:\\\/\\\/www.mastercam.com\\\/fr\\\/communaute\\\/programme-mastercam-worldskills\\\/#breadcrumb\"},\"inLanguage\":\"fr-FR\",\"potentialAction\":[{\"@type\":\"ReadAction\",\"target\":[\"https:\\\/\\\/www.mastercam.com\\\/fr\\\/communaute\\\/programme-mastercam-worldskills\\\/\"]}]},{\"@type\":\"BreadcrumbList\",\"@id\":\"https:\\\/\\\/www.mastercam.com\\\/fr\\\/communaute\\\/programme-mastercam-worldskills\\\/#breadcrumb\",\"itemListElement\":[{\"@type\":\"ListItem\",\"position\":1,\"name\":\"Home\",\"item\":\"https:\\\/\\\/www.mastercam.com\\\/fr\\\/\"},{\"@type\":\"ListItem\",\"position\":2,\"name\":\"Communaut\u00e9\",\"item\":\"https:\\\/\\\/www.mastercam.com\\\/fr\\\/communaute\\\/\"},{\"@type\":\"ListItem\",\"position\":3,\"name\":\"Programme Mastercam WorldSkills\"}]},{\"@type\":\"WebSite\",\"@id\":\"https:\\\/\\\/www.mastercam.com\\\/fr\\\/#website\",\"url\":\"https:\\\/\\\/www.mastercam.com\\\/fr\\\/\",\"name\":\"Mastercam\",\"description\":\"Creating software and services that solve the world&#039;s manufacturing challenges\",\"publisher\":{\"@id\":\"https:\\\/\\\/www.mastercam.com\\\/fr\\\/#organization\"},\"potentialAction\":[{\"@type\":\"SearchAction\",\"target\":{\"@type\":\"EntryPoint\",\"urlTemplate\":\"https:\\\/\\\/www.mastercam.com\\\/fr\\\/?s={search_term_string}\"},\"query-input\":{\"@type\":\"PropertyValueSpecification\",\"valueRequired\":true,\"valueName\":\"search_term_string\"}}],\"inLanguage\":\"fr-FR\"},{\"@type\":\"Organization\",\"@id\":\"https:\\\/\\\/www.mastercam.com\\\/fr\\\/#organization\",\"name\":\"Mastercam\",\"url\":\"https:\\\/\\\/www.mastercam.com\\\/fr\\\/\",\"logo\":{\"@type\":\"ImageObject\",\"inLanguage\":\"fr-FR\",\"@id\":\"https:\\\/\\\/www.mastercam.com\\\/fr\\\/#\\\/schema\\\/logo\\\/image\\\/\",\"url\":\"https:\\\/\\\/www.mastercam.com\\\/wp-content\\\/uploads\\\/2023\\\/02\\\/MC_logo.svg\",\"contentUrl\":\"https:\\\/\\\/www.mastercam.com\\\/wp-content\\\/uploads\\\/2023\\\/02\\\/MC_logo.svg\",\"width\":230,\"height\":40,\"caption\":\"Mastercam\"},\"image\":{\"@id\":\"https:\\\/\\\/www.mastercam.com\\\/fr\\\/#\\\/schema\\\/logo\\\/image\\\/\"},\"sameAs\":[\"https:\\\/\\\/www.facebook.com\\\/Mastercam\\\/\",\"https:\\\/\\\/x.com\\\/mastercam\",\"https:\\\/\\\/www.linkedin.com\\\/company\\\/mastercam\",\"https:\\\/\\\/www.youtube.com\\\/channel\\\/UChJt5ruSkqnmFH44WsXVZLw\",\"https:\\\/\\\/www.instagram.com\\\/mastercam\\\/\"]}]}<\/script>\n<!-- \/ Yoast SEO plugin. -->","yoast_head_json":{"title":"Programme Mastercam WorldSkills - mastercam.com","description":"https:\/\/www.youtube.com\/watch?v=WUoyPzcepZo          Questions fr\u00e9quemment pos\u00e9es","robots":{"index":"index","follow":"follow","max-snippet":"max-snippet:-1","max-image-preview":"max-image-preview:large","max-video-preview":"max-video-preview:-1"},"canonical":"https:\/\/www.mastercam.com\/fr\/communaute\/programme-mastercam-worldskills\/","og_locale":"fr_FR","og_type":"article","og_title":"Programme Mastercam WorldSkills - mastercam.com","og_description":"https:\/\/www.youtube.com\/watch?v=WUoyPzcepZo          Questions fr\u00e9quemment pos\u00e9es","og_url":"https:\/\/www.mastercam.com\/fr\/communaute\/programme-mastercam-worldskills\/","og_site_name":"mastercam.com","article_publisher":"https:\/\/www.facebook.com\/Mastercam\/","article_modified_time":"2025-12-17T19:42:02+00:00","og_image":[{"width":1200,"height":675,"url":"https:\/\/www.mastercam.com\/wp-content\/uploads\/2024\/02\/drill-wide-photo-1200x675-1.jpg","type":"image\/jpeg"}],"twitter_card":"summary_large_image","twitter_site":"@mastercam","schema":{"@context":"https:\/\/schema.org","@graph":[{"@type":"WebPage","@id":"https:\/\/www.mastercam.com\/fr\/communaute\/programme-mastercam-worldskills\/","url":"https:\/\/www.mastercam.com\/fr\/communaute\/programme-mastercam-worldskills\/","name":"Programme Mastercam WorldSkills - mastercam.com","isPartOf":{"@id":"https:\/\/www.mastercam.com\/fr\/#website"},"datePublished":"2024-01-11T02:28:50+00:00","dateModified":"2025-12-17T19:42:02+00:00","description":"https:\/\/www.youtube.com\/watch?v=WUoyPzcepZo Questions fr\u00e9quemment pos\u00e9es","breadcrumb":{"@id":"https:\/\/www.mastercam.com\/fr\/communaute\/programme-mastercam-worldskills\/#breadcrumb"},"inLanguage":"fr-FR","potentialAction":[{"@type":"ReadAction","target":["https:\/\/www.mastercam.com\/fr\/communaute\/programme-mastercam-worldskills\/"]}]},{"@type":"BreadcrumbList","@id":"https:\/\/www.mastercam.com\/fr\/communaute\/programme-mastercam-worldskills\/#breadcrumb","itemListElement":[{"@type":"ListItem","position":1,"name":"Home","item":"https:\/\/www.mastercam.com\/fr\/"},{"@type":"ListItem","position":2,"name":"Communaut\u00e9","item":"https:\/\/www.mastercam.com\/fr\/communaute\/"},{"@type":"ListItem","position":3,"name":"Programme Mastercam WorldSkills"}]},{"@type":"WebSite","@id":"https:\/\/www.mastercam.com\/fr\/#website","url":"https:\/\/www.mastercam.com\/fr\/","name":"Mastercam","description":"Creating software and services that solve the world&#039;s manufacturing challenges","publisher":{"@id":"https:\/\/www.mastercam.com\/fr\/#organization"},"potentialAction":[{"@type":"SearchAction","target":{"@type":"EntryPoint","urlTemplate":"https:\/\/www.mastercam.com\/fr\/?s={search_term_string}"},"query-input":{"@type":"PropertyValueSpecification","valueRequired":true,"valueName":"search_term_string"}}],"inLanguage":"fr-FR"},{"@type":"Organization","@id":"https:\/\/www.mastercam.com\/fr\/#organization","name":"Mastercam","url":"https:\/\/www.mastercam.com\/fr\/","logo":{"@type":"ImageObject","inLanguage":"fr-FR","@id":"https:\/\/www.mastercam.com\/fr\/#\/schema\/logo\/image\/","url":"https:\/\/www.mastercam.com\/wp-content\/uploads\/2023\/02\/MC_logo.svg","contentUrl":"https:\/\/www.mastercam.com\/wp-content\/uploads\/2023\/02\/MC_logo.svg","width":230,"height":40,"caption":"Mastercam"},"image":{"@id":"https:\/\/www.mastercam.com\/fr\/#\/schema\/logo\/image\/"},"sameAs":["https:\/\/www.facebook.com\/Mastercam\/","https:\/\/x.com\/mastercam","https:\/\/www.linkedin.com\/company\/mastercam","https:\/\/www.youtube.com\/channel\/UChJt5ruSkqnmFH44WsXVZLw","https:\/\/www.instagram.com\/mastercam\/"]}]}},"_links":{"self":[{"href":"https:\/\/www.mastercam.com\/fr\/wp-json\/wp\/v2\/pages\/34704","targetHints":{"allow":["GET"]}}],"collection":[{"href":"https:\/\/www.mastercam.com\/fr\/wp-json\/wp\/v2\/pages"}],"about":[{"href":"https:\/\/www.mastercam.com\/fr\/wp-json\/wp\/v2\/types\/page"}],"author":[{"embeddable":true,"href":"https:\/\/www.mastercam.com\/fr\/wp-json\/wp\/v2\/users\/1"}],"replies":[{"embeddable":true,"href":"https:\/\/www.mastercam.com\/fr\/wp-json\/wp\/v2\/comments?post=34704"}],"version-history":[{"count":0,"href":"https:\/\/www.mastercam.com\/fr\/wp-json\/wp\/v2\/pages\/34704\/revisions"}],"up":[{"embeddable":true,"href":"https:\/\/www.mastercam.com\/fr\/wp-json\/wp\/v2\/pages\/34749"}],"wp:attachment":[{"href":"https:\/\/www.mastercam.com\/fr\/wp-json\/wp\/v2\/media?parent=34704"}],"curies":[{"name":"wp","href":"https:\/\/api.w.org\/{rel}","templated":true}]}}