{"id":34703,"date":"2024-01-10T20:51:53","date_gmt":"2024-01-11T01:51:53","guid":{"rendered":"https:\/\/www.mastercam.com\/mastercam-2024\/"},"modified":"2025-12-17T14:18:14","modified_gmt":"2025-12-17T19:18:14","slug":"mastercam-2024","status":"publish","type":"page","link":"https:\/\/www.mastercam.com\/fr\/mastercam-2024\/","title":{"rendered":"Mastercam 2024"},"content":{"rendered":"<div class=\"hero__breadcrumbs\">\n    <div class=\"container-fluid\">\n      <div class=\"row\">\n        <div class=\"col\">\n          <nav aria-label=\"breadcrumbs\"><ol class=\"breadcrumb\"><li><a href=\"https:\/\/www.mastercam.com\/fr\/\">Home<\/a><\/li><\/ol><\/nav>\n        <\/div>\n      <\/div>\n    <\/div>\n  <\/div>\n\n<div class=\"hero hero--minimal wp-block-acf-block-hero\">\n  <div class=\"container-fluid\">\n    <div class=\"row align-items-center\">\n      \n      \n      \n      <div class=\"col-12 col-lg-7 order-2 order-lg-2 hero__content-column\">\n        <div class=\"hero__content\">\n                      <h1 class=\"hero__heading\">\n              \n              Mastercam 2024\n            <\/h1>\n          \n                      <p class=\"hero__text\">Les commentaires des clients et de l&#039;Industrie pilotent les avanc\u00e9es en mati\u00e8re de fraisage fraisage-tournage Multiaxes<\/p>\n          \n          \n          \n          \n                  <\/div>\n      <\/div>\n    <\/div>\n  <\/div>\n<\/div>\n\n<div class=\"wp-block-columns is-style-container is-layout-flex wp-container-core-columns-is-layout-28f84493 wp-block-columns-is-layout-flex\">\n<div class=\"wp-block-column is-layout-flow wp-block-column-is-layout-flow\"><div style=\"padding-top:var(--wp--preset--spacing--0);padding-bottom:var(--wp--preset--spacing--6);margin-top:var(--wp--preset--spacing--0);\" class=\"container-fluid align wp-block-acf-block-media-object\">\n  <div class=\"row\">\n    <div class=\"col\">\n      <div class=\"d-flex flex-column flex-lg-row media-object media-object--shaded\">\n        <div class=\"flex-shrink-0 media-object__image order-1 \">\n                      <div class=\"video\">\n      <lite-youtube\n      videoid=\"cw-BGSu34v4\"\n            params=\"modestbranding=2&#038;rel=0&#038;enablejsapi=1\">\n    <\/lite-youtube>\n  <\/div>\n                  <\/div>\n        <div class=\"media-object__body flex-grow-1 d-lg-flex flex-column order-2 justify-content-lg-center\">\n                                <h2 class=\"media-object__header h3\">Mastercam 2024<\/h2>\n                                <div class=\"media-object__content\">\n              <p>Gr\u00e2ce aux commentaires des utilisateurs et des magasins du monde entier, nous nous sommes appuy\u00e9s sur nos avanc\u00e9es pass\u00e9es et nous sommes heureux de vous pr\u00e9senter notre interface la plus intuitive \u00e0 ce jour.<\/p>\n<p>Augmentez votre productivit\u00e9 d&rsquo;usinage et r\u00e9duisez vos co\u00fbts de production globaux gr\u00e2ce \u00e0 des parcours d&rsquo;outils Multiaxes plus puissants, des param\u00e8tres d&rsquo;alimentation organis\u00e9s plus rapidement, des mouvements d&rsquo;outils flexibles, etc.<\/p>\n<h3 class=\"wp-block-heading\">En savoir plus sur les fonctionnalit\u00e9s de Mastercam 2024<\/h3>\n<ul>\n<li><a href=\"https:\/\/www.mastercam.com\/community\/blog\/10-mastercam-2024-features-you-need-to-know\/\">10 fonctionnalit\u00e9s de Mastercam 2024 que vous devez conna\u00eetre<\/a><\/li>\n<li><a href=\"https:\/\/www.mastercam.com\/community\/blog\/5-ways-mastercam-2024-makes-your-life-easier\/\">5 fa\u00e7ons dont Mastercam 2024 vous facilite la vie<\/a><\/li>\n<li><a href=\"https:\/\/www.mastercam.com\/community\/blog\/have-you-tried-these-new-mastercam-2024-multiaxis-features\/\">Avez-vous essay\u00e9 ces nouvelles fonctionnalit\u00e9s Multiaxes de Mastercam 2024 ?<\/a><\/li>\n<li><a href=\"https:\/\/www.mastercam.com\/community\/blog\/6-new-cad-features-to-explore-in-mastercam-2024\/\">6 nouvelles fonctionnalit\u00e9s CAO \u00e0 d\u00e9couvrir dans Mastercam 2024<\/a><\/li>\n<\/ul>\n\n            <\/div>\n                            <\/div>\n      <\/div>\n    <\/div>\n  <\/div>\n<\/div>\n\n\n\n<h2 class=\"wp-block-heading\">Recevez les derni\u00e8res nouvelles de Mastercam<\/h2>\n\n\n\n<p>Inscrivez-vous \u00e0 la lettre d&rsquo;information Mastercam  <\/p>\n\n\n\n<div class=\"wp-block-columns is-layout-flex wp-container-core-columns-is-layout-a61e1d87 wp-block-columns-is-layout-flex\" style=\"padding-bottom:var(--wp--preset--spacing--6)\">\n<div class=\"wp-block-column is-layout-flow wp-block-column-is-layout-flow\">\n<script charset=\"utf-8\" type=\"text\/javascript\" src=\"\/\/js.hsforms.net\/forms\/embed\/v2.js\"><\/script><script>hbspt.forms.create({\n    region: \"na1\",\n    portalId: \"3375755\",\n    formId: \"99ac53d9-f52b-4dd1-9899-992112083f3f\"\n  });\n<\/script>\n<\/div>\n\n\n\n<div class=\"wp-block-column is-layout-flow wp-block-column-is-layout-flow\" style=\"flex-basis:33%\"><\/div>\n<\/div>\n\n\n\n<div class=\"wp-block-columns is-layout-flex wp-container-core-columns-is-layout-a61e1d87 wp-block-columns-is-layout-flex\" style=\"padding-bottom:var(--wp--preset--spacing--6)\">\n<div class=\"wp-block-column is-layout-flow wp-block-column-is-layout-flow\">\n<h2 class=\"wp-block-heading\">Vid\u00e9os sur les pi\u00e8ces de signature<\/h2>\n\n\n\n<figure class=\"wp-block-embed is-type-video is-provider-youtube wp-block-embed-youtube wp-embed-aspect-16-9 wp-has-aspect-ratio\"><div class=\"wp-block-embed__wrapper\">\n<iframe loading=\"lazy\" title=\"Solid Hole Enhancements Demo | Mastercam 2024 Signature Parts Demo\" width=\"500\" height=\"281\" src=\"https:\/\/www.youtube.com\/embed\/erqTecbzegw?feature=oembed\" frameborder=\"0\" allow=\"accelerometer; autoplay; clipboard-write; encrypted-media; gyroscope; picture-in-picture; web-share\" referrerpolicy=\"strict-origin-when-cross-origin\" allowfullscreen><\/iframe>\n<\/div><\/figure>\n<\/div>\n\n\n\n<div class=\"wp-block-column is-layout-flow wp-block-column-is-layout-flow\">\n<h2 class=\"wp-block-heading\">Vid\u00e9o des nouveaut\u00e9s<\/h2>\n\n\n\n<figure class=\"wp-block-embed is-type-video is-provider-youtube wp-block-embed-youtube wp-embed-aspect-16-9 wp-has-aspect-ratio\"><div class=\"wp-block-embed__wrapper\">\n<iframe loading=\"lazy\" title=\"What&#039;s New in Milling for Mastercam 2024\" width=\"500\" height=\"281\" src=\"https:\/\/www.youtube.com\/embed\/lCAYI0tgDIc?list=PLT1NMjA2P81HKdlyPt883S8RgjmaIgjy6\" frameborder=\"0\" allow=\"accelerometer; autoplay; clipboard-write; encrypted-media; gyroscope; picture-in-picture; web-share\" referrerpolicy=\"strict-origin-when-cross-origin\" allowfullscreen><\/iframe>\n<\/div><\/figure>\n<\/div>\n<\/div>\n\n\n\n<h2 class=\"wp-block-heading\">2024 Faits marquants<\/h2>\n\n\n\n<a href=\"https:\/\/online.flippingbook.com\/view\/235242712\/\" class=\"fbo-embed\" data-fbo-id=\"8ca9c677d1\" data-fbo-ratio=\"3:2\" data-fbo-lightbox=\"yes\" data-fbo-width=\"100%\" data-fbo-height=\"auto\" data-fbo-version=\"1\" style=\"max-width: 100%\">Points forts de Mastercam 2024<\/a><script async=\"\" defer=\"defer\" src=\"https:\/\/online.flippingbook.com\/EmbedScriptUrl.aspx?m=redir&#038;hid=235242712\"><\/script>\n\n\n\n<h2 class=\"wp-block-heading\" style=\"padding-top:var(--wp--preset--spacing--6)\">Plus d&rsquo;informations<\/h2>\n\n\n\n<p style=\"margin-bottom:var(--wp--preset--spacing--6)\">Visitez <a href=\"https:\/\/whatsnew.mastercam.com\/\" target=\"_blank\" rel=\"noreferrer noopener\">whatsnew.mastercam.com<\/a> pour d\u00e9couvrir toutes les nouvelles fonctionnalit\u00e9s de Mastercam 2024 ou <a href=\"https:\/\/www.mastercam.com\/?page_id=26546\">connectez-vous avec votre repr\u00e9sentant local Mastercam<\/a> pour organiser une d\u00e9monstration en direct.<\/p>\n<\/div>\n<\/div>\n","protected":false},"excerpt":{"rendered":"<p>Recevez les derni\u00e8res nouvelles de Mastercam Inscrivez-vous \u00e0 la lettre d&rsquo;information Mastercam Vid\u00e9os sur les [&hellip;]<\/p>\n","protected":false},"author":1,"featured_media":0,"parent":0,"menu_order":0,"comment_status":"closed","ping_status":"closed","template":"","meta":{"_acf_changed":false,"footnotes":""},"class_list":["post-34703","page","type-page","status-publish","hentry"],"acf":[],"yoast_head":"<!-- This site is optimized with the Yoast SEO plugin v27.3 - https:\/\/yoast.com\/product\/yoast-seo-wordpress\/ -->\n<title>Mastercam 2024 - mastercam.com<\/title>\n<meta name=\"description\" content=\"Recevez les derni\u00e8res nouvelles de Mastercam Inscrivez-vous \u00e0 la lettre d&#039;information Mastercam Vid\u00e9os sur les pi\u00e8ces de signature\" \/>\n<meta name=\"robots\" content=\"index, follow, max-snippet:-1, max-image-preview:large, max-video-preview:-1\" \/>\n<link rel=\"canonical\" href=\"https:\/\/www.mastercam.com\/fr\/mastercam-2024\/\" \/>\n<meta property=\"og:locale\" content=\"fr_FR\" \/>\n<meta property=\"og:type\" content=\"article\" \/>\n<meta property=\"og:title\" content=\"Mastercam 2024 - mastercam.com\" \/>\n<meta property=\"og:description\" content=\"Recevez les derni\u00e8res nouvelles de Mastercam Inscrivez-vous \u00e0 la lettre d&#039;information Mastercam Vid\u00e9os sur les pi\u00e8ces de signature\" \/>\n<meta property=\"og:url\" content=\"https:\/\/www.mastercam.com\/fr\/mastercam-2024\/\" \/>\n<meta property=\"og:site_name\" content=\"mastercam.com\" \/>\n<meta property=\"article:publisher\" content=\"https:\/\/www.facebook.com\/Mastercam\/\" \/>\n<meta property=\"article:modified_time\" content=\"2025-12-17T19:18:14+00:00\" \/>\n<meta property=\"og:image\" content=\"https:\/\/www.mastercam.com\/wp-content\/uploads\/2024\/02\/drill-wide-photo-1200x675-1.jpg\" \/>\n\t<meta property=\"og:image:width\" content=\"1200\" \/>\n\t<meta property=\"og:image:height\" content=\"675\" \/>\n\t<meta property=\"og:image:type\" content=\"image\/jpeg\" \/>\n<meta name=\"twitter:card\" content=\"summary_large_image\" \/>\n<meta name=\"twitter:site\" content=\"@mastercam\" \/>\n<script type=\"application\/ld+json\" class=\"yoast-schema-graph\">{\"@context\":\"https:\\\/\\\/schema.org\",\"@graph\":[{\"@type\":\"WebPage\",\"@id\":\"https:\\\/\\\/www.mastercam.com\\\/fr\\\/mastercam-2024\\\/\",\"url\":\"https:\\\/\\\/www.mastercam.com\\\/fr\\\/mastercam-2024\\\/\",\"name\":\"Mastercam 2024 - mastercam.com\",\"isPartOf\":{\"@id\":\"https:\\\/\\\/www.mastercam.com\\\/fr\\\/#website\"},\"datePublished\":\"2024-01-11T01:51:53+00:00\",\"dateModified\":\"2025-12-17T19:18:14+00:00\",\"description\":\"Recevez les derni\u00e8res nouvelles de Mastercam Inscrivez-vous \u00e0 la lettre d'information Mastercam Vid\u00e9os sur les pi\u00e8ces de signature\",\"breadcrumb\":{\"@id\":\"https:\\\/\\\/www.mastercam.com\\\/fr\\\/mastercam-2024\\\/#breadcrumb\"},\"inLanguage\":\"fr-FR\",\"potentialAction\":[{\"@type\":\"ReadAction\",\"target\":[\"https:\\\/\\\/www.mastercam.com\\\/fr\\\/mastercam-2024\\\/\"]}]},{\"@type\":\"BreadcrumbList\",\"@id\":\"https:\\\/\\\/www.mastercam.com\\\/fr\\\/mastercam-2024\\\/#breadcrumb\",\"itemListElement\":[{\"@type\":\"ListItem\",\"position\":1,\"name\":\"Home\",\"item\":\"https:\\\/\\\/www.mastercam.com\\\/fr\\\/\"},{\"@type\":\"ListItem\",\"position\":2,\"name\":\"Mastercam 2024\"}]},{\"@type\":\"WebSite\",\"@id\":\"https:\\\/\\\/www.mastercam.com\\\/fr\\\/#website\",\"url\":\"https:\\\/\\\/www.mastercam.com\\\/fr\\\/\",\"name\":\"Mastercam\",\"description\":\"Creating software and services that solve the world&#039;s manufacturing challenges\",\"publisher\":{\"@id\":\"https:\\\/\\\/www.mastercam.com\\\/fr\\\/#organization\"},\"potentialAction\":[{\"@type\":\"SearchAction\",\"target\":{\"@type\":\"EntryPoint\",\"urlTemplate\":\"https:\\\/\\\/www.mastercam.com\\\/fr\\\/?s={search_term_string}\"},\"query-input\":{\"@type\":\"PropertyValueSpecification\",\"valueRequired\":true,\"valueName\":\"search_term_string\"}}],\"inLanguage\":\"fr-FR\"},{\"@type\":\"Organization\",\"@id\":\"https:\\\/\\\/www.mastercam.com\\\/fr\\\/#organization\",\"name\":\"Mastercam\",\"url\":\"https:\\\/\\\/www.mastercam.com\\\/fr\\\/\",\"logo\":{\"@type\":\"ImageObject\",\"inLanguage\":\"fr-FR\",\"@id\":\"https:\\\/\\\/www.mastercam.com\\\/fr\\\/#\\\/schema\\\/logo\\\/image\\\/\",\"url\":\"https:\\\/\\\/www.mastercam.com\\\/wp-content\\\/uploads\\\/2023\\\/02\\\/MC_logo.svg\",\"contentUrl\":\"https:\\\/\\\/www.mastercam.com\\\/wp-content\\\/uploads\\\/2023\\\/02\\\/MC_logo.svg\",\"width\":230,\"height\":40,\"caption\":\"Mastercam\"},\"image\":{\"@id\":\"https:\\\/\\\/www.mastercam.com\\\/fr\\\/#\\\/schema\\\/logo\\\/image\\\/\"},\"sameAs\":[\"https:\\\/\\\/www.facebook.com\\\/Mastercam\\\/\",\"https:\\\/\\\/x.com\\\/mastercam\",\"https:\\\/\\\/www.linkedin.com\\\/company\\\/mastercam\",\"https:\\\/\\\/www.youtube.com\\\/channel\\\/UChJt5ruSkqnmFH44WsXVZLw\",\"https:\\\/\\\/www.instagram.com\\\/mastercam\\\/\"]}]}<\/script>\n<!-- \/ Yoast SEO plugin. -->","yoast_head_json":{"title":"Mastercam 2024 - mastercam.com","description":"Recevez les derni\u00e8res nouvelles de Mastercam Inscrivez-vous \u00e0 la lettre d'information Mastercam Vid\u00e9os sur les pi\u00e8ces de signature","robots":{"index":"index","follow":"follow","max-snippet":"max-snippet:-1","max-image-preview":"max-image-preview:large","max-video-preview":"max-video-preview:-1"},"canonical":"https:\/\/www.mastercam.com\/fr\/mastercam-2024\/","og_locale":"fr_FR","og_type":"article","og_title":"Mastercam 2024 - mastercam.com","og_description":"Recevez les derni\u00e8res nouvelles de Mastercam Inscrivez-vous \u00e0 la lettre d'information Mastercam Vid\u00e9os sur les pi\u00e8ces de signature","og_url":"https:\/\/www.mastercam.com\/fr\/mastercam-2024\/","og_site_name":"mastercam.com","article_publisher":"https:\/\/www.facebook.com\/Mastercam\/","article_modified_time":"2025-12-17T19:18:14+00:00","og_image":[{"width":1200,"height":675,"url":"https:\/\/www.mastercam.com\/wp-content\/uploads\/2024\/02\/drill-wide-photo-1200x675-1.jpg","type":"image\/jpeg"}],"twitter_card":"summary_large_image","twitter_site":"@mastercam","schema":{"@context":"https:\/\/schema.org","@graph":[{"@type":"WebPage","@id":"https:\/\/www.mastercam.com\/fr\/mastercam-2024\/","url":"https:\/\/www.mastercam.com\/fr\/mastercam-2024\/","name":"Mastercam 2024 - mastercam.com","isPartOf":{"@id":"https:\/\/www.mastercam.com\/fr\/#website"},"datePublished":"2024-01-11T01:51:53+00:00","dateModified":"2025-12-17T19:18:14+00:00","description":"Recevez les derni\u00e8res nouvelles de Mastercam Inscrivez-vous \u00e0 la lettre d'information Mastercam Vid\u00e9os sur les pi\u00e8ces de signature","breadcrumb":{"@id":"https:\/\/www.mastercam.com\/fr\/mastercam-2024\/#breadcrumb"},"inLanguage":"fr-FR","potentialAction":[{"@type":"ReadAction","target":["https:\/\/www.mastercam.com\/fr\/mastercam-2024\/"]}]},{"@type":"BreadcrumbList","@id":"https:\/\/www.mastercam.com\/fr\/mastercam-2024\/#breadcrumb","itemListElement":[{"@type":"ListItem","position":1,"name":"Home","item":"https:\/\/www.mastercam.com\/fr\/"},{"@type":"ListItem","position":2,"name":"Mastercam 2024"}]},{"@type":"WebSite","@id":"https:\/\/www.mastercam.com\/fr\/#website","url":"https:\/\/www.mastercam.com\/fr\/","name":"Mastercam","description":"Creating software and services that solve the world&#039;s manufacturing challenges","publisher":{"@id":"https:\/\/www.mastercam.com\/fr\/#organization"},"potentialAction":[{"@type":"SearchAction","target":{"@type":"EntryPoint","urlTemplate":"https:\/\/www.mastercam.com\/fr\/?s={search_term_string}"},"query-input":{"@type":"PropertyValueSpecification","valueRequired":true,"valueName":"search_term_string"}}],"inLanguage":"fr-FR"},{"@type":"Organization","@id":"https:\/\/www.mastercam.com\/fr\/#organization","name":"Mastercam","url":"https:\/\/www.mastercam.com\/fr\/","logo":{"@type":"ImageObject","inLanguage":"fr-FR","@id":"https:\/\/www.mastercam.com\/fr\/#\/schema\/logo\/image\/","url":"https:\/\/www.mastercam.com\/wp-content\/uploads\/2023\/02\/MC_logo.svg","contentUrl":"https:\/\/www.mastercam.com\/wp-content\/uploads\/2023\/02\/MC_logo.svg","width":230,"height":40,"caption":"Mastercam"},"image":{"@id":"https:\/\/www.mastercam.com\/fr\/#\/schema\/logo\/image\/"},"sameAs":["https:\/\/www.facebook.com\/Mastercam\/","https:\/\/x.com\/mastercam","https:\/\/www.linkedin.com\/company\/mastercam","https:\/\/www.youtube.com\/channel\/UChJt5ruSkqnmFH44WsXVZLw","https:\/\/www.instagram.com\/mastercam\/"]}]}},"_links":{"self":[{"href":"https:\/\/www.mastercam.com\/fr\/wp-json\/wp\/v2\/pages\/34703","targetHints":{"allow":["GET"]}}],"collection":[{"href":"https:\/\/www.mastercam.com\/fr\/wp-json\/wp\/v2\/pages"}],"about":[{"href":"https:\/\/www.mastercam.com\/fr\/wp-json\/wp\/v2\/types\/page"}],"author":[{"embeddable":true,"href":"https:\/\/www.mastercam.com\/fr\/wp-json\/wp\/v2\/users\/1"}],"replies":[{"embeddable":true,"href":"https:\/\/www.mastercam.com\/fr\/wp-json\/wp\/v2\/comments?post=34703"}],"version-history":[{"count":0,"href":"https:\/\/www.mastercam.com\/fr\/wp-json\/wp\/v2\/pages\/34703\/revisions"}],"wp:attachment":[{"href":"https:\/\/www.mastercam.com\/fr\/wp-json\/wp\/v2\/media?parent=34703"}],"curies":[{"name":"wp","href":"https:\/\/api.w.org\/{rel}","templated":true}]}}