{"id":34699,"date":"2023-03-24T17:13:14","date_gmt":"2023-03-24T21:13:14","guid":{"rendered":"https:\/\/www.mastercam.com\/assistance-technique\/convertisseurs-mastercam\/version-x5\/"},"modified":"2025-12-17T14:18:31","modified_gmt":"2025-12-17T19:18:31","slug":"version-x5","status":"publish","type":"page","link":"https:\/\/www.mastercam.com\/fr\/soutien\/assistance-technique\/convertisseurs-mastercam\/version-x5\/","title":{"rendered":"Version X5"},"content":{"rendered":"\n<div class=\"wp-block-columns is-style-container is-layout-flex wp-container-core-columns-is-layout-28f84493 wp-block-columns-is-layout-flex\">\n<div class=\"wp-block-column is-layout-flow wp-block-column-is-layout-flow\">\n<p>Mastercam supporte l&rsquo;importation et l&rsquo;exportation de plusieurs formats de fichiers. Vous trouverez dans les tableaux ci-dessous les versions des formats de fichiers support\u00e9s dans chaque version de Mastercam. <\/p>\n\n\n\n<p>Envoyez vos commentaires ou questions <a href=\"mailto:support@mastercam.com\">\u00e0 l&rsquo;assistance Mastercam<\/a>.<\/p>\n\n\n\n<div class=\"container-fluid\">\n                <div class=\"row\">\n                    <div class=\"col\">\n                        <div class=\"nav nav-pills\">\n                            <div class=\"dropdown nav-item\">\n  Veuillez s\u00e9lectionner une version de Mastercam<br\/> <button class=\"btn btn-secondary dropdown-toggle\" type=\"button\" data-bs-toggle=\"dropdown\" aria-expanded=\"false\">\n Version\n <\/button> \n                                <ul class=\"dropdown-menu translators\" aria-labelledby=\"dropdownMenuVersion\">\n                                    <li><a href=\"https:\/\/www.mastercam.com\/fr\/assistance-technique\/convertisseurs-mastercam\/\" class=\"dropdown-item\">2026<\/a><\/li>\n                                    <li><a href=\"https:\/\/www.mastercam.com\/fr\/assistance-technique\/convertisseurs-mastercam\/traducteurs-mastercam-2025\/\" class=\"dropdown-item\">2025<\/a><\/li>\n                                    <li><a href=\"https:\/\/www.mastercam.com\/fr\/assistance-technique\/convertisseurs-mastercam\/version-2024\/\" class=\"dropdown-item\">2024<\/a><\/li>\n                                    <li><a href=\"https:\/\/www.mastercam.com\/fr\/assistance-technique\/convertisseurs-mastercam\/version-2023\/\" class=\"dropdown-item\">2023<\/a><\/li>\n                                    <li><a href=\"https:\/\/www.mastercam.com\/fr\/assistance-technique\/convertisseurs-mastercam\/version-2022\/\" class=\"dropdown-item\">2022<\/a><\/li>\n                                    <li><a href=\"https:\/\/www.mastercam.com\/fr\/assistance-technique\/convertisseurs-mastercam\/version-2021\/\" class=\"dropdown-item\">2021<\/a><\/li>\n                                    <li><a href=\"https:\/\/www.mastercam.com\/fr\/assistance-technique\/convertisseurs-mastercam\/version-2020\/\" class=\"dropdown-item\">2020<\/a><\/li>\n                                    <li><a href=\"https:\/\/www.mastercam.com\/fr\/assistance-technique\/convertisseurs-mastercam\/version-2019\/\" class=\"dropdown-item\">2019<\/a><\/li>\n                                    <li><a href=\"https:\/\/www.mastercam.com\/fr\/assistance-technique\/convertisseurs-mastercam\/version-2018\/\" class=\"dropdown-item\">2018<\/a><\/li>\n                                    <li><a href=\"https:\/\/www.mastercam.com\/fr\/assistance-technique\/convertisseurs-mastercam\/version-2017\/\" class=\"dropdown-item\">2017<\/a><\/li>\n                                    <li><a href=\"https:\/\/www.mastercam.com\/fr\/assistance-technique\/convertisseurs-mastercam\/version-x9\/\" class=\"dropdown-item\">X9<\/a><\/li>\n                                    <li><a href=\"https:\/\/www.mastercam.com\/fr\/assistance-technique\/convertisseurs-mastercam\/version-x8\/\" class=\"dropdown-item\">X8<\/a><\/li>\n                                    <li><a href=\"https:\/\/www.mastercam.com\/fr\/assistance-technique\/convertisseurs-mastercam\/version-x7\/\" class=\"dropdown-item\">X7<\/a><\/li>\n                                    <li><a href=\"https:\/\/www.mastercam.com\/fr\/assistance-technique\/convertisseurs-mastercam\/version-x6\/\" class=\"dropdown-item\">X6<\/a><\/li>\n                                    <li><a href=\"https:\/\/www.mastercam.com\/fr\/assistance-technique\/convertisseurs-mastercam\/version-x5\/\" class=\"dropdown-item\">X5<\/a><\/li>\n                                <\/ul>\n                            <\/div>\n                        <\/div>\n                    <\/div>\n                <\/div>\n            <\/div>\n<\/div>\n<\/div>\n\n<div class=\"wp-block-group is-style-container is-layout-flow wp-block-group-is-layout-flow\" style=\"padding-top:var(--wp--preset--spacing--6);padding-bottom:var(--wp--preset--spacing--6)\">\n<h2 class=\"wp-block-heading\">X5<\/h2>\n\n\n<div class=\"wp-block-tablepress\">\n<table id=\"tablepress-13\" class=\"tablepress tablepress-id-13\">\n<thead>\n<tr class=\"row-1\">\n\t<th class=\"column-1\">TRANSLATOR<\/th><th class=\"column-2\">EXTENSIONS<\/th><th class=\"column-3\">VERSION<\/th><th class=\"column-4\">R\/W<\/th><th class=\"column-5\">SOLIDS<\/th><th class=\"column-6\">INFO<\/th>\n<\/tr>\n<\/thead>\n<tbody class=\"row-striping row-hover\">\n<tr class=\"row-2\">\n\t<td class=\"column-1\">.CATIA V5 Read**<\/td><td class=\"column-2\">.CATPart, CATProduct<\/td><td class=\"column-3\">R21 SP3<\/td><td class=\"column-4\">R<\/td><td class=\"column-5\">R<\/td><td class=\"column-6\">Mastercam X5 CATIA V5 Read Translator ACC File Required:\u00a0catv5in ACC files are needed for HASP users. ACC files are placed in the \\shared main folder (for example: \\shared mcamx5).<\/td>\n<\/tr>\n<tr class=\"row-3\">\n\t<td class=\"column-1\">ACIS<\/td><td class=\"column-2\">.SAT<\/td><td class=\"column-3\">R21 SP3<\/td><td class=\"column-4\">RW<\/td><td class=\"column-5\">RW<\/td><td class=\"column-6\"><\/td>\n<\/tr>\n<tr class=\"row-4\">\n\t<td class=\"column-1\">ACIS<\/td><td class=\"column-2\">.SAB<\/td><td class=\"column-3\">R21 SP3<\/td><td class=\"column-4\">R<\/td><td class=\"column-5\">R<\/td><td class=\"column-6\"><\/td>\n<\/tr>\n<tr class=\"row-5\">\n\t<td class=\"column-1\">Autocad<\/td><td class=\"column-2\">.DWF, .DWFX<\/td><td class=\"column-3\">2012<\/td><td class=\"column-4\">R<\/td><td class=\"column-5\">N\/A<\/td><td class=\"column-6\"><\/td>\n<\/tr>\n<tr class=\"row-6\">\n\t<td class=\"column-1\">Autocad<\/td><td class=\"column-2\">.DWG, .DXF<\/td><td class=\"column-3\">2012<\/td><td class=\"column-4\">RW<\/td><td class=\"column-5\">RW<\/td><td class=\"column-6\">Mastercam X5 Autocad *.DWG \/ *.DXF Translator Use DXFRescuer c-hook for non-standard DXF files.<\/td>\n<\/tr>\n<tr class=\"row-7\">\n\t<td class=\"column-1\">Autodesk Inventor<\/td><td class=\"column-2\">.IDW<\/td><td class=\"column-3\">2012<\/td><td class=\"column-4\">R<\/td><td class=\"column-5\">N\/A<\/td><td class=\"column-6\"><\/td>\n<\/tr>\n<tr class=\"row-8\">\n\t<td class=\"column-1\">Autodesk Inventor<\/td><td class=\"column-2\">.IPT, .IAM<\/td><td class=\"column-3\">2012<\/td><td class=\"column-4\">R<\/td><td class=\"column-5\">R<\/td><td class=\"column-6\">Mastercam X5 Autodesk Inventor .IPT \/ .IAM Translator Import Type:\u00a0Brick (No History Tree) Requires Inventor or Inventor View of the same version or newer; Solids only<\/td>\n<\/tr>\n<tr class=\"row-9\">\n\t<td class=\"column-1\">Cadkey<\/td><td class=\"column-2\">.CDL<\/td><td class=\"column-3\">N\/A<\/td><td class=\"column-4\">R\/W<\/td><td class=\"column-5\">N\/A<\/td><td class=\"column-6\"><\/td>\n<\/tr>\n<tr class=\"row-10\">\n\t<td class=\"column-1\">CATIA V4**<\/td><td class=\"column-2\">.MODEL, .EXP<\/td><td class=\"column-3\">4.1.9 \u2013 4.2.4*<\/td><td class=\"column-4\">R\/W<\/td><td class=\"column-5\">R\/W<\/td><td class=\"column-6\">Mastercam X5 CATIA V4 Translator ACC File Required:\u00a0catv4 ACC files are needed for HASP users. ACC files are placed in the \\shared main folder (for example: \\shared mcamx5).<\/td>\n<\/tr>\n<tr class=\"row-11\">\n\t<td class=\"column-1\">CATIA V5 Write**<\/td><td class=\"column-2\">.CATPart<\/td><td class=\"column-3\">R21 SP3<\/td><td class=\"column-4\">W<\/td><td class=\"column-5\">W<\/td><td class=\"column-6\">Mastercam X5 CATIA V5 Write Translator ACC File Required:\u00a0catv5out ACC files are needed for HASP users. ACC files are placed in the \\shared main folder (for example: \\shared mcamx5).<\/td>\n<\/tr>\n<tr class=\"row-12\">\n\t<td class=\"column-1\">EPS<\/td><td class=\"column-2\">.AI, .EPS<\/td><td class=\"column-3\">7,8*<\/td><td class=\"column-4\">R<\/td><td class=\"column-5\">N\/A<\/td><td class=\"column-6\"><\/td>\n<\/tr>\n<tr class=\"row-13\">\n\t<td class=\"column-1\">Geomagic Design<\/td><td class=\"column-2\">.AD_PRT, .AD_SMP<\/td><td class=\"column-3\">V12<\/td><td class=\"column-4\">R<\/td><td class=\"column-5\">R<\/td><td class=\"column-6\"><\/td>\n<\/tr>\n<tr class=\"row-14\">\n\t<td class=\"column-1\">IGES<\/td><td class=\"column-2\">.IGS<\/td><td class=\"column-3\">5.3<\/td><td class=\"column-4\">RW<\/td><td class=\"column-5\">W<\/td><td class=\"column-6\">Mastercam X5 IGES Translator Solids are converted to surfaces, no views or drawing layouts are available.<\/td>\n<\/tr>\n<tr class=\"row-15\">\n\t<td class=\"column-1\">KeyCreator<\/td><td class=\"column-2\">.CKD<\/td><td class=\"column-3\">V9<\/td><td class=\"column-4\">R<\/td><td class=\"column-5\">R<\/td><td class=\"column-6\">Mastercam X5 KeyCreator Translator Translator reads solids only<\/td>\n<\/tr>\n<tr class=\"row-16\">\n\t<td class=\"column-1\">Parasolid<\/td><td class=\"column-2\">.X_T, .X_B, .XMT_TXT<\/td><td class=\"column-3\">21<\/td><td class=\"column-4\">R\/W<\/td><td class=\"column-5\">R\/W<\/td><td class=\"column-6\"><\/td>\n<\/tr>\n<tr class=\"row-17\">\n\t<td class=\"column-1\">ProE \/ Creo**<\/td><td class=\"column-2\">.PRT, .ASM<\/td><td class=\"column-3\">Wildfire5<\/td><td class=\"column-4\">R<\/td><td class=\"column-5\">R<\/td><td class=\"column-6\">Mastercam X5 ProE Translator ACC File Required:\u00a0proe ACC files are needed for HASP users. ACC files are placed in the \\shared main folder (for example: \\shared mcamx5). This translator is available to Industrial customers only.<\/td>\n<\/tr>\n<tr class=\"row-18\">\n\t<td class=\"column-1\">Raster 2 Vector**<\/td><td class=\"column-2\">.JPG, .TIF, .BMP<\/td><td class=\"column-3\">N\/A<\/td><td class=\"column-4\">R<\/td><td class=\"column-5\">N\/A<\/td><td class=\"column-6\">Mastercam X5 Raster 2 Vector Translator ACC File Required:\u00a0rast2vec ACC files are needed for HASP users. ACC files are placed in the \\shared main folder (for example: \\shared mcamx5). Included with Art, Router, Router Plus, Router Pro, and Mill levels 1,2,3. ACC required for Router Entry, Mill Entry, Lathe, Wire, and Design<\/td>\n<\/tr>\n<tr class=\"row-19\">\n\t<td class=\"column-1\">Rhino<\/td><td class=\"column-2\">.3DM<\/td><td class=\"column-3\">5<\/td><td class=\"column-4\">R<\/td><td class=\"column-5\">N\/A<\/td><td class=\"column-6\"><\/td>\n<\/tr>\n<tr class=\"row-20\">\n\t<td class=\"column-1\">SolidEdge<\/td><td class=\"column-2\">.PAR, .PSM, .ASM<\/td><td class=\"column-3\">ST3<\/td><td class=\"column-4\">R<\/td><td class=\"column-5\">R<\/td><td class=\"column-6\">Mastercam X5 SolidEdge Translator Translator reads solids only.<\/td>\n<\/tr>\n<tr class=\"row-21\">\n\t<td class=\"column-1\">SOLIDWORKS<\/td><td class=\"column-2\">.SLDDRW<\/td><td class=\"column-3\">2011<\/td><td class=\"column-4\">R<\/td><td class=\"column-5\">N\/A<\/td><td class=\"column-6\">Mastercam X5 SOLIDWORKS *.SLDDRW Translator SOLIDWORKS must be installed for this translator to function.<\/td>\n<\/tr>\n<tr class=\"row-22\">\n\t<td class=\"column-1\">SOLIDWORKS<\/td><td class=\"column-2\">.SLDPRT, .SLDASM<\/td><td class=\"column-3\">2011<\/td><td class=\"column-4\">R<\/td><td class=\"column-5\">R<\/td><td class=\"column-6\">Mastercam X5 SOLIDWORKS *.SLDPRT \/ *.SLDASM Translator Translator reads solids only. SOLIDWORKS must be installed to import history tree.<\/td>\n<\/tr>\n<tr class=\"row-23\">\n\t<td class=\"column-1\">SpaceClaim<\/td><td class=\"column-2\">.SCDOC<\/td><td class=\"column-3\">All<\/td><td class=\"column-4\">R<\/td><td class=\"column-5\">R<\/td><td class=\"column-6\">Mastercam X5 SpaceClaim Translator Translator reads solids only. No assembly support.<\/td>\n<\/tr>\n<tr class=\"row-24\">\n\t<td class=\"column-1\">STEP<\/td><td class=\"column-2\">.STP, .STEP<\/td><td class=\"column-3\">All<\/td><td class=\"column-4\">R\/W<\/td><td class=\"column-5\">R\/W<\/td><td class=\"column-6\">Mastercam X5 STEP Translator \u201cPart 42\u201d data\/AP203, AP214<\/td>\n<\/tr>\n<tr class=\"row-25\">\n\t<td class=\"column-1\">Stereolithography<\/td><td class=\"column-2\">.STL<\/td><td class=\"column-3\">1<\/td><td class=\"column-4\">R\/W<\/td><td class=\"column-5\">W<\/td><td class=\"column-6\">Mastercam X5 STL Translator Translator creates polygonal mesh entities.<\/td>\n<\/tr>\n<tr class=\"row-26\">\n\t<td class=\"column-1\">Unigraphics**<\/td><td class=\"column-2\">.PRT<\/td><td class=\"column-3\">NX7.5<\/td><td class=\"column-4\">R<\/td><td class=\"column-5\">R<\/td><td class=\"column-6\">Mastercam X5 Unigraphics Translator ACC File Required:\u00a0ug ACC files are needed for HASP users. ACC files are placed in the \\shared main folder (for example: \\shared mcamx5).<\/td>\n<\/tr>\n<tr class=\"row-27\">\n\t<td class=\"column-1\">VDA<\/td><td class=\"column-2\">.VDA<\/td><td class=\"column-3\">2<\/td><td class=\"column-4\">R\/W<\/td><td class=\"column-5\">W<\/td><td class=\"column-6\">Mastercam X5 VDA Translator Translator converts solids to surfaces.<\/td>\n<\/tr>\n<\/tbody>\n<\/table>\n<!-- #tablepress-13 from cache --><\/div>\n\n\n<p>*Seules les versions indiqu\u00e9es sont prises en charge.<\/p>\n\n\n\n<p>** Ces translateurs ne sont pas inclus avec Mastercam et doivent \u00eatre achet\u00e9s pour un co\u00fbt suppl\u00e9mentaire. Veuillez contacter votre <a href=\"https:\/\/www.mastercam.com\/?page_id=26546\">repr\u00e9sentant Mastercam<\/a> pour plus d&rsquo;informations. <\/p>\n<\/div>\n","protected":false},"excerpt":{"rendered":"<p>Mastercam supporte l&rsquo;importation et l&rsquo;exportation de plusieurs formats de fichiers. Vous trouverez dans les tableaux [&hellip;]<\/p>\n","protected":false},"author":1,"featured_media":0,"parent":28801,"menu_order":0,"comment_status":"closed","ping_status":"closed","template":"translators.blade.php","meta":{"_acf_changed":false,"footnotes":""},"class_list":["post-34699","page","type-page","status-publish","hentry"],"acf":[],"yoast_head":"<!-- This site is optimized with the Yoast SEO plugin v27.4 - https:\/\/yoast.com\/product\/yoast-seo-wordpress\/ -->\n<title>Version X5 - mastercam.com<\/title>\n<meta name=\"description\" content=\"Mastercam supporte l&#039;importation et l&#039;exportation de plusieurs formats de fichiers. Vous trouverez dans les tableaux ci-dessous les versions des formats\" \/>\n<meta name=\"robots\" content=\"index, follow, max-snippet:-1, max-image-preview:large, max-video-preview:-1\" \/>\n<link rel=\"canonical\" href=\"https:\/\/www.mastercam.com\/fr\/soutien\/assistance-technique\/convertisseurs-mastercam\/version-x5\/\" \/>\n<meta property=\"og:locale\" content=\"fr_FR\" \/>\n<meta property=\"og:type\" content=\"article\" \/>\n<meta property=\"og:title\" content=\"Version X5 - mastercam.com\" \/>\n<meta property=\"og:description\" content=\"Mastercam supporte l&#039;importation et l&#039;exportation de plusieurs formats de fichiers. Vous trouverez dans les tableaux ci-dessous les versions des formats\" \/>\n<meta property=\"og:url\" content=\"https:\/\/www.mastercam.com\/fr\/soutien\/assistance-technique\/convertisseurs-mastercam\/version-x5\/\" \/>\n<meta property=\"og:site_name\" content=\"mastercam.com\" \/>\n<meta property=\"article:publisher\" content=\"https:\/\/www.facebook.com\/Mastercam\/\" \/>\n<meta property=\"article:modified_time\" content=\"2025-12-17T19:18:31+00:00\" \/>\n<meta property=\"og:image\" content=\"https:\/\/www.mastercam.com\/wp-content\/uploads\/2024\/02\/drill-wide-photo-1200x675-1.jpg\" \/>\n\t<meta property=\"og:image:width\" content=\"1200\" \/>\n\t<meta property=\"og:image:height\" content=\"675\" \/>\n\t<meta property=\"og:image:type\" content=\"image\/jpeg\" \/>\n<meta name=\"twitter:card\" content=\"summary_large_image\" \/>\n<meta name=\"twitter:site\" content=\"@mastercam\" \/>\n<script type=\"application\/ld+json\" class=\"yoast-schema-graph\">{\"@context\":\"https:\\\/\\\/schema.org\",\"@graph\":[{\"@type\":\"WebPage\",\"@id\":\"https:\\\/\\\/www.mastercam.com\\\/fr\\\/soutien\\\/assistance-technique\\\/convertisseurs-mastercam\\\/version-x5\\\/\",\"url\":\"https:\\\/\\\/www.mastercam.com\\\/fr\\\/soutien\\\/assistance-technique\\\/convertisseurs-mastercam\\\/version-x5\\\/\",\"name\":\"Version X5 - mastercam.com\",\"isPartOf\":{\"@id\":\"https:\\\/\\\/www.mastercam.com\\\/fr\\\/#website\"},\"datePublished\":\"2023-03-24T21:13:14+00:00\",\"dateModified\":\"2025-12-17T19:18:31+00:00\",\"description\":\"Mastercam supporte l'importation et l'exportation de plusieurs formats de fichiers. Vous trouverez dans les tableaux ci-dessous les versions des formats\",\"breadcrumb\":{\"@id\":\"https:\\\/\\\/www.mastercam.com\\\/fr\\\/soutien\\\/assistance-technique\\\/convertisseurs-mastercam\\\/version-x5\\\/#breadcrumb\"},\"inLanguage\":\"fr-FR\",\"potentialAction\":[{\"@type\":\"ReadAction\",\"target\":[\"https:\\\/\\\/www.mastercam.com\\\/fr\\\/soutien\\\/assistance-technique\\\/convertisseurs-mastercam\\\/version-x5\\\/\"]}]},{\"@type\":\"BreadcrumbList\",\"@id\":\"https:\\\/\\\/www.mastercam.com\\\/fr\\\/soutien\\\/assistance-technique\\\/convertisseurs-mastercam\\\/version-x5\\\/#breadcrumb\",\"itemListElement\":[{\"@type\":\"ListItem\",\"position\":1,\"name\":\"Home\",\"item\":\"https:\\\/\\\/www.mastercam.com\\\/fr\\\/\"},{\"@type\":\"ListItem\",\"position\":2,\"name\":\"Soutien\",\"item\":\"https:\\\/\\\/www.mastercam.com\\\/fr\\\/soutien\\\/\"},{\"@type\":\"ListItem\",\"position\":3,\"name\":\"Assistance technique\",\"item\":\"https:\\\/\\\/www.mastercam.com\\\/fr\\\/soutien\\\/assistance-technique\\\/\"},{\"@type\":\"ListItem\",\"position\":4,\"name\":\"Traducteurs Mastercam\",\"item\":\"https:\\\/\\\/www.mastercam.com\\\/fr\\\/soutien\\\/assistance-technique\\\/convertisseurs-mastercam\\\/\"},{\"@type\":\"ListItem\",\"position\":5,\"name\":\"Version X5\"}]},{\"@type\":\"WebSite\",\"@id\":\"https:\\\/\\\/www.mastercam.com\\\/fr\\\/#website\",\"url\":\"https:\\\/\\\/www.mastercam.com\\\/fr\\\/\",\"name\":\"Mastercam\",\"description\":\"Creating software and services that solve the world&#039;s manufacturing challenges\",\"publisher\":{\"@id\":\"https:\\\/\\\/www.mastercam.com\\\/fr\\\/#organization\"},\"potentialAction\":[{\"@type\":\"SearchAction\",\"target\":{\"@type\":\"EntryPoint\",\"urlTemplate\":\"https:\\\/\\\/www.mastercam.com\\\/fr\\\/?s={search_term_string}\"},\"query-input\":{\"@type\":\"PropertyValueSpecification\",\"valueRequired\":true,\"valueName\":\"search_term_string\"}}],\"inLanguage\":\"fr-FR\"},{\"@type\":\"Organization\",\"@id\":\"https:\\\/\\\/www.mastercam.com\\\/fr\\\/#organization\",\"name\":\"Mastercam\",\"url\":\"https:\\\/\\\/www.mastercam.com\\\/fr\\\/\",\"logo\":{\"@type\":\"ImageObject\",\"inLanguage\":\"fr-FR\",\"@id\":\"https:\\\/\\\/www.mastercam.com\\\/fr\\\/#\\\/schema\\\/logo\\\/image\\\/\",\"url\":\"https:\\\/\\\/www.mastercam.com\\\/wp-content\\\/uploads\\\/2023\\\/02\\\/MC_logo.svg\",\"contentUrl\":\"https:\\\/\\\/www.mastercam.com\\\/wp-content\\\/uploads\\\/2023\\\/02\\\/MC_logo.svg\",\"width\":230,\"height\":40,\"caption\":\"Mastercam\"},\"image\":{\"@id\":\"https:\\\/\\\/www.mastercam.com\\\/fr\\\/#\\\/schema\\\/logo\\\/image\\\/\"},\"sameAs\":[\"https:\\\/\\\/www.facebook.com\\\/Mastercam\\\/\",\"https:\\\/\\\/x.com\\\/mastercam\",\"https:\\\/\\\/www.linkedin.com\\\/company\\\/mastercam\",\"https:\\\/\\\/www.youtube.com\\\/channel\\\/UChJt5ruSkqnmFH44WsXVZLw\",\"https:\\\/\\\/www.instagram.com\\\/mastercam\\\/\"]}]}<\/script>\n<!-- \/ Yoast SEO plugin. -->","yoast_head_json":{"title":"Version X5 - mastercam.com","description":"Mastercam supporte l'importation et l'exportation de plusieurs formats de fichiers. Vous trouverez dans les tableaux ci-dessous les versions des formats","robots":{"index":"index","follow":"follow","max-snippet":"max-snippet:-1","max-image-preview":"max-image-preview:large","max-video-preview":"max-video-preview:-1"},"canonical":"https:\/\/www.mastercam.com\/fr\/soutien\/assistance-technique\/convertisseurs-mastercam\/version-x5\/","og_locale":"fr_FR","og_type":"article","og_title":"Version X5 - mastercam.com","og_description":"Mastercam supporte l'importation et l'exportation de plusieurs formats de fichiers. Vous trouverez dans les tableaux ci-dessous les versions des formats","og_url":"https:\/\/www.mastercam.com\/fr\/soutien\/assistance-technique\/convertisseurs-mastercam\/version-x5\/","og_site_name":"mastercam.com","article_publisher":"https:\/\/www.facebook.com\/Mastercam\/","article_modified_time":"2025-12-17T19:18:31+00:00","og_image":[{"width":1200,"height":675,"url":"https:\/\/www.mastercam.com\/wp-content\/uploads\/2024\/02\/drill-wide-photo-1200x675-1.jpg","type":"image\/jpeg"}],"twitter_card":"summary_large_image","twitter_site":"@mastercam","schema":{"@context":"https:\/\/schema.org","@graph":[{"@type":"WebPage","@id":"https:\/\/www.mastercam.com\/fr\/soutien\/assistance-technique\/convertisseurs-mastercam\/version-x5\/","url":"https:\/\/www.mastercam.com\/fr\/soutien\/assistance-technique\/convertisseurs-mastercam\/version-x5\/","name":"Version X5 - mastercam.com","isPartOf":{"@id":"https:\/\/www.mastercam.com\/fr\/#website"},"datePublished":"2023-03-24T21:13:14+00:00","dateModified":"2025-12-17T19:18:31+00:00","description":"Mastercam supporte l'importation et l'exportation de plusieurs formats de fichiers. Vous trouverez dans les tableaux ci-dessous les versions des formats","breadcrumb":{"@id":"https:\/\/www.mastercam.com\/fr\/soutien\/assistance-technique\/convertisseurs-mastercam\/version-x5\/#breadcrumb"},"inLanguage":"fr-FR","potentialAction":[{"@type":"ReadAction","target":["https:\/\/www.mastercam.com\/fr\/soutien\/assistance-technique\/convertisseurs-mastercam\/version-x5\/"]}]},{"@type":"BreadcrumbList","@id":"https:\/\/www.mastercam.com\/fr\/soutien\/assistance-technique\/convertisseurs-mastercam\/version-x5\/#breadcrumb","itemListElement":[{"@type":"ListItem","position":1,"name":"Home","item":"https:\/\/www.mastercam.com\/fr\/"},{"@type":"ListItem","position":2,"name":"Soutien","item":"https:\/\/www.mastercam.com\/fr\/soutien\/"},{"@type":"ListItem","position":3,"name":"Assistance technique","item":"https:\/\/www.mastercam.com\/fr\/soutien\/assistance-technique\/"},{"@type":"ListItem","position":4,"name":"Traducteurs Mastercam","item":"https:\/\/www.mastercam.com\/fr\/soutien\/assistance-technique\/convertisseurs-mastercam\/"},{"@type":"ListItem","position":5,"name":"Version X5"}]},{"@type":"WebSite","@id":"https:\/\/www.mastercam.com\/fr\/#website","url":"https:\/\/www.mastercam.com\/fr\/","name":"Mastercam","description":"Creating software and services that solve the world&#039;s manufacturing challenges","publisher":{"@id":"https:\/\/www.mastercam.com\/fr\/#organization"},"potentialAction":[{"@type":"SearchAction","target":{"@type":"EntryPoint","urlTemplate":"https:\/\/www.mastercam.com\/fr\/?s={search_term_string}"},"query-input":{"@type":"PropertyValueSpecification","valueRequired":true,"valueName":"search_term_string"}}],"inLanguage":"fr-FR"},{"@type":"Organization","@id":"https:\/\/www.mastercam.com\/fr\/#organization","name":"Mastercam","url":"https:\/\/www.mastercam.com\/fr\/","logo":{"@type":"ImageObject","inLanguage":"fr-FR","@id":"https:\/\/www.mastercam.com\/fr\/#\/schema\/logo\/image\/","url":"https:\/\/www.mastercam.com\/wp-content\/uploads\/2023\/02\/MC_logo.svg","contentUrl":"https:\/\/www.mastercam.com\/wp-content\/uploads\/2023\/02\/MC_logo.svg","width":230,"height":40,"caption":"Mastercam"},"image":{"@id":"https:\/\/www.mastercam.com\/fr\/#\/schema\/logo\/image\/"},"sameAs":["https:\/\/www.facebook.com\/Mastercam\/","https:\/\/x.com\/mastercam","https:\/\/www.linkedin.com\/company\/mastercam","https:\/\/www.youtube.com\/channel\/UChJt5ruSkqnmFH44WsXVZLw","https:\/\/www.instagram.com\/mastercam\/"]}]}},"_links":{"self":[{"href":"https:\/\/www.mastercam.com\/fr\/wp-json\/wp\/v2\/pages\/34699","targetHints":{"allow":["GET"]}}],"collection":[{"href":"https:\/\/www.mastercam.com\/fr\/wp-json\/wp\/v2\/pages"}],"about":[{"href":"https:\/\/www.mastercam.com\/fr\/wp-json\/wp\/v2\/types\/page"}],"author":[{"embeddable":true,"href":"https:\/\/www.mastercam.com\/fr\/wp-json\/wp\/v2\/users\/1"}],"replies":[{"embeddable":true,"href":"https:\/\/www.mastercam.com\/fr\/wp-json\/wp\/v2\/comments?post=34699"}],"version-history":[{"count":0,"href":"https:\/\/www.mastercam.com\/fr\/wp-json\/wp\/v2\/pages\/34699\/revisions"}],"up":[{"embeddable":true,"href":"https:\/\/www.mastercam.com\/fr\/wp-json\/wp\/v2\/pages\/28801"}],"wp:attachment":[{"href":"https:\/\/www.mastercam.com\/fr\/wp-json\/wp\/v2\/media?parent=34699"}],"curies":[{"name":"wp","href":"https:\/\/api.w.org\/{rel}","templated":true}]}}