{"id":34692,"date":"2023-02-07T18:31:47","date_gmt":"2023-02-07T23:31:47","guid":{"rendered":"https:\/\/www.mastercam.com\/dynamique\/"},"modified":"2025-12-17T14:17:57","modified_gmt":"2025-12-17T19:17:57","slug":"dynamique","status":"publish","type":"page","link":"https:\/\/www.mastercam.com\/fr\/dynamique\/","title":{"rendered":"Dynamique"},"content":{"rendered":"<div class=\"hero__breadcrumbs\">\n    <div class=\"container-fluid\">\n      <div class=\"row\">\n        <div class=\"col\">\n          <nav aria-label=\"breadcrumbs\"><ol class=\"breadcrumb\"><li><a href=\"https:\/\/www.mastercam.com\/fr\/\">Home<\/a><\/li><\/ol><\/nav>\n        <\/div>\n      <\/div>\n    <\/div>\n  <\/div>\n\n<div class=\"hero wp-block-acf-block-hero\">\n  <div class=\"container-fluid\">\n    <div class=\"row align-items-center\">\n      \n              <div class=\"col-12 col-lg-6 order-1 order-lg-1 hero__media-column\">\n          <div class=\"hero__media-wrapper\">\n                          \n              <div class=\"hero__image-container\">\n                <img decoding=\"async\" src=\"https:\/\/www.mastercam.com\/wp-content\/uploads\/2023\/02\/Dynamic-2000x600-1-e1677001274983.jpg\"\n                     srcset=\"https:\/\/www.mastercam.com\/wp-content\/uploads\/2023\/02\/Dynamic-2000x600-1-e1677001274983.jpg 896w,\n                             https:\/\/www.mastercam.com\/wp-content\/uploads\/2023\/02\/Dynamic-2000x600-1-768x230.jpg 768w,\n                             https:\/\/www.mastercam.com\/wp-content\/uploads\/2023\/02\/Dynamic-2000x600-1-300x90.jpg 600w\"\n                     sizes=\"(min-width: 992px) 50vw, 100vw\"\n                     alt=\"metal screw drilling\"\n                                          class=\"hero__image\"\n                     loading=\"eager\"\n                     fetchpriority=\"high\"\n                     width=\"896\"\n                     height=\"504\">\n              <\/div>\n                      <\/div>\n        <\/div>\n      \n      \n      <div class=\"col-12 col-lg-6 order-2 order-lg-2 hero__content-column\">\n        <div class=\"hero__content\">\n                      <h1 class=\"hero__heading\">\n              \n              Technologie du mouvement dynamique\n            <\/h1>\n          \n          \n          \n          \n          \n                  <\/div>\n      <\/div>\n    <\/div>\n  <\/div>\n<\/div>\n\n<div class=\"wp-block-group is-style-container is-layout-flow wp-block-group-is-layout-flow\">\n<div class=\"wp-block-group is-style-heavy-padding is-layout-flow wp-block-group-is-layout-flow\">\n<div class=\"wp-block-group is-style-container is-layout-flow wp-block-group-is-layout-flow\">\n<div class=\"wp-block-group is-layout-flow wp-block-group-is-layout-flow\">\n<div class=\"wp-block-group is-nowrap is-layout-flex wp-container-core-group-is-layout-6c531013 wp-block-group-is-layout-flex\">\n<figure class=\"wp-block-image size-full is-resized\"><img loading=\"lazy\" decoding=\"async\" src=\"http:\/\/www.mastercam.com\/wp-content\/uploads\/2023\/02\/dynamic-motion-150x150-1.jpg\" alt=\"\" class=\"wp-image-4497\" width=\"60\" height=\"60\" srcset=\"https:\/\/www.mastercam.com\/wp-content\/uploads\/2023\/02\/dynamic-motion-150x150-1.jpg 150w, https:\/\/www.mastercam.com\/wp-content\/uploads\/2023\/02\/dynamic-motion-150x150-1-112x112.jpg 112w\" sizes=\"auto, (max-width: 60px) 100vw, 60px\" \/><\/figure>\n\n\n\n<div class=\"wp-block-group is-vertical is-layout-flex wp-container-core-group-is-layout-fe9cc265 wp-block-group-is-layout-flex\">\n<div class=\"wp-block-group is-vertical is-content-justification-left is-layout-flex wp-container-core-group-is-layout-dd225191 wp-block-group-is-layout-flex\">\n<h2 class=\"has-text-align-center wp-block-heading\">Pourquoi utiliser la dynamique ?<\/h2>\n<\/div>\n<\/div>\n<\/div>\n<\/div>\n<\/div>\n\n\n\n<p>Vous voulez conna\u00eetre l&rsquo;histoire qui se cache derri\u00e8re cinq des plus grands avantages que la dynamique a \u00e0 offrir ? Cliquez sur les liens vid\u00e9o dans chacune de ces sections pour en savoir plus. <\/p>\n<\/div>\n<\/div>\n<div class=\"container-fluid aligncenter wp-block-acf-block-cards\">\n  <div class=\"cards row g-4\">\n                                    <div class=\"col col-12 col-md-6 col-lg-4\">\n  <div class=\"card h-100 \">\n          <img decoding=\"async\" src=\"https:\/\/www.mastercam.com\/wp-content\/uploads\/2023\/02\/Video-image-1-1024x427-1.jpg\" class=\"card-img-top\" alt=\"Coupe facilement les mat\u00e9riaux durs\" loading=\"lazy\" \/>\n    \n    <div class=\"card-body\">\n      \n      <h3 class=\"card-title\">Coupe facilement les mat\u00e9riaux durs<\/h3>\n\n              <p class=\"card-text\">Les mat\u00e9riaux durs posent des probl\u00e8mes uniques &#8211; le mouvement dynamique rend les mat\u00e9riaux difficiles plus faciles.<\/p>\n      \n          <\/div>\n\n          \n      <div class=\"card-footer\">\n        <a class=\"btn btn-outline-secondary stretched-link\" href=\"https:\/\/youtu.be\/IxoAp_N7b3I\">\n          Voir la vid\u00e9o<span class=\"sr-only\"> about Coupe facilement les mat\u00e9riaux durs<\/span>\n        <\/a>\n      <\/div>\n      <\/div>\n\n  <\/div>\n                                        <div class=\"col col-12 col-md-6 col-lg-4\">\n  <div class=\"card h-100 \">\n          <img decoding=\"async\" src=\"https:\/\/www.mastercam.com\/wp-content\/uploads\/2023\/02\/Video-image-2-1024x427-1.jpg\" class=\"card-img-top\" alt=\"Utilisez n&amp;#039;importe quel usinage\" loading=\"lazy\" \/>\n    \n    <div class=\"card-body\">\n      \n      <h3 class=\"card-title\">Utilisez n&rsquo;importe quel usinage<\/h3>\n\n              <p class=\"card-text\">Nouvelles machines, anciennes machines &#8211; Dynamic Motion les rend toutes plus performantes.<\/p>\n      \n          <\/div>\n\n          \n      <div class=\"card-footer\">\n        <a class=\"btn btn-outline-secondary stretched-link\" href=\"https:\/\/youtu.be\/U51ZO2Pb37U%5D\">\n          Voir la vid\u00e9o<span class=\"sr-only\"> about Utilisez n&#039;importe quel usinage<\/span>\n        <\/a>\n      <\/div>\n      <\/div>\n\n  <\/div>\n                                        <div class=\"col col-12 col-md-6 col-lg-4\">\n  <div class=\"card h-100 \">\n          <img decoding=\"async\" src=\"https:\/\/www.mastercam.com\/wp-content\/uploads\/2023\/02\/IMage-3-1024x427-1.jpg\" class=\"card-img-top\" alt=\"R\u00e9duire le temps de cycle\" loading=\"lazy\" \/>\n    \n    <div class=\"card-body\">\n      \n      <h3 class=\"card-title\">R\u00e9duire le temps de cycle<\/h3>\n\n              <p class=\"card-text\">La technique de prise en compte des mat\u00e9riaux de Dynamic Motion permet de r\u00e9duire les temps de cycle de 25 \u00e0 75 %.<\/p>\n      \n          <\/div>\n\n          \n      <div class=\"card-footer\">\n        <a class=\"btn btn-outline-secondary stretched-link\" href=\"https:\/\/youtu.be\/5WRE4jwnRE4?t=1\">\n          Voir la vid\u00e9o<span class=\"sr-only\"> about R\u00e9duire le temps de cycle<\/span>\n        <\/a>\n      <\/div>\n      <\/div>\n\n  <\/div>\n                    <\/div>\n<\/div>\n<div class=\"container-fluid aligncenter wp-block-acf-block-cards\">\n  <div class=\"cards row g-4\">\n                                    <div class=\"col col-12 col-md-6 col-lg-4\">\n  <div class=\"card h-100 \">\n          <img decoding=\"async\" src=\"https:\/\/www.mastercam.com\/wp-content\/uploads\/2023\/02\/Wear-machine.jpg\" class=\"card-img-top\" alt=\"R\u00e9duire l&amp;#039;usure des machines\" loading=\"lazy\" \/>\n    \n    <div class=\"card-body\">\n      \n      <h3 class=\"card-title\">R\u00e9duire l&rsquo;usure des machines<\/h3>\n\n              <p class=\"card-text\">Des mouvements lisses et moins d&#039;inversions de trajectoire signifient que vos machines s&#039;usent moins.<\/p>\n      \n          <\/div>\n\n          \n      <div class=\"card-footer\">\n        <a class=\"btn btn-outline-secondary stretched-link\" href=\"https:\/\/youtu.be\/lPv8_JxdHK01\">\n          Voir la vid\u00e9o<span class=\"sr-only\"> about R\u00e9duire l&#039;usure des machines<\/span>\n        <\/a>\n      <\/div>\n      <\/div>\n\n  <\/div>\n                                        <div class=\"col col-12 col-md-6 col-lg-4\">\n  <div class=\"card h-100 \">\n          <img decoding=\"async\" src=\"https:\/\/www.mastercam.com\/wp-content\/uploads\/2023\/02\/Tool-LIfe.jpg\" class=\"card-img-top\" alt=\"Prolongez la dur\u00e9e de vie de vos outils\" loading=\"lazy\" \/>\n    \n    <div class=\"card-body\">\n      \n      <h3 class=\"card-title\">Prolongez la dur\u00e9e de vie de vos outils<\/h3>\n\n              <p class=\"card-text\">L&#039;allongement consid\u00e9rable de la dur\u00e9e de vie des outils signifie moins de changements d&#039;outils, plus de pi\u00e8ces et moins de d\u00e9penses.<\/p>\n      \n          <\/div>\n\n          \n      <div class=\"card-footer\">\n        <a class=\"btn btn-outline-secondary stretched-link\" href=\"https:\/\/www.youtube.com\/watch?v=kP9DcTABvXg\">\n          Voir la vid\u00e9o<span class=\"sr-only\"> about Prolongez la dur\u00e9e de vie de vos outils<\/span>\n        <\/a>\n      <\/div>\n      <\/div>\n\n  <\/div>\n                    <\/div>\n<\/div>\n","protected":false},"excerpt":{"rendered":"<p>Pourquoi utiliser la dynamique ? Vous voulez conna\u00eetre l&rsquo;histoire qui se cache derri\u00e8re cinq des [&hellip;]<\/p>\n","protected":false},"author":1,"featured_media":0,"parent":0,"menu_order":0,"comment_status":"closed","ping_status":"closed","template":"","meta":{"_acf_changed":false,"footnotes":""},"class_list":["post-34692","page","type-page","status-publish","hentry"],"acf":[],"yoast_head":"<!-- This site is optimized with the Yoast SEO plugin v27.3 - https:\/\/yoast.com\/product\/yoast-seo-wordpress\/ -->\n<title>Dynamique - mastercam.com<\/title>\n<meta name=\"description\" content=\"Pourquoi utiliser la dynamique ? Vous voulez conna\u00eetre l&#039;histoire qui se cache derri\u00e8re cinq des plus grands avantages que la dynamique a \u00e0 offrir ?\" \/>\n<meta name=\"robots\" content=\"index, follow, max-snippet:-1, max-image-preview:large, max-video-preview:-1\" \/>\n<link rel=\"canonical\" href=\"https:\/\/www.mastercam.com\/fr\/dynamique\/\" \/>\n<meta property=\"og:locale\" content=\"fr_FR\" \/>\n<meta property=\"og:type\" content=\"article\" \/>\n<meta property=\"og:title\" content=\"Dynamique - mastercam.com\" \/>\n<meta property=\"og:description\" content=\"Pourquoi utiliser la dynamique ? Vous voulez conna\u00eetre l&#039;histoire qui se cache derri\u00e8re cinq des plus grands avantages que la dynamique a \u00e0 offrir ?\" \/>\n<meta property=\"og:url\" content=\"https:\/\/www.mastercam.com\/fr\/dynamique\/\" \/>\n<meta property=\"og:site_name\" content=\"mastercam.com\" \/>\n<meta property=\"article:publisher\" content=\"https:\/\/www.facebook.com\/Mastercam\/\" \/>\n<meta property=\"article:modified_time\" content=\"2025-12-17T19:17:57+00:00\" \/>\n<meta property=\"og:image\" content=\"http:\/\/www.mastercam.com\/wp-content\/uploads\/2023\/02\/dynamic-motion-150x150-1.jpg\" \/>\n<meta name=\"twitter:card\" content=\"summary_large_image\" \/>\n<meta name=\"twitter:site\" content=\"@mastercam\" \/>\n<script type=\"application\/ld+json\" class=\"yoast-schema-graph\">{\"@context\":\"https:\\\/\\\/schema.org\",\"@graph\":[{\"@type\":\"WebPage\",\"@id\":\"https:\\\/\\\/www.mastercam.com\\\/fr\\\/dynamique\\\/\",\"url\":\"https:\\\/\\\/www.mastercam.com\\\/fr\\\/dynamique\\\/\",\"name\":\"Dynamique - mastercam.com\",\"isPartOf\":{\"@id\":\"https:\\\/\\\/www.mastercam.com\\\/fr\\\/#website\"},\"primaryImageOfPage\":{\"@id\":\"https:\\\/\\\/www.mastercam.com\\\/fr\\\/dynamique\\\/#primaryimage\"},\"image\":{\"@id\":\"https:\\\/\\\/www.mastercam.com\\\/fr\\\/dynamique\\\/#primaryimage\"},\"thumbnailUrl\":\"http:\\\/\\\/www.mastercam.com\\\/wp-content\\\/uploads\\\/2023\\\/02\\\/dynamic-motion-150x150-1.jpg\",\"datePublished\":\"2023-02-07T23:31:47+00:00\",\"dateModified\":\"2025-12-17T19:17:57+00:00\",\"description\":\"Pourquoi utiliser la dynamique ? Vous voulez conna\u00eetre l'histoire qui se cache derri\u00e8re cinq des plus grands avantages que la dynamique a \u00e0 offrir ?\",\"breadcrumb\":{\"@id\":\"https:\\\/\\\/www.mastercam.com\\\/fr\\\/dynamique\\\/#breadcrumb\"},\"inLanguage\":\"fr-FR\",\"potentialAction\":[{\"@type\":\"ReadAction\",\"target\":[\"https:\\\/\\\/www.mastercam.com\\\/fr\\\/dynamique\\\/\"]}]},{\"@type\":\"ImageObject\",\"inLanguage\":\"fr-FR\",\"@id\":\"https:\\\/\\\/www.mastercam.com\\\/fr\\\/dynamique\\\/#primaryimage\",\"url\":\"http:\\\/\\\/www.mastercam.com\\\/wp-content\\\/uploads\\\/2023\\\/02\\\/dynamic-motion-150x150-1.jpg\",\"contentUrl\":\"http:\\\/\\\/www.mastercam.com\\\/wp-content\\\/uploads\\\/2023\\\/02\\\/dynamic-motion-150x150-1.jpg\"},{\"@type\":\"BreadcrumbList\",\"@id\":\"https:\\\/\\\/www.mastercam.com\\\/fr\\\/dynamique\\\/#breadcrumb\",\"itemListElement\":[{\"@type\":\"ListItem\",\"position\":1,\"name\":\"Home\",\"item\":\"https:\\\/\\\/www.mastercam.com\\\/fr\\\/\"},{\"@type\":\"ListItem\",\"position\":2,\"name\":\"Dynamique\"}]},{\"@type\":\"WebSite\",\"@id\":\"https:\\\/\\\/www.mastercam.com\\\/fr\\\/#website\",\"url\":\"https:\\\/\\\/www.mastercam.com\\\/fr\\\/\",\"name\":\"Mastercam\",\"description\":\"Creating software and services that solve the world&#039;s manufacturing challenges\",\"publisher\":{\"@id\":\"https:\\\/\\\/www.mastercam.com\\\/fr\\\/#organization\"},\"potentialAction\":[{\"@type\":\"SearchAction\",\"target\":{\"@type\":\"EntryPoint\",\"urlTemplate\":\"https:\\\/\\\/www.mastercam.com\\\/fr\\\/?s={search_term_string}\"},\"query-input\":{\"@type\":\"PropertyValueSpecification\",\"valueRequired\":true,\"valueName\":\"search_term_string\"}}],\"inLanguage\":\"fr-FR\"},{\"@type\":\"Organization\",\"@id\":\"https:\\\/\\\/www.mastercam.com\\\/fr\\\/#organization\",\"name\":\"Mastercam\",\"url\":\"https:\\\/\\\/www.mastercam.com\\\/fr\\\/\",\"logo\":{\"@type\":\"ImageObject\",\"inLanguage\":\"fr-FR\",\"@id\":\"https:\\\/\\\/www.mastercam.com\\\/fr\\\/#\\\/schema\\\/logo\\\/image\\\/\",\"url\":\"https:\\\/\\\/www.mastercam.com\\\/wp-content\\\/uploads\\\/2023\\\/02\\\/MC_logo.svg\",\"contentUrl\":\"https:\\\/\\\/www.mastercam.com\\\/wp-content\\\/uploads\\\/2023\\\/02\\\/MC_logo.svg\",\"width\":230,\"height\":40,\"caption\":\"Mastercam\"},\"image\":{\"@id\":\"https:\\\/\\\/www.mastercam.com\\\/fr\\\/#\\\/schema\\\/logo\\\/image\\\/\"},\"sameAs\":[\"https:\\\/\\\/www.facebook.com\\\/Mastercam\\\/\",\"https:\\\/\\\/x.com\\\/mastercam\",\"https:\\\/\\\/www.linkedin.com\\\/company\\\/mastercam\",\"https:\\\/\\\/www.youtube.com\\\/channel\\\/UChJt5ruSkqnmFH44WsXVZLw\",\"https:\\\/\\\/www.instagram.com\\\/mastercam\\\/\"]}]}<\/script>\n<!-- \/ Yoast SEO plugin. -->","yoast_head_json":{"title":"Dynamique - mastercam.com","description":"Pourquoi utiliser la dynamique ? Vous voulez conna\u00eetre l'histoire qui se cache derri\u00e8re cinq des plus grands avantages que la dynamique a \u00e0 offrir ?","robots":{"index":"index","follow":"follow","max-snippet":"max-snippet:-1","max-image-preview":"max-image-preview:large","max-video-preview":"max-video-preview:-1"},"canonical":"https:\/\/www.mastercam.com\/fr\/dynamique\/","og_locale":"fr_FR","og_type":"article","og_title":"Dynamique - mastercam.com","og_description":"Pourquoi utiliser la dynamique ? Vous voulez conna\u00eetre l'histoire qui se cache derri\u00e8re cinq des plus grands avantages que la dynamique a \u00e0 offrir ?","og_url":"https:\/\/www.mastercam.com\/fr\/dynamique\/","og_site_name":"mastercam.com","article_publisher":"https:\/\/www.facebook.com\/Mastercam\/","article_modified_time":"2025-12-17T19:17:57+00:00","og_image":[{"url":"http:\/\/www.mastercam.com\/wp-content\/uploads\/2023\/02\/dynamic-motion-150x150-1.jpg","type":"","width":"","height":""}],"twitter_card":"summary_large_image","twitter_site":"@mastercam","schema":{"@context":"https:\/\/schema.org","@graph":[{"@type":"WebPage","@id":"https:\/\/www.mastercam.com\/fr\/dynamique\/","url":"https:\/\/www.mastercam.com\/fr\/dynamique\/","name":"Dynamique - mastercam.com","isPartOf":{"@id":"https:\/\/www.mastercam.com\/fr\/#website"},"primaryImageOfPage":{"@id":"https:\/\/www.mastercam.com\/fr\/dynamique\/#primaryimage"},"image":{"@id":"https:\/\/www.mastercam.com\/fr\/dynamique\/#primaryimage"},"thumbnailUrl":"http:\/\/www.mastercam.com\/wp-content\/uploads\/2023\/02\/dynamic-motion-150x150-1.jpg","datePublished":"2023-02-07T23:31:47+00:00","dateModified":"2025-12-17T19:17:57+00:00","description":"Pourquoi utiliser la dynamique ? Vous voulez conna\u00eetre l'histoire qui se cache derri\u00e8re cinq des plus grands avantages que la dynamique a \u00e0 offrir ?","breadcrumb":{"@id":"https:\/\/www.mastercam.com\/fr\/dynamique\/#breadcrumb"},"inLanguage":"fr-FR","potentialAction":[{"@type":"ReadAction","target":["https:\/\/www.mastercam.com\/fr\/dynamique\/"]}]},{"@type":"ImageObject","inLanguage":"fr-FR","@id":"https:\/\/www.mastercam.com\/fr\/dynamique\/#primaryimage","url":"http:\/\/www.mastercam.com\/wp-content\/uploads\/2023\/02\/dynamic-motion-150x150-1.jpg","contentUrl":"http:\/\/www.mastercam.com\/wp-content\/uploads\/2023\/02\/dynamic-motion-150x150-1.jpg"},{"@type":"BreadcrumbList","@id":"https:\/\/www.mastercam.com\/fr\/dynamique\/#breadcrumb","itemListElement":[{"@type":"ListItem","position":1,"name":"Home","item":"https:\/\/www.mastercam.com\/fr\/"},{"@type":"ListItem","position":2,"name":"Dynamique"}]},{"@type":"WebSite","@id":"https:\/\/www.mastercam.com\/fr\/#website","url":"https:\/\/www.mastercam.com\/fr\/","name":"Mastercam","description":"Creating software and services that solve the world&#039;s manufacturing challenges","publisher":{"@id":"https:\/\/www.mastercam.com\/fr\/#organization"},"potentialAction":[{"@type":"SearchAction","target":{"@type":"EntryPoint","urlTemplate":"https:\/\/www.mastercam.com\/fr\/?s={search_term_string}"},"query-input":{"@type":"PropertyValueSpecification","valueRequired":true,"valueName":"search_term_string"}}],"inLanguage":"fr-FR"},{"@type":"Organization","@id":"https:\/\/www.mastercam.com\/fr\/#organization","name":"Mastercam","url":"https:\/\/www.mastercam.com\/fr\/","logo":{"@type":"ImageObject","inLanguage":"fr-FR","@id":"https:\/\/www.mastercam.com\/fr\/#\/schema\/logo\/image\/","url":"https:\/\/www.mastercam.com\/wp-content\/uploads\/2023\/02\/MC_logo.svg","contentUrl":"https:\/\/www.mastercam.com\/wp-content\/uploads\/2023\/02\/MC_logo.svg","width":230,"height":40,"caption":"Mastercam"},"image":{"@id":"https:\/\/www.mastercam.com\/fr\/#\/schema\/logo\/image\/"},"sameAs":["https:\/\/www.facebook.com\/Mastercam\/","https:\/\/x.com\/mastercam","https:\/\/www.linkedin.com\/company\/mastercam","https:\/\/www.youtube.com\/channel\/UChJt5ruSkqnmFH44WsXVZLw","https:\/\/www.instagram.com\/mastercam\/"]}]}},"_links":{"self":[{"href":"https:\/\/www.mastercam.com\/fr\/wp-json\/wp\/v2\/pages\/34692","targetHints":{"allow":["GET"]}}],"collection":[{"href":"https:\/\/www.mastercam.com\/fr\/wp-json\/wp\/v2\/pages"}],"about":[{"href":"https:\/\/www.mastercam.com\/fr\/wp-json\/wp\/v2\/types\/page"}],"author":[{"embeddable":true,"href":"https:\/\/www.mastercam.com\/fr\/wp-json\/wp\/v2\/users\/1"}],"replies":[{"embeddable":true,"href":"https:\/\/www.mastercam.com\/fr\/wp-json\/wp\/v2\/comments?post=34692"}],"version-history":[{"count":0,"href":"https:\/\/www.mastercam.com\/fr\/wp-json\/wp\/v2\/pages\/34692\/revisions"}],"wp:attachment":[{"href":"https:\/\/www.mastercam.com\/fr\/wp-json\/wp\/v2\/media?parent=34692"}],"curies":[{"name":"wp","href":"https:\/\/api.w.org\/{rel}","templated":true}]}}