{"id":34682,"date":"2023-01-31T19:07:59","date_gmt":"2023-02-01T00:07:59","guid":{"rendered":"https:\/\/www.mastercam.com\/a-propos-de-nous\/direction\/geoff-nevins\/"},"modified":"2025-12-17T14:17:40","modified_gmt":"2025-12-17T19:17:40","slug":"geoff-nevins","status":"publish","type":"page","link":"https:\/\/www.mastercam.com\/fr\/actualites\/a-propos-de-nous\/direction\/geoff-nevins\/","title":{"rendered":"Geoff Nevins"},"content":{"rendered":"\n<div class=\"wp-block-columns is-style-container is-layout-flex wp-container-core-columns-is-layout-a61e1d87 wp-block-columns-is-layout-flex\" style=\"padding-bottom:var(--wp--preset--spacing--6)\">\n<div class=\"wp-block-column is-layout-flow wp-block-column-is-layout-flow\">\n<div class=\"wp-block-media-text alignwide is-stacked-on-mobile is-vertically-aligned-top is-style-container\" style=\"grid-template-columns:20% auto\"><figure class=\"wp-block-media-text__media\"><img loading=\"lazy\" decoding=\"async\" width=\"1024\" height=\"1024\" src=\"https:\/\/www.mastercam.com\/wp-content\/uploads\/2024\/02\/GeoffN1024x1024.jpg\" alt=\"Photo de Geoff Nevins Directeur de l&#039;information\" class=\"wp-image-21990 size-medium\" srcset=\"https:\/\/www.mastercam.com\/wp-content\/uploads\/2024\/02\/GeoffN1024x1024.jpg 1024w, https:\/\/www.mastercam.com\/wp-content\/uploads\/2024\/02\/GeoffN1024x1024-150x150.jpg 150w, https:\/\/www.mastercam.com\/wp-content\/uploads\/2024\/02\/GeoffN1024x1024-300x300.jpg 300w, https:\/\/www.mastercam.com\/wp-content\/uploads\/2024\/02\/GeoffN1024x1024-768x768.jpg 768w, https:\/\/www.mastercam.com\/wp-content\/uploads\/2024\/02\/GeoffN1024x1024-112x112.jpg 112w, https:\/\/www.mastercam.com\/wp-content\/uploads\/2024\/02\/GeoffN1024x1024-224x224.jpg 224w\" sizes=\"auto, (max-width: 1024px) 100vw, 1024px\" \/><\/figure><div class=\"wp-block-media-text__content\">\n<p><strong>DIRECTEUR DE L&rsquo;INFORMATION<\/strong><\/p>\n\n\n\n<p>Geoff est charg\u00e9 de superviser les op\u00e9rations et les syst\u00e8mes commerciaux, les technologies de l&rsquo;information et l&rsquo;analyse des donn\u00e9es.  <\/p>\n\n\n\n<p>Geoff a plus de 30 ans d&rsquo;exp\u00e9rience dans l&rsquo;industrie du logiciel, en particulier dans les domaines de la CAO\/FAO, de la CNC et des applications d&rsquo;ing\u00e9nierie. Il a rejoint Mastercam en 1999 en tant qu&rsquo;ing\u00e9nieur logiciel senior, puis est devenu directeur des syst\u00e8mes d&rsquo;information. Il a \u00e9t\u00e9 promu CIO en 2012, et a depuis dirig\u00e9 la structure technologique interne de l&rsquo;entreprise, les ressources et la feuille de route.    <\/p>\n\n\n\n<p>Geoff est titulaire d&rsquo;une licence en sciences informatiques et en ing\u00e9nierie de l&rsquo;universit\u00e9 du Connecticut. Il vit \u00e0 Avon, dans le Connecticut, avec sa femme et ses deux enfants. Geoff aime les activit\u00e9s de plein air, le b\u00e9n\u00e9volat, les voyages et les contacts avec ses amis et sa famille.  <\/p>\n<\/div><\/div>\n<\/div>\n<\/div>\n","protected":false},"excerpt":{"rendered":"<p>DIRECTEUR DE L&rsquo;INFORMATION Geoff est charg\u00e9 de superviser les op\u00e9rations et les syst\u00e8mes commerciaux, les [&hellip;]<\/p>\n","protected":false},"author":1,"featured_media":0,"parent":28807,"menu_order":0,"comment_status":"closed","ping_status":"closed","template":"","meta":{"_acf_changed":false,"footnotes":""},"class_list":["post-34682","page","type-page","status-publish","hentry"],"acf":[],"yoast_head":"<!-- This site is optimized with the Yoast SEO plugin v26.8 - https:\/\/yoast.com\/product\/yoast-seo-wordpress\/ -->\n<title>Geoff Nevins - mastercam.com<\/title>\n<meta name=\"description\" content=\"DIRECTEUR DE L&#039;INFORMATION Geoff est charg\u00e9 de superviser les op\u00e9rations et les syst\u00e8mes commerciaux, les technologies de l&#039;information et l&#039;analyse des\" \/>\n<meta name=\"robots\" content=\"index, follow, max-snippet:-1, max-image-preview:large, max-video-preview:-1\" \/>\n<link rel=\"canonical\" href=\"https:\/\/www.mastercam.com\/fr\/actualites\/a-propos-de-nous\/direction\/geoff-nevins\/\" \/>\n<meta property=\"og:locale\" content=\"fr_FR\" \/>\n<meta property=\"og:type\" content=\"article\" \/>\n<meta property=\"og:title\" content=\"Geoff Nevins - mastercam.com\" \/>\n<meta property=\"og:description\" content=\"DIRECTEUR DE L&#039;INFORMATION Geoff est charg\u00e9 de superviser les op\u00e9rations et les syst\u00e8mes commerciaux, les technologies de l&#039;information et l&#039;analyse des\" \/>\n<meta property=\"og:url\" content=\"https:\/\/www.mastercam.com\/fr\/actualites\/a-propos-de-nous\/direction\/geoff-nevins\/\" \/>\n<meta property=\"og:site_name\" content=\"mastercam.com\" \/>\n<meta property=\"article:publisher\" content=\"https:\/\/www.facebook.com\/Mastercam\/\" \/>\n<meta property=\"article:modified_time\" content=\"2025-12-17T19:17:40+00:00\" \/>\n<meta property=\"og:image\" content=\"https:\/\/www.mastercam.com\/wp-content\/uploads\/2024\/02\/GeoffN1024x1024.jpg\" \/>\n<meta name=\"twitter:card\" content=\"summary_large_image\" \/>\n<meta name=\"twitter:site\" content=\"@mastercam\" \/>\n<meta name=\"twitter:label1\" content=\"Est. reading time\" \/>\n\t<meta name=\"twitter:data1\" content=\"1 minute\" \/>\n<script type=\"application\/ld+json\" class=\"yoast-schema-graph\">{\"@context\":\"https:\/\/schema.org\",\"@graph\":[{\"@type\":\"WebPage\",\"@id\":\"https:\/\/www.mastercam.com\/fr\/actualites\/a-propos-de-nous\/direction\/geoff-nevins\/\",\"url\":\"https:\/\/www.mastercam.com\/fr\/actualites\/a-propos-de-nous\/direction\/geoff-nevins\/\",\"name\":\"Geoff Nevins - mastercam.com\",\"isPartOf\":{\"@id\":\"https:\/\/www.mastercam.com\/fr\/#website\"},\"primaryImageOfPage\":{\"@id\":\"https:\/\/www.mastercam.com\/fr\/actualites\/a-propos-de-nous\/direction\/geoff-nevins\/#primaryimage\"},\"image\":{\"@id\":\"https:\/\/www.mastercam.com\/fr\/actualites\/a-propos-de-nous\/direction\/geoff-nevins\/#primaryimage\"},\"thumbnailUrl\":\"https:\/\/www.mastercam.com\/wp-content\/uploads\/2024\/02\/GeoffN1024x1024.jpg\",\"datePublished\":\"2023-02-01T00:07:59+00:00\",\"dateModified\":\"2025-12-17T19:17:40+00:00\",\"description\":\"DIRECTEUR DE L'INFORMATION Geoff est charg\u00e9 de superviser les op\u00e9rations et les syst\u00e8mes commerciaux, les technologies de l'information et l'analyse des\",\"breadcrumb\":{\"@id\":\"https:\/\/www.mastercam.com\/fr\/actualites\/a-propos-de-nous\/direction\/geoff-nevins\/#breadcrumb\"},\"inLanguage\":\"fr-FR\",\"potentialAction\":[{\"@type\":\"ReadAction\",\"target\":[\"https:\/\/www.mastercam.com\/fr\/actualites\/a-propos-de-nous\/direction\/geoff-nevins\/\"]}]},{\"@type\":\"ImageObject\",\"inLanguage\":\"fr-FR\",\"@id\":\"https:\/\/www.mastercam.com\/fr\/actualites\/a-propos-de-nous\/direction\/geoff-nevins\/#primaryimage\",\"url\":\"https:\/\/www.mastercam.com\/wp-content\/uploads\/2024\/02\/GeoffN1024x1024.jpg\",\"contentUrl\":\"https:\/\/www.mastercam.com\/wp-content\/uploads\/2024\/02\/GeoffN1024x1024.jpg\"},{\"@type\":\"BreadcrumbList\",\"@id\":\"https:\/\/www.mastercam.com\/fr\/actualites\/a-propos-de-nous\/direction\/geoff-nevins\/#breadcrumb\",\"itemListElement\":[{\"@type\":\"ListItem\",\"position\":1,\"name\":\"Home\",\"item\":\"https:\/\/www.mastercam.com\/fr\/\"},{\"@type\":\"ListItem\",\"position\":2,\"name\":\"Actualit\u00e9s\",\"item\":\"https:\/\/www.mastercam.com\/fr\/actualites\/\"},{\"@type\":\"ListItem\",\"position\":3,\"name\":\"A propos de nous\",\"item\":\"https:\/\/www.mastercam.com\/fr\/actualites\/a-propos-de-nous\/\"},{\"@type\":\"ListItem\",\"position\":4,\"name\":\"\u00c9quipe de direction\",\"item\":\"https:\/\/www.mastercam.com\/fr\/actualites\/a-propos-de-nous\/direction\/\"},{\"@type\":\"ListItem\",\"position\":5,\"name\":\"Geoff Nevins\"}]},{\"@type\":\"WebSite\",\"@id\":\"https:\/\/www.mastercam.com\/fr\/#website\",\"url\":\"https:\/\/www.mastercam.com\/fr\/\",\"name\":\"Mastercam\",\"description\":\"Creating software and services that solve the world&#039;s manufacturing challenges\",\"publisher\":{\"@id\":\"https:\/\/www.mastercam.com\/fr\/#organization\"},\"potentialAction\":[{\"@type\":\"SearchAction\",\"target\":{\"@type\":\"EntryPoint\",\"urlTemplate\":\"https:\/\/www.mastercam.com\/fr\/?s={search_term_string}\"},\"query-input\":{\"@type\":\"PropertyValueSpecification\",\"valueRequired\":true,\"valueName\":\"search_term_string\"}}],\"inLanguage\":\"fr-FR\"},{\"@type\":\"Organization\",\"@id\":\"https:\/\/www.mastercam.com\/fr\/#organization\",\"name\":\"Mastercam\",\"url\":\"https:\/\/www.mastercam.com\/fr\/\",\"logo\":{\"@type\":\"ImageObject\",\"inLanguage\":\"fr-FR\",\"@id\":\"https:\/\/www.mastercam.com\/fr\/#\/schema\/logo\/image\/\",\"url\":\"https:\/\/www.mastercam.com\/wp-content\/uploads\/2023\/02\/MC_logo.svg\",\"contentUrl\":\"https:\/\/www.mastercam.com\/wp-content\/uploads\/2023\/02\/MC_logo.svg\",\"width\":230,\"height\":40,\"caption\":\"Mastercam\"},\"image\":{\"@id\":\"https:\/\/www.mastercam.com\/fr\/#\/schema\/logo\/image\/\"},\"sameAs\":[\"https:\/\/www.facebook.com\/Mastercam\/\",\"https:\/\/x.com\/mastercam\",\"https:\/\/www.linkedin.com\/company\/mastercam\",\"https:\/\/www.youtube.com\/channel\/UChJt5ruSkqnmFH44WsXVZLw\",\"https:\/\/www.instagram.com\/mastercam\/\"]}]}<\/script>\n<!-- \/ Yoast SEO plugin. -->","yoast_head_json":{"title":"Geoff Nevins - mastercam.com","description":"DIRECTEUR DE L'INFORMATION Geoff est charg\u00e9 de superviser les op\u00e9rations et les syst\u00e8mes commerciaux, les technologies de l'information et l'analyse des","robots":{"index":"index","follow":"follow","max-snippet":"max-snippet:-1","max-image-preview":"max-image-preview:large","max-video-preview":"max-video-preview:-1"},"canonical":"https:\/\/www.mastercam.com\/fr\/actualites\/a-propos-de-nous\/direction\/geoff-nevins\/","og_locale":"fr_FR","og_type":"article","og_title":"Geoff Nevins - mastercam.com","og_description":"DIRECTEUR DE L'INFORMATION Geoff est charg\u00e9 de superviser les op\u00e9rations et les syst\u00e8mes commerciaux, les technologies de l'information et l'analyse des","og_url":"https:\/\/www.mastercam.com\/fr\/actualites\/a-propos-de-nous\/direction\/geoff-nevins\/","og_site_name":"mastercam.com","article_publisher":"https:\/\/www.facebook.com\/Mastercam\/","article_modified_time":"2025-12-17T19:17:40+00:00","og_image":[{"url":"https:\/\/www.mastercam.com\/wp-content\/uploads\/2024\/02\/GeoffN1024x1024.jpg","type":"","width":"","height":""}],"twitter_card":"summary_large_image","twitter_site":"@mastercam","twitter_misc":{"Est. reading time":"1 minute"},"schema":{"@context":"https:\/\/schema.org","@graph":[{"@type":"WebPage","@id":"https:\/\/www.mastercam.com\/fr\/actualites\/a-propos-de-nous\/direction\/geoff-nevins\/","url":"https:\/\/www.mastercam.com\/fr\/actualites\/a-propos-de-nous\/direction\/geoff-nevins\/","name":"Geoff Nevins - mastercam.com","isPartOf":{"@id":"https:\/\/www.mastercam.com\/fr\/#website"},"primaryImageOfPage":{"@id":"https:\/\/www.mastercam.com\/fr\/actualites\/a-propos-de-nous\/direction\/geoff-nevins\/#primaryimage"},"image":{"@id":"https:\/\/www.mastercam.com\/fr\/actualites\/a-propos-de-nous\/direction\/geoff-nevins\/#primaryimage"},"thumbnailUrl":"https:\/\/www.mastercam.com\/wp-content\/uploads\/2024\/02\/GeoffN1024x1024.jpg","datePublished":"2023-02-01T00:07:59+00:00","dateModified":"2025-12-17T19:17:40+00:00","description":"DIRECTEUR DE L'INFORMATION Geoff est charg\u00e9 de superviser les op\u00e9rations et les syst\u00e8mes commerciaux, les technologies de l'information et l'analyse des","breadcrumb":{"@id":"https:\/\/www.mastercam.com\/fr\/actualites\/a-propos-de-nous\/direction\/geoff-nevins\/#breadcrumb"},"inLanguage":"fr-FR","potentialAction":[{"@type":"ReadAction","target":["https:\/\/www.mastercam.com\/fr\/actualites\/a-propos-de-nous\/direction\/geoff-nevins\/"]}]},{"@type":"ImageObject","inLanguage":"fr-FR","@id":"https:\/\/www.mastercam.com\/fr\/actualites\/a-propos-de-nous\/direction\/geoff-nevins\/#primaryimage","url":"https:\/\/www.mastercam.com\/wp-content\/uploads\/2024\/02\/GeoffN1024x1024.jpg","contentUrl":"https:\/\/www.mastercam.com\/wp-content\/uploads\/2024\/02\/GeoffN1024x1024.jpg"},{"@type":"BreadcrumbList","@id":"https:\/\/www.mastercam.com\/fr\/actualites\/a-propos-de-nous\/direction\/geoff-nevins\/#breadcrumb","itemListElement":[{"@type":"ListItem","position":1,"name":"Home","item":"https:\/\/www.mastercam.com\/fr\/"},{"@type":"ListItem","position":2,"name":"Actualit\u00e9s","item":"https:\/\/www.mastercam.com\/fr\/actualites\/"},{"@type":"ListItem","position":3,"name":"A propos de nous","item":"https:\/\/www.mastercam.com\/fr\/actualites\/a-propos-de-nous\/"},{"@type":"ListItem","position":4,"name":"\u00c9quipe de direction","item":"https:\/\/www.mastercam.com\/fr\/actualites\/a-propos-de-nous\/direction\/"},{"@type":"ListItem","position":5,"name":"Geoff Nevins"}]},{"@type":"WebSite","@id":"https:\/\/www.mastercam.com\/fr\/#website","url":"https:\/\/www.mastercam.com\/fr\/","name":"Mastercam","description":"Creating software and services that solve the world&#039;s manufacturing challenges","publisher":{"@id":"https:\/\/www.mastercam.com\/fr\/#organization"},"potentialAction":[{"@type":"SearchAction","target":{"@type":"EntryPoint","urlTemplate":"https:\/\/www.mastercam.com\/fr\/?s={search_term_string}"},"query-input":{"@type":"PropertyValueSpecification","valueRequired":true,"valueName":"search_term_string"}}],"inLanguage":"fr-FR"},{"@type":"Organization","@id":"https:\/\/www.mastercam.com\/fr\/#organization","name":"Mastercam","url":"https:\/\/www.mastercam.com\/fr\/","logo":{"@type":"ImageObject","inLanguage":"fr-FR","@id":"https:\/\/www.mastercam.com\/fr\/#\/schema\/logo\/image\/","url":"https:\/\/www.mastercam.com\/wp-content\/uploads\/2023\/02\/MC_logo.svg","contentUrl":"https:\/\/www.mastercam.com\/wp-content\/uploads\/2023\/02\/MC_logo.svg","width":230,"height":40,"caption":"Mastercam"},"image":{"@id":"https:\/\/www.mastercam.com\/fr\/#\/schema\/logo\/image\/"},"sameAs":["https:\/\/www.facebook.com\/Mastercam\/","https:\/\/x.com\/mastercam","https:\/\/www.linkedin.com\/company\/mastercam","https:\/\/www.youtube.com\/channel\/UChJt5ruSkqnmFH44WsXVZLw","https:\/\/www.instagram.com\/mastercam\/"]}]}},"_links":{"self":[{"href":"https:\/\/www.mastercam.com\/fr\/wp-json\/wp\/v2\/pages\/34682","targetHints":{"allow":["GET"]}}],"collection":[{"href":"https:\/\/www.mastercam.com\/fr\/wp-json\/wp\/v2\/pages"}],"about":[{"href":"https:\/\/www.mastercam.com\/fr\/wp-json\/wp\/v2\/types\/page"}],"author":[{"embeddable":true,"href":"https:\/\/www.mastercam.com\/fr\/wp-json\/wp\/v2\/users\/1"}],"replies":[{"embeddable":true,"href":"https:\/\/www.mastercam.com\/fr\/wp-json\/wp\/v2\/comments?post=34682"}],"version-history":[{"count":0,"href":"https:\/\/www.mastercam.com\/fr\/wp-json\/wp\/v2\/pages\/34682\/revisions"}],"up":[{"embeddable":true,"href":"https:\/\/www.mastercam.com\/fr\/wp-json\/wp\/v2\/pages\/28807"}],"wp:attachment":[{"href":"https:\/\/www.mastercam.com\/fr\/wp-json\/wp\/v2\/media?parent=34682"}],"curies":[{"name":"wp","href":"https:\/\/api.w.org\/{rel}","templated":true}]}}