{"id":34680,"date":"2023-01-31T19:07:07","date_gmt":"2023-02-01T00:07:07","guid":{"rendered":"https:\/\/www.mastercam.com\/a-propos-de-nous\/direction\/russ-bukowski\/"},"modified":"2025-12-17T14:17:40","modified_gmt":"2025-12-17T19:17:40","slug":"russ-bukowski","status":"publish","type":"page","link":"https:\/\/www.mastercam.com\/fr\/actualites\/a-propos-de-nous\/direction\/russ-bukowski\/","title":{"rendered":"Russ Bukowski"},"content":{"rendered":"\n<div class=\"wp-block-columns is-style-container is-layout-flex wp-container-core-columns-is-layout-a61e1d87 wp-block-columns-is-layout-flex\" style=\"padding-bottom:var(--wp--preset--spacing--6)\">\n<div class=\"wp-block-column is-layout-flow wp-block-column-is-layout-flow\">\n<div class=\"wp-block-media-text alignwide is-stacked-on-mobile is-vertically-aligned-top is-style-container\" style=\"grid-template-columns:20% auto\"><figure class=\"wp-block-media-text__media\"><img loading=\"lazy\" decoding=\"async\" width=\"1024\" height=\"1024\" src=\"http:\/\/www.mastercam.com\/wp-content\/uploads\/2024\/02\/RussB1024x1024.jpg\" alt=\"Photo de Russ Bukowski Directeur de la strat\u00e9gie et de l&#039;exp\u00e9rience\" class=\"wp-image-21978 size-medium\" srcset=\"https:\/\/www.mastercam.com\/wp-content\/uploads\/2024\/02\/RussB1024x1024.jpg 1024w, https:\/\/www.mastercam.com\/wp-content\/uploads\/2024\/02\/RussB1024x1024-150x150.jpg 150w, https:\/\/www.mastercam.com\/wp-content\/uploads\/2024\/02\/RussB1024x1024-300x300.jpg 300w, https:\/\/www.mastercam.com\/wp-content\/uploads\/2024\/02\/RussB1024x1024-768x768.jpg 768w, https:\/\/www.mastercam.com\/wp-content\/uploads\/2024\/02\/RussB1024x1024-112x112.jpg 112w, https:\/\/www.mastercam.com\/wp-content\/uploads\/2024\/02\/RussB1024x1024-224x224.jpg 224w\" sizes=\"auto, (max-width: 1024px) 100vw, 1024px\" \/><\/figure><div class=\"wp-block-media-text__content\">\n<p><strong>PR\u00c9SIDENT<\/strong><\/p>\n\n\n\n<p>Russ Bukowski est un cadre chevronn\u00e9 qui poss\u00e8de plus de 20 ans d&rsquo;exp\u00e9rience dans le domaine de la strat\u00e9gie et de l&rsquo;exp\u00e9rience. En tant que pr\u00e9sident, Russ est charg\u00e9 de superviser l&rsquo;\u00e9laboration et l&rsquo;ex\u00e9cution de la strat\u00e9gie globale de l&rsquo;entreprise, ainsi que de veiller \u00e0 ce que l&rsquo;exp\u00e9rience client soit toujours de premier ordre.   <\/p>\n\n\n\n<p>Tout au long de sa carri\u00e8re, Russ a d\u00e9velopp\u00e9 une compr\u00e9hension profonde de ce qu&rsquo;il faut pour cr\u00e9er une strat\u00e9gie r\u00e9ussie et offrir des exp\u00e9riences exceptionnelles aux clients. Il est connu pour sa capacit\u00e9 \u00e0 distiller des id\u00e9es complexes en plans simples et exploitables qui pilotent les r\u00e9sultats. Russ est un conf\u00e9rencier recherch\u00e9 sur des sujets li\u00e9s \u00e0 la strat\u00e9gie et \u00e0 l&rsquo;exp\u00e9rience client et a \u00e9t\u00e9 pr\u00e9sent\u00e9 dans de nombreuses publications et conf\u00e9rences. Pendant son temps libre, Russ aime jouer de la guitare, les jeux vid\u00e9o, visiter Disney World et passer du temps avec sa famille.   <\/p>\n<\/div><\/div>\n<\/div>\n<\/div>\n","protected":false},"excerpt":{"rendered":"<p>PR\u00c9SIDENT Russ Bukowski est un cadre chevronn\u00e9 qui poss\u00e8de plus de 20 ans d&rsquo;exp\u00e9rience dans [&hellip;]<\/p>\n","protected":false},"author":1,"featured_media":0,"parent":28807,"menu_order":0,"comment_status":"closed","ping_status":"closed","template":"","meta":{"_acf_changed":false,"footnotes":""},"class_list":["post-34680","page","type-page","status-publish","hentry"],"acf":[],"yoast_head":"<!-- This site is optimized with the Yoast SEO plugin v26.8 - https:\/\/yoast.com\/product\/yoast-seo-wordpress\/ -->\n<title>Russ Bukowski - mastercam.com<\/title>\n<meta name=\"description\" content=\"PR\u00c9SIDENT Russ Bukowski est un cadre chevronn\u00e9 qui poss\u00e8de plus de 20 ans d&#039;exp\u00e9rience dans le domaine de la strat\u00e9gie et de l&#039;exp\u00e9rience. En tant que\" \/>\n<meta name=\"robots\" content=\"index, follow, max-snippet:-1, max-image-preview:large, max-video-preview:-1\" \/>\n<link rel=\"canonical\" href=\"https:\/\/www.mastercam.com\/fr\/actualites\/a-propos-de-nous\/direction\/russ-bukowski\/\" \/>\n<meta property=\"og:locale\" content=\"fr_FR\" \/>\n<meta property=\"og:type\" content=\"article\" \/>\n<meta property=\"og:title\" content=\"Russ Bukowski - mastercam.com\" \/>\n<meta property=\"og:description\" content=\"PR\u00c9SIDENT Russ Bukowski est un cadre chevronn\u00e9 qui poss\u00e8de plus de 20 ans d&#039;exp\u00e9rience dans le domaine de la strat\u00e9gie et de l&#039;exp\u00e9rience. En tant que\" \/>\n<meta property=\"og:url\" content=\"https:\/\/www.mastercam.com\/fr\/actualites\/a-propos-de-nous\/direction\/russ-bukowski\/\" \/>\n<meta property=\"og:site_name\" content=\"mastercam.com\" \/>\n<meta property=\"article:publisher\" content=\"https:\/\/www.facebook.com\/Mastercam\/\" \/>\n<meta property=\"article:modified_time\" content=\"2025-12-17T19:17:40+00:00\" \/>\n<meta property=\"og:image\" content=\"http:\/\/www.mastercam.com\/wp-content\/uploads\/2024\/02\/RussB1024x1024.jpg\" \/>\n<meta name=\"twitter:card\" content=\"summary_large_image\" \/>\n<meta name=\"twitter:site\" content=\"@mastercam\" \/>\n<meta name=\"twitter:label1\" content=\"Est. reading time\" \/>\n\t<meta name=\"twitter:data1\" content=\"1 minute\" \/>\n<script type=\"application\/ld+json\" class=\"yoast-schema-graph\">{\"@context\":\"https:\/\/schema.org\",\"@graph\":[{\"@type\":\"WebPage\",\"@id\":\"https:\/\/www.mastercam.com\/fr\/actualites\/a-propos-de-nous\/direction\/russ-bukowski\/\",\"url\":\"https:\/\/www.mastercam.com\/fr\/actualites\/a-propos-de-nous\/direction\/russ-bukowski\/\",\"name\":\"Russ Bukowski - mastercam.com\",\"isPartOf\":{\"@id\":\"https:\/\/www.mastercam.com\/fr\/#website\"},\"primaryImageOfPage\":{\"@id\":\"https:\/\/www.mastercam.com\/fr\/actualites\/a-propos-de-nous\/direction\/russ-bukowski\/#primaryimage\"},\"image\":{\"@id\":\"https:\/\/www.mastercam.com\/fr\/actualites\/a-propos-de-nous\/direction\/russ-bukowski\/#primaryimage\"},\"thumbnailUrl\":\"http:\/\/www.mastercam.com\/wp-content\/uploads\/2024\/02\/RussB1024x1024.jpg\",\"datePublished\":\"2023-02-01T00:07:07+00:00\",\"dateModified\":\"2025-12-17T19:17:40+00:00\",\"description\":\"PR\u00c9SIDENT Russ Bukowski est un cadre chevronn\u00e9 qui poss\u00e8de plus de 20 ans d'exp\u00e9rience dans le domaine de la strat\u00e9gie et de l'exp\u00e9rience. En tant que\",\"breadcrumb\":{\"@id\":\"https:\/\/www.mastercam.com\/fr\/actualites\/a-propos-de-nous\/direction\/russ-bukowski\/#breadcrumb\"},\"inLanguage\":\"fr-FR\",\"potentialAction\":[{\"@type\":\"ReadAction\",\"target\":[\"https:\/\/www.mastercam.com\/fr\/actualites\/a-propos-de-nous\/direction\/russ-bukowski\/\"]}]},{\"@type\":\"ImageObject\",\"inLanguage\":\"fr-FR\",\"@id\":\"https:\/\/www.mastercam.com\/fr\/actualites\/a-propos-de-nous\/direction\/russ-bukowski\/#primaryimage\",\"url\":\"http:\/\/www.mastercam.com\/wp-content\/uploads\/2024\/02\/RussB1024x1024.jpg\",\"contentUrl\":\"http:\/\/www.mastercam.com\/wp-content\/uploads\/2024\/02\/RussB1024x1024.jpg\"},{\"@type\":\"BreadcrumbList\",\"@id\":\"https:\/\/www.mastercam.com\/fr\/actualites\/a-propos-de-nous\/direction\/russ-bukowski\/#breadcrumb\",\"itemListElement\":[{\"@type\":\"ListItem\",\"position\":1,\"name\":\"Home\",\"item\":\"https:\/\/www.mastercam.com\/fr\/\"},{\"@type\":\"ListItem\",\"position\":2,\"name\":\"Actualit\u00e9s\",\"item\":\"https:\/\/www.mastercam.com\/fr\/actualites\/\"},{\"@type\":\"ListItem\",\"position\":3,\"name\":\"A propos de nous\",\"item\":\"https:\/\/www.mastercam.com\/fr\/actualites\/a-propos-de-nous\/\"},{\"@type\":\"ListItem\",\"position\":4,\"name\":\"\u00c9quipe de direction\",\"item\":\"https:\/\/www.mastercam.com\/fr\/actualites\/a-propos-de-nous\/direction\/\"},{\"@type\":\"ListItem\",\"position\":5,\"name\":\"Russ Bukowski\"}]},{\"@type\":\"WebSite\",\"@id\":\"https:\/\/www.mastercam.com\/fr\/#website\",\"url\":\"https:\/\/www.mastercam.com\/fr\/\",\"name\":\"Mastercam\",\"description\":\"Creating software and services that solve the world&#039;s manufacturing challenges\",\"publisher\":{\"@id\":\"https:\/\/www.mastercam.com\/fr\/#organization\"},\"potentialAction\":[{\"@type\":\"SearchAction\",\"target\":{\"@type\":\"EntryPoint\",\"urlTemplate\":\"https:\/\/www.mastercam.com\/fr\/?s={search_term_string}\"},\"query-input\":{\"@type\":\"PropertyValueSpecification\",\"valueRequired\":true,\"valueName\":\"search_term_string\"}}],\"inLanguage\":\"fr-FR\"},{\"@type\":\"Organization\",\"@id\":\"https:\/\/www.mastercam.com\/fr\/#organization\",\"name\":\"Mastercam\",\"url\":\"https:\/\/www.mastercam.com\/fr\/\",\"logo\":{\"@type\":\"ImageObject\",\"inLanguage\":\"fr-FR\",\"@id\":\"https:\/\/www.mastercam.com\/fr\/#\/schema\/logo\/image\/\",\"url\":\"https:\/\/www.mastercam.com\/wp-content\/uploads\/2023\/02\/MC_logo.svg\",\"contentUrl\":\"https:\/\/www.mastercam.com\/wp-content\/uploads\/2023\/02\/MC_logo.svg\",\"width\":230,\"height\":40,\"caption\":\"Mastercam\"},\"image\":{\"@id\":\"https:\/\/www.mastercam.com\/fr\/#\/schema\/logo\/image\/\"},\"sameAs\":[\"https:\/\/www.facebook.com\/Mastercam\/\",\"https:\/\/x.com\/mastercam\",\"https:\/\/www.linkedin.com\/company\/mastercam\",\"https:\/\/www.youtube.com\/channel\/UChJt5ruSkqnmFH44WsXVZLw\",\"https:\/\/www.instagram.com\/mastercam\/\"]}]}<\/script>\n<!-- \/ Yoast SEO plugin. -->","yoast_head_json":{"title":"Russ Bukowski - mastercam.com","description":"PR\u00c9SIDENT Russ Bukowski est un cadre chevronn\u00e9 qui poss\u00e8de plus de 20 ans d'exp\u00e9rience dans le domaine de la strat\u00e9gie et de l'exp\u00e9rience. En tant que","robots":{"index":"index","follow":"follow","max-snippet":"max-snippet:-1","max-image-preview":"max-image-preview:large","max-video-preview":"max-video-preview:-1"},"canonical":"https:\/\/www.mastercam.com\/fr\/actualites\/a-propos-de-nous\/direction\/russ-bukowski\/","og_locale":"fr_FR","og_type":"article","og_title":"Russ Bukowski - mastercam.com","og_description":"PR\u00c9SIDENT Russ Bukowski est un cadre chevronn\u00e9 qui poss\u00e8de plus de 20 ans d'exp\u00e9rience dans le domaine de la strat\u00e9gie et de l'exp\u00e9rience. En tant que","og_url":"https:\/\/www.mastercam.com\/fr\/actualites\/a-propos-de-nous\/direction\/russ-bukowski\/","og_site_name":"mastercam.com","article_publisher":"https:\/\/www.facebook.com\/Mastercam\/","article_modified_time":"2025-12-17T19:17:40+00:00","og_image":[{"url":"http:\/\/www.mastercam.com\/wp-content\/uploads\/2024\/02\/RussB1024x1024.jpg","type":"","width":"","height":""}],"twitter_card":"summary_large_image","twitter_site":"@mastercam","twitter_misc":{"Est. reading time":"1 minute"},"schema":{"@context":"https:\/\/schema.org","@graph":[{"@type":"WebPage","@id":"https:\/\/www.mastercam.com\/fr\/actualites\/a-propos-de-nous\/direction\/russ-bukowski\/","url":"https:\/\/www.mastercam.com\/fr\/actualites\/a-propos-de-nous\/direction\/russ-bukowski\/","name":"Russ Bukowski - mastercam.com","isPartOf":{"@id":"https:\/\/www.mastercam.com\/fr\/#website"},"primaryImageOfPage":{"@id":"https:\/\/www.mastercam.com\/fr\/actualites\/a-propos-de-nous\/direction\/russ-bukowski\/#primaryimage"},"image":{"@id":"https:\/\/www.mastercam.com\/fr\/actualites\/a-propos-de-nous\/direction\/russ-bukowski\/#primaryimage"},"thumbnailUrl":"http:\/\/www.mastercam.com\/wp-content\/uploads\/2024\/02\/RussB1024x1024.jpg","datePublished":"2023-02-01T00:07:07+00:00","dateModified":"2025-12-17T19:17:40+00:00","description":"PR\u00c9SIDENT Russ Bukowski est un cadre chevronn\u00e9 qui poss\u00e8de plus de 20 ans d'exp\u00e9rience dans le domaine de la strat\u00e9gie et de l'exp\u00e9rience. En tant que","breadcrumb":{"@id":"https:\/\/www.mastercam.com\/fr\/actualites\/a-propos-de-nous\/direction\/russ-bukowski\/#breadcrumb"},"inLanguage":"fr-FR","potentialAction":[{"@type":"ReadAction","target":["https:\/\/www.mastercam.com\/fr\/actualites\/a-propos-de-nous\/direction\/russ-bukowski\/"]}]},{"@type":"ImageObject","inLanguage":"fr-FR","@id":"https:\/\/www.mastercam.com\/fr\/actualites\/a-propos-de-nous\/direction\/russ-bukowski\/#primaryimage","url":"http:\/\/www.mastercam.com\/wp-content\/uploads\/2024\/02\/RussB1024x1024.jpg","contentUrl":"http:\/\/www.mastercam.com\/wp-content\/uploads\/2024\/02\/RussB1024x1024.jpg"},{"@type":"BreadcrumbList","@id":"https:\/\/www.mastercam.com\/fr\/actualites\/a-propos-de-nous\/direction\/russ-bukowski\/#breadcrumb","itemListElement":[{"@type":"ListItem","position":1,"name":"Home","item":"https:\/\/www.mastercam.com\/fr\/"},{"@type":"ListItem","position":2,"name":"Actualit\u00e9s","item":"https:\/\/www.mastercam.com\/fr\/actualites\/"},{"@type":"ListItem","position":3,"name":"A propos de nous","item":"https:\/\/www.mastercam.com\/fr\/actualites\/a-propos-de-nous\/"},{"@type":"ListItem","position":4,"name":"\u00c9quipe de direction","item":"https:\/\/www.mastercam.com\/fr\/actualites\/a-propos-de-nous\/direction\/"},{"@type":"ListItem","position":5,"name":"Russ Bukowski"}]},{"@type":"WebSite","@id":"https:\/\/www.mastercam.com\/fr\/#website","url":"https:\/\/www.mastercam.com\/fr\/","name":"Mastercam","description":"Creating software and services that solve the world&#039;s manufacturing challenges","publisher":{"@id":"https:\/\/www.mastercam.com\/fr\/#organization"},"potentialAction":[{"@type":"SearchAction","target":{"@type":"EntryPoint","urlTemplate":"https:\/\/www.mastercam.com\/fr\/?s={search_term_string}"},"query-input":{"@type":"PropertyValueSpecification","valueRequired":true,"valueName":"search_term_string"}}],"inLanguage":"fr-FR"},{"@type":"Organization","@id":"https:\/\/www.mastercam.com\/fr\/#organization","name":"Mastercam","url":"https:\/\/www.mastercam.com\/fr\/","logo":{"@type":"ImageObject","inLanguage":"fr-FR","@id":"https:\/\/www.mastercam.com\/fr\/#\/schema\/logo\/image\/","url":"https:\/\/www.mastercam.com\/wp-content\/uploads\/2023\/02\/MC_logo.svg","contentUrl":"https:\/\/www.mastercam.com\/wp-content\/uploads\/2023\/02\/MC_logo.svg","width":230,"height":40,"caption":"Mastercam"},"image":{"@id":"https:\/\/www.mastercam.com\/fr\/#\/schema\/logo\/image\/"},"sameAs":["https:\/\/www.facebook.com\/Mastercam\/","https:\/\/x.com\/mastercam","https:\/\/www.linkedin.com\/company\/mastercam","https:\/\/www.youtube.com\/channel\/UChJt5ruSkqnmFH44WsXVZLw","https:\/\/www.instagram.com\/mastercam\/"]}]}},"_links":{"self":[{"href":"https:\/\/www.mastercam.com\/fr\/wp-json\/wp\/v2\/pages\/34680","targetHints":{"allow":["GET"]}}],"collection":[{"href":"https:\/\/www.mastercam.com\/fr\/wp-json\/wp\/v2\/pages"}],"about":[{"href":"https:\/\/www.mastercam.com\/fr\/wp-json\/wp\/v2\/types\/page"}],"author":[{"embeddable":true,"href":"https:\/\/www.mastercam.com\/fr\/wp-json\/wp\/v2\/users\/1"}],"replies":[{"embeddable":true,"href":"https:\/\/www.mastercam.com\/fr\/wp-json\/wp\/v2\/comments?post=34680"}],"version-history":[{"count":0,"href":"https:\/\/www.mastercam.com\/fr\/wp-json\/wp\/v2\/pages\/34680\/revisions"}],"up":[{"embeddable":true,"href":"https:\/\/www.mastercam.com\/fr\/wp-json\/wp\/v2\/pages\/28807"}],"wp:attachment":[{"href":"https:\/\/www.mastercam.com\/fr\/wp-json\/wp\/v2\/media?parent=34680"}],"curies":[{"name":"wp","href":"https:\/\/api.w.org\/{rel}","templated":true}]}}