{"id":34679,"date":"2023-01-31T19:19:21","date_gmt":"2023-02-01T00:19:21","guid":{"rendered":"https:\/\/www.mastercam.com\/piraterie\/"},"modified":"2025-12-17T14:43:36","modified_gmt":"2025-12-17T19:43:36","slug":"piraterie","status":"publish","type":"page","link":"https:\/\/www.mastercam.com\/fr\/vie-privee\/piraterie\/","title":{"rendered":"Piraterie"},"content":{"rendered":"\n<div class=\"wp-block-group is-style-container is-layout-flow wp-block-group-is-layout-flow\" style=\"margin-bottom:var(--wp--preset--spacing--6)\">\n<p><strong>D\u00e9claration anti-piratage<\/strong><\/p>\n\n\n\n<p>Le piratage des logiciels est un probl\u00e8me grave pour l&rsquo;industrie du logiciel. Selon certains analystes du secteur, plus d&rsquo;une copie sur trois des logiciels install\u00e9s sur les ordinateurs dans le monde est pirat\u00e9e. Les entreprises qui utilisent des logiciels sans licence d\u00e9pensent pr\u00e8s de 359 milliards de dollars par an \u00e0 cause des logiciels malveillants.  <\/p>\n\n\n\n<p>CNC Software, LLC prend le piratage tr\u00e8s au s\u00e9rieux. Nous nous sommes engag\u00e9s \u00e0 prot\u00e9ger l&rsquo;investissement de nos clients licenci\u00e9s en ne tol\u00e9rant pas le piratage du logiciel Mastercam. En plus de nos propres efforts contre le piratage, qui comprennent des lettres juridiques et un suivi, nous soutenons les efforts de la Business Software Alliance (BSA), la principale organisation anti-piratage au monde, pour lutter contre le piratage des logiciels par des activit\u00e9s d&rsquo;\u00e9ducation et de mise en application.  <\/p>\n\n\n\n<p><strong>Aidez-nous \u00e0 mettre fin au piratage des logiciels<\/strong><\/p>\n\n\n\n<p>Pour obtenir des informations sur la mani\u00e8re d&rsquo;\u00e9tablir un programme de conformit\u00e9 des logiciels ou pour en savoir plus sur les probl\u00e8mes de piratage, veuillez consulter le site <a href=\"http:\/\/www.bsa.org\/\" target=\"_blank\" rel=\"noreferrer noopener\">: http:\/\/www.bsa.org\/<\/a><\/p>\n\n\n\n<p>Si vous avez connaissance d&rsquo;une situation qui, selon vous, implique un piratage de logiciel, vous pouvez faire un rapport confidentiel en contactant directement Mastercam \u00e0 l&rsquo;adresse suivante<\/p>\n\n\n\n<p><a href=\"mailto:piracy@mastercam.com\">Piracy@mastercam.com<\/a><\/p>\n\n\n\n<p>Si vous avez connaissance d&rsquo;une situation qui, selon vous, implique le piratage de logiciels d&rsquo;autres progiciels, vous pouvez faire un rapport confidentiel en envoyant un message \u00e0 l&rsquo;adresse suivante :<\/p>\n\n\n\n<ul class=\"wp-block-list\">\n<li>Soumettre un rapport \u00e0 la BSA en ligne sur <a href=\"https:\/\/reporting.bsa.org\/r\/report\/add.aspx?src=us&amp;ln=en-us\" target=\"_blank\" rel=\"noreferrer noopener\">http:\/\/www.bsa.org\/usa\/report\/<\/a><\/li>\n\n\n\n<li>Appeler le num\u00e9ro gratuit de la ligne d&rsquo;assistance anti-piratage de la BSA (\u00c9tats-Unis uniquement) 1 (888) &#8211; NOPIRACY<\/li>\n\n\n\n<li>Consulter le site Internet de la BSA pour obtenir les num\u00e9ros d&rsquo;appel gratuits dans le monde entier <a href=\"https:\/\/www.bsa.org\/about-bsa\/contact-us\" target=\"_blank\" rel=\"noreferrer noopener\">: http:\/\/www.bsa.org\/usa\/report\/BSA-Offices-and-Hotlines.cfm<\/a><\/li>\n<\/ul>\n<\/div>\n","protected":false},"excerpt":{"rendered":"<p>D\u00e9claration anti-piratage Le piratage des logiciels est un probl\u00e8me grave pour l&rsquo;industrie du logiciel. Selon [&hellip;]<\/p>\n","protected":false},"author":1,"featured_media":0,"parent":34778,"menu_order":0,"comment_status":"closed","ping_status":"closed","template":"","meta":{"_acf_changed":false,"footnotes":""},"class_list":["post-34679","page","type-page","status-publish","hentry"],"acf":[],"yoast_head":"<!-- This site is optimized with the Yoast SEO plugin v26.8 - https:\/\/yoast.com\/product\/yoast-seo-wordpress\/ -->\n<title>Piraterie - mastercam.com<\/title>\n<meta name=\"description\" content=\"D\u00e9claration anti-piratage Le piratage des logiciels est un probl\u00e8me grave pour l&#039;industrie du logiciel. Selon certains analystes du secteur, plus d&#039;une\" \/>\n<meta name=\"robots\" content=\"index, follow, max-snippet:-1, max-image-preview:large, max-video-preview:-1\" \/>\n<link rel=\"canonical\" href=\"https:\/\/www.mastercam.com\/fr\/vie-privee\/piraterie\/\" \/>\n<meta property=\"og:locale\" content=\"fr_FR\" \/>\n<meta property=\"og:type\" content=\"article\" \/>\n<meta property=\"og:title\" content=\"Piraterie - mastercam.com\" \/>\n<meta property=\"og:description\" content=\"D\u00e9claration anti-piratage Le piratage des logiciels est un probl\u00e8me grave pour l&#039;industrie du logiciel. Selon certains analystes du secteur, plus d&#039;une\" \/>\n<meta property=\"og:url\" content=\"https:\/\/www.mastercam.com\/fr\/vie-privee\/piraterie\/\" \/>\n<meta property=\"og:site_name\" content=\"mastercam.com\" \/>\n<meta property=\"article:publisher\" content=\"https:\/\/www.facebook.com\/Mastercam\/\" \/>\n<meta property=\"article:modified_time\" content=\"2025-12-17T19:43:36+00:00\" \/>\n<meta property=\"og:image\" content=\"https:\/\/www.mastercam.com\/wp-content\/uploads\/2024\/02\/drill-wide-photo-1200x675-1.jpg\" \/>\n\t<meta property=\"og:image:width\" content=\"1200\" \/>\n\t<meta property=\"og:image:height\" content=\"675\" \/>\n\t<meta property=\"og:image:type\" content=\"image\/jpeg\" \/>\n<meta name=\"twitter:card\" content=\"summary_large_image\" \/>\n<meta name=\"twitter:site\" content=\"@mastercam\" \/>\n<meta name=\"twitter:label1\" content=\"Est. reading time\" \/>\n\t<meta name=\"twitter:data1\" content=\"2 minutes\" \/>\n<script type=\"application\/ld+json\" class=\"yoast-schema-graph\">{\"@context\":\"https:\/\/schema.org\",\"@graph\":[{\"@type\":\"WebPage\",\"@id\":\"https:\/\/www.mastercam.com\/fr\/vie-privee\/piraterie\/\",\"url\":\"https:\/\/www.mastercam.com\/fr\/vie-privee\/piraterie\/\",\"name\":\"Piraterie - mastercam.com\",\"isPartOf\":{\"@id\":\"https:\/\/www.mastercam.com\/fr\/#website\"},\"datePublished\":\"2023-02-01T00:19:21+00:00\",\"dateModified\":\"2025-12-17T19:43:36+00:00\",\"description\":\"D\u00e9claration anti-piratage Le piratage des logiciels est un probl\u00e8me grave pour l'industrie du logiciel. Selon certains analystes du secteur, plus d'une\",\"breadcrumb\":{\"@id\":\"https:\/\/www.mastercam.com\/fr\/vie-privee\/piraterie\/#breadcrumb\"},\"inLanguage\":\"fr-FR\",\"potentialAction\":[{\"@type\":\"ReadAction\",\"target\":[\"https:\/\/www.mastercam.com\/fr\/vie-privee\/piraterie\/\"]}]},{\"@type\":\"BreadcrumbList\",\"@id\":\"https:\/\/www.mastercam.com\/fr\/vie-privee\/piraterie\/#breadcrumb\",\"itemListElement\":[{\"@type\":\"ListItem\",\"position\":1,\"name\":\"Home\",\"item\":\"https:\/\/www.mastercam.com\/fr\/\"},{\"@type\":\"ListItem\",\"position\":2,\"name\":\"Vie priv\u00e9e\",\"item\":\"https:\/\/www.mastercam.com\/fr\/vie-privee\/\"},{\"@type\":\"ListItem\",\"position\":3,\"name\":\"Piraterie\"}]},{\"@type\":\"WebSite\",\"@id\":\"https:\/\/www.mastercam.com\/fr\/#website\",\"url\":\"https:\/\/www.mastercam.com\/fr\/\",\"name\":\"Mastercam\",\"description\":\"Creating software and services that solve the world&#039;s manufacturing challenges\",\"publisher\":{\"@id\":\"https:\/\/www.mastercam.com\/fr\/#organization\"},\"potentialAction\":[{\"@type\":\"SearchAction\",\"target\":{\"@type\":\"EntryPoint\",\"urlTemplate\":\"https:\/\/www.mastercam.com\/fr\/?s={search_term_string}\"},\"query-input\":{\"@type\":\"PropertyValueSpecification\",\"valueRequired\":true,\"valueName\":\"search_term_string\"}}],\"inLanguage\":\"fr-FR\"},{\"@type\":\"Organization\",\"@id\":\"https:\/\/www.mastercam.com\/fr\/#organization\",\"name\":\"Mastercam\",\"url\":\"https:\/\/www.mastercam.com\/fr\/\",\"logo\":{\"@type\":\"ImageObject\",\"inLanguage\":\"fr-FR\",\"@id\":\"https:\/\/www.mastercam.com\/fr\/#\/schema\/logo\/image\/\",\"url\":\"https:\/\/www.mastercam.com\/wp-content\/uploads\/2023\/02\/MC_logo.svg\",\"contentUrl\":\"https:\/\/www.mastercam.com\/wp-content\/uploads\/2023\/02\/MC_logo.svg\",\"width\":230,\"height\":40,\"caption\":\"Mastercam\"},\"image\":{\"@id\":\"https:\/\/www.mastercam.com\/fr\/#\/schema\/logo\/image\/\"},\"sameAs\":[\"https:\/\/www.facebook.com\/Mastercam\/\",\"https:\/\/x.com\/mastercam\",\"https:\/\/www.linkedin.com\/company\/mastercam\",\"https:\/\/www.youtube.com\/channel\/UChJt5ruSkqnmFH44WsXVZLw\",\"https:\/\/www.instagram.com\/mastercam\/\"]}]}<\/script>\n<!-- \/ Yoast SEO plugin. -->","yoast_head_json":{"title":"Piraterie - mastercam.com","description":"D\u00e9claration anti-piratage Le piratage des logiciels est un probl\u00e8me grave pour l'industrie du logiciel. Selon certains analystes du secteur, plus d'une","robots":{"index":"index","follow":"follow","max-snippet":"max-snippet:-1","max-image-preview":"max-image-preview:large","max-video-preview":"max-video-preview:-1"},"canonical":"https:\/\/www.mastercam.com\/fr\/vie-privee\/piraterie\/","og_locale":"fr_FR","og_type":"article","og_title":"Piraterie - mastercam.com","og_description":"D\u00e9claration anti-piratage Le piratage des logiciels est un probl\u00e8me grave pour l'industrie du logiciel. Selon certains analystes du secteur, plus d'une","og_url":"https:\/\/www.mastercam.com\/fr\/vie-privee\/piraterie\/","og_site_name":"mastercam.com","article_publisher":"https:\/\/www.facebook.com\/Mastercam\/","article_modified_time":"2025-12-17T19:43:36+00:00","og_image":[{"width":1200,"height":675,"url":"https:\/\/www.mastercam.com\/wp-content\/uploads\/2024\/02\/drill-wide-photo-1200x675-1.jpg","type":"image\/jpeg"}],"twitter_card":"summary_large_image","twitter_site":"@mastercam","twitter_misc":{"Est. reading time":"2 minutes"},"schema":{"@context":"https:\/\/schema.org","@graph":[{"@type":"WebPage","@id":"https:\/\/www.mastercam.com\/fr\/vie-privee\/piraterie\/","url":"https:\/\/www.mastercam.com\/fr\/vie-privee\/piraterie\/","name":"Piraterie - mastercam.com","isPartOf":{"@id":"https:\/\/www.mastercam.com\/fr\/#website"},"datePublished":"2023-02-01T00:19:21+00:00","dateModified":"2025-12-17T19:43:36+00:00","description":"D\u00e9claration anti-piratage Le piratage des logiciels est un probl\u00e8me grave pour l'industrie du logiciel. Selon certains analystes du secteur, plus d'une","breadcrumb":{"@id":"https:\/\/www.mastercam.com\/fr\/vie-privee\/piraterie\/#breadcrumb"},"inLanguage":"fr-FR","potentialAction":[{"@type":"ReadAction","target":["https:\/\/www.mastercam.com\/fr\/vie-privee\/piraterie\/"]}]},{"@type":"BreadcrumbList","@id":"https:\/\/www.mastercam.com\/fr\/vie-privee\/piraterie\/#breadcrumb","itemListElement":[{"@type":"ListItem","position":1,"name":"Home","item":"https:\/\/www.mastercam.com\/fr\/"},{"@type":"ListItem","position":2,"name":"Vie priv\u00e9e","item":"https:\/\/www.mastercam.com\/fr\/vie-privee\/"},{"@type":"ListItem","position":3,"name":"Piraterie"}]},{"@type":"WebSite","@id":"https:\/\/www.mastercam.com\/fr\/#website","url":"https:\/\/www.mastercam.com\/fr\/","name":"Mastercam","description":"Creating software and services that solve the world&#039;s manufacturing challenges","publisher":{"@id":"https:\/\/www.mastercam.com\/fr\/#organization"},"potentialAction":[{"@type":"SearchAction","target":{"@type":"EntryPoint","urlTemplate":"https:\/\/www.mastercam.com\/fr\/?s={search_term_string}"},"query-input":{"@type":"PropertyValueSpecification","valueRequired":true,"valueName":"search_term_string"}}],"inLanguage":"fr-FR"},{"@type":"Organization","@id":"https:\/\/www.mastercam.com\/fr\/#organization","name":"Mastercam","url":"https:\/\/www.mastercam.com\/fr\/","logo":{"@type":"ImageObject","inLanguage":"fr-FR","@id":"https:\/\/www.mastercam.com\/fr\/#\/schema\/logo\/image\/","url":"https:\/\/www.mastercam.com\/wp-content\/uploads\/2023\/02\/MC_logo.svg","contentUrl":"https:\/\/www.mastercam.com\/wp-content\/uploads\/2023\/02\/MC_logo.svg","width":230,"height":40,"caption":"Mastercam"},"image":{"@id":"https:\/\/www.mastercam.com\/fr\/#\/schema\/logo\/image\/"},"sameAs":["https:\/\/www.facebook.com\/Mastercam\/","https:\/\/x.com\/mastercam","https:\/\/www.linkedin.com\/company\/mastercam","https:\/\/www.youtube.com\/channel\/UChJt5ruSkqnmFH44WsXVZLw","https:\/\/www.instagram.com\/mastercam\/"]}]}},"_links":{"self":[{"href":"https:\/\/www.mastercam.com\/fr\/wp-json\/wp\/v2\/pages\/34679","targetHints":{"allow":["GET"]}}],"collection":[{"href":"https:\/\/www.mastercam.com\/fr\/wp-json\/wp\/v2\/pages"}],"about":[{"href":"https:\/\/www.mastercam.com\/fr\/wp-json\/wp\/v2\/types\/page"}],"author":[{"embeddable":true,"href":"https:\/\/www.mastercam.com\/fr\/wp-json\/wp\/v2\/users\/1"}],"replies":[{"embeddable":true,"href":"https:\/\/www.mastercam.com\/fr\/wp-json\/wp\/v2\/comments?post=34679"}],"version-history":[{"count":0,"href":"https:\/\/www.mastercam.com\/fr\/wp-json\/wp\/v2\/pages\/34679\/revisions"}],"up":[{"embeddable":true,"href":"https:\/\/www.mastercam.com\/fr\/wp-json\/wp\/v2\/pages\/34778"}],"wp:attachment":[{"href":"https:\/\/www.mastercam.com\/fr\/wp-json\/wp\/v2\/media?parent=34679"}],"curies":[{"name":"wp","href":"https:\/\/api.w.org\/{rel}","templated":true}]}}