{"id":34674,"date":"2023-01-31T19:05:26","date_gmt":"2023-02-01T00:05:26","guid":{"rendered":"https:\/\/www.mastercam.com\/a-propos-de-nous\/initiative-verte\/"},"modified":"2025-12-17T14:17:40","modified_gmt":"2025-12-17T19:17:40","slug":"initiative-verte","status":"publish","type":"page","link":"https:\/\/www.mastercam.com\/fr\/actualites\/a-propos-de-nous\/initiative-verte\/","title":{"rendered":"Initiative verte"},"content":{"rendered":"<div class=\"hero__breadcrumbs\">\n    <div class=\"container-fluid\">\n      <div class=\"row\">\n        <div class=\"col\">\n          <nav aria-label=\"breadcrumbs\"><ol class=\"breadcrumb\"><li><a href=\"https:\/\/www.mastercam.com\/fr\/\">Home<\/a><\/li><\/ol><\/nav>\n        <\/div>\n      <\/div>\n    <\/div>\n  <\/div>\n\n<div class=\"hero hero--minimal wp-block-acf-block-hero\">\n  <div class=\"container-fluid\">\n    <div class=\"row align-items-center\">\n      \n      \n      \n      <div class=\"col-12 col-lg-7 order-2 order-lg-2 hero__content-column\">\n        <div class=\"hero__content\">\n                      <h1 class=\"hero__heading\">\n              \n              Initiative verte\n            <\/h1>\n          \n          \n          \n          \n          \n                  <\/div>\n      <\/div>\n    <\/div>\n  <\/div>\n<\/div>\n\n<div class=\"wp-block-columns is-style-container is-layout-flex wp-container-core-columns-is-layout-28f84493 wp-block-columns-is-layout-flex\">\n<div class=\"wp-block-column is-layout-flow wp-block-column-is-layout-flow\" style=\"flex-basis:50%\">\n<p>Les dommages caus\u00e9s \u00e0 l&rsquo;environnement sont souvent quantifi\u00e9s en utilisant les \u00e9missions de dioxyde de carbone et d\u00e9sign\u00e9s sous le nom d'\u00a0\u00bbempreinte carbone\u00a0\u00bb. Chez Mastercam, \u00eatre vert ne consiste pas seulement \u00e0 r\u00e9duire cette empreinte carbone, mais aussi \u00e0 adopter des m\u00e9thodes de vie durables qui pr\u00e9servent l&rsquo;environnement. <\/p>\n\n\n\n<p>L&rsquo;accent est mis sur l&rsquo;utilisation de sources d&rsquo;\u00e9nergie propres et renouvelables et sur la r\u00e9duction de la consommation globale d&rsquo;\u00e9nergie. De gros efforts sont faits pour minimiser les d\u00e9chets et n&rsquo;acheter que des mat\u00e9riaux de haute qualit\u00e9, produits de mani\u00e8re durable. La pr\u00e9servation de notre environnement est essentielle pour notre avenir, mais c&rsquo;est aussi une passion chez Mastercam. Vous trouverez ci-dessous une description de quelques-uns des moyens mis en \u0153uvre pour minimiser notre impact sur l&rsquo;environnement.   <\/p>\n\n\n\n<div style=\"height:30px\" aria-hidden=\"true\" class=\"wp-block-spacer\"><\/div>\n\n\n\n<h2 class=\"wp-block-heading\">Chauffage et refroidissement g\u00e9othermiques<\/h2>\n\n\n\n<p>Le si\u00e8ge social est chauff\u00e9 et refroidi par des pompes \u00e0 chaleur g\u00e9othermiques. Notre syst\u00e8me d&rsquo;eau chaude solaire fournit de l&rsquo;eau chaude domestique pour le b\u00e2timent. L&rsquo;exc\u00e9dent d&rsquo;eau chaude alimente notre syst\u00e8me g\u00e9othermique pendant la saison de chauffage.  <\/p>\n\n\n\n<div style=\"height:30px\" aria-hidden=\"true\" class=\"wp-block-spacer\"><\/div>\n<\/div>\n\n\n\n<div class=\"wp-block-column is-layout-flow wp-block-column-is-layout-flow\" style=\"flex-basis:10%\"><\/div>\n\n\n\n<div class=\"wp-block-column is-layout-flow wp-block-column-is-layout-flow\" style=\"flex-basis:40%\">\n<figure class=\"wp-block-embed is-type-video is-provider-youtube wp-block-embed-youtube wp-embed-aspect-16-9 wp-has-aspect-ratio\"><div class=\"wp-block-embed__wrapper\">\n<iframe loading=\"lazy\" title=\"Mastercam Green &amp; Sustainability Initiative\" width=\"500\" height=\"281\" src=\"https:\/\/www.youtube.com\/embed\/qRkkM77FA3I?feature=oembed\" frameborder=\"0\" allow=\"accelerometer; autoplay; clipboard-write; encrypted-media; gyroscope; picture-in-picture; web-share\" referrerpolicy=\"strict-origin-when-cross-origin\" allowfullscreen><\/iframe>\n<\/div><\/figure>\n<\/div>\n<\/div>\n\n<div class=\"wp-block-columns is-style-container is-layout-flex wp-container-core-columns-is-layout-a61e1d87 wp-block-columns-is-layout-flex\" style=\"padding-bottom:var(--wp--preset--spacing--6)\">\n<div class=\"wp-block-column is-layout-flow wp-block-column-is-layout-flow\" style=\"flex-basis:50%\">\n<h2 class=\"wp-block-heading\">Production d&rsquo;alimentation verte sur site<\/h2>\n\n\n\n<p>Pour d\u00e9caler les co\u00fbts \u00e9nerg\u00e9tiques restants, nous disposons de trois panneaux solaires distincts pour un total de 220 kW. Nous produisons environ 250 m\u00e9gawattheures par an (250 MWH). Les panneaux solaires couvrent jusqu&rsquo;\u00e0 deux tiers de la demande d&rsquo;\u00e9lectricit\u00e9 du b\u00e2timent. Le reste de la demande d&rsquo;\u00e9lectricit\u00e9 est achet\u00e9 \u00e0 un prix \u00e9cologique et consiste en un m\u00e9lange de gaz de d\u00e9charge, d&rsquo;\u00e9nergie \u00e9olienne et d&rsquo;\u00e9lectricit\u00e9 d&rsquo;origine hydraulique.   <\/p>\n\n\n\n<div style=\"height:30px\" aria-hidden=\"true\" class=\"wp-block-spacer\"><\/div>\n\n\n\n<h2 class=\"wp-block-heading\">Techniques d&rsquo;\u00e9conomie d&rsquo;\u00e9nergie<\/h2>\n\n\n\n<p>\u00c0 plus petite \u00e9chelle, le b\u00e2timent est \u00e9quip\u00e9 de :<\/p>\n\n\n\n<ul class=\"wp-block-list\">\n<li>D\u00e9tecteurs de mouvement et \u00e9clairage efficace par LED et fluorescent T8.<\/li>\n\n\n\n<li>Fen\u00eatres et portes \u00e0 haut rendement \u00e9nerg\u00e9tique.<\/li>\n\n\n\n<li>Montages \u00e0 faible consommation d&rsquo;eau.<\/li>\n\n\n\n<li>Un syst\u00e8me d&rsquo;\u00e9change d&rsquo;air frais avec une unit\u00e9 de r\u00e9cup\u00e9ration d&rsquo;\u00e9nergie.<\/li>\n<\/ul>\n\n\n\n<div style=\"height:30px\" aria-hidden=\"true\" class=\"wp-block-spacer\"><\/div>\n\n\n\n<h3 class=\"wp-block-heading\">Autres efforts \u00e9cologiques<\/h3>\n\n\n\n<p>L&rsquo;\u00e9quipe Mastercam est pleine de passionn\u00e9s de l&rsquo;environnement ! Voici quelques-uns de nos efforts en faveur d&rsquo;une communaut\u00e9 verte : <\/p>\n\n\n\n<ul class=\"wp-block-list\">\n<li>Bornes de recharge pour v\u00e9hicules \u00e9lectriques.<\/li>\n\n\n\n<li>Un programme de compostage g\u00e9r\u00e9 par les employ\u00e9s.<\/li>\n\n\n\n<li>Les jardins des employ\u00e9s qui utilisent le compost.<\/li>\n\n\n\n<li>Cuisines d&rsquo;entreprise \u00e9quip\u00e9es de verres, de vaisselle, de couverts et de lave-vaisselle \u00e0 faible consommation d&rsquo;\u00e9nergie.<\/li>\n\n\n\n<li>Toutes les brochures Mastercam sont imprim\u00e9es sur du papier certifi\u00e9 FSC, issu de for\u00eats g\u00e9r\u00e9es durablement.<\/li>\n<\/ul>\n\n\n\n<div style=\"height:30px\" aria-hidden=\"true\" class=\"wp-block-spacer\"><\/div>\n\n\n\n<h3 class=\"wp-block-heading\">Neutralit\u00e9 carbone<\/h3>\n\n\n\n<p>Chez Mastercam, nous reconnaissons notre responsabilit\u00e9 dans la protection de la plan\u00e8te et nous nous engageons \u00e0 d\u00e9velopper des solutions qui minimisent l&rsquo;impact de nos clients sur l&rsquo;environnement.<\/p>\n\n\n\n<p>La technologie de pointe de Mastercam est con\u00e7ue pour aider \u00e0 optimiser les processus de fabrication, am\u00e9liorer la productivit\u00e9, r\u00e9duire les \u00e9missions de CO2, soutenir ceux qui travaillent \u00e0 am\u00e9liorer la durabilit\u00e9 mondiale et contribuer \u00e0 la r\u00e9alisation d&rsquo;une soci\u00e9t\u00e9 d\u00e9carbon\u00e9e.<\/p>\n<\/div>\n\n\n\n<div class=\"wp-block-column is-layout-flow wp-block-column-is-layout-flow\" style=\"flex-basis:10%\"><\/div>\n\n\n\n<div class=\"wp-block-column is-layout-flow wp-block-column-is-layout-flow\" style=\"flex-basis:40%\">\n<figure class=\"wp-block-image size-full\"><img loading=\"lazy\" decoding=\"async\" width=\"1024\" height=\"576\" src=\"https:\/\/www.mastercam.com\/wp-content\/uploads\/2023\/02\/CNCSoftwareCampus.jpg\" alt=\"\" class=\"wp-image-4604\" srcset=\"https:\/\/www.mastercam.com\/wp-content\/uploads\/2023\/02\/CNCSoftwareCampus.jpg 1024w, https:\/\/www.mastercam.com\/wp-content\/uploads\/2023\/02\/CNCSoftwareCampus-300x169.jpg 300w, https:\/\/www.mastercam.com\/wp-content\/uploads\/2023\/02\/CNCSoftwareCampus-768x432.jpg 768w, https:\/\/www.mastercam.com\/wp-content\/uploads\/2023\/02\/CNCSoftwareCampus-112x63.jpg 112w, https:\/\/www.mastercam.com\/wp-content\/uploads\/2023\/02\/CNCSoftwareCampus-224x126.jpg 224w\" sizes=\"auto, (max-width: 1024px) 100vw, 1024px\" \/><\/figure>\n<\/div>\n<\/div>\n","protected":false},"excerpt":{"rendered":"<p>Les dommages caus\u00e9s \u00e0 l&rsquo;environnement sont souvent quantifi\u00e9s en utilisant les \u00e9missions de dioxyde de [&hellip;]<\/p>\n","protected":false},"author":1,"featured_media":0,"parent":28798,"menu_order":0,"comment_status":"closed","ping_status":"closed","template":"","meta":{"_acf_changed":false,"footnotes":""},"class_list":["post-34674","page","type-page","status-publish","hentry"],"acf":[],"yoast_head":"<!-- This site is optimized with the Yoast SEO plugin v27.3 - https:\/\/yoast.com\/product\/yoast-seo-wordpress\/ -->\n<title>Initiative verte - mastercam.com<\/title>\n<meta name=\"description\" content=\"Les dommages caus\u00e9s \u00e0 l&#039;environnement sont souvent quantifi\u00e9s en utilisant les \u00e9missions de dioxyde de carbone et d\u00e9sign\u00e9s sous le nom d&#039;&quot;empreinte\" \/>\n<meta name=\"robots\" content=\"index, follow, max-snippet:-1, max-image-preview:large, max-video-preview:-1\" \/>\n<link rel=\"canonical\" href=\"https:\/\/www.mastercam.com\/fr\/actualites\/a-propos-de-nous\/initiative-verte\/\" \/>\n<meta property=\"og:locale\" content=\"fr_FR\" \/>\n<meta property=\"og:type\" content=\"article\" \/>\n<meta property=\"og:title\" content=\"Initiative verte - mastercam.com\" \/>\n<meta property=\"og:description\" content=\"Les dommages caus\u00e9s \u00e0 l&#039;environnement sont souvent quantifi\u00e9s en utilisant les \u00e9missions de dioxyde de carbone et d\u00e9sign\u00e9s sous le nom d&#039;&quot;empreinte\" \/>\n<meta property=\"og:url\" content=\"https:\/\/www.mastercam.com\/fr\/actualites\/a-propos-de-nous\/initiative-verte\/\" \/>\n<meta property=\"og:site_name\" content=\"mastercam.com\" \/>\n<meta property=\"article:publisher\" content=\"https:\/\/www.facebook.com\/Mastercam\/\" \/>\n<meta property=\"article:modified_time\" content=\"2025-12-17T19:17:40+00:00\" \/>\n<meta property=\"og:image\" content=\"https:\/\/www.mastercam.com\/wp-content\/uploads\/2023\/02\/CNCSoftwareCampus.jpg\" \/>\n<meta name=\"twitter:card\" content=\"summary_large_image\" \/>\n<meta name=\"twitter:site\" content=\"@mastercam\" \/>\n<meta name=\"twitter:label1\" content=\"Est. reading time\" \/>\n\t<meta name=\"twitter:data1\" content=\"2 minutes\" \/>\n<script type=\"application\/ld+json\" class=\"yoast-schema-graph\">{\"@context\":\"https:\\\/\\\/schema.org\",\"@graph\":[{\"@type\":\"WebPage\",\"@id\":\"https:\\\/\\\/www.mastercam.com\\\/fr\\\/actualites\\\/a-propos-de-nous\\\/initiative-verte\\\/\",\"url\":\"https:\\\/\\\/www.mastercam.com\\\/fr\\\/actualites\\\/a-propos-de-nous\\\/initiative-verte\\\/\",\"name\":\"Initiative verte - mastercam.com\",\"isPartOf\":{\"@id\":\"https:\\\/\\\/www.mastercam.com\\\/fr\\\/#website\"},\"primaryImageOfPage\":{\"@id\":\"https:\\\/\\\/www.mastercam.com\\\/fr\\\/actualites\\\/a-propos-de-nous\\\/initiative-verte\\\/#primaryimage\"},\"image\":{\"@id\":\"https:\\\/\\\/www.mastercam.com\\\/fr\\\/actualites\\\/a-propos-de-nous\\\/initiative-verte\\\/#primaryimage\"},\"thumbnailUrl\":\"https:\\\/\\\/www.mastercam.com\\\/wp-content\\\/uploads\\\/2023\\\/02\\\/CNCSoftwareCampus.jpg\",\"datePublished\":\"2023-02-01T00:05:26+00:00\",\"dateModified\":\"2025-12-17T19:17:40+00:00\",\"description\":\"Les dommages caus\u00e9s \u00e0 l'environnement sont souvent quantifi\u00e9s en utilisant les \u00e9missions de dioxyde de carbone et d\u00e9sign\u00e9s sous le nom d'\\\"empreinte\",\"breadcrumb\":{\"@id\":\"https:\\\/\\\/www.mastercam.com\\\/fr\\\/actualites\\\/a-propos-de-nous\\\/initiative-verte\\\/#breadcrumb\"},\"inLanguage\":\"fr-FR\",\"potentialAction\":[{\"@type\":\"ReadAction\",\"target\":[\"https:\\\/\\\/www.mastercam.com\\\/fr\\\/actualites\\\/a-propos-de-nous\\\/initiative-verte\\\/\"]}]},{\"@type\":\"ImageObject\",\"inLanguage\":\"fr-FR\",\"@id\":\"https:\\\/\\\/www.mastercam.com\\\/fr\\\/actualites\\\/a-propos-de-nous\\\/initiative-verte\\\/#primaryimage\",\"url\":\"https:\\\/\\\/www.mastercam.com\\\/wp-content\\\/uploads\\\/2023\\\/02\\\/CNCSoftwareCampus.jpg\",\"contentUrl\":\"https:\\\/\\\/www.mastercam.com\\\/wp-content\\\/uploads\\\/2023\\\/02\\\/CNCSoftwareCampus.jpg\"},{\"@type\":\"BreadcrumbList\",\"@id\":\"https:\\\/\\\/www.mastercam.com\\\/fr\\\/actualites\\\/a-propos-de-nous\\\/initiative-verte\\\/#breadcrumb\",\"itemListElement\":[{\"@type\":\"ListItem\",\"position\":1,\"name\":\"Home\",\"item\":\"https:\\\/\\\/www.mastercam.com\\\/fr\\\/\"},{\"@type\":\"ListItem\",\"position\":2,\"name\":\"Actualit\u00e9s\",\"item\":\"https:\\\/\\\/www.mastercam.com\\\/fr\\\/actualites\\\/\"},{\"@type\":\"ListItem\",\"position\":3,\"name\":\"A propos de nous\",\"item\":\"https:\\\/\\\/www.mastercam.com\\\/fr\\\/actualites\\\/a-propos-de-nous\\\/\"},{\"@type\":\"ListItem\",\"position\":4,\"name\":\"Initiative verte\"}]},{\"@type\":\"WebSite\",\"@id\":\"https:\\\/\\\/www.mastercam.com\\\/fr\\\/#website\",\"url\":\"https:\\\/\\\/www.mastercam.com\\\/fr\\\/\",\"name\":\"Mastercam\",\"description\":\"Creating software and services that solve the world&#039;s manufacturing challenges\",\"publisher\":{\"@id\":\"https:\\\/\\\/www.mastercam.com\\\/fr\\\/#organization\"},\"potentialAction\":[{\"@type\":\"SearchAction\",\"target\":{\"@type\":\"EntryPoint\",\"urlTemplate\":\"https:\\\/\\\/www.mastercam.com\\\/fr\\\/?s={search_term_string}\"},\"query-input\":{\"@type\":\"PropertyValueSpecification\",\"valueRequired\":true,\"valueName\":\"search_term_string\"}}],\"inLanguage\":\"fr-FR\"},{\"@type\":\"Organization\",\"@id\":\"https:\\\/\\\/www.mastercam.com\\\/fr\\\/#organization\",\"name\":\"Mastercam\",\"url\":\"https:\\\/\\\/www.mastercam.com\\\/fr\\\/\",\"logo\":{\"@type\":\"ImageObject\",\"inLanguage\":\"fr-FR\",\"@id\":\"https:\\\/\\\/www.mastercam.com\\\/fr\\\/#\\\/schema\\\/logo\\\/image\\\/\",\"url\":\"https:\\\/\\\/www.mastercam.com\\\/wp-content\\\/uploads\\\/2023\\\/02\\\/MC_logo.svg\",\"contentUrl\":\"https:\\\/\\\/www.mastercam.com\\\/wp-content\\\/uploads\\\/2023\\\/02\\\/MC_logo.svg\",\"width\":230,\"height\":40,\"caption\":\"Mastercam\"},\"image\":{\"@id\":\"https:\\\/\\\/www.mastercam.com\\\/fr\\\/#\\\/schema\\\/logo\\\/image\\\/\"},\"sameAs\":[\"https:\\\/\\\/www.facebook.com\\\/Mastercam\\\/\",\"https:\\\/\\\/x.com\\\/mastercam\",\"https:\\\/\\\/www.linkedin.com\\\/company\\\/mastercam\",\"https:\\\/\\\/www.youtube.com\\\/channel\\\/UChJt5ruSkqnmFH44WsXVZLw\",\"https:\\\/\\\/www.instagram.com\\\/mastercam\\\/\"]}]}<\/script>\n<!-- \/ Yoast SEO plugin. -->","yoast_head_json":{"title":"Initiative verte - mastercam.com","description":"Les dommages caus\u00e9s \u00e0 l'environnement sont souvent quantifi\u00e9s en utilisant les \u00e9missions de dioxyde de carbone et d\u00e9sign\u00e9s sous le nom d'\"empreinte","robots":{"index":"index","follow":"follow","max-snippet":"max-snippet:-1","max-image-preview":"max-image-preview:large","max-video-preview":"max-video-preview:-1"},"canonical":"https:\/\/www.mastercam.com\/fr\/actualites\/a-propos-de-nous\/initiative-verte\/","og_locale":"fr_FR","og_type":"article","og_title":"Initiative verte - mastercam.com","og_description":"Les dommages caus\u00e9s \u00e0 l'environnement sont souvent quantifi\u00e9s en utilisant les \u00e9missions de dioxyde de carbone et d\u00e9sign\u00e9s sous le nom d'\"empreinte","og_url":"https:\/\/www.mastercam.com\/fr\/actualites\/a-propos-de-nous\/initiative-verte\/","og_site_name":"mastercam.com","article_publisher":"https:\/\/www.facebook.com\/Mastercam\/","article_modified_time":"2025-12-17T19:17:40+00:00","og_image":[{"url":"https:\/\/www.mastercam.com\/wp-content\/uploads\/2023\/02\/CNCSoftwareCampus.jpg","type":"","width":"","height":""}],"twitter_card":"summary_large_image","twitter_site":"@mastercam","twitter_misc":{"Est. reading time":"2 minutes"},"schema":{"@context":"https:\/\/schema.org","@graph":[{"@type":"WebPage","@id":"https:\/\/www.mastercam.com\/fr\/actualites\/a-propos-de-nous\/initiative-verte\/","url":"https:\/\/www.mastercam.com\/fr\/actualites\/a-propos-de-nous\/initiative-verte\/","name":"Initiative verte - mastercam.com","isPartOf":{"@id":"https:\/\/www.mastercam.com\/fr\/#website"},"primaryImageOfPage":{"@id":"https:\/\/www.mastercam.com\/fr\/actualites\/a-propos-de-nous\/initiative-verte\/#primaryimage"},"image":{"@id":"https:\/\/www.mastercam.com\/fr\/actualites\/a-propos-de-nous\/initiative-verte\/#primaryimage"},"thumbnailUrl":"https:\/\/www.mastercam.com\/wp-content\/uploads\/2023\/02\/CNCSoftwareCampus.jpg","datePublished":"2023-02-01T00:05:26+00:00","dateModified":"2025-12-17T19:17:40+00:00","description":"Les dommages caus\u00e9s \u00e0 l'environnement sont souvent quantifi\u00e9s en utilisant les \u00e9missions de dioxyde de carbone et d\u00e9sign\u00e9s sous le nom d'\"empreinte","breadcrumb":{"@id":"https:\/\/www.mastercam.com\/fr\/actualites\/a-propos-de-nous\/initiative-verte\/#breadcrumb"},"inLanguage":"fr-FR","potentialAction":[{"@type":"ReadAction","target":["https:\/\/www.mastercam.com\/fr\/actualites\/a-propos-de-nous\/initiative-verte\/"]}]},{"@type":"ImageObject","inLanguage":"fr-FR","@id":"https:\/\/www.mastercam.com\/fr\/actualites\/a-propos-de-nous\/initiative-verte\/#primaryimage","url":"https:\/\/www.mastercam.com\/wp-content\/uploads\/2023\/02\/CNCSoftwareCampus.jpg","contentUrl":"https:\/\/www.mastercam.com\/wp-content\/uploads\/2023\/02\/CNCSoftwareCampus.jpg"},{"@type":"BreadcrumbList","@id":"https:\/\/www.mastercam.com\/fr\/actualites\/a-propos-de-nous\/initiative-verte\/#breadcrumb","itemListElement":[{"@type":"ListItem","position":1,"name":"Home","item":"https:\/\/www.mastercam.com\/fr\/"},{"@type":"ListItem","position":2,"name":"Actualit\u00e9s","item":"https:\/\/www.mastercam.com\/fr\/actualites\/"},{"@type":"ListItem","position":3,"name":"A propos de nous","item":"https:\/\/www.mastercam.com\/fr\/actualites\/a-propos-de-nous\/"},{"@type":"ListItem","position":4,"name":"Initiative verte"}]},{"@type":"WebSite","@id":"https:\/\/www.mastercam.com\/fr\/#website","url":"https:\/\/www.mastercam.com\/fr\/","name":"Mastercam","description":"Creating software and services that solve the world&#039;s manufacturing challenges","publisher":{"@id":"https:\/\/www.mastercam.com\/fr\/#organization"},"potentialAction":[{"@type":"SearchAction","target":{"@type":"EntryPoint","urlTemplate":"https:\/\/www.mastercam.com\/fr\/?s={search_term_string}"},"query-input":{"@type":"PropertyValueSpecification","valueRequired":true,"valueName":"search_term_string"}}],"inLanguage":"fr-FR"},{"@type":"Organization","@id":"https:\/\/www.mastercam.com\/fr\/#organization","name":"Mastercam","url":"https:\/\/www.mastercam.com\/fr\/","logo":{"@type":"ImageObject","inLanguage":"fr-FR","@id":"https:\/\/www.mastercam.com\/fr\/#\/schema\/logo\/image\/","url":"https:\/\/www.mastercam.com\/wp-content\/uploads\/2023\/02\/MC_logo.svg","contentUrl":"https:\/\/www.mastercam.com\/wp-content\/uploads\/2023\/02\/MC_logo.svg","width":230,"height":40,"caption":"Mastercam"},"image":{"@id":"https:\/\/www.mastercam.com\/fr\/#\/schema\/logo\/image\/"},"sameAs":["https:\/\/www.facebook.com\/Mastercam\/","https:\/\/x.com\/mastercam","https:\/\/www.linkedin.com\/company\/mastercam","https:\/\/www.youtube.com\/channel\/UChJt5ruSkqnmFH44WsXVZLw","https:\/\/www.instagram.com\/mastercam\/"]}]}},"_links":{"self":[{"href":"https:\/\/www.mastercam.com\/fr\/wp-json\/wp\/v2\/pages\/34674","targetHints":{"allow":["GET"]}}],"collection":[{"href":"https:\/\/www.mastercam.com\/fr\/wp-json\/wp\/v2\/pages"}],"about":[{"href":"https:\/\/www.mastercam.com\/fr\/wp-json\/wp\/v2\/types\/page"}],"author":[{"embeddable":true,"href":"https:\/\/www.mastercam.com\/fr\/wp-json\/wp\/v2\/users\/1"}],"replies":[{"embeddable":true,"href":"https:\/\/www.mastercam.com\/fr\/wp-json\/wp\/v2\/comments?post=34674"}],"version-history":[{"count":0,"href":"https:\/\/www.mastercam.com\/fr\/wp-json\/wp\/v2\/pages\/34674\/revisions"}],"up":[{"embeddable":true,"href":"https:\/\/www.mastercam.com\/fr\/wp-json\/wp\/v2\/pages\/28798"}],"wp:attachment":[{"href":"https:\/\/www.mastercam.com\/fr\/wp-json\/wp\/v2\/media?parent=34674"}],"curies":[{"name":"wp","href":"https:\/\/api.w.org\/{rel}","templated":true}]}}