{"id":34671,"date":"2023-01-31T19:02:44","date_gmt":"2023-02-01T00:02:44","guid":{"rendered":"https:\/\/www.mastercam.com\/programme-mastercam-skillsusa\/"},"modified":"2025-12-17T14:42:09","modified_gmt":"2025-12-17T19:42:09","slug":"programme-mastercam-skillsusa","status":"publish","type":"page","link":"https:\/\/www.mastercam.com\/fr\/communaute\/concours\/programme-mastercam-skillsusa\/","title":{"rendered":"Programme Mastercam SkillsUSA"},"content":{"rendered":"\n<div class=\"wp-block-group is-style-container is-layout-flow wp-block-group-is-layout-flow\" style=\"margin-bottom:var(--wp--preset--spacing--6)\">\n<div class=\"wp-block-group is-layout-flow wp-block-group-is-layout-flow\"\/>\n\n\n\n<figure class=\"wp-block-image aligncenter size-full is-resized\"><img loading=\"lazy\" decoding=\"async\" width=\"768\" height=\"498\" src=\"http:\/\/www.mastercam.com\/wp-content\/uploads\/2023\/03\/SkillsUSALogo1-768x498-1.jpg\" alt=\"\" class=\"wp-image-6026\" style=\"width:280px;height:182px\" srcset=\"https:\/\/www.mastercam.com\/wp-content\/uploads\/2023\/03\/SkillsUSALogo1-768x498-1.jpg 768w, https:\/\/www.mastercam.com\/wp-content\/uploads\/2023\/03\/SkillsUSALogo1-768x498-1-300x195.jpg 300w, https:\/\/www.mastercam.com\/wp-content\/uploads\/2023\/03\/SkillsUSALogo1-768x498-1-112x73.jpg 112w, https:\/\/www.mastercam.com\/wp-content\/uploads\/2023\/03\/SkillsUSALogo1-768x498-1-224x145.jpg 224w\" sizes=\"auto, (max-width: 768px) 100vw, 768px\" \/><\/figure>\n\n\n\n<p>Mastercam a le plaisir d&rsquo;offrir son soutien aux \u00e9tudiants qui participent aux concours CNC de SkillsUSA. Les \u00e9tudiants qui participent \u00e0 ces concours CNC peuvent b\u00e9n\u00e9ficier d&rsquo;un logiciel gratuit et d&rsquo;une assistance technique. Pour les \u00e9coles qui utilisent d\u00e9j\u00e0 Mastercam \u00c9ducation Suite, veuillez remplir ce formulaire si les \u00e9tudiants ont besoin de licences temporaires pour se pr\u00e9parer \u00e0 la comp\u00e9tition. Si vous \u00eates un enseignant ou un \u00e9l\u00e8ve d&rsquo;une \u00e9cole qui n&rsquo;utilise pas encore Mastercam \u00c9ducation Suite en classe, nous vous encourageons \u00e9galement \u00e0 remplir le formulaire. Une fois la demande approuv\u00e9e, des licences temporaires de six mois de Mastercam \u00c9ducation Suite with Multiaxes seront fournies. Le logiciel comprend Mastercam Mill, Tournage, Fil, Router, Design, Art, ProDrill, et Mastercam pour <sup>SOLIDWORKS\u00ae<\/sup>.     <\/p>\n\n\n\n<p>Veuillez lire l&rsquo;<a href=\"http:\/\/www.mastercam.com\/wp-content\/uploads\/2023\/05\/MastercamEducationSponsorshipAgreement-GenericFinal.pdf\" target=\"_blank\" rel=\"noreferrer noopener\">accord de parrainage Mastercam<\/a> pour les participants \u00e0 SkillsUSA, puis remplissez le formulaire d&rsquo;inscription pour commencer.<\/p>\n\n\n\n<script charset=\"utf-8\" type=\"text\/javascript\" src=\"\/\/js.hsforms.net\/forms\/embed\/v2.js\"><\/script><script>hbspt.forms.create({\n    portalId: \"3375755\",\n    formId: \"bf3b82e7-700c-4cf9-a141-999be42a1ddb\",\n    region: \"na1\"\n  });\n<\/script>\n<\/div>\n","protected":false},"excerpt":{"rendered":"<p>Mastercam a le plaisir d&rsquo;offrir son soutien aux \u00e9tudiants qui participent aux concours CNC de [&hellip;]<\/p>\n","protected":false},"author":1,"featured_media":0,"parent":34768,"menu_order":0,"comment_status":"closed","ping_status":"closed","template":"","meta":{"_acf_changed":false,"footnotes":""},"class_list":["post-34671","page","type-page","status-publish","hentry"],"acf":[],"yoast_head":"<!-- This site is optimized with the Yoast SEO plugin v27.3 - https:\/\/yoast.com\/product\/yoast-seo-wordpress\/ -->\n<title>Programme Mastercam SkillsUSA - mastercam.com<\/title>\n<meta name=\"description\" content=\"Mastercam a le plaisir d&#039;offrir son soutien aux \u00e9tudiants qui participent aux concours CNC de SkillsUSA. Les \u00e9tudiants qui participent \u00e0 ces concours CNC\" \/>\n<meta name=\"robots\" content=\"index, follow, max-snippet:-1, max-image-preview:large, max-video-preview:-1\" \/>\n<link rel=\"canonical\" href=\"https:\/\/www.mastercam.com\/fr\/communaute\/concours\/programme-mastercam-skillsusa\/\" \/>\n<meta property=\"og:locale\" content=\"fr_FR\" \/>\n<meta property=\"og:type\" content=\"article\" \/>\n<meta property=\"og:title\" content=\"Programme Mastercam SkillsUSA - mastercam.com\" \/>\n<meta property=\"og:description\" content=\"Mastercam a le plaisir d&#039;offrir son soutien aux \u00e9tudiants qui participent aux concours CNC de SkillsUSA. Les \u00e9tudiants qui participent \u00e0 ces concours CNC\" \/>\n<meta property=\"og:url\" content=\"https:\/\/www.mastercam.com\/fr\/communaute\/concours\/programme-mastercam-skillsusa\/\" \/>\n<meta property=\"og:site_name\" content=\"mastercam.com\" \/>\n<meta property=\"article:publisher\" content=\"https:\/\/www.facebook.com\/Mastercam\/\" \/>\n<meta property=\"article:modified_time\" content=\"2025-12-17T19:42:09+00:00\" \/>\n<meta property=\"og:image\" content=\"http:\/\/www.mastercam.com\/wp-content\/uploads\/2023\/03\/SkillsUSALogo1-768x498-1.jpg\" \/>\n<meta name=\"twitter:card\" content=\"summary_large_image\" \/>\n<meta name=\"twitter:site\" content=\"@mastercam\" \/>\n<meta name=\"twitter:label1\" content=\"Est. reading time\" \/>\n\t<meta name=\"twitter:data1\" content=\"1 minute\" \/>\n<script type=\"application\/ld+json\" class=\"yoast-schema-graph\">{\"@context\":\"https:\\\/\\\/schema.org\",\"@graph\":[{\"@type\":\"WebPage\",\"@id\":\"https:\\\/\\\/www.mastercam.com\\\/fr\\\/communaute\\\/concours\\\/programme-mastercam-skillsusa\\\/\",\"url\":\"https:\\\/\\\/www.mastercam.com\\\/fr\\\/communaute\\\/concours\\\/programme-mastercam-skillsusa\\\/\",\"name\":\"Programme Mastercam SkillsUSA - mastercam.com\",\"isPartOf\":{\"@id\":\"https:\\\/\\\/www.mastercam.com\\\/fr\\\/#website\"},\"primaryImageOfPage\":{\"@id\":\"https:\\\/\\\/www.mastercam.com\\\/fr\\\/communaute\\\/concours\\\/programme-mastercam-skillsusa\\\/#primaryimage\"},\"image\":{\"@id\":\"https:\\\/\\\/www.mastercam.com\\\/fr\\\/communaute\\\/concours\\\/programme-mastercam-skillsusa\\\/#primaryimage\"},\"thumbnailUrl\":\"http:\\\/\\\/www.mastercam.com\\\/wp-content\\\/uploads\\\/2023\\\/03\\\/SkillsUSALogo1-768x498-1.jpg\",\"datePublished\":\"2023-02-01T00:02:44+00:00\",\"dateModified\":\"2025-12-17T19:42:09+00:00\",\"description\":\"Mastercam a le plaisir d'offrir son soutien aux \u00e9tudiants qui participent aux concours CNC de SkillsUSA. Les \u00e9tudiants qui participent \u00e0 ces concours CNC\",\"breadcrumb\":{\"@id\":\"https:\\\/\\\/www.mastercam.com\\\/fr\\\/communaute\\\/concours\\\/programme-mastercam-skillsusa\\\/#breadcrumb\"},\"inLanguage\":\"fr-FR\",\"potentialAction\":[{\"@type\":\"ReadAction\",\"target\":[\"https:\\\/\\\/www.mastercam.com\\\/fr\\\/communaute\\\/concours\\\/programme-mastercam-skillsusa\\\/\"]}]},{\"@type\":\"ImageObject\",\"inLanguage\":\"fr-FR\",\"@id\":\"https:\\\/\\\/www.mastercam.com\\\/fr\\\/communaute\\\/concours\\\/programme-mastercam-skillsusa\\\/#primaryimage\",\"url\":\"http:\\\/\\\/www.mastercam.com\\\/wp-content\\\/uploads\\\/2023\\\/03\\\/SkillsUSALogo1-768x498-1.jpg\",\"contentUrl\":\"http:\\\/\\\/www.mastercam.com\\\/wp-content\\\/uploads\\\/2023\\\/03\\\/SkillsUSALogo1-768x498-1.jpg\"},{\"@type\":\"BreadcrumbList\",\"@id\":\"https:\\\/\\\/www.mastercam.com\\\/fr\\\/communaute\\\/concours\\\/programme-mastercam-skillsusa\\\/#breadcrumb\",\"itemListElement\":[{\"@type\":\"ListItem\",\"position\":1,\"name\":\"Home\",\"item\":\"https:\\\/\\\/www.mastercam.com\\\/fr\\\/\"},{\"@type\":\"ListItem\",\"position\":2,\"name\":\"Communaut\u00e9\",\"item\":\"https:\\\/\\\/www.mastercam.com\\\/fr\\\/communaute\\\/\"},{\"@type\":\"ListItem\",\"position\":3,\"name\":\"Concours\",\"item\":\"https:\\\/\\\/www.mastercam.com\\\/fr\\\/communaute\\\/concours\\\/\"},{\"@type\":\"ListItem\",\"position\":4,\"name\":\"Programme Mastercam SkillsUSA\"}]},{\"@type\":\"WebSite\",\"@id\":\"https:\\\/\\\/www.mastercam.com\\\/fr\\\/#website\",\"url\":\"https:\\\/\\\/www.mastercam.com\\\/fr\\\/\",\"name\":\"Mastercam\",\"description\":\"Creating software and services that solve the world&#039;s manufacturing challenges\",\"publisher\":{\"@id\":\"https:\\\/\\\/www.mastercam.com\\\/fr\\\/#organization\"},\"potentialAction\":[{\"@type\":\"SearchAction\",\"target\":{\"@type\":\"EntryPoint\",\"urlTemplate\":\"https:\\\/\\\/www.mastercam.com\\\/fr\\\/?s={search_term_string}\"},\"query-input\":{\"@type\":\"PropertyValueSpecification\",\"valueRequired\":true,\"valueName\":\"search_term_string\"}}],\"inLanguage\":\"fr-FR\"},{\"@type\":\"Organization\",\"@id\":\"https:\\\/\\\/www.mastercam.com\\\/fr\\\/#organization\",\"name\":\"Mastercam\",\"url\":\"https:\\\/\\\/www.mastercam.com\\\/fr\\\/\",\"logo\":{\"@type\":\"ImageObject\",\"inLanguage\":\"fr-FR\",\"@id\":\"https:\\\/\\\/www.mastercam.com\\\/fr\\\/#\\\/schema\\\/logo\\\/image\\\/\",\"url\":\"https:\\\/\\\/www.mastercam.com\\\/wp-content\\\/uploads\\\/2023\\\/02\\\/MC_logo.svg\",\"contentUrl\":\"https:\\\/\\\/www.mastercam.com\\\/wp-content\\\/uploads\\\/2023\\\/02\\\/MC_logo.svg\",\"width\":230,\"height\":40,\"caption\":\"Mastercam\"},\"image\":{\"@id\":\"https:\\\/\\\/www.mastercam.com\\\/fr\\\/#\\\/schema\\\/logo\\\/image\\\/\"},\"sameAs\":[\"https:\\\/\\\/www.facebook.com\\\/Mastercam\\\/\",\"https:\\\/\\\/x.com\\\/mastercam\",\"https:\\\/\\\/www.linkedin.com\\\/company\\\/mastercam\",\"https:\\\/\\\/www.youtube.com\\\/channel\\\/UChJt5ruSkqnmFH44WsXVZLw\",\"https:\\\/\\\/www.instagram.com\\\/mastercam\\\/\"]}]}<\/script>\n<!-- \/ Yoast SEO plugin. -->","yoast_head_json":{"title":"Programme Mastercam SkillsUSA - mastercam.com","description":"Mastercam a le plaisir d'offrir son soutien aux \u00e9tudiants qui participent aux concours CNC de SkillsUSA. Les \u00e9tudiants qui participent \u00e0 ces concours CNC","robots":{"index":"index","follow":"follow","max-snippet":"max-snippet:-1","max-image-preview":"max-image-preview:large","max-video-preview":"max-video-preview:-1"},"canonical":"https:\/\/www.mastercam.com\/fr\/communaute\/concours\/programme-mastercam-skillsusa\/","og_locale":"fr_FR","og_type":"article","og_title":"Programme Mastercam SkillsUSA - mastercam.com","og_description":"Mastercam a le plaisir d'offrir son soutien aux \u00e9tudiants qui participent aux concours CNC de SkillsUSA. Les \u00e9tudiants qui participent \u00e0 ces concours CNC","og_url":"https:\/\/www.mastercam.com\/fr\/communaute\/concours\/programme-mastercam-skillsusa\/","og_site_name":"mastercam.com","article_publisher":"https:\/\/www.facebook.com\/Mastercam\/","article_modified_time":"2025-12-17T19:42:09+00:00","og_image":[{"url":"http:\/\/www.mastercam.com\/wp-content\/uploads\/2023\/03\/SkillsUSALogo1-768x498-1.jpg","type":"","width":"","height":""}],"twitter_card":"summary_large_image","twitter_site":"@mastercam","twitter_misc":{"Est. reading time":"1 minute"},"schema":{"@context":"https:\/\/schema.org","@graph":[{"@type":"WebPage","@id":"https:\/\/www.mastercam.com\/fr\/communaute\/concours\/programme-mastercam-skillsusa\/","url":"https:\/\/www.mastercam.com\/fr\/communaute\/concours\/programme-mastercam-skillsusa\/","name":"Programme Mastercam SkillsUSA - mastercam.com","isPartOf":{"@id":"https:\/\/www.mastercam.com\/fr\/#website"},"primaryImageOfPage":{"@id":"https:\/\/www.mastercam.com\/fr\/communaute\/concours\/programme-mastercam-skillsusa\/#primaryimage"},"image":{"@id":"https:\/\/www.mastercam.com\/fr\/communaute\/concours\/programme-mastercam-skillsusa\/#primaryimage"},"thumbnailUrl":"http:\/\/www.mastercam.com\/wp-content\/uploads\/2023\/03\/SkillsUSALogo1-768x498-1.jpg","datePublished":"2023-02-01T00:02:44+00:00","dateModified":"2025-12-17T19:42:09+00:00","description":"Mastercam a le plaisir d'offrir son soutien aux \u00e9tudiants qui participent aux concours CNC de SkillsUSA. Les \u00e9tudiants qui participent \u00e0 ces concours CNC","breadcrumb":{"@id":"https:\/\/www.mastercam.com\/fr\/communaute\/concours\/programme-mastercam-skillsusa\/#breadcrumb"},"inLanguage":"fr-FR","potentialAction":[{"@type":"ReadAction","target":["https:\/\/www.mastercam.com\/fr\/communaute\/concours\/programme-mastercam-skillsusa\/"]}]},{"@type":"ImageObject","inLanguage":"fr-FR","@id":"https:\/\/www.mastercam.com\/fr\/communaute\/concours\/programme-mastercam-skillsusa\/#primaryimage","url":"http:\/\/www.mastercam.com\/wp-content\/uploads\/2023\/03\/SkillsUSALogo1-768x498-1.jpg","contentUrl":"http:\/\/www.mastercam.com\/wp-content\/uploads\/2023\/03\/SkillsUSALogo1-768x498-1.jpg"},{"@type":"BreadcrumbList","@id":"https:\/\/www.mastercam.com\/fr\/communaute\/concours\/programme-mastercam-skillsusa\/#breadcrumb","itemListElement":[{"@type":"ListItem","position":1,"name":"Home","item":"https:\/\/www.mastercam.com\/fr\/"},{"@type":"ListItem","position":2,"name":"Communaut\u00e9","item":"https:\/\/www.mastercam.com\/fr\/communaute\/"},{"@type":"ListItem","position":3,"name":"Concours","item":"https:\/\/www.mastercam.com\/fr\/communaute\/concours\/"},{"@type":"ListItem","position":4,"name":"Programme Mastercam SkillsUSA"}]},{"@type":"WebSite","@id":"https:\/\/www.mastercam.com\/fr\/#website","url":"https:\/\/www.mastercam.com\/fr\/","name":"Mastercam","description":"Creating software and services that solve the world&#039;s manufacturing challenges","publisher":{"@id":"https:\/\/www.mastercam.com\/fr\/#organization"},"potentialAction":[{"@type":"SearchAction","target":{"@type":"EntryPoint","urlTemplate":"https:\/\/www.mastercam.com\/fr\/?s={search_term_string}"},"query-input":{"@type":"PropertyValueSpecification","valueRequired":true,"valueName":"search_term_string"}}],"inLanguage":"fr-FR"},{"@type":"Organization","@id":"https:\/\/www.mastercam.com\/fr\/#organization","name":"Mastercam","url":"https:\/\/www.mastercam.com\/fr\/","logo":{"@type":"ImageObject","inLanguage":"fr-FR","@id":"https:\/\/www.mastercam.com\/fr\/#\/schema\/logo\/image\/","url":"https:\/\/www.mastercam.com\/wp-content\/uploads\/2023\/02\/MC_logo.svg","contentUrl":"https:\/\/www.mastercam.com\/wp-content\/uploads\/2023\/02\/MC_logo.svg","width":230,"height":40,"caption":"Mastercam"},"image":{"@id":"https:\/\/www.mastercam.com\/fr\/#\/schema\/logo\/image\/"},"sameAs":["https:\/\/www.facebook.com\/Mastercam\/","https:\/\/x.com\/mastercam","https:\/\/www.linkedin.com\/company\/mastercam","https:\/\/www.youtube.com\/channel\/UChJt5ruSkqnmFH44WsXVZLw","https:\/\/www.instagram.com\/mastercam\/"]}]}},"_links":{"self":[{"href":"https:\/\/www.mastercam.com\/fr\/wp-json\/wp\/v2\/pages\/34671","targetHints":{"allow":["GET"]}}],"collection":[{"href":"https:\/\/www.mastercam.com\/fr\/wp-json\/wp\/v2\/pages"}],"about":[{"href":"https:\/\/www.mastercam.com\/fr\/wp-json\/wp\/v2\/types\/page"}],"author":[{"embeddable":true,"href":"https:\/\/www.mastercam.com\/fr\/wp-json\/wp\/v2\/users\/1"}],"replies":[{"embeddable":true,"href":"https:\/\/www.mastercam.com\/fr\/wp-json\/wp\/v2\/comments?post=34671"}],"version-history":[{"count":0,"href":"https:\/\/www.mastercam.com\/fr\/wp-json\/wp\/v2\/pages\/34671\/revisions"}],"up":[{"embeddable":true,"href":"https:\/\/www.mastercam.com\/fr\/wp-json\/wp\/v2\/pages\/34768"}],"wp:attachment":[{"href":"https:\/\/www.mastercam.com\/fr\/wp-json\/wp\/v2\/media?parent=34671"}],"curies":[{"name":"wp","href":"https:\/\/api.w.org\/{rel}","templated":true}]}}