{"id":34666,"date":"2023-01-31T19:00:43","date_gmt":"2023-02-01T00:00:43","guid":{"rendered":"https:\/\/www.mastercam.com\/sae-international\/"},"modified":"2025-12-17T14:42:08","modified_gmt":"2025-12-17T19:42:08","slug":"sae-international","status":"publish","type":"page","link":"https:\/\/www.mastercam.com\/fr\/communaute\/concours\/sae-international\/","title":{"rendered":"SAE International"},"content":{"rendered":"\n<div class=\"wp-block-group is-style-container is-layout-flow wp-block-group-is-layout-flow\" style=\"margin-bottom:var(--wp--preset--spacing--6)\">\n<figure class=\"wp-block-image aligncenter size-full is-resized\"><img loading=\"lazy\" decoding=\"async\" width=\"194\" height=\"120\" src=\"http:\/\/www.mastercam.com\/wp-content\/uploads\/2023\/02\/SAE_logo.jpg\" alt=\"\" class=\"wp-image-5229\" style=\"width:235px;height:145px\" srcset=\"https:\/\/www.mastercam.com\/wp-content\/uploads\/2023\/02\/SAE_logo.jpg 194w, https:\/\/www.mastercam.com\/wp-content\/uploads\/2023\/02\/SAE_logo-112x69.jpg 112w\" sizes=\"auto, (max-width: 194px) 100vw, 194px\" \/><\/figure>\n\n\n\n<p>SAE International est une association mondiale regroupant plus de 128 000 ing\u00e9nieurs et experts techniques connexes des secteurs de l&rsquo;a\u00e9rospatiale, de l&rsquo;automobile et des v\u00e9hicules commerciaux. La SAE <a href=\"https:\/\/www.sae.org\/attend\/student-events\" target=\"_blank\" rel=\"noreferrer noopener\">International<\/a> poss\u00e8de une branche caritative, la Fondation SAE, qui soutient de nombreux programmes, notamment AWorld In <sup>Motion\u00ae <\/sup>et la Collegiate Design Series.<\/p>\n\n\n\n<figure class=\"wp-block-embed is-type-video is-provider-youtube wp-block-embed-youtube wp-embed-aspect-16-9 wp-has-aspect-ratio\"><div class=\"wp-block-embed__wrapper\">\n<iframe loading=\"lazy\" title=\"Mastercam Sponsors SAE International Student Teams\" width=\"500\" height=\"281\" src=\"https:\/\/www.youtube.com\/embed\/Onk93ZrUrxA?feature=oembed\" frameborder=\"0\" allow=\"accelerometer; autoplay; clipboard-write; encrypted-media; gyroscope; picture-in-picture; web-share\" referrerpolicy=\"strict-origin-when-cross-origin\" allowfullscreen><\/iframe>\n<\/div><\/figure>\n\n\n\n<div style=\"height:30px\" aria-hidden=\"true\" class=\"wp-block-spacer\"><\/div>\n\n\n\n<p>Nous sommes fiers de soutenir les \u00e9tudiants de la SAE International en leur offrant gratuitement des logiciels et une assistance technique. Veuillez lire l&rsquo;<a href=\"http:\/\/www.mastercam.com\/wp-content\/uploads\/2023\/03\/MastercamEducationSponsorshipAgreementSAE.pdf\" target=\"_blank\" rel=\"noreferrer noopener\">accord de parrainage Mastercam pour les participants \u00e0 la SAE<\/a>, puis remplissez le formulaire d&rsquo;inscription pour commencer. <\/p>\n\n\n\n<div style=\"height:30px\" aria-hidden=\"true\" class=\"wp-block-spacer\"><\/div>\n\n\n\n<script charset=\"utf-8\" type=\"text\/javascript\" src=\"\/\/js.hsforms.net\/forms\/embed\/v2.js\"><\/script><script>hbspt.forms.create({\n    portalId: \"3375755\",\n    formId: \"bf3b82e7-700c-4cf9-a141-999be42a1ddb\",\n    region: \"na1\"\n  });\n<\/script>\n<\/div>\n","protected":false},"excerpt":{"rendered":"<p>SAE International est une association mondiale regroupant plus de 128 000 ing\u00e9nieurs et experts techniques [&hellip;]<\/p>\n","protected":false},"author":1,"featured_media":0,"parent":34768,"menu_order":0,"comment_status":"closed","ping_status":"closed","template":"","meta":{"_acf_changed":false,"footnotes":""},"class_list":["post-34666","page","type-page","status-publish","hentry"],"acf":[],"yoast_head":"<!-- This site is optimized with the Yoast SEO plugin v27.3 - https:\/\/yoast.com\/product\/yoast-seo-wordpress\/ -->\n<title>SAE International - mastercam.com<\/title>\n<meta name=\"description\" content=\"SAE International est une association mondiale regroupant plus de 128 000 ing\u00e9nieurs et experts techniques connexes des secteurs de l&#039;a\u00e9rospatiale, de\" \/>\n<meta name=\"robots\" content=\"index, follow, max-snippet:-1, max-image-preview:large, max-video-preview:-1\" \/>\n<link rel=\"canonical\" href=\"https:\/\/www.mastercam.com\/fr\/communaute\/concours\/sae-international\/\" \/>\n<meta property=\"og:locale\" content=\"fr_FR\" \/>\n<meta property=\"og:type\" content=\"article\" \/>\n<meta property=\"og:title\" content=\"SAE International - mastercam.com\" \/>\n<meta property=\"og:description\" content=\"SAE International est une association mondiale regroupant plus de 128 000 ing\u00e9nieurs et experts techniques connexes des secteurs de l&#039;a\u00e9rospatiale, de\" \/>\n<meta property=\"og:url\" content=\"https:\/\/www.mastercam.com\/fr\/communaute\/concours\/sae-international\/\" \/>\n<meta property=\"og:site_name\" content=\"mastercam.com\" \/>\n<meta property=\"article:publisher\" content=\"https:\/\/www.facebook.com\/Mastercam\/\" \/>\n<meta property=\"article:modified_time\" content=\"2025-12-17T19:42:08+00:00\" \/>\n<meta property=\"og:image\" content=\"http:\/\/www.mastercam.com\/wp-content\/uploads\/2023\/02\/SAE_logo.jpg\" \/>\n<meta name=\"twitter:card\" content=\"summary_large_image\" \/>\n<meta name=\"twitter:site\" content=\"@mastercam\" \/>\n<script type=\"application\/ld+json\" class=\"yoast-schema-graph\">{\"@context\":\"https:\\\/\\\/schema.org\",\"@graph\":[{\"@type\":\"WebPage\",\"@id\":\"https:\\\/\\\/www.mastercam.com\\\/fr\\\/communaute\\\/concours\\\/sae-international\\\/\",\"url\":\"https:\\\/\\\/www.mastercam.com\\\/fr\\\/communaute\\\/concours\\\/sae-international\\\/\",\"name\":\"SAE International - mastercam.com\",\"isPartOf\":{\"@id\":\"https:\\\/\\\/www.mastercam.com\\\/fr\\\/#website\"},\"primaryImageOfPage\":{\"@id\":\"https:\\\/\\\/www.mastercam.com\\\/fr\\\/communaute\\\/concours\\\/sae-international\\\/#primaryimage\"},\"image\":{\"@id\":\"https:\\\/\\\/www.mastercam.com\\\/fr\\\/communaute\\\/concours\\\/sae-international\\\/#primaryimage\"},\"thumbnailUrl\":\"http:\\\/\\\/www.mastercam.com\\\/wp-content\\\/uploads\\\/2023\\\/02\\\/SAE_logo.jpg\",\"datePublished\":\"2023-02-01T00:00:43+00:00\",\"dateModified\":\"2025-12-17T19:42:08+00:00\",\"description\":\"SAE International est une association mondiale regroupant plus de 128 000 ing\u00e9nieurs et experts techniques connexes des secteurs de l'a\u00e9rospatiale, de\",\"breadcrumb\":{\"@id\":\"https:\\\/\\\/www.mastercam.com\\\/fr\\\/communaute\\\/concours\\\/sae-international\\\/#breadcrumb\"},\"inLanguage\":\"fr-FR\",\"potentialAction\":[{\"@type\":\"ReadAction\",\"target\":[\"https:\\\/\\\/www.mastercam.com\\\/fr\\\/communaute\\\/concours\\\/sae-international\\\/\"]}]},{\"@type\":\"ImageObject\",\"inLanguage\":\"fr-FR\",\"@id\":\"https:\\\/\\\/www.mastercam.com\\\/fr\\\/communaute\\\/concours\\\/sae-international\\\/#primaryimage\",\"url\":\"http:\\\/\\\/www.mastercam.com\\\/wp-content\\\/uploads\\\/2023\\\/02\\\/SAE_logo.jpg\",\"contentUrl\":\"http:\\\/\\\/www.mastercam.com\\\/wp-content\\\/uploads\\\/2023\\\/02\\\/SAE_logo.jpg\"},{\"@type\":\"BreadcrumbList\",\"@id\":\"https:\\\/\\\/www.mastercam.com\\\/fr\\\/communaute\\\/concours\\\/sae-international\\\/#breadcrumb\",\"itemListElement\":[{\"@type\":\"ListItem\",\"position\":1,\"name\":\"Home\",\"item\":\"https:\\\/\\\/www.mastercam.com\\\/fr\\\/\"},{\"@type\":\"ListItem\",\"position\":2,\"name\":\"Communaut\u00e9\",\"item\":\"https:\\\/\\\/www.mastercam.com\\\/fr\\\/communaute\\\/\"},{\"@type\":\"ListItem\",\"position\":3,\"name\":\"Concours\",\"item\":\"https:\\\/\\\/www.mastercam.com\\\/fr\\\/communaute\\\/concours\\\/\"},{\"@type\":\"ListItem\",\"position\":4,\"name\":\"SAE International\"}]},{\"@type\":\"WebSite\",\"@id\":\"https:\\\/\\\/www.mastercam.com\\\/fr\\\/#website\",\"url\":\"https:\\\/\\\/www.mastercam.com\\\/fr\\\/\",\"name\":\"Mastercam\",\"description\":\"Creating software and services that solve the world&#039;s manufacturing challenges\",\"publisher\":{\"@id\":\"https:\\\/\\\/www.mastercam.com\\\/fr\\\/#organization\"},\"potentialAction\":[{\"@type\":\"SearchAction\",\"target\":{\"@type\":\"EntryPoint\",\"urlTemplate\":\"https:\\\/\\\/www.mastercam.com\\\/fr\\\/?s={search_term_string}\"},\"query-input\":{\"@type\":\"PropertyValueSpecification\",\"valueRequired\":true,\"valueName\":\"search_term_string\"}}],\"inLanguage\":\"fr-FR\"},{\"@type\":\"Organization\",\"@id\":\"https:\\\/\\\/www.mastercam.com\\\/fr\\\/#organization\",\"name\":\"Mastercam\",\"url\":\"https:\\\/\\\/www.mastercam.com\\\/fr\\\/\",\"logo\":{\"@type\":\"ImageObject\",\"inLanguage\":\"fr-FR\",\"@id\":\"https:\\\/\\\/www.mastercam.com\\\/fr\\\/#\\\/schema\\\/logo\\\/image\\\/\",\"url\":\"https:\\\/\\\/www.mastercam.com\\\/wp-content\\\/uploads\\\/2023\\\/02\\\/MC_logo.svg\",\"contentUrl\":\"https:\\\/\\\/www.mastercam.com\\\/wp-content\\\/uploads\\\/2023\\\/02\\\/MC_logo.svg\",\"width\":230,\"height\":40,\"caption\":\"Mastercam\"},\"image\":{\"@id\":\"https:\\\/\\\/www.mastercam.com\\\/fr\\\/#\\\/schema\\\/logo\\\/image\\\/\"},\"sameAs\":[\"https:\\\/\\\/www.facebook.com\\\/Mastercam\\\/\",\"https:\\\/\\\/x.com\\\/mastercam\",\"https:\\\/\\\/www.linkedin.com\\\/company\\\/mastercam\",\"https:\\\/\\\/www.youtube.com\\\/channel\\\/UChJt5ruSkqnmFH44WsXVZLw\",\"https:\\\/\\\/www.instagram.com\\\/mastercam\\\/\"]}]}<\/script>\n<!-- \/ Yoast SEO plugin. -->","yoast_head_json":{"title":"SAE International - mastercam.com","description":"SAE International est une association mondiale regroupant plus de 128 000 ing\u00e9nieurs et experts techniques connexes des secteurs de l'a\u00e9rospatiale, de","robots":{"index":"index","follow":"follow","max-snippet":"max-snippet:-1","max-image-preview":"max-image-preview:large","max-video-preview":"max-video-preview:-1"},"canonical":"https:\/\/www.mastercam.com\/fr\/communaute\/concours\/sae-international\/","og_locale":"fr_FR","og_type":"article","og_title":"SAE International - mastercam.com","og_description":"SAE International est une association mondiale regroupant plus de 128 000 ing\u00e9nieurs et experts techniques connexes des secteurs de l'a\u00e9rospatiale, de","og_url":"https:\/\/www.mastercam.com\/fr\/communaute\/concours\/sae-international\/","og_site_name":"mastercam.com","article_publisher":"https:\/\/www.facebook.com\/Mastercam\/","article_modified_time":"2025-12-17T19:42:08+00:00","og_image":[{"url":"http:\/\/www.mastercam.com\/wp-content\/uploads\/2023\/02\/SAE_logo.jpg","type":"","width":"","height":""}],"twitter_card":"summary_large_image","twitter_site":"@mastercam","schema":{"@context":"https:\/\/schema.org","@graph":[{"@type":"WebPage","@id":"https:\/\/www.mastercam.com\/fr\/communaute\/concours\/sae-international\/","url":"https:\/\/www.mastercam.com\/fr\/communaute\/concours\/sae-international\/","name":"SAE International - mastercam.com","isPartOf":{"@id":"https:\/\/www.mastercam.com\/fr\/#website"},"primaryImageOfPage":{"@id":"https:\/\/www.mastercam.com\/fr\/communaute\/concours\/sae-international\/#primaryimage"},"image":{"@id":"https:\/\/www.mastercam.com\/fr\/communaute\/concours\/sae-international\/#primaryimage"},"thumbnailUrl":"http:\/\/www.mastercam.com\/wp-content\/uploads\/2023\/02\/SAE_logo.jpg","datePublished":"2023-02-01T00:00:43+00:00","dateModified":"2025-12-17T19:42:08+00:00","description":"SAE International est une association mondiale regroupant plus de 128 000 ing\u00e9nieurs et experts techniques connexes des secteurs de l'a\u00e9rospatiale, de","breadcrumb":{"@id":"https:\/\/www.mastercam.com\/fr\/communaute\/concours\/sae-international\/#breadcrumb"},"inLanguage":"fr-FR","potentialAction":[{"@type":"ReadAction","target":["https:\/\/www.mastercam.com\/fr\/communaute\/concours\/sae-international\/"]}]},{"@type":"ImageObject","inLanguage":"fr-FR","@id":"https:\/\/www.mastercam.com\/fr\/communaute\/concours\/sae-international\/#primaryimage","url":"http:\/\/www.mastercam.com\/wp-content\/uploads\/2023\/02\/SAE_logo.jpg","contentUrl":"http:\/\/www.mastercam.com\/wp-content\/uploads\/2023\/02\/SAE_logo.jpg"},{"@type":"BreadcrumbList","@id":"https:\/\/www.mastercam.com\/fr\/communaute\/concours\/sae-international\/#breadcrumb","itemListElement":[{"@type":"ListItem","position":1,"name":"Home","item":"https:\/\/www.mastercam.com\/fr\/"},{"@type":"ListItem","position":2,"name":"Communaut\u00e9","item":"https:\/\/www.mastercam.com\/fr\/communaute\/"},{"@type":"ListItem","position":3,"name":"Concours","item":"https:\/\/www.mastercam.com\/fr\/communaute\/concours\/"},{"@type":"ListItem","position":4,"name":"SAE International"}]},{"@type":"WebSite","@id":"https:\/\/www.mastercam.com\/fr\/#website","url":"https:\/\/www.mastercam.com\/fr\/","name":"Mastercam","description":"Creating software and services that solve the world&#039;s manufacturing challenges","publisher":{"@id":"https:\/\/www.mastercam.com\/fr\/#organization"},"potentialAction":[{"@type":"SearchAction","target":{"@type":"EntryPoint","urlTemplate":"https:\/\/www.mastercam.com\/fr\/?s={search_term_string}"},"query-input":{"@type":"PropertyValueSpecification","valueRequired":true,"valueName":"search_term_string"}}],"inLanguage":"fr-FR"},{"@type":"Organization","@id":"https:\/\/www.mastercam.com\/fr\/#organization","name":"Mastercam","url":"https:\/\/www.mastercam.com\/fr\/","logo":{"@type":"ImageObject","inLanguage":"fr-FR","@id":"https:\/\/www.mastercam.com\/fr\/#\/schema\/logo\/image\/","url":"https:\/\/www.mastercam.com\/wp-content\/uploads\/2023\/02\/MC_logo.svg","contentUrl":"https:\/\/www.mastercam.com\/wp-content\/uploads\/2023\/02\/MC_logo.svg","width":230,"height":40,"caption":"Mastercam"},"image":{"@id":"https:\/\/www.mastercam.com\/fr\/#\/schema\/logo\/image\/"},"sameAs":["https:\/\/www.facebook.com\/Mastercam\/","https:\/\/x.com\/mastercam","https:\/\/www.linkedin.com\/company\/mastercam","https:\/\/www.youtube.com\/channel\/UChJt5ruSkqnmFH44WsXVZLw","https:\/\/www.instagram.com\/mastercam\/"]}]}},"_links":{"self":[{"href":"https:\/\/www.mastercam.com\/fr\/wp-json\/wp\/v2\/pages\/34666","targetHints":{"allow":["GET"]}}],"collection":[{"href":"https:\/\/www.mastercam.com\/fr\/wp-json\/wp\/v2\/pages"}],"about":[{"href":"https:\/\/www.mastercam.com\/fr\/wp-json\/wp\/v2\/types\/page"}],"author":[{"embeddable":true,"href":"https:\/\/www.mastercam.com\/fr\/wp-json\/wp\/v2\/users\/1"}],"replies":[{"embeddable":true,"href":"https:\/\/www.mastercam.com\/fr\/wp-json\/wp\/v2\/comments?post=34666"}],"version-history":[{"count":0,"href":"https:\/\/www.mastercam.com\/fr\/wp-json\/wp\/v2\/pages\/34666\/revisions"}],"up":[{"embeddable":true,"href":"https:\/\/www.mastercam.com\/fr\/wp-json\/wp\/v2\/pages\/34768"}],"wp:attachment":[{"href":"https:\/\/www.mastercam.com\/fr\/wp-json\/wp\/v2\/media?parent=34666"}],"curies":[{"name":"wp","href":"https:\/\/api.w.org\/{rel}","templated":true}]}}