{"id":34645,"date":"2025-11-13T14:18:40","date_gmt":"2025-11-13T19:18:40","guid":{"rendered":"https:\/\/www.mastercam.com\/programme-de-fidelisation-des-clients\/"},"modified":"2025-12-17T14:41:59","modified_gmt":"2025-12-17T19:41:59","slug":"programme-de-fidelisation-des-clients","status":"publish","type":"page","link":"https:\/\/www.mastercam.com\/fr\/soutien\/programme-de-fidelisation-des-clients\/","title":{"rendered":"Programme de fid\u00e9lisation des clients"},"content":{"rendered":"<div class=\"hero__breadcrumbs\">\n    <div class=\"container-fluid\">\n      <div class=\"row\">\n        <div class=\"col\">\n          <nav aria-label=\"breadcrumbs\"><ol class=\"breadcrumb\"><li><a href=\"https:\/\/www.mastercam.com\/fr\/\">Home<\/a><\/li><\/ol><\/nav>\n        <\/div>\n      <\/div>\n    <\/div>\n  <\/div>\n\n<div class=\"hero wp-block-acf-block-hero\">\n  <div class=\"container-fluid\">\n    <div class=\"row align-items-center\">\n      \n              <div class=\"col-12 col-lg-6 order-1 order-lg-1 hero__media-column\">\n          <div class=\"hero__media-wrapper\">\n                          \n              <div class=\"hero__image-container\">\n                <img decoding=\"async\" src=\"https:\/\/www.mastercam.com\/wp-content\/uploads\/2025\/08\/men-at-machine.jpg\"\n                     srcset=\"https:\/\/www.mastercam.com\/wp-content\/uploads\/2025\/08\/men-at-machine.jpg 896w,\n                             https:\/\/www.mastercam.com\/wp-content\/uploads\/2025\/08\/men-at-machine-768x512.jpg 768w,\n                             https:\/\/www.mastercam.com\/wp-content\/uploads\/2025\/08\/men-at-machine-300x200.jpg 600w\"\n                     sizes=\"(min-width: 992px) 50vw, 100vw\"\n                     alt=\"Men collaborating in a shop\"\n                                          class=\"hero__image\"\n                     loading=\"eager\"\n                     fetchpriority=\"high\"\n                     width=\"896\"\n                     height=\"504\">\n              <\/div>\n                      <\/div>\n        <\/div>\n      \n      \n      <div class=\"col-12 col-lg-6 order-2 order-lg-2 hero__content-column\">\n        <div class=\"hero__content\">\n                      <h1 class=\"hero__heading\">\n              \n              Programme de fid\u00e9lisation des clients\n            <\/h1>\n          \n                      <p class=\"hero__text\">Votre engagement m\u00e9rite d&#039;\u00eatre reconnu. Plus vous poss\u00e9dez de produits Mastercam entretenus, plus vous \u00e9conomisez sur vos futurs achats. <\/p>\n          \n          \n                      <div class=\"hero__cta-wrapper\">\n                              <a href=\"https:\/\/www.mastercam.com\/fr\/contactez-nous\/contacter-les-ventes\/\"\n                   class=\"btn btn-primary hero__cta\"\n                                      >\n                  Contacter les ventes\n                <\/a>\n              \n                          <\/div>\n          \n          \n                  <\/div>\n      <\/div>\n    <\/div>\n  <\/div>\n<\/div>\n\n<div class=\"wp-block-columns is-style-container is-layout-flex wp-container-core-columns-is-layout-28f84493 wp-block-columns-is-layout-flex\">\n<div class=\"wp-block-column is-layout-flow wp-block-column-is-layout-flow\"><div class=\"container-fluid align wp-block-acf-block-media-object\">\n  <div class=\"row\">\n    <div class=\"col\">\n      <div class=\"d-flex flex-column flex-lg-row media-object media-object--shaded\">\n        <div class=\"flex-shrink-0 media-object__image order-1  order-lg-3 \">\n                                    <img decoding=\"async\" src=\"https:\/\/www.mastercam.com\/wp-content\/uploads\/2025\/11\/Mastercam-Connect-Logo-Lockup-1024x320.png\" alt=\"\" loading=\"lazy\">\n                              <\/div>\n        <div class=\"media-object__body flex-grow-1 d-lg-flex flex-column order-2 justify-content-lg-center\">\n                                <h2 class=\"media-object__header h3\">Comment cela fonctionne-t-il ?<\/h2>\n                                <div class=\"media-object__content\">\n              <p>Le programme de r\u00e9compense pour la fid\u00e9lit\u00e9 des clients Mastercam est une incitation structur\u00e9e con\u00e7ue pour reconna\u00eetre et r\u00e9compenser les clients pour leur investissement continu dans les solutions Mastercam. Le programme offre des remises \u00e9chelonn\u00e9es sur les produits suivants : <\/p>\n<ul>\n<li>Licences perp\u00e9tuelles (tous les produits)<\/li>\n<li>Licences d&rsquo;abonnement (tous les produits)<\/li>\n<li>Mastercam CONNECT Maintenance et support<\/li>\n<\/ul>\n<p>Cette offre est disponible pour tous les clients de l&rsquo;Industrie ayant un Mastercam CONNECT actif et\/ou un abonnement sur toutes les licences poss\u00e9d\u00e9es. Une autre raison pour laquelle le programme de maintenance et d&rsquo;assistance Mastercam CONNECT est un excellent moyen de tirer le meilleur parti de votre investissement total dans Mastercam. Pour en savoir plus sur Mastercam CONNECT <a href=\"https:\/\/www.mastercam.com\/fr\/mastercam-connect\/\">, cliquez ici<\/a>.  <\/p>\n\n            <\/div>\n                            <\/div>\n      <\/div>\n    <\/div>\n  <\/div>\n<\/div>\n<\/div>\n<\/div>\n\n<hr class=\"wp-block-separator has-alpha-channel-opacity\"\/>\n\n<div class=\"wp-block-columns is-style-container is-layout-flex wp-container-core-columns-is-layout-28f84493 wp-block-columns-is-layout-flex\">\n<div class=\"wp-block-column is-layout-flow wp-block-column-is-layout-flow\">\n<div style=\"height:48px\" aria-hidden=\"true\" class=\"wp-block-spacer\"><\/div>\n\n\n\n<h2 class=\"wp-block-heading\">Contactez votre repr\u00e9sentant Mastercam pour en savoir plus<\/h2>\n\n\n\n<div style=\"height:40px\" aria-hidden=\"true\" class=\"wp-block-spacer\"><\/div>\n\n\n\n<script charset=\"utf-8\" type=\"text\/javascript\" src=\"\/\/js.hsforms.net\/forms\/embed\/v2.js\"><\/script><script>hbspt.forms.create({\n    region: \"na1\",\n    portalId: \"3375755\",\n    formId: \"399f9336-9854-46f8-a9d4-f3ff5cf9083b\"\n  });\n<\/script>\n<\/div>\n<\/div>\n","protected":false},"excerpt":{"rendered":"<p>Contactez votre repr\u00e9sentant Mastercam pour en savoir plus<\/p>\n","protected":false},"author":4,"featured_media":0,"parent":34746,"menu_order":0,"comment_status":"closed","ping_status":"closed","template":"","meta":{"_acf_changed":false,"footnotes":""},"class_list":["post-34645","page","type-page","status-publish","hentry"],"acf":[],"yoast_head":"<!-- This site is optimized with the Yoast SEO plugin v27.5 - https:\/\/yoast.com\/product\/yoast-seo-wordpress\/ -->\n<title>Programme de fid\u00e9lisation des clients - mastercam.com<\/title>\n<meta name=\"description\" content=\"D\u00e9verrouillez des \u00e9conomies avec le programme de fid\u00e9lit\u00e9 client de Mastercam. D\u00e9couvrez comment votre investissement continu peut vous faire gagner des r\u00e9compenses.\" \/>\n<meta name=\"robots\" content=\"noindex, nofollow\" \/>\n<meta property=\"og:locale\" content=\"fr_FR\" \/>\n<meta property=\"og:type\" content=\"article\" \/>\n<meta property=\"og:title\" content=\"Programme de fid\u00e9lisation des clients : \u00c9conomisez sur vos futurs achats\" \/>\n<meta property=\"og:description\" content=\"D\u00e9couvrez le programme de fid\u00e9lisation des clients qui r\u00e9compense votre engagement par des remises sur les produits et services Mastercam.\" \/>\n<meta property=\"og:url\" content=\"https:\/\/www.mastercam.com\/fr\/soutien\/programme-de-fidelisation-des-clients\/\" \/>\n<meta property=\"og:site_name\" content=\"mastercam.com\" \/>\n<meta property=\"article:publisher\" content=\"https:\/\/www.facebook.com\/Mastercam\/\" \/>\n<meta property=\"article:modified_time\" content=\"2025-12-17T19:41:59+00:00\" \/>\n<meta property=\"og:image\" content=\"https:\/\/www.mastercam.com\/wp-content\/uploads\/2025\/11\/Homepage-Callout_Customer-Loyalty-2-1024x602.png\" \/>\n<meta name=\"twitter:card\" content=\"summary_large_image\" \/>\n<meta name=\"twitter:site\" content=\"@mastercam\" \/>\n<script type=\"application\/ld+json\" class=\"yoast-schema-graph\">{\"@context\":\"https:\\\/\\\/schema.org\",\"@graph\":[{\"@type\":\"WebPage\",\"@id\":\"https:\\\/\\\/www.mastercam.com\\\/fr\\\/soutien\\\/programme-de-fidelisation-des-clients\\\/\",\"url\":\"https:\\\/\\\/www.mastercam.com\\\/fr\\\/soutien\\\/programme-de-fidelisation-des-clients\\\/\",\"name\":\"Programme de fid\u00e9lisation des clients - mastercam.com\",\"isPartOf\":{\"@id\":\"https:\\\/\\\/www.mastercam.com\\\/fr\\\/#website\"},\"datePublished\":\"2025-11-13T19:18:40+00:00\",\"dateModified\":\"2025-12-17T19:41:59+00:00\",\"description\":\"D\u00e9verrouillez des \u00e9conomies avec le programme de fid\u00e9lit\u00e9 client de Mastercam. D\u00e9couvrez comment votre investissement continu peut vous faire gagner des r\u00e9compenses.\",\"breadcrumb\":{\"@id\":\"https:\\\/\\\/www.mastercam.com\\\/fr\\\/soutien\\\/programme-de-fidelisation-des-clients\\\/#breadcrumb\"},\"inLanguage\":\"fr-FR\",\"potentialAction\":[{\"@type\":\"ReadAction\",\"target\":[\"https:\\\/\\\/www.mastercam.com\\\/fr\\\/soutien\\\/programme-de-fidelisation-des-clients\\\/\"]}]},{\"@type\":\"BreadcrumbList\",\"@id\":\"https:\\\/\\\/www.mastercam.com\\\/fr\\\/soutien\\\/programme-de-fidelisation-des-clients\\\/#breadcrumb\",\"itemListElement\":[{\"@type\":\"ListItem\",\"position\":1,\"name\":\"Home\",\"item\":\"https:\\\/\\\/www.mastercam.com\\\/fr\\\/\"},{\"@type\":\"ListItem\",\"position\":2,\"name\":\"Soutien\",\"item\":\"https:\\\/\\\/www.mastercam.com\\\/fr\\\/soutien\\\/\"},{\"@type\":\"ListItem\",\"position\":3,\"name\":\"Programme de fid\u00e9lisation des clients\"}]},{\"@type\":\"WebSite\",\"@id\":\"https:\\\/\\\/www.mastercam.com\\\/fr\\\/#website\",\"url\":\"https:\\\/\\\/www.mastercam.com\\\/fr\\\/\",\"name\":\"Mastercam\",\"description\":\"Creating software and services that solve the world&#039;s manufacturing challenges\",\"publisher\":{\"@id\":\"https:\\\/\\\/www.mastercam.com\\\/fr\\\/#organization\"},\"potentialAction\":[{\"@type\":\"SearchAction\",\"target\":{\"@type\":\"EntryPoint\",\"urlTemplate\":\"https:\\\/\\\/www.mastercam.com\\\/fr\\\/?s={search_term_string}\"},\"query-input\":{\"@type\":\"PropertyValueSpecification\",\"valueRequired\":true,\"valueName\":\"search_term_string\"}}],\"inLanguage\":\"fr-FR\"},{\"@type\":\"Organization\",\"@id\":\"https:\\\/\\\/www.mastercam.com\\\/fr\\\/#organization\",\"name\":\"Mastercam\",\"url\":\"https:\\\/\\\/www.mastercam.com\\\/fr\\\/\",\"logo\":{\"@type\":\"ImageObject\",\"inLanguage\":\"fr-FR\",\"@id\":\"https:\\\/\\\/www.mastercam.com\\\/fr\\\/#\\\/schema\\\/logo\\\/image\\\/\",\"url\":\"https:\\\/\\\/www.mastercam.com\\\/wp-content\\\/uploads\\\/2023\\\/02\\\/MC_logo.svg\",\"contentUrl\":\"https:\\\/\\\/www.mastercam.com\\\/wp-content\\\/uploads\\\/2023\\\/02\\\/MC_logo.svg\",\"width\":230,\"height\":40,\"caption\":\"Mastercam\"},\"image\":{\"@id\":\"https:\\\/\\\/www.mastercam.com\\\/fr\\\/#\\\/schema\\\/logo\\\/image\\\/\"},\"sameAs\":[\"https:\\\/\\\/www.facebook.com\\\/Mastercam\\\/\",\"https:\\\/\\\/x.com\\\/mastercam\",\"https:\\\/\\\/www.linkedin.com\\\/company\\\/mastercam\",\"https:\\\/\\\/www.youtube.com\\\/channel\\\/UChJt5ruSkqnmFH44WsXVZLw\",\"https:\\\/\\\/www.instagram.com\\\/mastercam\\\/\"]}]}<\/script>\n<!-- \/ Yoast SEO plugin. -->","yoast_head_json":{"title":"Programme de fid\u00e9lisation des clients - mastercam.com","description":"D\u00e9verrouillez des \u00e9conomies avec le programme de fid\u00e9lit\u00e9 client de Mastercam. D\u00e9couvrez comment votre investissement continu peut vous faire gagner des r\u00e9compenses.","robots":{"index":"noindex","follow":"nofollow"},"og_locale":"fr_FR","og_type":"article","og_title":"Programme de fid\u00e9lisation des clients : \u00c9conomisez sur vos futurs achats","og_description":"D\u00e9couvrez le programme de fid\u00e9lisation des clients qui r\u00e9compense votre engagement par des remises sur les produits et services Mastercam.","og_url":"https:\/\/www.mastercam.com\/fr\/soutien\/programme-de-fidelisation-des-clients\/","og_site_name":"mastercam.com","article_publisher":"https:\/\/www.facebook.com\/Mastercam\/","article_modified_time":"2025-12-17T19:41:59+00:00","og_image":[{"url":"https:\/\/www.mastercam.com\/wp-content\/uploads\/2025\/11\/Homepage-Callout_Customer-Loyalty-2-1024x602.png","type":"","width":"","height":""}],"twitter_card":"summary_large_image","twitter_site":"@mastercam","schema":{"@context":"https:\/\/schema.org","@graph":[{"@type":"WebPage","@id":"https:\/\/www.mastercam.com\/fr\/soutien\/programme-de-fidelisation-des-clients\/","url":"https:\/\/www.mastercam.com\/fr\/soutien\/programme-de-fidelisation-des-clients\/","name":"Programme de fid\u00e9lisation des clients - mastercam.com","isPartOf":{"@id":"https:\/\/www.mastercam.com\/fr\/#website"},"datePublished":"2025-11-13T19:18:40+00:00","dateModified":"2025-12-17T19:41:59+00:00","description":"D\u00e9verrouillez des \u00e9conomies avec le programme de fid\u00e9lit\u00e9 client de Mastercam. D\u00e9couvrez comment votre investissement continu peut vous faire gagner des r\u00e9compenses.","breadcrumb":{"@id":"https:\/\/www.mastercam.com\/fr\/soutien\/programme-de-fidelisation-des-clients\/#breadcrumb"},"inLanguage":"fr-FR","potentialAction":[{"@type":"ReadAction","target":["https:\/\/www.mastercam.com\/fr\/soutien\/programme-de-fidelisation-des-clients\/"]}]},{"@type":"BreadcrumbList","@id":"https:\/\/www.mastercam.com\/fr\/soutien\/programme-de-fidelisation-des-clients\/#breadcrumb","itemListElement":[{"@type":"ListItem","position":1,"name":"Home","item":"https:\/\/www.mastercam.com\/fr\/"},{"@type":"ListItem","position":2,"name":"Soutien","item":"https:\/\/www.mastercam.com\/fr\/soutien\/"},{"@type":"ListItem","position":3,"name":"Programme de fid\u00e9lisation des clients"}]},{"@type":"WebSite","@id":"https:\/\/www.mastercam.com\/fr\/#website","url":"https:\/\/www.mastercam.com\/fr\/","name":"Mastercam","description":"Creating software and services that solve the world&#039;s manufacturing challenges","publisher":{"@id":"https:\/\/www.mastercam.com\/fr\/#organization"},"potentialAction":[{"@type":"SearchAction","target":{"@type":"EntryPoint","urlTemplate":"https:\/\/www.mastercam.com\/fr\/?s={search_term_string}"},"query-input":{"@type":"PropertyValueSpecification","valueRequired":true,"valueName":"search_term_string"}}],"inLanguage":"fr-FR"},{"@type":"Organization","@id":"https:\/\/www.mastercam.com\/fr\/#organization","name":"Mastercam","url":"https:\/\/www.mastercam.com\/fr\/","logo":{"@type":"ImageObject","inLanguage":"fr-FR","@id":"https:\/\/www.mastercam.com\/fr\/#\/schema\/logo\/image\/","url":"https:\/\/www.mastercam.com\/wp-content\/uploads\/2023\/02\/MC_logo.svg","contentUrl":"https:\/\/www.mastercam.com\/wp-content\/uploads\/2023\/02\/MC_logo.svg","width":230,"height":40,"caption":"Mastercam"},"image":{"@id":"https:\/\/www.mastercam.com\/fr\/#\/schema\/logo\/image\/"},"sameAs":["https:\/\/www.facebook.com\/Mastercam\/","https:\/\/x.com\/mastercam","https:\/\/www.linkedin.com\/company\/mastercam","https:\/\/www.youtube.com\/channel\/UChJt5ruSkqnmFH44WsXVZLw","https:\/\/www.instagram.com\/mastercam\/"]}]}},"_links":{"self":[{"href":"https:\/\/www.mastercam.com\/fr\/wp-json\/wp\/v2\/pages\/34645","targetHints":{"allow":["GET"]}}],"collection":[{"href":"https:\/\/www.mastercam.com\/fr\/wp-json\/wp\/v2\/pages"}],"about":[{"href":"https:\/\/www.mastercam.com\/fr\/wp-json\/wp\/v2\/types\/page"}],"author":[{"embeddable":true,"href":"https:\/\/www.mastercam.com\/fr\/wp-json\/wp\/v2\/users\/4"}],"replies":[{"embeddable":true,"href":"https:\/\/www.mastercam.com\/fr\/wp-json\/wp\/v2\/comments?post=34645"}],"version-history":[{"count":0,"href":"https:\/\/www.mastercam.com\/fr\/wp-json\/wp\/v2\/pages\/34645\/revisions"}],"up":[{"embeddable":true,"href":"https:\/\/www.mastercam.com\/fr\/wp-json\/wp\/v2\/pages\/34746"}],"wp:attachment":[{"href":"https:\/\/www.mastercam.com\/fr\/wp-json\/wp\/v2\/media?parent=34645"}],"curies":[{"name":"wp","href":"https:\/\/api.w.org\/{rel}","templated":true}]}}