{"id":28815,"date":"2023-01-13T18:25:42","date_gmt":"2023-01-13T23:25:42","guid":{"rendered":"https:\/\/www.mastercam.com\/a-propos-de-nous\/carrieres\/"},"modified":"2025-12-17T14:43:45","modified_gmt":"2025-12-17T19:43:45","slug":"carrieres","status":"publish","type":"page","link":"https:\/\/www.mastercam.com\/fr\/actualites\/carrieres\/","title":{"rendered":"Carri\u00e8res"},"content":{"rendered":"<div class=\"hero__breadcrumbs\">\n    <div class=\"container-fluid\">\n      <div class=\"row\">\n        <div class=\"col\">\n          <nav aria-label=\"breadcrumbs\"><ol class=\"breadcrumb\"><li><a href=\"https:\/\/www.mastercam.com\/fr\/\">Home<\/a><\/li><\/ol><\/nav>\n        <\/div>\n      <\/div>\n    <\/div>\n  <\/div>\n\n<div class=\"hero hero--minimal wp-block-acf-block-hero\">\n  <div class=\"container-fluid\">\n    <div class=\"row align-items-center\">\n      \n      \n      \n      <div class=\"col-12 col-lg-7 order-2 order-lg-2 hero__content-column\">\n        <div class=\"hero__content\">\n                      <h1 class=\"hero__heading\">\n              \n              Carri\u00e8res\n            <\/h1>\n          \n          \n          \n          \n          \n                  <\/div>\n      <\/div>\n    <\/div>\n  <\/div>\n<\/div>\n\n<div class=\"wp-block-columns is-style-container is-layout-flex wp-container-core-columns-is-layout-28f84493 wp-block-columns-is-layout-flex\">\n<div class=\"wp-block-column is-layout-flow wp-block-column-is-layout-flow\">\n<h2 class=\"wp-block-heading\">Fa\u00e7onner l&rsquo;avenir de l&rsquo;industrie <sup>manufacturi\u00e8re<\/sup><\/h2>\n\n\n\n<p>En tant que premier fournisseur de solutions avanc\u00e9es de fabrication num\u00e9rique, nous donnons aux fabricants les moyens d&rsquo;optimiser leur productivit\u00e9, de rationaliser leurs op\u00e9rations et de favoriser leur transformation. Soutenu par un r\u00e9seau mondial de partenaires Chanel et une communaut\u00e9 de d\u00e9veloppeurs dynamique, Mastercam est la r\u00e9f\u00e9rence en mati\u00e8re d&rsquo;excellence dans les technologies de fabrication.<\/p>\n\n\n\n<p>En tant que partie int\u00e9grante de Sandvik Manufacturing Solutions (SMF) et du<a href=\"https:\/\/www.home.sandvik\/\" target=\"_blank\" rel=\"noreferrer noopener\">groupe<\/a> <a href=\"https:\/\/www.home.sandvik\/\">Sandvik<\/a> au sens large, Mastercam est \u00e0 l&rsquo;avant-garde de la transformation num\u00e9rique. Notre \u00e9quipe de professionnels et d&rsquo;experts de l&rsquo;Industrie s&rsquo;engage \u00e0 fournir un service et une expertise exceptionnels \u00e0 notre client\u00e8le internationale diversifi\u00e9e. Nous nous concentrons sur la mise au point de technologies innovantes et sur la fourniture de solutions in\u00e9gal\u00e9es pour aider nos clients \u00e0 atteindre une pr\u00e9cision et une productivit\u00e9 exceptionnelles.<\/p>\n\n\n\n<p>Avec plus de 40 ans de leadership dans l&rsquo;industrie, <a href=\"https:\/\/www.mastercam.com\/fr\/a-propos-de-nous\/\">Mastercam<\/a> se consacre \u00e0 l&rsquo;avancement de la technologie CAO\/FAO et pilote la transformation du secteur de la fabrication. Nous nous adaptons continuellement pour r\u00e9pondre aux besoins \u00e9volutifs de nos clients avec des produits et des services de haute qualit\u00e9 qui r\u00e9pondent aux exigences rigoureuses de l&rsquo;industrie. <\/p>\n\n\n\n<p>Nos valeurs fondamentales pilotent tout ce que nous faisons :<\/p>\n\n\n\n<ul class=\"wp-block-list\">\n<li><strong>Orient\u00e9s vers le client :<\/strong> Nous sommes agiles et prenons des d\u00e9cisions proches de nos clients pour nous assurer que leurs besoins sont satisfaits rapidement et efficacement.<\/li>\n\n\n\n<li><strong>L&rsquo;innovation : <\/strong>En tant que lignes de cote technologiques, nous nous nourrissons de l&rsquo;innovation pour rester \u00e0 la pointe des solutions de fabrication num\u00e9rique.<\/li>\n\n\n\n<li><strong>Fair-play :<\/strong> nous nous engageons \u00e0 respecter les pratiques \u00e9thiques, la conformit\u00e9 et \u00e0 promouvoir la sant\u00e9, la s\u00e9curit\u00e9 et le d\u00e9veloppement durable.<\/li>\n\n\n\n<li><strong>La passion de gagner :<\/strong> Nous prenons la t\u00eate du march\u00e9 gr\u00e2ce \u00e0 des \u00e9quipes responsabilis\u00e9es, \u00e0 une gestion rigoureuse des performances et \u00e0 un engagement en faveur de l&rsquo;am\u00e9lioration continue.<\/li>\n<\/ul>\n\n\n\n<p>Chez Mastercam, nous donnons la priorit\u00e9 \u00e0 l&rsquo;innovation, \u00e0 la collaboration et au d\u00e9veloppement professionnel. Rejoignez notre \u00e9quipe avant-gardiste et aidez-nous \u00e0 fa\u00e7onner l&rsquo;avenir ensemble. Connectez-vous avec nous sur <a href=\"https:\/\/www.linkedin.com\/company\/mastercam\/\">LinkedIn<\/a> et participez \u00e0 la conversation en utilisant #mastercam. Pr\u00eat \u00e0 faire bouger les choses ? Postulez d\u00e8s maintenant et participez \u00e0 la transformation de l&rsquo;industrie manufacturi\u00e8re.<\/p>\n\n\n\n<div style=\"height:64px\" aria-hidden=\"true\" class=\"wp-block-spacer\"><\/div>\n\n\n\n<!-- Start of job widgets code. DO NOT DELETE --><script src=\"https:\/\/workforcenow.adp.com\/mascsr\/default\/mdf\/recwebcomponents\/recruitment\/main-config\/recruitment.js\"><\/script><recruitment-current-openings cid=\"b35545bc-d131-467c-a046-2ba0f85874f6\" ccid=\"19000101_000003\" host=\"DP\" locale=\"en_US\"><\/recruitment-current-openings><!-- End of job widgets code -->\n\n\n\n<div style=\"height:64px\" aria-hidden=\"true\" class=\"wp-block-spacer\"><\/div>\n<\/div>\n<\/div>\n","protected":false},"excerpt":{"rendered":"<p>Fa\u00e7onner l&rsquo;avenir de l&rsquo;industrie manufacturi\u00e8re En tant que premier fournisseur de solutions avanc\u00e9es de fabrication [&hellip;]<\/p>\n","protected":false},"author":1,"featured_media":0,"parent":34771,"menu_order":0,"comment_status":"closed","ping_status":"closed","template":"","meta":{"_acf_changed":false,"footnotes":""},"class_list":["post-28815","page","type-page","status-publish","hentry"],"acf":[],"yoast_head":"<!-- This site is optimized with the Yoast SEO plugin v27.3 - https:\/\/yoast.com\/product\/yoast-seo-wordpress\/ -->\n<title>Carri\u00e8res - mastercam.com<\/title>\n<meta name=\"description\" content=\"Fa\u00e7onner l&#039;avenir de l&#039;industrie manufacturi\u00e8re En tant que premier fournisseur de solutions avanc\u00e9es de fabrication num\u00e9rique, nous donnons aux\" \/>\n<meta name=\"robots\" content=\"index, follow, max-snippet:-1, max-image-preview:large, max-video-preview:-1\" \/>\n<link rel=\"canonical\" href=\"https:\/\/www.mastercam.com\/fr\/actualites\/carrieres\/\" \/>\n<meta property=\"og:locale\" content=\"fr_FR\" \/>\n<meta property=\"og:type\" content=\"article\" \/>\n<meta property=\"og:title\" content=\"Carri\u00e8res - mastercam.com\" \/>\n<meta property=\"og:description\" content=\"Fa\u00e7onner l&#039;avenir de l&#039;industrie manufacturi\u00e8re En tant que premier fournisseur de solutions avanc\u00e9es de fabrication num\u00e9rique, nous donnons aux\" \/>\n<meta property=\"og:url\" content=\"https:\/\/www.mastercam.com\/fr\/actualites\/carrieres\/\" \/>\n<meta property=\"og:site_name\" content=\"mastercam.com\" \/>\n<meta property=\"article:publisher\" content=\"https:\/\/www.facebook.com\/Mastercam\/\" \/>\n<meta property=\"article:modified_time\" content=\"2025-12-17T19:43:45+00:00\" \/>\n<meta property=\"og:image\" content=\"https:\/\/www.mastercam.com\/wp-content\/uploads\/2024\/02\/drill-wide-photo-1200x675-1.jpg\" \/>\n\t<meta property=\"og:image:width\" content=\"1200\" \/>\n\t<meta property=\"og:image:height\" content=\"675\" \/>\n\t<meta property=\"og:image:type\" content=\"image\/jpeg\" \/>\n<meta name=\"twitter:card\" content=\"summary_large_image\" \/>\n<meta name=\"twitter:site\" content=\"@mastercam\" \/>\n<meta name=\"twitter:label1\" content=\"Est. reading time\" \/>\n\t<meta name=\"twitter:data1\" content=\"2 minutes\" \/>\n<script type=\"application\/ld+json\" class=\"yoast-schema-graph\">{\"@context\":\"https:\\\/\\\/schema.org\",\"@graph\":[{\"@type\":\"WebPage\",\"@id\":\"https:\\\/\\\/www.mastercam.com\\\/fr\\\/actualites\\\/carrieres\\\/\",\"url\":\"https:\\\/\\\/www.mastercam.com\\\/fr\\\/actualites\\\/carrieres\\\/\",\"name\":\"Carri\u00e8res - mastercam.com\",\"isPartOf\":{\"@id\":\"https:\\\/\\\/www.mastercam.com\\\/fr\\\/#website\"},\"datePublished\":\"2023-01-13T23:25:42+00:00\",\"dateModified\":\"2025-12-17T19:43:45+00:00\",\"description\":\"Fa\u00e7onner l'avenir de l'industrie manufacturi\u00e8re En tant que premier fournisseur de solutions avanc\u00e9es de fabrication num\u00e9rique, nous donnons aux\",\"breadcrumb\":{\"@id\":\"https:\\\/\\\/www.mastercam.com\\\/fr\\\/actualites\\\/carrieres\\\/#breadcrumb\"},\"inLanguage\":\"fr-FR\",\"potentialAction\":[{\"@type\":\"ReadAction\",\"target\":[\"https:\\\/\\\/www.mastercam.com\\\/fr\\\/actualites\\\/carrieres\\\/\"]}]},{\"@type\":\"BreadcrumbList\",\"@id\":\"https:\\\/\\\/www.mastercam.com\\\/fr\\\/actualites\\\/carrieres\\\/#breadcrumb\",\"itemListElement\":[{\"@type\":\"ListItem\",\"position\":1,\"name\":\"Home\",\"item\":\"https:\\\/\\\/www.mastercam.com\\\/fr\\\/\"},{\"@type\":\"ListItem\",\"position\":2,\"name\":\"Actualit\u00e9s\",\"item\":\"https:\\\/\\\/www.mastercam.com\\\/fr\\\/actualites\\\/\"},{\"@type\":\"ListItem\",\"position\":3,\"name\":\"Carri\u00e8res\"}]},{\"@type\":\"WebSite\",\"@id\":\"https:\\\/\\\/www.mastercam.com\\\/fr\\\/#website\",\"url\":\"https:\\\/\\\/www.mastercam.com\\\/fr\\\/\",\"name\":\"Mastercam\",\"description\":\"Creating software and services that solve the world&#039;s manufacturing challenges\",\"publisher\":{\"@id\":\"https:\\\/\\\/www.mastercam.com\\\/fr\\\/#organization\"},\"potentialAction\":[{\"@type\":\"SearchAction\",\"target\":{\"@type\":\"EntryPoint\",\"urlTemplate\":\"https:\\\/\\\/www.mastercam.com\\\/fr\\\/?s={search_term_string}\"},\"query-input\":{\"@type\":\"PropertyValueSpecification\",\"valueRequired\":true,\"valueName\":\"search_term_string\"}}],\"inLanguage\":\"fr-FR\"},{\"@type\":\"Organization\",\"@id\":\"https:\\\/\\\/www.mastercam.com\\\/fr\\\/#organization\",\"name\":\"Mastercam\",\"url\":\"https:\\\/\\\/www.mastercam.com\\\/fr\\\/\",\"logo\":{\"@type\":\"ImageObject\",\"inLanguage\":\"fr-FR\",\"@id\":\"https:\\\/\\\/www.mastercam.com\\\/fr\\\/#\\\/schema\\\/logo\\\/image\\\/\",\"url\":\"https:\\\/\\\/www.mastercam.com\\\/wp-content\\\/uploads\\\/2023\\\/02\\\/MC_logo.svg\",\"contentUrl\":\"https:\\\/\\\/www.mastercam.com\\\/wp-content\\\/uploads\\\/2023\\\/02\\\/MC_logo.svg\",\"width\":230,\"height\":40,\"caption\":\"Mastercam\"},\"image\":{\"@id\":\"https:\\\/\\\/www.mastercam.com\\\/fr\\\/#\\\/schema\\\/logo\\\/image\\\/\"},\"sameAs\":[\"https:\\\/\\\/www.facebook.com\\\/Mastercam\\\/\",\"https:\\\/\\\/x.com\\\/mastercam\",\"https:\\\/\\\/www.linkedin.com\\\/company\\\/mastercam\",\"https:\\\/\\\/www.youtube.com\\\/channel\\\/UChJt5ruSkqnmFH44WsXVZLw\",\"https:\\\/\\\/www.instagram.com\\\/mastercam\\\/\"]}]}<\/script>\n<!-- \/ Yoast SEO plugin. -->","yoast_head_json":{"title":"Carri\u00e8res - mastercam.com","description":"Fa\u00e7onner l'avenir de l'industrie manufacturi\u00e8re En tant que premier fournisseur de solutions avanc\u00e9es de fabrication num\u00e9rique, nous donnons aux","robots":{"index":"index","follow":"follow","max-snippet":"max-snippet:-1","max-image-preview":"max-image-preview:large","max-video-preview":"max-video-preview:-1"},"canonical":"https:\/\/www.mastercam.com\/fr\/actualites\/carrieres\/","og_locale":"fr_FR","og_type":"article","og_title":"Carri\u00e8res - mastercam.com","og_description":"Fa\u00e7onner l'avenir de l'industrie manufacturi\u00e8re En tant que premier fournisseur de solutions avanc\u00e9es de fabrication num\u00e9rique, nous donnons aux","og_url":"https:\/\/www.mastercam.com\/fr\/actualites\/carrieres\/","og_site_name":"mastercam.com","article_publisher":"https:\/\/www.facebook.com\/Mastercam\/","article_modified_time":"2025-12-17T19:43:45+00:00","og_image":[{"width":1200,"height":675,"url":"https:\/\/www.mastercam.com\/wp-content\/uploads\/2024\/02\/drill-wide-photo-1200x675-1.jpg","type":"image\/jpeg"}],"twitter_card":"summary_large_image","twitter_site":"@mastercam","twitter_misc":{"Est. reading time":"2 minutes"},"schema":{"@context":"https:\/\/schema.org","@graph":[{"@type":"WebPage","@id":"https:\/\/www.mastercam.com\/fr\/actualites\/carrieres\/","url":"https:\/\/www.mastercam.com\/fr\/actualites\/carrieres\/","name":"Carri\u00e8res - mastercam.com","isPartOf":{"@id":"https:\/\/www.mastercam.com\/fr\/#website"},"datePublished":"2023-01-13T23:25:42+00:00","dateModified":"2025-12-17T19:43:45+00:00","description":"Fa\u00e7onner l'avenir de l'industrie manufacturi\u00e8re En tant que premier fournisseur de solutions avanc\u00e9es de fabrication num\u00e9rique, nous donnons aux","breadcrumb":{"@id":"https:\/\/www.mastercam.com\/fr\/actualites\/carrieres\/#breadcrumb"},"inLanguage":"fr-FR","potentialAction":[{"@type":"ReadAction","target":["https:\/\/www.mastercam.com\/fr\/actualites\/carrieres\/"]}]},{"@type":"BreadcrumbList","@id":"https:\/\/www.mastercam.com\/fr\/actualites\/carrieres\/#breadcrumb","itemListElement":[{"@type":"ListItem","position":1,"name":"Home","item":"https:\/\/www.mastercam.com\/fr\/"},{"@type":"ListItem","position":2,"name":"Actualit\u00e9s","item":"https:\/\/www.mastercam.com\/fr\/actualites\/"},{"@type":"ListItem","position":3,"name":"Carri\u00e8res"}]},{"@type":"WebSite","@id":"https:\/\/www.mastercam.com\/fr\/#website","url":"https:\/\/www.mastercam.com\/fr\/","name":"Mastercam","description":"Creating software and services that solve the world&#039;s manufacturing challenges","publisher":{"@id":"https:\/\/www.mastercam.com\/fr\/#organization"},"potentialAction":[{"@type":"SearchAction","target":{"@type":"EntryPoint","urlTemplate":"https:\/\/www.mastercam.com\/fr\/?s={search_term_string}"},"query-input":{"@type":"PropertyValueSpecification","valueRequired":true,"valueName":"search_term_string"}}],"inLanguage":"fr-FR"},{"@type":"Organization","@id":"https:\/\/www.mastercam.com\/fr\/#organization","name":"Mastercam","url":"https:\/\/www.mastercam.com\/fr\/","logo":{"@type":"ImageObject","inLanguage":"fr-FR","@id":"https:\/\/www.mastercam.com\/fr\/#\/schema\/logo\/image\/","url":"https:\/\/www.mastercam.com\/wp-content\/uploads\/2023\/02\/MC_logo.svg","contentUrl":"https:\/\/www.mastercam.com\/wp-content\/uploads\/2023\/02\/MC_logo.svg","width":230,"height":40,"caption":"Mastercam"},"image":{"@id":"https:\/\/www.mastercam.com\/fr\/#\/schema\/logo\/image\/"},"sameAs":["https:\/\/www.facebook.com\/Mastercam\/","https:\/\/x.com\/mastercam","https:\/\/www.linkedin.com\/company\/mastercam","https:\/\/www.youtube.com\/channel\/UChJt5ruSkqnmFH44WsXVZLw","https:\/\/www.instagram.com\/mastercam\/"]}]}},"_links":{"self":[{"href":"https:\/\/www.mastercam.com\/fr\/wp-json\/wp\/v2\/pages\/28815","targetHints":{"allow":["GET"]}}],"collection":[{"href":"https:\/\/www.mastercam.com\/fr\/wp-json\/wp\/v2\/pages"}],"about":[{"href":"https:\/\/www.mastercam.com\/fr\/wp-json\/wp\/v2\/types\/page"}],"author":[{"embeddable":true,"href":"https:\/\/www.mastercam.com\/fr\/wp-json\/wp\/v2\/users\/1"}],"replies":[{"embeddable":true,"href":"https:\/\/www.mastercam.com\/fr\/wp-json\/wp\/v2\/comments?post=28815"}],"version-history":[{"count":0,"href":"https:\/\/www.mastercam.com\/fr\/wp-json\/wp\/v2\/pages\/28815\/revisions"}],"up":[{"embeddable":true,"href":"https:\/\/www.mastercam.com\/fr\/wp-json\/wp\/v2\/pages\/34771"}],"wp:attachment":[{"href":"https:\/\/www.mastercam.com\/fr\/wp-json\/wp\/v2\/media?parent=28815"}],"curies":[{"name":"wp","href":"https:\/\/api.w.org\/{rel}","templated":true}]}}