{"id":28807,"date":"2023-01-31T19:04:23","date_gmt":"2023-02-01T00:04:23","guid":{"rendered":"https:\/\/www.mastercam.com\/a-propos-de-nous\/direction\/"},"modified":"2025-12-17T14:17:35","modified_gmt":"2025-12-17T19:17:35","slug":"direction","status":"publish","type":"page","link":"https:\/\/www.mastercam.com\/fr\/actualites\/a-propos-de-nous\/direction\/","title":{"rendered":"\u00c9quipe de direction"},"content":{"rendered":"<div class=\"hero__breadcrumbs\">\n    <div class=\"container-fluid\">\n      <div class=\"row\">\n        <div class=\"col\">\n          <nav aria-label=\"breadcrumbs\"><ol class=\"breadcrumb\"><li><a href=\"https:\/\/www.mastercam.com\/fr\/\">Home<\/a><\/li><\/ol><\/nav>\n        <\/div>\n      <\/div>\n    <\/div>\n  <\/div>\n\n<div class=\"hero hero--minimal wp-block-acf-block-hero\">\n  <div class=\"container-fluid\">\n    <div class=\"row align-items-center\">\n      \n      \n      \n      <div class=\"col-12 col-lg-7 order-2 order-lg-2 hero__content-column\">\n        <div class=\"hero__content\">\n                      <h1 class=\"hero__heading\">\n              \n              \u00c9quipe de direction\n            <\/h1>\n          \n          \n          \n          \n          \n                  <\/div>\n      <\/div>\n    <\/div>\n  <\/div>\n<\/div>\n\n<div class=\"wp-block-group is-style-light-gray-bg is-layout-constrained wp-block-group-is-layout-constrained\" style=\"padding-top:var(--wp--preset--spacing--6);padding-bottom:var(--wp--preset--spacing--6)\">\n<div class=\"wp-block-columns is-style-container is-layout-flex wp-container-core-columns-is-layout-a61e1d87 wp-block-columns-is-layout-flex\" style=\"padding-bottom:var(--wp--preset--spacing--6)\">\n<div class=\"wp-block-column is-layout-flow wp-block-column-is-layout-flow\">\n<p>Depuis 1983, Mastercam est pass\u00e9 du statut de pionnier de la CAO\/FAO \u00e0 celui de logiciel de FAO le plus utilis\u00e9 au monde. Aujourd&rsquo;hui, nous sommes l&rsquo;\u00e9pine dorsale de la fabrication moderne &#8211; des ateliers de prototypage aux installations de production \u00e0 travers le monde, soutenus par notre r\u00e9seau de partenaires certifi\u00e9s qui connaissent votre march\u00e9 local et ses d\u00e9fis. <\/p>\n\n\n\n<p>Notre \u00e9quipe r\u00e9unit des d\u00e9cennies d&rsquo;exp\u00e9rience en atelier et une expertise logicielle de pointe. Des ing\u00e9nieurs qui ont fait tourner des machines. Des d\u00e9veloppeurs qui comprennent le Code G. Des sp\u00e9cialistes de l&rsquo;assistance qui ont r\u00e9solu des probl\u00e8mes de production r\u00e9els. Cet ADN de la fabrication pilote chacune de nos d\u00e9cisions, car nous ne nous contentons pas de cr\u00e9er des logiciels, nous cr\u00e9ons des outils qui permettent aux ateliers de rester comp\u00e9titifs et rentables.    <\/p>\n\n\n\n<p>Nous mesurons notre succ\u00e8s \u00e0 l&rsquo;aune du v\u00f4tre. Lorsque vous atteignez des tol\u00e9rances plus \u00e9troites, r\u00e9duisez les temps de cycle ou basez un travail impossible, c&rsquo;est ce qui nous pousse \u00e0 aller de l&rsquo;avant. <\/p>\n<\/div>\n\n\n\n<div class=\"wp-block-column is-layout-flow wp-block-column-is-layout-flow\" style=\"flex-basis:20rem\"><\/div>\n<\/div>\n\n\n\n<div class=\"wp-block-columns is-style-container is-layout-flex wp-container-core-columns-is-layout-28f84493 wp-block-columns-is-layout-flex\">\n<div class=\"wp-block-column is-layout-flow wp-block-column-is-layout-flow\">\n<h2 class=\"wp-block-heading has-text-align-left\">\u00c9quipe de direction<\/h2>\n\n\n<div class=\"container-fluid is-style-default aligncenter is-style-default wp-block-acf-block-cards\">\n  <div class=\"cards row g-4\">\n                                    <div class=\"col col-12 col-md-6 col-lg-4\">\n  <div class=\"card h-100 card--square card--linked\">\n          \n      <a href=\"http:\/\/www.mastercam.com\/fr\/about-us\/management\/russ-bukowski\/\" aria-hidden=\"true\" tabindex=\"-1\">\n        <div class=\"skeleton-image card-img-top\" style=\"--skeleton-aspect-ratio: 375 \/ 236;\">\n          <img decoding=\"async\" src=\"https:\/\/www.mastercam.com\/wp-content\/uploads\/2024\/02\/RussB1024x1024.jpg\" alt=\"\" loading=\"lazy\" onload=\"this.classList.add('loaded')\" \/>\n        <\/div>\n      <\/a>\n    \n    <div class=\"card-body\">\n      \n      <h3 class=\"card-title\">Russ Bukowski<\/h3>\n\n              <p class=\"card-text\">Pr\u00e9sident<\/p>\n      \n          <\/div>\n\n          \n      <div class=\"card-footer\">\n        <a class=\"btn btn-outline-secondary\" href=\"http:\/\/www.mastercam.com\/fr\/about-us\/management\/russ-bukowski\/\">\n          Lire la bio<span class=\"sr-only\"> about Russ Bukowski<\/span>\n        <\/a>\n      <\/div>\n      <\/div>\n\n  <\/div>\n                                        <div class=\"col col-12 col-md-6 col-lg-4\">\n  <div class=\"card h-100 card--square card--linked\">\n          \n      <a href=\"http:\/\/www.mastercam.com\/fr\/about-us\/management\/karen-gibbs\/\" aria-hidden=\"true\" tabindex=\"-1\">\n        <div class=\"skeleton-image card-img-top\" style=\"--skeleton-aspect-ratio: 375 \/ 236;\">\n          <img decoding=\"async\" src=\"https:\/\/www.mastercam.com\/wp-content\/uploads\/2025\/04\/Gibbs_Karen-1-1024x819.png\" alt=\"\" loading=\"lazy\" onload=\"this.classList.add('loaded')\" \/>\n        <\/div>\n      <\/a>\n    \n    <div class=\"card-body\">\n      \n      <h3 class=\"card-title\">Karen Gibbs<\/h3>\n\n              <p class=\"card-text\">Directeur financier<\/p>\n      \n          <\/div>\n\n          \n      <div class=\"card-footer\">\n        <a class=\"btn btn-outline-secondary\" href=\"http:\/\/www.mastercam.com\/fr\/about-us\/management\/karen-gibbs\/\">\n          Lire la bio<span class=\"sr-only\"> about Karen Gibbs<\/span>\n        <\/a>\n      <\/div>\n      <\/div>\n\n  <\/div>\n                                        <div class=\"col col-12 col-md-6 col-lg-4\">\n  <div class=\"card h-100 card--square card--linked\">\n          \n      <a href=\"http:\/\/www.mastercam.com\/fr\/about-us\/management\/geoff-nevins\/\" aria-hidden=\"true\" tabindex=\"-1\">\n        <div class=\"skeleton-image card-img-top\" style=\"--skeleton-aspect-ratio: 375 \/ 236;\">\n          <img decoding=\"async\" src=\"https:\/\/www.mastercam.com\/wp-content\/uploads\/2024\/02\/GeoffN1024x1024.jpg\" alt=\"\" loading=\"lazy\" onload=\"this.classList.add('loaded')\" \/>\n        <\/div>\n      <\/a>\n    \n    <div class=\"card-body\">\n      \n      <h3 class=\"card-title\">Geoff Nevins<\/h3>\n\n              <p class=\"card-text\">Directeur de l&#039;information<\/p>\n      \n          <\/div>\n\n          \n      <div class=\"card-footer\">\n        <a class=\"btn btn-outline-secondary\" href=\"http:\/\/www.mastercam.com\/fr\/about-us\/management\/geoff-nevins\/\">\n          Lire la bio<span class=\"sr-only\"> about Geoff Nevins<\/span>\n        <\/a>\n      <\/div>\n      <\/div>\n\n  <\/div>\n                                        <div class=\"col col-12 col-md-6 col-lg-4\">\n  <div class=\"card h-100 card--square card--linked\">\n          \n      <a href=\"https:\/\/www.mastercam.com\/fr\/about-us\/management\/nand-shivkumar\/\" aria-hidden=\"true\" tabindex=\"-1\">\n        <div class=\"skeleton-image card-img-top\" style=\"--skeleton-aspect-ratio: 375 \/ 236;\">\n          <img decoding=\"async\" src=\"https:\/\/www.mastercam.com\/wp-content\/uploads\/2024\/10\/Nand_Headshot_Square.jpg\" alt=\"\" loading=\"lazy\" onload=\"this.classList.add('loaded')\" \/>\n        <\/div>\n      <\/a>\n    \n    <div class=\"card-body\">\n      \n      <h3 class=\"card-title\">Nand Shivkumar<\/h3>\n\n              <p class=\"card-text\">Directeur de l&#039;innovation<\/p>\n      \n          <\/div>\n\n          \n      <div class=\"card-footer\">\n        <a class=\"btn btn-outline-secondary\" href=\"https:\/\/www.mastercam.com\/fr\/about-us\/management\/nand-shivkumar\/\">\n          Lire la bio<span class=\"sr-only\"> about Nand Shivkumar<\/span>\n        <\/a>\n      <\/div>\n      <\/div>\n\n  <\/div>\n                                        <div class=\"col col-12 col-md-6 col-lg-4\">\n  <div class=\"card h-100 card--square card--linked\">\n          \n      <a href=\"https:\/\/www.mastercam.com\/fr\/about-us\/management\/nicolas-le-moigne\/\" aria-hidden=\"true\" tabindex=\"-1\">\n        <div class=\"skeleton-image card-img-top\" style=\"--skeleton-aspect-ratio: 375 \/ 236;\">\n          <img decoding=\"async\" src=\"https:\/\/www.mastercam.com\/wp-content\/uploads\/2024\/06\/NicolasLeMoigne-1024x819.jpg\" alt=\"\" loading=\"lazy\" onload=\"this.classList.add('loaded')\" \/>\n        <\/div>\n      <\/a>\n    \n    <div class=\"card-body\">\n      \n      <h3 class=\"card-title\">Nicolas Le Moigne<\/h3>\n\n              <p class=\"card-text\">Directeur des recettes<\/p>\n      \n          <\/div>\n\n          \n      <div class=\"card-footer\">\n        <a class=\"btn btn-outline-secondary\" href=\"https:\/\/www.mastercam.com\/fr\/about-us\/management\/nicolas-le-moigne\/\">\n          Lire la bio<span class=\"sr-only\"> about Nicolas Le Moigne<\/span>\n        <\/a>\n      <\/div>\n      <\/div>\n\n  <\/div>\n                                        <div class=\"col col-12 col-md-6 col-lg-4\">\n  <div class=\"card h-100 card--square card--linked\">\n          \n      <a href=\"https:\/\/www.mastercam.com\/fr\/about-us\/management\/jason-chateauneuf\/\" aria-hidden=\"true\" tabindex=\"-1\">\n        <div class=\"skeleton-image card-img-top\" style=\"--skeleton-aspect-ratio: 375 \/ 236;\">\n          <img decoding=\"async\" src=\"https:\/\/www.mastercam.com\/wp-content\/uploads\/2024\/04\/Chateauneuf_Jason-1024x819.jpg\" alt=\"\" loading=\"lazy\" onload=\"this.classList.add('loaded')\" \/>\n        <\/div>\n      <\/a>\n    \n    <div class=\"card-body\">\n      \n      <h3 class=\"card-title\">Jason Chateauneuf<\/h3>\n\n              <p class=\"card-text\">Vice-pr\u00e9sident et chef des ressources humaines<\/p>\n      \n          <\/div>\n\n          \n      <div class=\"card-footer\">\n        <a class=\"btn btn-outline-secondary\" href=\"https:\/\/www.mastercam.com\/fr\/about-us\/management\/jason-chateauneuf\/\">\n          Lire la bio<span class=\"sr-only\"> about Jason Chateauneuf<\/span>\n        <\/a>\n      <\/div>\n      <\/div>\n\n  <\/div>\n                                        <div class=\"col col-12 col-md-6 col-lg-4\">\n  <div class=\"card h-100 card--square card--linked\">\n          \n      <a href=\"https:\/\/www.mastercam.com\/fr\/about-us\/management\/shannon-lesane\/\" aria-hidden=\"true\" tabindex=\"-1\">\n        <div class=\"skeleton-image card-img-top\" style=\"--skeleton-aspect-ratio: 375 \/ 236;\">\n          <img decoding=\"async\" src=\"https:\/\/www.mastercam.com\/wp-content\/uploads\/2025\/02\/ShannonLesaneHeadshot-1024x1024.jpg\" alt=\"\" loading=\"lazy\" onload=\"this.classList.add('loaded')\" \/>\n        <\/div>\n      <\/a>\n    \n    <div class=\"card-body\">\n      \n      <h3 class=\"card-title\">Shannon Lesane<\/h3>\n\n              <p class=\"card-text\">Vice-pr\u00e9sident de la r\u00e9ussite des clients et de l&#039;ex\u00e9cution des programmes<\/p>\n      \n          <\/div>\n\n          \n      <div class=\"card-footer\">\n        <a class=\"btn btn-outline-secondary\" href=\"https:\/\/www.mastercam.com\/fr\/about-us\/management\/shannon-lesane\/\">\n          Lire la bio<span class=\"sr-only\"> about Shannon Lesane<\/span>\n        <\/a>\n      <\/div>\n      <\/div>\n\n  <\/div>\n                    <\/div>\n<\/div>\n<\/div>\n<\/div>\n<\/div>\n","protected":false},"excerpt":{"rendered":"<p>Depuis 1983, Mastercam est pass\u00e9 du statut de pionnier de la CAO\/FAO \u00e0 celui de [&hellip;]<\/p>\n","protected":false},"author":1,"featured_media":43976,"parent":28798,"menu_order":0,"comment_status":"closed","ping_status":"closed","template":"","meta":{"_acf_changed":false,"footnotes":""},"class_list":["post-28807","page","type-page","status-publish","has-post-thumbnail","hentry"],"acf":[],"yoast_head":"<!-- This site is optimized with the Yoast SEO plugin v27.5 - https:\/\/yoast.com\/product\/yoast-seo-wordpress\/ -->\n<title>\u00c9quipe de direction - mastercam.com<\/title>\n<meta name=\"description\" content=\"Depuis 1983, Mastercam est pass\u00e9 du statut de pionnier de la CAO\/FAO \u00e0 celui de logiciel de FAO le plus utilis\u00e9 au monde. Aujourd&#039;hui, nous sommes l&#039;\u00e9pine\" \/>\n<meta name=\"robots\" content=\"index, follow, max-snippet:-1, max-image-preview:large, max-video-preview:-1\" \/>\n<link rel=\"canonical\" href=\"https:\/\/www.mastercam.com\/fr\/actualites\/a-propos-de-nous\/direction\/\" \/>\n<meta property=\"og:locale\" content=\"fr_FR\" \/>\n<meta property=\"og:type\" content=\"article\" \/>\n<meta property=\"og:title\" content=\"\u00c9quipe de direction - mastercam.com\" \/>\n<meta property=\"og:description\" content=\"Depuis 1983, Mastercam est pass\u00e9 du statut de pionnier de la CAO\/FAO \u00e0 celui de logiciel de FAO le plus utilis\u00e9 au monde. Aujourd&#039;hui, nous sommes l&#039;\u00e9pine\" \/>\n<meta property=\"og:url\" content=\"https:\/\/www.mastercam.com\/fr\/actualites\/a-propos-de-nous\/direction\/\" \/>\n<meta property=\"og:site_name\" content=\"mastercam.com\" \/>\n<meta property=\"article:publisher\" content=\"https:\/\/www.facebook.com\/Mastercam\/\" \/>\n<meta property=\"article:modified_time\" content=\"2025-12-17T19:17:35+00:00\" \/>\n<meta property=\"og:image\" content=\"https:\/\/www.mastercam.com\/wp-content\/uploads\/2024\/02\/drill-wide-photo-1200x675-1.jpg\" \/>\n\t<meta property=\"og:image:width\" content=\"1200\" \/>\n\t<meta property=\"og:image:height\" content=\"675\" \/>\n\t<meta property=\"og:image:type\" content=\"image\/jpeg\" \/>\n<meta name=\"twitter:card\" content=\"summary_large_image\" \/>\n<meta name=\"twitter:site\" content=\"@mastercam\" \/>\n<meta name=\"twitter:label1\" content=\"Est. reading time\" \/>\n\t<meta name=\"twitter:data1\" content=\"1 minute\" \/>\n<script type=\"application\/ld+json\" class=\"yoast-schema-graph\">{\"@context\":\"https:\\\/\\\/schema.org\",\"@graph\":[{\"@type\":\"WebPage\",\"@id\":\"https:\\\/\\\/www.mastercam.com\\\/fr\\\/actualites\\\/a-propos-de-nous\\\/direction\\\/\",\"url\":\"https:\\\/\\\/www.mastercam.com\\\/fr\\\/actualites\\\/a-propos-de-nous\\\/direction\\\/\",\"name\":\"\u00c9quipe de direction - mastercam.com\",\"isPartOf\":{\"@id\":\"https:\\\/\\\/www.mastercam.com\\\/fr\\\/#website\"},\"primaryImageOfPage\":{\"@id\":\"https:\\\/\\\/www.mastercam.com\\\/fr\\\/actualites\\\/a-propos-de-nous\\\/direction\\\/#primaryimage\"},\"image\":{\"@id\":\"https:\\\/\\\/www.mastercam.com\\\/fr\\\/actualites\\\/a-propos-de-nous\\\/direction\\\/#primaryimage\"},\"thumbnailUrl\":\"https:\\\/\\\/www.mastercam.com\\\/wp-content\\\/uploads\\\/2026\\\/02\\\/Mastercam-NEW-Icon-Red-1.png\",\"datePublished\":\"2023-02-01T00:04:23+00:00\",\"dateModified\":\"2025-12-17T19:17:35+00:00\",\"description\":\"Depuis 1983, Mastercam est pass\u00e9 du statut de pionnier de la CAO\\\/FAO \u00e0 celui de logiciel de FAO le plus utilis\u00e9 au monde. Aujourd'hui, nous sommes l'\u00e9pine\",\"breadcrumb\":{\"@id\":\"https:\\\/\\\/www.mastercam.com\\\/fr\\\/actualites\\\/a-propos-de-nous\\\/direction\\\/#breadcrumb\"},\"inLanguage\":\"fr-FR\",\"potentialAction\":[{\"@type\":\"ReadAction\",\"target\":[\"https:\\\/\\\/www.mastercam.com\\\/fr\\\/actualites\\\/a-propos-de-nous\\\/direction\\\/\"]}]},{\"@type\":\"ImageObject\",\"inLanguage\":\"fr-FR\",\"@id\":\"https:\\\/\\\/www.mastercam.com\\\/fr\\\/actualites\\\/a-propos-de-nous\\\/direction\\\/#primaryimage\",\"url\":\"https:\\\/\\\/www.mastercam.com\\\/wp-content\\\/uploads\\\/2026\\\/02\\\/Mastercam-NEW-Icon-Red-1.png\",\"contentUrl\":\"https:\\\/\\\/www.mastercam.com\\\/wp-content\\\/uploads\\\/2026\\\/02\\\/Mastercam-NEW-Icon-Red-1.png\",\"width\":1581,\"height\":1262,\"caption\":\"Mastercam logo mark\"},{\"@type\":\"BreadcrumbList\",\"@id\":\"https:\\\/\\\/www.mastercam.com\\\/fr\\\/actualites\\\/a-propos-de-nous\\\/direction\\\/#breadcrumb\",\"itemListElement\":[{\"@type\":\"ListItem\",\"position\":1,\"name\":\"Home\",\"item\":\"https:\\\/\\\/www.mastercam.com\\\/fr\\\/\"},{\"@type\":\"ListItem\",\"position\":2,\"name\":\"Actualit\u00e9s\",\"item\":\"https:\\\/\\\/www.mastercam.com\\\/fr\\\/actualites\\\/\"},{\"@type\":\"ListItem\",\"position\":3,\"name\":\"A propos de nous\",\"item\":\"https:\\\/\\\/www.mastercam.com\\\/fr\\\/actualites\\\/a-propos-de-nous\\\/\"},{\"@type\":\"ListItem\",\"position\":4,\"name\":\"\u00c9quipe de direction\"}]},{\"@type\":\"WebSite\",\"@id\":\"https:\\\/\\\/www.mastercam.com\\\/fr\\\/#website\",\"url\":\"https:\\\/\\\/www.mastercam.com\\\/fr\\\/\",\"name\":\"Mastercam\",\"description\":\"Creating software and services that solve the world&#039;s manufacturing challenges\",\"publisher\":{\"@id\":\"https:\\\/\\\/www.mastercam.com\\\/fr\\\/#organization\"},\"potentialAction\":[{\"@type\":\"SearchAction\",\"target\":{\"@type\":\"EntryPoint\",\"urlTemplate\":\"https:\\\/\\\/www.mastercam.com\\\/fr\\\/?s={search_term_string}\"},\"query-input\":{\"@type\":\"PropertyValueSpecification\",\"valueRequired\":true,\"valueName\":\"search_term_string\"}}],\"inLanguage\":\"fr-FR\"},{\"@type\":\"Organization\",\"@id\":\"https:\\\/\\\/www.mastercam.com\\\/fr\\\/#organization\",\"name\":\"Mastercam\",\"url\":\"https:\\\/\\\/www.mastercam.com\\\/fr\\\/\",\"logo\":{\"@type\":\"ImageObject\",\"inLanguage\":\"fr-FR\",\"@id\":\"https:\\\/\\\/www.mastercam.com\\\/fr\\\/#\\\/schema\\\/logo\\\/image\\\/\",\"url\":\"https:\\\/\\\/www.mastercam.com\\\/wp-content\\\/uploads\\\/2023\\\/02\\\/MC_logo.svg\",\"contentUrl\":\"https:\\\/\\\/www.mastercam.com\\\/wp-content\\\/uploads\\\/2023\\\/02\\\/MC_logo.svg\",\"width\":230,\"height\":40,\"caption\":\"Mastercam\"},\"image\":{\"@id\":\"https:\\\/\\\/www.mastercam.com\\\/fr\\\/#\\\/schema\\\/logo\\\/image\\\/\"},\"sameAs\":[\"https:\\\/\\\/www.facebook.com\\\/Mastercam\\\/\",\"https:\\\/\\\/x.com\\\/mastercam\",\"https:\\\/\\\/www.linkedin.com\\\/company\\\/mastercam\",\"https:\\\/\\\/www.youtube.com\\\/channel\\\/UChJt5ruSkqnmFH44WsXVZLw\",\"https:\\\/\\\/www.instagram.com\\\/mastercam\\\/\"]}]}<\/script>\n<!-- \/ Yoast SEO plugin. -->","yoast_head_json":{"title":"\u00c9quipe de direction - mastercam.com","description":"Depuis 1983, Mastercam est pass\u00e9 du statut de pionnier de la CAO\/FAO \u00e0 celui de logiciel de FAO le plus utilis\u00e9 au monde. Aujourd'hui, nous sommes l'\u00e9pine","robots":{"index":"index","follow":"follow","max-snippet":"max-snippet:-1","max-image-preview":"max-image-preview:large","max-video-preview":"max-video-preview:-1"},"canonical":"https:\/\/www.mastercam.com\/fr\/actualites\/a-propos-de-nous\/direction\/","og_locale":"fr_FR","og_type":"article","og_title":"\u00c9quipe de direction - mastercam.com","og_description":"Depuis 1983, Mastercam est pass\u00e9 du statut de pionnier de la CAO\/FAO \u00e0 celui de logiciel de FAO le plus utilis\u00e9 au monde. Aujourd'hui, nous sommes l'\u00e9pine","og_url":"https:\/\/www.mastercam.com\/fr\/actualites\/a-propos-de-nous\/direction\/","og_site_name":"mastercam.com","article_publisher":"https:\/\/www.facebook.com\/Mastercam\/","article_modified_time":"2025-12-17T19:17:35+00:00","og_image":[{"width":1200,"height":675,"url":"https:\/\/www.mastercam.com\/wp-content\/uploads\/2024\/02\/drill-wide-photo-1200x675-1.jpg","type":"image\/jpeg"}],"twitter_card":"summary_large_image","twitter_site":"@mastercam","twitter_misc":{"Est. reading time":"1 minute"},"schema":{"@context":"https:\/\/schema.org","@graph":[{"@type":"WebPage","@id":"https:\/\/www.mastercam.com\/fr\/actualites\/a-propos-de-nous\/direction\/","url":"https:\/\/www.mastercam.com\/fr\/actualites\/a-propos-de-nous\/direction\/","name":"\u00c9quipe de direction - mastercam.com","isPartOf":{"@id":"https:\/\/www.mastercam.com\/fr\/#website"},"primaryImageOfPage":{"@id":"https:\/\/www.mastercam.com\/fr\/actualites\/a-propos-de-nous\/direction\/#primaryimage"},"image":{"@id":"https:\/\/www.mastercam.com\/fr\/actualites\/a-propos-de-nous\/direction\/#primaryimage"},"thumbnailUrl":"https:\/\/www.mastercam.com\/wp-content\/uploads\/2026\/02\/Mastercam-NEW-Icon-Red-1.png","datePublished":"2023-02-01T00:04:23+00:00","dateModified":"2025-12-17T19:17:35+00:00","description":"Depuis 1983, Mastercam est pass\u00e9 du statut de pionnier de la CAO\/FAO \u00e0 celui de logiciel de FAO le plus utilis\u00e9 au monde. Aujourd'hui, nous sommes l'\u00e9pine","breadcrumb":{"@id":"https:\/\/www.mastercam.com\/fr\/actualites\/a-propos-de-nous\/direction\/#breadcrumb"},"inLanguage":"fr-FR","potentialAction":[{"@type":"ReadAction","target":["https:\/\/www.mastercam.com\/fr\/actualites\/a-propos-de-nous\/direction\/"]}]},{"@type":"ImageObject","inLanguage":"fr-FR","@id":"https:\/\/www.mastercam.com\/fr\/actualites\/a-propos-de-nous\/direction\/#primaryimage","url":"https:\/\/www.mastercam.com\/wp-content\/uploads\/2026\/02\/Mastercam-NEW-Icon-Red-1.png","contentUrl":"https:\/\/www.mastercam.com\/wp-content\/uploads\/2026\/02\/Mastercam-NEW-Icon-Red-1.png","width":1581,"height":1262,"caption":"Mastercam logo mark"},{"@type":"BreadcrumbList","@id":"https:\/\/www.mastercam.com\/fr\/actualites\/a-propos-de-nous\/direction\/#breadcrumb","itemListElement":[{"@type":"ListItem","position":1,"name":"Home","item":"https:\/\/www.mastercam.com\/fr\/"},{"@type":"ListItem","position":2,"name":"Actualit\u00e9s","item":"https:\/\/www.mastercam.com\/fr\/actualites\/"},{"@type":"ListItem","position":3,"name":"A propos de nous","item":"https:\/\/www.mastercam.com\/fr\/actualites\/a-propos-de-nous\/"},{"@type":"ListItem","position":4,"name":"\u00c9quipe de direction"}]},{"@type":"WebSite","@id":"https:\/\/www.mastercam.com\/fr\/#website","url":"https:\/\/www.mastercam.com\/fr\/","name":"Mastercam","description":"Creating software and services that solve the world&#039;s manufacturing challenges","publisher":{"@id":"https:\/\/www.mastercam.com\/fr\/#organization"},"potentialAction":[{"@type":"SearchAction","target":{"@type":"EntryPoint","urlTemplate":"https:\/\/www.mastercam.com\/fr\/?s={search_term_string}"},"query-input":{"@type":"PropertyValueSpecification","valueRequired":true,"valueName":"search_term_string"}}],"inLanguage":"fr-FR"},{"@type":"Organization","@id":"https:\/\/www.mastercam.com\/fr\/#organization","name":"Mastercam","url":"https:\/\/www.mastercam.com\/fr\/","logo":{"@type":"ImageObject","inLanguage":"fr-FR","@id":"https:\/\/www.mastercam.com\/fr\/#\/schema\/logo\/image\/","url":"https:\/\/www.mastercam.com\/wp-content\/uploads\/2023\/02\/MC_logo.svg","contentUrl":"https:\/\/www.mastercam.com\/wp-content\/uploads\/2023\/02\/MC_logo.svg","width":230,"height":40,"caption":"Mastercam"},"image":{"@id":"https:\/\/www.mastercam.com\/fr\/#\/schema\/logo\/image\/"},"sameAs":["https:\/\/www.facebook.com\/Mastercam\/","https:\/\/x.com\/mastercam","https:\/\/www.linkedin.com\/company\/mastercam","https:\/\/www.youtube.com\/channel\/UChJt5ruSkqnmFH44WsXVZLw","https:\/\/www.instagram.com\/mastercam\/"]}]}},"_links":{"self":[{"href":"https:\/\/www.mastercam.com\/fr\/wp-json\/wp\/v2\/pages\/28807","targetHints":{"allow":["GET"]}}],"collection":[{"href":"https:\/\/www.mastercam.com\/fr\/wp-json\/wp\/v2\/pages"}],"about":[{"href":"https:\/\/www.mastercam.com\/fr\/wp-json\/wp\/v2\/types\/page"}],"author":[{"embeddable":true,"href":"https:\/\/www.mastercam.com\/fr\/wp-json\/wp\/v2\/users\/1"}],"replies":[{"embeddable":true,"href":"https:\/\/www.mastercam.com\/fr\/wp-json\/wp\/v2\/comments?post=28807"}],"version-history":[{"count":0,"href":"https:\/\/www.mastercam.com\/fr\/wp-json\/wp\/v2\/pages\/28807\/revisions"}],"up":[{"embeddable":true,"href":"https:\/\/www.mastercam.com\/fr\/wp-json\/wp\/v2\/pages\/28798"}],"wp:featuredmedia":[{"embeddable":true,"href":"https:\/\/www.mastercam.com\/fr\/wp-json\/wp\/v2\/media\/43976"}],"wp:attachment":[{"href":"https:\/\/www.mastercam.com\/fr\/wp-json\/wp\/v2\/media?parent=28807"}],"curies":[{"name":"wp","href":"https:\/\/api.w.org\/{rel}","templated":true}]}}