{"id":28798,"date":"2023-01-13T18:25:15","date_gmt":"2023-01-13T23:25:15","guid":{"rendered":"https:\/\/www.mastercam.com\/a-propos-de-nous\/"},"modified":"2025-12-17T14:43:44","modified_gmt":"2025-12-17T19:43:44","slug":"a-propos-de-nous","status":"publish","type":"page","link":"https:\/\/www.mastercam.com\/fr\/actualites\/a-propos-de-nous\/","title":{"rendered":"A propos de nous"},"content":{"rendered":"<div class=\"hero__breadcrumbs\">\n    <div class=\"container-fluid\">\n      <div class=\"row\">\n        <div class=\"col\">\n          <nav aria-label=\"breadcrumbs\"><ol class=\"breadcrumb\"><li><a href=\"https:\/\/www.mastercam.com\/fr\/\">Home<\/a><\/li><\/ol><\/nav>\n        <\/div>\n      <\/div>\n    <\/div>\n  <\/div>\n\n<div class=\"hero hero--minimal wp-block-acf-block-hero\">\n  <div class=\"container-fluid\">\n    <div class=\"row align-items-center\">\n      \n      \n      \n      <div class=\"col-12 col-lg-7 order-2 order-lg-2 hero__content-column\">\n        <div class=\"hero__content\">\n                      <h1 class=\"hero__heading\">\n              \n              Mastercam\n            <\/h1>\n          \n          \n          \n          \n          \n                  <\/div>\n      <\/div>\n    <\/div>\n  <\/div>\n<\/div>\n\n<div class=\"wp-block-columns is-style-container is-layout-flex wp-container-core-columns-is-layout-28f84493 wp-block-columns-is-layout-flex\">\n<div class=\"wp-block-column is-layout-flow wp-block-column-is-layout-flow\">\n<h2 class=\"wp-block-heading has-text-align-left\">Notre mission<\/h2>\n\n\n\n<p>Cr\u00e9er des logiciels et des services qui permettent de relever les d\u00e9fis mondiaux en mati\u00e8re de fabrication.<\/p>\n\n\n\n<h2 class=\"wp-block-heading\">Force et stabilit\u00e9<\/h2>\n\n\n\n<figure class=\"wp-block-image alignright size-full is-resized is-style-default\"><img loading=\"lazy\" decoding=\"async\" width=\"525\" height=\"350\" src=\"https:\/\/www.mastercam.com\/wp-content\/uploads\/2023\/10\/Building.jpg\" alt=\"Ext&#xE9;rieur du b&#xE2;timent\" class=\"wp-image-20588\" style=\"width:651px;height:auto\" srcset=\"https:\/\/www.mastercam.com\/wp-content\/uploads\/2023\/10\/Building.jpg 525w, https:\/\/www.mastercam.com\/wp-content\/uploads\/2023\/10\/Building-300x200.jpg 300w, https:\/\/www.mastercam.com\/wp-content\/uploads\/2023\/10\/Building-112x75.jpg 112w, https:\/\/www.mastercam.com\/wp-content\/uploads\/2023\/10\/Building-224x149.jpg 224w\" sizes=\"auto, (max-width: 525px) 100vw, 525px\" \/><\/figure>\n\n\n\n<p>Depuis plus de 40 ans, Mastercam alimente les fabricants les plus exigeants du monde. Nous construisons notre logiciel l\u00e0 o\u00f9 c&rsquo;est important &#8211; dans les ateliers, dans les d\u00e9partements de programmation, et aux c\u00f4t\u00e9s des personnes qui l&rsquo;utilisent chaque jour. <\/p>\n\n\n\n<p>Notre approche est simple : combiner une technologie de pointe avec une expertise de fabrication r\u00e9elle. Nous ne nous contentons pas de d\u00e9velopper des fonctionnalit\u00e9s isol\u00e9ment &#8211; nous r\u00e9solvons les d\u00e9fis de production r\u00e9els auxquels nos clients sont confront\u00e9s. Ce lien direct avec la r\u00e9alit\u00e9 de la fabrication est la raison pour laquelle plus de 450 000 installations dans le monde font confiance \u00e0 Mastercam pour piloter leurs op\u00e9rations, de l&rsquo;a\u00e9rospatiale \u00e0 l&rsquo;automobile en passant par la fabrication de moules et bien plus encore.  <\/p>\n\n\n\n<p>Nous gardons une longueur d&rsquo;avance en restant connect\u00e9s. Chaque mise \u00e0 jour, chaque fonctionnalit\u00e9, chaque innovation est le fruit d&rsquo;une \u00e9coute attentive de ce dont vous avez besoin pour r\u00e9ussir. Parce que les meilleurs logiciels de CAO\/FAO ne sont pas con\u00e7us dans les salles de conf\u00e9rence, mais pour les personnes qui fabriquent les produits.  <\/p>\n\n\n\n<h2 class=\"wp-block-heading\">Port\u00e9e du march\u00e9<\/h2>\n\n\n\n<p>Mastercam fournit des solutions aux concepteurs et aux programmeurs CNC du monde entier, dans un \u00e9ventail d&rsquo;applications comprenant le d\u00e9fon\u00e7age, le fraisage et le tournage en 2 et 5 axes, l&rsquo;\u00e9lectro\u00e9rosion par fil en 2 et 4 axes, la conception et le dessin en 2D et 3D, la mod\u00e9lisation des surfaces et des solides, le relief artistique et le Fraisage-Tournage. Les clients vont de l&rsquo;atelier unipersonnel au fabricant Fortune 100. Avec Mastercam, le logiciel utilis\u00e9 par des soci\u00e9t\u00e9s telles que Boeing, IBM et Sikorsky reste suffisamment abordable pour les petits ateliers. Pour assurer un approvisionnement continu en programmeurs et machinistes qualifi\u00e9s, Mastercam est disponible pour les \u00e9tablissements d&rsquo;enseignement avec des remises importantes.   <\/p>\n\n\n\n<p>Alors que notre produit phare continue de se d\u00e9velopper et de s&rsquo;\u00e9tendre \u00e0 de nouveaux march\u00e9s et \u00e0 de nouvelles technologies, l&rsquo;entreprise reste centr\u00e9e sur ses clients. Mastercam s&rsquo;engage \u00e0 fournir des solutions qui permettent une plus grande productivit\u00e9 et une plus grande pr\u00e9cision pour les besoins vari\u00e9s de la fabrication.<\/p>\n\n\n<div class=\"container-fluid align wp-block-acf-block-icon-ctas\">\n  \n      <div class=\"row icon-ctas\">\n              \n                  <div class=\"icon-ctas__item col-12 col-md-6 icon-ctas__item--horizontal\">\n            <div class=\"card h-100\">\n\n              \n              \n              <div class=\"card-content\">\n                \n                <div class=\"card-title h3\">\n                  Gestion de l&#039;environnement\n                <\/div>\n\n                \n                                  <div class=\"card-text lead\">\n                    <p>Chez Mastercam, l&rsquo;\u00e9cologie ne consiste pas seulement \u00e0 r\u00e9duire l&#8217;empreinte carbone de l&rsquo;entreprise, mais aussi \u00e0 adopter des m\u00e9thodes de vie durables qui pr\u00e9servent l&rsquo;environnement. L&rsquo;accent est mis sur l&rsquo;utilisation de produits et d&rsquo;\u00e9nergies propres et renouvelables.<\/p>\n\n                  <\/div>\n                \n                \n                                  <div class=\"card-footer\">\n                    <a href=\"http:\/\/www.mastercam.com\/fr\/about-us\/green-initiative\/\" class=\"btn btn-outline-secondary mb-5 mb-lg-0\" target=\"\">\n                      En savoir plus sur l&#039;initiative verte\n                    <\/a>\n                  <\/div>\n                              <\/div>\n\n            <\/div>\n          <\/div>\n                      \n                  <div class=\"icon-ctas__item col-12 col-md-6 icon-ctas__item--horizontal\">\n            <div class=\"card h-100\">\n\n              \n              \n              <div class=\"card-content\">\n                \n                <div class=\"card-title h3\">\n                  \u00c9quipe de direction\n                <\/div>\n\n                \n                                  <div class=\"card-text lead\">\n                    <p>L&rsquo;entreprise est dirig\u00e9e par une \u00e9quipe de gestion compos\u00e9e de membres ayant une longue exp\u00e9rience dans les domaines de la technologie et de la fabrication. Les dirigeants de Mastercam ont la capacit\u00e9 de r\u00e9pondre directement aux besoins de l&rsquo;industrie et des utilisateurs de Mastercam. L&rsquo;\u00e9quipe plaide pour que l&rsquo;entreprise dans son ensemble continue \u00e0 se concentrer sur la cr\u00e9ation de solutions pour relever les d\u00e9fis mondiaux en mati\u00e8re de fabrication.<\/p>\n\n                  <\/div>\n                \n                \n                                  <div class=\"card-footer\">\n                    <a href=\"http:\/\/www.mastercam.com\/fr\/about-us\/management\/\" class=\"btn btn-outline-secondary mb-5 mb-lg-0\" target=\"\">\n                      Rencontrez l&#039;\u00e9quipe de direction\n                    <\/a>\n                  <\/div>\n                              <\/div>\n\n            <\/div>\n          <\/div>\n                      \n                  <div class=\"icon-ctas__item col-12 col-md-6 icon-ctas__item--horizontal\">\n            <div class=\"card h-100\">\n\n              \n              \n              <div class=\"card-content\">\n                \n                <div class=\"card-title h3\">\n                  Cr\u00e9er des opportunit\u00e9s gr\u00e2ce aux connexions\n                <\/div>\n\n                \n                                  <div class=\"card-text lead\">\n                    <p>L&rsquo;introduction, l&rsquo;acc\u00e8s et l&rsquo;exposition sont quelques-uns des meilleurs moyens d&rsquo;introduire la diversit\u00e9 dans nos industries. Nous aimons avoir l&rsquo;occasion d&rsquo;entrer en contact avec nos communaut\u00e9s, localement et dans le monde entier. <\/p>\n\n                  <\/div>\n                \n                \n                                  <div class=\"card-footer\">\n                    <a href=\"https:\/\/www.mastercam.com\/fr\/about-us\/diversity-equity-and-inclusion\/\" class=\"btn btn-outline-secondary mb-5 mb-lg-0\" target=\"\">\n                      Initiatives en mati\u00e8re de diversit\u00e9, d&#039;\u00e9quit\u00e9 et d&#039;inclusion\n                    <\/a>\n                  <\/div>\n                              <\/div>\n\n            <\/div>\n          <\/div>\n                      \n                  <div class=\"icon-ctas__item col-12 col-md-6 icon-ctas__item--horizontal\">\n            <div class=\"card h-100\">\n\n              \n              \n              <div class=\"card-content\">\n                \n                <div class=\"card-title h3\">\n                  Possibilit\u00e9s d&#039;emploi\n                <\/div>\n\n                \n                                  <div class=\"card-text lead\">\n                    <p>Rejoignez l&rsquo;\u00e9quipe qui con\u00e7oit le logiciel de FAO le plus utilis\u00e9 au monde.<\/p>\n\n                  <\/div>\n                \n                \n                                  <div class=\"card-footer\">\n                    <a href=\"http:\/\/www.mastercam.com\/fr\/about-us\/careers\/\" class=\"btn btn-outline-secondary mb-5 mb-lg-0\" target=\"\">\n                      Carri\u00e8res chez Mastercam\n                    <\/a>\n                  <\/div>\n                              <\/div>\n\n            <\/div>\n          <\/div>\n                  <\/div>\n  <\/div>\n<\/div>\n<\/div>\n\n<div class=\"wp-block-group is-style-dark-bg is-layout-constrained wp-block-group-is-layout-constrained\" style=\"padding-top:var(--wp--preset--spacing--7);padding-bottom:var(--wp--preset--spacing--7)\"><div class=\"container-fluid aligncenter wp-block-acf-block-case-studies\">\n  <div id=\"case-studies\" class=\"row\">\n    <div class=\"col-12 col-md-8\">\n      <h2>Success Stories<\/h2>\n          <\/div>\n    <div class=\"col-12 col-md-4 mt-5 mt-md-0 text-md-end\">\n      <a href=\"https:\/\/www.mastercam.com\/fr\/success-stories\/\" class=\"btn btn-outline-secondary btn-view-all\">View all<\/a>\n    <\/div>\n  <\/div>\n  <div class=\"cards mt-5\">\n          \n              <div class=\"col col-12 col-md-6 col-lg-6\">\n  <div class=\"card h-100 case-studies\">\n          <img decoding=\"async\" src=\"https:\/\/www.mastercam.com\/wp-content\/uploads\/2023\/04\/HoistdrumMachine-1024x356.jpeg\" class=\"card-img-top\" alt=\"3D-Machine, Inc.\" loading=\"lazy\" \/>\n    \n    <div class=\"card-body\">\n              <span class=\"card-category card-category--static\">Success Stories<\/span>\n      \n      <h3 class=\"card-title\">3D-Machine, Inc.<\/h3>\n\n              <p class=\"card-text\">Before using Mastercam Lathe Custom Thread toolpath, producing a hoist drum\u2014including machine set up, tooling, and machining\u2014took at least 40 hours. With the CAM toolpath, 3D-Machine, Inc. produced the part in just seven hours.<\/p>\n      \n          <\/div>\n\n          \n      <div class=\"card-footer\">\n        <a class=\"btn btn-outline-secondary stretched-link\" href=\"https:\/\/www.mastercam.com\/fr\/success-stories\/3d-machine-inc\/\">\n          Read more<span class=\"sr-only\"> about 3D-Machine, Inc.<\/span>\n        <\/a>\n      <\/div>\n      <\/div>\n\n  <\/div>\n                \n              <div class=\"col col-12 col-md-6 col-lg-6\">\n  <div class=\"card h-100 case-studies\">\n          <img decoding=\"async\" src=\"https:\/\/www.mastercam.com\/wp-content\/uploads\/2023\/04\/HiTechWireEDM-1024x356.jpeg\" class=\"card-img-top\" alt=\"Entreprise d&amp;rsquo;usinage Hi-Tech\" loading=\"lazy\" \/>\n    \n    <div class=\"card-body\">\n              <span class=\"card-category card-category--static\">Success Stories<\/span>\n      \n      <h3 class=\"card-title\">Entreprise d&rsquo;usinage Hi-Tech<\/h3>\n\n              <p class=\"card-text\">La soci\u00e9t\u00e9 Hi-Tech Machining Company de Spartanburg, en Caroline du Sud, a parcouru un long chemin depuis ses d\u00e9buts dans l&#039;arri\u00e8re-cour de Robert Fowler en 1987. Devenue une force pilote dans l&#039;industrie manufacturi\u00e8re, Hi-Tech est sp\u00e9cialis\u00e9e dans la conception, l&#039;usinage et la r\u00e9paration de moules et de pi\u00e8ces sur mesure pour une grande vari\u00e9t\u00e9 de\u2026<\/p>\n      \n          <\/div>\n\n          \n      <div class=\"card-footer\">\n        <a class=\"btn btn-outline-secondary stretched-link\" href=\"https:\/\/www.mastercam.com\/fr\/success-stories\/entreprise-dusinage-hi-tech\/\">\n          Read more<span class=\"sr-only\"> about Entreprise d&amp;rsquo;usinage Hi-Tech<\/span>\n        <\/a>\n      <\/div>\n      <\/div>\n\n  <\/div>\n            <\/div>\n<\/div>\n<\/div>\n\n<div class=\"wp-block-group is-style-light-gray-bg is-layout-constrained wp-block-group-is-layout-constrained\" style=\"padding-top:var(--wp--preset--spacing--7);padding-bottom:var(--wp--preset--spacing--7)\"><div class=\"container-fluid align wp-block-acf-block-media-object\">\n  <div class=\"row\">\n    <div class=\"col\">\n      <div class=\"d-flex flex-column flex-lg-row media-object media-object--shaded\">\n        <div class=\"flex-shrink-0 media-object__image order-1 \">\n                                    \n              <a href=\"https:\/\/health1.meritain.com\/app\/public\/#\/one\/insurerCode=MERITAIN_I&#038;brandCode=MERITAINOVER\/machine-readable-transparency-in-coverage?reportingEntityType=TPA_15891&#038;lock=true\" tabindex=\"-1\" target=\"_blank\" rel=\"noopener noreferrer\" >\n                <img decoding=\"async\" src=\"https:\/\/www.mastercam.com\/wp-content\/uploads\/2023\/01\/Rectangle-2.jpg\" alt=\"man wearing a headset typing on a desktop computer\" loading=\"lazy\">\n              <\/a>\n                              <\/div>\n        <div class=\"media-object__body flex-grow-1 d-lg-flex flex-column order-2 justify-content-lg-center\">\n                                <h2 class=\"media-object__header h3\">Transparence de la couverture<\/h2>\n                                <div class=\"media-object__content\">\n              <p>Ce lien m\u00e8ne aux fichiers lisibles par machine qui sont mis \u00e0 disposition en r\u00e9ponse \u00e0 la r\u00e8gle f\u00e9d\u00e9rale sur la transparence de la couverture et comprend les taux de service n\u00e9goci\u00e9s et les montants autoris\u00e9s hors r\u00e9seau entre les plans de sant\u00e9 et les fournisseurs de soins de sant\u00e9. Les fichiers lisibles par machine sont format\u00e9s pour permettre aux chercheurs, aux r\u00e9gulateurs et aux d\u00e9veloppeurs d&rsquo;applications d&rsquo;acc\u00e9der aux donn\u00e9es et de les analyser plus facilement. <\/p>\n\n            <\/div>\n                                <div class=\"media-object__cta\">\n              <a href=\"https:\/\/health1.meritain.com\/app\/public\/#\/one\/insurerCode=MERITAIN_I&#038;brandCode=MERITAINOVER\/machine-readable-transparency-in-coverage?reportingEntityType=TPA_15891&#038;lock=true\" class=\"btn btn-outline-secondary\" target=\"_blank\" rel=\"noopener noreferrer\" >En savoir plus sur la transparence de la couverture<\/a>\n            <\/div>\n                  <\/div>\n      <\/div>\n    <\/div>\n  <\/div>\n<\/div>\n<\/div>\n","protected":false},"excerpt":{"rendered":"<p>Notre mission Cr\u00e9er des logiciels et des services qui permettent de relever les d\u00e9fis mondiaux [&hellip;]<\/p>\n","protected":false},"author":1,"featured_media":0,"parent":34771,"menu_order":0,"comment_status":"closed","ping_status":"closed","template":"","meta":{"_acf_changed":false,"footnotes":""},"class_list":["post-28798","page","type-page","status-publish","hentry"],"acf":[],"yoast_head":"<!-- This site is optimized with the Yoast SEO plugin v27.3 - https:\/\/yoast.com\/product\/yoast-seo-wordpress\/ -->\n<title>A propos de nous | Mastercam<\/title>\n<meta name=\"description\" content=\"Mastercam s&#039;efforce de cr\u00e9er des logiciels et des services qui permettent de r\u00e9soudre les probl\u00e8mes de fabrication dans le monde. Cliquez pour en savoir plus sur ce que nous faisons.\" \/>\n<meta name=\"robots\" content=\"index, follow, max-snippet:-1, max-image-preview:large, max-video-preview:-1\" \/>\n<link rel=\"canonical\" href=\"https:\/\/www.mastercam.com\/fr\/actualites\/a-propos-de-nous\/\" \/>\n<meta property=\"og:locale\" content=\"fr_FR\" \/>\n<meta property=\"og:type\" content=\"article\" \/>\n<meta property=\"og:title\" content=\"A propos de nous | Mastercam\" \/>\n<meta property=\"og:description\" content=\"Mastercam s&#039;efforce de cr\u00e9er des logiciels et des services qui permettent de r\u00e9soudre les probl\u00e8mes de fabrication dans le monde. Cliquez pour en savoir plus sur ce que nous faisons.\" \/>\n<meta property=\"og:url\" content=\"https:\/\/www.mastercam.com\/fr\/actualites\/a-propos-de-nous\/\" \/>\n<meta property=\"og:site_name\" content=\"mastercam.com\" \/>\n<meta property=\"article:publisher\" content=\"https:\/\/www.facebook.com\/Mastercam\/\" \/>\n<meta property=\"article:modified_time\" content=\"2025-12-17T19:43:44+00:00\" \/>\n<meta property=\"og:image\" content=\"https:\/\/www.mastercam.com\/wp-content\/uploads\/2023\/10\/Building.jpg\" \/>\n<meta name=\"twitter:card\" content=\"summary_large_image\" \/>\n<meta name=\"twitter:site\" content=\"@mastercam\" \/>\n<meta name=\"twitter:label1\" content=\"Est. reading time\" \/>\n\t<meta name=\"twitter:data1\" content=\"2 minutes\" \/>\n<script type=\"application\/ld+json\" class=\"yoast-schema-graph\">{\"@context\":\"https:\\\/\\\/schema.org\",\"@graph\":[{\"@type\":\"WebPage\",\"@id\":\"https:\\\/\\\/www.mastercam.com\\\/fr\\\/actualites\\\/a-propos-de-nous\\\/\",\"url\":\"https:\\\/\\\/www.mastercam.com\\\/fr\\\/actualites\\\/a-propos-de-nous\\\/\",\"name\":\"A propos de nous | Mastercam\",\"isPartOf\":{\"@id\":\"https:\\\/\\\/www.mastercam.com\\\/fr\\\/#website\"},\"primaryImageOfPage\":{\"@id\":\"https:\\\/\\\/www.mastercam.com\\\/fr\\\/actualites\\\/a-propos-de-nous\\\/#primaryimage\"},\"image\":{\"@id\":\"https:\\\/\\\/www.mastercam.com\\\/fr\\\/actualites\\\/a-propos-de-nous\\\/#primaryimage\"},\"thumbnailUrl\":\"https:\\\/\\\/www.mastercam.com\\\/wp-content\\\/uploads\\\/2023\\\/10\\\/Building.jpg\",\"datePublished\":\"2023-01-13T23:25:15+00:00\",\"dateModified\":\"2025-12-17T19:43:44+00:00\",\"description\":\"Mastercam s'efforce de cr\u00e9er des logiciels et des services qui permettent de r\u00e9soudre les probl\u00e8mes de fabrication dans le monde. Cliquez pour en savoir plus sur ce que nous faisons.\",\"breadcrumb\":{\"@id\":\"https:\\\/\\\/www.mastercam.com\\\/fr\\\/actualites\\\/a-propos-de-nous\\\/#breadcrumb\"},\"inLanguage\":\"fr-FR\",\"potentialAction\":[{\"@type\":\"ReadAction\",\"target\":[\"https:\\\/\\\/www.mastercam.com\\\/fr\\\/actualites\\\/a-propos-de-nous\\\/\"]}]},{\"@type\":\"ImageObject\",\"inLanguage\":\"fr-FR\",\"@id\":\"https:\\\/\\\/www.mastercam.com\\\/fr\\\/actualites\\\/a-propos-de-nous\\\/#primaryimage\",\"url\":\"https:\\\/\\\/www.mastercam.com\\\/wp-content\\\/uploads\\\/2023\\\/10\\\/Building.jpg\",\"contentUrl\":\"https:\\\/\\\/www.mastercam.com\\\/wp-content\\\/uploads\\\/2023\\\/10\\\/Building.jpg\"},{\"@type\":\"BreadcrumbList\",\"@id\":\"https:\\\/\\\/www.mastercam.com\\\/fr\\\/actualites\\\/a-propos-de-nous\\\/#breadcrumb\",\"itemListElement\":[{\"@type\":\"ListItem\",\"position\":1,\"name\":\"Home\",\"item\":\"https:\\\/\\\/www.mastercam.com\\\/fr\\\/\"},{\"@type\":\"ListItem\",\"position\":2,\"name\":\"Actualit\u00e9s\",\"item\":\"https:\\\/\\\/www.mastercam.com\\\/fr\\\/actualites\\\/\"},{\"@type\":\"ListItem\",\"position\":3,\"name\":\"A propos de nous\"}]},{\"@type\":\"WebSite\",\"@id\":\"https:\\\/\\\/www.mastercam.com\\\/fr\\\/#website\",\"url\":\"https:\\\/\\\/www.mastercam.com\\\/fr\\\/\",\"name\":\"Mastercam\",\"description\":\"Creating software and services that solve the world&#039;s manufacturing challenges\",\"publisher\":{\"@id\":\"https:\\\/\\\/www.mastercam.com\\\/fr\\\/#organization\"},\"potentialAction\":[{\"@type\":\"SearchAction\",\"target\":{\"@type\":\"EntryPoint\",\"urlTemplate\":\"https:\\\/\\\/www.mastercam.com\\\/fr\\\/?s={search_term_string}\"},\"query-input\":{\"@type\":\"PropertyValueSpecification\",\"valueRequired\":true,\"valueName\":\"search_term_string\"}}],\"inLanguage\":\"fr-FR\"},{\"@type\":\"Organization\",\"@id\":\"https:\\\/\\\/www.mastercam.com\\\/fr\\\/#organization\",\"name\":\"Mastercam\",\"url\":\"https:\\\/\\\/www.mastercam.com\\\/fr\\\/\",\"logo\":{\"@type\":\"ImageObject\",\"inLanguage\":\"fr-FR\",\"@id\":\"https:\\\/\\\/www.mastercam.com\\\/fr\\\/#\\\/schema\\\/logo\\\/image\\\/\",\"url\":\"https:\\\/\\\/www.mastercam.com\\\/wp-content\\\/uploads\\\/2023\\\/02\\\/MC_logo.svg\",\"contentUrl\":\"https:\\\/\\\/www.mastercam.com\\\/wp-content\\\/uploads\\\/2023\\\/02\\\/MC_logo.svg\",\"width\":230,\"height\":40,\"caption\":\"Mastercam\"},\"image\":{\"@id\":\"https:\\\/\\\/www.mastercam.com\\\/fr\\\/#\\\/schema\\\/logo\\\/image\\\/\"},\"sameAs\":[\"https:\\\/\\\/www.facebook.com\\\/Mastercam\\\/\",\"https:\\\/\\\/x.com\\\/mastercam\",\"https:\\\/\\\/www.linkedin.com\\\/company\\\/mastercam\",\"https:\\\/\\\/www.youtube.com\\\/channel\\\/UChJt5ruSkqnmFH44WsXVZLw\",\"https:\\\/\\\/www.instagram.com\\\/mastercam\\\/\"]}]}<\/script>\n<!-- \/ Yoast SEO plugin. -->","yoast_head_json":{"title":"A propos de nous | Mastercam","description":"Mastercam s'efforce de cr\u00e9er des logiciels et des services qui permettent de r\u00e9soudre les probl\u00e8mes de fabrication dans le monde. Cliquez pour en savoir plus sur ce que nous faisons.","robots":{"index":"index","follow":"follow","max-snippet":"max-snippet:-1","max-image-preview":"max-image-preview:large","max-video-preview":"max-video-preview:-1"},"canonical":"https:\/\/www.mastercam.com\/fr\/actualites\/a-propos-de-nous\/","og_locale":"fr_FR","og_type":"article","og_title":"A propos de nous | Mastercam","og_description":"Mastercam s'efforce de cr\u00e9er des logiciels et des services qui permettent de r\u00e9soudre les probl\u00e8mes de fabrication dans le monde. Cliquez pour en savoir plus sur ce que nous faisons.","og_url":"https:\/\/www.mastercam.com\/fr\/actualites\/a-propos-de-nous\/","og_site_name":"mastercam.com","article_publisher":"https:\/\/www.facebook.com\/Mastercam\/","article_modified_time":"2025-12-17T19:43:44+00:00","og_image":[{"url":"https:\/\/www.mastercam.com\/wp-content\/uploads\/2023\/10\/Building.jpg","type":"","width":"","height":""}],"twitter_card":"summary_large_image","twitter_site":"@mastercam","twitter_misc":{"Est. reading time":"2 minutes"},"schema":{"@context":"https:\/\/schema.org","@graph":[{"@type":"WebPage","@id":"https:\/\/www.mastercam.com\/fr\/actualites\/a-propos-de-nous\/","url":"https:\/\/www.mastercam.com\/fr\/actualites\/a-propos-de-nous\/","name":"A propos de nous | Mastercam","isPartOf":{"@id":"https:\/\/www.mastercam.com\/fr\/#website"},"primaryImageOfPage":{"@id":"https:\/\/www.mastercam.com\/fr\/actualites\/a-propos-de-nous\/#primaryimage"},"image":{"@id":"https:\/\/www.mastercam.com\/fr\/actualites\/a-propos-de-nous\/#primaryimage"},"thumbnailUrl":"https:\/\/www.mastercam.com\/wp-content\/uploads\/2023\/10\/Building.jpg","datePublished":"2023-01-13T23:25:15+00:00","dateModified":"2025-12-17T19:43:44+00:00","description":"Mastercam s'efforce de cr\u00e9er des logiciels et des services qui permettent de r\u00e9soudre les probl\u00e8mes de fabrication dans le monde. Cliquez pour en savoir plus sur ce que nous faisons.","breadcrumb":{"@id":"https:\/\/www.mastercam.com\/fr\/actualites\/a-propos-de-nous\/#breadcrumb"},"inLanguage":"fr-FR","potentialAction":[{"@type":"ReadAction","target":["https:\/\/www.mastercam.com\/fr\/actualites\/a-propos-de-nous\/"]}]},{"@type":"ImageObject","inLanguage":"fr-FR","@id":"https:\/\/www.mastercam.com\/fr\/actualites\/a-propos-de-nous\/#primaryimage","url":"https:\/\/www.mastercam.com\/wp-content\/uploads\/2023\/10\/Building.jpg","contentUrl":"https:\/\/www.mastercam.com\/wp-content\/uploads\/2023\/10\/Building.jpg"},{"@type":"BreadcrumbList","@id":"https:\/\/www.mastercam.com\/fr\/actualites\/a-propos-de-nous\/#breadcrumb","itemListElement":[{"@type":"ListItem","position":1,"name":"Home","item":"https:\/\/www.mastercam.com\/fr\/"},{"@type":"ListItem","position":2,"name":"Actualit\u00e9s","item":"https:\/\/www.mastercam.com\/fr\/actualites\/"},{"@type":"ListItem","position":3,"name":"A propos de nous"}]},{"@type":"WebSite","@id":"https:\/\/www.mastercam.com\/fr\/#website","url":"https:\/\/www.mastercam.com\/fr\/","name":"Mastercam","description":"Creating software and services that solve the world&#039;s manufacturing challenges","publisher":{"@id":"https:\/\/www.mastercam.com\/fr\/#organization"},"potentialAction":[{"@type":"SearchAction","target":{"@type":"EntryPoint","urlTemplate":"https:\/\/www.mastercam.com\/fr\/?s={search_term_string}"},"query-input":{"@type":"PropertyValueSpecification","valueRequired":true,"valueName":"search_term_string"}}],"inLanguage":"fr-FR"},{"@type":"Organization","@id":"https:\/\/www.mastercam.com\/fr\/#organization","name":"Mastercam","url":"https:\/\/www.mastercam.com\/fr\/","logo":{"@type":"ImageObject","inLanguage":"fr-FR","@id":"https:\/\/www.mastercam.com\/fr\/#\/schema\/logo\/image\/","url":"https:\/\/www.mastercam.com\/wp-content\/uploads\/2023\/02\/MC_logo.svg","contentUrl":"https:\/\/www.mastercam.com\/wp-content\/uploads\/2023\/02\/MC_logo.svg","width":230,"height":40,"caption":"Mastercam"},"image":{"@id":"https:\/\/www.mastercam.com\/fr\/#\/schema\/logo\/image\/"},"sameAs":["https:\/\/www.facebook.com\/Mastercam\/","https:\/\/x.com\/mastercam","https:\/\/www.linkedin.com\/company\/mastercam","https:\/\/www.youtube.com\/channel\/UChJt5ruSkqnmFH44WsXVZLw","https:\/\/www.instagram.com\/mastercam\/"]}]}},"_links":{"self":[{"href":"https:\/\/www.mastercam.com\/fr\/wp-json\/wp\/v2\/pages\/28798","targetHints":{"allow":["GET"]}}],"collection":[{"href":"https:\/\/www.mastercam.com\/fr\/wp-json\/wp\/v2\/pages"}],"about":[{"href":"https:\/\/www.mastercam.com\/fr\/wp-json\/wp\/v2\/types\/page"}],"author":[{"embeddable":true,"href":"https:\/\/www.mastercam.com\/fr\/wp-json\/wp\/v2\/users\/1"}],"replies":[{"embeddable":true,"href":"https:\/\/www.mastercam.com\/fr\/wp-json\/wp\/v2\/comments?post=28798"}],"version-history":[{"count":0,"href":"https:\/\/www.mastercam.com\/fr\/wp-json\/wp\/v2\/pages\/28798\/revisions"}],"up":[{"embeddable":true,"href":"https:\/\/www.mastercam.com\/fr\/wp-json\/wp\/v2\/pages\/34771"}],"wp:attachment":[{"href":"https:\/\/www.mastercam.com\/fr\/wp-json\/wp\/v2\/media?parent=28798"}],"curies":[{"name":"wp","href":"https:\/\/api.w.org\/{rel}","templated":true}]}}